{"id":17839,"date":"2018-01-18T22:06:25","date_gmt":"2018-01-19T06:06:25","guid":{"rendered":"https:\/\/kinsta.com\/?page_id=17839"},"modified":"2025-01-07T13:45:07","modified_gmt":"2025-01-07T12:45:07","slug":"wordpress-marktanteil","status":"publish","type":"page","link":"https:\/\/kinsta.com\/de\/wordpress-marktanteil\/","title":{"rendered":"WordPress Marktanteilsstatistik (2011-2026)"},"content":{"rendered":"\n<header class=\"wp-block-kinsta-hero-title is-style-center-screenshot alignfull\"><div class=\"wp-block-kinsta-hero-title__inner\">\n<div class=\"wp-block-kinsta-columns is-vertical-center\">\n<div class=\"wp-block-kinsta-column wp-block-kinsta-columns__column\">\n<div class=\"wp-block-kinsta-hero-title-content wp-block-kinsta-hero-title__content\"><h1 class=\"wp-block-kinsta-hero-title__title\"><span class=\"wp-block-kinsta-hero-title__title__text\">WordPress Marktanteilsstatistik (2011-2026)<\/span><\/h1>\n<p>Wenn du eine Website erstellen m\u00f6chtest, wirst du wahrscheinlich auf viele Diskussionen \u00fcber verschiedene Content-Management-Systeme sto\u00dfen, darunter auch WordPress. Du fragst dich vielleicht, wie gro\u00df der Marktanteil dieser Plattform ist. Und wie sie im Vergleich zu ihren verschiedenen Konkurrenten abschneidet?<\/p>\n\n\n\n<div class=\"wp-block-kinsta-buttons alignleft\">\n\n<\/div>\n<\/div>\n<\/div>\n\n\n\n<div class=\"wp-block-kinsta-column wp-block-kinsta-columns__column\">\n<div class=\"wp-block-kinsta-hero-title-secondary wp-block-kinsta-hero-title__secondary\"><\/div>\n<\/div>\n<\/div>\n<\/div><\/header>\n\n\n\n<div class=\"wp-block-group has-gray-background-color has-background is-layout-constrained wp-block-group-is-layout-constrained\">\n<h2 class=\"wp-block-heading\" id=\"h-spoiler-alarm-die-antworten-lauten-wie-folgt\">Spoiler-Alarm &#8211; die Antworten lauten wie folgt:<\/h2>\n\n\n\n<ul class=\"is-style-check-list wp-block-list\">\n<li><strong>WordPress ist das beliebteste Content Management System der Welt<\/strong>, beliebter geht also nicht.<\/li>\n\n\n\n<li>WordPress dominiert auch andere M\u00e4rkte wie E-Commerce, es ist also definitiv nicht nur zum Bloggen geeignet.<\/li>\n<\/ul>\n\n\n\n<p>Und um dir zu zeigen, woher diese Schlussfolgerungen stammen, haben wir einige verbl\u00fcffende Statistiken \u00fcber den Marktanteil von WordPress und den Marktanteil von zwei der beliebtesten E-Commerce-Plugins f\u00fcr WordPress &#8211; WooCommerce und Easy Digital Downloads &#8211; zusammengestellt.<\/p>\n<\/div>\n\n\n\n<div class=\"wp-block-group has-white-background-color has-background is-layout-constrained wp-block-group-is-layout-constrained\">\n<h2 class=\"wp-block-heading\" id=\"h-der-marktanteil-von-wordpress-betr-gt-wp-market-share-aller-websites\">Der Marktanteil von WordPress betr\u00e4gt 43,5% aller Websites<\/h2>\n\n\n\n<p><strong>WordPress betreibt <a href=\"https:\/\/w3techs.com\/technologies\/details\/cm-wordpress\/all\/all\">43,5 % aller Websites<\/a> im Internet<\/strong>, einschlie\u00dflich derer ohne Content Management System (CMS) oder mit einem individuell programmierten CMS. Anders ausgedr\u00fcckt: Mehr als ein Drittel des Internets wird von WordPress betrieben! Und wenn du den Datensatz auf Websites mit einem bekannten CMS beschr\u00e4nkst, wird der Marktanteil von WordPress sogar noch gr\u00f6\u00dfer.<\/p>\n\n\n\n<p>In diesem Fall hat WordPress einen Marktanteil von 61,7% bei Content Management Systemen auf Websites mit einem bekannten CMS. Wie sieht das im Vergleich zu den Marktanteilen anderer beliebter Content Management Systeme aus? Werfen wir einen Blick darauf:<\/p>\n\n\n\n<figure class=\"wp-block-table is-style-comparison\"><table><thead><tr><th><\/th><th>% Alle Websites<\/th><th>% CMS-Markt<\/th><\/tr><\/thead><tbody><tr><td>WordPress<\/td><td>43,5<\/td><td>61,7<\/td><\/tr><tr><td>Shopify<\/td><td>4.6<\/td><td>6.6<\/td><\/tr><tr><td>Wix<\/td><td>3.2<\/td><td>4.6<\/td><\/tr><tr><td>Squarespace<\/td><td>2.2<\/td><td>3.2<\/td><\/tr><tr><td>Joomla<\/td><td>1.6<\/td><td>2.3<\/td><\/tr><tr><td>Drupal<\/td><td>0.9<\/td><td>1.3<\/td><\/tr><\/tbody><\/table><\/figure>\n\n\n\n<p>Obwohl viel \u00fcber gehostete Website-Baukasten-Tools wie <a href=\"https:\/\/kinsta.com\/de\/blog\/squarespace-vs-wordpress\/\">Squarespace<\/a> und <a href=\"https:\/\/kinsta.com\/de\/blog\/wix-zu-wordpress\/\">Wix<\/a> gesprochen wurde, zeigen die Zahlen, dass WordPress nicht Gefahr l\u00e4uft, in n\u00e4chster Zeit entthront zu werden! WordPress hat auch eine beherrschende Stellung gegen\u00fcber <a href=\"https:\/\/kinsta.com\/de\/blog\/joomla-vs-wordpress\/\">Joomla<\/a>, einem weiteren beliebten selbst gehosteten Content-Management-System, und <a href=\"https:\/\/kinsta.com\/de\/blog\/woocommerce-vs-shopify\/\">Shopify<\/a>, einer weit verbreiteten gehosteten E-Commerce-Plattform.<\/p>\n<\/div>\n\n\n\n<div class=\"wp-block-group has-white-background-color has-background is-layout-constrained wp-block-group-is-layout-constrained\">\n<h2 class=\"wp-block-heading\" id=\"h-w-chst-der-marktanteil-von-wordpress-weiter\">W\u00e4chst der Marktanteil von WordPress weiter?<\/h2>\n\n\n\n<p>Ja! Der Marktanteil von WordPress ist seit 2011 ziemlich konstant gestiegen. 2023 war das erste Jahr seit 2011, in dem der Marktanteil von WordPress gesunken ist, aber selbst dann war es nur ein leichter R\u00fcckgang von 0,1 %.<\/p>\n\n\n\n<p>Anfang 2017 wurden 27,3 % aller Websites mit WordPress betrieben. Im August 2024 hatte WordPress einen Marktanteil von 43,5 % erreicht.<\/p>\n\n\n\n<p>Wie sieht das im Vergleich zu den vergangenen Jahren aus? Hier ist der Gesamtmarktanteil von WordPress, der bis 2011 zur\u00fcckverfolgt:<\/p>\n\n\n\n<figure class=\"wp-block-table is-style-regular\"><table><thead><tr><th>2011<\/th><th>2012<\/th><th>2013<\/th><th>2014<\/th><th>2015<\/th><th>2016<\/th><th>2017<\/th><th>2018<\/th><th>2019<\/th><th>2020<\/th><th>2021<\/th><th>2022<\/th><th>2023<\/th><th>2024<\/th><\/tr><\/thead><tbody><tr><td>13.1%<\/td><td>15.8%<\/td><td>17.4%<\/td><td>21.0%<\/td><td>23.3%<\/td><td>25.6%<\/td><td>27.3%<\/td><td>29.2%<\/td><td>32.7%<\/td><td>35.4%<\/td><td>39.5%<\/td><td>43.2%<\/td><td>43.1%<\/td><td>43.6%<\/td><\/tr><\/tbody><\/table><\/figure>\n\n\n\n<p>Wie du sehen kannst, hat WordPress seinen Marktanteil (in absoluten Zahlen) in den letzten Jahren kontinuierlich ausgebaut. Und es gibt keine Anzeichen f\u00fcr eine Verlangsamung. Wenn dieser Trend anh\u00e4lt, wird es nicht mehr lange dauern, bis die H\u00e4lfte aller Websites im Internet auf WordPress basiert.<\/p>\n\n\n\n<p>\u00dcber 900 Unternehmen haben 2023 zum <a href=\"https:\/\/make.wordpress.org\/updates\/2024\/09\/16\/five-for-the-future-program-updates-september-2024\/#:~:text=Contributor%20Count%20&#038;%20Pledged%20Hours,contributors%20have%20pledged%207%2C838%20hours\">WordPress-Kern<\/a> beigetragen.<\/p>\n<\/div>\n\n\n\n<div class=\"wp-block-group has-white-background-color has-background is-layout-constrained wp-block-group-is-layout-constrained\">\n<h2 class=\"wp-block-heading\" id=\"h-wie-ist-das-wachstum-von-wordpress-im-vergleich-zu-anderen-content-management-systemen\">Wie ist das Wachstum von WordPress im Vergleich zu anderen Content-Management-Systemen?<\/h2>\n\n\n\n<p>WordPress w\u00e4chst also&#8230; aber w\u00e4chst es auch schneller als die Konkurrenz? Diese Frage ist schwieriger zu beantworten.<\/p>\n\n\n\n<p>Von 2023 bis 2024:<\/p>\n\n\n\n<ul class=\"is-style-check-list wp-block-list\">\n<li>Der Marktanteil von Shopify stieg von 5,7 % auf 6,6 %<\/li>\n\n\n\n<li>Der Marktanteil von Wix stieg von 3,6 % auf 4,6 %<\/li>\n\n\n\n<li>Der Marktanteil von Squarespace stieg von 3,0 % auf 3,2 %<\/li>\n\n\n\n<li>Der Marktanteil von Joomla sank von 2,7 % auf 2,3 %<\/li>\n\n\n\n<li>Der Marktanteil von Drupal sank von 1,8 % auf 1,3 %<\/li>\n<\/ul>\n\n\n\n<p>Diese geringf\u00fcgigen Ver\u00e4nderungen des Marktanteils spiegeln das Wachstum spezialisierter Plattformen wie Shopify und <a href=\"https:\/\/kinsta.com\/de\/blog\/wix-zu-wordpress\/\">Wix<\/a> wider, die auf Nischenbed\u00fcrfnisse zugeschnitten sind. F\u00fcr diejenigen, die eine vielseitige, leistungsstarke und hochgradig anpassbare Plattform suchen, bleibt WordPress jedoch die erste Wahl.<\/p>\n\n\n\n<p>Auch im Jahr 2024 ist WordPress das beliebteste System zur Verwaltung von Inhalten und wird von \u00fcber 43,5 % aller Websites genutzt. Obwohl es auf dem Markt von 2023 bis 2024 zu einer leichten Verschiebung kam und sich der Anteil von WordPress leicht ver\u00e4nderte, ist es wichtig zu erkennen, dass WordPress immer noch eine dominante Position einnimmt, weit vor der Konkurrenz.<\/p>\n\n\n\n<p>Diese Wachstumstrends lassen sich in Google Trends ablesen, wo Wix, Squarespace und Joomla (und in geringerem Ma\u00dfe auch WordPress) an Bedeutung verloren haben oder stagnieren, w\u00e4hrend Shopify auf wachsendes Interesse st\u00f6\u00dft:<\/p>\n\n\n\n<figure class=\"wp-block-image size-large is-style-plain\"><img decoding=\"async\" src=\"https:\/\/kinsta.com\/wp-content\/uploads\/2024\/08\/wordpress-market-share-2024-trends-1024x548.png\" alt=\"WordPress-Trends im Vergleich zu anderen CMS\" class=\"wp-image-184170\"><\/figure>\n<\/div>\n\n\n\n<div class=\"wp-block-group has-gray-background-color has-background is-layout-constrained wp-block-group-is-layout-constrained\">\n<h2 class=\"wp-block-heading\" id=\"h-woocommerce-marktanteil\">WooCommerce Marktanteil<\/h2>\n\n\n\n<p>Da WordPress seinen Ursprung im Blogging hat, wirst du vielleicht \u00fcberrascht sein, wie dominant WordPress in anderen Bereichen ist &#8211; vor allem im E-Commerce.<\/p>\n\n\n\n<p>WooCommerce, das beliebteste E-Commerce-Plugin f\u00fcr WordPress, es betreibt <a href=\"https:\/\/trends.builtwith.com\/shop\" target=\"_blank\" rel=\"noreferrer noopener\">laut BuiltWith<\/a> <strong>17% aller E-Commerce-Seiten im Internet<\/strong>. Diese Zahl mag zwar nicht sehr beeindruckend sein, aber der Marktanteil von WooCommerce ist sogar noch gr\u00f6\u00dfer, wenn man Websites mit geringerem Traffic herausfiltert.<\/p>\n\n\n\n<p>Unter den Top 1 Million Websites im Internet ist WooCommerce immer noch eine sehr beliebte L\u00f6sung.<\/p>\n\n\n\n<h3 class=\"wp-block-heading\" id=\"h-wie-ist-der-marktanteil-von-woocommerce-im-vergleich-zu-shopify\">Wie ist der Marktanteil von WooCommerce im Vergleich zu Shopify?<\/h3>\n\n\n\n<p>WooCommerce ist zwar Marktf\u00fchrer, aber Shopify ist konkurrenzf\u00e4hig und in einigen Kategorien sogar f\u00fchrend. Hier siehst du, wie der Marktanteil von WooCommerce <a href=\"https:\/\/kinsta.com\/de\/blog\/woocommerce-vs-shopify\/\">im Vergleich zu Shopify<\/a> aussieht, wenn du nach der Popularit\u00e4t der Websites kategorisierst:<\/p>\n\n\n\n<figure class=\"wp-block-table is-style-comparison\"><table><thead><tr><th><\/th><th>WooCommerce<\/th><th>Shopify<\/th><\/tr><\/thead><tbody><tr><td>Gesamtes Internet<\/td><td>17%<\/td><td>28%<\/td><\/tr><tr><td>Top Million Sites<\/td><td>14%<\/td><td>24%<\/td><\/tr><tr><td>Top 100k Sites<\/td><td>8%<\/td><td>20%<\/td><\/tr><tr><td>Top 10k Sites<\/td><td>5%<\/td><td>19%<\/td><\/tr><\/tbody><\/table><\/figure>\n\n\n\n<p>Wenn du dir nur die Top 100k oder Top 10k der beliebtesten Websites im Internet ansiehst, ist Shopify tats\u00e4chlich der Marktf\u00fchrer. Es ist jedoch zu beachten, dass nur 36.094 Websites in den Top 100k eine bekannte E-Commerce-Plattform nutzen, die Stichprobe ist also nicht sehr gro\u00df. Und was die tats\u00e4chliche Anzahl der Websites in den Top 10k Websites betrifft, die eine Plattform nutzen:<\/p>\n\n\n\n<ul class=\"is-style-check-list wp-block-list\">\n<li>342 Websites nutzen Shopify<\/li>\n\n\n\n<li>97 Websites nutzen WooCommerce<\/li>\n<\/ul>\n<\/div>\n\n\n\n<div class=\"wp-block-group has-white-background-color has-background is-layout-constrained wp-block-group-is-layout-constrained\">\n<h2 class=\"wp-block-heading\" id=\"h-marktanteil-von-easy-digital-downloads\">Marktanteil von Easy Digital Downloads<\/h2>\n\n\n\n<p>Easy Digital Downloads ist zwar nicht ann\u00e4hernd so beliebt wie WooCommerce, aber immer noch ein kleiner, aber sp\u00fcrbarer Akteur in der E-Commerce-Branche.<\/p>\n\n\n\n<p><a href=\"https:\/\/trends.builtwith.com\/shop\/Easy-Digital-Downloads\" target=\"_blank\" rel=\"noreferrer noopener\">Laut BuiltWith<\/a> macht Easy Digital Downloads 0,07% der BuiltWith Top Million aus (eine Sch\u00e4tzung der eine Million beliebtesten Websites im Internet).<\/p>\n<\/div>\n\n\n\n<div class=\"wp-block-group has-white-background-color has-background is-layout-constrained wp-block-group-is-layout-constrained\">\n<h2 class=\"wp-block-heading\" id=\"h-ein-hoch-auf-das-beliebteste-cms-der-welt\">Ein Hoch auf das beliebteste CMS der Welt<\/h2>\n\n\n\n<p>Auch wenn das Wachstum von gehosteten Website-Buildern wie Squarespace, Wix und Shopify nicht zu untersch\u00e4tzen ist, lassen alle Zahlen nur einen Schluss zu: <strong>WordPress ist zweifelsohne die weltweit beliebteste Art, eine Website zu erstellen.<\/strong><\/p>\n\n\n\n<p>Bist du bereit, loszulegen? Wir bieten WordPress-Installationen mit nur einem Klick an, damit du im Handumdrehen loslegen kannst.<\/p>\n\n\n\n<div class=\"wp-block-kinsta-buttons\">\n<a class=\"wp-block-kinsta-button\" href=\"https:\/\/kinsta.com\/de\/preise\/\">Fange noch heute an<\/a>\n<\/div>\n<\/div>\n","protected":false},"excerpt":{"rendered":"<p>Spoiler-Alarm &#8211; die Antworten lauten wie folgt: Und um dir zu zeigen, woher diese Schlussfolgerungen stammen, haben wir einige verbl\u00fcffende Statistiken \u00fcber den Marktanteil von WordPress &#8230;<\/p>\n","protected":false},"author":38,"featured_media":0,"parent":0,"menu_order":0,"comment_status":"closed","ping_status":"closed","template":"templates\/template-article.php","meta":{"_kinsta_gated_content":false,"_kinsta_gated_content_redirect":"","footnotes":""},"class_list":["post-17839","page","type-page","status-publish","hentry"],"yoast_head":"<!-- This site is optimized with the Yoast SEO Premium plugin v24.6 (Yoast SEO v24.6) - https:\/\/yoast.com\/wordpress\/plugins\/seo\/ -->\n<title>WordPress Marktanteilsstatistik (2011-2026) - Kinsta\u00ae<\/title>\n<meta name=\"description\" content=\"Es ist kein Geheimnis, dass WordPress eine der beliebtesten M\u00f6glichkeiten ist, eine Website zu erstellen. Schau dir den aktuellen Marktanteil von WordPress und sein Wachstum im Vergleich zu anderen Plattformen an.\" \/>\n<meta name=\"robots\" content=\"index, follow, max-snippet:-1, max-image-preview:large, max-video-preview:-1\" \/>\n<link rel=\"canonical\" href=\"https:\/\/kinsta.com\/de\/wordpress-marktanteil\/\" \/>\n<meta property=\"og:locale\" content=\"de_DE\" \/>\n<meta property=\"og:type\" content=\"article\" \/>\n<meta property=\"og:title\" content=\"WordPress Marktanteile Statistiken (2011-2018)\" \/>\n<meta property=\"og:description\" content=\"Es ist kein Geheimnis, dass WordPress eine der beliebtesten M\u00f6glichkeiten ist, eine Website zu erstellen. Schau dir den aktuellen Marktanteil von WordPress und sein Wachstum im Vergleich zu anderen Plattformen an.\" \/>\n<meta property=\"og:url\" content=\"https:\/\/kinsta.com\/de\/wordpress-marktanteil\/\" \/>\n<meta property=\"og:site_name\" content=\"Kinsta\u00ae\" \/>\n<meta property=\"article:publisher\" content=\"https:\/\/www.facebook.com\/Kinsta-Deutschland-207459890108303\/\" \/>\n<meta property=\"article:modified_time\" content=\"2025-01-07T12:45:07+00:00\" \/>\n<meta property=\"og:image\" content=\"https:\/\/kinsta.com\/de\/wp-content\/uploads\/sites\/5\/2018\/09\/wordpress-marktanteil.jpg\" \/>\n\t<meta property=\"og:image:width\" content=\"1200\" \/>\n\t<meta property=\"og:image:height\" content=\"628\" \/>\n\t<meta property=\"og:image:type\" content=\"image\/jpeg\" \/>\n<meta name=\"twitter:card\" content=\"summary_large_image\" \/>\n<meta name=\"twitter:title\" content=\"WordPress Marktanteile Statistiken (2011-2018)\" \/>\n<meta name=\"twitter:description\" content=\"Es ist kein Geheimnis, dass WordPress eine der beliebtesten M\u00f6glichkeiten ist, eine Website zu erstellen. Schau dir den aktuellen Marktanteil von WordPress und sein Wachstum im Vergleich zu anderen Plattformen an.\" \/>\n<meta name=\"twitter:image\" content=\"https:\/\/kinsta.com\/de\/wp-content\/uploads\/sites\/5\/2018\/09\/wordpress-marktanteil.jpg\" \/>\n<meta name=\"twitter:site\" content=\"@Kinsta_DE\" \/>\n<meta name=\"twitter:label1\" content=\"Gesch\u00e4tzte Lesezeit\" \/>\n\t<meta name=\"twitter:data1\" content=\"5\u00a0Minuten\" \/>\n<script type=\"application\/ld+json\" class=\"yoast-schema-graph\">{\"@context\":\"https:\/\/schema.org\",\"@graph\":[{\"@type\":\"WebPage\",\"@id\":\"https:\/\/kinsta.com\/de\/wordpress-marktanteil\/\",\"url\":\"https:\/\/kinsta.com\/de\/wordpress-marktanteil\/\",\"name\":\"WordPress Marktanteilsstatistik (2011-2026) - Kinsta\u00ae\",\"isPartOf\":{\"@id\":\"https:\/\/kinsta.com\/de\/#website\"},\"primaryImageOfPage\":{\"@id\":\"https:\/\/kinsta.com\/de\/wordpress-marktanteil\/#primaryimage\"},\"image\":{\"@id\":\"https:\/\/kinsta.com\/de\/wordpress-marktanteil\/#primaryimage\"},\"thumbnailUrl\":\"https:\/\/kinsta.com\/wp-content\/uploads\/2024\/08\/wordpress-market-share-2024-trends-1024x548.png\",\"datePublished\":\"2018-01-19T06:06:25+00:00\",\"dateModified\":\"2025-01-07T12:45:07+00:00\",\"description\":\"Es ist kein Geheimnis, dass WordPress eine der beliebtesten M\u00f6glichkeiten ist, eine Website zu erstellen. Schau dir den aktuellen Marktanteil von WordPress und sein Wachstum im Vergleich zu anderen Plattformen an.\",\"breadcrumb\":{\"@id\":\"https:\/\/kinsta.com\/de\/wordpress-marktanteil\/#breadcrumb\"},\"inLanguage\":\"de\",\"potentialAction\":[{\"@type\":\"ReadAction\",\"target\":[\"https:\/\/kinsta.com\/de\/wordpress-marktanteil\/\"]}]},{\"@type\":\"ImageObject\",\"inLanguage\":\"de\",\"@id\":\"https:\/\/kinsta.com\/de\/wordpress-marktanteil\/#primaryimage\",\"url\":\"https:\/\/kinsta.com\/wp-content\/uploads\/2024\/08\/wordpress-market-share-2024-trends-1024x548.png\",\"contentUrl\":\"https:\/\/kinsta.com\/wp-content\/uploads\/2024\/08\/wordpress-market-share-2024-trends-1024x548.png\"},{\"@type\":\"BreadcrumbList\",\"@id\":\"https:\/\/kinsta.com\/de\/wordpress-marktanteil\/#breadcrumb\",\"itemListElement\":[{\"@type\":\"ListItem\",\"position\":1,\"name\":\"Home\",\"item\":\"https:\/\/kinsta.com\/de\/\"},{\"@type\":\"ListItem\",\"position\":2,\"name\":\"WordPress Marktanteilsstatistik (2011-2025)\"}]},{\"@type\":\"WebSite\",\"@id\":\"https:\/\/kinsta.com\/de\/#website\",\"url\":\"https:\/\/kinsta.com\/de\/\",\"name\":\"Kinsta\u00ae\",\"description\":\"Schnelle, sichere und hochwertige Hosting-L\u00f6sungen\",\"publisher\":{\"@id\":\"https:\/\/kinsta.com\/de\/#organization\"},\"potentialAction\":[{\"@type\":\"SearchAction\",\"target\":{\"@type\":\"EntryPoint\",\"urlTemplate\":\"https:\/\/kinsta.com\/de\/?s={search_term_string}\"},\"query-input\":{\"@type\":\"PropertyValueSpecification\",\"valueRequired\":true,\"valueName\":\"search_term_string\"}}],\"inLanguage\":\"de\"},{\"@type\":\"Organization\",\"@id\":\"https:\/\/kinsta.com\/de\/#organization\",\"name\":\"Kinsta\",\"url\":\"https:\/\/kinsta.com\/de\/\",\"logo\":{\"@type\":\"ImageObject\",\"inLanguage\":\"de\",\"@id\":\"https:\/\/kinsta.com\/de\/#\/schema\/logo\/image\/\",\"url\":\"https:\/\/kinsta.com\/de\/wp-content\/uploads\/sites\/5\/2023\/12\/kinsta-logo.jpeg\",\"contentUrl\":\"https:\/\/kinsta.com\/de\/wp-content\/uploads\/sites\/5\/2023\/12\/kinsta-logo.jpeg\",\"width\":500,\"height\":500,\"caption\":\"Kinsta\"},\"image\":{\"@id\":\"https:\/\/kinsta.com\/de\/#\/schema\/logo\/image\/\"},\"sameAs\":[\"https:\/\/www.facebook.com\/Kinsta-Deutschland-207459890108303\/\",\"https:\/\/x.com\/Kinsta_DE\",\"https:\/\/www.instagram.com\/kinstahosting\/\",\"https:\/\/www.linkedin.com\/company\/kinsta\/\",\"https:\/\/www.pinterest.com\/kinstahosting\/\",\"https:\/\/www.youtube.com\/c\/Kinsta\"]}]}<\/script>\n<!-- \/ Yoast SEO Premium plugin. -->","yoast_head_json":{"title":"WordPress Marktanteilsstatistik (2011-2026) - Kinsta\u00ae","description":"Es ist kein Geheimnis, dass WordPress eine der beliebtesten M\u00f6glichkeiten ist, eine Website zu erstellen. Schau dir den aktuellen Marktanteil von WordPress und sein Wachstum im Vergleich zu anderen Plattformen an.","robots":{"index":"index","follow":"follow","max-snippet":"max-snippet:-1","max-image-preview":"max-image-preview:large","max-video-preview":"max-video-preview:-1"},"canonical":"https:\/\/kinsta.com\/de\/wordpress-marktanteil\/","og_locale":"de_DE","og_type":"article","og_title":"WordPress Marktanteile Statistiken (2011-2018)","og_description":"Es ist kein Geheimnis, dass WordPress eine der beliebtesten M\u00f6glichkeiten ist, eine Website zu erstellen. Schau dir den aktuellen Marktanteil von WordPress und sein Wachstum im Vergleich zu anderen Plattformen an.","og_url":"https:\/\/kinsta.com\/de\/wordpress-marktanteil\/","og_site_name":"Kinsta\u00ae","article_publisher":"https:\/\/www.facebook.com\/Kinsta-Deutschland-207459890108303\/","article_modified_time":"2025-01-07T12:45:07+00:00","og_image":[{"width":1200,"height":628,"url":"https:\/\/kinsta.com\/de\/wp-content\/uploads\/sites\/5\/2018\/09\/wordpress-marktanteil.jpg","type":"image\/jpeg"}],"twitter_card":"summary_large_image","twitter_title":"WordPress Marktanteile Statistiken (2011-2018)","twitter_description":"Es ist kein Geheimnis, dass WordPress eine der beliebtesten M\u00f6glichkeiten ist, eine Website zu erstellen. Schau dir den aktuellen Marktanteil von WordPress und sein Wachstum im Vergleich zu anderen Plattformen an.","twitter_image":"https:\/\/kinsta.com\/de\/wp-content\/uploads\/sites\/5\/2018\/09\/wordpress-marktanteil.jpg","twitter_site":"@Kinsta_DE","twitter_misc":{"Gesch\u00e4tzte Lesezeit":"5\u00a0Minuten"},"schema":{"@context":"https:\/\/schema.org","@graph":[{"@type":"WebPage","@id":"https:\/\/kinsta.com\/de\/wordpress-marktanteil\/","url":"https:\/\/kinsta.com\/de\/wordpress-marktanteil\/","name":"WordPress Marktanteilsstatistik (2011-2026) - Kinsta\u00ae","isPartOf":{"@id":"https:\/\/kinsta.com\/de\/#website"},"primaryImageOfPage":{"@id":"https:\/\/kinsta.com\/de\/wordpress-marktanteil\/#primaryimage"},"image":{"@id":"https:\/\/kinsta.com\/de\/wordpress-marktanteil\/#primaryimage"},"thumbnailUrl":"https:\/\/kinsta.com\/wp-content\/uploads\/2024\/08\/wordpress-market-share-2024-trends-1024x548.png","datePublished":"2018-01-19T06:06:25+00:00","dateModified":"2025-01-07T12:45:07+00:00","description":"Es ist kein Geheimnis, dass WordPress eine der beliebtesten M\u00f6glichkeiten ist, eine Website zu erstellen. Schau dir den aktuellen Marktanteil von WordPress und sein Wachstum im Vergleich zu anderen Plattformen an.","breadcrumb":{"@id":"https:\/\/kinsta.com\/de\/wordpress-marktanteil\/#breadcrumb"},"inLanguage":"de","potentialAction":[{"@type":"ReadAction","target":["https:\/\/kinsta.com\/de\/wordpress-marktanteil\/"]}]},{"@type":"ImageObject","inLanguage":"de","@id":"https:\/\/kinsta.com\/de\/wordpress-marktanteil\/#primaryimage","url":"https:\/\/kinsta.com\/wp-content\/uploads\/2024\/08\/wordpress-market-share-2024-trends-1024x548.png","contentUrl":"https:\/\/kinsta.com\/wp-content\/uploads\/2024\/08\/wordpress-market-share-2024-trends-1024x548.png"},{"@type":"BreadcrumbList","@id":"https:\/\/kinsta.com\/de\/wordpress-marktanteil\/#breadcrumb","itemListElement":[{"@type":"ListItem","position":1,"name":"Home","item":"https:\/\/kinsta.com\/de\/"},{"@type":"ListItem","position":2,"name":"WordPress Marktanteilsstatistik (2011-2025)"}]},{"@type":"WebSite","@id":"https:\/\/kinsta.com\/de\/#website","url":"https:\/\/kinsta.com\/de\/","name":"Kinsta\u00ae","description":"Schnelle, sichere und hochwertige Hosting-L\u00f6sungen","publisher":{"@id":"https:\/\/kinsta.com\/de\/#organization"},"potentialAction":[{"@type":"SearchAction","target":{"@type":"EntryPoint","urlTemplate":"https:\/\/kinsta.com\/de\/?s={search_term_string}"},"query-input":{"@type":"PropertyValueSpecification","valueRequired":true,"valueName":"search_term_string"}}],"inLanguage":"de"},{"@type":"Organization","@id":"https:\/\/kinsta.com\/de\/#organization","name":"Kinsta","url":"https:\/\/kinsta.com\/de\/","logo":{"@type":"ImageObject","inLanguage":"de","@id":"https:\/\/kinsta.com\/de\/#\/schema\/logo\/image\/","url":"https:\/\/kinsta.com\/de\/wp-content\/uploads\/sites\/5\/2023\/12\/kinsta-logo.jpeg","contentUrl":"https:\/\/kinsta.com\/de\/wp-content\/uploads\/sites\/5\/2023\/12\/kinsta-logo.jpeg","width":500,"height":500,"caption":"Kinsta"},"image":{"@id":"https:\/\/kinsta.com\/de\/#\/schema\/logo\/image\/"},"sameAs":["https:\/\/www.facebook.com\/Kinsta-Deutschland-207459890108303\/","https:\/\/x.com\/Kinsta_DE","https:\/\/www.instagram.com\/kinstahosting\/","https:\/\/www.linkedin.com\/company\/kinsta\/","https:\/\/www.pinterest.com\/kinstahosting\/","https:\/\/www.youtube.com\/c\/Kinsta"]}]}},"acf":[],"_links":{"self":[{"href":"https:\/\/kinsta.com\/de\/wp-json\/wp\/v2\/pages\/17839","targetHints":{"allow":["GET"]}}],"collection":[{"href":"https:\/\/kinsta.com\/de\/wp-json\/wp\/v2\/pages"}],"about":[{"href":"https:\/\/kinsta.com\/de\/wp-json\/wp\/v2\/types\/page"}],"author":[{"embeddable":true,"href":"https:\/\/kinsta.com\/de\/wp-json\/wp\/v2\/users\/38"}],"replies":[{"embeddable":true,"href":"https:\/\/kinsta.com\/de\/wp-json\/wp\/v2\/comments?post=17839"}],"version-history":[{"count":9,"href":"https:\/\/kinsta.com\/de\/wp-json\/wp\/v2\/pages\/17839\/revisions"}],"predecessor-version":[{"id":72286,"href":"https:\/\/kinsta.com\/de\/wp-json\/wp\/v2\/pages\/17839\/revisions\/72286"}],"alternate":[{"embeddable":true,"hreflang":"en","title":"English","href":"https:\/\/kinsta.com\/de\/wp-json\/kinsta\/v1\/posts\/17839\/translations\/en"},{"embeddable":true,"hreflang":"it","title":"Italian","href":"https:\/\/kinsta.com\/de\/wp-json\/kinsta\/v1\/posts\/17839\/translations\/it"},{"embeddable":true,"hreflang":"es","title":"Spanish","href":"https:\/\/kinsta.com\/de\/wp-json\/kinsta\/v1\/posts\/17839\/translations\/es"},{"embeddable":true,"hreflang":"fr","title":"French","href":"https:\/\/kinsta.com\/de\/wp-json\/kinsta\/v1\/posts\/17839\/translations\/fr"},{"embeddable":true,"hreflang":"de","title":"German","href":"https:\/\/kinsta.com\/de\/wp-json\/kinsta\/v1\/posts\/17839\/translations\/de"},{"embeddable":true,"hreflang":"pt","title":"Portuguese","href":"https:\/\/kinsta.com\/de\/wp-json\/kinsta\/v1\/posts\/17839\/translations\/pt"},{"embeddable":true,"hreflang":"nl","title":"Dutch","href":"https:\/\/kinsta.com\/de\/wp-json\/kinsta\/v1\/posts\/17839\/translations\/nl"},{"embeddable":true,"hreflang":"ja","title":"Japanese","href":"https:\/\/kinsta.com\/de\/wp-json\/kinsta\/v1\/posts\/17839\/translations\/jp"},{"href":"https:\/\/kinsta.com\/de\/wp-json\/kinsta\/v1\/posts\/17839\/tree"}],"wp:attachment":[{"href":"https:\/\/kinsta.com\/de\/wp-json\/wp\/v2\/media?parent=17839"}],"curies":[{"name":"wp","href":"https:\/\/api.w.org\/{rel}","templated":true}]}}