{"id":39951,"date":"2021-01-15T01:06:49","date_gmt":"2021-01-15T09:06:49","guid":{"rendered":"https:\/\/kinsta.com\/?page_id=85392"},"modified":"2025-05-21T17:30:25","modified_gmt":"2025-05-21T16:30:25","slug":"funktionen","status":"publish","type":"page","link":"https:\/\/kinsta.com\/de\/devkinsta\/funktionen\/","title":{"rendered":"DevKinsta Funktionen"},"content":{"rendered":"\n<header class=\"wp-block-kinsta-hero-title is-style-center-screenshot alignfull\"><div class=\"wp-block-kinsta-hero-title__inner\">\n<div class=\"wp-block-kinsta-columns is-vertical-center\">\n<div class=\"wp-block-kinsta-column wp-block-kinsta-columns__column\">\n<div class=\"wp-block-kinsta-hero-title-content wp-block-kinsta-hero-title__content\"><h1 class=\"wp-block-kinsta-hero-title__title\"><span class=\"wp-block-kinsta-hero-title__title__text\">DevKinsta Funktionen<\/span><\/h1>\n<p>DevKinsta ist eine kostenlose Suite lokaler Entwicklungstools zum Erstellen, Testen und Bereitstellen von WordPress-Seiten in wenigen Minuten. Derzeit verf\u00fcgbar f\u00fcr macOS und Windows.<\/p>\n\n\n\n<div class=\"wp-block-kinsta-buttons alignleft\">\n\n<\/div>\n<\/div>\n<\/div>\n\n\n\n<div class=\"wp-block-kinsta-column wp-block-kinsta-columns__column\">\n<div class=\"wp-block-kinsta-hero-title-secondary wp-block-kinsta-hero-title__secondary\">\n<div class=\"wp-block-kinsta-illustration alignwide\"><img decoding=\"async\" alt=\"DevKinsta Features\" src=\"https:\/\/kinsta.com\/wp-content\/uploads\/2020\/12\/devkinsta-features-hero.svg\" class=\"wp-block-kinsta-illustration__image\"><\/div>\n<\/div>\n<\/div>\n<\/div>\n<\/div><\/header>\n\n\n\n<h2 class=\"wp-block-heading has-text-align-center\" id=\"h-webseiten-erstellung-und-lokale-entwicklung-mit-einem-klick\">Webseiten-Erstellung und lokale Entwicklung mit einem Klick<\/h2>\n\n\n\n<p>Erstellen Sie lokale WordPress-Seiten mit einem einzigen Klick, und beginnen Sie (fast) sofort mit der Entwicklung. Jede Seite, die Sie erstellen, wird automatisch mit Nginx, PHP und MySQL konfiguriert. DevKinsta wird au\u00dferdem mit WordPress-Multisite-Unterst\u00fctzung sowie leistungsstarken Datenbank- und E-Mail-Verwaltungstools geliefert, um Ihren Entwicklungs-Workflow zu optimieren.<\/p>\n\n\n\n<div class=\"wp-block-kinsta-buttons aligncenter\">\n<a class=\"wp-block-kinsta-button is-style-inline\" href=\"https:\/\/kinsta.com\/de\/docs\/devkinsta\/devkinsta-erste-schritte\/eine-seite-erstellen\/\">Erfahren Sie mehr \u00fcber die Erstellung von Webseiten<\/a>\n<\/div>\n\n\n\n<div class=\"wp-block-kinsta-feature-boxes wp-block-kinsta-feature-boxes--4\">\n<div class=\"wp-block-kinsta-feature-boxes-box wp-block-kinsta-feature-boxes__box\">\n<div class=\"wp-block-kinsta-illustration aligncenter\"><img decoding=\"async\" alt=\"Database management\" src=\"https:\/\/kinsta.com\/wp-content\/uploads\/2020\/12\/devkinsta-features-database-picto.svg\" class=\"wp-block-kinsta-illustration__image\"><\/div>\n\n\n\n<h3 class=\"wp-block-heading\" id=\"h-datenbank-management\">Datenbank-Management<\/h3>\n\n\n\n<p>DevKinsta verwendet Adminer, ein leichtgewichtiges und quelloffenes Datenbank-Management-Tool. Mit Adminer k\u00f6nnen Sie einfach Ihre Datenbanktabellen bearbeiten, Backups importieren und exportieren, SQL-Abfragen ausf\u00fchren und vieles mehr.<\/p>\n\n\n\n<div class=\"wp-block-kinsta-buttons aligncenter\">\n<a class=\"wp-block-kinsta-button is-style-inline\" href=\"https:\/\/kinsta.com\/de\/docs\/devkinsta\/devkinsta-datenbank\/datenbank-manager\/\">Mehr \u00fcber den Datenbank Manager<\/a>\n<\/div>\n<\/div>\n\n\n\n<div class=\"wp-block-kinsta-feature-boxes-box wp-block-kinsta-feature-boxes__box\">\n<div class=\"wp-block-kinsta-illustration aligncenter\"><img decoding=\"async\" alt=\"Work with HTTPS locally\" src=\"https:\/\/kinsta.com\/wp-content\/uploads\/2020\/12\/devkinsta-features-https-picto.svg\" class=\"wp-block-kinsta-illustration__image\"><\/div>\n\n\n\n<h3 class=\"wp-block-heading\" id=\"h-lokal-mit-https-arbeiten\">Lokal mit HTTPS arbeiten<\/h3>\n\n\n\n<p>66 % der Seitenaufrufe verwenden HTTPS. Mit der HTTPS-Unterst\u00fctzung von DevKinsta k\u00f6nnen Sie Ihre WordPress-Seite mit Blick auf die Sicherheit testen und erstellen.<\/p>\n\n\n\n<div class=\"wp-block-kinsta-buttons aligncenter\">\n<a class=\"wp-block-kinsta-button is-style-inline\" href=\"https:\/\/kinsta.com\/docs\/devkinsta\/devkinsta-site-management\/#the-site-info-page\">Mehr erfahren<\/a>\n<\/div>\n<\/div>\n\n\n\n<div class=\"wp-block-kinsta-feature-boxes-box wp-block-kinsta-feature-boxes__box\">\n<div class=\"wp-block-kinsta-illustration aligncenter\"><img decoding=\"async\" alt=\"Built-in email testing\" src=\"https:\/\/kinsta.com\/wp-content\/uploads\/2020\/12\/devkinsta-features-email-picto.svg\" class=\"wp-block-kinsta-illustration__image\"><\/div>\n\n\n\n<h3 class=\"wp-block-heading\" id=\"h-eingebaute-e-mail-tests\">Eingebaute E-Mail-Tests<\/h3>\n\n\n\n<p>DevKinsta wird mit einem leistungsf\u00e4higen SMTP-Server und einem E-Mail-Posteingang geliefert, mit dem Sie ausgehende E-Mails von Ihren lokalen WordPress-Seiten analysieren und debuggen k\u00f6nnen.<\/p>\n\n\n\n<div class=\"wp-block-kinsta-buttons aligncenter\">\n<a class=\"wp-block-kinsta-button is-style-inline\" href=\"https:\/\/kinsta.com\/de\/docs\/devkinsta\/devkinsta-seiten-verwaltung\/email-postfach\/\">Mehr \u00fcber das testen von E-Mails<\/a>\n<\/div>\n<\/div>\n\n\n\n<div class=\"wp-block-kinsta-feature-boxes-box wp-block-kinsta-feature-boxes__box\">\n<div class=\"wp-block-kinsta-illustration aligncenter\"><img decoding=\"async\" alt=\"WordPress error logging\" src=\"https:\/\/kinsta.com\/wp-content\/uploads\/2020\/12\/devkinsta-features-logging.svg\" class=\"wp-block-kinsta-illustration__image\"><\/div>\n\n\n\n<h3 class=\"wp-block-heading\" id=\"h-wordpress-fehlerprotokollierung\">WordPress-Fehlerprotokollierung<\/h3>\n\n\n\n<p>Debuggen Sie die PHP-Fehler Ihrer Webseite mit der in DevKinsta integrierten WP_DEBUG-Funktion.<\/p>\n\n\n\n<div class=\"wp-block-kinsta-buttons aligncenter\">\n<a class=\"wp-block-kinsta-button is-style-inline\" href=\"https:\/\/kinsta.com\/de\/docs\/devkinsta\/devkinsta-fehlerbehebung\/protokollierung\/\">Mehr \u00fcber Fehlerbehebung<\/a>\n<\/div>\n<\/div>\n<\/div>\n\n\n\n<div class=\"wp-block-group devkinsta-features-cta has-secondary-background-color has-background is-layout-constrained wp-block-group-is-layout-constrained\">\n<h2 class=\"wp-block-heading has-text-align-center\" id=\"h-testen-sie-devkinsta-noch-heute\">Testen Sie DevKinsta noch heute!<\/h2>\n\n\n\n<div class=\"wp-block-kinsta-buttons aligncenter\">\n<a class=\"wp-block-kinsta-button\" href=\"https:\/\/kinsta.com\/de\/devkinsta\/download\/\">Jetzt herunterladen<\/a>\n<\/div>\n<\/div>\n\n\n\n<div style=\"height:100px\" aria-hidden=\"true\" class=\"wp-block-spacer\"><\/div>\n\n\n\n<figure class=\"wp-block-image aligncenter size-large is-resized is-style-plain\"><img decoding=\"async\" src=\"https:\/\/kinsta.com\/de\/wp-content\/uploads\/sites\/5\/2021\/08\/devkinsta-features-deploy.svg\" alt class=\"wp-image-42894\" style=\"width:445px;height:318px\"><\/figure>\n\n\n\n<h2 class=\"wp-block-heading has-text-align-center\" id=\"h-globaler-einsatz\">Globaler Einsatz<\/h2>\n\n\n\n<p class=\"has-text-align-center\">W\u00e4hlen Sie eines der 27 verf\u00fcgbaren Rechenzentren von Kinsta rund um den Globus. Nahtlose Integration mit Kinsta-Diensten.<\/p>\n\n\n\n<div class=\"wp-block-kinsta-buttons aligncenter\">\n<a class=\"wp-block-kinsta-button is-style-inline\" href=\"https:\/\/kinsta.com\/de\/preise\/\">Mehr \u00fcber Hosting-Pl\u00e4ne<\/a>\n<\/div>\n\n\n\n<div class=\"wp-block-kinsta-feature-boxes wp-block-kinsta-feature-boxes--3\">\n<div class=\"wp-block-kinsta-feature-boxes-box wp-block-kinsta-feature-boxes__box\">\n<div class=\"wp-block-kinsta-illustration aligncenter\"><img decoding=\"async\" alt=\"DevKinsta available in 10 languages\" src=\"https:\/\/kinsta.com\/wp-content\/uploads\/2020\/12\/devkinsta-features-languages-picto.svg\" class=\"wp-block-kinsta-illustration__image\"><\/div>\n\n\n\n<h3 class=\"wp-block-heading\" id=\"h-verfugbar-in-10-sprachen\">Verf\u00fcgbar in 10 Sprachen<\/h3>\n\n\n\n<p>DevKinsta wird mit Sprachunterst\u00fctzung f\u00fcr Englisch, Italienisch, Portugiesisch, Franz\u00f6sisch, Deutsch, Japanisch, Niederl\u00e4ndisch, Spanisch, Schwedisch und D\u00e4nisch geliefert.<\/p>\n<\/div>\n\n\n\n<div class=\"wp-block-kinsta-feature-boxes-box wp-block-kinsta-feature-boxes__box\">\n<div class=\"wp-block-kinsta-illustration aligncenter\"><img decoding=\"async\" alt=\"PHP version switching in DevKinsta\" src=\"https:\/\/kinsta.com\/wp-content\/uploads\/2020\/12\/devkinsta-features-version-switching-picto.svg\" class=\"wp-block-kinsta-illustration__image\"><\/div>\n\n\n\n<h3 class=\"wp-block-heading\" id=\"h-php-versionsumschaltung\">PHP-Versionsumschaltung<\/h3>\n\n\n\n<p>Mit Unterst\u00fctzung f\u00fcr PHP 7.2, 7.3, 7.4, 8.0, 8.1 und 8.2 k\u00f6nnen Sie Ihre Webseite mit einem einzigen Klick auf die neuesten PHP-Versionen testen.<\/p>\n<\/div>\n\n\n\n<div class=\"wp-block-kinsta-feature-boxes-box wp-block-kinsta-feature-boxes__box\">\n<div class=\"wp-block-kinsta-illustration aligncenter\"><img decoding=\"async\" alt=\"DevKinsta automatic updates\" src=\"https:\/\/kinsta.com\/wp-content\/uploads\/2020\/12\/devkinsta-features-updates-picto.svg\" class=\"wp-block-kinsta-illustration__image\"><\/div>\n\n\n\n<h3 class=\"wp-block-heading\" id=\"h-automatische-updates\">Automatische Updates<\/h3>\n\n\n\n<p>DevKinsta unterst\u00fctzt automatische Updates, so dass Sie immer \u00fcber die neuesten Funktionen verf\u00fcgen, die Ihren lokalen Entwicklungsworkflow unterst\u00fctzen.<\/p>\n<\/div>\n<\/div>\n\n\n\n<div class=\"wp-block-group devkinsta-footer-cta has-primary-background-color has-background is-layout-constrained wp-block-group-is-layout-constrained\">\n<h2 class=\"wp-block-heading has-text-align-center\" id=\"h-testen-sie-devkinsta-noch-heute-0\">Testen Sie DevKinsta noch heute!<\/h2>\n\n\n\n<div class=\"wp-block-kinsta-buttons aligncenter\">\n<a class=\"wp-block-kinsta-button\" href=\"https:\/\/kinsta.com\/de\/devkinsta\/download\/\">DevKinsta herunterladen<\/a>\n<\/div>\n<\/div>\n","protected":false},"excerpt":{"rendered":"<p>Webseiten-Erstellung und lokale Entwicklung mit einem Klick Erstellen Sie lokale WordPress-Seiten mit einem einzigen Klick, und beginnen Sie (fast) sofort mit der Entwicklung. Jede Seite, die &#8230;<\/p>\n","protected":false},"author":115,"featured_media":39952,"parent":39955,"menu_order":0,"comment_status":"closed","ping_status":"closed","template":"templates\/page\/devkinsta.php","meta":{"_kinsta_gated_content":false,"_kinsta_gated_content_redirect":"","footnotes":""},"class_list":["post-39951","page","type-page","status-publish","has-post-thumbnail","hentry"],"yoast_head":"<!-- This site is optimized with the Yoast SEO Premium plugin v24.6 (Yoast SEO v24.6) - https:\/\/yoast.com\/wordpress\/plugins\/seo\/ -->\n<title>DevKinsta Funktionen<\/title>\n<meta name=\"description\" content=\"Erfahren Sie mehr \u00fcber die Funktionen von DevKinsta, wie z.B. die Erstellung von Webseiten mit nur einem Klick, Datenbankverwaltung, PHP-Versionswechsel, mehrsprachige Unterst\u00fctzung und vieles mehr!\" \/>\n<meta name=\"robots\" content=\"index, follow, max-snippet:-1, max-image-preview:large, max-video-preview:-1\" \/>\n<link rel=\"canonical\" href=\"https:\/\/kinsta.com\/de\/devkinsta\/funktionen\/\" \/>\n<meta property=\"og:locale\" content=\"de_DE\" \/>\n<meta property=\"og:type\" content=\"article\" \/>\n<meta property=\"og:title\" content=\"DevKinsta Funktionen\" \/>\n<meta property=\"og:description\" content=\"Erfahren Sie mehr \u00fcber die Funktionen von DevKinsta, wie z.B. die Erstellung von Webseiten mit nur einem Klick, Datenbankverwaltung, PHP-Versionswechsel, mehrsprachige Unterst\u00fctzung und vieles mehr!\" \/>\n<meta property=\"og:url\" content=\"https:\/\/kinsta.com\/de\/devkinsta\/funktionen\/\" \/>\n<meta property=\"og:site_name\" content=\"Kinsta\u00ae\" \/>\n<meta property=\"article:publisher\" content=\"https:\/\/www.facebook.com\/Kinsta-Deutschland-207459890108303\/\" \/>\n<meta property=\"article:modified_time\" content=\"2025-05-21T16:30:25+00:00\" \/>\n<meta property=\"og:image\" content=\"https:\/\/kinsta.com\/de\/wp-content\/uploads\/sites\/5\/2021\/01\/devkinsta-featured-image.jpg\" \/>\n\t<meta property=\"og:image:width\" content=\"1200\" \/>\n\t<meta property=\"og:image:height\" content=\"628\" \/>\n\t<meta property=\"og:image:type\" content=\"image\/jpeg\" \/>\n<meta name=\"twitter:card\" content=\"summary_large_image\" \/>\n<meta name=\"twitter:description\" content=\"Erfahren Sie mehr \u00fcber die Funktionen von DevKinsta, wie z.B. die Erstellung von Webseiten mit nur einem Klick, Datenbankverwaltung, PHP-Versionswechsel, mehrsprachige Unterst\u00fctzung und vieles mehr!\" \/>\n<meta name=\"twitter:image\" content=\"https:\/\/kinsta.com\/de\/wp-content\/uploads\/sites\/5\/2021\/01\/devkinsta-featured-image.jpg\" \/>\n<meta name=\"twitter:site\" content=\"@Kinsta_DE\" \/>\n<meta name=\"twitter:label1\" content=\"Gesch\u00e4tzte Lesezeit\" \/>\n\t<meta name=\"twitter:data1\" content=\"4\u00a0Minuten\" \/>\n<script type=\"application\/ld+json\" class=\"yoast-schema-graph\">{\"@context\":\"https:\/\/schema.org\",\"@graph\":[{\"@type\":\"WebPage\",\"@id\":\"https:\/\/kinsta.com\/de\/devkinsta\/funktionen\/\",\"url\":\"https:\/\/kinsta.com\/de\/devkinsta\/funktionen\/\",\"name\":\"DevKinsta Funktionen\",\"isPartOf\":{\"@id\":\"https:\/\/kinsta.com\/de\/#website\"},\"primaryImageOfPage\":{\"@id\":\"https:\/\/kinsta.com\/de\/devkinsta\/funktionen\/#primaryimage\"},\"image\":{\"@id\":\"https:\/\/kinsta.com\/de\/devkinsta\/funktionen\/#primaryimage\"},\"thumbnailUrl\":\"https:\/\/kinsta.com\/de\/wp-content\/uploads\/sites\/5\/2021\/01\/devkinsta-featured-image.jpg\",\"datePublished\":\"2021-01-15T09:06:49+00:00\",\"dateModified\":\"2025-05-21T16:30:25+00:00\",\"description\":\"Erfahren Sie mehr \u00fcber die Funktionen von DevKinsta, wie z.B. die Erstellung von Webseiten mit nur einem Klick, Datenbankverwaltung, PHP-Versionswechsel, mehrsprachige Unterst\u00fctzung und vieles mehr!\",\"breadcrumb\":{\"@id\":\"https:\/\/kinsta.com\/de\/devkinsta\/funktionen\/#breadcrumb\"},\"inLanguage\":\"de\",\"potentialAction\":[{\"@type\":\"ReadAction\",\"target\":[\"https:\/\/kinsta.com\/de\/devkinsta\/funktionen\/\"]}]},{\"@type\":\"ImageObject\",\"inLanguage\":\"de\",\"@id\":\"https:\/\/kinsta.com\/de\/devkinsta\/funktionen\/#primaryimage\",\"url\":\"https:\/\/kinsta.com\/de\/wp-content\/uploads\/sites\/5\/2021\/01\/devkinsta-featured-image.jpg\",\"contentUrl\":\"https:\/\/kinsta.com\/de\/wp-content\/uploads\/sites\/5\/2021\/01\/devkinsta-featured-image.jpg\",\"width\":1200,\"height\":628,\"caption\":\"DevKinsta ist eine kostenlose Suite von lokalen Entwicklungstools f\u00fcr macOS und Windows. Verwenden Sie DevKinsta, um WordPress-Seiten zu erstellen, zu entwickeln und zu testen.\"},{\"@type\":\"BreadcrumbList\",\"@id\":\"https:\/\/kinsta.com\/de\/devkinsta\/funktionen\/#breadcrumb\",\"itemListElement\":[{\"@type\":\"ListItem\",\"position\":1,\"name\":\"Home\",\"item\":\"https:\/\/kinsta.com\/de\/\"},{\"@type\":\"ListItem\",\"position\":2,\"name\":\"Deine kostenlose lokale WordPress-Entwicklungssuite\",\"item\":\"https:\/\/kinsta.com\/de\/devkinsta\/\"},{\"@type\":\"ListItem\",\"position\":3,\"name\":\"DevKinsta Funktionen\"}]},{\"@type\":\"WebSite\",\"@id\":\"https:\/\/kinsta.com\/de\/#website\",\"url\":\"https:\/\/kinsta.com\/de\/\",\"name\":\"Kinsta\u00ae\",\"description\":\"Schnelle, sichere und hochwertige Hosting-L\u00f6sungen\",\"publisher\":{\"@id\":\"https:\/\/kinsta.com\/de\/#organization\"},\"potentialAction\":[{\"@type\":\"SearchAction\",\"target\":{\"@type\":\"EntryPoint\",\"urlTemplate\":\"https:\/\/kinsta.com\/de\/?s={search_term_string}\"},\"query-input\":{\"@type\":\"PropertyValueSpecification\",\"valueRequired\":true,\"valueName\":\"search_term_string\"}}],\"inLanguage\":\"de\"},{\"@type\":\"Organization\",\"@id\":\"https:\/\/kinsta.com\/de\/#organization\",\"name\":\"Kinsta\",\"url\":\"https:\/\/kinsta.com\/de\/\",\"logo\":{\"@type\":\"ImageObject\",\"inLanguage\":\"de\",\"@id\":\"https:\/\/kinsta.com\/de\/#\/schema\/logo\/image\/\",\"url\":\"https:\/\/kinsta.com\/de\/wp-content\/uploads\/sites\/5\/2023\/12\/kinsta-logo.jpeg\",\"contentUrl\":\"https:\/\/kinsta.com\/de\/wp-content\/uploads\/sites\/5\/2023\/12\/kinsta-logo.jpeg\",\"width\":500,\"height\":500,\"caption\":\"Kinsta\"},\"image\":{\"@id\":\"https:\/\/kinsta.com\/de\/#\/schema\/logo\/image\/\"},\"sameAs\":[\"https:\/\/www.facebook.com\/Kinsta-Deutschland-207459890108303\/\",\"https:\/\/x.com\/Kinsta_DE\",\"https:\/\/www.instagram.com\/kinstahosting\/\",\"https:\/\/www.linkedin.com\/company\/kinsta\/\",\"https:\/\/www.pinterest.com\/kinstahosting\/\",\"https:\/\/www.youtube.com\/c\/Kinsta\"]}]}<\/script>\n<!-- \/ Yoast SEO Premium plugin. -->","yoast_head_json":{"title":"DevKinsta Funktionen","description":"Erfahren Sie mehr \u00fcber die Funktionen von DevKinsta, wie z.B. die Erstellung von Webseiten mit nur einem Klick, Datenbankverwaltung, PHP-Versionswechsel, mehrsprachige Unterst\u00fctzung und vieles mehr!","robots":{"index":"index","follow":"follow","max-snippet":"max-snippet:-1","max-image-preview":"max-image-preview:large","max-video-preview":"max-video-preview:-1"},"canonical":"https:\/\/kinsta.com\/de\/devkinsta\/funktionen\/","og_locale":"de_DE","og_type":"article","og_title":"DevKinsta Funktionen","og_description":"Erfahren Sie mehr \u00fcber die Funktionen von DevKinsta, wie z.B. die Erstellung von Webseiten mit nur einem Klick, Datenbankverwaltung, PHP-Versionswechsel, mehrsprachige Unterst\u00fctzung und vieles mehr!","og_url":"https:\/\/kinsta.com\/de\/devkinsta\/funktionen\/","og_site_name":"Kinsta\u00ae","article_publisher":"https:\/\/www.facebook.com\/Kinsta-Deutschland-207459890108303\/","article_modified_time":"2025-05-21T16:30:25+00:00","og_image":[{"width":1200,"height":628,"url":"https:\/\/kinsta.com\/de\/wp-content\/uploads\/sites\/5\/2021\/01\/devkinsta-featured-image.jpg","type":"image\/jpeg"}],"twitter_card":"summary_large_image","twitter_description":"Erfahren Sie mehr \u00fcber die Funktionen von DevKinsta, wie z.B. die Erstellung von Webseiten mit nur einem Klick, Datenbankverwaltung, PHP-Versionswechsel, mehrsprachige Unterst\u00fctzung und vieles mehr!","twitter_image":"https:\/\/kinsta.com\/de\/wp-content\/uploads\/sites\/5\/2021\/01\/devkinsta-featured-image.jpg","twitter_site":"@Kinsta_DE","twitter_misc":{"Gesch\u00e4tzte Lesezeit":"4\u00a0Minuten"},"schema":{"@context":"https:\/\/schema.org","@graph":[{"@type":"WebPage","@id":"https:\/\/kinsta.com\/de\/devkinsta\/funktionen\/","url":"https:\/\/kinsta.com\/de\/devkinsta\/funktionen\/","name":"DevKinsta Funktionen","isPartOf":{"@id":"https:\/\/kinsta.com\/de\/#website"},"primaryImageOfPage":{"@id":"https:\/\/kinsta.com\/de\/devkinsta\/funktionen\/#primaryimage"},"image":{"@id":"https:\/\/kinsta.com\/de\/devkinsta\/funktionen\/#primaryimage"},"thumbnailUrl":"https:\/\/kinsta.com\/de\/wp-content\/uploads\/sites\/5\/2021\/01\/devkinsta-featured-image.jpg","datePublished":"2021-01-15T09:06:49+00:00","dateModified":"2025-05-21T16:30:25+00:00","description":"Erfahren Sie mehr \u00fcber die Funktionen von DevKinsta, wie z.B. die Erstellung von Webseiten mit nur einem Klick, Datenbankverwaltung, PHP-Versionswechsel, mehrsprachige Unterst\u00fctzung und vieles mehr!","breadcrumb":{"@id":"https:\/\/kinsta.com\/de\/devkinsta\/funktionen\/#breadcrumb"},"inLanguage":"de","potentialAction":[{"@type":"ReadAction","target":["https:\/\/kinsta.com\/de\/devkinsta\/funktionen\/"]}]},{"@type":"ImageObject","inLanguage":"de","@id":"https:\/\/kinsta.com\/de\/devkinsta\/funktionen\/#primaryimage","url":"https:\/\/kinsta.com\/de\/wp-content\/uploads\/sites\/5\/2021\/01\/devkinsta-featured-image.jpg","contentUrl":"https:\/\/kinsta.com\/de\/wp-content\/uploads\/sites\/5\/2021\/01\/devkinsta-featured-image.jpg","width":1200,"height":628,"caption":"DevKinsta ist eine kostenlose Suite von lokalen Entwicklungstools f\u00fcr macOS und Windows. Verwenden Sie DevKinsta, um WordPress-Seiten zu erstellen, zu entwickeln und zu testen."},{"@type":"BreadcrumbList","@id":"https:\/\/kinsta.com\/de\/devkinsta\/funktionen\/#breadcrumb","itemListElement":[{"@type":"ListItem","position":1,"name":"Home","item":"https:\/\/kinsta.com\/de\/"},{"@type":"ListItem","position":2,"name":"Deine kostenlose lokale WordPress-Entwicklungssuite","item":"https:\/\/kinsta.com\/de\/devkinsta\/"},{"@type":"ListItem","position":3,"name":"DevKinsta Funktionen"}]},{"@type":"WebSite","@id":"https:\/\/kinsta.com\/de\/#website","url":"https:\/\/kinsta.com\/de\/","name":"Kinsta\u00ae","description":"Schnelle, sichere und hochwertige Hosting-L\u00f6sungen","publisher":{"@id":"https:\/\/kinsta.com\/de\/#organization"},"potentialAction":[{"@type":"SearchAction","target":{"@type":"EntryPoint","urlTemplate":"https:\/\/kinsta.com\/de\/?s={search_term_string}"},"query-input":{"@type":"PropertyValueSpecification","valueRequired":true,"valueName":"search_term_string"}}],"inLanguage":"de"},{"@type":"Organization","@id":"https:\/\/kinsta.com\/de\/#organization","name":"Kinsta","url":"https:\/\/kinsta.com\/de\/","logo":{"@type":"ImageObject","inLanguage":"de","@id":"https:\/\/kinsta.com\/de\/#\/schema\/logo\/image\/","url":"https:\/\/kinsta.com\/de\/wp-content\/uploads\/sites\/5\/2023\/12\/kinsta-logo.jpeg","contentUrl":"https:\/\/kinsta.com\/de\/wp-content\/uploads\/sites\/5\/2023\/12\/kinsta-logo.jpeg","width":500,"height":500,"caption":"Kinsta"},"image":{"@id":"https:\/\/kinsta.com\/de\/#\/schema\/logo\/image\/"},"sameAs":["https:\/\/www.facebook.com\/Kinsta-Deutschland-207459890108303\/","https:\/\/x.com\/Kinsta_DE","https:\/\/www.instagram.com\/kinstahosting\/","https:\/\/www.linkedin.com\/company\/kinsta\/","https:\/\/www.pinterest.com\/kinstahosting\/","https:\/\/www.youtube.com\/c\/Kinsta"]}]}},"acf":[],"_links":{"self":[{"href":"https:\/\/kinsta.com\/de\/wp-json\/wp\/v2\/pages\/39951","targetHints":{"allow":["GET"]}}],"collection":[{"href":"https:\/\/kinsta.com\/de\/wp-json\/wp\/v2\/pages"}],"about":[{"href":"https:\/\/kinsta.com\/de\/wp-json\/wp\/v2\/types\/page"}],"author":[{"embeddable":true,"href":"https:\/\/kinsta.com\/de\/wp-json\/wp\/v2\/users\/115"}],"replies":[{"embeddable":true,"href":"https:\/\/kinsta.com\/de\/wp-json\/wp\/v2\/comments?post=39951"}],"version-history":[{"count":10,"href":"https:\/\/kinsta.com\/de\/wp-json\/wp\/v2\/pages\/39951\/revisions"}],"predecessor-version":[{"id":73288,"href":"https:\/\/kinsta.com\/de\/wp-json\/wp\/v2\/pages\/39951\/revisions\/73288"}],"up":[{"embeddable":true,"href":"https:\/\/kinsta.com\/de\/wp-json\/wp\/v2\/pages\/39955"}],"alternate":[{"embeddable":true,"hreflang":"en","title":"English","href":"https:\/\/kinsta.com\/de\/wp-json\/kinsta\/v1\/posts\/39951\/translations\/en"},{"embeddable":true,"hreflang":"es","title":"Spanish","href":"https:\/\/kinsta.com\/de\/wp-json\/kinsta\/v1\/posts\/39951\/translations\/es"},{"embeddable":true,"hreflang":"de","title":"German","href":"https:\/\/kinsta.com\/de\/wp-json\/kinsta\/v1\/posts\/39951\/translations\/de"},{"embeddable":true,"hreflang":"nl","title":"Dutch","href":"https:\/\/kinsta.com\/de\/wp-json\/kinsta\/v1\/posts\/39951\/translations\/nl"},{"embeddable":true,"hreflang":"it","title":"Italian","href":"https:\/\/kinsta.com\/de\/wp-json\/kinsta\/v1\/posts\/39951\/translations\/it"},{"embeddable":true,"hreflang":"pt","title":"Portuguese","href":"https:\/\/kinsta.com\/de\/wp-json\/kinsta\/v1\/posts\/39951\/translations\/pt"},{"embeddable":true,"hreflang":"fr","title":"French","href":"https:\/\/kinsta.com\/de\/wp-json\/kinsta\/v1\/posts\/39951\/translations\/fr"},{"embeddable":true,"hreflang":"ja","title":"Japanese","href":"https:\/\/kinsta.com\/de\/wp-json\/kinsta\/v1\/posts\/39951\/translations\/jp"},{"embeddable":true,"hreflang":"da","title":"Danish","href":"https:\/\/kinsta.com\/de\/wp-json\/kinsta\/v1\/posts\/39951\/translations\/dk"},{"embeddable":true,"hreflang":"sv","title":"Swedish","href":"https:\/\/kinsta.com\/de\/wp-json\/kinsta\/v1\/posts\/39951\/translations\/se"},{"href":"https:\/\/kinsta.com\/de\/wp-json\/kinsta\/v1\/posts\/39951\/tree"}],"wp:featuredmedia":[{"embeddable":true,"href":"https:\/\/kinsta.com\/de\/wp-json\/wp\/v2\/media\/39952"}],"wp:attachment":[{"href":"https:\/\/kinsta.com\/de\/wp-json\/wp\/v2\/media?parent=39951"}],"curies":[{"name":"wp","href":"https:\/\/api.w.org\/{rel}","templated":true}]}}