{"id":41378,"date":"2021-05-02T08:44:23","date_gmt":"2021-05-02T06:44:23","guid":{"rendered":"https:\/\/kinsta.com\/?page_id=91725"},"modified":"2021-08-11T10:35:15","modified_gmt":"2021-08-11T09:35:15","slug":"cheat-sheets","status":"publish","type":"page","link":"https:\/\/kinsta.com\/de\/cheat-sheets\/","title":{"rendered":"Cheat Sheets"},"content":{"rendered":"<div class=\"wp-block-kinsta-featured-entries wp-block-kinsta-featured-entries--type-page \">\n\n   <div class=\"posts-grid posts-grid--3-cols\">\n<div class=\"post-preview post-41380 page type-page status-publish has-post-thumbnail hentry\">\n    <a class=\"post-preview__thumbnail\" aria-hidden=\"true\" tabindex=\"-1\" href=\"https:\/\/kinsta.com\/de\/cheat-sheets\/seitengeschwindigkeit-cheat-sheet\/\">\n                        <img loading=\"lazy\" decoding=\"async\" width=\"360\" height=\"180\" src=\"https:\/\/kinsta.com\/de\/wp-content\/uploads\/sites\/5\/2023\/08\/Site-Speed-DE-360x180.jpg\" class=\"attachment-kinsta-thumbnail size-kinsta-thumbnail wp-post-image\" alt=\"\" aria-hidden=\"true\" tabindex=\"-1\" \/>            <\/a>\n\n    <div class=\"post-preview__content\">\n        \n<div class=\"post-preview__title-excerpt\">\n    <h2 class=\"post-preview__title\">\n                <a  href=\"https:\/\/kinsta.com\/de\/cheat-sheets\/seitengeschwindigkeit-cheat-sheet\/\" class=\"post-preview__link\">\n            Seitengeschwindigkeit Cheat Sheet        <\/a>\n    <\/h2>\n\n            <div class=\"post-preview__excerpt\">\n            Die Geschwindigkeit einer Seite ist entscheidend f\u00fcr die Suchmaschinenoptimierung und die Maximierung der Conversions, aber es ist nicht immer klar&hellip;        <\/div>\n    <\/div>\n<dl class=\"post-preview__meta\">\n            <dt><span class=\"screen-reader-text\">Lesezeit<\/span><\/dt>\n        <dd>1 min Lesezeit<\/dd>\n            <dt><span class=\"screen-reader-text\">Datum aktualisiert<\/span><\/dt>\n        <dd>M\u00e4rz 18, 2024<\/dd>\n    <\/dl>\n    <\/div>\n<\/div>\n\n<div class=\"post-preview post-41382 page type-page status-publish has-post-thumbnail hentry\">\n    <a class=\"post-preview__thumbnail\" aria-hidden=\"true\" tabindex=\"-1\" href=\"https:\/\/kinsta.com\/de\/cheat-sheets\/wordpress-seo-checkliste\/\">\n                        <img loading=\"lazy\" decoding=\"async\" width=\"360\" height=\"180\" src=\"https:\/\/kinsta.com\/de\/wp-content\/uploads\/sites\/5\/2021\/05\/Hero-seo-cheat-featured-360x180.png\" class=\"attachment-kinsta-thumbnail size-kinsta-thumbnail wp-post-image\" alt=\"\" aria-hidden=\"true\" tabindex=\"-1\" srcset=\"https:\/\/kinsta.com\/de\/wp-content\/uploads\/sites\/5\/2021\/05\/Hero-seo-cheat-featured-360x180.png 360w, https:\/\/kinsta.com\/de\/wp-content\/uploads\/sites\/5\/2021\/05\/Hero-seo-cheat-featured-300x150.png 300w, https:\/\/kinsta.com\/de\/wp-content\/uploads\/sites\/5\/2021\/05\/Hero-seo-cheat-featured-1024x512.png 1024w, https:\/\/kinsta.com\/de\/wp-content\/uploads\/sites\/5\/2021\/05\/Hero-seo-cheat-featured-768x384.png 768w, https:\/\/kinsta.com\/de\/wp-content\/uploads\/sites\/5\/2021\/05\/Hero-seo-cheat-featured.png 1460w\" sizes=\"auto, (max-width: 360px) 100vw, 360px\" \/>            <\/a>\n\n    <div class=\"post-preview__content\">\n        \n<div class=\"post-preview__title-excerpt\">\n    <h2 class=\"post-preview__title\">\n                <a  href=\"https:\/\/kinsta.com\/de\/cheat-sheets\/wordpress-seo-checkliste\/\" class=\"post-preview__link\">\n            WordPress SEO Checkliste        <\/a>\n    <\/h2>\n\n            <div class=\"post-preview__excerpt\">\n            Die Vorteile eines guten SEO sind weitreichend. Sie wirkt sich auf Besucherzahlen, Glaubw\u00fcrdigkeit, Benutzerfreundlichkeit und vieles mehr aus. Hie&hellip;        <\/div>\n    <\/div>\n<dl class=\"post-preview__meta\">\n            <dt><span class=\"screen-reader-text\">Datum aktualisiert<\/span><\/dt>\n        <dd>Oktober 2, 2023<\/dd>\n    <\/dl>\n    <\/div>\n<\/div>\n\n<div class=\"post-preview post-41385 page type-page status-publish has-post-thumbnail hentry\">\n    <a class=\"post-preview__thumbnail\" aria-hidden=\"true\" tabindex=\"-1\" href=\"https:\/\/kinsta.com\/de\/cheat-sheets\/seitensicherheit-cheat-sheet\/\">\n                        <img loading=\"lazy\" decoding=\"async\" width=\"360\" height=\"180\" src=\"https:\/\/kinsta.com\/de\/wp-content\/uploads\/sites\/5\/2023\/08\/Site-Security-DE-360x180.jpg\" class=\"attachment-kinsta-thumbnail size-kinsta-thumbnail wp-post-image\" alt=\"\" aria-hidden=\"true\" tabindex=\"-1\" \/>            <\/a>\n\n    <div class=\"post-preview__content\">\n        \n<div class=\"post-preview__title-excerpt\">\n    <h2 class=\"post-preview__title\">\n                <a  href=\"https:\/\/kinsta.com\/de\/cheat-sheets\/seitensicherheit-cheat-sheet\/\" class=\"post-preview__link\">\n            Spickzettel Seitensicherheit        <\/a>\n    <\/h2>\n\n            <div class=\"post-preview__excerpt\">\n            Sch\u00fctze den Ruf deiner Marke und reduziere das Risiko von Sicherheitsverst\u00f6\u00dfen mit diesen 5 wirkungsvollen Methoden zur Absicherung deiner Website&hellip;        <\/div>\n    <\/div>\n<dl class=\"post-preview__meta\">\n            <dt><span class=\"screen-reader-text\">Lesezeit<\/span><\/dt>\n        <dd>1 min Lesezeit<\/dd>\n            <dt><span class=\"screen-reader-text\">Datum aktualisiert<\/span><\/dt>\n        <dd>M\u00e4rz 18, 2024<\/dd>\n    <\/dl>\n    <\/div>\n<\/div>\n<\/div>\n    <\/div>\n\n\n\n<div class=\"wp-block-group aligncenter has-wp-gradient-background has-background is-layout-constrained wp-block-group-is-layout-constrained\">\n<h2 class=\"has-text-align-center wp-block-heading\" id=\"h-wir-haben-unseren-traffic-mit-wordpress-um-1-187-gesteigert-wir-zeigen-dir-wie\">Wir haben unseren Traffic mit WordPress um 1.187% gesteigert. Wir zeigen dir wie.<\/h2>\n\n\n\n<p class=\"has-text-align-center\">Schlie\u00dfe dich 20.000+ anderen an, die unseren w\u00f6chentlichen Newsletter mit WordPress-Insider-Tipps erhalten!<\/p>\n\n\n\n<div class=\"wp-block-kinsta-buttons aligncenter\">\n<a class=\"wp-block-kinsta-button has-turquoise-color\" href=\"#newsletter\">Jetzt abonnieren<\/a>\n<\/div>\n\n\n<dialog  id=\"newsletter\" class=\"dialog\" aria-hidden=\"true\">\n    <header class=\"dialog__header\">\n                    <h2 class=\"dialog__title\">\n                Abonniere den Kinsta-Newsletter            <\/h2>\n            <\/header>\n\n    <div class=\"dialog__content\">\n        <div class=\"signup-modal\">\n    <kinsta-form show-name=\"false\" show-message=\"false\" submit-button-text=\"Abonnieren\" success-title=\"Danke, dass du den Newsletter abonniert hast!\" success-message=\"Halte Ausschau nach unserer n\u00e4chsten Ausgabe.\" hubspot-source=\"subscribe_to_newsletter\" show-phone=\"false\" show-website=\"false\" show-company=\"true\" show-disk-space=\"false\" show-monthly-visits=\"false\" show-average-project-budget=\"false\" show-services-provided=\"false\" show-number-of-websites=\"false\" submit-button-text-loading=\"Abonnieren\"><\/kinsta-form>\n<\/div>\n    <\/div>\n\n    <\/dialog>\n<\/div>\n","protected":false},"excerpt":{"rendered":"","protected":false},"author":115,"featured_media":0,"parent":0,"menu_order":0,"comment_status":"closed","ping_status":"closed","template":"","meta":{"_kinsta_gated_content":false,"_kinsta_gated_content_redirect":"","footnotes":""},"class_list":["post-41378","page","type-page","status-publish","hentry"],"yoast_head":"<!-- This site is optimized with the Yoast SEO Premium plugin v24.6 (Yoast SEO v24.6) - https:\/\/yoast.com\/wordpress\/plugins\/seo\/ -->\n<title>Cheat Sheets - Kinsta<\/title>\n<meta name=\"description\" content=\"Bew\u00e4hrte Tipps von Kinsta, die dein Gesch\u00e4ft ankurbeln, verpackt auf einer Seite in herunterladbaren PDFs.\" \/>\n<meta name=\"robots\" content=\"index, follow, max-snippet:-1, max-image-preview:large, max-video-preview:-1\" \/>\n<link rel=\"canonical\" href=\"https:\/\/kinsta.com\/de\/cheat-sheets\/\" \/>\n<meta property=\"og:locale\" content=\"de_DE\" \/>\n<meta property=\"og:type\" content=\"article\" \/>\n<meta property=\"og:title\" content=\"Cheat Sheets\" \/>\n<meta property=\"og:description\" content=\"Bew\u00e4hrte Tipps von Kinsta, die dein Gesch\u00e4ft ankurbeln, verpackt auf einer Seite in herunterladbaren PDFs.\" \/>\n<meta property=\"og:url\" content=\"https:\/\/kinsta.com\/de\/cheat-sheets\/\" \/>\n<meta property=\"og:site_name\" content=\"Kinsta\u00ae\" \/>\n<meta property=\"article:publisher\" content=\"https:\/\/www.facebook.com\/Kinsta-Deutschland-207459890108303\/\" \/>\n<meta property=\"article:modified_time\" content=\"2021-08-11T09:35:15+00:00\" \/>\n<meta property=\"og:image\" content=\"https:\/\/kinsta.com\/de\/wp-content\/uploads\/sites\/5\/2023\/12\/kinsta-homepage-de.png\" \/>\n\t<meta property=\"og:image:width\" content=\"1200\" \/>\n\t<meta property=\"og:image:height\" content=\"628\" \/>\n\t<meta property=\"og:image:type\" content=\"image\/png\" \/>\n<meta name=\"twitter:card\" content=\"summary_large_image\" \/>\n<meta name=\"twitter:description\" content=\"Bew\u00e4hrte Tipps von Kinsta, die dein Gesch\u00e4ft ankurbeln, verpackt auf einer Seite in herunterladbaren PDFs.\" \/>\n<meta name=\"twitter:image\" content=\"https:\/\/kinsta.com\/de\/wp-content\/uploads\/sites\/5\/2023\/12\/kinsta-homepage-de.png\" \/>\n<meta name=\"twitter:site\" content=\"@Kinsta_DE\" \/>\n<script type=\"application\/ld+json\" class=\"yoast-schema-graph\">{\"@context\":\"https:\/\/schema.org\",\"@graph\":[{\"@type\":\"WebPage\",\"@id\":\"https:\/\/kinsta.com\/de\/cheat-sheets\/\",\"url\":\"https:\/\/kinsta.com\/de\/cheat-sheets\/\",\"name\":\"Cheat Sheets - Kinsta\",\"isPartOf\":{\"@id\":\"https:\/\/kinsta.com\/de\/#website\"},\"datePublished\":\"2021-05-02T06:44:23+00:00\",\"dateModified\":\"2021-08-11T09:35:15+00:00\",\"description\":\"Bew\u00e4hrte Tipps von Kinsta, die dein Gesch\u00e4ft ankurbeln, verpackt auf einer Seite in herunterladbaren PDFs.\",\"breadcrumb\":{\"@id\":\"https:\/\/kinsta.com\/de\/cheat-sheets\/#breadcrumb\"},\"inLanguage\":\"de\",\"potentialAction\":[{\"@type\":\"ReadAction\",\"target\":[\"https:\/\/kinsta.com\/de\/cheat-sheets\/\"]}]},{\"@type\":\"BreadcrumbList\",\"@id\":\"https:\/\/kinsta.com\/de\/cheat-sheets\/#breadcrumb\",\"itemListElement\":[{\"@type\":\"ListItem\",\"position\":1,\"name\":\"Home\",\"item\":\"https:\/\/kinsta.com\/de\/\"},{\"@type\":\"ListItem\",\"position\":2,\"name\":\"Cheat Sheets\"}]},{\"@type\":\"WebSite\",\"@id\":\"https:\/\/kinsta.com\/de\/#website\",\"url\":\"https:\/\/kinsta.com\/de\/\",\"name\":\"Kinsta\u00ae\",\"description\":\"Schnelle, sichere und hochwertige Hosting-L\u00f6sungen\",\"publisher\":{\"@id\":\"https:\/\/kinsta.com\/de\/#organization\"},\"potentialAction\":[{\"@type\":\"SearchAction\",\"target\":{\"@type\":\"EntryPoint\",\"urlTemplate\":\"https:\/\/kinsta.com\/de\/?s={search_term_string}\"},\"query-input\":{\"@type\":\"PropertyValueSpecification\",\"valueRequired\":true,\"valueName\":\"search_term_string\"}}],\"inLanguage\":\"de\"},{\"@type\":\"Organization\",\"@id\":\"https:\/\/kinsta.com\/de\/#organization\",\"name\":\"Kinsta\",\"url\":\"https:\/\/kinsta.com\/de\/\",\"logo\":{\"@type\":\"ImageObject\",\"inLanguage\":\"de\",\"@id\":\"https:\/\/kinsta.com\/de\/#\/schema\/logo\/image\/\",\"url\":\"https:\/\/kinsta.com\/de\/wp-content\/uploads\/sites\/5\/2023\/12\/kinsta-logo.jpeg\",\"contentUrl\":\"https:\/\/kinsta.com\/de\/wp-content\/uploads\/sites\/5\/2023\/12\/kinsta-logo.jpeg\",\"width\":500,\"height\":500,\"caption\":\"Kinsta\"},\"image\":{\"@id\":\"https:\/\/kinsta.com\/de\/#\/schema\/logo\/image\/\"},\"sameAs\":[\"https:\/\/www.facebook.com\/Kinsta-Deutschland-207459890108303\/\",\"https:\/\/x.com\/Kinsta_DE\",\"https:\/\/www.instagram.com\/kinstahosting\/\",\"https:\/\/www.linkedin.com\/company\/kinsta\/\",\"https:\/\/www.pinterest.com\/kinstahosting\/\",\"https:\/\/www.youtube.com\/c\/Kinsta\"]}]}<\/script>\n<!-- \/ Yoast SEO Premium plugin. -->","yoast_head_json":{"title":"Cheat Sheets - Kinsta","description":"Bew\u00e4hrte Tipps von Kinsta, die dein Gesch\u00e4ft ankurbeln, verpackt auf einer Seite in herunterladbaren PDFs.","robots":{"index":"index","follow":"follow","max-snippet":"max-snippet:-1","max-image-preview":"max-image-preview:large","max-video-preview":"max-video-preview:-1"},"canonical":"https:\/\/kinsta.com\/de\/cheat-sheets\/","og_locale":"de_DE","og_type":"article","og_title":"Cheat Sheets","og_description":"Bew\u00e4hrte Tipps von Kinsta, die dein Gesch\u00e4ft ankurbeln, verpackt auf einer Seite in herunterladbaren PDFs.","og_url":"https:\/\/kinsta.com\/de\/cheat-sheets\/","og_site_name":"Kinsta\u00ae","article_publisher":"https:\/\/www.facebook.com\/Kinsta-Deutschland-207459890108303\/","article_modified_time":"2021-08-11T09:35:15+00:00","og_image":[{"width":1200,"height":628,"url":"https:\/\/kinsta.com\/de\/wp-content\/uploads\/sites\/5\/2023\/12\/kinsta-homepage-de.png","type":"image\/png"}],"twitter_card":"summary_large_image","twitter_description":"Bew\u00e4hrte Tipps von Kinsta, die dein Gesch\u00e4ft ankurbeln, verpackt auf einer Seite in herunterladbaren PDFs.","twitter_image":"https:\/\/kinsta.com\/de\/wp-content\/uploads\/sites\/5\/2023\/12\/kinsta-homepage-de.png","twitter_site":"@Kinsta_DE","schema":{"@context":"https:\/\/schema.org","@graph":[{"@type":"WebPage","@id":"https:\/\/kinsta.com\/de\/cheat-sheets\/","url":"https:\/\/kinsta.com\/de\/cheat-sheets\/","name":"Cheat Sheets - Kinsta","isPartOf":{"@id":"https:\/\/kinsta.com\/de\/#website"},"datePublished":"2021-05-02T06:44:23+00:00","dateModified":"2021-08-11T09:35:15+00:00","description":"Bew\u00e4hrte Tipps von Kinsta, die dein Gesch\u00e4ft ankurbeln, verpackt auf einer Seite in herunterladbaren PDFs.","breadcrumb":{"@id":"https:\/\/kinsta.com\/de\/cheat-sheets\/#breadcrumb"},"inLanguage":"de","potentialAction":[{"@type":"ReadAction","target":["https:\/\/kinsta.com\/de\/cheat-sheets\/"]}]},{"@type":"BreadcrumbList","@id":"https:\/\/kinsta.com\/de\/cheat-sheets\/#breadcrumb","itemListElement":[{"@type":"ListItem","position":1,"name":"Home","item":"https:\/\/kinsta.com\/de\/"},{"@type":"ListItem","position":2,"name":"Cheat Sheets"}]},{"@type":"WebSite","@id":"https:\/\/kinsta.com\/de\/#website","url":"https:\/\/kinsta.com\/de\/","name":"Kinsta\u00ae","description":"Schnelle, sichere und hochwertige Hosting-L\u00f6sungen","publisher":{"@id":"https:\/\/kinsta.com\/de\/#organization"},"potentialAction":[{"@type":"SearchAction","target":{"@type":"EntryPoint","urlTemplate":"https:\/\/kinsta.com\/de\/?s={search_term_string}"},"query-input":{"@type":"PropertyValueSpecification","valueRequired":true,"valueName":"search_term_string"}}],"inLanguage":"de"},{"@type":"Organization","@id":"https:\/\/kinsta.com\/de\/#organization","name":"Kinsta","url":"https:\/\/kinsta.com\/de\/","logo":{"@type":"ImageObject","inLanguage":"de","@id":"https:\/\/kinsta.com\/de\/#\/schema\/logo\/image\/","url":"https:\/\/kinsta.com\/de\/wp-content\/uploads\/sites\/5\/2023\/12\/kinsta-logo.jpeg","contentUrl":"https:\/\/kinsta.com\/de\/wp-content\/uploads\/sites\/5\/2023\/12\/kinsta-logo.jpeg","width":500,"height":500,"caption":"Kinsta"},"image":{"@id":"https:\/\/kinsta.com\/de\/#\/schema\/logo\/image\/"},"sameAs":["https:\/\/www.facebook.com\/Kinsta-Deutschland-207459890108303\/","https:\/\/x.com\/Kinsta_DE","https:\/\/www.instagram.com\/kinstahosting\/","https:\/\/www.linkedin.com\/company\/kinsta\/","https:\/\/www.pinterest.com\/kinstahosting\/","https:\/\/www.youtube.com\/c\/Kinsta"]}]}},"acf":[],"_links":{"self":[{"href":"https:\/\/kinsta.com\/de\/wp-json\/wp\/v2\/pages\/41378","targetHints":{"allow":["GET"]}}],"collection":[{"href":"https:\/\/kinsta.com\/de\/wp-json\/wp\/v2\/pages"}],"about":[{"href":"https:\/\/kinsta.com\/de\/wp-json\/wp\/v2\/types\/page"}],"author":[{"embeddable":true,"href":"https:\/\/kinsta.com\/de\/wp-json\/wp\/v2\/users\/115"}],"replies":[{"embeddable":true,"href":"https:\/\/kinsta.com\/de\/wp-json\/wp\/v2\/comments?post=41378"}],"version-history":[{"count":3,"href":"https:\/\/kinsta.com\/de\/wp-json\/wp\/v2\/pages\/41378\/revisions"}],"predecessor-version":[{"id":41760,"href":"https:\/\/kinsta.com\/de\/wp-json\/wp\/v2\/pages\/41378\/revisions\/41760"}],"alternate":[{"embeddable":true,"hreflang":"en","title":"English","href":"https:\/\/kinsta.com\/de\/wp-json\/kinsta\/v1\/posts\/41378\/translations\/en"},{"embeddable":true,"hreflang":"da","title":"Danish","href":"https:\/\/kinsta.com\/de\/wp-json\/kinsta\/v1\/posts\/41378\/translations\/dk"},{"embeddable":true,"hreflang":"nl","title":"Dutch","href":"https:\/\/kinsta.com\/de\/wp-json\/kinsta\/v1\/posts\/41378\/translations\/nl"},{"embeddable":true,"hreflang":"fr","title":"French","href":"https:\/\/kinsta.com\/de\/wp-json\/kinsta\/v1\/posts\/41378\/translations\/fr"},{"embeddable":true,"hreflang":"de","title":"German","href":"https:\/\/kinsta.com\/de\/wp-json\/kinsta\/v1\/posts\/41378\/translations\/de"},{"embeddable":true,"hreflang":"it","title":"Italian","href":"https:\/\/kinsta.com\/de\/wp-json\/kinsta\/v1\/posts\/41378\/translations\/it"},{"embeddable":true,"hreflang":"ja","title":"Japanese","href":"https:\/\/kinsta.com\/de\/wp-json\/kinsta\/v1\/posts\/41378\/translations\/jp"},{"embeddable":true,"hreflang":"pt","title":"Portuguese","href":"https:\/\/kinsta.com\/de\/wp-json\/kinsta\/v1\/posts\/41378\/translations\/pt"},{"embeddable":true,"hreflang":"es","title":"Spanish","href":"https:\/\/kinsta.com\/de\/wp-json\/kinsta\/v1\/posts\/41378\/translations\/es"},{"embeddable":true,"hreflang":"sv","title":"Swedish","href":"https:\/\/kinsta.com\/de\/wp-json\/kinsta\/v1\/posts\/41378\/translations\/se"},{"href":"https:\/\/kinsta.com\/de\/wp-json\/kinsta\/v1\/posts\/41378\/tree"}],"wp:attachment":[{"href":"https:\/\/kinsta.com\/de\/wp-json\/wp\/v2\/media?parent=41378"}],"curies":[{"name":"wp","href":"https:\/\/api.w.org\/{rel}","templated":true}]}}