{"id":41385,"date":"2021-05-02T09:57:57","date_gmt":"2021-05-02T07:57:57","guid":{"rendered":"https:\/\/kinsta.com\/?page_id=92464"},"modified":"2024-03-18T22:54:44","modified_gmt":"2024-03-18T21:54:44","slug":"seitensicherheit-cheat-sheet","status":"publish","type":"page","link":"https:\/\/kinsta.com\/de\/cheat-sheets\/seitensicherheit-cheat-sheet\/","title":{"rendered":"Spickzettel Seitensicherheit"},"content":{"rendered":"\n<header class=\"wp-block-kinsta-hero-title is-style-center-screenshot alignfull\"><div class=\"wp-block-kinsta-hero-title__inner\">\n<div class=\"wp-block-kinsta-columns is-vertical-center\">\n<div class=\"wp-block-kinsta-column wp-block-kinsta-columns__column\">\n<div class=\"wp-block-kinsta-hero-title-content wp-block-kinsta-hero-title__content\"><h1 class=\"wp-block-kinsta-hero-title__title\">Spickzettel Seitensicherheit<\/h1>\n<p>Sch\u00fctze den Ruf deiner Marke und reduziere das Risiko von Sicherheitsverletzungen mit diesen 5 wirkungsvollen Methoden, um deine Website und deine Daten zu sch\u00fctzen.<\/p>\n\n\n\n<div class=\"wp-block-kinsta-buttons alignleft\">\n<a class=\"wp-block-kinsta-button has-turquoise-color\" href=\"#download\">Kostenlos herunterladen<\/a>\n\n\n<\/div>\n<\/div>\n<\/div>\n\n\n\n<div class=\"wp-block-kinsta-column wp-block-kinsta-columns__column\">\n<div class=\"wp-block-kinsta-hero-title-secondary wp-block-kinsta-hero-title__secondary\"><\/div>\n<\/div>\n<\/div>\n<\/div><\/header>\n\n\n<dialog  id=\"download\" class=\"dialog\" aria-hidden=\"true\">\n    <header class=\"dialog__header\">\n                    <h2 class=\"dialog__title\">\n                Lade das Cheatsheet herunter            <\/h2>\n            <\/header>\n\n    <div class=\"dialog__content\">\n        <div class=\"signup-modal\">\n    <kinsta-form show-name=\"true\" show-message=\"false\" submit-button-text=\"Herunterladen\" success-title=\"Danke!\" success-message=\"Wir hoffen, Sie genie\u00dfen es!\" hubspot-source=\"site-security-cheat-sheet\" show-phone=\"false\" show-website=\"false\" show-company=\"true\" show-disk-space=\"false\" show-monthly-visits=\"false\" show-average-project-budget=\"false\" show-services-provided=\"false\" show-number-of-websites=\"false\" submit-button-text-loading=\"Startender Herunterladen\" success-redirect=\"https:\/\/kinsta.com\/de\/wp-content\/uploads\/sites\/5\/2024\/03\/DE-site-security-cheat-sheet.pdf\"><\/kinsta-form>\n<\/div>\n    <\/div>\n\n    <\/dialog>\n\n\n\n<div class=\"wp-block-kinsta-columns is-vertical-center\">\n<div class=\"wp-block-kinsta-column wp-block-kinsta-columns__column\">\n<h2 class=\"wp-block-heading\" id=\"h-wie-du-deine-sicherheit-noch-einen-schritt-weiter-verbessern-kannst\">Wie du deine Sicherheit noch einen Schritt weiter verbessern kannst<\/h2>\n\n\n\n<p>Betrachte unser <strong>Seitensicherheit Cheat Sheet<\/strong> als den Trailer zu unserem Kinofilm, oder in diesem Fall, zu unserem kostenloses eBook. <a href=\"https:\/\/kinsta.com\/de\/ebooks\/wordpress\/wie-man-wordpress-seiten-sichert\/\"><strong>Der ultimative Leitfaden zur Absicherung von Kundenseiten<\/strong><\/a><strong> <\/strong>enth\u00e4lt 11 zus\u00e4tzliche Empfehlungen, die du umsetzen kannst, um die Wahrscheinlichkeit eines Hacks oder einer Sicherheitsverletzung zu verringern.<\/p>\n\n\n\n<h3 class=\"wp-block-heading\" id=\"h-was-du-lernen-wirst\">Was du lernen wirst:<\/h3>\n\n\n\n<ul class=\"wp-block-list\">\n<li>Komplexe Benutzernamen und Passw\u00f6rter<\/li>\n\n\n\n<li>Verwendung von HTTPS f\u00fcr verschl\u00fcsselte Verbindungen, auch f\u00fcr nicht-eCommerce Seiten<\/li>\n\n\n\n<li>Deaktivieren von XML-RPC<\/li>\n\n\n\n<li>Hinzuf\u00fcgen der neuesten HTTP-Sicherheits-Header<\/li>\n\n\n\n<li>Sicherheits-Plugins<\/li>\n<\/ul>\n\n\n\n<div class=\"wp-block-kinsta-buttons\">\n<a class=\"wp-block-kinsta-button\" href=\"https:\/\/kinsta.com\/de\/ebooks\/wordpress\/wie-man-wordpress-seiten-sichert\/\">Lade das eBook herunter<\/a>\n<\/div>\n<\/div>\n\n\n\n<div class=\"wp-block-kinsta-column wp-block-kinsta-columns__column\">\n<figure class=\"wp-block-image aligncenter size-large is-style-plain\"><a href=\"https:\/\/kinsta.com\/de\/wp-content\/uploads\/sites\/5\/2021\/05\/EBOOK-Secure-DE.png\"><img loading=\"lazy\" decoding=\"async\" width=\"445\" height=\"519\" src=\"https:\/\/kinsta.com\/de\/wp-content\/uploads\/sites\/5\/2021\/05\/EBOOK-Secure-DE.png\" alt class=\"wp-image-41458\" srcset=\"https:\/\/kinsta.com\/de\/wp-content\/uploads\/sites\/5\/2021\/05\/EBOOK-Secure-DE.png 445w, https:\/\/kinsta.com\/de\/wp-content\/uploads\/sites\/5\/2021\/05\/EBOOK-Secure-DE-257x300.png 257w\" sizes=\"auto, (max-width: 445px) 100vw, 445px\" \/><\/a><\/figure>\n\n\n\n<p><\/p>\n<\/div>\n<\/div>\n","protected":false},"excerpt":{"rendered":"","protected":false},"author":155,"featured_media":64706,"parent":41378,"menu_order":0,"comment_status":"closed","ping_status":"closed","template":"","meta":{"_kinsta_gated_content":false,"_kinsta_gated_content_redirect":"\/cheatsheets\/","footnotes":""},"class_list":["post-41385","page","type-page","status-publish","has-post-thumbnail","hentry"],"yoast_head":"<!-- This site is optimized with the Yoast SEO Premium plugin v24.6 (Yoast SEO v24.6) - https:\/\/yoast.com\/wordpress\/plugins\/seo\/ -->\n<title>Spickzettel Seitensicherheit - Kinsta\u00ae<\/title>\n<meta name=\"description\" content=\"Sch\u00fctze den Ruf deiner Marke und reduziere das Risiko von Sicherheitsverst\u00f6\u00dfen mit diesen 5 wirkungsvollen Methoden zur Absicherung deiner Website und der Datensicherheit.\" \/>\n<meta name=\"robots\" content=\"index, follow, max-snippet:-1, max-image-preview:large, max-video-preview:-1\" \/>\n<link rel=\"canonical\" href=\"https:\/\/kinsta.com\/de\/cheat-sheets\/seitensicherheit-cheat-sheet\/\" \/>\n<meta property=\"og:locale\" content=\"de_DE\" \/>\n<meta property=\"og:type\" content=\"article\" \/>\n<meta property=\"og:title\" content=\"Spickzettel Seitensicherheit\" \/>\n<meta property=\"og:description\" content=\"Sch\u00fctze den Ruf deiner Marke und reduziere das Risiko von Sicherheitsverst\u00f6\u00dfen mit diesen 5 wirkungsvollen Methoden zur Absicherung deiner Website und der Datensicherheit.\" \/>\n<meta property=\"og:url\" content=\"https:\/\/kinsta.com\/de\/cheat-sheets\/seitensicherheit-cheat-sheet\/\" \/>\n<meta property=\"og:site_name\" content=\"Kinsta\u00ae\" \/>\n<meta property=\"article:publisher\" content=\"https:\/\/www.facebook.com\/Kinsta-Deutschland-207459890108303\/\" \/>\n<meta property=\"article:modified_time\" content=\"2024-03-18T21:54:44+00:00\" \/>\n<meta property=\"og:image\" content=\"https:\/\/kinsta.com\/de\/wp-content\/uploads\/sites\/5\/2023\/08\/Site-Security-DE.jpg\" \/>\n\t<meta property=\"og:image:width\" content=\"1200\" \/>\n\t<meta property=\"og:image:height\" content=\"628\" \/>\n\t<meta property=\"og:image:type\" content=\"image\/jpeg\" \/>\n<meta name=\"twitter:card\" content=\"summary_large_image\" \/>\n<meta name=\"twitter:description\" content=\"Sch\u00fctze den Ruf deiner Marke und reduziere das Risiko von Sicherheitsverst\u00f6\u00dfen mit diesen 5 wirkungsvollen Methoden zur Absicherung deiner Website und der Datensicherheit.\" \/>\n<meta name=\"twitter:image\" content=\"https:\/\/kinsta.com\/de\/wp-content\/uploads\/sites\/5\/2023\/08\/Site-Security-DE.jpg\" \/>\n<meta name=\"twitter:site\" content=\"@Kinsta_DE\" \/>\n<meta name=\"twitter:label1\" content=\"Gesch\u00e4tzte Lesezeit\" \/>\n\t<meta name=\"twitter:data1\" content=\"1\u00a0Minute\" \/>\n<script type=\"application\/ld+json\" class=\"yoast-schema-graph\">{\"@context\":\"https:\/\/schema.org\",\"@graph\":[{\"@type\":\"WebPage\",\"@id\":\"https:\/\/kinsta.com\/de\/cheat-sheets\/seitensicherheit-cheat-sheet\/\",\"url\":\"https:\/\/kinsta.com\/de\/cheat-sheets\/seitensicherheit-cheat-sheet\/\",\"name\":\"Spickzettel Seitensicherheit - Kinsta\u00ae\",\"isPartOf\":{\"@id\":\"https:\/\/kinsta.com\/de\/#website\"},\"primaryImageOfPage\":{\"@id\":\"https:\/\/kinsta.com\/de\/cheat-sheets\/seitensicherheit-cheat-sheet\/#primaryimage\"},\"image\":{\"@id\":\"https:\/\/kinsta.com\/de\/cheat-sheets\/seitensicherheit-cheat-sheet\/#primaryimage\"},\"thumbnailUrl\":\"https:\/\/kinsta.com\/de\/wp-content\/uploads\/sites\/5\/2023\/08\/Site-Security-DE.jpg\",\"datePublished\":\"2021-05-02T07:57:57+00:00\",\"dateModified\":\"2024-03-18T21:54:44+00:00\",\"description\":\"Sch\u00fctze den Ruf deiner Marke und reduziere das Risiko von Sicherheitsverst\u00f6\u00dfen mit diesen 5 wirkungsvollen Methoden zur Absicherung deiner Website und der Datensicherheit.\",\"breadcrumb\":{\"@id\":\"https:\/\/kinsta.com\/de\/cheat-sheets\/seitensicherheit-cheat-sheet\/#breadcrumb\"},\"inLanguage\":\"de\",\"potentialAction\":[{\"@type\":\"ReadAction\",\"target\":[\"https:\/\/kinsta.com\/de\/cheat-sheets\/seitensicherheit-cheat-sheet\/\"]}]},{\"@type\":\"ImageObject\",\"inLanguage\":\"de\",\"@id\":\"https:\/\/kinsta.com\/de\/cheat-sheets\/seitensicherheit-cheat-sheet\/#primaryimage\",\"url\":\"https:\/\/kinsta.com\/de\/wp-content\/uploads\/sites\/5\/2023\/08\/Site-Security-DE.jpg\",\"contentUrl\":\"https:\/\/kinsta.com\/de\/wp-content\/uploads\/sites\/5\/2023\/08\/Site-Security-DE.jpg\",\"width\":1200,\"height\":628},{\"@type\":\"BreadcrumbList\",\"@id\":\"https:\/\/kinsta.com\/de\/cheat-sheets\/seitensicherheit-cheat-sheet\/#breadcrumb\",\"itemListElement\":[{\"@type\":\"ListItem\",\"position\":1,\"name\":\"Home\",\"item\":\"https:\/\/kinsta.com\/de\/\"},{\"@type\":\"ListItem\",\"position\":2,\"name\":\"Cheat Sheets\",\"item\":\"https:\/\/kinsta.com\/de\/cheat-sheets\/\"},{\"@type\":\"ListItem\",\"position\":3,\"name\":\"Spickzettel Seitensicherheit\"}]},{\"@type\":\"WebSite\",\"@id\":\"https:\/\/kinsta.com\/de\/#website\",\"url\":\"https:\/\/kinsta.com\/de\/\",\"name\":\"Kinsta\u00ae\",\"description\":\"Schnelle, sichere und hochwertige Hosting-L\u00f6sungen\",\"publisher\":{\"@id\":\"https:\/\/kinsta.com\/de\/#organization\"},\"potentialAction\":[{\"@type\":\"SearchAction\",\"target\":{\"@type\":\"EntryPoint\",\"urlTemplate\":\"https:\/\/kinsta.com\/de\/?s={search_term_string}\"},\"query-input\":{\"@type\":\"PropertyValueSpecification\",\"valueRequired\":true,\"valueName\":\"search_term_string\"}}],\"inLanguage\":\"de\"},{\"@type\":\"Organization\",\"@id\":\"https:\/\/kinsta.com\/de\/#organization\",\"name\":\"Kinsta\",\"url\":\"https:\/\/kinsta.com\/de\/\",\"logo\":{\"@type\":\"ImageObject\",\"inLanguage\":\"de\",\"@id\":\"https:\/\/kinsta.com\/de\/#\/schema\/logo\/image\/\",\"url\":\"https:\/\/kinsta.com\/de\/wp-content\/uploads\/sites\/5\/2023\/12\/kinsta-logo.jpeg\",\"contentUrl\":\"https:\/\/kinsta.com\/de\/wp-content\/uploads\/sites\/5\/2023\/12\/kinsta-logo.jpeg\",\"width\":500,\"height\":500,\"caption\":\"Kinsta\"},\"image\":{\"@id\":\"https:\/\/kinsta.com\/de\/#\/schema\/logo\/image\/\"},\"sameAs\":[\"https:\/\/www.facebook.com\/Kinsta-Deutschland-207459890108303\/\",\"https:\/\/x.com\/Kinsta_DE\",\"https:\/\/www.instagram.com\/kinstahosting\/\",\"https:\/\/www.linkedin.com\/company\/kinsta\/\",\"https:\/\/www.pinterest.com\/kinstahosting\/\",\"https:\/\/www.youtube.com\/c\/Kinsta\"]}]}<\/script>\n<!-- \/ Yoast SEO Premium plugin. -->","yoast_head_json":{"title":"Spickzettel Seitensicherheit - Kinsta\u00ae","description":"Sch\u00fctze den Ruf deiner Marke und reduziere das Risiko von Sicherheitsverst\u00f6\u00dfen mit diesen 5 wirkungsvollen Methoden zur Absicherung deiner Website und der Datensicherheit.","robots":{"index":"index","follow":"follow","max-snippet":"max-snippet:-1","max-image-preview":"max-image-preview:large","max-video-preview":"max-video-preview:-1"},"canonical":"https:\/\/kinsta.com\/de\/cheat-sheets\/seitensicherheit-cheat-sheet\/","og_locale":"de_DE","og_type":"article","og_title":"Spickzettel Seitensicherheit","og_description":"Sch\u00fctze den Ruf deiner Marke und reduziere das Risiko von Sicherheitsverst\u00f6\u00dfen mit diesen 5 wirkungsvollen Methoden zur Absicherung deiner Website und der Datensicherheit.","og_url":"https:\/\/kinsta.com\/de\/cheat-sheets\/seitensicherheit-cheat-sheet\/","og_site_name":"Kinsta\u00ae","article_publisher":"https:\/\/www.facebook.com\/Kinsta-Deutschland-207459890108303\/","article_modified_time":"2024-03-18T21:54:44+00:00","og_image":[{"width":1200,"height":628,"url":"https:\/\/kinsta.com\/de\/wp-content\/uploads\/sites\/5\/2023\/08\/Site-Security-DE.jpg","type":"image\/jpeg"}],"twitter_card":"summary_large_image","twitter_description":"Sch\u00fctze den Ruf deiner Marke und reduziere das Risiko von Sicherheitsverst\u00f6\u00dfen mit diesen 5 wirkungsvollen Methoden zur Absicherung deiner Website und der Datensicherheit.","twitter_image":"https:\/\/kinsta.com\/de\/wp-content\/uploads\/sites\/5\/2023\/08\/Site-Security-DE.jpg","twitter_site":"@Kinsta_DE","twitter_misc":{"Gesch\u00e4tzte Lesezeit":"1\u00a0Minute"},"schema":{"@context":"https:\/\/schema.org","@graph":[{"@type":"WebPage","@id":"https:\/\/kinsta.com\/de\/cheat-sheets\/seitensicherheit-cheat-sheet\/","url":"https:\/\/kinsta.com\/de\/cheat-sheets\/seitensicherheit-cheat-sheet\/","name":"Spickzettel Seitensicherheit - Kinsta\u00ae","isPartOf":{"@id":"https:\/\/kinsta.com\/de\/#website"},"primaryImageOfPage":{"@id":"https:\/\/kinsta.com\/de\/cheat-sheets\/seitensicherheit-cheat-sheet\/#primaryimage"},"image":{"@id":"https:\/\/kinsta.com\/de\/cheat-sheets\/seitensicherheit-cheat-sheet\/#primaryimage"},"thumbnailUrl":"https:\/\/kinsta.com\/de\/wp-content\/uploads\/sites\/5\/2023\/08\/Site-Security-DE.jpg","datePublished":"2021-05-02T07:57:57+00:00","dateModified":"2024-03-18T21:54:44+00:00","description":"Sch\u00fctze den Ruf deiner Marke und reduziere das Risiko von Sicherheitsverst\u00f6\u00dfen mit diesen 5 wirkungsvollen Methoden zur Absicherung deiner Website und der Datensicherheit.","breadcrumb":{"@id":"https:\/\/kinsta.com\/de\/cheat-sheets\/seitensicherheit-cheat-sheet\/#breadcrumb"},"inLanguage":"de","potentialAction":[{"@type":"ReadAction","target":["https:\/\/kinsta.com\/de\/cheat-sheets\/seitensicherheit-cheat-sheet\/"]}]},{"@type":"ImageObject","inLanguage":"de","@id":"https:\/\/kinsta.com\/de\/cheat-sheets\/seitensicherheit-cheat-sheet\/#primaryimage","url":"https:\/\/kinsta.com\/de\/wp-content\/uploads\/sites\/5\/2023\/08\/Site-Security-DE.jpg","contentUrl":"https:\/\/kinsta.com\/de\/wp-content\/uploads\/sites\/5\/2023\/08\/Site-Security-DE.jpg","width":1200,"height":628},{"@type":"BreadcrumbList","@id":"https:\/\/kinsta.com\/de\/cheat-sheets\/seitensicherheit-cheat-sheet\/#breadcrumb","itemListElement":[{"@type":"ListItem","position":1,"name":"Home","item":"https:\/\/kinsta.com\/de\/"},{"@type":"ListItem","position":2,"name":"Cheat Sheets","item":"https:\/\/kinsta.com\/de\/cheat-sheets\/"},{"@type":"ListItem","position":3,"name":"Spickzettel Seitensicherheit"}]},{"@type":"WebSite","@id":"https:\/\/kinsta.com\/de\/#website","url":"https:\/\/kinsta.com\/de\/","name":"Kinsta\u00ae","description":"Schnelle, sichere und hochwertige Hosting-L\u00f6sungen","publisher":{"@id":"https:\/\/kinsta.com\/de\/#organization"},"potentialAction":[{"@type":"SearchAction","target":{"@type":"EntryPoint","urlTemplate":"https:\/\/kinsta.com\/de\/?s={search_term_string}"},"query-input":{"@type":"PropertyValueSpecification","valueRequired":true,"valueName":"search_term_string"}}],"inLanguage":"de"},{"@type":"Organization","@id":"https:\/\/kinsta.com\/de\/#organization","name":"Kinsta","url":"https:\/\/kinsta.com\/de\/","logo":{"@type":"ImageObject","inLanguage":"de","@id":"https:\/\/kinsta.com\/de\/#\/schema\/logo\/image\/","url":"https:\/\/kinsta.com\/de\/wp-content\/uploads\/sites\/5\/2023\/12\/kinsta-logo.jpeg","contentUrl":"https:\/\/kinsta.com\/de\/wp-content\/uploads\/sites\/5\/2023\/12\/kinsta-logo.jpeg","width":500,"height":500,"caption":"Kinsta"},"image":{"@id":"https:\/\/kinsta.com\/de\/#\/schema\/logo\/image\/"},"sameAs":["https:\/\/www.facebook.com\/Kinsta-Deutschland-207459890108303\/","https:\/\/x.com\/Kinsta_DE","https:\/\/www.instagram.com\/kinstahosting\/","https:\/\/www.linkedin.com\/company\/kinsta\/","https:\/\/www.pinterest.com\/kinstahosting\/","https:\/\/www.youtube.com\/c\/Kinsta"]}]}},"acf":[],"_links":{"self":[{"href":"https:\/\/kinsta.com\/de\/wp-json\/wp\/v2\/pages\/41385","targetHints":{"allow":["GET"]}}],"collection":[{"href":"https:\/\/kinsta.com\/de\/wp-json\/wp\/v2\/pages"}],"about":[{"href":"https:\/\/kinsta.com\/de\/wp-json\/wp\/v2\/types\/page"}],"author":[{"embeddable":true,"href":"https:\/\/kinsta.com\/de\/wp-json\/wp\/v2\/users\/155"}],"replies":[{"embeddable":true,"href":"https:\/\/kinsta.com\/de\/wp-json\/wp\/v2\/comments?post=41385"}],"version-history":[{"count":15,"href":"https:\/\/kinsta.com\/de\/wp-json\/wp\/v2\/pages\/41385\/revisions"}],"predecessor-version":[{"id":69527,"href":"https:\/\/kinsta.com\/de\/wp-json\/wp\/v2\/pages\/41385\/revisions\/69527"}],"up":[{"embeddable":true,"href":"https:\/\/kinsta.com\/de\/wp-json\/wp\/v2\/pages\/41378"}],"alternate":[{"embeddable":true,"hreflang":"en","title":"English","href":"https:\/\/kinsta.com\/de\/wp-json\/kinsta\/v1\/posts\/41385\/translations\/en"},{"embeddable":true,"hreflang":"da","title":"Danish","href":"https:\/\/kinsta.com\/de\/wp-json\/kinsta\/v1\/posts\/41385\/translations\/dk"},{"embeddable":true,"hreflang":"nl","title":"Dutch","href":"https:\/\/kinsta.com\/de\/wp-json\/kinsta\/v1\/posts\/41385\/translations\/nl"},{"embeddable":true,"hreflang":"fr","title":"French","href":"https:\/\/kinsta.com\/de\/wp-json\/kinsta\/v1\/posts\/41385\/translations\/fr"},{"embeddable":true,"hreflang":"de","title":"German","href":"https:\/\/kinsta.com\/de\/wp-json\/kinsta\/v1\/posts\/41385\/translations\/de"},{"embeddable":true,"hreflang":"it","title":"Italian","href":"https:\/\/kinsta.com\/de\/wp-json\/kinsta\/v1\/posts\/41385\/translations\/it"},{"embeddable":true,"hreflang":"ja","title":"Japanese","href":"https:\/\/kinsta.com\/de\/wp-json\/kinsta\/v1\/posts\/41385\/translations\/jp"},{"embeddable":true,"hreflang":"pt","title":"Portuguese","href":"https:\/\/kinsta.com\/de\/wp-json\/kinsta\/v1\/posts\/41385\/translations\/pt"},{"embeddable":true,"hreflang":"es","title":"Spanish","href":"https:\/\/kinsta.com\/de\/wp-json\/kinsta\/v1\/posts\/41385\/translations\/es"},{"embeddable":true,"hreflang":"sv","title":"Swedish","href":"https:\/\/kinsta.com\/de\/wp-json\/kinsta\/v1\/posts\/41385\/translations\/se"},{"href":"https:\/\/kinsta.com\/de\/wp-json\/kinsta\/v1\/posts\/41385\/tree"}],"wp:featuredmedia":[{"embeddable":true,"href":"https:\/\/kinsta.com\/de\/wp-json\/wp\/v2\/media\/64706"}],"wp:attachment":[{"href":"https:\/\/kinsta.com\/de\/wp-json\/wp\/v2\/media?parent=41385"}],"curies":[{"name":"wp","href":"https:\/\/api.w.org\/{rel}","templated":true}]}}