{"id":42738,"date":"2021-08-01T14:20:53","date_gmt":"2021-08-01T12:20:53","guid":{"rendered":"https:\/\/kinsta.com\/?page_id=88143"},"modified":"2026-04-22T13:33:53","modified_gmt":"2026-04-22T12:33:53","slug":"umweltfreundliches-hosting","status":"publish","type":"page","link":"https:\/\/kinsta.com\/de\/umweltfreundliches-hosting\/","title":{"rendered":"Was macht Kinsta zum besten umweltfreundlichen Host?"},"content":{"rendered":"\n<header class=\"wp-block-kinsta-hero-title is-style-center-screenshot alignfull\"><div class=\"wp-block-kinsta-hero-title__inner\">\n<div class=\"wp-block-kinsta-columns is-vertical-center\">\n<div class=\"wp-block-kinsta-column wp-block-kinsta-columns__column\">\n<div class=\"wp-block-kinsta-hero-title-content wp-block-kinsta-hero-title__content\"><h1 class=\"wp-block-kinsta-hero-title__title\"><span class=\"wp-block-kinsta-hero-title__title__text\">Was macht Kinsta zum besten umweltfreundlichen Host?<\/span><\/h1>\n<p>Das umweltfreundliche Hosting von Kinsta versorgt Zehntausende von Websites im Internet, von pers\u00f6nlichen Projekten bis hin zu gro\u00dfen Unternehmen und Online-Shops. All das ist dank unserer leistungsstarken Cloud-Infrastruktur und optimierten Serverumgebungen m\u00f6glich<\/p>\n\n\n\n<div class=\"wp-block-kinsta-buttons alignleft\">\n\n<\/div>\n<\/div>\n<\/div>\n\n\n\n<div class=\"wp-block-kinsta-column wp-block-kinsta-columns__column\">\n<div class=\"wp-block-kinsta-hero-title-secondary wp-block-kinsta-hero-title__secondary\"><\/div>\n<\/div>\n<\/div>\n<\/div><\/header>\n\n\n\n<div class=\"wp-block-group has-white-background-color has-background is-layout-constrained wp-block-group-is-layout-constrained\">\n<div class=\"wp-block-kinsta-columns is-vertical-center\">\n<div class=\"wp-block-kinsta-column wp-block-kinsta-columns__column\">\n<figure class=\"wp-block-image size-full\"><img decoding=\"async\" src=\"https:\/\/kinsta.com\/wp-content\/uploads\/2023\/11\/kinsta-green-hosting.png\" alt class=\"wp-image-169261\"><\/figure>\n<\/div>\n\n\n\n<div class=\"wp-block-kinsta-column wp-block-kinsta-columns__column\">\n<h2 class=\"wp-block-heading\" id=\"h-kinsta-ist-umweltfreundliches-hosting\">Kinsta ist umweltfreundliches Hosting<\/h2>\n\n\n\n<p>Trotz dieser leistungsstarken Infrastruktur sind wir stolz darauf, dass wir ein umweltfreundlicher Hoster sind.<\/p>\n\n\n\n<p>Dar\u00fcber hinaus versuchen wir bei Kinsta, den Kohlenstoffaussto\u00df so weit wie m\u00f6glich zu reduzieren, damit wir die Auswirkungen all unserer Dienstleistungen auf die Umwelt minimieren k\u00f6nnen. Gleichzeitig werden deine Webseiten mit modernster Technologie betrieben, um ihre Leistung und Sicherheit zu gew\u00e4hrleisten.<\/p>\n\n\n\n<div class=\"wp-block-kinsta-buttons aligncenter\">\n<a class=\"wp-block-kinsta-button\" href=\"https:\/\/kinsta.com\/de\/demo-vereinbaren\/\"><span class=\"wp-block-kinsta-button_text\">Demo vereinbaren<\/span><\/a>\n<\/div>\n<\/div>\n<\/div>\n<\/div>\n\n\n\n<div class=\"wp-block-group has-offwhite-background-color has-background is-layout-constrained wp-block-group-is-layout-constrained\">\n<div class=\"wp-block-kinsta-columns is-reverse is-vertical-center\">\n<div class=\"wp-block-kinsta-column wp-block-kinsta-columns__column\">\n<figure class=\"wp-block-image size-full\"><img loading=\"lazy\" decoding=\"async\" width=\"2400\" height=\"1160\" src=\"https:\/\/kinsta.com\/de\/wp-content\/uploads\/sites\/5\/2024\/03\/DE_WordPress-hosting-architecture_docs.png\" alt class=\"wp-image-75206\" srcset=\"https:\/\/kinsta.com\/de\/wp-content\/uploads\/sites\/5\/2024\/03\/DE_WordPress-hosting-architecture_docs.png 2400w, https:\/\/kinsta.com\/de\/wp-content\/uploads\/sites\/5\/2024\/03\/DE_WordPress-hosting-architecture_docs-300x145.png 300w, https:\/\/kinsta.com\/de\/wp-content\/uploads\/sites\/5\/2024\/03\/DE_WordPress-hosting-architecture_docs-1024x495.png 1024w, https:\/\/kinsta.com\/de\/wp-content\/uploads\/sites\/5\/2024\/03\/DE_WordPress-hosting-architecture_docs-768x371.png 768w, https:\/\/kinsta.com\/de\/wp-content\/uploads\/sites\/5\/2024\/03\/DE_WordPress-hosting-architecture_docs-1536x742.png 1536w, https:\/\/kinsta.com\/de\/wp-content\/uploads\/sites\/5\/2024\/03\/DE_WordPress-hosting-architecture_docs-2048x990.png 2048w\" sizes=\"auto, (max-width: 2400px) 100vw, 2400px\" \/><\/figure>\n<\/div>\n\n\n\n<div class=\"wp-block-kinsta-column wp-block-kinsta-columns__column\">\n<h2 class=\"wp-block-heading\" id=\"h-hosting-architektur-der-nachsten-generation\">Hosting-Architektur der n\u00e4chsten Generation<\/h2>\n\n\n\n<p>Wir bieten dir Hosting-Services, die eine un\u00fcbertroffene Leistung liefern. In Kombination mit unserer \u00fcber 10-j\u00e4hrigen Erfahrung im Bereich Hosting und Optimierung ergibt das eine leistungsstarke Mischung.<\/p>\n\n\n\n<p>Es l\u00e4sst sich nicht leugnen, dass Rechenzentren enorme Mengen an Strom verbrauchen. Im Durchschnitt verbrauchen unsere Rechenzentren jedoch etwa 50 % weniger Energie als andere Anbieter. Durch die Zusammenarbeit mit einem Unternehmen, das bestrebt ist, seinen CO2-Fu\u00dfabdruck zu minimieren, k\u00f6nnen wir die Umweltbelastung unserer Websites reduzieren.<\/p>\n<\/div>\n<\/div>\n<\/div>\n\n\n\n<div class=\"wp-block-group has-white-background-color has-background is-layout-constrained wp-block-group-is-layout-constrained\">\n<div class=\"wp-block-kinsta-columns is-vertical-center\">\n<div class=\"wp-block-kinsta-column wp-block-kinsta-columns__column\">\n<figure class=\"wp-block-image size-full\"><img loading=\"lazy\" decoding=\"async\" width=\"1001\" height=\"1000\" src=\"https:\/\/kinsta.com\/de\/wp-content\/uploads\/sites\/5\/2026\/04\/wp-cloudflare.png\" alt=\"Cloudflare-Logo\" class=\"wp-image-76059\" srcset=\"https:\/\/kinsta.com\/de\/wp-content\/uploads\/sites\/5\/2026\/04\/wp-cloudflare.png 1001w, https:\/\/kinsta.com\/de\/wp-content\/uploads\/sites\/5\/2026\/04\/wp-cloudflare-300x300.png 300w, https:\/\/kinsta.com\/de\/wp-content\/uploads\/sites\/5\/2026\/04\/wp-cloudflare-150x150.png 150w, https:\/\/kinsta.com\/de\/wp-content\/uploads\/sites\/5\/2026\/04\/wp-cloudflare-768x767.png 768w\" sizes=\"auto, (max-width: 1001px) 100vw, 1001px\" \/><\/figure>\n<\/div>\n\n\n\n<div class=\"wp-block-kinsta-column wp-block-kinsta-columns__column\">\n<h2 class=\"wp-block-heading\">Warum wir Cloudflare nutzen<\/h2>\n\n\n\n<p>Cloudflare ist einer der weltweit f\u00fchrenden Anbieter von Dienstleistungen f\u00fcr die Sicherheit und Leistung von Webseiten. Tats\u00e4chlich wird Cloudflare derzeit von \u00fcber 7 Millionen Webseiten genutzt! Bei Kinsta sind alle Pl\u00e4ne mit einer kostenlosen Cloudflare-Integration ausgestattet, die eine Firewall auf Unternehmensebene mit DDoS-Schutz und ein leistungsstarkes CDN umfasst. Unsere Cloudflare-Integration wird von Edge-Standorten in fast 200 St\u00e4dten weltweit unterst\u00fctzt und sorgt daf\u00fcr, dass unsere Infrastruktur so schnell und sicher wie m\u00f6glich ist.<\/p>\n\n\n\n<p>Cloudflare bietet nicht nur einige der besten Leistungs- und Sicherheitsprodukte f\u00fcr Webseiten an, sondern legt auch gro\u00dfen Wert darauf, die negativen Auswirkungen auf die Umwelt zu minimieren. Cloudflare hat sich nicht nur verpflichtet, bis 2022 klimaneutral zu sein, sondern auch einen Plan zum Kauf von Emissionsgutschriften angek\u00fcndigt, um die Emissionen der letzten 11 Jahre auszugleichen.<\/p>\n\n\n\n<p>Um das Ziel zu erreichen, 100 % erneuerbare Energien zu nutzen, wird Cloudflare den Einsatz von &#8222;hyper-effizienten Servern&#8220; mit ARM-CPUs verst\u00e4rken. Im Vergleich zu bestehenden Servern bieten die neuen ARM-Server die gleiche Leistung bei 50 % weniger Stromverbrauch. Dar\u00fcber hinaus wird das &#8222;Green Compute&#8220;-Programm von Cloudflare es den Nutzern erm\u00f6glichen, die Skripte von Cloudflare Workers ausschlie\u00dflich auf nachhaltiger Hardware (die zu 100 % mit erneuerbarer Energie betrieben wird) auszuf\u00fchren.<\/p>\n\n\n\n<blockquote class=\"wp-block-quote is-layout-flow wp-block-quote-is-layout-flow\">\n<p>Das Internet ist f\u00fcr rund 1 Milliarde Tonnen Treibhausgasemissionen pro Jahr verantwortlich &#8211; das entspricht in etwa dem j\u00e4hrlichen CO2-Aussto\u00df der gesamten Luftfahrtindustrie weltweit. Jetzt wird jede Internet Property im Cloudflare Netzwerk &#8211; das heute schon 17 Prozent des Webs ausmacht &#8211; automatisch Emissionen reduzieren und nahtlos zu einer gr\u00fcneren, nachhaltigeren Welt beitragen.<\/p>\n<\/blockquote>\n\n\n\n<p>Wenn du deine Seite auf Kinsta hostest und die Cloudflare-Integration aktivierst, kannst du die Vorteile der besten Sicherheit und CDN-Leistung nutzen, ohne Kompromisse bei der Umweltfreundlichkeit einzugehen.<\/p>\n\n\n\n<div class=\"wp-block-kinsta-buttons aligncenter\">\n<a class=\"wp-block-kinsta-button\" href=\"https:\/\/kinsta.com\/de\/preise\/\"><span class=\"wp-block-kinsta-button_text\">Migriere noch heute zu Kinsta<\/span><\/a>\n<\/div>\n<\/div>\n<\/div>\n<\/div>\n\n\n\n<div class=\"wp-block-group has-white-background-color has-background is-layout-constrained wp-block-group-is-layout-constrained\">\n<div class=\"wp-block-kinsta-columns is-reverse is-vertical-center\">\n<div class=\"wp-block-kinsta-column wp-block-kinsta-columns__column\">\n<figure class=\"wp-block-image size-full\"><img decoding=\"async\" src=\"https:\/\/kinsta.com\/wp-content\/uploads\/2023\/11\/kinsta-reduce-carbon-footprint.png\" alt class=\"wp-image-169274\"><\/figure>\n<\/div>\n\n\n\n<div class=\"wp-block-kinsta-column wp-block-kinsta-columns__column\">\n<h2 class=\"wp-block-heading\">Wie Kinsta zur Verringerung der Kohlenstoffemissionen beitr\u00e4gt<\/h2>\n\n\n\n<p>Der effizienteste Weg, den \u00f6kologischen Fu\u00dfabdruck Ihrer Webseite zu verringern, ist die Verbesserung ihrer Gesamtleistung. Durch die Optimierung der Daten\u00fcbertragung und die Reduzierung der Seitengr\u00f6\u00dfe k\u00f6nnen wir die Auswirkungen Ihrer Webseite minimieren.<\/p>\n\n\n\n<p>Bei Kinsta tun wir dies f\u00fcr jeden einzelnen Kunden in jedem <a href=\"https:\/\/kinsta.com\/de\/preise\/\">unserer Tarife<\/a>. Durch kostenloses integriertes Caching reduzieren wir die Anzahl der Ladevorg\u00e4nge, die die Nutzer durchf\u00fchren m\u00fcssen. Durch die Integration eines <a href=\"https:\/\/kinsta.com\/de\/docs\/wordpress-hosting\/wordpress-cdn\/kinsta-cdn\/\">Content-Delivery-Networks (CDN)<\/a> in alle unsere Tarife helfen wir Ihnen au\u00dferdem, die Bereitstellung f\u00fcr Besucher aus aller Welt zu optimieren.<\/p>\n\n\n\n<p>Je effizienter deine Website ist, desto weniger Auswirkungen hat sie auf die Umwelt. Die Leistungen von Kinsta sind so konzipiert, dass sie un\u00fcbertroffene Leistung bieten. Und das Beste ist, dass diese Leistungssteigerung auch zu umweltfreundlicheren Diensten f\u00fchrt.<\/p>\n\n\n\n<div class=\"wp-block-kinsta-buttons aligncenter\">\n<a class=\"wp-block-kinsta-button\" href=\"https:\/\/kinsta.com\/de\/preise\/\"><span class=\"wp-block-kinsta-button_text\">Migriere noch heute zu Kinsta<\/span><\/a>\n<\/div>\n<\/div>\n<\/div>\n<\/div>\n\n\n\n<div class=\"wp-block-group has-offwhite-background-color has-background is-layout-constrained wp-block-group-is-layout-constrained\">\n<div class=\"wp-block-kinsta-columns is-vertical-center\">\n<div class=\"wp-block-kinsta-column wp-block-kinsta-columns__column\">\n<figure class=\"wp-block-image size-full\"><img decoding=\"async\" src=\"https:\/\/kinsta.com\/wp-content\/uploads\/2023\/11\/kinsta-company-culture-team.png\" alt=\"Fotos der sch\u00f6nen Kinsta-Teammitglieder\" class=\"wp-image-169256\"><\/figure>\n<\/div>\n\n\n\n<div class=\"wp-block-kinsta-column wp-block-kinsta-columns__column\">\n<h2 class=\"wp-block-heading\">Kinstas Unternehmenskultur<\/h2>\n\n\n\n<p>Die Art und Weise, wie Kinsta arbeitet, passt perfekt zu dem Ziel, unsere Auswirkungen auf die Umwelt zu verringern.<\/p>\n\n\n\n<p>Das Team von Kinsta ist dezentral. Das bedeutet, dass wir keinen riesigen Hauptsitz mit Hunderten von B\u00fcros haben, die mit Ger\u00e4ten gef\u00fcllt sind, die astronomische Mengen an Strom verbrauchen. Unsere Mitarbeiter m\u00fcssen nicht jeden Tag pendeln, und wir erzeugen weniger Abfall, einschlie\u00dflich B\u00fcromaterial, abgepackte Lebensmittel und mehr.<\/p>\n\n\n\n<p>Unser Unternehmen hat sich dazu verpflichtet, die Umweltbelastung durch Webhosting zu verringern. Durch den Einsatz einer leistungsstarken Cloud-Infrastruktur, die Optimierung deiner Websites zur Reduzierung des Datenverkehrs und die Minimierung unserer eigenen Auswirkungen k\u00f6nnen wir dir erstklassige gr\u00fcne Hosting-Dienste bieten!<\/p>\n\n\n\n<div class=\"wp-block-kinsta-buttons aligncenter\">\n<a class=\"wp-block-kinsta-button\" href=\"https:\/\/kinsta.com\/de\/preise\/\"><span class=\"wp-block-kinsta-button_text\">Jetzt registrieren<\/span><\/a>\n<\/div>\n<\/div>\n<\/div>\n<\/div>\n","protected":false},"excerpt":{"rendered":"","protected":false},"author":125,"featured_media":42739,"parent":0,"menu_order":0,"comment_status":"closed","ping_status":"closed","template":"","meta":{"_kinsta_gated_content":false,"_kinsta_gated_content_redirect":"","footnotes":""},"class_list":["post-42738","page","type-page","status-publish","has-post-thumbnail","hentry"],"yoast_head":"<!-- This site is optimized with the Yoast SEO Premium plugin v24.6 (Yoast SEO v24.6) - https:\/\/yoast.com\/wordpress\/plugins\/seo\/ -->\n<title>Was macht Kinsta\u00ae zum besten umweltfreundlichen Host?<\/title>\n<meta name=\"description\" content=\"Die leistungsstarken WordPress-Hosting-Angebote von Kinsta werden mit 100% erneuerbarer Energie betrieben. Erfahren Sie mehr \u00fcber die umweltfreundlichen Hosting-Initiativen von Kinsta!\" \/>\n<meta name=\"robots\" content=\"index, follow, max-snippet:-1, max-image-preview:large, max-video-preview:-1\" \/>\n<link rel=\"canonical\" href=\"https:\/\/kinsta.com\/de\/umweltfreundliches-hosting\/\" \/>\n<meta property=\"og:locale\" content=\"de_DE\" \/>\n<meta property=\"og:type\" content=\"article\" \/>\n<meta property=\"og:title\" content=\"Was macht Kinsta zum besten umweltfreundlichen Host?\" \/>\n<meta property=\"og:description\" content=\"Die leistungsstarken WordPress-Hosting-Angebote von Kinsta werden mit 100% erneuerbarer Energie betrieben. Erfahren Sie mehr \u00fcber die umweltfreundlichen Hosting-Initiativen von Kinsta!\" \/>\n<meta property=\"og:url\" content=\"https:\/\/kinsta.com\/de\/umweltfreundliches-hosting\/\" \/>\n<meta property=\"og:site_name\" content=\"Kinsta\u00ae\" \/>\n<meta property=\"article:publisher\" content=\"https:\/\/www.facebook.com\/Kinsta-Deutschland-207459890108303\/\" \/>\n<meta property=\"article:modified_time\" content=\"2026-04-22T12:33:53+00:00\" \/>\n<meta property=\"og:image\" content=\"https:\/\/kinsta.com\/de\/wp-content\/uploads\/sites\/5\/2021\/08\/kinsta-green-hosting-landing-page.jpeg\" \/>\n\t<meta property=\"og:image:width\" content=\"1460\" \/>\n\t<meta property=\"og:image:height\" content=\"730\" \/>\n\t<meta property=\"og:image:type\" content=\"image\/jpeg\" \/>\n<meta name=\"twitter:card\" content=\"summary_large_image\" \/>\n<meta name=\"twitter:description\" content=\"Die leistungsstarken WordPress-Hosting-Angebote von Kinsta werden mit 100% erneuerbarer Energie betrieben. Erfahren Sie mehr \u00fcber die umweltfreundlichen Hosting-Initiativen von Kinsta!\" \/>\n<meta name=\"twitter:image\" content=\"https:\/\/kinsta.com\/de\/wp-content\/uploads\/sites\/5\/2021\/08\/kinsta-green-hosting-landing-page.jpeg\" \/>\n<meta name=\"twitter:site\" content=\"@Kinsta_DE\" \/>\n<meta name=\"twitter:label1\" content=\"Gesch\u00e4tzte Lesezeit\" \/>\n\t<meta name=\"twitter:data1\" content=\"6\u00a0Minuten\" \/>\n<script type=\"application\/ld+json\" class=\"yoast-schema-graph\">{\"@context\":\"https:\/\/schema.org\",\"@graph\":[{\"@type\":\"WebPage\",\"@id\":\"https:\/\/kinsta.com\/de\/umweltfreundliches-hosting\/\",\"url\":\"https:\/\/kinsta.com\/de\/umweltfreundliches-hosting\/\",\"name\":\"Was macht Kinsta\u00ae zum besten umweltfreundlichen Host?\",\"isPartOf\":{\"@id\":\"https:\/\/kinsta.com\/de\/#website\"},\"primaryImageOfPage\":{\"@id\":\"https:\/\/kinsta.com\/de\/umweltfreundliches-hosting\/#primaryimage\"},\"image\":{\"@id\":\"https:\/\/kinsta.com\/de\/umweltfreundliches-hosting\/#primaryimage\"},\"thumbnailUrl\":\"https:\/\/kinsta.com\/de\/wp-content\/uploads\/sites\/5\/2021\/08\/kinsta-green-hosting-landing-page.jpeg\",\"datePublished\":\"2021-08-01T12:20:53+00:00\",\"dateModified\":\"2026-04-22T12:33:53+00:00\",\"description\":\"Die leistungsstarken WordPress-Hosting-Angebote von Kinsta werden mit 100% erneuerbarer Energie betrieben. Erfahren Sie mehr \u00fcber die umweltfreundlichen Hosting-Initiativen von Kinsta!\",\"breadcrumb\":{\"@id\":\"https:\/\/kinsta.com\/de\/umweltfreundliches-hosting\/#breadcrumb\"},\"inLanguage\":\"de\",\"potentialAction\":[{\"@type\":\"ReadAction\",\"target\":[\"https:\/\/kinsta.com\/de\/umweltfreundliches-hosting\/\"]}]},{\"@type\":\"ImageObject\",\"inLanguage\":\"de\",\"@id\":\"https:\/\/kinsta.com\/de\/umweltfreundliches-hosting\/#primaryimage\",\"url\":\"https:\/\/kinsta.com\/de\/wp-content\/uploads\/sites\/5\/2021\/08\/kinsta-green-hosting-landing-page.jpeg\",\"contentUrl\":\"https:\/\/kinsta.com\/de\/wp-content\/uploads\/sites\/5\/2021\/08\/kinsta-green-hosting-landing-page.jpeg\",\"width\":1460,\"height\":730},{\"@type\":\"BreadcrumbList\",\"@id\":\"https:\/\/kinsta.com\/de\/umweltfreundliches-hosting\/#breadcrumb\",\"itemListElement\":[{\"@type\":\"ListItem\",\"position\":1,\"name\":\"Home\",\"item\":\"https:\/\/kinsta.com\/de\/\"},{\"@type\":\"ListItem\",\"position\":2,\"name\":\"Was macht Kinsta zum besten umweltfreundlichen Host?\"}]},{\"@type\":\"WebSite\",\"@id\":\"https:\/\/kinsta.com\/de\/#website\",\"url\":\"https:\/\/kinsta.com\/de\/\",\"name\":\"Kinsta\u00ae\",\"description\":\"Schnelle, sichere und hochwertige Hosting-L\u00f6sungen\",\"publisher\":{\"@id\":\"https:\/\/kinsta.com\/de\/#organization\"},\"potentialAction\":[{\"@type\":\"SearchAction\",\"target\":{\"@type\":\"EntryPoint\",\"urlTemplate\":\"https:\/\/kinsta.com\/de\/?s={search_term_string}\"},\"query-input\":{\"@type\":\"PropertyValueSpecification\",\"valueRequired\":true,\"valueName\":\"search_term_string\"}}],\"inLanguage\":\"de\"},{\"@type\":\"Organization\",\"@id\":\"https:\/\/kinsta.com\/de\/#organization\",\"name\":\"Kinsta\",\"url\":\"https:\/\/kinsta.com\/de\/\",\"logo\":{\"@type\":\"ImageObject\",\"inLanguage\":\"de\",\"@id\":\"https:\/\/kinsta.com\/de\/#\/schema\/logo\/image\/\",\"url\":\"https:\/\/kinsta.com\/de\/wp-content\/uploads\/sites\/5\/2023\/12\/kinsta-logo.jpeg\",\"contentUrl\":\"https:\/\/kinsta.com\/de\/wp-content\/uploads\/sites\/5\/2023\/12\/kinsta-logo.jpeg\",\"width\":500,\"height\":500,\"caption\":\"Kinsta\"},\"image\":{\"@id\":\"https:\/\/kinsta.com\/de\/#\/schema\/logo\/image\/\"},\"sameAs\":[\"https:\/\/www.facebook.com\/Kinsta-Deutschland-207459890108303\/\",\"https:\/\/x.com\/Kinsta_DE\",\"https:\/\/www.instagram.com\/kinstahosting\/\",\"https:\/\/www.linkedin.com\/company\/kinsta\/\",\"https:\/\/www.pinterest.com\/kinstahosting\/\",\"https:\/\/www.youtube.com\/c\/Kinsta\"]}]}<\/script>\n<!-- \/ Yoast SEO Premium plugin. -->","yoast_head_json":{"title":"Was macht Kinsta\u00ae zum besten umweltfreundlichen Host?","description":"Die leistungsstarken WordPress-Hosting-Angebote von Kinsta werden mit 100% erneuerbarer Energie betrieben. Erfahren Sie mehr \u00fcber die umweltfreundlichen Hosting-Initiativen von Kinsta!","robots":{"index":"index","follow":"follow","max-snippet":"max-snippet:-1","max-image-preview":"max-image-preview:large","max-video-preview":"max-video-preview:-1"},"canonical":"https:\/\/kinsta.com\/de\/umweltfreundliches-hosting\/","og_locale":"de_DE","og_type":"article","og_title":"Was macht Kinsta zum besten umweltfreundlichen Host?","og_description":"Die leistungsstarken WordPress-Hosting-Angebote von Kinsta werden mit 100% erneuerbarer Energie betrieben. Erfahren Sie mehr \u00fcber die umweltfreundlichen Hosting-Initiativen von Kinsta!","og_url":"https:\/\/kinsta.com\/de\/umweltfreundliches-hosting\/","og_site_name":"Kinsta\u00ae","article_publisher":"https:\/\/www.facebook.com\/Kinsta-Deutschland-207459890108303\/","article_modified_time":"2026-04-22T12:33:53+00:00","og_image":[{"width":1460,"height":730,"url":"https:\/\/kinsta.com\/de\/wp-content\/uploads\/sites\/5\/2021\/08\/kinsta-green-hosting-landing-page.jpeg","type":"image\/jpeg"}],"twitter_card":"summary_large_image","twitter_description":"Die leistungsstarken WordPress-Hosting-Angebote von Kinsta werden mit 100% erneuerbarer Energie betrieben. Erfahren Sie mehr \u00fcber die umweltfreundlichen Hosting-Initiativen von Kinsta!","twitter_image":"https:\/\/kinsta.com\/de\/wp-content\/uploads\/sites\/5\/2021\/08\/kinsta-green-hosting-landing-page.jpeg","twitter_site":"@Kinsta_DE","twitter_misc":{"Gesch\u00e4tzte Lesezeit":"6\u00a0Minuten"},"schema":{"@context":"https:\/\/schema.org","@graph":[{"@type":"WebPage","@id":"https:\/\/kinsta.com\/de\/umweltfreundliches-hosting\/","url":"https:\/\/kinsta.com\/de\/umweltfreundliches-hosting\/","name":"Was macht Kinsta\u00ae zum besten umweltfreundlichen Host?","isPartOf":{"@id":"https:\/\/kinsta.com\/de\/#website"},"primaryImageOfPage":{"@id":"https:\/\/kinsta.com\/de\/umweltfreundliches-hosting\/#primaryimage"},"image":{"@id":"https:\/\/kinsta.com\/de\/umweltfreundliches-hosting\/#primaryimage"},"thumbnailUrl":"https:\/\/kinsta.com\/de\/wp-content\/uploads\/sites\/5\/2021\/08\/kinsta-green-hosting-landing-page.jpeg","datePublished":"2021-08-01T12:20:53+00:00","dateModified":"2026-04-22T12:33:53+00:00","description":"Die leistungsstarken WordPress-Hosting-Angebote von Kinsta werden mit 100% erneuerbarer Energie betrieben. Erfahren Sie mehr \u00fcber die umweltfreundlichen Hosting-Initiativen von Kinsta!","breadcrumb":{"@id":"https:\/\/kinsta.com\/de\/umweltfreundliches-hosting\/#breadcrumb"},"inLanguage":"de","potentialAction":[{"@type":"ReadAction","target":["https:\/\/kinsta.com\/de\/umweltfreundliches-hosting\/"]}]},{"@type":"ImageObject","inLanguage":"de","@id":"https:\/\/kinsta.com\/de\/umweltfreundliches-hosting\/#primaryimage","url":"https:\/\/kinsta.com\/de\/wp-content\/uploads\/sites\/5\/2021\/08\/kinsta-green-hosting-landing-page.jpeg","contentUrl":"https:\/\/kinsta.com\/de\/wp-content\/uploads\/sites\/5\/2021\/08\/kinsta-green-hosting-landing-page.jpeg","width":1460,"height":730},{"@type":"BreadcrumbList","@id":"https:\/\/kinsta.com\/de\/umweltfreundliches-hosting\/#breadcrumb","itemListElement":[{"@type":"ListItem","position":1,"name":"Home","item":"https:\/\/kinsta.com\/de\/"},{"@type":"ListItem","position":2,"name":"Was macht Kinsta zum besten umweltfreundlichen Host?"}]},{"@type":"WebSite","@id":"https:\/\/kinsta.com\/de\/#website","url":"https:\/\/kinsta.com\/de\/","name":"Kinsta\u00ae","description":"Schnelle, sichere und hochwertige Hosting-L\u00f6sungen","publisher":{"@id":"https:\/\/kinsta.com\/de\/#organization"},"potentialAction":[{"@type":"SearchAction","target":{"@type":"EntryPoint","urlTemplate":"https:\/\/kinsta.com\/de\/?s={search_term_string}"},"query-input":{"@type":"PropertyValueSpecification","valueRequired":true,"valueName":"search_term_string"}}],"inLanguage":"de"},{"@type":"Organization","@id":"https:\/\/kinsta.com\/de\/#organization","name":"Kinsta","url":"https:\/\/kinsta.com\/de\/","logo":{"@type":"ImageObject","inLanguage":"de","@id":"https:\/\/kinsta.com\/de\/#\/schema\/logo\/image\/","url":"https:\/\/kinsta.com\/de\/wp-content\/uploads\/sites\/5\/2023\/12\/kinsta-logo.jpeg","contentUrl":"https:\/\/kinsta.com\/de\/wp-content\/uploads\/sites\/5\/2023\/12\/kinsta-logo.jpeg","width":500,"height":500,"caption":"Kinsta"},"image":{"@id":"https:\/\/kinsta.com\/de\/#\/schema\/logo\/image\/"},"sameAs":["https:\/\/www.facebook.com\/Kinsta-Deutschland-207459890108303\/","https:\/\/x.com\/Kinsta_DE","https:\/\/www.instagram.com\/kinstahosting\/","https:\/\/www.linkedin.com\/company\/kinsta\/","https:\/\/www.pinterest.com\/kinstahosting\/","https:\/\/www.youtube.com\/c\/Kinsta"]}]}},"acf":[],"_links":{"self":[{"href":"https:\/\/kinsta.com\/de\/wp-json\/wp\/v2\/pages\/42738","targetHints":{"allow":["GET"]}}],"collection":[{"href":"https:\/\/kinsta.com\/de\/wp-json\/wp\/v2\/pages"}],"about":[{"href":"https:\/\/kinsta.com\/de\/wp-json\/wp\/v2\/types\/page"}],"author":[{"embeddable":true,"href":"https:\/\/kinsta.com\/de\/wp-json\/wp\/v2\/users\/125"}],"replies":[{"embeddable":true,"href":"https:\/\/kinsta.com\/de\/wp-json\/wp\/v2\/comments?post=42738"}],"version-history":[{"count":14,"href":"https:\/\/kinsta.com\/de\/wp-json\/wp\/v2\/pages\/42738\/revisions"}],"predecessor-version":[{"id":76061,"href":"https:\/\/kinsta.com\/de\/wp-json\/wp\/v2\/pages\/42738\/revisions\/76061"}],"alternate":[{"embeddable":true,"hreflang":"en","title":"English","href":"https:\/\/kinsta.com\/de\/wp-json\/kinsta\/v1\/posts\/42738\/translations\/en"},{"embeddable":true,"hreflang":"es","title":"Spanish","href":"https:\/\/kinsta.com\/de\/wp-json\/kinsta\/v1\/posts\/42738\/translations\/es"},{"embeddable":true,"hreflang":"it","title":"Italian","href":"https:\/\/kinsta.com\/de\/wp-json\/kinsta\/v1\/posts\/42738\/translations\/it"},{"embeddable":true,"hreflang":"pt","title":"Portuguese","href":"https:\/\/kinsta.com\/de\/wp-json\/kinsta\/v1\/posts\/42738\/translations\/pt"},{"embeddable":true,"hreflang":"de","title":"German","href":"https:\/\/kinsta.com\/de\/wp-json\/kinsta\/v1\/posts\/42738\/translations\/de"},{"embeddable":true,"hreflang":"fr","title":"French","href":"https:\/\/kinsta.com\/de\/wp-json\/kinsta\/v1\/posts\/42738\/translations\/fr"},{"embeddable":true,"hreflang":"nl","title":"Dutch","href":"https:\/\/kinsta.com\/de\/wp-json\/kinsta\/v1\/posts\/42738\/translations\/nl"},{"embeddable":true,"hreflang":"sv","title":"Swedish","href":"https:\/\/kinsta.com\/de\/wp-json\/kinsta\/v1\/posts\/42738\/translations\/se"},{"embeddable":true,"hreflang":"ja","title":"Japanese","href":"https:\/\/kinsta.com\/de\/wp-json\/kinsta\/v1\/posts\/42738\/translations\/jp"},{"href":"https:\/\/kinsta.com\/de\/wp-json\/kinsta\/v1\/posts\/42738\/tree"}],"wp:featuredmedia":[{"embeddable":true,"href":"https:\/\/kinsta.com\/de\/wp-json\/wp\/v2\/media\/42739"}],"wp:attachment":[{"href":"https:\/\/kinsta.com\/de\/wp-json\/wp\/v2\/media?parent=42738"}],"curies":[{"name":"wp","href":"https:\/\/api.w.org\/{rel}","templated":true}]}}