{"id":4579,"date":"2016-03-07T18:42:07","date_gmt":"2016-03-07T18:42:07","guid":{"rendered":"http:\/\/kinsta.dev\/?page_id=4573"},"modified":"2025-01-29T10:03:44","modified_gmt":"2025-01-29T09:03:44","slug":"legal","status":"publish","type":"page","link":"https:\/\/kinsta.com\/de\/legal\/","title":{"rendered":"Rechtliche Informationen"},"content":{"rendered":"<aside role=\"note\" class=\"wp-block-kinsta-notice is-style-plain\">\n        <p>Dies ist eine \u00dcbersetzung der englischen Originalfassung unserer Rechtsdokumente. Obwohl wir alle m\u00f6glichen Vorsichtsma\u00dfnahmen getroffen haben, eine genaue \u00dcbersetzung anzufertigen, ist die englische Fassung ma\u00dfgebend, wenn es zwischen den zwei Versionen Abweichungen bestehen. Der original Rechtstexte kann <a href=\"https:\/\/kinsta.com\/legal\/\" data-no-translate>hier<\/a> gefunden werden.<\/p>\n<\/aside>\n\n\n\n\n<p>Zeitgem\u00e4\u00dfe Vereinbarungen \u00fcber Dienste, Richtlinien und Dokumente zum Schutz der Privatsph\u00e4re und des Urheberrechts sind die Grundlage einer transparenten Gesch\u00e4ftst\u00e4tigkeit. Wir stellen sicher, dass die Grundlagen unserer Gesch\u00e4ftst\u00e4tigkeit klar sind, und wir bitten Sie, diese Dokumente jederzeit zu lesen.<\/p>\n\n\n\n<h3 class=\"wp-block-heading\" id=\"h-nutzungsbedingungen\">Nutzungsbedingungen<\/h3>\n\n\n\n<p>Die Allgemeinen Gesch\u00e4ftsbedingungen fassen die Rechte, Pflichten und Einschr\u00e4nkungen der Parteien in Bezug auf unsere Leistungen zusammen.<\/p>\n\n\n\n<div class=\"wp-block-kinsta-buttons\">\n<a class=\"wp-block-kinsta-button\" href=\"https:\/\/kinsta.com\/de\/legal\/nutzungsbedingungen\/\">Online lesen<\/a>\n<\/div>\n\n\n\n<h3 class=\"wp-block-heading\" id=\"h-datenschutzerkl-rung\">Datenschutzerkl\u00e4rung<\/h3>\n\n\n\n<p>Die Datenschutzrichtlinie definiert, wie wir mit den Daten auf unseren Servern umgehen und was im Falle einer Urheberrechtsverletzung zu tun ist.<\/p>\n\n\n\n<div class=\"wp-block-kinsta-buttons\">\n<a class=\"wp-block-kinsta-button\" href=\"https:\/\/kinsta.com\/de\/legal\/datenschutzpolitik\/\">Online lesen<\/a>\n<\/div>\n\n\n\n<h3 class=\"wp-block-heading\" id=\"h-zusatzvereinbarung-zur-datenverarbeitung\">Zusatzvereinbarung zur Datenverarbeitung<\/h3>\n\n\n\n<p>Die Vereinbarung \u00fcber die Datenverarbeitung (Data Processing Addendum) legt die Verpflichtungen der Parteien in Bezug auf die Verarbeitung und Sicherheit der pers\u00f6nlichen Daten des Kunden fest.<\/p>\n\n\n\n<div class=\"wp-block-kinsta-buttons\">\n<a class=\"wp-block-kinsta-button\" href=\"https:\/\/kinsta.com\/de\/legal\/nachtrag-datenverarbeitung\/\">Online lesen<\/a>\n<\/div>\n\n\n\n<h3 class=\"wp-block-heading\" id=\"h-unterauftragsverarbeiter\">Unterauftragsverarbeiter<\/h3>\n\n\n\n<p>Unsere Seite \u00fcber Unterauftragsverarbeiter erkl\u00e4rt, wie Kinsta mit Unterauftragsverarbeitern zusammenarbeitet, um unsere Leistungen zu unterst\u00fctzen.<\/p>\n\n\n\n<div class=\"wp-block-kinsta-buttons\">\n<a class=\"wp-block-kinsta-button\" href=\"https:\/\/kinsta.com\/de\/legal\/unterauftragnehmer\/\">Online lesen<\/a>\n<\/div>\n\n\n\n<h3 class=\"wp-block-heading\" id=\"h-service-level-vereinbarung\">Service-Level-Vereinbarung<\/h3>\n\n\n\n<p>Das SLA beschreibt die Verf\u00fcgbarkeit unseres Dienstes, unsere Fehlerreaktionsziele und die Konsequenzen, die sich f\u00fcr uns ergeben, falls wir diese Ziele nicht einhalten.<\/p>\n\n\n\n<div class=\"wp-block-kinsta-buttons\">\n<a class=\"wp-block-kinsta-button\" href=\"https:\/\/kinsta.com\/de\/legal\/service-level-vereinbarung\/\">Online lesen<\/a>\n<\/div>\n\n\n\n<h3 class=\"wp-block-heading\" id=\"h-agb-f-r-die-partner\">AGB f\u00fcr die Partner<\/h3>\n\n\n\n<p>Die AGB f\u00fcr die Partner regeln das Partner-Netzwerk von Kinsta.<\/p>\n\n\n\n<div class=\"wp-block-kinsta-buttons\">\n<a class=\"wp-block-kinsta-button\" href=\"https:\/\/kinsta.com\/de\/legal\/partner-agb\/\">Online lesen<\/a>\n<\/div>\n\n\n\n<h3 class=\"wp-block-heading\" id=\"h-allgemeine-gesch-ftsbedingungen-f-r-das-kundenempfehlungsprogramm\">Allgemeine Gesch\u00e4ftsbedingungen f\u00fcr das Kundenempfehlungsprogramm<\/h3>\n\n\n\n<p>Die Kundenempfehlungsbedingungen regeln das Empfehlungsprogramm.<\/p>\n\n\n\n<div class=\"wp-block-kinsta-buttons\">\n<a class=\"wp-block-kinsta-button\" href=\"https:\/\/kinsta.com\/de\/legal\/empfehlungsprogramm-bedingungen\/\">Online lesen<\/a>\n<\/div>\n\n\n\n<h3 class=\"wp-block-heading\" id=\"h-cookie-einstellungen\">Cookie-Einstellungen<\/h3>\n\n\n\n<p>Ein Cookie ist eine Zeichenfolge von Informationen, die eine Website auf dem Computer eines Besuchers speichert und die der Browser des Besuchers bei jeder R\u00fcckkehr des Besuchers an die Website \u00fcbermittelt. Auf dieser Seite k\u00f6nnen Sie Ihre Cookie-Einstellungen auf der Website von Kinsta genauer abstimmen.<\/p>\n\n\n\n<div class=\"wp-block-kinsta-buttons\">\n<a class=\"wp-block-kinsta-button\" href=\"https:\/\/kinsta.com\/de\/cookie-einstellungen\/\">Einzelheiten Anzeigen<\/a>\n<\/div>\n","protected":false},"excerpt":{"rendered":"<p>Zeitgem\u00e4\u00dfe Vereinbarungen \u00fcber Dienste, Richtlinien und Dokumente zum Schutz der Privatsph\u00e4re und des Urheberrechts sind die Grundlage einer transparenten Gesch\u00e4ftst\u00e4tigkeit. Wir stellen sicher, dass die Grundlagen &#8230;<\/p>\n","protected":false},"author":18,"featured_media":0,"parent":0,"menu_order":0,"comment_status":"closed","ping_status":"closed","template":"templates\/template-article.php","meta":{"_kinsta_gated_content":false,"_kinsta_gated_content_redirect":"","footnotes":""},"class_list":["post-4579","page","type-page","status-publish","hentry"],"yoast_head":"<!-- This site is optimized with the Yoast SEO Premium plugin v24.6 (Yoast SEO v24.6) - https:\/\/yoast.com\/wordpress\/plugins\/seo\/ -->\n<title>Rechtliche Informationen - Kinsta<\/title>\n<meta name=\"description\" content=\"Zeitgem\u00e4\u00dfe Vereinbarungen \u00fcber Dienste, Richtlinien und Dokumente zum Schutz der Privatsph\u00e4re und des Urheberrechts sind die Grundlage einer transparenten Gesch\u00e4ftst\u00e4tigkeit.\" \/>\n<meta name=\"robots\" content=\"index, follow, max-snippet:-1, max-image-preview:large, max-video-preview:-1\" \/>\n<link rel=\"canonical\" href=\"https:\/\/kinsta.com\/de\/legal\/\" \/>\n<meta property=\"og:locale\" content=\"de_DE\" \/>\n<meta property=\"og:type\" content=\"article\" \/>\n<meta property=\"og:title\" content=\"Rechtliche Informationen\" \/>\n<meta property=\"og:description\" content=\"Zeitgem\u00e4\u00dfe Vereinbarungen \u00fcber Dienste, Richtlinien und Dokumente zum Schutz der Privatsph\u00e4re und des Urheberrechts sind die Grundlage einer transparenten Gesch\u00e4ftst\u00e4tigkeit.\" \/>\n<meta property=\"og:url\" content=\"https:\/\/kinsta.com\/de\/legal\/\" \/>\n<meta property=\"og:site_name\" content=\"Kinsta\u00ae\" \/>\n<meta property=\"article:publisher\" content=\"https:\/\/www.facebook.com\/Kinsta-Deutschland-207459890108303\/\" \/>\n<meta property=\"article:modified_time\" content=\"2025-01-29T09:03:44+00:00\" \/>\n<meta property=\"og:image\" content=\"https:\/\/kinsta.com\/de\/wp-content\/uploads\/sites\/5\/2023\/12\/kinsta-homepage-de.png\" \/>\n\t<meta property=\"og:image:width\" content=\"1200\" \/>\n\t<meta property=\"og:image:height\" content=\"628\" \/>\n\t<meta property=\"og:image:type\" content=\"image\/png\" \/>\n<meta name=\"twitter:card\" content=\"summary_large_image\" \/>\n<meta name=\"twitter:description\" content=\"Zeitgem\u00e4\u00dfe Vereinbarungen \u00fcber Dienste, Richtlinien und Dokumente zum Schutz der Privatsph\u00e4re und des Urheberrechts sind die Grundlage einer transparenten Gesch\u00e4ftst\u00e4tigkeit.\" \/>\n<meta name=\"twitter:image\" content=\"https:\/\/kinsta.com\/de\/wp-content\/uploads\/sites\/5\/2023\/12\/kinsta-homepage-de.png\" \/>\n<meta name=\"twitter:site\" content=\"@Kinsta_DE\" \/>\n<meta name=\"twitter:label1\" content=\"Gesch\u00e4tzte Lesezeit\" \/>\n\t<meta name=\"twitter:data1\" content=\"2\u00a0Minuten\" \/>\n<script type=\"application\/ld+json\" class=\"yoast-schema-graph\">{\"@context\":\"https:\/\/schema.org\",\"@graph\":[{\"@type\":\"WebPage\",\"@id\":\"https:\/\/kinsta.com\/de\/legal\/\",\"url\":\"https:\/\/kinsta.com\/de\/legal\/\",\"name\":\"Rechtliche Informationen - Kinsta\",\"isPartOf\":{\"@id\":\"https:\/\/kinsta.com\/de\/#website\"},\"datePublished\":\"2016-03-07T18:42:07+00:00\",\"dateModified\":\"2025-01-29T09:03:44+00:00\",\"description\":\"Zeitgem\u00e4\u00dfe Vereinbarungen \u00fcber Dienste, Richtlinien und Dokumente zum Schutz der Privatsph\u00e4re und des Urheberrechts sind die Grundlage einer transparenten Gesch\u00e4ftst\u00e4tigkeit.\",\"breadcrumb\":{\"@id\":\"https:\/\/kinsta.com\/de\/legal\/#breadcrumb\"},\"inLanguage\":\"de\",\"potentialAction\":[{\"@type\":\"ReadAction\",\"target\":[\"https:\/\/kinsta.com\/de\/legal\/\"]}]},{\"@type\":\"BreadcrumbList\",\"@id\":\"https:\/\/kinsta.com\/de\/legal\/#breadcrumb\",\"itemListElement\":[{\"@type\":\"ListItem\",\"position\":1,\"name\":\"Home\",\"item\":\"https:\/\/kinsta.com\/de\/\"},{\"@type\":\"ListItem\",\"position\":2,\"name\":\"Rechtliche Informationen\"}]},{\"@type\":\"WebSite\",\"@id\":\"https:\/\/kinsta.com\/de\/#website\",\"url\":\"https:\/\/kinsta.com\/de\/\",\"name\":\"Kinsta\u00ae\",\"description\":\"Schnelle, sichere und hochwertige Hosting-L\u00f6sungen\",\"publisher\":{\"@id\":\"https:\/\/kinsta.com\/de\/#organization\"},\"potentialAction\":[{\"@type\":\"SearchAction\",\"target\":{\"@type\":\"EntryPoint\",\"urlTemplate\":\"https:\/\/kinsta.com\/de\/?s={search_term_string}\"},\"query-input\":{\"@type\":\"PropertyValueSpecification\",\"valueRequired\":true,\"valueName\":\"search_term_string\"}}],\"inLanguage\":\"de\"},{\"@type\":\"Organization\",\"@id\":\"https:\/\/kinsta.com\/de\/#organization\",\"name\":\"Kinsta\",\"url\":\"https:\/\/kinsta.com\/de\/\",\"logo\":{\"@type\":\"ImageObject\",\"inLanguage\":\"de\",\"@id\":\"https:\/\/kinsta.com\/de\/#\/schema\/logo\/image\/\",\"url\":\"https:\/\/kinsta.com\/de\/wp-content\/uploads\/sites\/5\/2023\/12\/kinsta-logo.jpeg\",\"contentUrl\":\"https:\/\/kinsta.com\/de\/wp-content\/uploads\/sites\/5\/2023\/12\/kinsta-logo.jpeg\",\"width\":500,\"height\":500,\"caption\":\"Kinsta\"},\"image\":{\"@id\":\"https:\/\/kinsta.com\/de\/#\/schema\/logo\/image\/\"},\"sameAs\":[\"https:\/\/www.facebook.com\/Kinsta-Deutschland-207459890108303\/\",\"https:\/\/x.com\/Kinsta_DE\",\"https:\/\/www.instagram.com\/kinstahosting\/\",\"https:\/\/www.linkedin.com\/company\/kinsta\/\",\"https:\/\/www.pinterest.com\/kinstahosting\/\",\"https:\/\/www.youtube.com\/c\/Kinsta\"]}]}<\/script>\n<!-- \/ Yoast SEO Premium plugin. -->","yoast_head_json":{"title":"Rechtliche Informationen - Kinsta","description":"Zeitgem\u00e4\u00dfe Vereinbarungen \u00fcber Dienste, Richtlinien und Dokumente zum Schutz der Privatsph\u00e4re und des Urheberrechts sind die Grundlage einer transparenten Gesch\u00e4ftst\u00e4tigkeit.","robots":{"index":"index","follow":"follow","max-snippet":"max-snippet:-1","max-image-preview":"max-image-preview:large","max-video-preview":"max-video-preview:-1"},"canonical":"https:\/\/kinsta.com\/de\/legal\/","og_locale":"de_DE","og_type":"article","og_title":"Rechtliche Informationen","og_description":"Zeitgem\u00e4\u00dfe Vereinbarungen \u00fcber Dienste, Richtlinien und Dokumente zum Schutz der Privatsph\u00e4re und des Urheberrechts sind die Grundlage einer transparenten Gesch\u00e4ftst\u00e4tigkeit.","og_url":"https:\/\/kinsta.com\/de\/legal\/","og_site_name":"Kinsta\u00ae","article_publisher":"https:\/\/www.facebook.com\/Kinsta-Deutschland-207459890108303\/","article_modified_time":"2025-01-29T09:03:44+00:00","og_image":[{"width":1200,"height":628,"url":"https:\/\/kinsta.com\/de\/wp-content\/uploads\/sites\/5\/2023\/12\/kinsta-homepage-de.png","type":"image\/png"}],"twitter_card":"summary_large_image","twitter_description":"Zeitgem\u00e4\u00dfe Vereinbarungen \u00fcber Dienste, Richtlinien und Dokumente zum Schutz der Privatsph\u00e4re und des Urheberrechts sind die Grundlage einer transparenten Gesch\u00e4ftst\u00e4tigkeit.","twitter_image":"https:\/\/kinsta.com\/de\/wp-content\/uploads\/sites\/5\/2023\/12\/kinsta-homepage-de.png","twitter_site":"@Kinsta_DE","twitter_misc":{"Gesch\u00e4tzte Lesezeit":"2\u00a0Minuten"},"schema":{"@context":"https:\/\/schema.org","@graph":[{"@type":"WebPage","@id":"https:\/\/kinsta.com\/de\/legal\/","url":"https:\/\/kinsta.com\/de\/legal\/","name":"Rechtliche Informationen - Kinsta","isPartOf":{"@id":"https:\/\/kinsta.com\/de\/#website"},"datePublished":"2016-03-07T18:42:07+00:00","dateModified":"2025-01-29T09:03:44+00:00","description":"Zeitgem\u00e4\u00dfe Vereinbarungen \u00fcber Dienste, Richtlinien und Dokumente zum Schutz der Privatsph\u00e4re und des Urheberrechts sind die Grundlage einer transparenten Gesch\u00e4ftst\u00e4tigkeit.","breadcrumb":{"@id":"https:\/\/kinsta.com\/de\/legal\/#breadcrumb"},"inLanguage":"de","potentialAction":[{"@type":"ReadAction","target":["https:\/\/kinsta.com\/de\/legal\/"]}]},{"@type":"BreadcrumbList","@id":"https:\/\/kinsta.com\/de\/legal\/#breadcrumb","itemListElement":[{"@type":"ListItem","position":1,"name":"Home","item":"https:\/\/kinsta.com\/de\/"},{"@type":"ListItem","position":2,"name":"Rechtliche Informationen"}]},{"@type":"WebSite","@id":"https:\/\/kinsta.com\/de\/#website","url":"https:\/\/kinsta.com\/de\/","name":"Kinsta\u00ae","description":"Schnelle, sichere und hochwertige Hosting-L\u00f6sungen","publisher":{"@id":"https:\/\/kinsta.com\/de\/#organization"},"potentialAction":[{"@type":"SearchAction","target":{"@type":"EntryPoint","urlTemplate":"https:\/\/kinsta.com\/de\/?s={search_term_string}"},"query-input":{"@type":"PropertyValueSpecification","valueRequired":true,"valueName":"search_term_string"}}],"inLanguage":"de"},{"@type":"Organization","@id":"https:\/\/kinsta.com\/de\/#organization","name":"Kinsta","url":"https:\/\/kinsta.com\/de\/","logo":{"@type":"ImageObject","inLanguage":"de","@id":"https:\/\/kinsta.com\/de\/#\/schema\/logo\/image\/","url":"https:\/\/kinsta.com\/de\/wp-content\/uploads\/sites\/5\/2023\/12\/kinsta-logo.jpeg","contentUrl":"https:\/\/kinsta.com\/de\/wp-content\/uploads\/sites\/5\/2023\/12\/kinsta-logo.jpeg","width":500,"height":500,"caption":"Kinsta"},"image":{"@id":"https:\/\/kinsta.com\/de\/#\/schema\/logo\/image\/"},"sameAs":["https:\/\/www.facebook.com\/Kinsta-Deutschland-207459890108303\/","https:\/\/x.com\/Kinsta_DE","https:\/\/www.instagram.com\/kinstahosting\/","https:\/\/www.linkedin.com\/company\/kinsta\/","https:\/\/www.pinterest.com\/kinstahosting\/","https:\/\/www.youtube.com\/c\/Kinsta"]}]}},"acf":[],"_links":{"self":[{"href":"https:\/\/kinsta.com\/de\/wp-json\/wp\/v2\/pages\/4579","targetHints":{"allow":["GET"]}}],"collection":[{"href":"https:\/\/kinsta.com\/de\/wp-json\/wp\/v2\/pages"}],"about":[{"href":"https:\/\/kinsta.com\/de\/wp-json\/wp\/v2\/types\/page"}],"author":[{"embeddable":true,"href":"https:\/\/kinsta.com\/de\/wp-json\/wp\/v2\/users\/18"}],"replies":[{"embeddable":true,"href":"https:\/\/kinsta.com\/de\/wp-json\/wp\/v2\/comments?post=4579"}],"version-history":[{"count":15,"href":"https:\/\/kinsta.com\/de\/wp-json\/wp\/v2\/pages\/4579\/revisions"}],"predecessor-version":[{"id":72453,"href":"https:\/\/kinsta.com\/de\/wp-json\/wp\/v2\/pages\/4579\/revisions\/72453"}],"alternate":[{"embeddable":true,"hreflang":"en","title":"English","href":"https:\/\/kinsta.com\/de\/wp-json\/kinsta\/v1\/posts\/4579\/translations\/en"},{"embeddable":true,"hreflang":"fr","title":"French","href":"https:\/\/kinsta.com\/de\/wp-json\/kinsta\/v1\/posts\/4579\/translations\/fr"},{"embeddable":true,"hreflang":"it","title":"Italian","href":"https:\/\/kinsta.com\/de\/wp-json\/kinsta\/v1\/posts\/4579\/translations\/it"},{"embeddable":true,"hreflang":"de","title":"German","href":"https:\/\/kinsta.com\/de\/wp-json\/kinsta\/v1\/posts\/4579\/translations\/de"},{"embeddable":true,"hreflang":"es","title":"Spanish","href":"https:\/\/kinsta.com\/de\/wp-json\/kinsta\/v1\/posts\/4579\/translations\/es"},{"embeddable":true,"hreflang":"pt","title":"Portuguese","href":"https:\/\/kinsta.com\/de\/wp-json\/kinsta\/v1\/posts\/4579\/translations\/pt"},{"embeddable":true,"hreflang":"nl","title":"Dutch","href":"https:\/\/kinsta.com\/de\/wp-json\/kinsta\/v1\/posts\/4579\/translations\/nl"},{"embeddable":true,"hreflang":"ja","title":"Japanese","href":"https:\/\/kinsta.com\/de\/wp-json\/kinsta\/v1\/posts\/4579\/translations\/jp"},{"embeddable":true,"hreflang":"da","title":"Danish","href":"https:\/\/kinsta.com\/de\/wp-json\/kinsta\/v1\/posts\/4579\/translations\/dk"},{"embeddable":true,"hreflang":"sv","title":"Swedish","href":"https:\/\/kinsta.com\/de\/wp-json\/kinsta\/v1\/posts\/4579\/translations\/se"},{"href":"https:\/\/kinsta.com\/de\/wp-json\/kinsta\/v1\/posts\/4579\/tree"}],"wp:attachment":[{"href":"https:\/\/kinsta.com\/de\/wp-json\/wp\/v2\/media?parent=4579"}],"curies":[{"name":"wp","href":"https:\/\/api.w.org\/{rel}","templated":true}]}}