{"id":54962,"date":"2022-10-17T10:20:51","date_gmt":"2022-10-17T09:20:51","guid":{"rendered":"https:\/\/kinsta.com\/de\/?page_id=54962&#038;preview_id=54962"},"modified":"2023-10-02T15:38:26","modified_gmt":"2023-10-02T14:38:26","slug":"erklaerung-barrierefreiheit-im-internet","status":"publish","type":"page","link":"https:\/\/kinsta.com\/de\/erklaerung-barrierefreiheit-im-internet\/","title":{"rendered":"Erkl\u00e4rung zur Barrierefreiheit im Internet f\u00fcr Kinsta.com"},"content":{"rendered":"\n<p>Kinsta verpflichtet sich, eine Website, eine mobile Anwendung und andere digitale Inhalte bereitzustellen, die f\u00fcr alle Kunden zug\u00e4nglich sind, auch f\u00fcr Menschen mit Behinderungen.<\/p>\n\n\n\n<p>Wir haben die <a href=\"https:\/\/www.w3.org\/TR\/WCAG21\/\" target=\"_blank\" rel=\"noreferrer noopener\">Web Content Accessibility Guidelines (WCAG) 2.1<\/a> Level AA als Standard f\u00fcr Barrierefreiheit \u00fcbernommen und arbeiten kontinuierlich daran, unsere Webseiten und Apps in weitgehender \u00dcbereinstimmung mit diesem Standard zu halten und allen Menschen das bestm\u00f6gliche Nutzererlebnis zu bieten.<\/p>\n\n\n\n<h2 class=\"wp-block-heading\" id=\"h-feedback\">Feedback<\/h2>\n\n\n\n<p>Wir freuen uns \u00fcber dein Feedback, wenn du Fragen oder Bedenken bez\u00fcglich der Zug\u00e4nglichkeit unserer Webseiten, mobilen Anwendungen oder anderer digitaler Inhalte hast.<\/p>\n\n\n\n<ul class=\"wp-block-list\">\n<li>Bitte kontaktiere: <a target=\"_blank\" href=\"mailto:accessibility@kinsta.com\" rel=\"noreferrer noopener\">accessibility@kinsta.com<\/a> <\/li>\n\n\n\n<li>Postanschrift: Kinsta Inc. 8605 Santa Monica Blvd #92581, West Hollywood, CA 90069<\/li>\n<\/ul>\n\n\n\n<p>Wir bem\u00fchen uns, innerhalb von 5 Werktagen auf dein Feedback zu antworten.<\/p>\n","protected":false},"excerpt":{"rendered":"<p>Kinsta verpflichtet sich, eine Website, eine mobile Anwendung und andere digitale Inhalte bereitzustellen, die f\u00fcr alle Kunden zug\u00e4nglich sind, auch f\u00fcr Menschen mit Behinderungen. Wir haben &#8230;<\/p>\n","protected":false},"author":103,"featured_media":0,"parent":0,"menu_order":0,"comment_status":"closed","ping_status":"closed","template":"","meta":{"_kinsta_gated_content":false,"_kinsta_gated_content_redirect":"","footnotes":""},"class_list":["post-54962","page","type-page","status-publish","hentry"],"yoast_head":"<!-- This site is optimized with the Yoast SEO Premium plugin v24.6 (Yoast SEO v24.6) - https:\/\/yoast.com\/wordpress\/plugins\/seo\/ -->\n<title>Erkl\u00e4rung zur Barrierefreiheit im Internet f\u00fcr Kinsta.com - Kinsta\u00ae<\/title>\n<meta name=\"description\" content=\"Kinsta verpflichtet sich, eine Website, eine mobile Anwendung und andere digitale Inhalte bereitzustellen, die f\u00fcr alle Kunden zug\u00e4nglich sind, auch f\u00fcr Menschen mit Behinderungen.\" \/>\n<meta name=\"robots\" content=\"index, follow, max-snippet:-1, max-image-preview:large, max-video-preview:-1\" \/>\n<link rel=\"canonical\" href=\"https:\/\/kinsta.com\/de\/erklaerung-barrierefreiheit-im-internet\/\" \/>\n<meta property=\"og:locale\" content=\"de_DE\" \/>\n<meta property=\"og:type\" content=\"article\" \/>\n<meta property=\"og:title\" content=\"Erkl\u00e4rung zur Barrierefreiheit im Internet f\u00fcr Kinsta.com\" \/>\n<meta property=\"og:description\" content=\"Kinsta verpflichtet sich, eine Website, eine mobile Anwendung und andere digitale Inhalte bereitzustellen, die f\u00fcr alle Kunden zug\u00e4nglich sind, auch f\u00fcr Menschen mit Behinderungen.\" \/>\n<meta property=\"og:url\" content=\"https:\/\/kinsta.com\/de\/erklaerung-barrierefreiheit-im-internet\/\" \/>\n<meta property=\"og:site_name\" content=\"Kinsta\u00ae\" \/>\n<meta property=\"article:publisher\" content=\"https:\/\/www.facebook.com\/Kinsta-Deutschland-207459890108303\/\" \/>\n<meta property=\"article:modified_time\" content=\"2023-10-02T14:38:26+00:00\" \/>\n<meta property=\"og:image\" content=\"https:\/\/kinsta.com\/de\/wp-content\/uploads\/sites\/5\/2023\/12\/kinsta-homepage-de.png\" \/>\n\t<meta property=\"og:image:width\" content=\"1200\" \/>\n\t<meta property=\"og:image:height\" content=\"628\" \/>\n\t<meta property=\"og:image:type\" content=\"image\/png\" \/>\n<meta name=\"twitter:card\" content=\"summary_large_image\" \/>\n<meta name=\"twitter:description\" content=\"Kinsta verpflichtet sich, eine Website, eine mobile Anwendung und andere digitale Inhalte bereitzustellen, die f\u00fcr alle Kunden zug\u00e4nglich sind, auch f\u00fcr Menschen mit Behinderungen.\" \/>\n<meta name=\"twitter:image\" content=\"https:\/\/kinsta.com\/de\/wp-content\/uploads\/sites\/5\/2023\/12\/kinsta-homepage-de.png\" \/>\n<meta name=\"twitter:site\" content=\"@Kinsta_DE\" \/>\n<meta name=\"twitter:label1\" content=\"Gesch\u00e4tzte Lesezeit\" \/>\n\t<meta name=\"twitter:data1\" content=\"1\u00a0Minute\" \/>\n<script type=\"application\/ld+json\" class=\"yoast-schema-graph\">{\"@context\":\"https:\/\/schema.org\",\"@graph\":[{\"@type\":\"WebPage\",\"@id\":\"https:\/\/kinsta.com\/de\/erklaerung-barrierefreiheit-im-internet\/\",\"url\":\"https:\/\/kinsta.com\/de\/erklaerung-barrierefreiheit-im-internet\/\",\"name\":\"Erkl\u00e4rung zur Barrierefreiheit im Internet f\u00fcr Kinsta.com - Kinsta\u00ae\",\"isPartOf\":{\"@id\":\"https:\/\/kinsta.com\/de\/#website\"},\"datePublished\":\"2022-10-17T09:20:51+00:00\",\"dateModified\":\"2023-10-02T14:38:26+00:00\",\"description\":\"Kinsta verpflichtet sich, eine Website, eine mobile Anwendung und andere digitale Inhalte bereitzustellen, die f\u00fcr alle Kunden zug\u00e4nglich sind, auch f\u00fcr Menschen mit Behinderungen.\",\"breadcrumb\":{\"@id\":\"https:\/\/kinsta.com\/de\/erklaerung-barrierefreiheit-im-internet\/#breadcrumb\"},\"inLanguage\":\"de\",\"potentialAction\":[{\"@type\":\"ReadAction\",\"target\":[\"https:\/\/kinsta.com\/de\/erklaerung-barrierefreiheit-im-internet\/\"]}]},{\"@type\":\"BreadcrumbList\",\"@id\":\"https:\/\/kinsta.com\/de\/erklaerung-barrierefreiheit-im-internet\/#breadcrumb\",\"itemListElement\":[{\"@type\":\"ListItem\",\"position\":1,\"name\":\"Home\",\"item\":\"https:\/\/kinsta.com\/de\/\"},{\"@type\":\"ListItem\",\"position\":2,\"name\":\"Erkl\u00e4rung zur Barrierefreiheit im Internet f\u00fcr Kinsta.com\"}]},{\"@type\":\"WebSite\",\"@id\":\"https:\/\/kinsta.com\/de\/#website\",\"url\":\"https:\/\/kinsta.com\/de\/\",\"name\":\"Kinsta\u00ae\",\"description\":\"Schnelle, sichere und hochwertige Hosting-L\u00f6sungen\",\"publisher\":{\"@id\":\"https:\/\/kinsta.com\/de\/#organization\"},\"potentialAction\":[{\"@type\":\"SearchAction\",\"target\":{\"@type\":\"EntryPoint\",\"urlTemplate\":\"https:\/\/kinsta.com\/de\/?s={search_term_string}\"},\"query-input\":{\"@type\":\"PropertyValueSpecification\",\"valueRequired\":true,\"valueName\":\"search_term_string\"}}],\"inLanguage\":\"de\"},{\"@type\":\"Organization\",\"@id\":\"https:\/\/kinsta.com\/de\/#organization\",\"name\":\"Kinsta\",\"url\":\"https:\/\/kinsta.com\/de\/\",\"logo\":{\"@type\":\"ImageObject\",\"inLanguage\":\"de\",\"@id\":\"https:\/\/kinsta.com\/de\/#\/schema\/logo\/image\/\",\"url\":\"https:\/\/kinsta.com\/de\/wp-content\/uploads\/sites\/5\/2023\/12\/kinsta-logo.jpeg\",\"contentUrl\":\"https:\/\/kinsta.com\/de\/wp-content\/uploads\/sites\/5\/2023\/12\/kinsta-logo.jpeg\",\"width\":500,\"height\":500,\"caption\":\"Kinsta\"},\"image\":{\"@id\":\"https:\/\/kinsta.com\/de\/#\/schema\/logo\/image\/\"},\"sameAs\":[\"https:\/\/www.facebook.com\/Kinsta-Deutschland-207459890108303\/\",\"https:\/\/x.com\/Kinsta_DE\",\"https:\/\/www.instagram.com\/kinstahosting\/\",\"https:\/\/www.linkedin.com\/company\/kinsta\/\",\"https:\/\/www.pinterest.com\/kinstahosting\/\",\"https:\/\/www.youtube.com\/c\/Kinsta\"]}]}<\/script>\n<!-- \/ Yoast SEO Premium plugin. -->","yoast_head_json":{"title":"Erkl\u00e4rung zur Barrierefreiheit im Internet f\u00fcr Kinsta.com - Kinsta\u00ae","description":"Kinsta verpflichtet sich, eine Website, eine mobile Anwendung und andere digitale Inhalte bereitzustellen, die f\u00fcr alle Kunden zug\u00e4nglich sind, auch f\u00fcr Menschen mit Behinderungen.","robots":{"index":"index","follow":"follow","max-snippet":"max-snippet:-1","max-image-preview":"max-image-preview:large","max-video-preview":"max-video-preview:-1"},"canonical":"https:\/\/kinsta.com\/de\/erklaerung-barrierefreiheit-im-internet\/","og_locale":"de_DE","og_type":"article","og_title":"Erkl\u00e4rung zur Barrierefreiheit im Internet f\u00fcr Kinsta.com","og_description":"Kinsta verpflichtet sich, eine Website, eine mobile Anwendung und andere digitale Inhalte bereitzustellen, die f\u00fcr alle Kunden zug\u00e4nglich sind, auch f\u00fcr Menschen mit Behinderungen.","og_url":"https:\/\/kinsta.com\/de\/erklaerung-barrierefreiheit-im-internet\/","og_site_name":"Kinsta\u00ae","article_publisher":"https:\/\/www.facebook.com\/Kinsta-Deutschland-207459890108303\/","article_modified_time":"2023-10-02T14:38:26+00:00","og_image":[{"width":1200,"height":628,"url":"https:\/\/kinsta.com\/de\/wp-content\/uploads\/sites\/5\/2023\/12\/kinsta-homepage-de.png","type":"image\/png"}],"twitter_card":"summary_large_image","twitter_description":"Kinsta verpflichtet sich, eine Website, eine mobile Anwendung und andere digitale Inhalte bereitzustellen, die f\u00fcr alle Kunden zug\u00e4nglich sind, auch f\u00fcr Menschen mit Behinderungen.","twitter_image":"https:\/\/kinsta.com\/de\/wp-content\/uploads\/sites\/5\/2023\/12\/kinsta-homepage-de.png","twitter_site":"@Kinsta_DE","twitter_misc":{"Gesch\u00e4tzte Lesezeit":"1\u00a0Minute"},"schema":{"@context":"https:\/\/schema.org","@graph":[{"@type":"WebPage","@id":"https:\/\/kinsta.com\/de\/erklaerung-barrierefreiheit-im-internet\/","url":"https:\/\/kinsta.com\/de\/erklaerung-barrierefreiheit-im-internet\/","name":"Erkl\u00e4rung zur Barrierefreiheit im Internet f\u00fcr Kinsta.com - Kinsta\u00ae","isPartOf":{"@id":"https:\/\/kinsta.com\/de\/#website"},"datePublished":"2022-10-17T09:20:51+00:00","dateModified":"2023-10-02T14:38:26+00:00","description":"Kinsta verpflichtet sich, eine Website, eine mobile Anwendung und andere digitale Inhalte bereitzustellen, die f\u00fcr alle Kunden zug\u00e4nglich sind, auch f\u00fcr Menschen mit Behinderungen.","breadcrumb":{"@id":"https:\/\/kinsta.com\/de\/erklaerung-barrierefreiheit-im-internet\/#breadcrumb"},"inLanguage":"de","potentialAction":[{"@type":"ReadAction","target":["https:\/\/kinsta.com\/de\/erklaerung-barrierefreiheit-im-internet\/"]}]},{"@type":"BreadcrumbList","@id":"https:\/\/kinsta.com\/de\/erklaerung-barrierefreiheit-im-internet\/#breadcrumb","itemListElement":[{"@type":"ListItem","position":1,"name":"Home","item":"https:\/\/kinsta.com\/de\/"},{"@type":"ListItem","position":2,"name":"Erkl\u00e4rung zur Barrierefreiheit im Internet f\u00fcr Kinsta.com"}]},{"@type":"WebSite","@id":"https:\/\/kinsta.com\/de\/#website","url":"https:\/\/kinsta.com\/de\/","name":"Kinsta\u00ae","description":"Schnelle, sichere und hochwertige Hosting-L\u00f6sungen","publisher":{"@id":"https:\/\/kinsta.com\/de\/#organization"},"potentialAction":[{"@type":"SearchAction","target":{"@type":"EntryPoint","urlTemplate":"https:\/\/kinsta.com\/de\/?s={search_term_string}"},"query-input":{"@type":"PropertyValueSpecification","valueRequired":true,"valueName":"search_term_string"}}],"inLanguage":"de"},{"@type":"Organization","@id":"https:\/\/kinsta.com\/de\/#organization","name":"Kinsta","url":"https:\/\/kinsta.com\/de\/","logo":{"@type":"ImageObject","inLanguage":"de","@id":"https:\/\/kinsta.com\/de\/#\/schema\/logo\/image\/","url":"https:\/\/kinsta.com\/de\/wp-content\/uploads\/sites\/5\/2023\/12\/kinsta-logo.jpeg","contentUrl":"https:\/\/kinsta.com\/de\/wp-content\/uploads\/sites\/5\/2023\/12\/kinsta-logo.jpeg","width":500,"height":500,"caption":"Kinsta"},"image":{"@id":"https:\/\/kinsta.com\/de\/#\/schema\/logo\/image\/"},"sameAs":["https:\/\/www.facebook.com\/Kinsta-Deutschland-207459890108303\/","https:\/\/x.com\/Kinsta_DE","https:\/\/www.instagram.com\/kinstahosting\/","https:\/\/www.linkedin.com\/company\/kinsta\/","https:\/\/www.pinterest.com\/kinstahosting\/","https:\/\/www.youtube.com\/c\/Kinsta"]}]}},"acf":[],"_links":{"self":[{"href":"https:\/\/kinsta.com\/de\/wp-json\/wp\/v2\/pages\/54962","targetHints":{"allow":["GET"]}}],"collection":[{"href":"https:\/\/kinsta.com\/de\/wp-json\/wp\/v2\/pages"}],"about":[{"href":"https:\/\/kinsta.com\/de\/wp-json\/wp\/v2\/types\/page"}],"author":[{"embeddable":true,"href":"https:\/\/kinsta.com\/de\/wp-json\/wp\/v2\/users\/103"}],"replies":[{"embeddable":true,"href":"https:\/\/kinsta.com\/de\/wp-json\/wp\/v2\/comments?post=54962"}],"version-history":[{"count":4,"href":"https:\/\/kinsta.com\/de\/wp-json\/wp\/v2\/pages\/54962\/revisions"}],"predecessor-version":[{"id":66001,"href":"https:\/\/kinsta.com\/de\/wp-json\/wp\/v2\/pages\/54962\/revisions\/66001"}],"alternate":[{"embeddable":true,"hreflang":"en","title":"English","href":"https:\/\/kinsta.com\/de\/wp-json\/kinsta\/v1\/posts\/54962\/translations\/en"},{"embeddable":true,"hreflang":"it","title":"Italian","href":"https:\/\/kinsta.com\/de\/wp-json\/kinsta\/v1\/posts\/54962\/translations\/it"},{"embeddable":true,"hreflang":"pt","title":"Portuguese","href":"https:\/\/kinsta.com\/de\/wp-json\/kinsta\/v1\/posts\/54962\/translations\/pt"},{"embeddable":true,"hreflang":"fr","title":"French","href":"https:\/\/kinsta.com\/de\/wp-json\/kinsta\/v1\/posts\/54962\/translations\/fr"},{"embeddable":true,"hreflang":"de","title":"German","href":"https:\/\/kinsta.com\/de\/wp-json\/kinsta\/v1\/posts\/54962\/translations\/de"},{"embeddable":true,"hreflang":"ja","title":"Japanese","href":"https:\/\/kinsta.com\/de\/wp-json\/kinsta\/v1\/posts\/54962\/translations\/jp"},{"embeddable":true,"hreflang":"nl","title":"Dutch","href":"https:\/\/kinsta.com\/de\/wp-json\/kinsta\/v1\/posts\/54962\/translations\/nl"},{"embeddable":true,"hreflang":"es","title":"Spanish","href":"https:\/\/kinsta.com\/de\/wp-json\/kinsta\/v1\/posts\/54962\/translations\/es"},{"embeddable":true,"hreflang":"sv","title":"Swedish","href":"https:\/\/kinsta.com\/de\/wp-json\/kinsta\/v1\/posts\/54962\/translations\/se"},{"embeddable":true,"hreflang":"da","title":"Danish","href":"https:\/\/kinsta.com\/de\/wp-json\/kinsta\/v1\/posts\/54962\/translations\/dk"},{"href":"https:\/\/kinsta.com\/de\/wp-json\/kinsta\/v1\/posts\/54962\/tree"}],"wp:attachment":[{"href":"https:\/\/kinsta.com\/de\/wp-json\/wp\/v2\/media?parent=54962"}],"curies":[{"name":"wp","href":"https:\/\/api.w.org\/{rel}","templated":true}]}}