{"id":64743,"date":"2023-08-09T10:13:27","date_gmt":"2023-08-09T09:13:27","guid":{"rendered":"https:\/\/kinsta.com\/de\/?page_id=64743&#038;preview_id=64743"},"modified":"2024-06-21T09:47:54","modified_gmt":"2024-06-21T08:47:54","slug":"empfehlungsprogramm-bedingungen","status":"publish","type":"page","link":"https:\/\/kinsta.com\/de\/legal\/empfehlungsprogramm-bedingungen\/","title":{"rendered":"Allgemeine Gesch\u00e4ftsbedingungen f\u00fcr das Kundenempfehlungsprogramm"},"content":{"rendered":"<aside role=\"note\" class=\"wp-block-kinsta-notice is-style-plain\">\n        <p>Dies ist eine \u00dcbersetzung der englischen Originalfassung unserer Rechtsdokumente. Obwohl wir alle m\u00f6glichen Vorsichtsma\u00dfnahmen getroffen haben, eine genaue \u00dcbersetzung anzufertigen, ist die englische Fassung ma\u00dfgebend, wenn es zwischen den zwei Versionen Abweichungen bestehen. Der original Rechtstexte kann <a href=\"https:\/\/kinsta.com\/legal\/referral-terms\/\" data-no-translate>hier<\/a> gefunden werden.<\/p>\n<\/aside>\n\n\n\n\n<p>Aktualisiert am: August 7, 2023<\/p>\n\n\n\n<h2 class=\"wp-block-heading\" id=\"h-1-einf-hrung-geltungsbereich-teilnahmeberechtigung\">1. Einf\u00fchrung; Geltungsbereich; Teilnahmeberechtigung.<\/h2>\n\n\n\n<ol start=\"1\" class=\"is-style-lower-alpha wp-block-list\">\n<li>Diese Gesch\u00e4ftsbedingungen f\u00fcr das Kundenempfehlungsprogramm (&#8222;<strong>Gesch\u00e4ftsbedingungen<\/strong>&#8222;) regeln das Kundenempfehlungsprogramm von Kinsta (&#8222;<strong>Empfehlungsprogramm<\/strong>&#8222;), in dessen Rahmen aktive Kunden als Gegenleistung f\u00fcr die Empfehlung eines neuen Kunden an Kinsta Gutschriften f\u00fcr ihren Hosting-Plan erhalten k\u00f6nnen (&#8222;<strong>Empfehlungsgutschriften<\/strong>&#8222;). Durch die Teilnahme am Empfehlungsprogramm oder die Nutzung von Empfehlungsgutschriften erkl\u00e4rst du dich mit diesen Bedingungen einverstanden.<\/li>\n\n\n\n<li>Diese Bedingungen erg\u00e4nzen die Allgemeinen <a href=\"https:\/\/kinsta.com\/de\/legal\/nutzungsbedingungen\/\">Gesch\u00e4ftsbedingungen<\/a> (&#8222;<strong>AGB<\/strong>&#8222;), und Verweise auf den Begriff &#8222;Dienste&#8220; in den AGB sind so auszulegen, dass sie die Teilnahme des Kunden am Empfehlungsprogramm einschlie\u00dfen, sofern zutreffend.  Gro\u00dfgeschriebene Begriffe, die in diesen Bedingungen nicht definiert sind, haben die in den AGB angegebene Bedeutung. Im Falle eines Widerspruchs zwischen diesen Bedingungen und den AGB haben die Bestimmungen dieser Bedingungen Vorrang, jedoch nur in Bezug auf Ihre Teilnahme am Empfehlungsprogramm.<\/li>\n\n\n\n<li>Weitere Informationen \u00fcber das Empfehlungsprogramm, einschlie\u00dflich der Teilnahme, des Verdienstes von Empfehlungsgutschriften sowie des Zeitpunkts und der H\u00f6he der Empfehlungsgutschriften, finden Sie unter <a href=\"https:\/\/kinsta.com\/de\/docs\/service-information\/empfehlungs-faq\/\">https:\/\/kinsta.com\/docs\/service-information\/referrals-faq\/<\/a> (&#8222;<strong>Info-Seite<\/strong>&#8222;), die jederzeit nach eigenem Ermessen von Kinsta aktualisiert werden kann. Im Falle eines Widerspruchs zwischen diesen Bedingungen und der Info-Seite haben die Bestimmungen dieser Bedingungen Vorrang.<\/li>\n\n\n\n<li>Wir behalten uns das Recht vor, diese Bedingungen jederzeit zu \u00e4ndern. Wir werden solche \u00c4nderungen durch eine Aktualisierung des Datums am Anfang dieser Bedingungen bekannt geben. Wenn Sie nach einer \u00c4nderung dieser Bedingungen weiterhin am Empfehlungsprogramm teilnehmen, bedeutet dies, dass Sie diese \u00c4nderungen akzeptieren.<\/li>\n\n\n\n<li>Jeder Kunde mit einem aktiven MyKinsta-Hostingplan ist f\u00fcr das Empfehlungsprogramm berechtigt.<\/li>\n<\/ol>\n\n\n\n<h2 class=\"wp-block-heading\" id=\"h-2-empfehlungsgutschriften\">2. Empfehlungsgutschriften.<\/h2>\n\n\n\n<ol start=\"1\" class=\"is-style-lower-alpha wp-block-list\">\n<li>Empfehlungsgutschriften werden zur Verrechnung mit den f\u00fcr Ihren Hosting-Plan anfallenden Geb\u00fchren verwendet. Sie d\u00fcrfen Empfehlungsgutschriften nicht verkaufen, lizenzieren, vermieten oder anderweitig \u00fcbertragen. Empfehlungsgutschriften haben keinen inneren Wert oder Geldwert, k\u00f6nnen nicht gegen Bargeld eingel\u00f6st werden und sind nicht erstattungsf\u00e4hig.<\/li>\n\n\n\n<li>Ungenutzte Empfehlungsgutschriften verfallen und sind ung\u00fcltig (i) bei K\u00fcndigung Ihres Hosting-Plans oder (ii) im Falle von Betrug oder Missbrauch oder eines Versto\u00dfes gegen die AGB, diese Bedingungen oder andere geltende Gesetze, Bedingungen, Richtlinien oder Anweisungen. <\/li>\n\n\n\n<li>Kinsta beh\u00e4lt sich das Recht vor, Ihren Hosting-Plan zu belasten oder die R\u00fcckerstattung des Betrages verwendeter Referral Credits zu verlangen, die in betr\u00fcgerischer, illegaler oder unzul\u00e4ssiger Weise erlangt wurden oder anderweitig unberechtigt sind. <\/li>\n\n\n\n<li>Empfehlungsgutschriften k\u00f6nnen nur f\u00fcr einen Kunden pro Empfehlung verwendet werden. Streitigkeiten dar\u00fcber, welcher Kunde oder sonstige Dritte eine Empfehlungsgutschrift erhalten soll, werden nach dem alleinigen Ermessen von Kinsta entschieden.<\/li>\n\n\n\n<li>Kinsta ist nicht verantwortlich f\u00fcr Tracking-Cookies des Empfehlungsprogramms, die entweder absichtlich oder unabsichtlich gel\u00f6scht wurden. F\u00fcr Tracking-Fehler jeglicher Art wird keine Empfehlungsgutschrift gezahlt.<\/li>\n\n\n\n<li>Sie sind allein verantwortlich f\u00fcr alle steuerlichen Verpflichtungen im Zusammenhang mit dem Erhalt und der Verwendung von Referral Credits.<\/li>\n\n\n\n<li>F\u00fcr die Empfehlung von Beta-Diensten, statischem Website-Hosting oder anderen kostenlosen Diensten werden keine Empfehlungsgutschriften gew\u00e4hrt.<\/li>\n<\/ol>\n\n\n\n<h2 class=\"wp-block-heading\" id=\"h-3-werbemethoden-und-beschr-nkungen\">3. Werbemethoden und -beschr\u00e4nkungen.<\/h2>\n\n\n\n<ol start=\"1\" class=\"is-style-lower-alpha wp-block-list\">\n<li>Der Kunde ist f\u00fcr alle Inhalte verantwortlich, die er zur Werbung f\u00fcr Kinsta in Verbindung mit dem Empfehlungsprogramm verwendet (&#8222;<strong>Werbeinhalte<\/strong>&#8222;). Die Werbeinhalte k\u00f6nnen autorisierte Versionen der Marken und Logos von Kinsta gem\u00e4\u00df <a href=\"https:\/\/kinsta.com\/de\/presse\/\">https:\/\/kinsta.com\/press<\/a> enthalten.<\/li>\n\n\n\n<li>Der Kunde muss den Anweisungen von Kinsta zur \u00c4nderung oder Entfernung von Werbeinhalten unverz\u00fcglich nachkommen.<\/li>\n\n\n\n<li>Die Werbeinhalte m\u00fcssen den <a href=\"https:\/\/www.ftc.gov\/business-guidance\/advertising-marketing\/endorsements-influencers-reviews\">Bestimmungen der Federal Trade Commission (FTC)<\/a> und allen anderen geltenden Gesetzen entsprechen, einschlie\u00dflich der Mitteilung, dass der Kunde eine Empfehlungsgutschrift erhalten kann.<\/li>\n\n\n\n<li>Werbeinhalte d\u00fcrfen nicht:\n<ol class=\"wp-block-list\">\n<li>Die Dienste in irgendeiner Weise falsch darstellen, einschlie\u00dflich ihrer Preise, Pl\u00e4ne, Rabatte oder Funktionen;<\/li>\n\n\n\n<li>Gew\u00e4hrleistungen, Garantien, Anreize, Belohnungen oder Entsch\u00e4digungen anbieten oder gew\u00e4hren, es sei denn, dies ist in unseren AGBs festgelegt oder von Kinsta schriftlich genehmigt;<\/li>\n\n\n\n<li>Kinsta und seine Vertreter, die Dienste oder das Empfehlungsprogramm in Verruf bringen;<\/li>\n\n\n\n<li>Illegale oder Spam-Werbemethoden zu verwenden;<\/li>\n\n\n\n<li>Mit der Direktwerbung von Kinsta konkurrieren oder sie beeintr\u00e4chtigen. Von Zeit zu Zeit kann Kinsta direkte Online-Werbung schalten. Der Kunde darf keine Werbung schalten, die auf die Marken und Dienstleistungsmarken von Kinsta abzielt, oder Werbung schalten, die in irgendeiner Weise die Marken oder Dienstleistungsmarken von Kinsta bewirbt oder zeigt. Das bedeutet unter anderem, dass der Kunde (in Bezug auf Online-Werbung, einschlie\u00dflich, aber nicht beschr\u00e4nkt auf Pay-per-Click- oder Pay-per-Impression-Kampagnen) keine Gebote f\u00fcr Schl\u00fcsselw\u00f6rter oder Phrasen abgeben darf, die Marken, Dienstleistungsmarken, eingetragene Marken oder eingetragene URLs von Kinsta enthalten, oder f\u00fcr Abwandlungen, Abk\u00fcrzungen oder falsche Schreibweisen derselben;<\/li>\n\n\n\n<li>Datenverkehr \u00fcber Pay-to-Read, Pay-to-Click, Bannertausch, Klicktausch, PPC-Werbung, Pop-up\/Under, Pressemitteilungen oder \u00e4hnliche Methoden an Kinsta weiterleiten;<\/li>\n\n\n\n<li>Iframes oder andere Techniken oder Technologien zu verwenden, um den Tracking-Cookie des Kunden auf andere Weise als durch einen tats\u00e4chlichen Klick zu einer Weiterleitung hinzuzuf\u00fcgen;<\/li>\n\n\n\n<li>Tarn- oder Maskierungstechniken mit Ihrem Empfehlungslink verwenden;<\/li>\n\n\n\n<li>Kinsta.com, &#8222;Kinsta&#8220;, die Logos oder Markennamen von Kinsta oder eine Abwandlung, Abk\u00fcrzung oder falsche Schreibweise davon in einem Domain- oder Subdomainnamen, einem Social-Media-Profil oder als Teil des Namens oder der Beschreibung einer anderen Online- oder Offline-Pr\u00e4senz anzeigen. Aus Gr\u00fcnden der Klarheit ist es akzeptabel, wenn &#8222;kinsta&#8220; im Pfadteil einer URL einer Seite auf einer Kundenanwendung erscheint. Zum Beispiel ist &#8222;Kunden-Website-Domain[.]com[\/]kinsta-review&#8220; akzeptabel (einschlie\u00dflich &#8222;kinsta&#8220; im Pfadteil der URL), aber &#8222;kinsta-review-site[.]com&#8220; ist nicht akzeptabel (einschlie\u00dflich &#8222;kinsta&#8220; in der Domain);<\/li>\n\n\n\n<li>Auf von Kinsta angebotene Rabatte wie Gutscheincodes, Angebote, saisonale Rabatte oder exklusive Rabatte verweisen;<\/li>\n\n\n\n<li>Links zu Kinsta setzen oder in irgendeiner Weise auf Kinsta auf Gutschein-Websites verweisen;<\/li>\n\n\n\n<li>Kinsta als Teil von Anreizprogrammen oder anderen Programmen Dritter bewerben, bei denen besondere Anreize (z. B. Pr\u00e4mien, Rabatte, Cashback usw.) angeboten werden, um Kunden zu gewinnen und zu binden;<\/li>\n\n\n\n<li>Sich selbst in irgendeiner Weise empfehlen. Dies gilt auch f\u00fcr die Empfehlung von Unternehmen oder Websites, an denen der Kunde ein kontrollierendes, eigentumsrechtliches oder gleichberechtigtes Interesse hat.<\/li>\n<\/ol>\n<\/li>\n<\/ol>\n\n\n\n<h2 class=\"wp-block-heading\" id=\"h-4-ausschlie-licher-rechtsbehelf\">4. Ausschlie\u00dflicher Rechtsbehelf.<\/h2>\n\n\n\n<p>Ohne andere Bestimmungen dieser Bedingungen oder der AGB einzuschr\u00e4nken, besteht der einzige und ausschlie\u00dfliche Rechtsbehelf des Kunden bei Anspr\u00fcchen oder Streitigkeiten, die sich aus oder in Verbindung mit dem Empfehlungsprogramm ergeben, in der Anwendung der g\u00fcltigen und nicht genutzten Empfehlungsgutschriften des Kunden auf seinen aktiven Hostingplan.<\/p>\n","protected":false},"excerpt":{"rendered":"<p>Aktualisiert am: August 7, 2023 1. Einf\u00fchrung; Geltungsbereich; Teilnahmeberechtigung. 2. Empfehlungsgutschriften. 3. Werbemethoden und -beschr\u00e4nkungen. 4. Ausschlie\u00dflicher Rechtsbehelf. Ohne andere Bestimmungen dieser Bedingungen oder der AGB &#8230;<\/p>\n","protected":false},"author":230,"featured_media":0,"parent":4579,"menu_order":0,"comment_status":"closed","ping_status":"closed","template":"templates\/template-article.php","meta":{"_kinsta_gated_content":false,"_kinsta_gated_content_redirect":"","footnotes":""},"class_list":["post-64743","page","type-page","status-publish","hentry"],"yoast_head":"<!-- This site is optimized with the Yoast SEO Premium plugin v24.6 (Yoast SEO v24.6) - https:\/\/yoast.com\/wordpress\/plugins\/seo\/ -->\n<title>Allgemeine Gesch\u00e4ftsbedingungen f\u00fcr das Kundenempfehlungsprogramm - Kinsta\u00ae<\/title>\n<meta name=\"robots\" content=\"index, follow, max-snippet:-1, max-image-preview:large, max-video-preview:-1\" \/>\n<link rel=\"canonical\" href=\"https:\/\/kinsta.com\/de\/legal\/empfehlungsprogramm-bedingungen\/\" \/>\n<meta property=\"og:locale\" content=\"de_DE\" \/>\n<meta property=\"og:type\" content=\"article\" \/>\n<meta property=\"og:title\" content=\"Allgemeine Gesch\u00e4ftsbedingungen f\u00fcr das Kundenempfehlungsprogramm\" \/>\n<meta property=\"og:url\" content=\"https:\/\/kinsta.com\/de\/legal\/empfehlungsprogramm-bedingungen\/\" \/>\n<meta property=\"og:site_name\" content=\"Kinsta\u00ae\" \/>\n<meta property=\"article:publisher\" content=\"https:\/\/www.facebook.com\/Kinsta-Deutschland-207459890108303\/\" \/>\n<meta property=\"article:modified_time\" content=\"2024-06-21T08:47:54+00:00\" \/>\n<meta property=\"og:image\" content=\"https:\/\/kinsta.com\/de\/wp-content\/uploads\/sites\/5\/2023\/12\/kinsta-homepage-de.png\" \/>\n\t<meta property=\"og:image:width\" content=\"1200\" \/>\n\t<meta property=\"og:image:height\" content=\"628\" \/>\n\t<meta property=\"og:image:type\" content=\"image\/png\" \/>\n<meta name=\"twitter:card\" content=\"summary_large_image\" \/>\n<meta name=\"twitter:image\" content=\"https:\/\/kinsta.com\/de\/wp-content\/uploads\/sites\/5\/2023\/12\/kinsta-homepage-de.png\" \/>\n<meta name=\"twitter:site\" content=\"@Kinsta_DE\" \/>\n<meta name=\"twitter:label1\" content=\"Gesch\u00e4tzte Lesezeit\" \/>\n\t<meta name=\"twitter:data1\" content=\"5\u00a0Minuten\" \/>\n<script type=\"application\/ld+json\" class=\"yoast-schema-graph\">{\"@context\":\"https:\/\/schema.org\",\"@graph\":[{\"@type\":\"WebPage\",\"@id\":\"https:\/\/kinsta.com\/de\/legal\/empfehlungsprogramm-bedingungen\/\",\"url\":\"https:\/\/kinsta.com\/de\/legal\/empfehlungsprogramm-bedingungen\/\",\"name\":\"Allgemeine Gesch\u00e4ftsbedingungen f\u00fcr das Kundenempfehlungsprogramm - Kinsta\u00ae\",\"isPartOf\":{\"@id\":\"https:\/\/kinsta.com\/de\/#website\"},\"datePublished\":\"2023-08-09T09:13:27+00:00\",\"dateModified\":\"2024-06-21T08:47:54+00:00\",\"breadcrumb\":{\"@id\":\"https:\/\/kinsta.com\/de\/legal\/empfehlungsprogramm-bedingungen\/#breadcrumb\"},\"inLanguage\":\"de\",\"potentialAction\":[{\"@type\":\"ReadAction\",\"target\":[\"https:\/\/kinsta.com\/de\/legal\/empfehlungsprogramm-bedingungen\/\"]}]},{\"@type\":\"BreadcrumbList\",\"@id\":\"https:\/\/kinsta.com\/de\/legal\/empfehlungsprogramm-bedingungen\/#breadcrumb\",\"itemListElement\":[{\"@type\":\"ListItem\",\"position\":1,\"name\":\"Home\",\"item\":\"https:\/\/kinsta.com\/de\/\"},{\"@type\":\"ListItem\",\"position\":2,\"name\":\"Rechtliche Informationen\",\"item\":\"https:\/\/kinsta.com\/de\/legal\/\"},{\"@type\":\"ListItem\",\"position\":3,\"name\":\"Allgemeine Gesch\u00e4ftsbedingungen f\u00fcr das Kundenempfehlungsprogramm\"}]},{\"@type\":\"WebSite\",\"@id\":\"https:\/\/kinsta.com\/de\/#website\",\"url\":\"https:\/\/kinsta.com\/de\/\",\"name\":\"Kinsta\u00ae\",\"description\":\"Schnelle, sichere und hochwertige Hosting-L\u00f6sungen\",\"publisher\":{\"@id\":\"https:\/\/kinsta.com\/de\/#organization\"},\"potentialAction\":[{\"@type\":\"SearchAction\",\"target\":{\"@type\":\"EntryPoint\",\"urlTemplate\":\"https:\/\/kinsta.com\/de\/?s={search_term_string}\"},\"query-input\":{\"@type\":\"PropertyValueSpecification\",\"valueRequired\":true,\"valueName\":\"search_term_string\"}}],\"inLanguage\":\"de\"},{\"@type\":\"Organization\",\"@id\":\"https:\/\/kinsta.com\/de\/#organization\",\"name\":\"Kinsta\",\"url\":\"https:\/\/kinsta.com\/de\/\",\"logo\":{\"@type\":\"ImageObject\",\"inLanguage\":\"de\",\"@id\":\"https:\/\/kinsta.com\/de\/#\/schema\/logo\/image\/\",\"url\":\"https:\/\/kinsta.com\/de\/wp-content\/uploads\/sites\/5\/2023\/12\/kinsta-logo.jpeg\",\"contentUrl\":\"https:\/\/kinsta.com\/de\/wp-content\/uploads\/sites\/5\/2023\/12\/kinsta-logo.jpeg\",\"width\":500,\"height\":500,\"caption\":\"Kinsta\"},\"image\":{\"@id\":\"https:\/\/kinsta.com\/de\/#\/schema\/logo\/image\/\"},\"sameAs\":[\"https:\/\/www.facebook.com\/Kinsta-Deutschland-207459890108303\/\",\"https:\/\/x.com\/Kinsta_DE\",\"https:\/\/www.instagram.com\/kinstahosting\/\",\"https:\/\/www.linkedin.com\/company\/kinsta\/\",\"https:\/\/www.pinterest.com\/kinstahosting\/\",\"https:\/\/www.youtube.com\/c\/Kinsta\"]}]}<\/script>\n<!-- \/ Yoast SEO Premium plugin. -->","yoast_head_json":{"title":"Allgemeine Gesch\u00e4ftsbedingungen f\u00fcr das Kundenempfehlungsprogramm - Kinsta\u00ae","robots":{"index":"index","follow":"follow","max-snippet":"max-snippet:-1","max-image-preview":"max-image-preview:large","max-video-preview":"max-video-preview:-1"},"canonical":"https:\/\/kinsta.com\/de\/legal\/empfehlungsprogramm-bedingungen\/","og_locale":"de_DE","og_type":"article","og_title":"Allgemeine Gesch\u00e4ftsbedingungen f\u00fcr das Kundenempfehlungsprogramm","og_url":"https:\/\/kinsta.com\/de\/legal\/empfehlungsprogramm-bedingungen\/","og_site_name":"Kinsta\u00ae","article_publisher":"https:\/\/www.facebook.com\/Kinsta-Deutschland-207459890108303\/","article_modified_time":"2024-06-21T08:47:54+00:00","og_image":[{"width":1200,"height":628,"url":"https:\/\/kinsta.com\/de\/wp-content\/uploads\/sites\/5\/2023\/12\/kinsta-homepage-de.png","type":"image\/png"}],"twitter_card":"summary_large_image","twitter_image":"https:\/\/kinsta.com\/de\/wp-content\/uploads\/sites\/5\/2023\/12\/kinsta-homepage-de.png","twitter_site":"@Kinsta_DE","twitter_misc":{"Gesch\u00e4tzte Lesezeit":"5\u00a0Minuten"},"schema":{"@context":"https:\/\/schema.org","@graph":[{"@type":"WebPage","@id":"https:\/\/kinsta.com\/de\/legal\/empfehlungsprogramm-bedingungen\/","url":"https:\/\/kinsta.com\/de\/legal\/empfehlungsprogramm-bedingungen\/","name":"Allgemeine Gesch\u00e4ftsbedingungen f\u00fcr das Kundenempfehlungsprogramm - Kinsta\u00ae","isPartOf":{"@id":"https:\/\/kinsta.com\/de\/#website"},"datePublished":"2023-08-09T09:13:27+00:00","dateModified":"2024-06-21T08:47:54+00:00","breadcrumb":{"@id":"https:\/\/kinsta.com\/de\/legal\/empfehlungsprogramm-bedingungen\/#breadcrumb"},"inLanguage":"de","potentialAction":[{"@type":"ReadAction","target":["https:\/\/kinsta.com\/de\/legal\/empfehlungsprogramm-bedingungen\/"]}]},{"@type":"BreadcrumbList","@id":"https:\/\/kinsta.com\/de\/legal\/empfehlungsprogramm-bedingungen\/#breadcrumb","itemListElement":[{"@type":"ListItem","position":1,"name":"Home","item":"https:\/\/kinsta.com\/de\/"},{"@type":"ListItem","position":2,"name":"Rechtliche Informationen","item":"https:\/\/kinsta.com\/de\/legal\/"},{"@type":"ListItem","position":3,"name":"Allgemeine Gesch\u00e4ftsbedingungen f\u00fcr das Kundenempfehlungsprogramm"}]},{"@type":"WebSite","@id":"https:\/\/kinsta.com\/de\/#website","url":"https:\/\/kinsta.com\/de\/","name":"Kinsta\u00ae","description":"Schnelle, sichere und hochwertige Hosting-L\u00f6sungen","publisher":{"@id":"https:\/\/kinsta.com\/de\/#organization"},"potentialAction":[{"@type":"SearchAction","target":{"@type":"EntryPoint","urlTemplate":"https:\/\/kinsta.com\/de\/?s={search_term_string}"},"query-input":{"@type":"PropertyValueSpecification","valueRequired":true,"valueName":"search_term_string"}}],"inLanguage":"de"},{"@type":"Organization","@id":"https:\/\/kinsta.com\/de\/#organization","name":"Kinsta","url":"https:\/\/kinsta.com\/de\/","logo":{"@type":"ImageObject","inLanguage":"de","@id":"https:\/\/kinsta.com\/de\/#\/schema\/logo\/image\/","url":"https:\/\/kinsta.com\/de\/wp-content\/uploads\/sites\/5\/2023\/12\/kinsta-logo.jpeg","contentUrl":"https:\/\/kinsta.com\/de\/wp-content\/uploads\/sites\/5\/2023\/12\/kinsta-logo.jpeg","width":500,"height":500,"caption":"Kinsta"},"image":{"@id":"https:\/\/kinsta.com\/de\/#\/schema\/logo\/image\/"},"sameAs":["https:\/\/www.facebook.com\/Kinsta-Deutschland-207459890108303\/","https:\/\/x.com\/Kinsta_DE","https:\/\/www.instagram.com\/kinstahosting\/","https:\/\/www.linkedin.com\/company\/kinsta\/","https:\/\/www.pinterest.com\/kinstahosting\/","https:\/\/www.youtube.com\/c\/Kinsta"]}]}},"acf":[],"_links":{"self":[{"href":"https:\/\/kinsta.com\/de\/wp-json\/wp\/v2\/pages\/64743","targetHints":{"allow":["GET"]}}],"collection":[{"href":"https:\/\/kinsta.com\/de\/wp-json\/wp\/v2\/pages"}],"about":[{"href":"https:\/\/kinsta.com\/de\/wp-json\/wp\/v2\/types\/page"}],"author":[{"embeddable":true,"href":"https:\/\/kinsta.com\/de\/wp-json\/wp\/v2\/users\/230"}],"replies":[{"embeddable":true,"href":"https:\/\/kinsta.com\/de\/wp-json\/wp\/v2\/comments?post=64743"}],"version-history":[{"count":6,"href":"https:\/\/kinsta.com\/de\/wp-json\/wp\/v2\/pages\/64743\/revisions"}],"predecessor-version":[{"id":70390,"href":"https:\/\/kinsta.com\/de\/wp-json\/wp\/v2\/pages\/64743\/revisions\/70390"}],"up":[{"embeddable":true,"href":"https:\/\/kinsta.com\/de\/wp-json\/wp\/v2\/pages\/4579"}],"alternate":[{"embeddable":true,"hreflang":"en","title":"English","href":"https:\/\/kinsta.com\/de\/wp-json\/kinsta\/v1\/posts\/64743\/translations\/en"},{"embeddable":true,"hreflang":"it","title":"Italian","href":"https:\/\/kinsta.com\/de\/wp-json\/kinsta\/v1\/posts\/64743\/translations\/it"},{"embeddable":true,"hreflang":"pt","title":"Portuguese","href":"https:\/\/kinsta.com\/de\/wp-json\/kinsta\/v1\/posts\/64743\/translations\/pt"},{"embeddable":true,"hreflang":"fr","title":"French","href":"https:\/\/kinsta.com\/de\/wp-json\/kinsta\/v1\/posts\/64743\/translations\/fr"},{"embeddable":true,"hreflang":"de","title":"German","href":"https:\/\/kinsta.com\/de\/wp-json\/kinsta\/v1\/posts\/64743\/translations\/de"},{"embeddable":true,"hreflang":"ja","title":"Japanese","href":"https:\/\/kinsta.com\/de\/wp-json\/kinsta\/v1\/posts\/64743\/translations\/jp"},{"embeddable":true,"hreflang":"nl","title":"Dutch","href":"https:\/\/kinsta.com\/de\/wp-json\/kinsta\/v1\/posts\/64743\/translations\/nl"},{"embeddable":true,"hreflang":"es","title":"Spanish","href":"https:\/\/kinsta.com\/de\/wp-json\/kinsta\/v1\/posts\/64743\/translations\/es"},{"href":"https:\/\/kinsta.com\/de\/wp-json\/kinsta\/v1\/posts\/64743\/tree"}],"wp:attachment":[{"href":"https:\/\/kinsta.com\/de\/wp-json\/wp\/v2\/media?parent=64743"}],"curies":[{"name":"wp","href":"https:\/\/api.w.org\/{rel}","templated":true}]}}