{"id":69930,"date":"2024-05-06T11:48:20","date_gmt":"2024-05-06T10:48:20","guid":{"rendered":"https:\/\/kinsta.com\/de\/?page_id=69930&#038;preview_id=69930"},"modified":"2026-01-30T13:40:24","modified_gmt":"2026-01-30T12:40:24","slug":"mit-dem-vertrieb-sprechen","status":"publish","type":"page","link":"https:\/\/kinsta.com\/de\/mit-dem-vertrieb-sprechen\/","title":{"rendered":"Mit dem Vertrieb sprechen"},"content":{"rendered":"\n<div class=\"wp-block-kinsta-columns is-vertical-top\">\n<div class=\"wp-block-kinsta-column wp-block-kinsta-columns__column\">\n<h1 class=\"wp-block-heading\" id=\"h-mit-dem-vertrieb-sprechen\">Mit dem Vertrieb sprechen<\/h1>\n\n\n\n<p>Sprich mit einem unserer qualifizierten Hosting-Experten, die zusammen \u00fcber 100 Jahre Branchenerfahrung haben. Informiere uns \u00fcber deine Hosting-Bed\u00fcrfnisse und erhalte eine auf deine Bed\u00fcrfnisse zugeschnittene Empfehlung.<\/p>\n\n\n\n<p><strong>Erfahre mehr \u00fcber:<\/strong><\/p>\n\n\n\n<ul class=\"wp-block-list\">\n<li>Kinsta&#8217;s Migrationsprozess<\/li>\n\n\n\n<li>Die Verwaltung von WordPress-Seiten und anderen Hosting-Leistungen<\/li>\n\n\n\n<li>Zusammenarbeit im Team in MyKinsta<\/li>\n\n\n\n<li>Monitoring und Analytics<\/li>\n\n\n\n<li>Kinsta&#8217;s 24\/7\/365 Experten Support<\/li>\n\n\n\n<li>Funktionen (APM, Backups, CDN, Caching, Staging und viele mehr)<\/li>\n\n\n\n<li>Unser nahtloser Up- und Downgrade-Prozess<\/li>\n<\/ul>\n\n\n\n<aside class=\"wp-block-kinsta-sales-team\">\n    <ul class=\"sales-team-list\">\n        <li><img loading=\"lazy\" decoding=\"async\" src=\"https:\/\/kinsta.com\/de\/wp-content\/themes\/kinsta\/images\/sales-team\/avatar1.png\" alt=\"Bence Farkas\" width=\"50\" height=\"50\" \/><\/li>\n        <li><img loading=\"lazy\" decoding=\"async\" src=\"https:\/\/kinsta.com\/de\/wp-content\/themes\/kinsta\/images\/sales-team\/avatar2.png\" alt=\"Ella Mabrito\" width=\"50\" height=\"50\" \/><\/li>\n        <li><img loading=\"lazy\" decoding=\"async\" src=\"https:\/\/kinsta.com\/de\/wp-content\/themes\/kinsta\/images\/sales-team\/avatar3.png\" alt=\"Christophe Asselin de Beauville\" width=\"50\" height=\"50\" \/><\/li>\n        <li><img loading=\"lazy\" decoding=\"async\" src=\"https:\/\/kinsta.com\/de\/wp-content\/themes\/kinsta\/images\/sales-team\/avatar4.png\" alt=\"Megan Hall\" width=\"50\" height=\"50\" \/><\/li>\n    <\/ul>\n            <p>Unsere Vertriebsexperten sind bereit, alle deine Fragen zu beantworten.<\/p>\n    <\/aside>\n\n\n<\/div>\n\n\n\n<div class=\"wp-block-kinsta-column wp-block-kinsta-columns__column show-sm-up\">\n<figure class=\"wp-block-image size-full\"><img decoding=\"async\" width=\"2040\" height=\"2040\" loading=\"eager\" fetchpriority=\"high\" src=\"https:\/\/kinsta.com\/de\/wp-content\/uploads\/sites\/5\/2026\/01\/DE_asset_talk-to-sales.png\" alt=\"Verkaufspr\u00e4sentation mit Kinsta-Mitarbeitern\" class=\"wp-image-75278\" srcset=\"https:\/\/kinsta.com\/de\/wp-content\/uploads\/sites\/5\/2026\/01\/DE_asset_talk-to-sales.png 2040w, https:\/\/kinsta.com\/de\/wp-content\/uploads\/sites\/5\/2026\/01\/DE_asset_talk-to-sales-300x300.png 300w, https:\/\/kinsta.com\/de\/wp-content\/uploads\/sites\/5\/2026\/01\/DE_asset_talk-to-sales-1024x1024.png 1024w, https:\/\/kinsta.com\/de\/wp-content\/uploads\/sites\/5\/2026\/01\/DE_asset_talk-to-sales-150x150.png 150w, https:\/\/kinsta.com\/de\/wp-content\/uploads\/sites\/5\/2026\/01\/DE_asset_talk-to-sales-768x768.png 768w, https:\/\/kinsta.com\/de\/wp-content\/uploads\/sites\/5\/2026\/01\/DE_asset_talk-to-sales-1536x1536.png 1536w\" sizes=\"(max-width: 2040px) 100vw, 2040px\" \/><\/figure>\n<\/div>\n<\/div>\n\n\n\n<div style=\"height:50px\" aria-hidden=\"true\" class=\"wp-block-spacer\"><\/div>\n\n\n\n<div class=\"wp-block-kinsta-columns is-vertical-top\">\n<div class=\"wp-block-kinsta-column wp-block-kinsta-columns__column\">\n<div class=\"wp-block-kinsta-tabs is-style-pricing\"><div class=\"wp-block-kinsta-tabs__nav\"><ul><li><a id=\"book-a-call-tab\" href=\"#book-a-call\" class=\"wp-block-kinsta-tabs__tab\"><img decoding=\"async\" alt loading=\"lazy\" class=\"wp-block-kinsta-tabs__tab__icon\" src=\"\/wp-content\/themes\/kinsta\/images\/duos\/small\/star.svg\" aria-hidden=\"true\" width=\"40\" height=\"40\"><span class=\"wp-block-kinsta-tabs__tab__title tab__title_long\">Jetzt einen Anruf buchen.<\/span><\/a><\/li><li><a id=\"message-us-tab\" href=\"#message-us\" class=\"wp-block-kinsta-tabs__tab\"><img decoding=\"async\" alt loading=\"lazy\" class=\"wp-block-kinsta-tabs__tab__icon\" src=\"\/wp-content\/themes\/kinsta\/images\/duos\/small\/star.svg\" aria-hidden=\"true\" width=\"40\" height=\"40\"><span class=\"wp-block-kinsta-tabs__tab__title tab__title_long\">Schreibe uns<\/span><\/a><\/li><\/ul><\/div><div class=\"wp-block-kinsta-tabs__container\">\n<div class=\"wp-block-kinsta-tabs-tab wp-block-kinsta-tabs__content\" id=\"book-a-call\">\n<h3 class=\"wp-block-heading\" id=\"h-\"><\/h3>\n\n\n\n<div data-interface=\"Appointment\"><\/div>\n<\/div>\n\n\n\n<div class=\"wp-block-kinsta-tabs-tab wp-block-kinsta-tabs__content\" id=\"message-us\">\n<h3 class=\"wp-block-heading\" id=\"h-\"><\/h3>\n\n\n\n<div data-interface=\"Message\"><\/div>\n<\/div>\n<\/div><\/div>\n<\/div>\n\n\n\n<div class=\"wp-block-kinsta-column wp-block-kinsta-columns__column\">\n<h2 class=\"wp-block-heading\" id=\"h-faq\">FAQ:<\/h2>\n\n\n\n<div class=\"wp-block-kinsta-accordion\">\n<details class=\"wp-block-kinsta-accordion-item wp-block-kinsta-accordion__item\"><summary class=\"wp-block-kinsta-accordion__title\">Werde ich unter Druck gesetzt, mich anzumelden?<\/summary>\n<p>Nein! Unser Team ist hier, um dich zu beraten, nicht um dich unter Druck zu setzen, damit du dich f\u00fcr eine L\u00f6sung entscheidest. Es ist keine Verpflichtung erforderlich.<\/p>\n<\/details>\n\n\n\n<details class=\"wp-block-kinsta-accordion-item wp-block-kinsta-accordion__item\"><summary class=\"wp-block-kinsta-accordion__title\">Muss ich technisch versiert sein, um an dem Anruf teilzunehmen?<\/summary>\n<p>Das musst du auch nicht. Wir besprechen gerne die gesch\u00e4ftliche Seite der Dinge oder die technischen Feinheiten. Sag uns, was du m\u00f6chtest, und wir bereiten uns entsprechend vor.<\/p>\n<\/details>\n\n\n\n<details class=\"wp-block-kinsta-accordion-item wp-block-kinsta-accordion__item\"><summary class=\"wp-block-kinsta-accordion__title\">Sollte ich meine Seite jetzt schon f\u00fcr die Migration vorbereiten?<\/summary>\n<p>Nein. Wir helfen nat\u00fcrlich gerne bei Migrationen mit hoher Priorit\u00e4t, aber wir freuen uns auch \u00fcber ein gemeinsames Brainstorming f\u00fcr zuk\u00fcnftige Projekte.<\/p>\n<\/details>\n\n\n\n<details class=\"wp-block-kinsta-accordion-item wp-block-kinsta-accordion__item\"><summary class=\"wp-block-kinsta-accordion__title\">K\u00f6nnt ihr auch bei Nicht-WordPress-Projekten helfen?<\/summary>\n<p>Benutzt du neben WordPress noch andere Frameworks oder verwendest du WordPress gar nicht? Auch dann helfen wir dir gerne! Lass es uns in deiner Nachricht wissen und wir stellen sicher, dass wir dich mit den richtigen Experten verbinden.<\/p>\n<\/details>\n\n\n\n<details class=\"wp-block-kinsta-accordion-item wp-block-kinsta-accordion__item\"><summary class=\"wp-block-kinsta-accordion__title\">Wird dies ein standardisiertes Verkaufsgespr\u00e4ch sein?<\/summary>\n<p>Du kannst den Zeitplan nach deinen Vorlieben festlegen. Wenn du unseren &#8222;Pitch&#8220; h\u00f6ren willst, sind wir gerne bereit, ihn zu halten. Du m\u00f6chtest ein Brainstorming \u00fcber ein Projekt machen, dann kannst du gerne ein paar Ideen austauschen. Wenn du eine Menge Fragen hast, die du beantworten lassen willst, sind wir f\u00fcr dich da.<\/p>\n<\/details>\n\n\n\n<details class=\"wp-block-kinsta-accordion-item wp-block-kinsta-accordion__item\"><summary class=\"wp-block-kinsta-accordion__title\">Kann ich direkt nach dem Anruf ein Angebot bekommen?<\/summary>\n<p>Wir freuen uns darauf, dir unsere Empfehlungen und ein individuelles Angebot zu unterbreiten. Bitte bereite dich vor und teile uns w\u00e4hrend des Gespr\u00e4chs die Daten deiner Seite mit, damit wir dir ein m\u00f6glichst genaues Angebot machen k\u00f6nnen.<\/p>\n<\/details>\n<\/div>\n<\/div>\n<\/div>\n\n\n\n<div style=\"height:50px\" aria-hidden=\"true\" class=\"wp-block-spacer\"><\/div>\n\n\n\n<p class=\"has-text-align-center\">230.000+ Unternehmen auf der ganzen Welt vertrauen uns<\/p>\n\n\n<div class=\"wp-block-kinsta-template-part--client-logos wp-block-kinsta-template-part--client-logos--scrolling alignwide alignwide wp-block-kinsta-template-part\" ><div class=\"logos is-scrolling\" style=\"\n    --logos-count: 8;\n    --logos-individual-max-width: 200px;\n    --logos-height: 50px;\n    --logos-width-total: 1068.7843137255;\n;\">\n    <div class=\"logos__inner\">\n                    <img decoding=\"async\"  src=\"https:\/\/kinsta.com\/de\/wp-content\/themes\/kinsta\/images\/components\/client-logos\/nasa.svg?v=2026-02-23\" width=\"62\" height=\"51\" alt=\"NASA Firmenlogo\" loading=\"lazy\" class=\"logos__logo logos__logo--has-shades\" \/>\n                    <img decoding=\"async\"  src=\"https:\/\/kinsta.com\/de\/wp-content\/themes\/kinsta\/images\/components\/client-logos\/rivella.svg?v=2026-02-23\" width=\"68\" height=\"50\" alt=\"Rivella Firmenlogo\" loading=\"lazy\" class=\"logos__logo logos__logo--has-shades\" \/>\n                    <img decoding=\"async\"  src=\"https:\/\/kinsta.com\/de\/wp-content\/themes\/kinsta\/images\/components\/client-logos\/wien-energie.svg?v=2026-02-23\" width=\"354\" height=\"43\" alt=\"Wien Energie Firmenlogo\" loading=\"lazy\" class=\"logos__logo\" \/>\n                    <img decoding=\"async\"  src=\"https:\/\/kinsta.com\/de\/wp-content\/themes\/kinsta\/images\/components\/client-logos\/tripadvisor.svg?v=2026-02-23\" width=\"275\" height=\"50\" alt=\"TripAdvisor Firmenlogo\" loading=\"lazy\" class=\"logos__logo\" \/>\n                    <img decoding=\"async\"  src=\"https:\/\/kinsta.com\/de\/wp-content\/themes\/kinsta\/images\/components\/client-logos\/opec.svg?v=2026-02-23\" width=\"54\" height=\"50\" alt=\"OPEC - Organization of the Petroleum Exporting Countries Firmenlogo\" loading=\"lazy\" class=\"logos__logo\" \/>\n                    <img decoding=\"async\"  src=\"https:\/\/kinsta.com\/de\/wp-content\/themes\/kinsta\/images\/components\/client-logos\/audemars-piguet.svg?v=2026-02-23\" width=\"201\" height=\"44\" alt=\"Audemars Piguet Firmenlogo\" loading=\"lazy\" class=\"logos__logo\" \/>\n                    <img decoding=\"async\"  src=\"https:\/\/kinsta.com\/de\/wp-content\/themes\/kinsta\/images\/components\/client-logos\/swr.svg?v=2026-02-23\" width=\"147\" height=\"50\" alt=\"SWR Firmenlogo\" loading=\"lazy\" class=\"logos__logo\" \/>\n                    <img decoding=\"async\"  src=\"https:\/\/kinsta.com\/de\/wp-content\/themes\/kinsta\/images\/components\/client-logos\/ktm-technologies.svg?v=2026-02-23\" width=\"139\" height=\"50\" alt=\"KTM Technologies Firmenlogo\" loading=\"lazy\" class=\"logos__logo\" \/>\n            <\/div>\n<\/div>\n<\/div>\n\n\n<p><\/p>\n","protected":false},"excerpt":{"rendered":"<p>Unternehmen auf der ganzen Welt vertrauen uns<\/p>\n","protected":false},"author":187,"featured_media":0,"parent":0,"menu_order":0,"comment_status":"closed","ping_status":"closed","template":"templates\/template-full-width.php","meta":{"_kinsta_gated_content":false,"_kinsta_gated_content_redirect":"","footnotes":""},"class_list":["post-69930","page","type-page","status-publish","hentry"],"yoast_head":"<!-- This site is optimized with the Yoast SEO Premium plugin v24.6 (Yoast SEO v24.6) - https:\/\/yoast.com\/wordpress\/plugins\/seo\/ -->\n<title>Mit dem Vertrieb sprechen - Kinsta<\/title>\n<meta name=\"description\" content=\"Kompetente WordPress-Hosting-Beratung, die auf dich zugeschnitten ist. Profitiere von \u00fcber 100 Jahren Erfahrung, 24\/7 Support und reibungslosen Migrationen.\" \/>\n<meta name=\"robots\" content=\"index, follow, max-snippet:-1, max-image-preview:large, max-video-preview:-1\" \/>\n<link rel=\"canonical\" href=\"https:\/\/kinsta.com\/de\/mit-dem-vertrieb-sprechen\/\" \/>\n<meta property=\"og:locale\" content=\"de_DE\" \/>\n<meta property=\"og:type\" content=\"article\" \/>\n<meta property=\"og:title\" content=\"Mit dem Vertrieb sprechen\" \/>\n<meta property=\"og:description\" content=\"Kompetente WordPress-Hosting-Beratung, die auf dich zugeschnitten ist. Profitiere von \u00fcber 100 Jahren Erfahrung, 24\/7 Support und reibungslosen Migrationen.\" \/>\n<meta property=\"og:url\" content=\"https:\/\/kinsta.com\/de\/mit-dem-vertrieb-sprechen\/\" \/>\n<meta property=\"og:site_name\" content=\"Kinsta\u00ae\" \/>\n<meta property=\"article:publisher\" content=\"https:\/\/www.facebook.com\/Kinsta-Deutschland-207459890108303\/\" \/>\n<meta property=\"article:modified_time\" content=\"2026-01-30T12:40:24+00:00\" \/>\n<meta property=\"og:image\" content=\"https:\/\/kinsta.com\/de\/wp-content\/uploads\/sites\/5\/2026\/01\/DE_asset_talk-to-sales.png\" \/>\n<meta name=\"twitter:card\" content=\"summary_large_image\" \/>\n<meta name=\"twitter:description\" content=\"Kompetente WordPress-Hosting-Beratung, die auf dich zugeschnitten ist. Profitiere von \u00fcber 100 Jahren Erfahrung, 24\/7 Support und reibungslosen Migrationen.\" \/>\n<meta name=\"twitter:image\" content=\"https:\/\/kinsta.com\/de\/wp-content\/uploads\/sites\/5\/2023\/12\/kinsta-homepage-de.png\" \/>\n<meta name=\"twitter:site\" content=\"@Kinsta_DE\" \/>\n<meta name=\"twitter:label1\" content=\"Gesch\u00e4tzte Lesezeit\" \/>\n\t<meta name=\"twitter:data1\" content=\"2\u00a0Minuten\" \/>\n<script type=\"application\/ld+json\" class=\"yoast-schema-graph\">{\"@context\":\"https:\/\/schema.org\",\"@graph\":[{\"@type\":\"WebPage\",\"@id\":\"https:\/\/kinsta.com\/de\/mit-dem-vertrieb-sprechen\/\",\"url\":\"https:\/\/kinsta.com\/de\/mit-dem-vertrieb-sprechen\/\",\"name\":\"Mit dem Vertrieb sprechen - Kinsta\",\"isPartOf\":{\"@id\":\"https:\/\/kinsta.com\/de\/#website\"},\"primaryImageOfPage\":{\"@id\":\"https:\/\/kinsta.com\/de\/mit-dem-vertrieb-sprechen\/#primaryimage\"},\"image\":{\"@id\":\"https:\/\/kinsta.com\/de\/mit-dem-vertrieb-sprechen\/#primaryimage\"},\"thumbnailUrl\":\"https:\/\/kinsta.com\/de\/wp-content\/uploads\/sites\/5\/2026\/01\/DE_asset_talk-to-sales.png\",\"datePublished\":\"2024-05-06T10:48:20+00:00\",\"dateModified\":\"2026-01-30T12:40:24+00:00\",\"description\":\"Kompetente WordPress-Hosting-Beratung, die auf dich zugeschnitten ist. Profitiere von \u00fcber 100 Jahren Erfahrung, 24\/7 Support und reibungslosen Migrationen.\",\"breadcrumb\":{\"@id\":\"https:\/\/kinsta.com\/de\/mit-dem-vertrieb-sprechen\/#breadcrumb\"},\"inLanguage\":\"de\",\"potentialAction\":[{\"@type\":\"ReadAction\",\"target\":[\"https:\/\/kinsta.com\/de\/mit-dem-vertrieb-sprechen\/\"]}]},{\"@type\":\"ImageObject\",\"inLanguage\":\"de\",\"@id\":\"https:\/\/kinsta.com\/de\/mit-dem-vertrieb-sprechen\/#primaryimage\",\"url\":\"https:\/\/kinsta.com\/de\/wp-content\/uploads\/sites\/5\/2026\/01\/DE_asset_talk-to-sales.png\",\"contentUrl\":\"https:\/\/kinsta.com\/de\/wp-content\/uploads\/sites\/5\/2026\/01\/DE_asset_talk-to-sales.png\",\"width\":2040,\"height\":2040},{\"@type\":\"BreadcrumbList\",\"@id\":\"https:\/\/kinsta.com\/de\/mit-dem-vertrieb-sprechen\/#breadcrumb\",\"itemListElement\":[{\"@type\":\"ListItem\",\"position\":1,\"name\":\"Home\",\"item\":\"https:\/\/kinsta.com\/de\/\"},{\"@type\":\"ListItem\",\"position\":2,\"name\":\"Mit dem Vertrieb sprechen\"}]},{\"@type\":\"WebSite\",\"@id\":\"https:\/\/kinsta.com\/de\/#website\",\"url\":\"https:\/\/kinsta.com\/de\/\",\"name\":\"Kinsta\u00ae\",\"description\":\"Schnelle, sichere und hochwertige Hosting-L\u00f6sungen\",\"publisher\":{\"@id\":\"https:\/\/kinsta.com\/de\/#organization\"},\"potentialAction\":[{\"@type\":\"SearchAction\",\"target\":{\"@type\":\"EntryPoint\",\"urlTemplate\":\"https:\/\/kinsta.com\/de\/?s={search_term_string}\"},\"query-input\":{\"@type\":\"PropertyValueSpecification\",\"valueRequired\":true,\"valueName\":\"search_term_string\"}}],\"inLanguage\":\"de\"},{\"@type\":\"Organization\",\"@id\":\"https:\/\/kinsta.com\/de\/#organization\",\"name\":\"Kinsta\",\"url\":\"https:\/\/kinsta.com\/de\/\",\"logo\":{\"@type\":\"ImageObject\",\"inLanguage\":\"de\",\"@id\":\"https:\/\/kinsta.com\/de\/#\/schema\/logo\/image\/\",\"url\":\"https:\/\/kinsta.com\/de\/wp-content\/uploads\/sites\/5\/2023\/12\/kinsta-logo.jpeg\",\"contentUrl\":\"https:\/\/kinsta.com\/de\/wp-content\/uploads\/sites\/5\/2023\/12\/kinsta-logo.jpeg\",\"width\":500,\"height\":500,\"caption\":\"Kinsta\"},\"image\":{\"@id\":\"https:\/\/kinsta.com\/de\/#\/schema\/logo\/image\/\"},\"sameAs\":[\"https:\/\/www.facebook.com\/Kinsta-Deutschland-207459890108303\/\",\"https:\/\/x.com\/Kinsta_DE\",\"https:\/\/www.instagram.com\/kinstahosting\/\",\"https:\/\/www.linkedin.com\/company\/kinsta\/\",\"https:\/\/www.pinterest.com\/kinstahosting\/\",\"https:\/\/www.youtube.com\/c\/Kinsta\"]}]}<\/script>\n<!-- \/ Yoast SEO Premium plugin. -->","yoast_head_json":{"title":"Mit dem Vertrieb sprechen - Kinsta","description":"Kompetente WordPress-Hosting-Beratung, die auf dich zugeschnitten ist. Profitiere von \u00fcber 100 Jahren Erfahrung, 24\/7 Support und reibungslosen Migrationen.","robots":{"index":"index","follow":"follow","max-snippet":"max-snippet:-1","max-image-preview":"max-image-preview:large","max-video-preview":"max-video-preview:-1"},"canonical":"https:\/\/kinsta.com\/de\/mit-dem-vertrieb-sprechen\/","og_locale":"de_DE","og_type":"article","og_title":"Mit dem Vertrieb sprechen","og_description":"Kompetente WordPress-Hosting-Beratung, die auf dich zugeschnitten ist. Profitiere von \u00fcber 100 Jahren Erfahrung, 24\/7 Support und reibungslosen Migrationen.","og_url":"https:\/\/kinsta.com\/de\/mit-dem-vertrieb-sprechen\/","og_site_name":"Kinsta\u00ae","article_publisher":"https:\/\/www.facebook.com\/Kinsta-Deutschland-207459890108303\/","article_modified_time":"2026-01-30T12:40:24+00:00","og_image":[{"url":"https:\/\/kinsta.com\/de\/wp-content\/uploads\/sites\/5\/2026\/01\/DE_asset_talk-to-sales.png","type":"","width":"","height":""}],"twitter_card":"summary_large_image","twitter_description":"Kompetente WordPress-Hosting-Beratung, die auf dich zugeschnitten ist. Profitiere von \u00fcber 100 Jahren Erfahrung, 24\/7 Support und reibungslosen Migrationen.","twitter_image":"https:\/\/kinsta.com\/de\/wp-content\/uploads\/sites\/5\/2023\/12\/kinsta-homepage-de.png","twitter_site":"@Kinsta_DE","twitter_misc":{"Gesch\u00e4tzte Lesezeit":"2\u00a0Minuten"},"schema":{"@context":"https:\/\/schema.org","@graph":[{"@type":"WebPage","@id":"https:\/\/kinsta.com\/de\/mit-dem-vertrieb-sprechen\/","url":"https:\/\/kinsta.com\/de\/mit-dem-vertrieb-sprechen\/","name":"Mit dem Vertrieb sprechen - Kinsta","isPartOf":{"@id":"https:\/\/kinsta.com\/de\/#website"},"primaryImageOfPage":{"@id":"https:\/\/kinsta.com\/de\/mit-dem-vertrieb-sprechen\/#primaryimage"},"image":{"@id":"https:\/\/kinsta.com\/de\/mit-dem-vertrieb-sprechen\/#primaryimage"},"thumbnailUrl":"https:\/\/kinsta.com\/de\/wp-content\/uploads\/sites\/5\/2026\/01\/DE_asset_talk-to-sales.png","datePublished":"2024-05-06T10:48:20+00:00","dateModified":"2026-01-30T12:40:24+00:00","description":"Kompetente WordPress-Hosting-Beratung, die auf dich zugeschnitten ist. Profitiere von \u00fcber 100 Jahren Erfahrung, 24\/7 Support und reibungslosen Migrationen.","breadcrumb":{"@id":"https:\/\/kinsta.com\/de\/mit-dem-vertrieb-sprechen\/#breadcrumb"},"inLanguage":"de","potentialAction":[{"@type":"ReadAction","target":["https:\/\/kinsta.com\/de\/mit-dem-vertrieb-sprechen\/"]}]},{"@type":"ImageObject","inLanguage":"de","@id":"https:\/\/kinsta.com\/de\/mit-dem-vertrieb-sprechen\/#primaryimage","url":"https:\/\/kinsta.com\/de\/wp-content\/uploads\/sites\/5\/2026\/01\/DE_asset_talk-to-sales.png","contentUrl":"https:\/\/kinsta.com\/de\/wp-content\/uploads\/sites\/5\/2026\/01\/DE_asset_talk-to-sales.png","width":2040,"height":2040},{"@type":"BreadcrumbList","@id":"https:\/\/kinsta.com\/de\/mit-dem-vertrieb-sprechen\/#breadcrumb","itemListElement":[{"@type":"ListItem","position":1,"name":"Home","item":"https:\/\/kinsta.com\/de\/"},{"@type":"ListItem","position":2,"name":"Mit dem Vertrieb sprechen"}]},{"@type":"WebSite","@id":"https:\/\/kinsta.com\/de\/#website","url":"https:\/\/kinsta.com\/de\/","name":"Kinsta\u00ae","description":"Schnelle, sichere und hochwertige Hosting-L\u00f6sungen","publisher":{"@id":"https:\/\/kinsta.com\/de\/#organization"},"potentialAction":[{"@type":"SearchAction","target":{"@type":"EntryPoint","urlTemplate":"https:\/\/kinsta.com\/de\/?s={search_term_string}"},"query-input":{"@type":"PropertyValueSpecification","valueRequired":true,"valueName":"search_term_string"}}],"inLanguage":"de"},{"@type":"Organization","@id":"https:\/\/kinsta.com\/de\/#organization","name":"Kinsta","url":"https:\/\/kinsta.com\/de\/","logo":{"@type":"ImageObject","inLanguage":"de","@id":"https:\/\/kinsta.com\/de\/#\/schema\/logo\/image\/","url":"https:\/\/kinsta.com\/de\/wp-content\/uploads\/sites\/5\/2023\/12\/kinsta-logo.jpeg","contentUrl":"https:\/\/kinsta.com\/de\/wp-content\/uploads\/sites\/5\/2023\/12\/kinsta-logo.jpeg","width":500,"height":500,"caption":"Kinsta"},"image":{"@id":"https:\/\/kinsta.com\/de\/#\/schema\/logo\/image\/"},"sameAs":["https:\/\/www.facebook.com\/Kinsta-Deutschland-207459890108303\/","https:\/\/x.com\/Kinsta_DE","https:\/\/www.instagram.com\/kinstahosting\/","https:\/\/www.linkedin.com\/company\/kinsta\/","https:\/\/www.pinterest.com\/kinstahosting\/","https:\/\/www.youtube.com\/c\/Kinsta"]}]}},"acf":[],"_links":{"self":[{"href":"https:\/\/kinsta.com\/de\/wp-json\/wp\/v2\/pages\/69930","targetHints":{"allow":["GET"]}}],"collection":[{"href":"https:\/\/kinsta.com\/de\/wp-json\/wp\/v2\/pages"}],"about":[{"href":"https:\/\/kinsta.com\/de\/wp-json\/wp\/v2\/types\/page"}],"author":[{"embeddable":true,"href":"https:\/\/kinsta.com\/de\/wp-json\/wp\/v2\/users\/187"}],"replies":[{"embeddable":true,"href":"https:\/\/kinsta.com\/de\/wp-json\/wp\/v2\/comments?post=69930"}],"version-history":[{"count":3,"href":"https:\/\/kinsta.com\/de\/wp-json\/wp\/v2\/pages\/69930\/revisions"}],"predecessor-version":[{"id":75279,"href":"https:\/\/kinsta.com\/de\/wp-json\/wp\/v2\/pages\/69930\/revisions\/75279"}],"alternate":[{"embeddable":true,"hreflang":"en","title":"English","href":"https:\/\/kinsta.com\/de\/wp-json\/kinsta\/v1\/posts\/69930\/translations\/en"},{"embeddable":true,"hreflang":"it","title":"Italian","href":"https:\/\/kinsta.com\/de\/wp-json\/kinsta\/v1\/posts\/69930\/translations\/it"},{"embeddable":true,"hreflang":"pt","title":"Portuguese","href":"https:\/\/kinsta.com\/de\/wp-json\/kinsta\/v1\/posts\/69930\/translations\/pt"},{"embeddable":true,"hreflang":"fr","title":"French","href":"https:\/\/kinsta.com\/de\/wp-json\/kinsta\/v1\/posts\/69930\/translations\/fr"},{"embeddable":true,"hreflang":"de","title":"German","href":"https:\/\/kinsta.com\/de\/wp-json\/kinsta\/v1\/posts\/69930\/translations\/de"},{"embeddable":true,"hreflang":"ja","title":"Japanese","href":"https:\/\/kinsta.com\/de\/wp-json\/kinsta\/v1\/posts\/69930\/translations\/jp"},{"embeddable":true,"hreflang":"nl","title":"Dutch","href":"https:\/\/kinsta.com\/de\/wp-json\/kinsta\/v1\/posts\/69930\/translations\/nl"},{"embeddable":true,"hreflang":"es","title":"Spanish","href":"https:\/\/kinsta.com\/de\/wp-json\/kinsta\/v1\/posts\/69930\/translations\/es"},{"embeddable":true,"hreflang":"sv","title":"Swedish","href":"https:\/\/kinsta.com\/de\/wp-json\/kinsta\/v1\/posts\/69930\/translations\/se"},{"embeddable":true,"hreflang":"da","title":"Danish","href":"https:\/\/kinsta.com\/de\/wp-json\/kinsta\/v1\/posts\/69930\/translations\/dk"},{"href":"https:\/\/kinsta.com\/de\/wp-json\/kinsta\/v1\/posts\/69930\/tree"}],"wp:attachment":[{"href":"https:\/\/kinsta.com\/de\/wp-json\/wp\/v2\/media?parent=69930"}],"curies":[{"name":"wp","href":"https:\/\/api.w.org\/{rel}","templated":true}]}}