{"id":39430,"date":"2021-01-15T12:44:11","date_gmt":"2021-01-15T20:44:11","guid":{"rendered":"https:\/\/kinsta.com\/?page_id=85392"},"modified":"2025-05-21T17:30:52","modified_gmt":"2025-05-21T16:30:52","slug":"funktioner","status":"publish","type":"page","link":"https:\/\/kinsta.com\/dk\/devkinsta\/funktioner\/","title":{"rendered":"DevKinsta-funktioner"},"content":{"rendered":"\n<header class=\"wp-block-kinsta-hero-title is-style-center-screenshot alignfull\"><div class=\"wp-block-kinsta-hero-title__inner\">\n<div class=\"wp-block-kinsta-columns is-vertical-center\">\n<div class=\"wp-block-kinsta-column wp-block-kinsta-columns__column\">\n<div class=\"wp-block-kinsta-hero-title-content wp-block-kinsta-hero-title__content\"><h1 class=\"wp-block-kinsta-hero-title__title\"><span class=\"wp-block-kinsta-hero-title__title__text\">DevKinsta-funktioner<\/span><\/h1>\n<p>DevKinsta er en gratis pakke med lokale udviklingsv\u00e6rkt\u00f8jer til at opbygge, teste og implementere WordPress-sider p\u00e5 f\u00e5 minutter. I \u00f8jeblikket tilg\u00e6ngelig til macOS, Windows og Ubuntu.<\/p>\n\n\n\n<div class=\"wp-block-kinsta-buttons alignleft\">\n\n<\/div>\n<\/div>\n<\/div>\n\n\n\n<div class=\"wp-block-kinsta-column wp-block-kinsta-columns__column\">\n<div class=\"wp-block-kinsta-hero-title-secondary wp-block-kinsta-hero-title__secondary\">\n<div class=\"wp-block-kinsta-illustration alignwide\"><img decoding=\"async\" alt=\"DevKinsta funktioner\" src=\"https:\/\/kinsta.com\/wp-content\/uploads\/2020\/12\/devkinsta-features-hero.svg\" class=\"wp-block-kinsta-illustration__image\"><\/div>\n<\/div>\n<\/div>\n<\/div>\n<\/div><\/header>\n\n\n\n<h2 class=\"wp-block-heading has-text-align-center\" id=\"h-et-klik-oprettelse-af-websted-og-lokal-udvikling\">Et klik oprettelse af websted og lokal udvikling<\/h2>\n\n\n\n<p class=\"has-text-align-center\">Opret lokale WordPress-sider med et enkelt klik, og begynd at udvikle (n\u00e6sten) \u00f8jeblikkeligt. Hvert websted, du opretter, konfigureres automatisk med Nginx, PHP og MySQL. DevKinsta leveres ogs\u00e5 med WordPress Multisite-support plus kraftfulde database- og e-mail-styringsv\u00e6rkt\u00f8jer til at str\u00f8mline dit udviklings-workflow.<\/p>\n\n\n\n<div class=\"wp-block-kinsta-buttons aligncenter\">\n<a class=\"wp-block-kinsta-button is-style-inline\" href=\"https:\/\/kinsta.com\/docs\/devkinsta\/creating-a-site\/\">L\u00e6r mere om oprettelse af websteder<\/a>\n<\/div>\n\n\n\n<div class=\"wp-block-kinsta-feature-boxes wp-block-kinsta-feature-boxes--4\">\n<div class=\"wp-block-kinsta-feature-boxes-box wp-block-kinsta-feature-boxes__box\">\n<div class=\"wp-block-kinsta-illustration aligncenter\"><img decoding=\"async\" alt=\"Databaseh\u00e5ndtering\" src=\"https:\/\/kinsta.com\/wp-content\/uploads\/2020\/12\/devkinsta-features-database-picto.svg\" class=\"wp-block-kinsta-illustration__image\"><\/div>\n\n\n\n<h3 class=\"wp-block-heading\" id=\"h-styring-af-database\">Styring af database<\/h3>\n\n\n\n<p>DevKinsta bruger Adminer, et letv\u00e6gts- og open source v\u00e6rkt\u00f8j til databasestyring. Med Adminer kan du nemt redigere dine databasetabeller, importere og eksportere backups, k\u00f8re SQL-foresp\u00f8rgsler og mere.<\/p>\n\n\n\n<div class=\"wp-block-kinsta-buttons aligncenter\">\n<a class=\"wp-block-kinsta-button is-style-inline\" href=\"https:\/\/kinsta.com\/docs\/devkinsta\/devkinsta-database\/database-manager\/\">Mere om Database Manager<\/a>\n<\/div>\n<\/div>\n\n\n\n<div class=\"wp-block-kinsta-feature-boxes-box wp-block-kinsta-feature-boxes__box\">\n<div class=\"wp-block-kinsta-illustration aligncenter\"><img decoding=\"async\" alt=\"Arbejd med HTTPS lokalt\" src=\"https:\/\/kinsta.com\/wp-content\/uploads\/2020\/12\/devkinsta-features-https-picto.svg\" class=\"wp-block-kinsta-illustration__image\"><\/div>\n\n\n\n<h3 class=\"wp-block-heading\" id=\"h-arbejd-med-https-lokalt\">Arbejd med HTTPS lokalt<\/h3>\n\n\n\n<p>66% af sideindl\u00e6sningerne bruger HTTPS. Med DevKinstas HTTPS-support kan du teste og opbygge dit WordPress-websted med sikkerhed i tankerne.<\/p>\n\n\n\n<div class=\"wp-block-kinsta-buttons aligncenter\">\n<a class=\"wp-block-kinsta-button is-style-inline\" href=\"https:\/\/kinsta.com\/docs\/devkinsta\/devkinsta-site-management\/#the-site-info-page\">L\u00e6r mere<\/a>\n<\/div>\n<\/div>\n\n\n\n<div class=\"wp-block-kinsta-feature-boxes-box wp-block-kinsta-feature-boxes__box\">\n<div class=\"wp-block-kinsta-illustration aligncenter\"><img decoding=\"async\" alt=\"Indbygget e-mail test\" src=\"https:\/\/kinsta.com\/wp-content\/uploads\/2020\/12\/devkinsta-features-email-picto.svg\" class=\"wp-block-kinsta-illustration__image\"><\/div>\n\n\n\n<h3 class=\"wp-block-heading\" id=\"h-indbygget-e-mail-test\">Indbygget e-mail-test<\/h3>\n\n\n\n<p>DevKinsta leveres med en kraftfuld SMTP-server og e-mail-indbakke, der giver dig mulighed for at analysere og debugge udg\u00e5ende e-mails fra dine lokale WordPress-websteder.<\/p>\n\n\n\n<div class=\"wp-block-kinsta-buttons aligncenter\">\n<a class=\"wp-block-kinsta-button is-style-inline\" href=\"https:\/\/kinsta.com\/docs\/devkinsta\/devkinsta-site-management\/email-inbox\/\">Mere om e-mail test<\/a>\n<\/div>\n<\/div>\n\n\n\n<div class=\"wp-block-kinsta-feature-boxes-box wp-block-kinsta-feature-boxes__box\">\n<div class=\"wp-block-kinsta-illustration aligncenter\"><img decoding=\"async\" alt=\"WordPress fejllogning\" src=\"https:\/\/kinsta.com\/wp-content\/uploads\/2020\/12\/devkinsta-features-logging.svg\" class=\"wp-block-kinsta-illustration__image\"><\/div>\n\n\n\n<h3 class=\"wp-block-heading\" id=\"h-wordpress-fejllogning\">WordPress-fejllogning<\/h3>\n\n\n\n<p>Fejlret dit websteds PHP-fejl med DevKinstas indbyggede WP_DEBUG-funktion.<\/p>\n\n\n\n<div class=\"wp-block-kinsta-buttons aligncenter\">\n<a class=\"wp-block-kinsta-button is-style-inline\" href=\"https:\/\/kinsta.com\/docs\/devkinsta\/devkinsta-troubleshooting\/logging\/\">Mere om fejllogning<\/a>\n<\/div>\n<\/div>\n<\/div>\n\n\n\n<div class=\"wp-block-group devkinsta-features-cta has-secondary-background-color has-background is-layout-constrained wp-block-group-is-layout-constrained\">\n<h2 class=\"wp-block-heading has-text-align-center\" id=\"h-prov-devkinsta-i-dag\">Pr\u00f8v DevKinsta i dag!<\/h2>\n\n\n\n<div class=\"wp-block-kinsta-buttons aligncenter\">\n<a class=\"wp-block-kinsta-button\" href=\"https:\/\/kinsta.com\/dk\/devkinsta\/download\/\">Download nu<\/a>\n<\/div>\n<\/div>\n\n\n\n<figure class=\"wp-block-image aligncenter size-large is-resized is-style-plain\"><img decoding=\"async\" src=\"https:\/\/kinsta.com\/dk\/wp-content\/uploads\/sites\/12\/2021\/08\/devkinsta-features-deploy.svg\" alt class=\"wp-image-40845\" style=\"width:445px;height:318px\"><\/figure>\n\n\n\n<h2 class=\"wp-block-heading has-text-align-center\" id=\"h-deploy-globally\">Deploy globally<\/h2>\n\n\n\n<p class=\"has-text-align-center\">V\u00e6lg et af Kinstas 27 tilg\u00e6ngelige datacentre over hele kloden. Problemfri integration med Kinsta-tjenester.<\/p>\n\n\n\n<div class=\"wp-block-kinsta-buttons aligncenter\">\n<a class=\"wp-block-kinsta-button is-style-inline\" href=\"https:\/\/kinsta.com\/dk\/prissaetning\/\">Mere om hostingplaner<\/a>\n<\/div>\n\n\n\n<div class=\"wp-block-kinsta-feature-boxes wp-block-kinsta-feature-boxes--3\">\n<div class=\"wp-block-kinsta-feature-boxes-box wp-block-kinsta-feature-boxes__box\">\n<div class=\"wp-block-kinsta-illustration aligncenter\"><img decoding=\"async\" alt=\"DevKinsta tilg\u00e6ngelig p\u00e5 10 sprog\" src=\"https:\/\/kinsta.com\/wp-content\/uploads\/2020\/12\/devkinsta-features-languages-picto.svg\" class=\"wp-block-kinsta-illustration__image\"><\/div>\n\n\n\n<h3 class=\"wp-block-heading\" id=\"h-fas-pa-10-sprog\">F\u00e5s p\u00e5 10 sprog<\/h3>\n\n\n\n<p>DevKinsta leveres med sprogst\u00f8tte til engelsk, italiensk, portugisisk, fransk, tysk, japansk, hollandsk, spansk, svensk og dansk.<\/p>\n<\/div>\n\n\n\n<div class=\"wp-block-kinsta-feature-boxes-box wp-block-kinsta-feature-boxes__box\">\n<div class=\"wp-block-kinsta-illustration aligncenter\"><img decoding=\"async\" alt=\"Skift af PHP-version i DevKinsta\" src=\"https:\/\/kinsta.com\/wp-content\/uploads\/2020\/12\/devkinsta-features-version-switching-picto.svg\" class=\"wp-block-kinsta-illustration__image\"><\/div>\n\n\n\n<h3 class=\"wp-block-heading\" id=\"h-skift-php-version\">Skift PHP version<\/h3>\n\n\n\n<p>Med support til PHP 7.2, 7.3, 7.4, 8.0, 8.1 og 8.2 kan du teste dit websted mod de nyeste versioner af PHP med et enkelt klik.<\/p>\n<\/div>\n\n\n\n<div class=\"wp-block-kinsta-feature-boxes-box wp-block-kinsta-feature-boxes__box\">\n<div class=\"wp-block-kinsta-illustration aligncenter\"><img decoding=\"async\" alt=\"DevKinsta automatiske opdateringer\" src=\"https:\/\/kinsta.com\/wp-content\/uploads\/2020\/12\/devkinsta-features-updates-picto.svg\" class=\"wp-block-kinsta-illustration__image\"><\/div>\n\n\n\n<h3 class=\"wp-block-heading\" id=\"h-automatiske-opdateringer\">Automatiske opdateringer<\/h3>\n\n\n\n<p>DevKinsta underst\u00f8tter automatiske opdateringer, s\u00e5 du har altid de nyeste funktioner til at hj\u00e6lpe din lokale udviklingsworkflow.<\/p>\n<\/div>\n<\/div>\n\n\n\n<div class=\"wp-block-group devkinsta-footer-cta has-primary-background-color has-background is-layout-constrained wp-block-group-is-layout-constrained\">\n<h2 class=\"wp-block-heading has-text-align-center\" id=\"h-prov-devkinsta-i-dag-0\">Pr\u00f8v DevKinsta i dag!<\/h2>\n\n\n\n<div class=\"wp-block-kinsta-buttons aligncenter\">\n<a class=\"wp-block-kinsta-button\" href=\"https:\/\/kinsta.com\/dk\/devkinsta\/download\/\">Download DevKinsta<\/a>\n<\/div>\n<\/div>\n","protected":false},"excerpt":{"rendered":"<p>Et klik oprettelse af websted og lokal udvikling Opret lokale WordPress-sider med et enkelt klik, og begynd at udvikle (n\u00e6sten) \u00f8jeblikkeligt. Hvert websted, du opretter, konfigureres &#8230;<\/p>\n","protected":false},"author":115,"featured_media":39431,"parent":39434,"menu_order":0,"comment_status":"closed","ping_status":"closed","template":"templates\/page\/devkinsta.php","meta":{"_kinsta_gated_content":false,"_kinsta_gated_content_redirect":"","footnotes":""},"class_list":["post-39430","page","type-page","status-publish","has-post-thumbnail","hentry"],"yoast_head":"<!-- This site is optimized with the Yoast SEO Premium plugin v24.6 (Yoast SEO v24.6) - https:\/\/yoast.com\/wordpress\/plugins\/seo\/ -->\n<title>DevKinsta-funktioner - Kinsta\u00ae<\/title>\n<meta name=\"description\" content=\"L\u00e6r mere om DevKinstas funktioner, herunder oprettelse af et klik p\u00e5 websteder, databasestyring, skift af PHP-version, flersproget support og mere!\" \/>\n<meta name=\"robots\" content=\"index, follow, max-snippet:-1, max-image-preview:large, max-video-preview:-1\" \/>\n<link rel=\"canonical\" href=\"https:\/\/kinsta.com\/dk\/devkinsta\/funktioner\/\" \/>\n<meta property=\"og:locale\" content=\"da_DK\" \/>\n<meta property=\"og:type\" content=\"article\" \/>\n<meta property=\"og:title\" content=\"DevKinsta-funktioner\" \/>\n<meta property=\"og:description\" content=\"L\u00e6r mere om DevKinstas funktioner, herunder oprettelse af et klik p\u00e5 websteder, databasestyring, skift af PHP-version, flersproget support og mere!\" \/>\n<meta property=\"og:url\" content=\"https:\/\/kinsta.com\/dk\/devkinsta\/funktioner\/\" \/>\n<meta property=\"og:site_name\" content=\"Kinsta\u00ae\" \/>\n<meta property=\"article:publisher\" content=\"https:\/\/www.facebook.com\/Kinsta-Danmark-122855885298660\/\" \/>\n<meta property=\"article:modified_time\" content=\"2025-05-21T16:30:52+00:00\" \/>\n<meta property=\"og:image\" content=\"https:\/\/kinsta.com\/dk\/wp-content\/uploads\/sites\/12\/2021\/01\/devkinsta-featured-image.jpg\" \/>\n\t<meta property=\"og:image:width\" content=\"1200\" \/>\n\t<meta property=\"og:image:height\" content=\"628\" \/>\n\t<meta property=\"og:image:type\" content=\"image\/jpeg\" \/>\n<meta name=\"twitter:card\" content=\"summary_large_image\" \/>\n<meta name=\"twitter:description\" content=\"L\u00e6r mere om DevKinstas funktioner, herunder oprettelse af et klik p\u00e5 websteder, databasestyring, skift af PHP-version, flersproget support og mere!\" \/>\n<meta name=\"twitter:image\" content=\"https:\/\/kinsta.com\/dk\/wp-content\/uploads\/sites\/12\/2021\/01\/devkinsta-featured-image.jpg\" \/>\n<meta name=\"twitter:site\" content=\"@kinsta_dk\" \/>\n<meta name=\"twitter:label1\" content=\"Estimeret l\u00e6setid\" \/>\n\t<meta name=\"twitter:data1\" content=\"4 minutter\" \/>\n<script type=\"application\/ld+json\" class=\"yoast-schema-graph\">{\"@context\":\"https:\/\/schema.org\",\"@graph\":[{\"@type\":\"WebPage\",\"@id\":\"https:\/\/kinsta.com\/dk\/devkinsta\/funktioner\/\",\"url\":\"https:\/\/kinsta.com\/dk\/devkinsta\/funktioner\/\",\"name\":\"DevKinsta-funktioner - Kinsta\u00ae\",\"isPartOf\":{\"@id\":\"https:\/\/kinsta.com\/dk\/#website\"},\"primaryImageOfPage\":{\"@id\":\"https:\/\/kinsta.com\/dk\/devkinsta\/funktioner\/#primaryimage\"},\"image\":{\"@id\":\"https:\/\/kinsta.com\/dk\/devkinsta\/funktioner\/#primaryimage\"},\"thumbnailUrl\":\"https:\/\/kinsta.com\/dk\/wp-content\/uploads\/sites\/12\/2021\/01\/devkinsta-featured-image.jpg\",\"datePublished\":\"2021-01-15T20:44:11+00:00\",\"dateModified\":\"2025-05-21T16:30:52+00:00\",\"description\":\"L\u00e6r mere om DevKinstas funktioner, herunder oprettelse af et klik p\u00e5 websteder, databasestyring, skift af PHP-version, flersproget support og mere!\",\"breadcrumb\":{\"@id\":\"https:\/\/kinsta.com\/dk\/devkinsta\/funktioner\/#breadcrumb\"},\"inLanguage\":\"da-DK\",\"potentialAction\":[{\"@type\":\"ReadAction\",\"target\":[\"https:\/\/kinsta.com\/dk\/devkinsta\/funktioner\/\"]}]},{\"@type\":\"ImageObject\",\"inLanguage\":\"da-DK\",\"@id\":\"https:\/\/kinsta.com\/dk\/devkinsta\/funktioner\/#primaryimage\",\"url\":\"https:\/\/kinsta.com\/dk\/wp-content\/uploads\/sites\/12\/2021\/01\/devkinsta-featured-image.jpg\",\"contentUrl\":\"https:\/\/kinsta.com\/dk\/wp-content\/uploads\/sites\/12\/2021\/01\/devkinsta-featured-image.jpg\",\"width\":1200,\"height\":628,\"caption\":\"DevKinsta er en gratis pakke med lokale udviklingsv\u00e6rkt\u00f8jer til macOS og Windows. Brug DevKinsta til at opbygge, udvikle og teste WordPress-websteder.\"},{\"@type\":\"BreadcrumbList\",\"@id\":\"https:\/\/kinsta.com\/dk\/devkinsta\/funktioner\/#breadcrumb\",\"itemListElement\":[{\"@type\":\"ListItem\",\"position\":1,\"name\":\"Home\",\"item\":\"https:\/\/kinsta.com\/dk\/\"},{\"@type\":\"ListItem\",\"position\":2,\"name\":\"Din gratis lokale WordPress-udviklingspakke\",\"item\":\"https:\/\/kinsta.com\/dk\/devkinsta\/\"},{\"@type\":\"ListItem\",\"position\":3,\"name\":\"DevKinsta-funktioner\"}]},{\"@type\":\"WebSite\",\"@id\":\"https:\/\/kinsta.com\/dk\/#website\",\"url\":\"https:\/\/kinsta.com\/dk\/\",\"name\":\"Kinsta\u00ae\",\"description\":\"Hurtig, sikker, premium hostingl\u00f8sninger\",\"publisher\":{\"@id\":\"https:\/\/kinsta.com\/dk\/#organization\"},\"potentialAction\":[{\"@type\":\"SearchAction\",\"target\":{\"@type\":\"EntryPoint\",\"urlTemplate\":\"https:\/\/kinsta.com\/dk\/?s={search_term_string}\"},\"query-input\":{\"@type\":\"PropertyValueSpecification\",\"valueRequired\":true,\"valueName\":\"search_term_string\"}}],\"inLanguage\":\"da-DK\"},{\"@type\":\"Organization\",\"@id\":\"https:\/\/kinsta.com\/dk\/#organization\",\"name\":\"Kinsta\",\"url\":\"https:\/\/kinsta.com\/dk\/\",\"logo\":{\"@type\":\"ImageObject\",\"inLanguage\":\"da-DK\",\"@id\":\"https:\/\/kinsta.com\/dk\/#\/schema\/logo\/image\/\",\"url\":\"https:\/\/kinsta.com\/dk\/wp-content\/uploads\/sites\/12\/2023\/12\/kinsta-logo.jpeg\",\"contentUrl\":\"https:\/\/kinsta.com\/dk\/wp-content\/uploads\/sites\/12\/2023\/12\/kinsta-logo.jpeg\",\"width\":500,\"height\":500,\"caption\":\"Kinsta\"},\"image\":{\"@id\":\"https:\/\/kinsta.com\/dk\/#\/schema\/logo\/image\/\"},\"sameAs\":[\"https:\/\/www.facebook.com\/Kinsta-Danmark-122855885298660\/\",\"https:\/\/x.com\/kinsta_dk\",\"https:\/\/www.instagram.com\/kinstahosting\/\",\"https:\/\/www.linkedin.com\/company\/kinsta\/\",\"https:\/\/www.pinterest.com\/kinstahosting\/\",\"https:\/\/www.youtube.com\/c\/Kinsta\"]}]}<\/script>\n<!-- \/ Yoast SEO Premium plugin. -->","yoast_head_json":{"title":"DevKinsta-funktioner - Kinsta\u00ae","description":"L\u00e6r mere om DevKinstas funktioner, herunder oprettelse af et klik p\u00e5 websteder, databasestyring, skift af PHP-version, flersproget support og mere!","robots":{"index":"index","follow":"follow","max-snippet":"max-snippet:-1","max-image-preview":"max-image-preview:large","max-video-preview":"max-video-preview:-1"},"canonical":"https:\/\/kinsta.com\/dk\/devkinsta\/funktioner\/","og_locale":"da_DK","og_type":"article","og_title":"DevKinsta-funktioner","og_description":"L\u00e6r mere om DevKinstas funktioner, herunder oprettelse af et klik p\u00e5 websteder, databasestyring, skift af PHP-version, flersproget support og mere!","og_url":"https:\/\/kinsta.com\/dk\/devkinsta\/funktioner\/","og_site_name":"Kinsta\u00ae","article_publisher":"https:\/\/www.facebook.com\/Kinsta-Danmark-122855885298660\/","article_modified_time":"2025-05-21T16:30:52+00:00","og_image":[{"width":1200,"height":628,"url":"https:\/\/kinsta.com\/dk\/wp-content\/uploads\/sites\/12\/2021\/01\/devkinsta-featured-image.jpg","type":"image\/jpeg"}],"twitter_card":"summary_large_image","twitter_description":"L\u00e6r mere om DevKinstas funktioner, herunder oprettelse af et klik p\u00e5 websteder, databasestyring, skift af PHP-version, flersproget support og mere!","twitter_image":"https:\/\/kinsta.com\/dk\/wp-content\/uploads\/sites\/12\/2021\/01\/devkinsta-featured-image.jpg","twitter_site":"@kinsta_dk","twitter_misc":{"Estimeret l\u00e6setid":"4 minutter"},"schema":{"@context":"https:\/\/schema.org","@graph":[{"@type":"WebPage","@id":"https:\/\/kinsta.com\/dk\/devkinsta\/funktioner\/","url":"https:\/\/kinsta.com\/dk\/devkinsta\/funktioner\/","name":"DevKinsta-funktioner - Kinsta\u00ae","isPartOf":{"@id":"https:\/\/kinsta.com\/dk\/#website"},"primaryImageOfPage":{"@id":"https:\/\/kinsta.com\/dk\/devkinsta\/funktioner\/#primaryimage"},"image":{"@id":"https:\/\/kinsta.com\/dk\/devkinsta\/funktioner\/#primaryimage"},"thumbnailUrl":"https:\/\/kinsta.com\/dk\/wp-content\/uploads\/sites\/12\/2021\/01\/devkinsta-featured-image.jpg","datePublished":"2021-01-15T20:44:11+00:00","dateModified":"2025-05-21T16:30:52+00:00","description":"L\u00e6r mere om DevKinstas funktioner, herunder oprettelse af et klik p\u00e5 websteder, databasestyring, skift af PHP-version, flersproget support og mere!","breadcrumb":{"@id":"https:\/\/kinsta.com\/dk\/devkinsta\/funktioner\/#breadcrumb"},"inLanguage":"da-DK","potentialAction":[{"@type":"ReadAction","target":["https:\/\/kinsta.com\/dk\/devkinsta\/funktioner\/"]}]},{"@type":"ImageObject","inLanguage":"da-DK","@id":"https:\/\/kinsta.com\/dk\/devkinsta\/funktioner\/#primaryimage","url":"https:\/\/kinsta.com\/dk\/wp-content\/uploads\/sites\/12\/2021\/01\/devkinsta-featured-image.jpg","contentUrl":"https:\/\/kinsta.com\/dk\/wp-content\/uploads\/sites\/12\/2021\/01\/devkinsta-featured-image.jpg","width":1200,"height":628,"caption":"DevKinsta er en gratis pakke med lokale udviklingsv\u00e6rkt\u00f8jer til macOS og Windows. Brug DevKinsta til at opbygge, udvikle og teste WordPress-websteder."},{"@type":"BreadcrumbList","@id":"https:\/\/kinsta.com\/dk\/devkinsta\/funktioner\/#breadcrumb","itemListElement":[{"@type":"ListItem","position":1,"name":"Home","item":"https:\/\/kinsta.com\/dk\/"},{"@type":"ListItem","position":2,"name":"Din gratis lokale WordPress-udviklingspakke","item":"https:\/\/kinsta.com\/dk\/devkinsta\/"},{"@type":"ListItem","position":3,"name":"DevKinsta-funktioner"}]},{"@type":"WebSite","@id":"https:\/\/kinsta.com\/dk\/#website","url":"https:\/\/kinsta.com\/dk\/","name":"Kinsta\u00ae","description":"Hurtig, sikker, premium hostingl\u00f8sninger","publisher":{"@id":"https:\/\/kinsta.com\/dk\/#organization"},"potentialAction":[{"@type":"SearchAction","target":{"@type":"EntryPoint","urlTemplate":"https:\/\/kinsta.com\/dk\/?s={search_term_string}"},"query-input":{"@type":"PropertyValueSpecification","valueRequired":true,"valueName":"search_term_string"}}],"inLanguage":"da-DK"},{"@type":"Organization","@id":"https:\/\/kinsta.com\/dk\/#organization","name":"Kinsta","url":"https:\/\/kinsta.com\/dk\/","logo":{"@type":"ImageObject","inLanguage":"da-DK","@id":"https:\/\/kinsta.com\/dk\/#\/schema\/logo\/image\/","url":"https:\/\/kinsta.com\/dk\/wp-content\/uploads\/sites\/12\/2023\/12\/kinsta-logo.jpeg","contentUrl":"https:\/\/kinsta.com\/dk\/wp-content\/uploads\/sites\/12\/2023\/12\/kinsta-logo.jpeg","width":500,"height":500,"caption":"Kinsta"},"image":{"@id":"https:\/\/kinsta.com\/dk\/#\/schema\/logo\/image\/"},"sameAs":["https:\/\/www.facebook.com\/Kinsta-Danmark-122855885298660\/","https:\/\/x.com\/kinsta_dk","https:\/\/www.instagram.com\/kinstahosting\/","https:\/\/www.linkedin.com\/company\/kinsta\/","https:\/\/www.pinterest.com\/kinstahosting\/","https:\/\/www.youtube.com\/c\/Kinsta"]}]}},"acf":[],"_links":{"self":[{"href":"https:\/\/kinsta.com\/dk\/wp-json\/wp\/v2\/pages\/39430","targetHints":{"allow":["GET"]}}],"collection":[{"href":"https:\/\/kinsta.com\/dk\/wp-json\/wp\/v2\/pages"}],"about":[{"href":"https:\/\/kinsta.com\/dk\/wp-json\/wp\/v2\/types\/page"}],"author":[{"embeddable":true,"href":"https:\/\/kinsta.com\/dk\/wp-json\/wp\/v2\/users\/115"}],"replies":[{"embeddable":true,"href":"https:\/\/kinsta.com\/dk\/wp-json\/wp\/v2\/comments?post=39430"}],"version-history":[{"count":8,"href":"https:\/\/kinsta.com\/dk\/wp-json\/wp\/v2\/pages\/39430\/revisions"}],"predecessor-version":[{"id":55103,"href":"https:\/\/kinsta.com\/dk\/wp-json\/wp\/v2\/pages\/39430\/revisions\/55103"}],"up":[{"embeddable":true,"href":"https:\/\/kinsta.com\/dk\/wp-json\/wp\/v2\/pages\/39434"}],"alternate":[{"embeddable":true,"hreflang":"en","title":"English","href":"https:\/\/kinsta.com\/dk\/wp-json\/kinsta\/v1\/posts\/39430\/translations\/en"},{"embeddable":true,"hreflang":"es","title":"Spanish","href":"https:\/\/kinsta.com\/dk\/wp-json\/kinsta\/v1\/posts\/39430\/translations\/es"},{"embeddable":true,"hreflang":"de","title":"German","href":"https:\/\/kinsta.com\/dk\/wp-json\/kinsta\/v1\/posts\/39430\/translations\/de"},{"embeddable":true,"hreflang":"nl","title":"Dutch","href":"https:\/\/kinsta.com\/dk\/wp-json\/kinsta\/v1\/posts\/39430\/translations\/nl"},{"embeddable":true,"hreflang":"it","title":"Italian","href":"https:\/\/kinsta.com\/dk\/wp-json\/kinsta\/v1\/posts\/39430\/translations\/it"},{"embeddable":true,"hreflang":"pt","title":"Portuguese","href":"https:\/\/kinsta.com\/dk\/wp-json\/kinsta\/v1\/posts\/39430\/translations\/pt"},{"embeddable":true,"hreflang":"fr","title":"French","href":"https:\/\/kinsta.com\/dk\/wp-json\/kinsta\/v1\/posts\/39430\/translations\/fr"},{"embeddable":true,"hreflang":"ja","title":"Japanese","href":"https:\/\/kinsta.com\/dk\/wp-json\/kinsta\/v1\/posts\/39430\/translations\/jp"},{"embeddable":true,"hreflang":"da","title":"Danish","href":"https:\/\/kinsta.com\/dk\/wp-json\/kinsta\/v1\/posts\/39430\/translations\/dk"},{"embeddable":true,"hreflang":"sv","title":"Swedish","href":"https:\/\/kinsta.com\/dk\/wp-json\/kinsta\/v1\/posts\/39430\/translations\/se"},{"href":"https:\/\/kinsta.com\/dk\/wp-json\/kinsta\/v1\/posts\/39430\/tree"}],"wp:featuredmedia":[{"embeddable":true,"href":"https:\/\/kinsta.com\/dk\/wp-json\/wp\/v2\/media\/39431"}],"wp:attachment":[{"href":"https:\/\/kinsta.com\/dk\/wp-json\/wp\/v2\/media?parent=39430"}],"curies":[{"name":"wp","href":"https:\/\/api.w.org\/{rel}","templated":true}]}}