{"id":40064,"date":"2021-05-02T08:39:33","date_gmt":"2021-05-02T06:39:33","guid":{"rendered":"https:\/\/kinsta.com\/?page_id=91725"},"modified":"2021-08-11T10:34:18","modified_gmt":"2021-08-11T09:34:18","slug":"cheat-sheets","status":"publish","type":"page","link":"https:\/\/kinsta.com\/dk\/cheat-sheets\/","title":{"rendered":"Cheat Sheets"},"content":{"rendered":"<div class=\"wp-block-kinsta-featured-entries wp-block-kinsta-featured-entries--type-page \">\n\n   <div class=\"posts-grid posts-grid--3-cols\">\n<div class=\"post-preview post-40066 page type-page status-publish has-post-thumbnail hentry\">\n    <a class=\"post-preview__thumbnail\" aria-hidden=\"true\" tabindex=\"-1\" href=\"https:\/\/kinsta.com\/dk\/cheat-sheets\/cheat-sheet-webstedshastighed\/\">\n                        <img loading=\"lazy\" decoding=\"async\" width=\"360\" height=\"180\" src=\"https:\/\/kinsta.com\/dk\/wp-content\/uploads\/sites\/12\/2023\/08\/Site-Speed-DK-360x180.jpg\" class=\"attachment-kinsta-thumbnail size-kinsta-thumbnail wp-post-image\" alt=\"\" aria-hidden=\"true\" tabindex=\"-1\" \/>            <\/a>\n\n    <div class=\"post-preview__content\">\n        \n<div class=\"post-preview__title-excerpt\">\n    <h2 class=\"post-preview__title\">\n                <a  href=\"https:\/\/kinsta.com\/dk\/cheat-sheets\/cheat-sheet-webstedshastighed\/\" class=\"post-preview__link\">\n            Cheat Sheet for webstedshastighed        <\/a>\n    <\/h2>\n\n            <div class=\"post-preview__excerpt\">\n            Webstedets hastighed er afg\u00f8rende for SEO og maksimering af konverteringer, men det er ikke altid klart, hvor man skal starte. Find de mest alminde&hellip;        <\/div>\n    <\/div>\n<dl class=\"post-preview__meta\">\n            <dt><span class=\"screen-reader-text\">L\u00e6setid<\/span><\/dt>\n        <dd>1 minutters l\u00e6sning<\/dd>\n            <dt><span class=\"screen-reader-text\">Opdateret site<\/span><\/dt>\n        <dd>marts 18, 2024<\/dd>\n    <\/dl>\n    <\/div>\n<\/div>\n\n<div class=\"post-preview post-40069 page type-page status-publish has-post-thumbnail hentry\">\n    <a class=\"post-preview__thumbnail\" aria-hidden=\"true\" tabindex=\"-1\" href=\"https:\/\/kinsta.com\/dk\/cheat-sheets\/wordpress-seo-tjekliste\/\">\n                        <img loading=\"lazy\" decoding=\"async\" width=\"360\" height=\"180\" src=\"https:\/\/kinsta.com\/dk\/wp-content\/uploads\/sites\/12\/2021\/05\/Hero-seo-cheat-featured-360x180.png\" class=\"attachment-kinsta-thumbnail size-kinsta-thumbnail wp-post-image\" alt=\"\" aria-hidden=\"true\" tabindex=\"-1\" srcset=\"https:\/\/kinsta.com\/dk\/wp-content\/uploads\/sites\/12\/2021\/05\/Hero-seo-cheat-featured-360x180.png 360w, https:\/\/kinsta.com\/dk\/wp-content\/uploads\/sites\/12\/2021\/05\/Hero-seo-cheat-featured-300x150.png 300w, https:\/\/kinsta.com\/dk\/wp-content\/uploads\/sites\/12\/2021\/05\/Hero-seo-cheat-featured-1024x512.png 1024w, https:\/\/kinsta.com\/dk\/wp-content\/uploads\/sites\/12\/2021\/05\/Hero-seo-cheat-featured-768x384.png 768w, https:\/\/kinsta.com\/dk\/wp-content\/uploads\/sites\/12\/2021\/05\/Hero-seo-cheat-featured.png 1460w\" sizes=\"auto, (max-width: 360px) 100vw, 360px\" \/>            <\/a>\n\n    <div class=\"post-preview__content\">\n        \n<div class=\"post-preview__title-excerpt\">\n    <h2 class=\"post-preview__title\">\n                <a  href=\"https:\/\/kinsta.com\/dk\/cheat-sheets\/wordpress-seo-tjekliste\/\" class=\"post-preview__link\">\n            WordPress SEO Tjekliste        <\/a>\n    <\/h2>\n\n            <div class=\"post-preview__excerpt\">\n            Fordelene ved god SEO er vidtg\u00e5ende. Det p\u00e5virker trafik, trov\u00e6rdighed, brugeroplevelse og mere. Her er 8 enkle m\u00e5der, du kan forbedre din SEO.        <\/div>\n    <\/div>\n<dl class=\"post-preview__meta\">\n            <dt><span class=\"screen-reader-text\">Opdateret site<\/span><\/dt>\n        <dd>august 11, 2021<\/dd>\n    <\/dl>\n    <\/div>\n<\/div>\n\n<div class=\"post-preview post-40071 page type-page status-publish has-post-thumbnail hentry\">\n    <a class=\"post-preview__thumbnail\" aria-hidden=\"true\" tabindex=\"-1\" href=\"https:\/\/kinsta.com\/dk\/cheat-sheets\/webside-sikkerheds-cheat-sheat\/\">\n                        <img loading=\"lazy\" decoding=\"async\" width=\"360\" height=\"180\" src=\"https:\/\/kinsta.com\/dk\/wp-content\/uploads\/sites\/12\/2023\/08\/Site-Security-DK-360x180.jpg\" class=\"attachment-kinsta-thumbnail size-kinsta-thumbnail wp-post-image\" alt=\"\" aria-hidden=\"true\" tabindex=\"-1\" \/>            <\/a>\n\n    <div class=\"post-preview__content\">\n        \n<div class=\"post-preview__title-excerpt\">\n    <h2 class=\"post-preview__title\">\n                <a  href=\"https:\/\/kinsta.com\/dk\/cheat-sheets\/webside-sikkerheds-cheat-sheat\/\" class=\"post-preview__link\">\n            Cheat Sheet for Websteds Sikkerhed        <\/a>\n    <\/h2>\n\n            <div class=\"post-preview__excerpt\">\n            Beskyt dit brands omd\u00f8mme og reducer risikoen for sikkerhedsbrud med disse 5 effektive m\u00e5der at h\u00e6rde dit websted og din datasikkerhed p\u00e5.        <\/div>\n    <\/div>\n<dl class=\"post-preview__meta\">\n            <dt><span class=\"screen-reader-text\">L\u00e6setid<\/span><\/dt>\n        <dd>1 minutters l\u00e6sning<\/dd>\n            <dt><span class=\"screen-reader-text\">Opdateret site<\/span><\/dt>\n        <dd>marts 18, 2024<\/dd>\n    <\/dl>\n    <\/div>\n<\/div>\n<\/div>\n    <\/div>\n\n\n\n<div class=\"wp-block-group aligncenter has-wp-gradient-background has-background is-layout-constrained wp-block-group-is-layout-constrained\">\n<h2 class=\"has-text-align-center wp-block-heading\" id=\"h-vi-voksede-vores-trafik-1-187-med-wordpress-vi-viser-dig-hvordan\">Vi voksede vores trafik 1.187% med WordPress. Vi viser dig hvordan.<\/h2>\n\n\n\n<p class=\"has-text-align-center\">Tilslut d gi 20.000+ andre, der f\u00e5r vores ugentlige nyhedsbrev med insider WordPress-tip!<\/p>\n\n\n\n<div class=\"wp-block-kinsta-buttons aligncenter\">\n<a class=\"wp-block-kinsta-button has-turquoise-color\" href=\"#newsletter\">Tilmeld nu<\/a>\n<\/div>\n\n\n<dialog  id=\"newsletter\" class=\"dialog\" aria-hidden=\"true\">\n    <header class=\"dialog__header\">\n                    <h2 class=\"dialog__title\">\n                Abonner p\u00e5 Kinstas nyhedsbrev            <\/h2>\n            <\/header>\n\n    <div class=\"dialog__content\">\n        <div class=\"signup-modal\">\n    <kinsta-form show-name=\"false\" show-message=\"false\" submit-button-text=\"Abonner\" success-title=\"Tak, fordi du abonnerer!\" success-message=\"Hold \u00f8je med vores n\u00e6ste nummer.\" hubspot-source=\"subscribe_to_newsletter\" show-phone=\"false\" show-website=\"false\" show-company=\"true\" show-disk-space=\"false\" show-monthly-visits=\"false\" show-average-project-budget=\"false\" show-services-provided=\"false\" show-number-of-websites=\"false\" submit-button-text-loading=\"At abonnere\"><\/kinsta-form>\n<\/div>\n    <\/div>\n\n    <\/dialog>\n<\/div>\n","protected":false},"excerpt":{"rendered":"","protected":false},"author":115,"featured_media":0,"parent":0,"menu_order":0,"comment_status":"closed","ping_status":"closed","template":"","meta":{"_kinsta_gated_content":false,"_kinsta_gated_content_redirect":"","footnotes":""},"class_list":["post-40064","page","type-page","status-publish","hentry"],"yoast_head":"<!-- This site is optimized with the Yoast SEO Premium plugin v24.6 (Yoast SEO v24.6) - https:\/\/yoast.com\/wordpress\/plugins\/seo\/ -->\n<title>Cheat Sheets - Kinsta<\/title>\n<meta name=\"description\" content=\"Afpr\u00f8vede og sande tips fra Kinsta, designet til at turbolade din virksomhed, pakket p\u00e6nt ind i en PDF -fil, der kan downloades.\" \/>\n<meta name=\"robots\" content=\"index, follow, max-snippet:-1, max-image-preview:large, max-video-preview:-1\" \/>\n<link rel=\"canonical\" href=\"https:\/\/kinsta.com\/dk\/cheat-sheets\/\" \/>\n<meta property=\"og:locale\" content=\"da_DK\" \/>\n<meta property=\"og:type\" content=\"article\" \/>\n<meta property=\"og:title\" content=\"Cheat Sheets\" \/>\n<meta property=\"og:description\" content=\"Afpr\u00f8vede og sande tips fra Kinsta, designet til at turbolade din virksomhed, pakket p\u00e6nt ind i en PDF -fil, der kan downloades.\" \/>\n<meta property=\"og:url\" content=\"https:\/\/kinsta.com\/dk\/cheat-sheets\/\" \/>\n<meta property=\"og:site_name\" content=\"Kinsta\u00ae\" \/>\n<meta property=\"article:publisher\" content=\"https:\/\/www.facebook.com\/Kinsta-Danmark-122855885298660\/\" \/>\n<meta property=\"article:modified_time\" content=\"2021-08-11T09:34:18+00:00\" \/>\n<meta property=\"og:image\" content=\"https:\/\/kinsta.com\/dk\/wp-content\/uploads\/sites\/12\/2023\/12\/kinsta-homepage-dk.png\" \/>\n\t<meta property=\"og:image:width\" content=\"1200\" \/>\n\t<meta property=\"og:image:height\" content=\"628\" \/>\n\t<meta property=\"og:image:type\" content=\"image\/png\" \/>\n<meta name=\"twitter:card\" content=\"summary_large_image\" \/>\n<meta name=\"twitter:description\" content=\"Afpr\u00f8vede og sande tips fra Kinsta, designet til at turbolade din virksomhed, pakket p\u00e6nt ind i en PDF -fil, der kan downloades.\" \/>\n<meta name=\"twitter:image\" content=\"https:\/\/kinsta.com\/dk\/wp-content\/uploads\/sites\/12\/2023\/12\/kinsta-homepage-dk.png\" \/>\n<meta name=\"twitter:site\" content=\"@kinsta_dk\" \/>\n<script type=\"application\/ld+json\" class=\"yoast-schema-graph\">{\"@context\":\"https:\/\/schema.org\",\"@graph\":[{\"@type\":\"WebPage\",\"@id\":\"https:\/\/kinsta.com\/dk\/cheat-sheets\/\",\"url\":\"https:\/\/kinsta.com\/dk\/cheat-sheets\/\",\"name\":\"Cheat Sheets - Kinsta\",\"isPartOf\":{\"@id\":\"https:\/\/kinsta.com\/dk\/#website\"},\"datePublished\":\"2021-05-02T06:39:33+00:00\",\"dateModified\":\"2021-08-11T09:34:18+00:00\",\"description\":\"Afpr\u00f8vede og sande tips fra Kinsta, designet til at turbolade din virksomhed, pakket p\u00e6nt ind i en PDF -fil, der kan downloades.\",\"breadcrumb\":{\"@id\":\"https:\/\/kinsta.com\/dk\/cheat-sheets\/#breadcrumb\"},\"inLanguage\":\"da-DK\",\"potentialAction\":[{\"@type\":\"ReadAction\",\"target\":[\"https:\/\/kinsta.com\/dk\/cheat-sheets\/\"]}]},{\"@type\":\"BreadcrumbList\",\"@id\":\"https:\/\/kinsta.com\/dk\/cheat-sheets\/#breadcrumb\",\"itemListElement\":[{\"@type\":\"ListItem\",\"position\":1,\"name\":\"Home\",\"item\":\"https:\/\/kinsta.com\/dk\/\"},{\"@type\":\"ListItem\",\"position\":2,\"name\":\"Cheat Sheets\"}]},{\"@type\":\"WebSite\",\"@id\":\"https:\/\/kinsta.com\/dk\/#website\",\"url\":\"https:\/\/kinsta.com\/dk\/\",\"name\":\"Kinsta\u00ae\",\"description\":\"Hurtig, sikker, premium hostingl\u00f8sninger\",\"publisher\":{\"@id\":\"https:\/\/kinsta.com\/dk\/#organization\"},\"potentialAction\":[{\"@type\":\"SearchAction\",\"target\":{\"@type\":\"EntryPoint\",\"urlTemplate\":\"https:\/\/kinsta.com\/dk\/?s={search_term_string}\"},\"query-input\":{\"@type\":\"PropertyValueSpecification\",\"valueRequired\":true,\"valueName\":\"search_term_string\"}}],\"inLanguage\":\"da-DK\"},{\"@type\":\"Organization\",\"@id\":\"https:\/\/kinsta.com\/dk\/#organization\",\"name\":\"Kinsta\",\"url\":\"https:\/\/kinsta.com\/dk\/\",\"logo\":{\"@type\":\"ImageObject\",\"inLanguage\":\"da-DK\",\"@id\":\"https:\/\/kinsta.com\/dk\/#\/schema\/logo\/image\/\",\"url\":\"https:\/\/kinsta.com\/dk\/wp-content\/uploads\/sites\/12\/2023\/12\/kinsta-logo.jpeg\",\"contentUrl\":\"https:\/\/kinsta.com\/dk\/wp-content\/uploads\/sites\/12\/2023\/12\/kinsta-logo.jpeg\",\"width\":500,\"height\":500,\"caption\":\"Kinsta\"},\"image\":{\"@id\":\"https:\/\/kinsta.com\/dk\/#\/schema\/logo\/image\/\"},\"sameAs\":[\"https:\/\/www.facebook.com\/Kinsta-Danmark-122855885298660\/\",\"https:\/\/x.com\/kinsta_dk\",\"https:\/\/www.instagram.com\/kinstahosting\/\",\"https:\/\/www.linkedin.com\/company\/kinsta\/\",\"https:\/\/www.pinterest.com\/kinstahosting\/\",\"https:\/\/www.youtube.com\/c\/Kinsta\"]}]}<\/script>\n<!-- \/ Yoast SEO Premium plugin. -->","yoast_head_json":{"title":"Cheat Sheets - Kinsta","description":"Afpr\u00f8vede og sande tips fra Kinsta, designet til at turbolade din virksomhed, pakket p\u00e6nt ind i en PDF -fil, der kan downloades.","robots":{"index":"index","follow":"follow","max-snippet":"max-snippet:-1","max-image-preview":"max-image-preview:large","max-video-preview":"max-video-preview:-1"},"canonical":"https:\/\/kinsta.com\/dk\/cheat-sheets\/","og_locale":"da_DK","og_type":"article","og_title":"Cheat Sheets","og_description":"Afpr\u00f8vede og sande tips fra Kinsta, designet til at turbolade din virksomhed, pakket p\u00e6nt ind i en PDF -fil, der kan downloades.","og_url":"https:\/\/kinsta.com\/dk\/cheat-sheets\/","og_site_name":"Kinsta\u00ae","article_publisher":"https:\/\/www.facebook.com\/Kinsta-Danmark-122855885298660\/","article_modified_time":"2021-08-11T09:34:18+00:00","og_image":[{"width":1200,"height":628,"url":"https:\/\/kinsta.com\/dk\/wp-content\/uploads\/sites\/12\/2023\/12\/kinsta-homepage-dk.png","type":"image\/png"}],"twitter_card":"summary_large_image","twitter_description":"Afpr\u00f8vede og sande tips fra Kinsta, designet til at turbolade din virksomhed, pakket p\u00e6nt ind i en PDF -fil, der kan downloades.","twitter_image":"https:\/\/kinsta.com\/dk\/wp-content\/uploads\/sites\/12\/2023\/12\/kinsta-homepage-dk.png","twitter_site":"@kinsta_dk","schema":{"@context":"https:\/\/schema.org","@graph":[{"@type":"WebPage","@id":"https:\/\/kinsta.com\/dk\/cheat-sheets\/","url":"https:\/\/kinsta.com\/dk\/cheat-sheets\/","name":"Cheat Sheets - Kinsta","isPartOf":{"@id":"https:\/\/kinsta.com\/dk\/#website"},"datePublished":"2021-05-02T06:39:33+00:00","dateModified":"2021-08-11T09:34:18+00:00","description":"Afpr\u00f8vede og sande tips fra Kinsta, designet til at turbolade din virksomhed, pakket p\u00e6nt ind i en PDF -fil, der kan downloades.","breadcrumb":{"@id":"https:\/\/kinsta.com\/dk\/cheat-sheets\/#breadcrumb"},"inLanguage":"da-DK","potentialAction":[{"@type":"ReadAction","target":["https:\/\/kinsta.com\/dk\/cheat-sheets\/"]}]},{"@type":"BreadcrumbList","@id":"https:\/\/kinsta.com\/dk\/cheat-sheets\/#breadcrumb","itemListElement":[{"@type":"ListItem","position":1,"name":"Home","item":"https:\/\/kinsta.com\/dk\/"},{"@type":"ListItem","position":2,"name":"Cheat Sheets"}]},{"@type":"WebSite","@id":"https:\/\/kinsta.com\/dk\/#website","url":"https:\/\/kinsta.com\/dk\/","name":"Kinsta\u00ae","description":"Hurtig, sikker, premium hostingl\u00f8sninger","publisher":{"@id":"https:\/\/kinsta.com\/dk\/#organization"},"potentialAction":[{"@type":"SearchAction","target":{"@type":"EntryPoint","urlTemplate":"https:\/\/kinsta.com\/dk\/?s={search_term_string}"},"query-input":{"@type":"PropertyValueSpecification","valueRequired":true,"valueName":"search_term_string"}}],"inLanguage":"da-DK"},{"@type":"Organization","@id":"https:\/\/kinsta.com\/dk\/#organization","name":"Kinsta","url":"https:\/\/kinsta.com\/dk\/","logo":{"@type":"ImageObject","inLanguage":"da-DK","@id":"https:\/\/kinsta.com\/dk\/#\/schema\/logo\/image\/","url":"https:\/\/kinsta.com\/dk\/wp-content\/uploads\/sites\/12\/2023\/12\/kinsta-logo.jpeg","contentUrl":"https:\/\/kinsta.com\/dk\/wp-content\/uploads\/sites\/12\/2023\/12\/kinsta-logo.jpeg","width":500,"height":500,"caption":"Kinsta"},"image":{"@id":"https:\/\/kinsta.com\/dk\/#\/schema\/logo\/image\/"},"sameAs":["https:\/\/www.facebook.com\/Kinsta-Danmark-122855885298660\/","https:\/\/x.com\/kinsta_dk","https:\/\/www.instagram.com\/kinstahosting\/","https:\/\/www.linkedin.com\/company\/kinsta\/","https:\/\/www.pinterest.com\/kinstahosting\/","https:\/\/www.youtube.com\/c\/Kinsta"]}]}},"acf":[],"_links":{"self":[{"href":"https:\/\/kinsta.com\/dk\/wp-json\/wp\/v2\/pages\/40064","targetHints":{"allow":["GET"]}}],"collection":[{"href":"https:\/\/kinsta.com\/dk\/wp-json\/wp\/v2\/pages"}],"about":[{"href":"https:\/\/kinsta.com\/dk\/wp-json\/wp\/v2\/types\/page"}],"author":[{"embeddable":true,"href":"https:\/\/kinsta.com\/dk\/wp-json\/wp\/v2\/users\/115"}],"replies":[{"embeddable":true,"href":"https:\/\/kinsta.com\/dk\/wp-json\/wp\/v2\/comments?post=40064"}],"version-history":[{"count":7,"href":"https:\/\/kinsta.com\/dk\/wp-json\/wp\/v2\/pages\/40064\/revisions"}],"predecessor-version":[{"id":42294,"href":"https:\/\/kinsta.com\/dk\/wp-json\/wp\/v2\/pages\/40064\/revisions\/42294"}],"alternate":[{"embeddable":true,"hreflang":"en","title":"English","href":"https:\/\/kinsta.com\/dk\/wp-json\/kinsta\/v1\/posts\/40064\/translations\/en"},{"embeddable":true,"hreflang":"da","title":"Danish","href":"https:\/\/kinsta.com\/dk\/wp-json\/kinsta\/v1\/posts\/40064\/translations\/dk"},{"embeddable":true,"hreflang":"nl","title":"Dutch","href":"https:\/\/kinsta.com\/dk\/wp-json\/kinsta\/v1\/posts\/40064\/translations\/nl"},{"embeddable":true,"hreflang":"fr","title":"French","href":"https:\/\/kinsta.com\/dk\/wp-json\/kinsta\/v1\/posts\/40064\/translations\/fr"},{"embeddable":true,"hreflang":"de","title":"German","href":"https:\/\/kinsta.com\/dk\/wp-json\/kinsta\/v1\/posts\/40064\/translations\/de"},{"embeddable":true,"hreflang":"it","title":"Italian","href":"https:\/\/kinsta.com\/dk\/wp-json\/kinsta\/v1\/posts\/40064\/translations\/it"},{"embeddable":true,"hreflang":"ja","title":"Japanese","href":"https:\/\/kinsta.com\/dk\/wp-json\/kinsta\/v1\/posts\/40064\/translations\/jp"},{"embeddable":true,"hreflang":"pt","title":"Portuguese","href":"https:\/\/kinsta.com\/dk\/wp-json\/kinsta\/v1\/posts\/40064\/translations\/pt"},{"embeddable":true,"hreflang":"es","title":"Spanish","href":"https:\/\/kinsta.com\/dk\/wp-json\/kinsta\/v1\/posts\/40064\/translations\/es"},{"embeddable":true,"hreflang":"sv","title":"Swedish","href":"https:\/\/kinsta.com\/dk\/wp-json\/kinsta\/v1\/posts\/40064\/translations\/se"},{"href":"https:\/\/kinsta.com\/dk\/wp-json\/kinsta\/v1\/posts\/40064\/tree"}],"wp:attachment":[{"href":"https:\/\/kinsta.com\/dk\/wp-json\/wp\/v2\/media?parent=40064"}],"curies":[{"name":"wp","href":"https:\/\/api.w.org\/{rel}","templated":true}]}}