{"id":40066,"date":"2021-05-02T08:47:49","date_gmt":"2021-05-02T06:47:49","guid":{"rendered":"https:\/\/kinsta.com\/?page_id=91727"},"modified":"2024-03-18T22:46:30","modified_gmt":"2024-03-18T21:46:30","slug":"cheat-sheet-webstedshastighed","status":"publish","type":"page","link":"https:\/\/kinsta.com\/dk\/cheat-sheets\/cheat-sheet-webstedshastighed\/","title":{"rendered":"Cheat Sheet for webstedshastighed"},"content":{"rendered":"\n<header class=\"wp-block-kinsta-hero-title is-style-center-screenshot alignfull\"><div class=\"wp-block-kinsta-hero-title__inner\">\n<div class=\"wp-block-kinsta-columns is-vertical-center\">\n<div class=\"wp-block-kinsta-column wp-block-kinsta-columns__column\">\n<div class=\"wp-block-kinsta-hero-title-content wp-block-kinsta-hero-title__content\"><h1 class=\"wp-block-kinsta-hero-title__title\">Cheat Sheet for webstedshastighed<\/h1>\n<p>Et hurtigt websted er afg\u00f8rende for at f\u00e5 din virksomhed til at vokse. Det p\u00e5virker SEO, reducerer din bounce rate og maksimerer konverteringer. Ikke sikker p\u00e5, hvor du skal starte? Her er 5 ting, der vil have indflydelse p\u00e5 webstedets hastighed, som du kan se p\u00e5 lige nu.<\/p>\n\n\n\n<div class=\"wp-block-kinsta-buttons alignleft\">\n<a class=\"wp-block-kinsta-button has-turquoise-color\" href=\"#download\">Download gratis<\/a>\n\n\n<\/div>\n<\/div>\n<\/div>\n\n\n\n<div class=\"wp-block-kinsta-column wp-block-kinsta-columns__column\">\n<div class=\"wp-block-kinsta-hero-title-secondary wp-block-kinsta-hero-title__secondary\"><\/div>\n<\/div>\n<\/div>\n<\/div><\/header>\n\n\n<dialog  id=\"download\" class=\"dialog\" aria-hidden=\"true\">\n    <header class=\"dialog__header\">\n                    <h2 class=\"dialog__title\">\n                Download Cheatsheet            <\/h2>\n            <\/header>\n\n    <div class=\"dialog__content\">\n        <div class=\"signup-modal\">\n    <kinsta-form show-name=\"true\" show-message=\"false\" submit-button-text=\"F\u00e5 adgang nu\" success-title=\"Tak!\" success-message=\"Vi h\u00e5ber du nyder det!\" hubspot-source=\"site-speed-cheat-sheet\" show-phone=\"false\" show-website=\"false\" show-company=\"true\" show-disk-space=\"false\" show-monthly-visits=\"false\" show-average-project-budget=\"false\" show-services-provided=\"false\" show-number-of-websites=\"false\" submit-button-text-loading=\"Indsendelse af data\" success-redirect=\"https:\/\/kinsta.com\/dk\/wp-content\/uploads\/sites\/12\/2024\/03\/DK-site-speed-cheat-sheet.pdf\"><\/kinsta-form>\n<\/div>\n    <\/div>\n\n    <\/dialog>\n\n\n\n<div class=\"wp-block-kinsta-columns is-reverse is-vertical-center\">\n<div class=\"wp-block-kinsta-column wp-block-kinsta-columns__column\">\n<figure class=\"wp-block-image aligncenter size-large is-style-plain\"><img decoding=\"async\" src=\"https:\/\/kinsta.com\/wp-content\/uploads\/2021\/03\/ebook-speed.png\" alt class=\"wp-image-92423\"><\/figure>\n<\/div>\n\n\n\n<div class=\"wp-block-kinsta-column wp-block-kinsta-columns__column\">\n<h2 class=\"wp-block-heading\" id=\"h-du-kan-m-ske-ogs-lide-denne-e-bog\">Du kan m\u00e5ske ogs\u00e5 lide denne e-bog<\/h2>\n\n\n\n<p>Vi deler alt, hvad vi ved om, hvordan man fremskynder et WordPress-websted i denne gratis e-bog. Den indeholder 15 \u00e5rs erfaring, 200+ gennempr\u00f8vede tips og trin-for-trin instruktioner om, hvordan du s\u00e6tter dit websted op til hastighed.<\/p>\n\n\n\n<h3 class=\"wp-block-heading\" id=\"h-download-e-bogen-og-l-r\">Download e-bogen og l\u00e6r:<\/h3>\n\n\n\n<ul class=\"wp-block-list\">\n<li>Forskellige typer WordPress-sider<\/li>\n\n\n\n<li>Hvordan man v\u00e6lger og administrerer h\u00f8jtydende hosting<\/li>\n\n\n\n<li>Nedenst\u00e5ende p\u00e5 WordPress-temaer og plugins<\/li>\n\n\n\n<li>Finjustering af WordPress-indstillinger<\/li>\n\n\n\n<li>Fejlfinding af langsomhed<\/li>\n\n\n\n<li>Front-end og back-end optimering<\/li>\n\n\n\n<li>Og meget mere!<\/li>\n<\/ul>\n\n\n\n<div class=\"wp-block-kinsta-buttons\">\n<a class=\"wp-block-kinsta-button\" href=\"https:\/\/kinsta.com\/dk\/ebooks\/wordpress\/saadan-goer-du-dit-wordpress-sted\/\">Download e-bogen<\/a>\n<\/div>\n<\/div>\n<\/div>\n","protected":false},"excerpt":{"rendered":"","protected":false},"author":115,"featured_media":52022,"parent":40064,"menu_order":0,"comment_status":"closed","ping_status":"closed","template":"","meta":{"_kinsta_gated_content":false,"_kinsta_gated_content_redirect":"https:\/\/kinsta.com\/dk\/cheat-sheets\/","footnotes":""},"class_list":["post-40066","page","type-page","status-publish","has-post-thumbnail","hentry"],"yoast_head":"<!-- This site is optimized with the Yoast SEO Premium plugin v24.6 (Yoast SEO v24.6) - https:\/\/yoast.com\/wordpress\/plugins\/seo\/ -->\n<title>Cheat Sheet for webstedshastighed - Kinsta\u00ae<\/title>\n<meta name=\"description\" content=\"Webstedets hastighed er afg\u00f8rende for SEO og maksimering af konverteringer, men det er ikke altid klart, hvor man skal starte. Find de mest almindelige problemer for at forbedre webstedets hastighed.\" \/>\n<meta name=\"robots\" content=\"index, follow, max-snippet:-1, max-image-preview:large, max-video-preview:-1\" \/>\n<link rel=\"canonical\" href=\"https:\/\/kinsta.com\/dk\/cheat-sheets\/cheat-sheet-webstedshastighed\/\" \/>\n<meta property=\"og:locale\" content=\"da_DK\" \/>\n<meta property=\"og:type\" content=\"article\" \/>\n<meta property=\"og:title\" content=\"Cheat Sheet for webstedshastighed\" \/>\n<meta property=\"og:description\" content=\"Webstedets hastighed er afg\u00f8rende for SEO og maksimering af konverteringer, men det er ikke altid klart, hvor man skal starte. Find de mest almindelige problemer for at forbedre webstedets hastighed.\" \/>\n<meta property=\"og:url\" content=\"https:\/\/kinsta.com\/dk\/cheat-sheets\/cheat-sheet-webstedshastighed\/\" \/>\n<meta property=\"og:site_name\" content=\"Kinsta\u00ae\" \/>\n<meta property=\"article:publisher\" content=\"https:\/\/www.facebook.com\/Kinsta-Danmark-122855885298660\/\" \/>\n<meta property=\"article:modified_time\" content=\"2024-03-18T21:46:30+00:00\" \/>\n<meta property=\"og:image\" content=\"https:\/\/kinsta.com\/dk\/wp-content\/uploads\/sites\/12\/2023\/08\/Site-Speed-DK.jpg\" \/>\n\t<meta property=\"og:image:width\" content=\"1200\" \/>\n\t<meta property=\"og:image:height\" content=\"628\" \/>\n\t<meta property=\"og:image:type\" content=\"image\/jpeg\" \/>\n<meta name=\"twitter:card\" content=\"summary_large_image\" \/>\n<meta name=\"twitter:description\" content=\"Webstedets hastighed er afg\u00f8rende for SEO og maksimering af konverteringer, men det er ikke altid klart, hvor man skal starte. Find de mest almindelige problemer for at forbedre webstedets hastighed.\" \/>\n<meta name=\"twitter:image\" content=\"https:\/\/kinsta.com\/dk\/wp-content\/uploads\/sites\/12\/2023\/08\/Site-Speed-DK.jpg\" \/>\n<meta name=\"twitter:site\" content=\"@kinsta_dk\" \/>\n<meta name=\"twitter:label1\" content=\"Estimeret l\u00e6setid\" \/>\n\t<meta name=\"twitter:data1\" content=\"1 minut\" \/>\n<script type=\"application\/ld+json\" class=\"yoast-schema-graph\">{\"@context\":\"https:\/\/schema.org\",\"@graph\":[{\"@type\":\"WebPage\",\"@id\":\"https:\/\/kinsta.com\/dk\/cheat-sheets\/cheat-sheet-webstedshastighed\/\",\"url\":\"https:\/\/kinsta.com\/dk\/cheat-sheets\/cheat-sheet-webstedshastighed\/\",\"name\":\"Cheat Sheet for webstedshastighed - Kinsta\u00ae\",\"isPartOf\":{\"@id\":\"https:\/\/kinsta.com\/dk\/#website\"},\"primaryImageOfPage\":{\"@id\":\"https:\/\/kinsta.com\/dk\/cheat-sheets\/cheat-sheet-webstedshastighed\/#primaryimage\"},\"image\":{\"@id\":\"https:\/\/kinsta.com\/dk\/cheat-sheets\/cheat-sheet-webstedshastighed\/#primaryimage\"},\"thumbnailUrl\":\"https:\/\/kinsta.com\/dk\/wp-content\/uploads\/sites\/12\/2023\/08\/Site-Speed-DK.jpg\",\"datePublished\":\"2021-05-02T06:47:49+00:00\",\"dateModified\":\"2024-03-18T21:46:30+00:00\",\"description\":\"Webstedets hastighed er afg\u00f8rende for SEO og maksimering af konverteringer, men det er ikke altid klart, hvor man skal starte. Find de mest almindelige problemer for at forbedre webstedets hastighed.\",\"breadcrumb\":{\"@id\":\"https:\/\/kinsta.com\/dk\/cheat-sheets\/cheat-sheet-webstedshastighed\/#breadcrumb\"},\"inLanguage\":\"da-DK\",\"potentialAction\":[{\"@type\":\"ReadAction\",\"target\":[\"https:\/\/kinsta.com\/dk\/cheat-sheets\/cheat-sheet-webstedshastighed\/\"]}]},{\"@type\":\"ImageObject\",\"inLanguage\":\"da-DK\",\"@id\":\"https:\/\/kinsta.com\/dk\/cheat-sheets\/cheat-sheet-webstedshastighed\/#primaryimage\",\"url\":\"https:\/\/kinsta.com\/dk\/wp-content\/uploads\/sites\/12\/2023\/08\/Site-Speed-DK.jpg\",\"contentUrl\":\"https:\/\/kinsta.com\/dk\/wp-content\/uploads\/sites\/12\/2023\/08\/Site-Speed-DK.jpg\",\"width\":1200,\"height\":628},{\"@type\":\"BreadcrumbList\",\"@id\":\"https:\/\/kinsta.com\/dk\/cheat-sheets\/cheat-sheet-webstedshastighed\/#breadcrumb\",\"itemListElement\":[{\"@type\":\"ListItem\",\"position\":1,\"name\":\"Home\",\"item\":\"https:\/\/kinsta.com\/dk\/\"},{\"@type\":\"ListItem\",\"position\":2,\"name\":\"Cheat Sheets\",\"item\":\"https:\/\/kinsta.com\/dk\/cheat-sheets\/\"},{\"@type\":\"ListItem\",\"position\":3,\"name\":\"Cheat Sheet for webstedshastighed\"}]},{\"@type\":\"WebSite\",\"@id\":\"https:\/\/kinsta.com\/dk\/#website\",\"url\":\"https:\/\/kinsta.com\/dk\/\",\"name\":\"Kinsta\u00ae\",\"description\":\"Hurtig, sikker, premium hostingl\u00f8sninger\",\"publisher\":{\"@id\":\"https:\/\/kinsta.com\/dk\/#organization\"},\"potentialAction\":[{\"@type\":\"SearchAction\",\"target\":{\"@type\":\"EntryPoint\",\"urlTemplate\":\"https:\/\/kinsta.com\/dk\/?s={search_term_string}\"},\"query-input\":{\"@type\":\"PropertyValueSpecification\",\"valueRequired\":true,\"valueName\":\"search_term_string\"}}],\"inLanguage\":\"da-DK\"},{\"@type\":\"Organization\",\"@id\":\"https:\/\/kinsta.com\/dk\/#organization\",\"name\":\"Kinsta\",\"url\":\"https:\/\/kinsta.com\/dk\/\",\"logo\":{\"@type\":\"ImageObject\",\"inLanguage\":\"da-DK\",\"@id\":\"https:\/\/kinsta.com\/dk\/#\/schema\/logo\/image\/\",\"url\":\"https:\/\/kinsta.com\/dk\/wp-content\/uploads\/sites\/12\/2023\/12\/kinsta-logo.jpeg\",\"contentUrl\":\"https:\/\/kinsta.com\/dk\/wp-content\/uploads\/sites\/12\/2023\/12\/kinsta-logo.jpeg\",\"width\":500,\"height\":500,\"caption\":\"Kinsta\"},\"image\":{\"@id\":\"https:\/\/kinsta.com\/dk\/#\/schema\/logo\/image\/\"},\"sameAs\":[\"https:\/\/www.facebook.com\/Kinsta-Danmark-122855885298660\/\",\"https:\/\/x.com\/kinsta_dk\",\"https:\/\/www.instagram.com\/kinstahosting\/\",\"https:\/\/www.linkedin.com\/company\/kinsta\/\",\"https:\/\/www.pinterest.com\/kinstahosting\/\",\"https:\/\/www.youtube.com\/c\/Kinsta\"]}]}<\/script>\n<!-- \/ Yoast SEO Premium plugin. -->","yoast_head_json":{"title":"Cheat Sheet for webstedshastighed - Kinsta\u00ae","description":"Webstedets hastighed er afg\u00f8rende for SEO og maksimering af konverteringer, men det er ikke altid klart, hvor man skal starte. Find de mest almindelige problemer for at forbedre webstedets hastighed.","robots":{"index":"index","follow":"follow","max-snippet":"max-snippet:-1","max-image-preview":"max-image-preview:large","max-video-preview":"max-video-preview:-1"},"canonical":"https:\/\/kinsta.com\/dk\/cheat-sheets\/cheat-sheet-webstedshastighed\/","og_locale":"da_DK","og_type":"article","og_title":"Cheat Sheet for webstedshastighed","og_description":"Webstedets hastighed er afg\u00f8rende for SEO og maksimering af konverteringer, men det er ikke altid klart, hvor man skal starte. Find de mest almindelige problemer for at forbedre webstedets hastighed.","og_url":"https:\/\/kinsta.com\/dk\/cheat-sheets\/cheat-sheet-webstedshastighed\/","og_site_name":"Kinsta\u00ae","article_publisher":"https:\/\/www.facebook.com\/Kinsta-Danmark-122855885298660\/","article_modified_time":"2024-03-18T21:46:30+00:00","og_image":[{"width":1200,"height":628,"url":"https:\/\/kinsta.com\/dk\/wp-content\/uploads\/sites\/12\/2023\/08\/Site-Speed-DK.jpg","type":"image\/jpeg"}],"twitter_card":"summary_large_image","twitter_description":"Webstedets hastighed er afg\u00f8rende for SEO og maksimering af konverteringer, men det er ikke altid klart, hvor man skal starte. Find de mest almindelige problemer for at forbedre webstedets hastighed.","twitter_image":"https:\/\/kinsta.com\/dk\/wp-content\/uploads\/sites\/12\/2023\/08\/Site-Speed-DK.jpg","twitter_site":"@kinsta_dk","twitter_misc":{"Estimeret l\u00e6setid":"1 minut"},"schema":{"@context":"https:\/\/schema.org","@graph":[{"@type":"WebPage","@id":"https:\/\/kinsta.com\/dk\/cheat-sheets\/cheat-sheet-webstedshastighed\/","url":"https:\/\/kinsta.com\/dk\/cheat-sheets\/cheat-sheet-webstedshastighed\/","name":"Cheat Sheet for webstedshastighed - Kinsta\u00ae","isPartOf":{"@id":"https:\/\/kinsta.com\/dk\/#website"},"primaryImageOfPage":{"@id":"https:\/\/kinsta.com\/dk\/cheat-sheets\/cheat-sheet-webstedshastighed\/#primaryimage"},"image":{"@id":"https:\/\/kinsta.com\/dk\/cheat-sheets\/cheat-sheet-webstedshastighed\/#primaryimage"},"thumbnailUrl":"https:\/\/kinsta.com\/dk\/wp-content\/uploads\/sites\/12\/2023\/08\/Site-Speed-DK.jpg","datePublished":"2021-05-02T06:47:49+00:00","dateModified":"2024-03-18T21:46:30+00:00","description":"Webstedets hastighed er afg\u00f8rende for SEO og maksimering af konverteringer, men det er ikke altid klart, hvor man skal starte. Find de mest almindelige problemer for at forbedre webstedets hastighed.","breadcrumb":{"@id":"https:\/\/kinsta.com\/dk\/cheat-sheets\/cheat-sheet-webstedshastighed\/#breadcrumb"},"inLanguage":"da-DK","potentialAction":[{"@type":"ReadAction","target":["https:\/\/kinsta.com\/dk\/cheat-sheets\/cheat-sheet-webstedshastighed\/"]}]},{"@type":"ImageObject","inLanguage":"da-DK","@id":"https:\/\/kinsta.com\/dk\/cheat-sheets\/cheat-sheet-webstedshastighed\/#primaryimage","url":"https:\/\/kinsta.com\/dk\/wp-content\/uploads\/sites\/12\/2023\/08\/Site-Speed-DK.jpg","contentUrl":"https:\/\/kinsta.com\/dk\/wp-content\/uploads\/sites\/12\/2023\/08\/Site-Speed-DK.jpg","width":1200,"height":628},{"@type":"BreadcrumbList","@id":"https:\/\/kinsta.com\/dk\/cheat-sheets\/cheat-sheet-webstedshastighed\/#breadcrumb","itemListElement":[{"@type":"ListItem","position":1,"name":"Home","item":"https:\/\/kinsta.com\/dk\/"},{"@type":"ListItem","position":2,"name":"Cheat Sheets","item":"https:\/\/kinsta.com\/dk\/cheat-sheets\/"},{"@type":"ListItem","position":3,"name":"Cheat Sheet for webstedshastighed"}]},{"@type":"WebSite","@id":"https:\/\/kinsta.com\/dk\/#website","url":"https:\/\/kinsta.com\/dk\/","name":"Kinsta\u00ae","description":"Hurtig, sikker, premium hostingl\u00f8sninger","publisher":{"@id":"https:\/\/kinsta.com\/dk\/#organization"},"potentialAction":[{"@type":"SearchAction","target":{"@type":"EntryPoint","urlTemplate":"https:\/\/kinsta.com\/dk\/?s={search_term_string}"},"query-input":{"@type":"PropertyValueSpecification","valueRequired":true,"valueName":"search_term_string"}}],"inLanguage":"da-DK"},{"@type":"Organization","@id":"https:\/\/kinsta.com\/dk\/#organization","name":"Kinsta","url":"https:\/\/kinsta.com\/dk\/","logo":{"@type":"ImageObject","inLanguage":"da-DK","@id":"https:\/\/kinsta.com\/dk\/#\/schema\/logo\/image\/","url":"https:\/\/kinsta.com\/dk\/wp-content\/uploads\/sites\/12\/2023\/12\/kinsta-logo.jpeg","contentUrl":"https:\/\/kinsta.com\/dk\/wp-content\/uploads\/sites\/12\/2023\/12\/kinsta-logo.jpeg","width":500,"height":500,"caption":"Kinsta"},"image":{"@id":"https:\/\/kinsta.com\/dk\/#\/schema\/logo\/image\/"},"sameAs":["https:\/\/www.facebook.com\/Kinsta-Danmark-122855885298660\/","https:\/\/x.com\/kinsta_dk","https:\/\/www.instagram.com\/kinstahosting\/","https:\/\/www.linkedin.com\/company\/kinsta\/","https:\/\/www.pinterest.com\/kinstahosting\/","https:\/\/www.youtube.com\/c\/Kinsta"]}]}},"acf":[],"_links":{"self":[{"href":"https:\/\/kinsta.com\/dk\/wp-json\/wp\/v2\/pages\/40066","targetHints":{"allow":["GET"]}}],"collection":[{"href":"https:\/\/kinsta.com\/dk\/wp-json\/wp\/v2\/pages"}],"about":[{"href":"https:\/\/kinsta.com\/dk\/wp-json\/wp\/v2\/types\/page"}],"author":[{"embeddable":true,"href":"https:\/\/kinsta.com\/dk\/wp-json\/wp\/v2\/users\/115"}],"replies":[{"embeddable":true,"href":"https:\/\/kinsta.com\/dk\/wp-json\/wp\/v2\/comments?post=40066"}],"version-history":[{"count":14,"href":"https:\/\/kinsta.com\/dk\/wp-json\/wp\/v2\/pages\/40066\/revisions"}],"predecessor-version":[{"id":53740,"href":"https:\/\/kinsta.com\/dk\/wp-json\/wp\/v2\/pages\/40066\/revisions\/53740"}],"up":[{"embeddable":true,"href":"https:\/\/kinsta.com\/dk\/wp-json\/wp\/v2\/pages\/40064"}],"alternate":[{"embeddable":true,"hreflang":"en","title":"English","href":"https:\/\/kinsta.com\/dk\/wp-json\/kinsta\/v1\/posts\/40066\/translations\/en"},{"embeddable":true,"hreflang":"da","title":"Danish","href":"https:\/\/kinsta.com\/dk\/wp-json\/kinsta\/v1\/posts\/40066\/translations\/dk"},{"embeddable":true,"hreflang":"nl","title":"Dutch","href":"https:\/\/kinsta.com\/dk\/wp-json\/kinsta\/v1\/posts\/40066\/translations\/nl"},{"embeddable":true,"hreflang":"fr","title":"French","href":"https:\/\/kinsta.com\/dk\/wp-json\/kinsta\/v1\/posts\/40066\/translations\/fr"},{"embeddable":true,"hreflang":"de","title":"German","href":"https:\/\/kinsta.com\/dk\/wp-json\/kinsta\/v1\/posts\/40066\/translations\/de"},{"embeddable":true,"hreflang":"it","title":"Italian","href":"https:\/\/kinsta.com\/dk\/wp-json\/kinsta\/v1\/posts\/40066\/translations\/it"},{"embeddable":true,"hreflang":"ja","title":"Japanese","href":"https:\/\/kinsta.com\/dk\/wp-json\/kinsta\/v1\/posts\/40066\/translations\/jp"},{"embeddable":true,"hreflang":"pt","title":"Portuguese","href":"https:\/\/kinsta.com\/dk\/wp-json\/kinsta\/v1\/posts\/40066\/translations\/pt"},{"embeddable":true,"hreflang":"es","title":"Spanish","href":"https:\/\/kinsta.com\/dk\/wp-json\/kinsta\/v1\/posts\/40066\/translations\/es"},{"embeddable":true,"hreflang":"sv","title":"Swedish","href":"https:\/\/kinsta.com\/dk\/wp-json\/kinsta\/v1\/posts\/40066\/translations\/se"},{"href":"https:\/\/kinsta.com\/dk\/wp-json\/kinsta\/v1\/posts\/40066\/tree"}],"wp:featuredmedia":[{"embeddable":true,"href":"https:\/\/kinsta.com\/dk\/wp-json\/wp\/v2\/media\/52022"}],"wp:attachment":[{"href":"https:\/\/kinsta.com\/dk\/wp-json\/wp\/v2\/media?parent=40066"}],"curies":[{"name":"wp","href":"https:\/\/api.w.org\/{rel}","templated":true}]}}