{"id":40071,"date":"2021-05-02T09:32:59","date_gmt":"2021-05-02T07:32:59","guid":{"rendered":"https:\/\/kinsta.com\/?page_id=92464"},"modified":"2024-03-18T22:54:04","modified_gmt":"2024-03-18T21:54:04","slug":"webside-sikkerheds-cheat-sheat","status":"publish","type":"page","link":"https:\/\/kinsta.com\/dk\/cheat-sheets\/webside-sikkerheds-cheat-sheat\/","title":{"rendered":"Cheat Sheet for Websteds Sikkerhed"},"content":{"rendered":"\n<header class=\"wp-block-kinsta-hero-title is-style-center-screenshot alignfull\"><div class=\"wp-block-kinsta-hero-title__inner\">\n<div class=\"wp-block-kinsta-columns is-vertical-center\">\n<div class=\"wp-block-kinsta-column wp-block-kinsta-columns__column\">\n<div class=\"wp-block-kinsta-hero-title-content wp-block-kinsta-hero-title__content\"><h1 class=\"wp-block-kinsta-hero-title__title\">Cheat Sheet for Websteds Sikkerhed<\/h1>\n<p>Kom i gang med at beskytte dit brands omd\u00f8mme og reducer risikoen for sikkerhedsbrud med disse 5 effektive m\u00e5der at h\u00e6rde dit websted og din datasikkerhed p\u00e5.<\/p>\n\n\n\n<div class=\"wp-block-kinsta-buttons alignleft\">\n<a class=\"wp-block-kinsta-button has-turquoise-color\" href=\"#download\">Download gratis<\/a>\n\n\n<\/div>\n<\/div>\n<\/div>\n\n\n\n<div class=\"wp-block-kinsta-column wp-block-kinsta-columns__column\">\n<div class=\"wp-block-kinsta-hero-title-secondary wp-block-kinsta-hero-title__secondary\"><\/div>\n<\/div>\n<\/div>\n<\/div><\/header>\n\n\n<dialog  id=\"download\" class=\"dialog\" aria-hidden=\"true\">\n    <header class=\"dialog__header\">\n                    <h2 class=\"dialog__title\">\n                Download Cheatsheet            <\/h2>\n            <\/header>\n\n    <div class=\"dialog__content\">\n        <div class=\"signup-modal\">\n    <kinsta-form show-name=\"true\" show-message=\"false\" submit-button-text=\"Download\" success-title=\"Tak!\" success-message=\"Vi h\u00e5ber du nyder det!\" hubspot-source=\"site-security-cheat-sheet\" show-phone=\"false\" show-website=\"false\" show-company=\"true\" show-disk-space=\"false\" show-monthly-visits=\"false\" show-average-project-budget=\"false\" show-services-provided=\"false\" show-number-of-websites=\"false\" submit-button-text-loading=\"Download Starter\" success-redirect=\"https:\/\/kinsta.com\/dk\/wp-content\/uploads\/sites\/12\/2024\/03\/DK-site-security-cheat-sheet.pdf\"><\/kinsta-form>\n<\/div>\n    <\/div>\n\n    <\/dialog>\n\n\n\n<div class=\"wp-block-kinsta-columns is-vertical-center\">\n<div class=\"wp-block-kinsta-column wp-block-kinsta-columns__column\">\n<h2 class=\"wp-block-heading\" id=\"h-s-dan-ger-du-din-sikkerhed-et-skridt-videre\">S\u00e5dan \u00f8ger du din sikkerhed et skridt videre<\/h2>\n\n\n\n<p>T\u00e6nk p\u00e5 vores <strong>Cheat Sheet for Websteds Sikkerhed<\/strong> som traileren til vores spillefilm, eller i dette tilf\u00e6lde gratis e-bog. <a href=\"https:\/\/kinsta.com\/dk\/ebooks\/wordpress\/hvordan-man-sikrer-et-wordpress-site\/\"><strong>Den ultimative guide til sikring af klientwebsteder<\/strong><\/a> d\u00e6kker 11 yderligere anbefalinger, du kan implementere for at reducere sandsynligheden for et hack eller sikkerhedsbrud.<\/p>\n\n\n\n<h3 class=\"wp-block-heading\" id=\"h-hvad-du-vil-l-re\">Hvad du vil l\u00e6re:<\/h3>\n\n\n\n<ul class=\"wp-block-list\">\n<li>Komplekse brugernavne og passwords<\/li>\n\n\n\n<li>Brug af HTTPS til krypterede forbindelser, selv for ikke-e-handelswebsteder<\/li>\n\n\n\n<li>Deaktiverer XML-RPC<\/li>\n\n\n\n<li>Tilf\u00f8jelse af de seneste HTTP-sikkerheds headers<\/li>\n\n\n\n<li>Sikkerhedsplugins<\/li>\n<\/ul>\n\n\n\n<div class=\"wp-block-kinsta-buttons\">\n<a class=\"wp-block-kinsta-button\" href=\"https:\/\/kinsta.com\/dk\/ebooks\/wordpress\/hvordan-man-sikrer-et-wordpress-site\/\">Download e-bogen<\/a>\n<\/div>\n<\/div>\n\n\n\n<div class=\"wp-block-kinsta-column wp-block-kinsta-columns__column\">\n<figure class=\"wp-block-image aligncenter size-large is-style-plain\"><a href=\"https:\/\/kinsta.com\/wp-content\/uploads\/2021\/04\/EBOOK-securing-client-sites.png\"><img decoding=\"async\" src=\"https:\/\/kinsta.com\/wp-content\/uploads\/2021\/04\/EBOOK-securing-client-sites.png\" alt class=\"wp-image-93936\"><\/a><\/figure>\n<\/div>\n<\/div>\n","protected":false},"excerpt":{"rendered":"","protected":false},"author":155,"featured_media":52020,"parent":40064,"menu_order":0,"comment_status":"closed","ping_status":"closed","template":"","meta":{"_kinsta_gated_content":false,"_kinsta_gated_content_redirect":"\/cheatsheets\/","footnotes":""},"class_list":["post-40071","page","type-page","status-publish","has-post-thumbnail","hentry"],"yoast_head":"<!-- This site is optimized with the Yoast SEO Premium plugin v24.6 (Yoast SEO v24.6) - https:\/\/yoast.com\/wordpress\/plugins\/seo\/ -->\n<title>Cheat Sheet for Websteds Sikkerhed - Kinsta\u00ae<\/title>\n<meta name=\"description\" content=\"Beskyt dit brands omd\u00f8mme og reducer risikoen for sikkerhedsbrud med disse 5 effektive m\u00e5der at h\u00e6rde dit websted og din datasikkerhed p\u00e5.\" \/>\n<meta name=\"robots\" content=\"index, follow, max-snippet:-1, max-image-preview:large, max-video-preview:-1\" \/>\n<link rel=\"canonical\" href=\"https:\/\/kinsta.com\/dk\/cheat-sheets\/webside-sikkerheds-cheat-sheat\/\" \/>\n<meta property=\"og:locale\" content=\"da_DK\" \/>\n<meta property=\"og:type\" content=\"article\" \/>\n<meta property=\"og:title\" content=\"Cheat Sheet for Websteds Sikkerhed\" \/>\n<meta property=\"og:description\" content=\"Beskyt dit brands omd\u00f8mme og reducer risikoen for sikkerhedsbrud med disse 5 effektive m\u00e5der at h\u00e6rde dit websted og din datasikkerhed p\u00e5.\" \/>\n<meta property=\"og:url\" content=\"https:\/\/kinsta.com\/dk\/cheat-sheets\/webside-sikkerheds-cheat-sheat\/\" \/>\n<meta property=\"og:site_name\" content=\"Kinsta\u00ae\" \/>\n<meta property=\"article:publisher\" content=\"https:\/\/www.facebook.com\/Kinsta-Danmark-122855885298660\/\" \/>\n<meta property=\"article:modified_time\" content=\"2024-03-18T21:54:04+00:00\" \/>\n<meta property=\"og:image\" content=\"https:\/\/kinsta.com\/dk\/wp-content\/uploads\/sites\/12\/2023\/08\/Site-Security-DK.jpg\" \/>\n\t<meta property=\"og:image:width\" content=\"1200\" \/>\n\t<meta property=\"og:image:height\" content=\"628\" \/>\n\t<meta property=\"og:image:type\" content=\"image\/jpeg\" \/>\n<meta name=\"twitter:card\" content=\"summary_large_image\" \/>\n<meta name=\"twitter:description\" content=\"Beskyt dit brands omd\u00f8mme og reducer risikoen for sikkerhedsbrud med disse 5 effektive m\u00e5der at h\u00e6rde dit websted og din datasikkerhed p\u00e5.\" \/>\n<meta name=\"twitter:image\" content=\"https:\/\/kinsta.com\/dk\/wp-content\/uploads\/sites\/12\/2023\/08\/Site-Security-DK.jpg\" \/>\n<meta name=\"twitter:site\" content=\"@kinsta_dk\" \/>\n<meta name=\"twitter:label1\" content=\"Estimeret l\u00e6setid\" \/>\n\t<meta name=\"twitter:data1\" content=\"1 minut\" \/>\n<script type=\"application\/ld+json\" class=\"yoast-schema-graph\">{\"@context\":\"https:\/\/schema.org\",\"@graph\":[{\"@type\":\"WebPage\",\"@id\":\"https:\/\/kinsta.com\/dk\/cheat-sheets\/webside-sikkerheds-cheat-sheat\/\",\"url\":\"https:\/\/kinsta.com\/dk\/cheat-sheets\/webside-sikkerheds-cheat-sheat\/\",\"name\":\"Cheat Sheet for Websteds Sikkerhed - Kinsta\u00ae\",\"isPartOf\":{\"@id\":\"https:\/\/kinsta.com\/dk\/#website\"},\"primaryImageOfPage\":{\"@id\":\"https:\/\/kinsta.com\/dk\/cheat-sheets\/webside-sikkerheds-cheat-sheat\/#primaryimage\"},\"image\":{\"@id\":\"https:\/\/kinsta.com\/dk\/cheat-sheets\/webside-sikkerheds-cheat-sheat\/#primaryimage\"},\"thumbnailUrl\":\"https:\/\/kinsta.com\/dk\/wp-content\/uploads\/sites\/12\/2023\/08\/Site-Security-DK.jpg\",\"datePublished\":\"2021-05-02T07:32:59+00:00\",\"dateModified\":\"2024-03-18T21:54:04+00:00\",\"description\":\"Beskyt dit brands omd\u00f8mme og reducer risikoen for sikkerhedsbrud med disse 5 effektive m\u00e5der at h\u00e6rde dit websted og din datasikkerhed p\u00e5.\",\"breadcrumb\":{\"@id\":\"https:\/\/kinsta.com\/dk\/cheat-sheets\/webside-sikkerheds-cheat-sheat\/#breadcrumb\"},\"inLanguage\":\"da-DK\",\"potentialAction\":[{\"@type\":\"ReadAction\",\"target\":[\"https:\/\/kinsta.com\/dk\/cheat-sheets\/webside-sikkerheds-cheat-sheat\/\"]}]},{\"@type\":\"ImageObject\",\"inLanguage\":\"da-DK\",\"@id\":\"https:\/\/kinsta.com\/dk\/cheat-sheets\/webside-sikkerheds-cheat-sheat\/#primaryimage\",\"url\":\"https:\/\/kinsta.com\/dk\/wp-content\/uploads\/sites\/12\/2023\/08\/Site-Security-DK.jpg\",\"contentUrl\":\"https:\/\/kinsta.com\/dk\/wp-content\/uploads\/sites\/12\/2023\/08\/Site-Security-DK.jpg\",\"width\":1200,\"height\":628},{\"@type\":\"BreadcrumbList\",\"@id\":\"https:\/\/kinsta.com\/dk\/cheat-sheets\/webside-sikkerheds-cheat-sheat\/#breadcrumb\",\"itemListElement\":[{\"@type\":\"ListItem\",\"position\":1,\"name\":\"Home\",\"item\":\"https:\/\/kinsta.com\/dk\/\"},{\"@type\":\"ListItem\",\"position\":2,\"name\":\"Cheat Sheets\",\"item\":\"https:\/\/kinsta.com\/dk\/cheat-sheets\/\"},{\"@type\":\"ListItem\",\"position\":3,\"name\":\"Cheat Sheet for Websteds Sikkerhed\"}]},{\"@type\":\"WebSite\",\"@id\":\"https:\/\/kinsta.com\/dk\/#website\",\"url\":\"https:\/\/kinsta.com\/dk\/\",\"name\":\"Kinsta\u00ae\",\"description\":\"Hurtig, sikker, premium hostingl\u00f8sninger\",\"publisher\":{\"@id\":\"https:\/\/kinsta.com\/dk\/#organization\"},\"potentialAction\":[{\"@type\":\"SearchAction\",\"target\":{\"@type\":\"EntryPoint\",\"urlTemplate\":\"https:\/\/kinsta.com\/dk\/?s={search_term_string}\"},\"query-input\":{\"@type\":\"PropertyValueSpecification\",\"valueRequired\":true,\"valueName\":\"search_term_string\"}}],\"inLanguage\":\"da-DK\"},{\"@type\":\"Organization\",\"@id\":\"https:\/\/kinsta.com\/dk\/#organization\",\"name\":\"Kinsta\",\"url\":\"https:\/\/kinsta.com\/dk\/\",\"logo\":{\"@type\":\"ImageObject\",\"inLanguage\":\"da-DK\",\"@id\":\"https:\/\/kinsta.com\/dk\/#\/schema\/logo\/image\/\",\"url\":\"https:\/\/kinsta.com\/dk\/wp-content\/uploads\/sites\/12\/2023\/12\/kinsta-logo.jpeg\",\"contentUrl\":\"https:\/\/kinsta.com\/dk\/wp-content\/uploads\/sites\/12\/2023\/12\/kinsta-logo.jpeg\",\"width\":500,\"height\":500,\"caption\":\"Kinsta\"},\"image\":{\"@id\":\"https:\/\/kinsta.com\/dk\/#\/schema\/logo\/image\/\"},\"sameAs\":[\"https:\/\/www.facebook.com\/Kinsta-Danmark-122855885298660\/\",\"https:\/\/x.com\/kinsta_dk\",\"https:\/\/www.instagram.com\/kinstahosting\/\",\"https:\/\/www.linkedin.com\/company\/kinsta\/\",\"https:\/\/www.pinterest.com\/kinstahosting\/\",\"https:\/\/www.youtube.com\/c\/Kinsta\"]}]}<\/script>\n<!-- \/ Yoast SEO Premium plugin. -->","yoast_head_json":{"title":"Cheat Sheet for Websteds Sikkerhed - Kinsta\u00ae","description":"Beskyt dit brands omd\u00f8mme og reducer risikoen for sikkerhedsbrud med disse 5 effektive m\u00e5der at h\u00e6rde dit websted og din datasikkerhed p\u00e5.","robots":{"index":"index","follow":"follow","max-snippet":"max-snippet:-1","max-image-preview":"max-image-preview:large","max-video-preview":"max-video-preview:-1"},"canonical":"https:\/\/kinsta.com\/dk\/cheat-sheets\/webside-sikkerheds-cheat-sheat\/","og_locale":"da_DK","og_type":"article","og_title":"Cheat Sheet for Websteds Sikkerhed","og_description":"Beskyt dit brands omd\u00f8mme og reducer risikoen for sikkerhedsbrud med disse 5 effektive m\u00e5der at h\u00e6rde dit websted og din datasikkerhed p\u00e5.","og_url":"https:\/\/kinsta.com\/dk\/cheat-sheets\/webside-sikkerheds-cheat-sheat\/","og_site_name":"Kinsta\u00ae","article_publisher":"https:\/\/www.facebook.com\/Kinsta-Danmark-122855885298660\/","article_modified_time":"2024-03-18T21:54:04+00:00","og_image":[{"width":1200,"height":628,"url":"https:\/\/kinsta.com\/dk\/wp-content\/uploads\/sites\/12\/2023\/08\/Site-Security-DK.jpg","type":"image\/jpeg"}],"twitter_card":"summary_large_image","twitter_description":"Beskyt dit brands omd\u00f8mme og reducer risikoen for sikkerhedsbrud med disse 5 effektive m\u00e5der at h\u00e6rde dit websted og din datasikkerhed p\u00e5.","twitter_image":"https:\/\/kinsta.com\/dk\/wp-content\/uploads\/sites\/12\/2023\/08\/Site-Security-DK.jpg","twitter_site":"@kinsta_dk","twitter_misc":{"Estimeret l\u00e6setid":"1 minut"},"schema":{"@context":"https:\/\/schema.org","@graph":[{"@type":"WebPage","@id":"https:\/\/kinsta.com\/dk\/cheat-sheets\/webside-sikkerheds-cheat-sheat\/","url":"https:\/\/kinsta.com\/dk\/cheat-sheets\/webside-sikkerheds-cheat-sheat\/","name":"Cheat Sheet for Websteds Sikkerhed - Kinsta\u00ae","isPartOf":{"@id":"https:\/\/kinsta.com\/dk\/#website"},"primaryImageOfPage":{"@id":"https:\/\/kinsta.com\/dk\/cheat-sheets\/webside-sikkerheds-cheat-sheat\/#primaryimage"},"image":{"@id":"https:\/\/kinsta.com\/dk\/cheat-sheets\/webside-sikkerheds-cheat-sheat\/#primaryimage"},"thumbnailUrl":"https:\/\/kinsta.com\/dk\/wp-content\/uploads\/sites\/12\/2023\/08\/Site-Security-DK.jpg","datePublished":"2021-05-02T07:32:59+00:00","dateModified":"2024-03-18T21:54:04+00:00","description":"Beskyt dit brands omd\u00f8mme og reducer risikoen for sikkerhedsbrud med disse 5 effektive m\u00e5der at h\u00e6rde dit websted og din datasikkerhed p\u00e5.","breadcrumb":{"@id":"https:\/\/kinsta.com\/dk\/cheat-sheets\/webside-sikkerheds-cheat-sheat\/#breadcrumb"},"inLanguage":"da-DK","potentialAction":[{"@type":"ReadAction","target":["https:\/\/kinsta.com\/dk\/cheat-sheets\/webside-sikkerheds-cheat-sheat\/"]}]},{"@type":"ImageObject","inLanguage":"da-DK","@id":"https:\/\/kinsta.com\/dk\/cheat-sheets\/webside-sikkerheds-cheat-sheat\/#primaryimage","url":"https:\/\/kinsta.com\/dk\/wp-content\/uploads\/sites\/12\/2023\/08\/Site-Security-DK.jpg","contentUrl":"https:\/\/kinsta.com\/dk\/wp-content\/uploads\/sites\/12\/2023\/08\/Site-Security-DK.jpg","width":1200,"height":628},{"@type":"BreadcrumbList","@id":"https:\/\/kinsta.com\/dk\/cheat-sheets\/webside-sikkerheds-cheat-sheat\/#breadcrumb","itemListElement":[{"@type":"ListItem","position":1,"name":"Home","item":"https:\/\/kinsta.com\/dk\/"},{"@type":"ListItem","position":2,"name":"Cheat Sheets","item":"https:\/\/kinsta.com\/dk\/cheat-sheets\/"},{"@type":"ListItem","position":3,"name":"Cheat Sheet for Websteds Sikkerhed"}]},{"@type":"WebSite","@id":"https:\/\/kinsta.com\/dk\/#website","url":"https:\/\/kinsta.com\/dk\/","name":"Kinsta\u00ae","description":"Hurtig, sikker, premium hostingl\u00f8sninger","publisher":{"@id":"https:\/\/kinsta.com\/dk\/#organization"},"potentialAction":[{"@type":"SearchAction","target":{"@type":"EntryPoint","urlTemplate":"https:\/\/kinsta.com\/dk\/?s={search_term_string}"},"query-input":{"@type":"PropertyValueSpecification","valueRequired":true,"valueName":"search_term_string"}}],"inLanguage":"da-DK"},{"@type":"Organization","@id":"https:\/\/kinsta.com\/dk\/#organization","name":"Kinsta","url":"https:\/\/kinsta.com\/dk\/","logo":{"@type":"ImageObject","inLanguage":"da-DK","@id":"https:\/\/kinsta.com\/dk\/#\/schema\/logo\/image\/","url":"https:\/\/kinsta.com\/dk\/wp-content\/uploads\/sites\/12\/2023\/12\/kinsta-logo.jpeg","contentUrl":"https:\/\/kinsta.com\/dk\/wp-content\/uploads\/sites\/12\/2023\/12\/kinsta-logo.jpeg","width":500,"height":500,"caption":"Kinsta"},"image":{"@id":"https:\/\/kinsta.com\/dk\/#\/schema\/logo\/image\/"},"sameAs":["https:\/\/www.facebook.com\/Kinsta-Danmark-122855885298660\/","https:\/\/x.com\/kinsta_dk","https:\/\/www.instagram.com\/kinstahosting\/","https:\/\/www.linkedin.com\/company\/kinsta\/","https:\/\/www.pinterest.com\/kinstahosting\/","https:\/\/www.youtube.com\/c\/Kinsta"]}]}},"acf":[],"_links":{"self":[{"href":"https:\/\/kinsta.com\/dk\/wp-json\/wp\/v2\/pages\/40071","targetHints":{"allow":["GET"]}}],"collection":[{"href":"https:\/\/kinsta.com\/dk\/wp-json\/wp\/v2\/pages"}],"about":[{"href":"https:\/\/kinsta.com\/dk\/wp-json\/wp\/v2\/types\/page"}],"author":[{"embeddable":true,"href":"https:\/\/kinsta.com\/dk\/wp-json\/wp\/v2\/users\/155"}],"replies":[{"embeddable":true,"href":"https:\/\/kinsta.com\/dk\/wp-json\/wp\/v2\/comments?post=40071"}],"version-history":[{"count":14,"href":"https:\/\/kinsta.com\/dk\/wp-json\/wp\/v2\/pages\/40071\/revisions"}],"predecessor-version":[{"id":53742,"href":"https:\/\/kinsta.com\/dk\/wp-json\/wp\/v2\/pages\/40071\/revisions\/53742"}],"up":[{"embeddable":true,"href":"https:\/\/kinsta.com\/dk\/wp-json\/wp\/v2\/pages\/40064"}],"alternate":[{"embeddable":true,"hreflang":"en","title":"English","href":"https:\/\/kinsta.com\/dk\/wp-json\/kinsta\/v1\/posts\/40071\/translations\/en"},{"embeddable":true,"hreflang":"da","title":"Danish","href":"https:\/\/kinsta.com\/dk\/wp-json\/kinsta\/v1\/posts\/40071\/translations\/dk"},{"embeddable":true,"hreflang":"nl","title":"Dutch","href":"https:\/\/kinsta.com\/dk\/wp-json\/kinsta\/v1\/posts\/40071\/translations\/nl"},{"embeddable":true,"hreflang":"fr","title":"French","href":"https:\/\/kinsta.com\/dk\/wp-json\/kinsta\/v1\/posts\/40071\/translations\/fr"},{"embeddable":true,"hreflang":"de","title":"German","href":"https:\/\/kinsta.com\/dk\/wp-json\/kinsta\/v1\/posts\/40071\/translations\/de"},{"embeddable":true,"hreflang":"it","title":"Italian","href":"https:\/\/kinsta.com\/dk\/wp-json\/kinsta\/v1\/posts\/40071\/translations\/it"},{"embeddable":true,"hreflang":"ja","title":"Japanese","href":"https:\/\/kinsta.com\/dk\/wp-json\/kinsta\/v1\/posts\/40071\/translations\/jp"},{"embeddable":true,"hreflang":"pt","title":"Portuguese","href":"https:\/\/kinsta.com\/dk\/wp-json\/kinsta\/v1\/posts\/40071\/translations\/pt"},{"embeddable":true,"hreflang":"es","title":"Spanish","href":"https:\/\/kinsta.com\/dk\/wp-json\/kinsta\/v1\/posts\/40071\/translations\/es"},{"embeddable":true,"hreflang":"sv","title":"Swedish","href":"https:\/\/kinsta.com\/dk\/wp-json\/kinsta\/v1\/posts\/40071\/translations\/se"},{"href":"https:\/\/kinsta.com\/dk\/wp-json\/kinsta\/v1\/posts\/40071\/tree"}],"wp:featuredmedia":[{"embeddable":true,"href":"https:\/\/kinsta.com\/dk\/wp-json\/wp\/v2\/media\/52020"}],"wp:attachment":[{"href":"https:\/\/kinsta.com\/dk\/wp-json\/wp\/v2\/media?parent=40071"}],"curies":[{"name":"wp","href":"https:\/\/api.w.org\/{rel}","templated":true}]}}