{"id":40988,"date":"2021-08-23T10:06:10","date_gmt":"2021-08-23T08:06:10","guid":{"rendered":"https:\/\/kinsta.com\/?page_id=88143"},"modified":"2023-09-14T09:38:22","modified_gmt":"2023-09-14T08:38:22","slug":"gronne-host","status":"publish","type":"page","link":"https:\/\/kinsta.com\/dk\/gronne-host\/","title":{"rendered":"Hvad g\u00f8r Kinsta til den bedste gr\u00f8nne host?"},"content":{"rendered":"\n<header class=\"wp-block-kinsta-hero-title is-style-center-screenshot alignfull\"><div class=\"wp-block-kinsta-hero-title__inner\">\n<div class=\"wp-block-kinsta-columns is-vertical-center\">\n<div class=\"wp-block-kinsta-column wp-block-kinsta-columns__column\">\n<div class=\"wp-block-kinsta-hero-title-content wp-block-kinsta-hero-title__content\"><h1 class=\"wp-block-kinsta-hero-title__title\">Hvad g\u00f8r Kinsta til den bedste gr\u00f8nne host?<\/h1>\n<p>Kinstas gr\u00f8nne hosting driver titusinder af websteder p\u00e5 tv\u00e6rs af internettet, fra personlige projekter til massive virksomheder og onlinebutikker. Alt dette er muligt takket v\u00e6re vores topmoderne teknologi og vores integration med Google Cloud-platformen.<\/p>\n\n\n\n<div class=\"wp-block-kinsta-buttons alignleft\">\n\n<\/div>\n<\/div>\n<\/div>\n\n\n\n<div class=\"wp-block-kinsta-column wp-block-kinsta-columns__column\">\n<div class=\"wp-block-kinsta-hero-title-secondary wp-block-kinsta-hero-title__secondary\"><\/div>\n<\/div>\n<\/div>\n<\/div><\/header>\n\n\n\n<div class=\"wp-block-group has-white-background-color has-background is-layout-constrained wp-block-group-is-layout-constrained\">\n<div class=\"wp-block-kinsta-columns is-vertical-center\">\n<div class=\"wp-block-kinsta-column wp-block-kinsta-columns__column\">\n<figure class=\"wp-block-image size-full\"><img decoding=\"async\" src=\"https:\/\/kinsta.com\/wp-content\/uploads\/2023\/11\/kinsta-green-hosting.png\" alt class=\"wp-image-169261\"><\/figure>\n<\/div>\n\n\n\n<div class=\"wp-block-kinsta-column wp-block-kinsta-columns__column\">\n<h2 class=\"wp-block-heading\" id=\"h-kinsta-er-gr-n-hosting\">Kinsta er gr\u00f8n hosting<\/h2>\n\n\n\n<p>P\u00e5 trods af den st\u00e6rke infrastruktur er vi stolte over at sige, at vi er et gr\u00f8nt hostingfirma.<strong> Da vi bruger <\/strong><a href=\"https:\/\/kinsta.com\/dk\/blog\/cloud-platform-for-udviklere\/\"><strong>Google Cloud Platform<\/strong><\/a><strong> og <a href=\"https:\/\/kinsta.com\/dk\/cloudflare-integration\/\">Cloudflare<\/a> til hosting, betyder det, at dine websteder k\u00f8rer 100% p\u00e5 vedvarende energi.<\/strong><\/p>\n\n\n\n<p>Udover det fors\u00f8ger vi at reducere CO2-udledning hos Kinsta s\u00e5 meget som muligt, s\u00e5 vi kan minimere virkningen af \u200b\u200balle vores tjenester p\u00e5 milj\u00f8et. Samtidig drives dine websteder stadig af top-of-the-line teknologi for at sikre deres ydeevne og sikkerhed.<\/p>\n\n\n\n<div class=\"wp-block-kinsta-buttons aligncenter\">\n<a class=\"wp-block-kinsta-button\" href=\"https:\/\/kinsta.com\/dk\/tal-med-salg\/\">Planl\u00e6g en demo<\/a>\n<\/div>\n<\/div>\n<\/div>\n<\/div>\n\n\n\n<div class=\"wp-block-group has-offwhite-background-color has-background is-layout-constrained wp-block-group-is-layout-constrained\">\n<div class=\"wp-block-kinsta-columns is-reverse is-vertical-center\">\n<div class=\"wp-block-kinsta-column wp-block-kinsta-columns__column\">\n<figure class=\"wp-block-image size-full\"><img decoding=\"async\" src=\"https:\/\/kinsta.com\/wp-content\/uploads\/2023\/11\/wp-kinsta-google-cloud.png\" alt=\"Kinsta-logo og Google cloud-logo\" class=\"wp-image-169330\"><\/figure>\n<\/div>\n\n\n\n<div class=\"wp-block-kinsta-column wp-block-kinsta-columns__column\">\n<h2 class=\"wp-block-heading\" id=\"h-hvorfor-vi-bruger-google-cloud-platform\">Hvorfor vi bruger Google Cloud Platform<\/h2>\n\n\n\n<p>Der er mange grunde til, at Kinsta drives af Google Cloud. Takket v\u00e6re vores partnerskab med Google kan vi tilbyde dig hostingtjenester, der leverer <a href=\"https:\/\/kinsta.com\/dk\/wordpress-hosting\/\">enest\u00e5ende ydeevne<\/a>. N\u00e5r du kombinerer det med vores 10+ \u00e5rs erfaring med hosting og optimering, f\u00e5r du en kraftfuld kombination.<\/p>\n\n\n\n<p>Det er imidlertid ogs\u00e5 vigtigt at bem\u00e6rke, at Google i \u00e5revis har k\u00f8bt nok vedvarende energi til at matche 100% af sit elforbrug rundt om i verden. Google Cloud er mulig takket v\u00e6re flere former for vedvarende energi, fra solenergi til vindkraft.<\/p>\n\n\n\n<p>Der er ingen vej uden om, at datacentre bruger enorme m\u00e6ngder elektricitet. Men i gennemsnit bruger Google datacentre omkring <a href=\"https:\/\/cloud.google.com\/sustainability\">50% mindre energi<\/a> end andre muligheder. Ved at arbejde med en virksomhed, der s\u00f8ger at minimere sit CO2-fodaftryk, kan vi reducere den indvirkning, vores websteder har p\u00e5 milj\u00f8et.<\/p>\n\n\n\n<blockquote class=\"wp-block-quote is-layout-flow wp-block-quote-is-layout-flow\">\n<p><em>Googles datacentre bruger meget mindre energi end det typiske datacenter. De h\u00e6ver temperaturen til 80\u00b0F, bruger udeluft til k\u00f8ling og bygger brugerdefinerede servere.<\/em><\/p>\n<\/blockquote>\n<\/div>\n<\/div>\n<\/div>\n\n\n\n<div class=\"wp-block-group has-offwhite-background-color has-background is-layout-constrained wp-block-group-is-layout-constrained\">\n<div class=\"wp-block-kinsta-columns is-vertical-center\">\n<div class=\"wp-block-kinsta-column wp-block-kinsta-columns__column\">\n<p>Selvom mange mennesker ikke er klar over det, st\u00e5r internettet som helhed for omkring <a href=\"https:\/\/www.theguardian.com\/environment\/2015\/sep\/25\/server-data-centre-emissions-air-travel-web-google-facebook-greenhouse-gas\">2% af de globale CO2 -emissioner<\/a>. Med &#8216;internettet&#8217; mener vi datacentre, mobile enheder, personlige computere, telekommunikationsnetv\u00e6rk og alle andre elementer, der g\u00f8r det muligt for websteder at k\u00f8re og for brugere at f\u00e5 adgang til dem.<\/p>\n\n\n\n<p>Google opfandt mere effektive m\u00e5der at k\u00f8le sine datacentre p\u00e5 og investerede stort i gr\u00f8nne energikilder med det m\u00e5l at blive drevet 100 procent af vedvarende energi.<\/p>\n\n\n\n<p>Sammenlignet med for fem \u00e5r siden f\u00e5r Google nu <a href=\"https:\/\/blog.google\/outreach-initiatives\/environment\/deepmind-ai-reduces-energy-used-for\/\">cirka 3,5 gange computerkraften<\/a> ud af den samme m\u00e6ngde energi og forts\u00e6tter med at foretage mange forbedringer hvert \u00e5r. <\/p>\n\n\n\n<p>Gr\u00f8n hosting overs\u00e6tter ikke altid til ydeevne og funktioner i topklasse. Med Kinsta f\u00e5r du dog en service, der er milj\u00f8venlig og ikke g\u00e5r p\u00e5 kompromis med ydelsen:<\/p>\n<\/div>\n\n\n\n<div class=\"wp-block-kinsta-column wp-block-kinsta-columns__column\">\n<figure class=\"wp-block-image size-large\"><img decoding=\"async\" src=\"https:\/\/kinsta.com\/wp-content\/uploads\/2021\/06\/neuralab-google-cloud-platform-1024x605.png\" alt=\"Indl\u00e6sningstiderne halveret efter skift til Kinsta.\" class=\"wp-image-97293\"><figcaption class=\"wp-element-caption\"><em>Indl\u00e6sningstiderne halveret efter skift til Kinsta.<\/em><\/figcaption><\/figure>\n<\/div>\n<\/div>\n<\/div>\n\n\n\n<div class=\"wp-block-kinsta-columns is-vertical-center\">\n<div class=\"wp-block-kinsta-column wp-block-kinsta-columns__column\">\n<figure class=\"wp-block-image size-full\"><img decoding=\"async\" src=\"https:\/\/kinsta.com\/wp-content\/uploads\/2023\/11\/wp-kinsta-infrastrucure-google-cloudflare.png\" alt=\"Google Cloud-logoet, Kinsta-logoet og Cloudflare-logoet tilsluttet\" class=\"wp-image-169331\"><\/figure>\n<\/div>\n\n\n\n<div class=\"wp-block-kinsta-column wp-block-kinsta-columns__column\">\n<h2 class=\"wp-block-heading\">Hvorfor bruger vi Cloudflare<\/h2>\n\n\n\n<p class=\"has-dark-blue-color has-text-color\">Cloudflare er en af \u200b\u200bverdens f\u00f8rende udbydere af websikkerhed og ydeevnetjenester. Faktisk bliver Cloudflare i \u00f8jeblikket brugt af over 7 millioner websteder! Hos Kinsta kommer alle planer med en <a href=\"https:\/\/kinsta.com\/dk\/cloudflare-integration\/\">gratis Cloudflare-integration<\/a>, som inkluderer en firewall p\u00e5 virksomhedsniveau med DDoS-beskyttelse og h\u00f8jtydende CDN. Drevet af edge-lokationer i n\u00e6sten 200 byer verden over hj\u00e6lper vores Cloudflare-integration med at sikre, at vores infrastruktur er s\u00e5 hurtig og sikker som muligt.<\/p>\n\n\n\n<p class=\"has-dark-blue-color has-text-color\">Ikke alene tilbyder Cloudflare nogle af de bedste ydeevne- og sikkerhedsprodukter til websteder, de g\u00f8r det med et st\u00e6rkt fokus p\u00e5 at minimere negativ milj\u00f8p\u00e5virkning. Ud over at forpligte sig til CO2-neutralitet inden 2022, har Cloudflare annonceret en plan om at k\u00f8be kulstof kreditter for at kompensere for emissioner fra de seneste 11 \u00e5r.<\/p>\n\n\n\n<p class=\"has-dark-blue-color has-text-color\">For at n\u00e5 deres m\u00e5l om 100% vedvarende energiforbrug vil Cloudflare \u00f8ge implementeringen af \u200b\u200b&#8221;hyper-efficient servers&#8221; drevet af ARM CPU&#8217;er. Sammenlignet med eksisterende servere vil de nye ARM-servere give samme ydeevne med 50% mindre str\u00f8mforbrug. Derudover vil Cloudflares &#8220;Green Compute&#8221;-program tillade brugere at k\u00f8re Cloudflare Workers-scripts udelukkende p\u00e5 b\u00e6redygtig hardware (drevet af 100% vedvarende energi).<\/p>\n\n\n\n<blockquote class=\"wp-block-quote is-layout-flow wp-block-quote-is-layout-flow\">\n<p>Internettet er ansvarlig for cirka 1 milliard tons drivhusgas-emissioner om \u00e5ret \u2013 det kan nogenlunde sammenlignes med de \u00e5rlige CO2-emissioner fra hele luftfartsindustrien p\u00e5 verdensplan. Nu vil enhver internetejendom p\u00e5 Cloudflares netv\u00e6rk \u2013 som i dag allerede best\u00e5r af 17 procent af nettet \u2013 automatisk reducere emissioner og problemfrit bidrage til en gr\u00f8nnere og mere b\u00e6redygtig verden.<\/p>\n<\/blockquote>\n\n\n\n<p class=\"has-dark-blue-color has-text-color\">Ved at hoste dit websted p\u00e5 Kinsta med vores Cloudflare-integration aktiveret, kan du drage fordel af klassens bedste sikkerhed og CDN-ydeevne uden at g\u00e5 p\u00e5 kompromis med at v\u00e6re milj\u00f8venlig.<\/p>\n\n\n\n<div class=\"wp-block-kinsta-buttons aligncenter\">\n<a class=\"wp-block-kinsta-button\" href=\"https:\/\/kinsta.com\/dk\/prissaetning\/\">Migrer til Kinsta i dag<\/a>\n<\/div>\n<\/div>\n<\/div>\n\n\n\n<div class=\"wp-block-group has-white-background-color has-background is-layout-constrained wp-block-group-is-layout-constrained\">\n<div class=\"wp-block-kinsta-columns is-reverse is-vertical-center\">\n<div class=\"wp-block-kinsta-column wp-block-kinsta-columns__column\">\n<figure class=\"wp-block-image size-full\"><img decoding=\"async\" src=\"https:\/\/kinsta.com\/wp-content\/uploads\/2023\/11\/kinsta-reduce-carbon-footprint.png\" alt class=\"wp-image-169274\"><\/figure>\n<\/div>\n\n\n\n<div class=\"wp-block-kinsta-column wp-block-kinsta-columns__column\">\n<h2 class=\"wp-block-heading\">S\u00e5dan arbejder Kinsta for at reducere kulstofemissioner<\/h2>\n\n\n\n<p>Selvom vores partnerskab med Google Cloud spiller en stor rolle i reduktionen af \u200b\u200bCO2 -emissioner fra vores tjenester, tr\u00e6ffer vi yderligere foranstaltninger for at minimere den samlede indvirkning, vi har p\u00e5 milj\u00f8et.<\/p>\n\n\n\n<p>Den mest effektive m\u00e5de at reducere dit websteds CO2 -fodaftryk er ved at forbedre dets generelle ydeevne. Ved at optimere dataoverf\u00f8rsel og reducere sidest\u00f8rrelser kan vi minimere dit webstedets indvirkning.<\/p>\n\n\n\n<p>Hos Kinsta g\u00f8r vi dette for hver enkelt klient p\u00e5 hver af <a href=\"https:\/\/kinsta.com\/dk\/prissaetning\/\">vores planer<\/a>. Ved at tilbyde gratis <a href=\"https:\/\/kinsta.com\/dk\/blog\/wordpress-cache\/#no-wordpress-cache-plugins-are-needed-at-kinsta\">indbygget caching<\/a> reducerer vi antallet af gange, som brugerne skal indl\u00e6se sider. Derudover hj\u00e6lper vi dig med at optimere levering for bes\u00f8gende fra hele verden ved at integrere et <a href=\"https:\/\/kinsta.com\/docs\/wordpress-hosting\/wordpress-cdn\/kinsta-cdn\/#kinstas-cdn#how-to-enable-the-kinsta-cdn\">Content Delivery Network (CDN)<\/a> med alle vores planer.<\/p>\n\n\n\n<p>Jo mere effektiv dit websted er, jo mindre indvirkning har det p\u00e5 milj\u00f8et. Kinstas tjenester er bygget til at levere uovertruffen ydelse. Det bedste af alt er, at pr\u00e6stationsfor\u00f8gelsen ogs\u00e5 overs\u00e6tter til gr\u00f8nnere tjenester.<\/p>\n\n\n\n<div class=\"wp-block-kinsta-buttons aligncenter\">\n<a class=\"wp-block-kinsta-button\" href=\"https:\/\/kinsta.com\/dk\/prissaetning\/\">Migrer til Kinsta i dag<\/a>\n<\/div>\n<\/div>\n<\/div>\n<\/div>\n\n\n\n<div class=\"wp-block-group has-offwhite-background-color has-background is-layout-constrained wp-block-group-is-layout-constrained\">\n<div class=\"wp-block-kinsta-columns is-vertical-center\">\n<div class=\"wp-block-kinsta-column wp-block-kinsta-columns__column\">\n<figure class=\"wp-block-image size-full\"><img decoding=\"async\" src=\"https:\/\/kinsta.com\/wp-content\/uploads\/2023\/11\/kinsta-company-culture-team.png\" alt=\"Billeder af de smukke Kinsta-teammedlemmer\" class=\"wp-image-169256\"><\/figure>\n<\/div>\n\n\n\n<div class=\"wp-block-kinsta-column wp-block-kinsta-columns__column\">\n<h2 class=\"wp-block-heading\">Kinstas virksomhedskultur<\/h2>\n\n\n\n<p>Den m\u00e5de, Kinsta fungerer p\u00e5, stemmer perfekt overens med m\u00e5let om at reducere vores milj\u00f8p\u00e5virkning.<\/p>\n\n\n\n<p>Kinstas team er fjerntliggende. Det betyder, at vi ikke har et massivt hovedkvarter med hundredvis af kontorer fyldt med udstyr, der forbruger astronomiske m\u00e6ngder elektricitet. Vores medarbejdere beh\u00f8ver ikke at pendle hver dag, og vi genererer mindre affald, herunder kontorartikler, f\u00e6rdigpakkede madvarer og mere.<\/p>\n\n\n\n<p>Vores virksomhed er forpligtet til at reducere den indvirkning, webhosting har p\u00e5 milj\u00f8et. Ved at bruge Google Cloud, optimere dine websteder for at reducere dataoverf\u00f8rsel og minimere vores egen indflydelse, kan vi tilbyde dig de bedste i sin klasse gr\u00f8nne hostingtjenester!<\/p>\n\n\n\n<div class=\"wp-block-kinsta-buttons aligncenter\">\n<a class=\"wp-block-kinsta-button\" href=\"https:\/\/kinsta.com\/dk\/prissaetning\/\">Tilmeld dig i dag<\/a>\n<\/div>\n<\/div>\n<\/div>\n<\/div>\n","protected":false},"excerpt":{"rendered":"","protected":false},"author":125,"featured_media":40991,"parent":0,"menu_order":0,"comment_status":"closed","ping_status":"closed","template":"","meta":{"_kinsta_gated_content":false,"_kinsta_gated_content_redirect":"","footnotes":""},"class_list":["post-40988","page","type-page","status-publish","has-post-thumbnail","hentry"],"yoast_head":"<!-- This site is optimized with the Yoast SEO Premium plugin v24.6 (Yoast SEO v24.6) - https:\/\/yoast.com\/wordpress\/plugins\/seo\/ -->\n<title>Hvad g\u00f8r Kinsta\u00ae til den bedste gr\u00f8nne host?<\/title>\n<meta name=\"description\" content=\"Kinstas h\u00f8jtydende WordPress hostingplaner drives af 100% vedvarende energi. L\u00e6r mere om Kinstas gr\u00f8nne hostinginitiativer!\" \/>\n<meta name=\"robots\" content=\"index, follow, max-snippet:-1, max-image-preview:large, max-video-preview:-1\" \/>\n<link rel=\"canonical\" href=\"https:\/\/kinsta.com\/dk\/gronne-host\/\" \/>\n<meta property=\"og:locale\" content=\"da_DK\" \/>\n<meta property=\"og:type\" content=\"article\" \/>\n<meta property=\"og:title\" content=\"Hvad g\u00f8r Kinsta til den bedste gr\u00f8nne host?\" \/>\n<meta property=\"og:description\" content=\"Kinstas h\u00f8jtydende WordPress hostingplaner drives af 100% vedvarende energi. L\u00e6r mere om Kinstas gr\u00f8nne hostinginitiativer!\" \/>\n<meta property=\"og:url\" content=\"https:\/\/kinsta.com\/dk\/gronne-host\/\" \/>\n<meta property=\"og:site_name\" content=\"Kinsta\u00ae\" \/>\n<meta property=\"article:publisher\" content=\"https:\/\/www.facebook.com\/Kinsta-Danmark-122855885298660\/\" \/>\n<meta property=\"article:modified_time\" content=\"2023-09-14T08:38:22+00:00\" \/>\n<meta property=\"og:image\" content=\"https:\/\/kinsta.com\/dk\/wp-content\/uploads\/sites\/12\/2021\/08\/gronne-host.jpeg\" \/>\n\t<meta property=\"og:image:width\" content=\"1460\" \/>\n\t<meta property=\"og:image:height\" content=\"730\" \/>\n\t<meta property=\"og:image:type\" content=\"image\/jpeg\" \/>\n<meta name=\"twitter:card\" content=\"summary_large_image\" \/>\n<meta name=\"twitter:description\" content=\"Kinstas h\u00f8jtydende WordPress hostingplaner drives af 100% vedvarende energi. L\u00e6r mere om Kinstas gr\u00f8nne hostinginitiativer!\" \/>\n<meta name=\"twitter:image\" content=\"https:\/\/kinsta.com\/dk\/wp-content\/uploads\/sites\/12\/2021\/08\/gronne-host.jpeg\" \/>\n<meta name=\"twitter:site\" content=\"@kinsta_dk\" \/>\n<meta name=\"twitter:label1\" content=\"Estimeret l\u00e6setid\" \/>\n\t<meta name=\"twitter:data1\" content=\"6 minutter\" \/>\n<script type=\"application\/ld+json\" class=\"yoast-schema-graph\">{\"@context\":\"https:\/\/schema.org\",\"@graph\":[{\"@type\":\"WebPage\",\"@id\":\"https:\/\/kinsta.com\/dk\/gronne-host\/\",\"url\":\"https:\/\/kinsta.com\/dk\/gronne-host\/\",\"name\":\"Hvad g\u00f8r Kinsta\u00ae til den bedste gr\u00f8nne host?\",\"isPartOf\":{\"@id\":\"https:\/\/kinsta.com\/dk\/#website\"},\"primaryImageOfPage\":{\"@id\":\"https:\/\/kinsta.com\/dk\/gronne-host\/#primaryimage\"},\"image\":{\"@id\":\"https:\/\/kinsta.com\/dk\/gronne-host\/#primaryimage\"},\"thumbnailUrl\":\"https:\/\/kinsta.com\/dk\/wp-content\/uploads\/sites\/12\/2021\/08\/gronne-host.jpeg\",\"datePublished\":\"2021-08-23T08:06:10+00:00\",\"dateModified\":\"2023-09-14T08:38:22+00:00\",\"description\":\"Kinstas h\u00f8jtydende WordPress hostingplaner drives af 100% vedvarende energi. L\u00e6r mere om Kinstas gr\u00f8nne hostinginitiativer!\",\"breadcrumb\":{\"@id\":\"https:\/\/kinsta.com\/dk\/gronne-host\/#breadcrumb\"},\"inLanguage\":\"da-DK\",\"potentialAction\":[{\"@type\":\"ReadAction\",\"target\":[\"https:\/\/kinsta.com\/dk\/gronne-host\/\"]}]},{\"@type\":\"ImageObject\",\"inLanguage\":\"da-DK\",\"@id\":\"https:\/\/kinsta.com\/dk\/gronne-host\/#primaryimage\",\"url\":\"https:\/\/kinsta.com\/dk\/wp-content\/uploads\/sites\/12\/2021\/08\/gronne-host.jpeg\",\"contentUrl\":\"https:\/\/kinsta.com\/dk\/wp-content\/uploads\/sites\/12\/2021\/08\/gronne-host.jpeg\",\"width\":1460,\"height\":730},{\"@type\":\"BreadcrumbList\",\"@id\":\"https:\/\/kinsta.com\/dk\/gronne-host\/#breadcrumb\",\"itemListElement\":[{\"@type\":\"ListItem\",\"position\":1,\"name\":\"Home\",\"item\":\"https:\/\/kinsta.com\/dk\/\"},{\"@type\":\"ListItem\",\"position\":2,\"name\":\"Hvad g\u00f8r Kinsta til den bedste gr\u00f8nne host?\"}]},{\"@type\":\"WebSite\",\"@id\":\"https:\/\/kinsta.com\/dk\/#website\",\"url\":\"https:\/\/kinsta.com\/dk\/\",\"name\":\"Kinsta\u00ae\",\"description\":\"Hurtig, sikker, premium hostingl\u00f8sninger\",\"publisher\":{\"@id\":\"https:\/\/kinsta.com\/dk\/#organization\"},\"potentialAction\":[{\"@type\":\"SearchAction\",\"target\":{\"@type\":\"EntryPoint\",\"urlTemplate\":\"https:\/\/kinsta.com\/dk\/?s={search_term_string}\"},\"query-input\":{\"@type\":\"PropertyValueSpecification\",\"valueRequired\":true,\"valueName\":\"search_term_string\"}}],\"inLanguage\":\"da-DK\"},{\"@type\":\"Organization\",\"@id\":\"https:\/\/kinsta.com\/dk\/#organization\",\"name\":\"Kinsta\",\"url\":\"https:\/\/kinsta.com\/dk\/\",\"logo\":{\"@type\":\"ImageObject\",\"inLanguage\":\"da-DK\",\"@id\":\"https:\/\/kinsta.com\/dk\/#\/schema\/logo\/image\/\",\"url\":\"https:\/\/kinsta.com\/dk\/wp-content\/uploads\/sites\/12\/2023\/12\/kinsta-logo.jpeg\",\"contentUrl\":\"https:\/\/kinsta.com\/dk\/wp-content\/uploads\/sites\/12\/2023\/12\/kinsta-logo.jpeg\",\"width\":500,\"height\":500,\"caption\":\"Kinsta\"},\"image\":{\"@id\":\"https:\/\/kinsta.com\/dk\/#\/schema\/logo\/image\/\"},\"sameAs\":[\"https:\/\/www.facebook.com\/Kinsta-Danmark-122855885298660\/\",\"https:\/\/x.com\/kinsta_dk\",\"https:\/\/www.instagram.com\/kinstahosting\/\",\"https:\/\/www.linkedin.com\/company\/kinsta\/\",\"https:\/\/www.pinterest.com\/kinstahosting\/\",\"https:\/\/www.youtube.com\/c\/Kinsta\"]}]}<\/script>\n<!-- \/ Yoast SEO Premium plugin. -->","yoast_head_json":{"title":"Hvad g\u00f8r Kinsta\u00ae til den bedste gr\u00f8nne host?","description":"Kinstas h\u00f8jtydende WordPress hostingplaner drives af 100% vedvarende energi. L\u00e6r mere om Kinstas gr\u00f8nne hostinginitiativer!","robots":{"index":"index","follow":"follow","max-snippet":"max-snippet:-1","max-image-preview":"max-image-preview:large","max-video-preview":"max-video-preview:-1"},"canonical":"https:\/\/kinsta.com\/dk\/gronne-host\/","og_locale":"da_DK","og_type":"article","og_title":"Hvad g\u00f8r Kinsta til den bedste gr\u00f8nne host?","og_description":"Kinstas h\u00f8jtydende WordPress hostingplaner drives af 100% vedvarende energi. L\u00e6r mere om Kinstas gr\u00f8nne hostinginitiativer!","og_url":"https:\/\/kinsta.com\/dk\/gronne-host\/","og_site_name":"Kinsta\u00ae","article_publisher":"https:\/\/www.facebook.com\/Kinsta-Danmark-122855885298660\/","article_modified_time":"2023-09-14T08:38:22+00:00","og_image":[{"width":1460,"height":730,"url":"https:\/\/kinsta.com\/dk\/wp-content\/uploads\/sites\/12\/2021\/08\/gronne-host.jpeg","type":"image\/jpeg"}],"twitter_card":"summary_large_image","twitter_description":"Kinstas h\u00f8jtydende WordPress hostingplaner drives af 100% vedvarende energi. L\u00e6r mere om Kinstas gr\u00f8nne hostinginitiativer!","twitter_image":"https:\/\/kinsta.com\/dk\/wp-content\/uploads\/sites\/12\/2021\/08\/gronne-host.jpeg","twitter_site":"@kinsta_dk","twitter_misc":{"Estimeret l\u00e6setid":"6 minutter"},"schema":{"@context":"https:\/\/schema.org","@graph":[{"@type":"WebPage","@id":"https:\/\/kinsta.com\/dk\/gronne-host\/","url":"https:\/\/kinsta.com\/dk\/gronne-host\/","name":"Hvad g\u00f8r Kinsta\u00ae til den bedste gr\u00f8nne host?","isPartOf":{"@id":"https:\/\/kinsta.com\/dk\/#website"},"primaryImageOfPage":{"@id":"https:\/\/kinsta.com\/dk\/gronne-host\/#primaryimage"},"image":{"@id":"https:\/\/kinsta.com\/dk\/gronne-host\/#primaryimage"},"thumbnailUrl":"https:\/\/kinsta.com\/dk\/wp-content\/uploads\/sites\/12\/2021\/08\/gronne-host.jpeg","datePublished":"2021-08-23T08:06:10+00:00","dateModified":"2023-09-14T08:38:22+00:00","description":"Kinstas h\u00f8jtydende WordPress hostingplaner drives af 100% vedvarende energi. L\u00e6r mere om Kinstas gr\u00f8nne hostinginitiativer!","breadcrumb":{"@id":"https:\/\/kinsta.com\/dk\/gronne-host\/#breadcrumb"},"inLanguage":"da-DK","potentialAction":[{"@type":"ReadAction","target":["https:\/\/kinsta.com\/dk\/gronne-host\/"]}]},{"@type":"ImageObject","inLanguage":"da-DK","@id":"https:\/\/kinsta.com\/dk\/gronne-host\/#primaryimage","url":"https:\/\/kinsta.com\/dk\/wp-content\/uploads\/sites\/12\/2021\/08\/gronne-host.jpeg","contentUrl":"https:\/\/kinsta.com\/dk\/wp-content\/uploads\/sites\/12\/2021\/08\/gronne-host.jpeg","width":1460,"height":730},{"@type":"BreadcrumbList","@id":"https:\/\/kinsta.com\/dk\/gronne-host\/#breadcrumb","itemListElement":[{"@type":"ListItem","position":1,"name":"Home","item":"https:\/\/kinsta.com\/dk\/"},{"@type":"ListItem","position":2,"name":"Hvad g\u00f8r Kinsta til den bedste gr\u00f8nne host?"}]},{"@type":"WebSite","@id":"https:\/\/kinsta.com\/dk\/#website","url":"https:\/\/kinsta.com\/dk\/","name":"Kinsta\u00ae","description":"Hurtig, sikker, premium hostingl\u00f8sninger","publisher":{"@id":"https:\/\/kinsta.com\/dk\/#organization"},"potentialAction":[{"@type":"SearchAction","target":{"@type":"EntryPoint","urlTemplate":"https:\/\/kinsta.com\/dk\/?s={search_term_string}"},"query-input":{"@type":"PropertyValueSpecification","valueRequired":true,"valueName":"search_term_string"}}],"inLanguage":"da-DK"},{"@type":"Organization","@id":"https:\/\/kinsta.com\/dk\/#organization","name":"Kinsta","url":"https:\/\/kinsta.com\/dk\/","logo":{"@type":"ImageObject","inLanguage":"da-DK","@id":"https:\/\/kinsta.com\/dk\/#\/schema\/logo\/image\/","url":"https:\/\/kinsta.com\/dk\/wp-content\/uploads\/sites\/12\/2023\/12\/kinsta-logo.jpeg","contentUrl":"https:\/\/kinsta.com\/dk\/wp-content\/uploads\/sites\/12\/2023\/12\/kinsta-logo.jpeg","width":500,"height":500,"caption":"Kinsta"},"image":{"@id":"https:\/\/kinsta.com\/dk\/#\/schema\/logo\/image\/"},"sameAs":["https:\/\/www.facebook.com\/Kinsta-Danmark-122855885298660\/","https:\/\/x.com\/kinsta_dk","https:\/\/www.instagram.com\/kinstahosting\/","https:\/\/www.linkedin.com\/company\/kinsta\/","https:\/\/www.pinterest.com\/kinstahosting\/","https:\/\/www.youtube.com\/c\/Kinsta"]}]}},"acf":[],"_links":{"self":[{"href":"https:\/\/kinsta.com\/dk\/wp-json\/wp\/v2\/pages\/40988","targetHints":{"allow":["GET"]}}],"collection":[{"href":"https:\/\/kinsta.com\/dk\/wp-json\/wp\/v2\/pages"}],"about":[{"href":"https:\/\/kinsta.com\/dk\/wp-json\/wp\/v2\/types\/page"}],"author":[{"embeddable":true,"href":"https:\/\/kinsta.com\/dk\/wp-json\/wp\/v2\/users\/125"}],"replies":[{"embeddable":true,"href":"https:\/\/kinsta.com\/dk\/wp-json\/wp\/v2\/comments?post=40988"}],"version-history":[{"count":9,"href":"https:\/\/kinsta.com\/dk\/wp-json\/wp\/v2\/pages\/40988\/revisions"}],"predecessor-version":[{"id":53176,"href":"https:\/\/kinsta.com\/dk\/wp-json\/wp\/v2\/pages\/40988\/revisions\/53176"}],"alternate":[{"embeddable":true,"hreflang":"en","title":"English","href":"https:\/\/kinsta.com\/dk\/wp-json\/kinsta\/v1\/posts\/40988\/translations\/en"},{"embeddable":true,"hreflang":"es","title":"Spanish","href":"https:\/\/kinsta.com\/dk\/wp-json\/kinsta\/v1\/posts\/40988\/translations\/es"},{"embeddable":true,"hreflang":"it","title":"Italian","href":"https:\/\/kinsta.com\/dk\/wp-json\/kinsta\/v1\/posts\/40988\/translations\/it"},{"embeddable":true,"hreflang":"pt","title":"Portuguese","href":"https:\/\/kinsta.com\/dk\/wp-json\/kinsta\/v1\/posts\/40988\/translations\/pt"},{"embeddable":true,"hreflang":"de","title":"German","href":"https:\/\/kinsta.com\/dk\/wp-json\/kinsta\/v1\/posts\/40988\/translations\/de"},{"embeddable":true,"hreflang":"fr","title":"French","href":"https:\/\/kinsta.com\/dk\/wp-json\/kinsta\/v1\/posts\/40988\/translations\/fr"},{"embeddable":true,"hreflang":"da","title":"Danish","href":"https:\/\/kinsta.com\/dk\/wp-json\/kinsta\/v1\/posts\/40988\/translations\/dk"},{"embeddable":true,"hreflang":"nl","title":"Dutch","href":"https:\/\/kinsta.com\/dk\/wp-json\/kinsta\/v1\/posts\/40988\/translations\/nl"},{"embeddable":true,"hreflang":"sv","title":"Swedish","href":"https:\/\/kinsta.com\/dk\/wp-json\/kinsta\/v1\/posts\/40988\/translations\/se"},{"embeddable":true,"hreflang":"ja","title":"Japanese","href":"https:\/\/kinsta.com\/dk\/wp-json\/kinsta\/v1\/posts\/40988\/translations\/jp"},{"href":"https:\/\/kinsta.com\/dk\/wp-json\/kinsta\/v1\/posts\/40988\/tree"}],"wp:featuredmedia":[{"embeddable":true,"href":"https:\/\/kinsta.com\/dk\/wp-json\/wp\/v2\/media\/40991"}],"wp:attachment":[{"href":"https:\/\/kinsta.com\/dk\/wp-json\/wp\/v2\/media?parent=40988"}],"curies":[{"name":"wp","href":"https:\/\/api.w.org\/{rel}","templated":true}]}}