{"id":4579,"date":"2016-03-07T18:42:07","date_gmt":"2016-03-07T18:42:07","guid":{"rendered":"http:\/\/kinsta.dev\/?page_id=4573"},"modified":"2025-01-29T10:01:57","modified_gmt":"2025-01-29T09:01:57","slug":"juridisk","status":"publish","type":"page","link":"https:\/\/kinsta.com\/dk\/juridisk\/","title":{"rendered":"Juridisk information"},"content":{"rendered":"<aside role=\"note\" class=\"wp-block-kinsta-notice is-style-plain\">\n        <p>Dette er den danske overs\u00e6ttelse af den originale engelske juridiske sektion. V\u00e6r opm\u00e6rksom p\u00e5, at mens vi tager alle forholdsregler for at sikre, at nedenst\u00e5ende tekst er korrekt, s\u00e5fremt der opst\u00e5r uoverensstemmelser mellem de to versioner, g\u00e6lder den engelske version. Den originale juridiske tekst kan findes <a href=\"https:\/\/kinsta.com\/legal\/\" data-no-translate>her<\/a>.<\/p>\n<\/aside>\n\n\n\n\n<p>At have moderne servicevilk\u00e5r, politikker og privatlivs- og copyright-dokumenter er grundlaget for en gennemsigtig forretning. Vi s\u00f8rger for, at grundlaget for vores forretning er tydeligt, og vi inviterer dig til at l\u00e6se disse dokumenter til enhver tid.<\/p>\n\n\n\n<h3 class=\"wp-block-heading\" id=\"h-servicevilk-r\">Servicevilk\u00e5r<\/h3>\n\n\n\n<p>Servicevilk\u00e5rene opsummerer parternes rettigheder, forpligtelser og begr\u00e6nsninger vedr\u00f8rende vores tjenester.<\/p>\n\n\n\n<div class=\"wp-block-kinsta-buttons\">\n<a class=\"wp-block-kinsta-button\" href=\"https:\/\/kinsta.com\/legal\/terms-service\/\">L\u00e6se online<\/a>\n<\/div>\n\n\n\n<h3 class=\"wp-block-heading\" id=\"h-privatliv-og-ophavsret\">Privatliv og ophavsret<\/h3>\n\n\n\n<p>Fortrolighedspolitikken definerer, hvordan vi h\u00e5ndterer data p\u00e5 vores servere og hvad der skal g\u00f8res i tilf\u00e6lde af kr\u00e6nkelse af ophavsretten.<\/p>\n\n\n\n<div class=\"wp-block-kinsta-buttons\">\n<a class=\"wp-block-kinsta-button\" href=\"https:\/\/kinsta.com\/legal\/privacy-policy\/\">L\u00e6se online<\/a>\n<\/div>\n\n\n\n<h3 class=\"wp-block-heading\" id=\"h-data-processing-addendum\">Data Processing Addendum<\/h3>\n\n\n\n<p>Databeskyttelsesmyndigheden fastl\u00e6gger parternes forpligtelser med hensyn til behandling og sikkerhed af kundens personlige data.<\/p>\n\n\n\n<div class=\"wp-block-kinsta-buttons\">\n<a class=\"wp-block-kinsta-button\" href=\"https:\/\/kinsta.com\/legal\/data-processing-addendum\/\">L\u00e6se online<\/a>\n<\/div>\n\n\n\n<h3 class=\"wp-block-heading\" id=\"h-underbehandlere\">Underbehandlere<\/h3>\n\n\n\n<p>Vores side med underbehandlere forklarer, hvordan Kinsta interagerer med underbehandlere for at underst\u00f8tte vores tjenester.<\/p>\n\n\n\n<div class=\"wp-block-kinsta-buttons\">\n<a class=\"wp-block-kinsta-button\" href=\"https:\/\/kinsta.com\/legal\/subprocessors\/\">L\u00e6se online<\/a>\n<\/div>\n\n\n\n<h3 class=\"wp-block-heading\" id=\"h-serviceniveauaftale\">Serviceniveauaftale<\/h3>\n\n\n\n<p>SLA beskriver tilg\u00e6ngeligheden af vores service, vores fejlm\u00e5l og konsekvenserne fra vores side, hvis vi ikke overholder disse m\u00e5l.<\/p>\n\n\n\n<div class=\"wp-block-kinsta-buttons\">\n<a class=\"wp-block-kinsta-button\" href=\"https:\/\/kinsta.com\/legal\/service-level-agreement\/\">L\u00e6se online<\/a>\n<\/div>\n\n\n\n<h3 class=\"wp-block-heading\" id=\"h-affiliate-vilk-r\">Affiliate vilk\u00e5r<\/h3>\n\n\n\n<p>The Affiliate vilk\u00e5rene styrer Kinsta affiliate netv\u00e6rk.<\/p>\n\n\n\n<div class=\"wp-block-kinsta-buttons\">\n<a class=\"wp-block-kinsta-button\" href=\"https:\/\/kinsta.com\/legal\/affiliate-terms\/\">L\u00e6se online<\/a>\n<\/div>\n\n\n\n<h3 class=\"wp-block-heading\" id=\"h-vilk-r-og-betingelser-for-kundehenvisningsprogram\">Vilk\u00e5r og betingelser for kundehenvisningsprogram<\/h3>\n\n\n\n<p>Kundehenvisningsvilk\u00e5rene styrer henvisningsprogrammet.<\/p>\n\n\n\n<div class=\"wp-block-kinsta-buttons\">\n<a class=\"wp-block-kinsta-button\" href=\"https:\/\/kinsta.com\/legal\/referral-terms\/\">L\u00e6se online<\/a>\n<\/div>\n\n\n\n<h3 class=\"wp-block-heading\" id=\"h-cookie-indstillinger\">Cookie-indstillinger<\/h3>\n\n\n\n<p>En cookie er en tr\u00e5d af information, som et websted gemmer p\u00e5 en bes\u00f8gendes computer, og at den bes\u00f8gendes browser vidergiver til hjemmesiden hver gang den bes\u00f8gende vender tilbage. P\u00e5 denne side kan du finjustere dine cookie-indstillinger p\u00e5 Kinsta-webstedet.<\/p>\n\n\n\n<div class=\"wp-block-kinsta-buttons\">\n<a class=\"wp-block-kinsta-button\" href=\"https:\/\/kinsta.com\/dk\/cookie-indstillinger\/\">Se Detaljer<\/a>\n<\/div>\n","protected":false},"excerpt":{"rendered":"<p>At have moderne servicevilk\u00e5r, politikker og privatlivs- og copyright-dokumenter er grundlaget for en gennemsigtig forretning. Vi s\u00f8rger for, at grundlaget for vores forretning er tydeligt, og &#8230;<\/p>\n","protected":false},"author":18,"featured_media":0,"parent":0,"menu_order":0,"comment_status":"closed","ping_status":"closed","template":"templates\/template-article.php","meta":{"_kinsta_gated_content":false,"_kinsta_gated_content_redirect":"","footnotes":""},"class_list":["post-4579","page","type-page","status-publish","hentry"],"yoast_head":"<!-- This site is optimized with the Yoast SEO Premium plugin v24.6 (Yoast SEO v24.6) - https:\/\/yoast.com\/wordpress\/plugins\/seo\/ -->\n<title>Juridisk information - Kinsta<\/title>\n<meta name=\"description\" content=\"At have moderne servicevilk\u00e5r, politikker og privatlivs- og copyright-dokumenter er grundlaget for en gennemsigtig forretning.\" \/>\n<meta name=\"robots\" content=\"index, follow, max-snippet:-1, max-image-preview:large, max-video-preview:-1\" \/>\n<link rel=\"canonical\" href=\"https:\/\/kinsta.com\/dk\/juridisk\/\" \/>\n<meta property=\"og:locale\" content=\"da_DK\" \/>\n<meta property=\"og:type\" content=\"article\" \/>\n<meta property=\"og:title\" content=\"Juridisk information\" \/>\n<meta property=\"og:description\" content=\"At have moderne servicevilk\u00e5r, politikker og privatlivs- og copyright-dokumenter er grundlaget for en gennemsigtig forretning.\" \/>\n<meta property=\"og:url\" content=\"https:\/\/kinsta.com\/dk\/juridisk\/\" \/>\n<meta property=\"og:site_name\" content=\"Kinsta\u00ae\" \/>\n<meta property=\"article:publisher\" content=\"https:\/\/www.facebook.com\/Kinsta-Danmark-122855885298660\/\" \/>\n<meta property=\"article:modified_time\" content=\"2025-01-29T09:01:57+00:00\" \/>\n<meta property=\"og:image\" content=\"https:\/\/kinsta.com\/dk\/wp-content\/uploads\/sites\/12\/2023\/12\/kinsta-homepage-dk.png\" \/>\n\t<meta property=\"og:image:width\" content=\"1200\" \/>\n\t<meta property=\"og:image:height\" content=\"628\" \/>\n\t<meta property=\"og:image:type\" content=\"image\/png\" \/>\n<meta name=\"twitter:card\" content=\"summary_large_image\" \/>\n<meta name=\"twitter:description\" content=\"At have moderne servicevilk\u00e5r, politikker og privatlivs- og copyright-dokumenter er grundlaget for en gennemsigtig forretning.\" \/>\n<meta name=\"twitter:image\" content=\"https:\/\/kinsta.com\/dk\/wp-content\/uploads\/sites\/12\/2023\/12\/kinsta-homepage-dk.png\" \/>\n<meta name=\"twitter:site\" content=\"@kinsta_dk\" \/>\n<meta name=\"twitter:label1\" content=\"Estimeret l\u00e6setid\" \/>\n\t<meta name=\"twitter:data1\" content=\"2 minutter\" \/>\n<script type=\"application\/ld+json\" class=\"yoast-schema-graph\">{\"@context\":\"https:\/\/schema.org\",\"@graph\":[{\"@type\":\"WebPage\",\"@id\":\"https:\/\/kinsta.com\/dk\/juridisk\/\",\"url\":\"https:\/\/kinsta.com\/dk\/juridisk\/\",\"name\":\"Juridisk information - Kinsta\",\"isPartOf\":{\"@id\":\"https:\/\/kinsta.com\/dk\/#website\"},\"datePublished\":\"2016-03-07T18:42:07+00:00\",\"dateModified\":\"2025-01-29T09:01:57+00:00\",\"description\":\"At have moderne servicevilk\u00e5r, politikker og privatlivs- og copyright-dokumenter er grundlaget for en gennemsigtig forretning.\",\"breadcrumb\":{\"@id\":\"https:\/\/kinsta.com\/dk\/juridisk\/#breadcrumb\"},\"inLanguage\":\"da-DK\",\"potentialAction\":[{\"@type\":\"ReadAction\",\"target\":[\"https:\/\/kinsta.com\/dk\/juridisk\/\"]}]},{\"@type\":\"BreadcrumbList\",\"@id\":\"https:\/\/kinsta.com\/dk\/juridisk\/#breadcrumb\",\"itemListElement\":[{\"@type\":\"ListItem\",\"position\":1,\"name\":\"Home\",\"item\":\"https:\/\/kinsta.com\/dk\/\"},{\"@type\":\"ListItem\",\"position\":2,\"name\":\"Juridisk information\"}]},{\"@type\":\"WebSite\",\"@id\":\"https:\/\/kinsta.com\/dk\/#website\",\"url\":\"https:\/\/kinsta.com\/dk\/\",\"name\":\"Kinsta\u00ae\",\"description\":\"Hurtig, sikker, premium hostingl\u00f8sninger\",\"publisher\":{\"@id\":\"https:\/\/kinsta.com\/dk\/#organization\"},\"potentialAction\":[{\"@type\":\"SearchAction\",\"target\":{\"@type\":\"EntryPoint\",\"urlTemplate\":\"https:\/\/kinsta.com\/dk\/?s={search_term_string}\"},\"query-input\":{\"@type\":\"PropertyValueSpecification\",\"valueRequired\":true,\"valueName\":\"search_term_string\"}}],\"inLanguage\":\"da-DK\"},{\"@type\":\"Organization\",\"@id\":\"https:\/\/kinsta.com\/dk\/#organization\",\"name\":\"Kinsta\",\"url\":\"https:\/\/kinsta.com\/dk\/\",\"logo\":{\"@type\":\"ImageObject\",\"inLanguage\":\"da-DK\",\"@id\":\"https:\/\/kinsta.com\/dk\/#\/schema\/logo\/image\/\",\"url\":\"https:\/\/kinsta.com\/dk\/wp-content\/uploads\/sites\/12\/2023\/12\/kinsta-logo.jpeg\",\"contentUrl\":\"https:\/\/kinsta.com\/dk\/wp-content\/uploads\/sites\/12\/2023\/12\/kinsta-logo.jpeg\",\"width\":500,\"height\":500,\"caption\":\"Kinsta\"},\"image\":{\"@id\":\"https:\/\/kinsta.com\/dk\/#\/schema\/logo\/image\/\"},\"sameAs\":[\"https:\/\/www.facebook.com\/Kinsta-Danmark-122855885298660\/\",\"https:\/\/x.com\/kinsta_dk\",\"https:\/\/www.instagram.com\/kinstahosting\/\",\"https:\/\/www.linkedin.com\/company\/kinsta\/\",\"https:\/\/www.pinterest.com\/kinstahosting\/\",\"https:\/\/www.youtube.com\/c\/Kinsta\"]}]}<\/script>\n<!-- \/ Yoast SEO Premium plugin. -->","yoast_head_json":{"title":"Juridisk information - Kinsta","description":"At have moderne servicevilk\u00e5r, politikker og privatlivs- og copyright-dokumenter er grundlaget for en gennemsigtig forretning.","robots":{"index":"index","follow":"follow","max-snippet":"max-snippet:-1","max-image-preview":"max-image-preview:large","max-video-preview":"max-video-preview:-1"},"canonical":"https:\/\/kinsta.com\/dk\/juridisk\/","og_locale":"da_DK","og_type":"article","og_title":"Juridisk information","og_description":"At have moderne servicevilk\u00e5r, politikker og privatlivs- og copyright-dokumenter er grundlaget for en gennemsigtig forretning.","og_url":"https:\/\/kinsta.com\/dk\/juridisk\/","og_site_name":"Kinsta\u00ae","article_publisher":"https:\/\/www.facebook.com\/Kinsta-Danmark-122855885298660\/","article_modified_time":"2025-01-29T09:01:57+00:00","og_image":[{"width":1200,"height":628,"url":"https:\/\/kinsta.com\/dk\/wp-content\/uploads\/sites\/12\/2023\/12\/kinsta-homepage-dk.png","type":"image\/png"}],"twitter_card":"summary_large_image","twitter_description":"At have moderne servicevilk\u00e5r, politikker og privatlivs- og copyright-dokumenter er grundlaget for en gennemsigtig forretning.","twitter_image":"https:\/\/kinsta.com\/dk\/wp-content\/uploads\/sites\/12\/2023\/12\/kinsta-homepage-dk.png","twitter_site":"@kinsta_dk","twitter_misc":{"Estimeret l\u00e6setid":"2 minutter"},"schema":{"@context":"https:\/\/schema.org","@graph":[{"@type":"WebPage","@id":"https:\/\/kinsta.com\/dk\/juridisk\/","url":"https:\/\/kinsta.com\/dk\/juridisk\/","name":"Juridisk information - Kinsta","isPartOf":{"@id":"https:\/\/kinsta.com\/dk\/#website"},"datePublished":"2016-03-07T18:42:07+00:00","dateModified":"2025-01-29T09:01:57+00:00","description":"At have moderne servicevilk\u00e5r, politikker og privatlivs- og copyright-dokumenter er grundlaget for en gennemsigtig forretning.","breadcrumb":{"@id":"https:\/\/kinsta.com\/dk\/juridisk\/#breadcrumb"},"inLanguage":"da-DK","potentialAction":[{"@type":"ReadAction","target":["https:\/\/kinsta.com\/dk\/juridisk\/"]}]},{"@type":"BreadcrumbList","@id":"https:\/\/kinsta.com\/dk\/juridisk\/#breadcrumb","itemListElement":[{"@type":"ListItem","position":1,"name":"Home","item":"https:\/\/kinsta.com\/dk\/"},{"@type":"ListItem","position":2,"name":"Juridisk information"}]},{"@type":"WebSite","@id":"https:\/\/kinsta.com\/dk\/#website","url":"https:\/\/kinsta.com\/dk\/","name":"Kinsta\u00ae","description":"Hurtig, sikker, premium hostingl\u00f8sninger","publisher":{"@id":"https:\/\/kinsta.com\/dk\/#organization"},"potentialAction":[{"@type":"SearchAction","target":{"@type":"EntryPoint","urlTemplate":"https:\/\/kinsta.com\/dk\/?s={search_term_string}"},"query-input":{"@type":"PropertyValueSpecification","valueRequired":true,"valueName":"search_term_string"}}],"inLanguage":"da-DK"},{"@type":"Organization","@id":"https:\/\/kinsta.com\/dk\/#organization","name":"Kinsta","url":"https:\/\/kinsta.com\/dk\/","logo":{"@type":"ImageObject","inLanguage":"da-DK","@id":"https:\/\/kinsta.com\/dk\/#\/schema\/logo\/image\/","url":"https:\/\/kinsta.com\/dk\/wp-content\/uploads\/sites\/12\/2023\/12\/kinsta-logo.jpeg","contentUrl":"https:\/\/kinsta.com\/dk\/wp-content\/uploads\/sites\/12\/2023\/12\/kinsta-logo.jpeg","width":500,"height":500,"caption":"Kinsta"},"image":{"@id":"https:\/\/kinsta.com\/dk\/#\/schema\/logo\/image\/"},"sameAs":["https:\/\/www.facebook.com\/Kinsta-Danmark-122855885298660\/","https:\/\/x.com\/kinsta_dk","https:\/\/www.instagram.com\/kinstahosting\/","https:\/\/www.linkedin.com\/company\/kinsta\/","https:\/\/www.pinterest.com\/kinstahosting\/","https:\/\/www.youtube.com\/c\/Kinsta"]}]}},"acf":[],"_links":{"self":[{"href":"https:\/\/kinsta.com\/dk\/wp-json\/wp\/v2\/pages\/4579","targetHints":{"allow":["GET"]}}],"collection":[{"href":"https:\/\/kinsta.com\/dk\/wp-json\/wp\/v2\/pages"}],"about":[{"href":"https:\/\/kinsta.com\/dk\/wp-json\/wp\/v2\/types\/page"}],"author":[{"embeddable":true,"href":"https:\/\/kinsta.com\/dk\/wp-json\/wp\/v2\/users\/18"}],"replies":[{"embeddable":true,"href":"https:\/\/kinsta.com\/dk\/wp-json\/wp\/v2\/comments?post=4579"}],"version-history":[{"count":14,"href":"https:\/\/kinsta.com\/dk\/wp-json\/wp\/v2\/pages\/4579\/revisions"}],"predecessor-version":[{"id":54865,"href":"https:\/\/kinsta.com\/dk\/wp-json\/wp\/v2\/pages\/4579\/revisions\/54865"}],"alternate":[{"embeddable":true,"hreflang":"en","title":"English","href":"https:\/\/kinsta.com\/dk\/wp-json\/kinsta\/v1\/posts\/4579\/translations\/en"},{"embeddable":true,"hreflang":"fr","title":"French","href":"https:\/\/kinsta.com\/dk\/wp-json\/kinsta\/v1\/posts\/4579\/translations\/fr"},{"embeddable":true,"hreflang":"it","title":"Italian","href":"https:\/\/kinsta.com\/dk\/wp-json\/kinsta\/v1\/posts\/4579\/translations\/it"},{"embeddable":true,"hreflang":"de","title":"German","href":"https:\/\/kinsta.com\/dk\/wp-json\/kinsta\/v1\/posts\/4579\/translations\/de"},{"embeddable":true,"hreflang":"es","title":"Spanish","href":"https:\/\/kinsta.com\/dk\/wp-json\/kinsta\/v1\/posts\/4579\/translations\/es"},{"embeddable":true,"hreflang":"pt","title":"Portuguese","href":"https:\/\/kinsta.com\/dk\/wp-json\/kinsta\/v1\/posts\/4579\/translations\/pt"},{"embeddable":true,"hreflang":"nl","title":"Dutch","href":"https:\/\/kinsta.com\/dk\/wp-json\/kinsta\/v1\/posts\/4579\/translations\/nl"},{"embeddable":true,"hreflang":"ja","title":"Japanese","href":"https:\/\/kinsta.com\/dk\/wp-json\/kinsta\/v1\/posts\/4579\/translations\/jp"},{"embeddable":true,"hreflang":"da","title":"Danish","href":"https:\/\/kinsta.com\/dk\/wp-json\/kinsta\/v1\/posts\/4579\/translations\/dk"},{"embeddable":true,"hreflang":"sv","title":"Swedish","href":"https:\/\/kinsta.com\/dk\/wp-json\/kinsta\/v1\/posts\/4579\/translations\/se"},{"href":"https:\/\/kinsta.com\/dk\/wp-json\/kinsta\/v1\/posts\/4579\/tree"}],"wp:attachment":[{"href":"https:\/\/kinsta.com\/dk\/wp-json\/wp\/v2\/media?parent=4579"}],"curies":[{"name":"wp","href":"https:\/\/api.w.org\/{rel}","templated":true}]}}