{"id":53885,"date":"2024-05-06T11:47:53","date_gmt":"2024-05-06T10:47:53","guid":{"rendered":"https:\/\/kinsta.com\/dk\/?page_id=53885&#038;preview_id=53885"},"modified":"2026-01-30T13:39:26","modified_gmt":"2026-01-30T12:39:26","slug":"tal-med-salg","status":"publish","type":"page","link":"https:\/\/kinsta.com\/dk\/tal-med-salg\/","title":{"rendered":"Tal med salgsteamet"},"content":{"rendered":"\n<div class=\"wp-block-kinsta-columns is-vertical-top\">\n<div class=\"wp-block-kinsta-column wp-block-kinsta-columns__column\">\n<h1 class=\"wp-block-heading\" id=\"h-tal-med-salgsteamet\">Tal med salgsteamet<\/h1>\n\n\n\n<p>Tal med en af vores kvalificerede hostingeksperter med en kombineret 100+ \u00e5rs brancheerfaring. Fort\u00e6l os om dine hostingbehov, og modtag en anbefaling, der er skr\u00e6ddersyet til dine behov.<\/p>\n\n\n\n<p><strong>L\u00e6r mere om:<\/strong><\/p>\n\n\n\n<ul class=\"wp-block-list\">\n<li>Kinstas migrationsproces<\/li>\n\n\n\n<li>H\u00e5ndtering af WordPress-websteder og andre hostingtjenester<\/li>\n\n\n\n<li>Teamsamarbejde i MyKinsta<\/li>\n\n\n\n<li>Overv\u00e5gning og analyse<\/li>\n\n\n\n<li>Kinsta&#8217;s 24\/7\/365 ekspertsupport<\/li>\n\n\n\n<li>Funktioner (APM, backups, CDN, caching, iscenes\u00e6ttelse og mange flere)<\/li>\n\n\n\n<li>Vores problemfri op- og nedgraderingsproces<\/li>\n<\/ul>\n\n\n\n<aside class=\"wp-block-kinsta-sales-team\">\n    <ul class=\"sales-team-list\">\n        <li><img loading=\"lazy\" decoding=\"async\" src=\"https:\/\/kinsta.com\/dk\/wp-content\/themes\/kinsta\/images\/sales-team\/avatar1.png\" alt=\"Bence Farkas\" width=\"50\" height=\"50\" \/><\/li>\n        <li><img loading=\"lazy\" decoding=\"async\" src=\"https:\/\/kinsta.com\/dk\/wp-content\/themes\/kinsta\/images\/sales-team\/avatar2.png\" alt=\"Ella Mabrito\" width=\"50\" height=\"50\" \/><\/li>\n        <li><img loading=\"lazy\" decoding=\"async\" src=\"https:\/\/kinsta.com\/dk\/wp-content\/themes\/kinsta\/images\/sales-team\/avatar3.png\" alt=\"Christophe Asselin de Beauville\" width=\"50\" height=\"50\" \/><\/li>\n        <li><img loading=\"lazy\" decoding=\"async\" src=\"https:\/\/kinsta.com\/dk\/wp-content\/themes\/kinsta\/images\/sales-team\/avatar4.png\" alt=\"Megan Hall\" width=\"50\" height=\"50\" \/><\/li>\n    <\/ul>\n            <p>Vores salgseksperter st\u00e5r klar til at besvare alle dine sp\u00f8rgsm\u00e5l.<\/p>\n    <\/aside>\n\n\n<\/div>\n\n\n\n<div class=\"wp-block-kinsta-column wp-block-kinsta-columns__column show-sm-up\">\n<figure class=\"wp-block-image size-full\"><img decoding=\"async\" width=\"2040\" height=\"2040\" loading=\"eager\" fetchpriority=\"high\" src=\"https:\/\/kinsta.com\/dk\/wp-content\/uploads\/sites\/12\/2026\/01\/DK_asset_talk-to-sales.png\" alt=\"Salgspr\u00e6sentation med Kinsta-medarbejdere\" class=\"wp-image-55714\" srcset=\"https:\/\/kinsta.com\/dk\/wp-content\/uploads\/sites\/12\/2026\/01\/DK_asset_talk-to-sales.png 2040w, https:\/\/kinsta.com\/dk\/wp-content\/uploads\/sites\/12\/2026\/01\/DK_asset_talk-to-sales-300x300.png 300w, https:\/\/kinsta.com\/dk\/wp-content\/uploads\/sites\/12\/2026\/01\/DK_asset_talk-to-sales-1024x1024.png 1024w, https:\/\/kinsta.com\/dk\/wp-content\/uploads\/sites\/12\/2026\/01\/DK_asset_talk-to-sales-150x150.png 150w, https:\/\/kinsta.com\/dk\/wp-content\/uploads\/sites\/12\/2026\/01\/DK_asset_talk-to-sales-768x768.png 768w, https:\/\/kinsta.com\/dk\/wp-content\/uploads\/sites\/12\/2026\/01\/DK_asset_talk-to-sales-1536x1536.png 1536w\" sizes=\"(max-width: 2040px) 100vw, 2040px\" \/><\/figure>\n<\/div>\n<\/div>\n\n\n\n<div style=\"height:50px\" aria-hidden=\"true\" class=\"wp-block-spacer\"><\/div>\n\n\n\n<div class=\"wp-block-kinsta-columns is-vertical-top\">\n<div class=\"wp-block-kinsta-column wp-block-kinsta-columns__column\">\n<div class=\"wp-block-kinsta-tabs is-style-pricing\"><div class=\"wp-block-kinsta-tabs__nav\"><ul><li><a id=\"book-a-call-tab\" href=\"#book-a-call\" class=\"wp-block-kinsta-tabs__tab\"><img decoding=\"async\" alt loading=\"lazy\" class=\"wp-block-kinsta-tabs__tab__icon\" src=\"\/wp-content\/themes\/kinsta\/images\/duos\/small\/star.svg\" aria-hidden=\"true\" width=\"40\" height=\"40\"><span class=\"wp-block-kinsta-tabs__tab__title tab__title_long\">Book et opkald<\/span><\/a><\/li><li><a id=\"message-us-tab\" href=\"#message-us\" class=\"wp-block-kinsta-tabs__tab\"><img decoding=\"async\" alt loading=\"lazy\" class=\"wp-block-kinsta-tabs__tab__icon\" src=\"\/wp-content\/themes\/kinsta\/images\/duos\/small\/star.svg\" aria-hidden=\"true\" width=\"40\" height=\"40\"><span class=\"wp-block-kinsta-tabs__tab__title tab__title_long\">Send os en besked<\/span><\/a><\/li><\/ul><\/div><div class=\"wp-block-kinsta-tabs__container\">\n<div class=\"wp-block-kinsta-tabs-tab wp-block-kinsta-tabs__content\" id=\"book-a-call\">\n<h3 class=\"wp-block-heading\" id=\"h-\"><\/h3>\n\n\n\n<div data-interface=\"Appointment\"><\/div>\n<\/div>\n\n\n\n<div class=\"wp-block-kinsta-tabs-tab wp-block-kinsta-tabs__content\" id=\"message-us\">\n<h3 class=\"wp-block-heading\" id=\"h-\"><\/h3>\n\n\n\n<div data-interface=\"Message\"><\/div>\n<\/div>\n<\/div><\/div>\n<\/div>\n\n\n\n<div class=\"wp-block-kinsta-column wp-block-kinsta-columns__column\">\n<h2 class=\"wp-block-heading\" id=\"h-faq\">FAQ:<\/h2>\n\n\n\n<div class=\"wp-block-kinsta-accordion\">\n<details class=\"wp-block-kinsta-accordion-item wp-block-kinsta-accordion__item\"><summary class=\"wp-block-kinsta-accordion__title\">Bliver jeg presset til at tilmelde mig?<\/summary>\n<p>Ingen! Vores team er her for at r\u00e5dgive dig, ikke for at presse dig til at tilmelde dig en l\u00f8sning. Der kr\u00e6ves ingen forpligtelse.<\/p>\n<\/details>\n\n\n\n<details class=\"wp-block-kinsta-accordion-item wp-block-kinsta-accordion__item\"><summary class=\"wp-block-kinsta-accordion__title\">Skal jeg v\u00e6re teknisk anlagt for at deltage i opkaldet?<\/summary>\n<p>Det beh\u00f8ver du ikke. Vi er glade for at diskutere enten den forretningsm\u00e6ssige side af tingene eller de smarte teknikske detaljer. Fort\u00e6l os dine pr\u00e6ferencer, og vi forbereder os derefter.<\/p>\n<\/details>\n\n\n\n<details class=\"wp-block-kinsta-accordion-item wp-block-kinsta-accordion__item\"><summary class=\"wp-block-kinsta-accordion__title\">Skal jeg have mit websted klar til migrering lige nu?<\/summary>\n<p>Nix. Vi hj\u00e6lper selvf\u00f8lgelig gerne med h\u00f8jt prioriterede migrationer, men vi brainstormer ogs\u00e5 gerne sammen om fremtidige projekter.<\/p>\n<\/details>\n\n\n\n<details class=\"wp-block-kinsta-accordion-item wp-block-kinsta-accordion__item\"><summary class=\"wp-block-kinsta-accordion__title\">Kan du ogs\u00e5 hj\u00e6lpe med ikke-WordPress-projekter?<\/summary>\n<p>Bruger du andre frameworks ud over WordPress eller bruger du ikke WordPress helt? Vi hj\u00e6lper ogs\u00e5 gerne! Fort\u00e6l os det i din besked, s\u00e5 s\u00f8rger vi for at forbinde dig med de rigtige eksperter.<\/p>\n<\/details>\n\n\n\n<details class=\"wp-block-kinsta-accordion-item wp-block-kinsta-accordion__item\"><summary class=\"wp-block-kinsta-accordion__title\">Vil dette v\u00e6re en standardiseret salgstale?<\/summary>\n<p>Du kan indstille tidsplanen baseret p\u00e5 dine pr\u00e6ferencer. Vil du h\u00f8re vores &#8216;pitch&#8217;, leverer vi gerne. Vil du bare brainstorme om et projekt, er du velkommen til at smide nogle ideer rundt. Har du et v\u00e6ld af sp\u00f8rgsm\u00e5l, du skal have svar p\u00e5, er vi der for dig.<\/p>\n<\/details>\n\n\n\n<details class=\"wp-block-kinsta-accordion-item wp-block-kinsta-accordion__item\"><summary class=\"wp-block-kinsta-accordion__title\">Kan jeg f\u00e5 et tilbud lige efter opkaldet?<\/summary>\n<p>Vi deler gerne vores anbefalinger og et skr\u00e6ddersyet tilbud med dig. Forbered og del dine webstedsdata under opkaldet, s\u00e5 vi kan lave det mest pr\u00e6cise tilbud, der er skr\u00e6ddersyet til dig.<\/p>\n<\/details>\n<\/div>\n<\/div>\n<\/div>\n\n\n\n<div style=\"height:50px\" aria-hidden=\"true\" class=\"wp-block-spacer\"><\/div>\n\n\n\n<p class=\"has-text-align-center\">Tillid fra mere end 230.000 virksomheder og brands verden over<\/p>\n\n\n<div class=\"wp-block-kinsta-template-part--client-logos wp-block-kinsta-template-part--client-logos--scrolling alignwide alignwide wp-block-kinsta-template-part\" ><div class=\"logos is-scrolling\" style=\"\n    --logos-count: 6;\n    --logos-individual-max-width: 200px;\n    --logos-height: 50px;\n    --logos-width-total: 862.81134075252;\n;\">\n    <div class=\"logos__inner\">\n                    <img decoding=\"async\"  src=\"https:\/\/kinsta.com\/dk\/wp-content\/themes\/kinsta\/images\/components\/client-logos\/tripadvisor.svg?v=2026-02-23\" width=\"275\" height=\"50\" alt=\"TripAdvisor virksomhedslogo\" loading=\"lazy\" class=\"logos__logo\" \/>\n                    <img decoding=\"async\"  src=\"https:\/\/kinsta.com\/dk\/wp-content\/themes\/kinsta\/images\/components\/client-logos\/calm.svg?v=2026-02-23\" width=\"50\" height=\"50\" alt=\"Calm virksomhedslogo\" loading=\"lazy\" class=\"logos__logo logos__logo--has-shades\" \/>\n                    <img decoding=\"async\"  src=\"https:\/\/kinsta.com\/dk\/wp-content\/themes\/kinsta\/images\/components\/client-logos\/clickup.svg?v=2026-02-23\" width=\"201\" height=\"50\" alt=\"ClickUp virksomhedslogo\" loading=\"lazy\" class=\"logos__logo\" \/>\n                    <img decoding=\"async\"  src=\"https:\/\/kinsta.com\/dk\/wp-content\/themes\/kinsta\/images\/components\/client-logos\/nasa.svg?v=2026-02-23\" width=\"62\" height=\"51\" alt=\"NASA virksomhedslogo\" loading=\"lazy\" class=\"logos__logo logos__logo--has-shades\" \/>\n                    <img decoding=\"async\"  src=\"https:\/\/kinsta.com\/dk\/wp-content\/themes\/kinsta\/images\/components\/client-logos\/hootsuite.svg?v=2026-02-23\" width=\"225\" height=\"74\" alt=\"Hootsuite virksomhedslogo\" loading=\"lazy\" class=\"logos__logo\" \/>\n                    <img decoding=\"async\"  src=\"https:\/\/kinsta.com\/dk\/wp-content\/themes\/kinsta\/images\/components\/client-logos\/konica-minolta.svg?v=2026-02-23\" width=\"240\" height=\"50\" alt=\"Konica Minolta virksomhedslogo\" loading=\"lazy\" class=\"logos__logo logos__logo--has-shades\" \/>\n            <\/div>\n<\/div>\n<\/div>\n\n\n<p><\/p>\n","protected":false},"excerpt":{"rendered":"<p>Tillid fra mere end virksomheder og brands verden over<\/p>\n","protected":false},"author":187,"featured_media":0,"parent":0,"menu_order":0,"comment_status":"closed","ping_status":"closed","template":"templates\/template-full-width.php","meta":{"_kinsta_gated_content":false,"_kinsta_gated_content_redirect":"","footnotes":""},"class_list":["post-53885","page","type-page","status-publish","hentry"],"yoast_head":"<!-- This site is optimized with the Yoast SEO Premium plugin v24.6 (Yoast SEO v24.6) - https:\/\/yoast.com\/wordpress\/plugins\/seo\/ -->\n<title>Tal med salgsteamet - Kinsta<\/title>\n<meta name=\"description\" content=\"Ekspert WordPress-hostingr\u00e5dgivning skr\u00e6ddersyet til dig. Drag fordel af mere end 100 \u00e5rs erfaring, 24\/7 support og problemfri migrering.\" \/>\n<meta name=\"robots\" content=\"index, follow, max-snippet:-1, max-image-preview:large, max-video-preview:-1\" \/>\n<link rel=\"canonical\" href=\"https:\/\/kinsta.com\/dk\/tal-med-salg\/\" \/>\n<meta property=\"og:locale\" content=\"da_DK\" \/>\n<meta property=\"og:type\" content=\"article\" \/>\n<meta property=\"og:title\" content=\"Tal med salgsteamet\" \/>\n<meta property=\"og:description\" content=\"Ekspert WordPress-hostingr\u00e5dgivning skr\u00e6ddersyet til dig. Drag fordel af mere end 100 \u00e5rs erfaring, 24\/7 support og problemfri migrering.\" \/>\n<meta property=\"og:url\" content=\"https:\/\/kinsta.com\/dk\/tal-med-salg\/\" \/>\n<meta property=\"og:site_name\" content=\"Kinsta\u00ae\" \/>\n<meta property=\"article:publisher\" content=\"https:\/\/www.facebook.com\/Kinsta-Danmark-122855885298660\/\" \/>\n<meta property=\"article:modified_time\" content=\"2026-01-30T12:39:26+00:00\" \/>\n<meta property=\"og:image\" content=\"https:\/\/kinsta.com\/dk\/wp-content\/uploads\/sites\/12\/2026\/01\/DK_asset_talk-to-sales.png\" \/>\n<meta name=\"twitter:card\" content=\"summary_large_image\" \/>\n<meta name=\"twitter:description\" content=\"Ekspert WordPress-hostingr\u00e5dgivning skr\u00e6ddersyet til dig. Drag fordel af mere end 100 \u00e5rs erfaring, 24\/7 support og problemfri migrering.\" \/>\n<meta name=\"twitter:image\" content=\"https:\/\/kinsta.com\/dk\/wp-content\/uploads\/sites\/12\/2023\/12\/kinsta-homepage-dk.png\" \/>\n<meta name=\"twitter:site\" content=\"@kinsta_dk\" \/>\n<meta name=\"twitter:label1\" content=\"Estimeret l\u00e6setid\" \/>\n\t<meta name=\"twitter:data1\" content=\"2 minutter\" \/>\n<script type=\"application\/ld+json\" class=\"yoast-schema-graph\">{\"@context\":\"https:\/\/schema.org\",\"@graph\":[{\"@type\":\"WebPage\",\"@id\":\"https:\/\/kinsta.com\/dk\/tal-med-salg\/\",\"url\":\"https:\/\/kinsta.com\/dk\/tal-med-salg\/\",\"name\":\"Tal med salgsteamet - Kinsta\",\"isPartOf\":{\"@id\":\"https:\/\/kinsta.com\/dk\/#website\"},\"primaryImageOfPage\":{\"@id\":\"https:\/\/kinsta.com\/dk\/tal-med-salg\/#primaryimage\"},\"image\":{\"@id\":\"https:\/\/kinsta.com\/dk\/tal-med-salg\/#primaryimage\"},\"thumbnailUrl\":\"https:\/\/kinsta.com\/dk\/wp-content\/uploads\/sites\/12\/2026\/01\/DK_asset_talk-to-sales.png\",\"datePublished\":\"2024-05-06T10:47:53+00:00\",\"dateModified\":\"2026-01-30T12:39:26+00:00\",\"description\":\"Ekspert WordPress-hostingr\u00e5dgivning skr\u00e6ddersyet til dig. Drag fordel af mere end 100 \u00e5rs erfaring, 24\/7 support og problemfri migrering.\",\"breadcrumb\":{\"@id\":\"https:\/\/kinsta.com\/dk\/tal-med-salg\/#breadcrumb\"},\"inLanguage\":\"da-DK\",\"potentialAction\":[{\"@type\":\"ReadAction\",\"target\":[\"https:\/\/kinsta.com\/dk\/tal-med-salg\/\"]}]},{\"@type\":\"ImageObject\",\"inLanguage\":\"da-DK\",\"@id\":\"https:\/\/kinsta.com\/dk\/tal-med-salg\/#primaryimage\",\"url\":\"https:\/\/kinsta.com\/dk\/wp-content\/uploads\/sites\/12\/2026\/01\/DK_asset_talk-to-sales.png\",\"contentUrl\":\"https:\/\/kinsta.com\/dk\/wp-content\/uploads\/sites\/12\/2026\/01\/DK_asset_talk-to-sales.png\",\"width\":2040,\"height\":2040},{\"@type\":\"BreadcrumbList\",\"@id\":\"https:\/\/kinsta.com\/dk\/tal-med-salg\/#breadcrumb\",\"itemListElement\":[{\"@type\":\"ListItem\",\"position\":1,\"name\":\"Home\",\"item\":\"https:\/\/kinsta.com\/dk\/\"},{\"@type\":\"ListItem\",\"position\":2,\"name\":\"Tal med salgsteamet\"}]},{\"@type\":\"WebSite\",\"@id\":\"https:\/\/kinsta.com\/dk\/#website\",\"url\":\"https:\/\/kinsta.com\/dk\/\",\"name\":\"Kinsta\u00ae\",\"description\":\"Hurtig, sikker, premium hostingl\u00f8sninger\",\"publisher\":{\"@id\":\"https:\/\/kinsta.com\/dk\/#organization\"},\"potentialAction\":[{\"@type\":\"SearchAction\",\"target\":{\"@type\":\"EntryPoint\",\"urlTemplate\":\"https:\/\/kinsta.com\/dk\/?s={search_term_string}\"},\"query-input\":{\"@type\":\"PropertyValueSpecification\",\"valueRequired\":true,\"valueName\":\"search_term_string\"}}],\"inLanguage\":\"da-DK\"},{\"@type\":\"Organization\",\"@id\":\"https:\/\/kinsta.com\/dk\/#organization\",\"name\":\"Kinsta\",\"url\":\"https:\/\/kinsta.com\/dk\/\",\"logo\":{\"@type\":\"ImageObject\",\"inLanguage\":\"da-DK\",\"@id\":\"https:\/\/kinsta.com\/dk\/#\/schema\/logo\/image\/\",\"url\":\"https:\/\/kinsta.com\/dk\/wp-content\/uploads\/sites\/12\/2023\/12\/kinsta-logo.jpeg\",\"contentUrl\":\"https:\/\/kinsta.com\/dk\/wp-content\/uploads\/sites\/12\/2023\/12\/kinsta-logo.jpeg\",\"width\":500,\"height\":500,\"caption\":\"Kinsta\"},\"image\":{\"@id\":\"https:\/\/kinsta.com\/dk\/#\/schema\/logo\/image\/\"},\"sameAs\":[\"https:\/\/www.facebook.com\/Kinsta-Danmark-122855885298660\/\",\"https:\/\/x.com\/kinsta_dk\",\"https:\/\/www.instagram.com\/kinstahosting\/\",\"https:\/\/www.linkedin.com\/company\/kinsta\/\",\"https:\/\/www.pinterest.com\/kinstahosting\/\",\"https:\/\/www.youtube.com\/c\/Kinsta\"]}]}<\/script>\n<!-- \/ Yoast SEO Premium plugin. -->","yoast_head_json":{"title":"Tal med salgsteamet - Kinsta","description":"Ekspert WordPress-hostingr\u00e5dgivning skr\u00e6ddersyet til dig. Drag fordel af mere end 100 \u00e5rs erfaring, 24\/7 support og problemfri migrering.","robots":{"index":"index","follow":"follow","max-snippet":"max-snippet:-1","max-image-preview":"max-image-preview:large","max-video-preview":"max-video-preview:-1"},"canonical":"https:\/\/kinsta.com\/dk\/tal-med-salg\/","og_locale":"da_DK","og_type":"article","og_title":"Tal med salgsteamet","og_description":"Ekspert WordPress-hostingr\u00e5dgivning skr\u00e6ddersyet til dig. Drag fordel af mere end 100 \u00e5rs erfaring, 24\/7 support og problemfri migrering.","og_url":"https:\/\/kinsta.com\/dk\/tal-med-salg\/","og_site_name":"Kinsta\u00ae","article_publisher":"https:\/\/www.facebook.com\/Kinsta-Danmark-122855885298660\/","article_modified_time":"2026-01-30T12:39:26+00:00","og_image":[{"url":"https:\/\/kinsta.com\/dk\/wp-content\/uploads\/sites\/12\/2026\/01\/DK_asset_talk-to-sales.png","type":"","width":"","height":""}],"twitter_card":"summary_large_image","twitter_description":"Ekspert WordPress-hostingr\u00e5dgivning skr\u00e6ddersyet til dig. Drag fordel af mere end 100 \u00e5rs erfaring, 24\/7 support og problemfri migrering.","twitter_image":"https:\/\/kinsta.com\/dk\/wp-content\/uploads\/sites\/12\/2023\/12\/kinsta-homepage-dk.png","twitter_site":"@kinsta_dk","twitter_misc":{"Estimeret l\u00e6setid":"2 minutter"},"schema":{"@context":"https:\/\/schema.org","@graph":[{"@type":"WebPage","@id":"https:\/\/kinsta.com\/dk\/tal-med-salg\/","url":"https:\/\/kinsta.com\/dk\/tal-med-salg\/","name":"Tal med salgsteamet - Kinsta","isPartOf":{"@id":"https:\/\/kinsta.com\/dk\/#website"},"primaryImageOfPage":{"@id":"https:\/\/kinsta.com\/dk\/tal-med-salg\/#primaryimage"},"image":{"@id":"https:\/\/kinsta.com\/dk\/tal-med-salg\/#primaryimage"},"thumbnailUrl":"https:\/\/kinsta.com\/dk\/wp-content\/uploads\/sites\/12\/2026\/01\/DK_asset_talk-to-sales.png","datePublished":"2024-05-06T10:47:53+00:00","dateModified":"2026-01-30T12:39:26+00:00","description":"Ekspert WordPress-hostingr\u00e5dgivning skr\u00e6ddersyet til dig. Drag fordel af mere end 100 \u00e5rs erfaring, 24\/7 support og problemfri migrering.","breadcrumb":{"@id":"https:\/\/kinsta.com\/dk\/tal-med-salg\/#breadcrumb"},"inLanguage":"da-DK","potentialAction":[{"@type":"ReadAction","target":["https:\/\/kinsta.com\/dk\/tal-med-salg\/"]}]},{"@type":"ImageObject","inLanguage":"da-DK","@id":"https:\/\/kinsta.com\/dk\/tal-med-salg\/#primaryimage","url":"https:\/\/kinsta.com\/dk\/wp-content\/uploads\/sites\/12\/2026\/01\/DK_asset_talk-to-sales.png","contentUrl":"https:\/\/kinsta.com\/dk\/wp-content\/uploads\/sites\/12\/2026\/01\/DK_asset_talk-to-sales.png","width":2040,"height":2040},{"@type":"BreadcrumbList","@id":"https:\/\/kinsta.com\/dk\/tal-med-salg\/#breadcrumb","itemListElement":[{"@type":"ListItem","position":1,"name":"Home","item":"https:\/\/kinsta.com\/dk\/"},{"@type":"ListItem","position":2,"name":"Tal med salgsteamet"}]},{"@type":"WebSite","@id":"https:\/\/kinsta.com\/dk\/#website","url":"https:\/\/kinsta.com\/dk\/","name":"Kinsta\u00ae","description":"Hurtig, sikker, premium hostingl\u00f8sninger","publisher":{"@id":"https:\/\/kinsta.com\/dk\/#organization"},"potentialAction":[{"@type":"SearchAction","target":{"@type":"EntryPoint","urlTemplate":"https:\/\/kinsta.com\/dk\/?s={search_term_string}"},"query-input":{"@type":"PropertyValueSpecification","valueRequired":true,"valueName":"search_term_string"}}],"inLanguage":"da-DK"},{"@type":"Organization","@id":"https:\/\/kinsta.com\/dk\/#organization","name":"Kinsta","url":"https:\/\/kinsta.com\/dk\/","logo":{"@type":"ImageObject","inLanguage":"da-DK","@id":"https:\/\/kinsta.com\/dk\/#\/schema\/logo\/image\/","url":"https:\/\/kinsta.com\/dk\/wp-content\/uploads\/sites\/12\/2023\/12\/kinsta-logo.jpeg","contentUrl":"https:\/\/kinsta.com\/dk\/wp-content\/uploads\/sites\/12\/2023\/12\/kinsta-logo.jpeg","width":500,"height":500,"caption":"Kinsta"},"image":{"@id":"https:\/\/kinsta.com\/dk\/#\/schema\/logo\/image\/"},"sameAs":["https:\/\/www.facebook.com\/Kinsta-Danmark-122855885298660\/","https:\/\/x.com\/kinsta_dk","https:\/\/www.instagram.com\/kinstahosting\/","https:\/\/www.linkedin.com\/company\/kinsta\/","https:\/\/www.pinterest.com\/kinstahosting\/","https:\/\/www.youtube.com\/c\/Kinsta"]}]}},"acf":[],"_links":{"self":[{"href":"https:\/\/kinsta.com\/dk\/wp-json\/wp\/v2\/pages\/53885","targetHints":{"allow":["GET"]}}],"collection":[{"href":"https:\/\/kinsta.com\/dk\/wp-json\/wp\/v2\/pages"}],"about":[{"href":"https:\/\/kinsta.com\/dk\/wp-json\/wp\/v2\/types\/page"}],"author":[{"embeddable":true,"href":"https:\/\/kinsta.com\/dk\/wp-json\/wp\/v2\/users\/187"}],"replies":[{"embeddable":true,"href":"https:\/\/kinsta.com\/dk\/wp-json\/wp\/v2\/comments?post=53885"}],"version-history":[{"count":3,"href":"https:\/\/kinsta.com\/dk\/wp-json\/wp\/v2\/pages\/53885\/revisions"}],"predecessor-version":[{"id":55715,"href":"https:\/\/kinsta.com\/dk\/wp-json\/wp\/v2\/pages\/53885\/revisions\/55715"}],"alternate":[{"embeddable":true,"hreflang":"en","title":"English","href":"https:\/\/kinsta.com\/dk\/wp-json\/kinsta\/v1\/posts\/53885\/translations\/en"},{"embeddable":true,"hreflang":"it","title":"Italian","href":"https:\/\/kinsta.com\/dk\/wp-json\/kinsta\/v1\/posts\/53885\/translations\/it"},{"embeddable":true,"hreflang":"pt","title":"Portuguese","href":"https:\/\/kinsta.com\/dk\/wp-json\/kinsta\/v1\/posts\/53885\/translations\/pt"},{"embeddable":true,"hreflang":"fr","title":"French","href":"https:\/\/kinsta.com\/dk\/wp-json\/kinsta\/v1\/posts\/53885\/translations\/fr"},{"embeddable":true,"hreflang":"de","title":"German","href":"https:\/\/kinsta.com\/dk\/wp-json\/kinsta\/v1\/posts\/53885\/translations\/de"},{"embeddable":true,"hreflang":"ja","title":"Japanese","href":"https:\/\/kinsta.com\/dk\/wp-json\/kinsta\/v1\/posts\/53885\/translations\/jp"},{"embeddable":true,"hreflang":"nl","title":"Dutch","href":"https:\/\/kinsta.com\/dk\/wp-json\/kinsta\/v1\/posts\/53885\/translations\/nl"},{"embeddable":true,"hreflang":"es","title":"Spanish","href":"https:\/\/kinsta.com\/dk\/wp-json\/kinsta\/v1\/posts\/53885\/translations\/es"},{"embeddable":true,"hreflang":"sv","title":"Swedish","href":"https:\/\/kinsta.com\/dk\/wp-json\/kinsta\/v1\/posts\/53885\/translations\/se"},{"embeddable":true,"hreflang":"da","title":"Danish","href":"https:\/\/kinsta.com\/dk\/wp-json\/kinsta\/v1\/posts\/53885\/translations\/dk"},{"href":"https:\/\/kinsta.com\/dk\/wp-json\/kinsta\/v1\/posts\/53885\/tree"}],"wp:attachment":[{"href":"https:\/\/kinsta.com\/dk\/wp-json\/wp\/v2\/media?parent=53885"}],"curies":[{"name":"wp","href":"https:\/\/api.w.org\/{rel}","templated":true}]}}