{"id":15766,"date":"2018-03-02T10:40:21","date_gmt":"2018-03-02T18:40:21","guid":{"rendered":"https:\/\/kinsta.com\/es\/?page_id=15766"},"modified":"2025-01-08T11:48:10","modified_gmt":"2025-01-08T10:48:10","slug":"cuota-de-mercado-de-wordpress","status":"publish","type":"page","link":"https:\/\/kinsta.com\/es\/cuota-de-mercado-de-wordpress\/","title":{"rendered":"Estad\u00edsticas de Cuota de Mercado de WordPress (2011-2026)"},"content":{"rendered":"\n<header class=\"wp-block-kinsta-hero-title is-style-center-screenshot alignfull\"><div class=\"wp-block-kinsta-hero-title__inner\">\n<div class=\"wp-block-kinsta-columns is-vertical-center\">\n<div class=\"wp-block-kinsta-column wp-block-kinsta-columns__column\">\n<div class=\"wp-block-kinsta-hero-title-content wp-block-kinsta-hero-title__content\"><h1 class=\"wp-block-kinsta-hero-title__title\"><span class=\"wp-block-kinsta-hero-title__title__text\">Estad\u00edsticas de Cuota de Mercado de WordPress (2011-2026)<\/span><\/h1>\n<p>Cuando buscas crear un sitio web, es probable que te encuentres con un mont\u00f3n de conversaciones sobre varios sistemas de gesti\u00f3n de contenidos, incluido WordPress. Esto puede llevarte a preguntarte: \u00bfqu\u00e9 cuota de mercado domina WordPress? \u00bfY c\u00f3mo se compara con sus diversos competidores?<\/p>\n\n\n\n<div class=\"wp-block-kinsta-buttons alignleft\">\n\n<\/div>\n<\/div>\n<\/div>\n\n\n\n<div class=\"wp-block-kinsta-column wp-block-kinsta-columns__column\">\n<div class=\"wp-block-kinsta-hero-title-secondary wp-block-kinsta-hero-title__secondary\"><\/div>\n<\/div>\n<\/div>\n<\/div><\/header>\n\n\n\n<div class=\"wp-block-group has-gray-background-color has-background is-layout-constrained wp-block-group-is-layout-constrained\">\n<h2 class=\"wp-block-heading\" id=\"h-spoiler-alert-las-respuestas-son-que\">Spoiler alert \u2014 las respuestas son que:<\/h2>\n\n\n\n<ul class=\"is-style-check-list wp-block-list\">\n<li><strong>WordPress es el sistema de gesti\u00f3n de contenidos m\u00e1s popular del mundo<\/strong>, as\u00ed que no puede ser m\u00e1s popular.<\/li>\n\n\n\n<li>WordPress domina otros mercados, como el comercio electr\u00f3nico, por lo que definitivamente no es s\u00f3lo para blogs.<\/li>\n<\/ul>\n\n\n\n<p>Y para mostrarte de d\u00f3nde proceden esas conclusiones, hemos recopilado algunas estad\u00edsticas alucinantes sobre la cuota de mercado de WordPress, as\u00ed como la cuota de mercado de dos de los plugins de comercio electr\u00f3nico m\u00e1s populares para WordPress: WooCommerce y Easy Digital Downloads.<\/p>\n<\/div>\n\n\n\n<div class=\"wp-block-group has-white-background-color has-background is-layout-constrained wp-block-group-is-layout-constrained\">\n<h2 class=\"wp-block-heading\" id=\"h-la-cuota-de-mercado-de-wordpress-es-wp-market-share-de-todos-los-sitios-web\">La cuota de mercado de WordPress es 43,5% de todos los sitios web<\/h2>\n\n\n\n<p><strong>WordPress impulsa el <a href=\"https:\/\/w3techs.com\/technologies\/details\/cm-wordpress\/all\/all\">43,5% de todos los sitios web<\/a> de Internet<\/strong>, incluidos los que no tienen un sistema de gesti\u00f3n de contenidos (CMS, content management system) o tienen un CMS personalizado. O, dicho de otro modo, \u00a1WordPress impulsa m\u00e1s de un tercio de la web! Y si limitas el conjunto de datos a s\u00f3lo los sitios web con un CMS conocido, la cuota de mercado de WordPress se vuelve a\u00fan m\u00e1s dominante.<\/p>\n\n\n\n<p>En ese caso, WordPress tiene una cuota de mercado del 61,7% en sistemas de gesti\u00f3n de contenidos en sitios web con un CMS conocido. \u00bfC\u00f3mo se compara esto con la cuota de mercado de otros sistemas de gesti\u00f3n de contenidos populares? Echemos un vistazo:<\/p>\n\n\n\n<figure class=\"wp-block-table is-style-comparison\"><table><thead><tr><th><\/th><th>% Todos los sitios web<\/th><th>% Mercado CMS<\/th><\/tr><\/thead><tbody><tr><td>WordPress<\/td><td>43,5<\/td><td>61,7<\/td><\/tr><tr><td>Shopify<\/td><td>4.6<\/td><td>6.6<\/td><\/tr><tr><td>Wix<\/td><td>3.2<\/td><td>4.6<\/td><\/tr><tr><td>Squarespace<\/td><td>2.2<\/td><td>3.2<\/td><\/tr><tr><td>Joomla<\/td><td>1.6<\/td><td>2.3<\/td><\/tr><tr><td>Drupal<\/td><td>0.9<\/td><td>1.3<\/td><\/tr><\/tbody><\/table><\/figure>\n\n\n\n<p>Aunque se ha hablado mucho de las herramientas de creaci\u00f3n de sitios web alojados, como <a href=\"https:\/\/kinsta.com\/es\/blog\/squarespace-vs-wordpress\/\">Squarespace<\/a> y <a href=\"https:\/\/kinsta.com\/es\/blog\/wix-a-wordpress\/\">Wix<\/a>, \u00a1las cifras muestran que WordPress no corre ning\u00fan peligro de ser destronado a corto plazo! WordPress tambi\u00e9n ocupa una posici\u00f3n dominante sobre <a href=\"https:\/\/kinsta.com\/es\/blog\/joomla-vs-wordpress\/\">Joomla<\/a>, otro popular sistema de gesti\u00f3n de contenidos autoalojado, y <a href=\"https:\/\/kinsta.com\/es\/blog\/woocommerce-vs-shopify\/\">Shopify<\/a>, una plataforma de comercio electr\u00f3nico alojada muy utilizada.<\/p>\n<\/div>\n\n\n\n<div class=\"wp-block-group has-white-background-color has-background is-layout-constrained wp-block-group-is-layout-constrained\">\n<h2 class=\"wp-block-heading\" id=\"h-sigue-creciendo-la-cuota-de-mercado-de-wordpress\">\u00bfSigue creciendo la cuota de mercado de WordPress?<\/h2>\n\n\n\n<p>\u00a1S\u00ed! La cuota de mercado de WordPress no ha dejado de crecer desde 2011. 2023 fue el primer a\u00f1o desde 2011 en que la cuota de mercado de WordPress descendi\u00f3, pero s\u00f3lo fue una ligera ca\u00edda del 0,1%.<\/p>\n\n\n\n<p>A principios de 2017, WordPress alimentaba el 27,3% de todos los sitios web. En agosto de 2024, WordPress hab\u00eda alcanzado una cuota de mercado del 43,5%.<\/p>\n\n\n\n<p>\u00bfQu\u00e9 diferencia hay con los a\u00f1os anteriores? Aqu\u00ed tienes la cuota de mercado global de WordPress desde 2011:<\/p>\n\n\n\n<figure class=\"wp-block-table is-style-regular\"><table><thead><tr><th>2011<\/th><th>2012<\/th><th>2013<\/th><th>2014<\/th><th>2015<\/th><th>2016<\/th><th>2017<\/th><th>2018<\/th><th>2019<\/th><th>2020<\/th><th>2021<\/th><th>2022<\/th><th>2023<\/th><th>2024<\/th><\/tr><\/thead><tbody><tr><td>13.1%<\/td><td>15.8%<\/td><td>17.4%<\/td><td>21.0%<\/td><td>23.3%<\/td><td>25.6%<\/td><td>27.3%<\/td><td>29.2%<\/td><td>32.7%<\/td><td>35.4%<\/td><td>39.5%<\/td><td>43.2%<\/td><td>43.1%<\/td><td>43.6%<\/td><\/tr><\/tbody><\/table><\/figure>\n\n\n\n<p>Como puedes ver, WordPress ha ido aumentando constantemente su cuota de mercado (en cifras globales de cuota de mercado) en los \u00faltimos a\u00f1os. Y no muestra signos de desaceleraci\u00f3n. Si esta tendencia contin\u00faa, no pasar\u00e1 mucho tiempo hasta que WordPress est\u00e9 impulsando la mitad de todos los sitios web de Internet.<\/p>\n\n\n\n<p>M\u00e1s de 900 empresas contribuyeron al <a href=\"https:\/\/make.wordpress.org\/updates\/2024\/09\/16\/five-for-the-future-program-updates-september-2024\/#:~:text=Contributor%20Count%20&#038;%20Pledged%20Hours,contributors%20have%20pledged%207%2C838%20hours\">core de WordPress<\/a> en 2023.<\/p>\n<\/div>\n\n\n\n<div class=\"wp-block-group has-white-background-color has-background is-layout-constrained wp-block-group-is-layout-constrained\">\n<h2 class=\"wp-block-heading\" id=\"h-c-mo-se-compara-el-crecimiento-de-wordpress-con-el-de-otros-sistemas-de-gesti-n-de-contenidos\">\u00bfC\u00f3mo se compara el crecimiento de WordPress con el de otros sistemas de gesti\u00f3n de contenidos?<\/h2>\n\n\n\n<p>As\u00ed que WordPress est\u00e1 creciendo&#8230; \u00bfpero crece m\u00e1s r\u00e1pido que la competencia? Esa es una pregunta m\u00e1s dif\u00edcil de responder.<\/p>\n\n\n\n<p>De 2023 a 2024<\/p>\n\n\n\n<ul class=\"is-style-check-list wp-block-list\">\n<li>La cuota de mercado de Shopify aument\u00f3 del 5,7% al 6,6%.<\/li>\n\n\n\n<li>La cuota de mercado de Wix aument\u00f3 del 3,6% al 4,6<\/li>\n\n\n\n<li>La cuota de mercado de Squarespace aument\u00f3 del 3,0% al 3,2%.<\/li>\n\n\n\n<li>La cuota de mercado de Joomla disminuy\u00f3 del 2,7% al 2,3%.<\/li>\n\n\n\n<li>La cuota de mercado de Drupal disminuy\u00f3 del 1,8% al 1,3%.<\/li>\n<\/ul>\n\n\n\n<p>Estos peque\u00f1os cambios en la cuota de mercado reflejan el crecimiento de plataformas especializadas como Shopify y <a href=\"https:\/\/kinsta.com\/es\/blog\/wix-a-wordpress\/\">Wix<\/a>, que atienden necesidades de nicho. Sin embargo, para quienes buscan una plataforma vers\u00e1til, potente y muy personalizable, WordPress sigue siendo la mejor opci\u00f3n.<\/p>\n\n\n\n<p>En 2024, WordPress seguir\u00e1 siendo el sistema de gesti\u00f3n de contenidos m\u00e1s popular, con m\u00e1s del 43,5% de todos los sitios web. Aunque el mercado ha experimentado un peque\u00f1o cambio de 2023 a 2024, con un ligero ajuste de la cuota de WordPress, es fundamental reconocer que sigue siendo una posici\u00f3n dominante muy por delante de sus competidores.<\/p>\n\n\n\n<p>Puedes ver estas tendencias de crecimiento en Google Trends, donde Wix, Squarespace y Joomla (y, en menor medida, WordPress) han disminuido o se han mantenido estables, mientras que Shopify est\u00e1 generando un inter\u00e9s creciente:<\/p>\n\n\n\n<figure class=\"wp-block-image size-large is-style-plain\"><img decoding=\"async\" src=\"https:\/\/kinsta.com\/wp-content\/uploads\/2024\/08\/wordpress-market-share-2024-trends-1024x548.png\" alt=\"Tendencias de WordPress frente a otros CMS\" class=\"wp-image-184170\"><\/figure>\n<\/div>\n\n\n\n<div class=\"wp-block-group has-gray-background-color has-background is-layout-constrained wp-block-group-is-layout-constrained\">\n<h2 class=\"wp-block-heading\" id=\"h-cuota-de-mercado-de-woocommerce\">Cuota de Mercado de WooCommerce<\/h2>\n\n\n\n<p>Dado que WordPress tuvo sus or\u00edgenes en los blogs, puede que te sorprenda darte cuenta de lo dominante que es WordPress en otras \u00e1reas, sobre todo en el comercio electr\u00f3nico.<\/p>\n\n\n\n<p>WooCommerce, el plugin de comercio electr\u00f3nico m\u00e1s popular para WordPress, <strong>impulsa el 17% de todos los sitios de comercio electr\u00f3nico de Internet <\/strong><a href=\"https:\/\/trends.builtwith.com\/shop\" target=\"_blank\" rel=\"noreferrer noopener\">seg\u00fan BuiltWith<\/a>. Aunque esa cifra no sea muy impresionante, la cuota de mercado de WooCommerce es en realidad mayor si filtras los sitios con menos tr\u00e1fico.<\/p>\n\n\n\n<p>Entre el mill\u00f3n de sitios m\u00e1s visitados de Internet, WooCommerce sigue siendo una soluci\u00f3n muy popular<\/p>\n\n\n\n<h3 class=\"wp-block-heading\" id=\"h-c-mo-se-compara-la-cuota-de-mercado-de-woocommerce-con-la-de-shopify\">\u00bfC\u00f3mo se compara la cuota de mercado de WooCommerce con la de Shopify?<\/h3>\n\n\n\n<p>Aunque WooCommerce es l\u00edder del mercado, Shopify es competitivo e incluso l\u00edder en algunas categor\u00edas. As\u00ed es como se compara la cuota de mercado de WooCommerce con la de <a href=\"https:\/\/kinsta.com\/es\/blog\/woocommerce-vs-shopify\/\">Shopify<\/a> cuando segmentas por popularidad del sitio web:<\/p>\n\n\n\n<figure class=\"wp-block-table is-style-comparison\"><table><thead><tr><th><\/th><th>WooCommerce<\/th><th>Shopify<\/th><\/tr><\/thead><tbody><tr><td>Todo Internet<\/td><td>17%<\/td><td>28%<\/td><\/tr><tr><td>Millones de sitios web<\/td><td>14%<\/td><td>24%<\/td><\/tr><tr><td>100.000 sitios m\u00e1s visitados<\/td><td>8%<\/td><td>20%<\/td><\/tr><tr><td>Top 10k Sitios<\/td><td>5%<\/td><td>19%<\/td><\/tr><\/tbody><\/table><\/figure>\n\n\n\n<p>Si te fijas s\u00f3lo en los 100.000 o 10.000 sitios web m\u00e1s populares de Internet, Shopify es en realidad el l\u00edder del mercado. Pero, vale la pena se\u00f1alar que s\u00f3lo 36.094 sitios web en ese Top 100k est\u00e1n ejecutando una plataforma de comercio electr\u00f3nico conocida, por lo que el tama\u00f1o de la muestra no es muy grande. Y en cuanto al n\u00famero real de sitios en el Top 10k de sitios que ejecutan cada plataforma:<\/p>\n\n\n\n<ul class=\"is-style-check-list wp-block-list\">\n<li>342 sitios utilizan Shopify<\/li>\n\n\n\n<li>97 sitios utilizan WooCommerce<\/li>\n<\/ul>\n<\/div>\n\n\n\n<div class=\"wp-block-group has-white-background-color has-background is-layout-constrained wp-block-group-is-layout-constrained\">\n<h2 class=\"wp-block-heading\" id=\"h-cuota-de-mercado-de-easy-digital-downloads\">Cuota de mercado de Easy Digital Downloads<\/h2>\n\n\n\n<p>Aunque no es tan popular como WooCommerce, Easy Digital Downloads sigue siendo un actor peque\u00f1o, pero notable, en la industria del comercio electr\u00f3nico.<\/p>\n\n\n\n<p><a href=\"https:\/\/trends.builtwith.com\/shop\/Easy-Digital-Downloads\" target=\"_blank\" rel=\"noreferrer noopener\">Seg\u00fan BuiltWith<\/a>, Easy Digital Downloads representa el 0,07% del BuiltWith Top Million (una estimaci\u00f3n del mill\u00f3n de sitios web m\u00e1s populares de Internet).<\/p>\n<\/div>\n\n\n\n<div class=\"wp-block-group has-white-background-color has-background is-layout-constrained wp-block-group-is-layout-constrained\">\n<h2 class=\"wp-block-heading\" id=\"h-brindemos-por-el-cms-m-s-popular-del-mundo\">Brindemos por el CMS m\u00e1s popular del mundo<\/h2>\n\n\n\n<p>Aunque hay que prestar atenci\u00f3n al crecimiento de los creadores de sitios web alojados, como Squarespace, Wix y Shopify, todas las cifras llevan a una conclusi\u00f3n: <strong>WordPress es, sin duda, la forma m\u00e1s popular de crear un sitio web.<\/strong><\/p>\n\n\n\n<p>\u00bfEst\u00e1s listo para empezar? Ofrecemos instalaciones de WordPress con un solo clic para que puedas ponerte en marcha en un abrir y cerrar de ojos.<\/p>\n\n\n\n<div class=\"wp-block-kinsta-buttons\">\n<a class=\"wp-block-kinsta-button\" href=\"https:\/\/kinsta.com\/es\/precios\/\">Empieza hoy mismo<\/a>\n<\/div>\n<\/div>\n","protected":false},"excerpt":{"rendered":"<p>Spoiler alert \u2014 las respuestas son que: Y para mostrarte de d\u00f3nde proceden esas conclusiones, hemos recopilado algunas estad\u00edsticas alucinantes sobre la cuota de mercado de &#8230;<\/p>\n","protected":false},"author":39,"featured_media":0,"parent":0,"menu_order":0,"comment_status":"closed","ping_status":"closed","template":"templates\/template-article.php","meta":{"_kinsta_gated_content":false,"_kinsta_gated_content_redirect":"","footnotes":""},"class_list":["post-15766","page","type-page","status-publish","hentry"],"yoast_head":"<!-- This site is optimized with the Yoast SEO Premium plugin v24.6 (Yoast SEO v24.6) - https:\/\/yoast.com\/wordpress\/plugins\/seo\/ -->\n<title>Cuota de Mercado de WordPress (2011- 2025) - Kinsta\u00ae<\/title>\n<meta name=\"description\" content=\"No es secreto que WordPress es muy popular para crear webs. Comprueba su cuota de mercado actual y su crecimiento frente a otras plataformas.\" \/>\n<meta name=\"robots\" content=\"index, follow, max-snippet:-1, max-image-preview:large, max-video-preview:-1\" \/>\n<link rel=\"canonical\" href=\"https:\/\/kinsta.com\/es\/cuota-de-mercado-de-wordpress\/\" \/>\n<meta property=\"og:locale\" content=\"es_ES\" \/>\n<meta property=\"og:type\" content=\"article\" \/>\n<meta property=\"og:title\" content=\"Estad\u00edsticas de Cuota de Mercado de WordPress (2011-2026)\" \/>\n<meta property=\"og:description\" content=\"No es secreto que WordPress es muy popular para crear webs. Comprueba su cuota de mercado actual y su crecimiento frente a otras plataformas.\" \/>\n<meta property=\"og:url\" content=\"https:\/\/kinsta.com\/es\/cuota-de-mercado-de-wordpress\/\" \/>\n<meta property=\"og:site_name\" content=\"Kinsta\u00ae\" \/>\n<meta property=\"article:publisher\" content=\"https:\/\/www.facebook.com\/kinsta.es\/\" \/>\n<meta property=\"article:modified_time\" content=\"2025-01-08T10:48:10+00:00\" \/>\n<meta property=\"og:image\" content=\"https:\/\/kinsta.com\/es\/wp-content\/uploads\/sites\/8\/2018\/06\/cuota-de-mercado-de-wordpress.png\" \/>\n\t<meta property=\"og:image:width\" content=\"1200\" \/>\n\t<meta property=\"og:image:height\" content=\"628\" \/>\n\t<meta property=\"og:image:type\" content=\"image\/png\" \/>\n<meta name=\"twitter:card\" content=\"summary_large_image\" \/>\n<meta name=\"twitter:description\" content=\"No es secreto que WordPress es muy popular para crear webs. Comprueba su cuota de mercado actual y su crecimiento frente a otras plataformas.\" \/>\n<meta name=\"twitter:image\" content=\"https:\/\/kinsta.com\/es\/wp-content\/uploads\/sites\/8\/2018\/06\/cuota-de-mercado-de-wordpress.png\" \/>\n<meta name=\"twitter:site\" content=\"@Kinsta_ES\" \/>\n<meta name=\"twitter:label1\" content=\"Tiempo de lectura\" \/>\n\t<meta name=\"twitter:data1\" content=\"6 minutos\" \/>\n<script type=\"application\/ld+json\" class=\"yoast-schema-graph\">{\"@context\":\"https:\/\/schema.org\",\"@graph\":[{\"@type\":\"WebPage\",\"@id\":\"https:\/\/kinsta.com\/es\/cuota-de-mercado-de-wordpress\/\",\"url\":\"https:\/\/kinsta.com\/es\/cuota-de-mercado-de-wordpress\/\",\"name\":\"Cuota de Mercado de WordPress (2011- 2025) - Kinsta\u00ae\",\"isPartOf\":{\"@id\":\"https:\/\/kinsta.com\/es\/#website\"},\"primaryImageOfPage\":{\"@id\":\"https:\/\/kinsta.com\/es\/cuota-de-mercado-de-wordpress\/#primaryimage\"},\"image\":{\"@id\":\"https:\/\/kinsta.com\/es\/cuota-de-mercado-de-wordpress\/#primaryimage\"},\"thumbnailUrl\":\"https:\/\/kinsta.com\/wp-content\/uploads\/2024\/08\/wordpress-market-share-2024-trends-1024x548.png\",\"datePublished\":\"2018-03-02T18:40:21+00:00\",\"dateModified\":\"2025-01-08T10:48:10+00:00\",\"description\":\"No es secreto que WordPress es muy popular para crear webs. Comprueba su cuota de mercado actual y su crecimiento frente a otras plataformas.\",\"breadcrumb\":{\"@id\":\"https:\/\/kinsta.com\/es\/cuota-de-mercado-de-wordpress\/#breadcrumb\"},\"inLanguage\":\"es\",\"potentialAction\":[{\"@type\":\"ReadAction\",\"target\":[\"https:\/\/kinsta.com\/es\/cuota-de-mercado-de-wordpress\/\"]}]},{\"@type\":\"ImageObject\",\"inLanguage\":\"es\",\"@id\":\"https:\/\/kinsta.com\/es\/cuota-de-mercado-de-wordpress\/#primaryimage\",\"url\":\"https:\/\/kinsta.com\/wp-content\/uploads\/2024\/08\/wordpress-market-share-2024-trends-1024x548.png\",\"contentUrl\":\"https:\/\/kinsta.com\/wp-content\/uploads\/2024\/08\/wordpress-market-share-2024-trends-1024x548.png\"},{\"@type\":\"BreadcrumbList\",\"@id\":\"https:\/\/kinsta.com\/es\/cuota-de-mercado-de-wordpress\/#breadcrumb\",\"itemListElement\":[{\"@type\":\"ListItem\",\"position\":1,\"name\":\"Home\",\"item\":\"https:\/\/kinsta.com\/es\/\"},{\"@type\":\"ListItem\",\"position\":2,\"name\":\"Estad\u00edsticas de Cuota de Mercado de WordPress (2011-2025)\"}]},{\"@type\":\"WebSite\",\"@id\":\"https:\/\/kinsta.com\/es\/#website\",\"url\":\"https:\/\/kinsta.com\/es\/\",\"name\":\"Kinsta\u00ae\",\"description\":\"Soluciones de alojamiento premium, r\u00e1pidas y seguras\",\"publisher\":{\"@id\":\"https:\/\/kinsta.com\/es\/#organization\"},\"potentialAction\":[{\"@type\":\"SearchAction\",\"target\":{\"@type\":\"EntryPoint\",\"urlTemplate\":\"https:\/\/kinsta.com\/es\/?s={search_term_string}\"},\"query-input\":{\"@type\":\"PropertyValueSpecification\",\"valueRequired\":true,\"valueName\":\"search_term_string\"}}],\"inLanguage\":\"es\"},{\"@type\":\"Organization\",\"@id\":\"https:\/\/kinsta.com\/es\/#organization\",\"name\":\"Kinsta\",\"url\":\"https:\/\/kinsta.com\/es\/\",\"logo\":{\"@type\":\"ImageObject\",\"inLanguage\":\"es\",\"@id\":\"https:\/\/kinsta.com\/es\/#\/schema\/logo\/image\/\",\"url\":\"https:\/\/kinsta.com\/es\/wp-content\/uploads\/sites\/8\/2023\/12\/kinsta-logo.jpeg\",\"contentUrl\":\"https:\/\/kinsta.com\/es\/wp-content\/uploads\/sites\/8\/2023\/12\/kinsta-logo.jpeg\",\"width\":500,\"height\":500,\"caption\":\"Kinsta\"},\"image\":{\"@id\":\"https:\/\/kinsta.com\/es\/#\/schema\/logo\/image\/\"},\"sameAs\":[\"https:\/\/www.facebook.com\/kinsta.es\/\",\"https:\/\/x.com\/Kinsta_ES\",\"https:\/\/www.instagram.com\/kinstahosting\/\",\"https:\/\/www.linkedin.com\/company\/kinsta\/\",\"https:\/\/www.pinterest.com\/kinstahosting\/\",\"https:\/\/www.youtube.com\/c\/Kinsta\"]}]}<\/script>\n<!-- \/ Yoast SEO Premium plugin. -->","yoast_head_json":{"title":"Cuota de Mercado de WordPress (2011- 2025) - Kinsta\u00ae","description":"No es secreto que WordPress es muy popular para crear webs. Comprueba su cuota de mercado actual y su crecimiento frente a otras plataformas.","robots":{"index":"index","follow":"follow","max-snippet":"max-snippet:-1","max-image-preview":"max-image-preview:large","max-video-preview":"max-video-preview:-1"},"canonical":"https:\/\/kinsta.com\/es\/cuota-de-mercado-de-wordpress\/","og_locale":"es_ES","og_type":"article","og_title":"Estad\u00edsticas de Cuota de Mercado de WordPress (2011-2026)","og_description":"No es secreto que WordPress es muy popular para crear webs. Comprueba su cuota de mercado actual y su crecimiento frente a otras plataformas.","og_url":"https:\/\/kinsta.com\/es\/cuota-de-mercado-de-wordpress\/","og_site_name":"Kinsta\u00ae","article_publisher":"https:\/\/www.facebook.com\/kinsta.es\/","article_modified_time":"2025-01-08T10:48:10+00:00","og_image":[{"width":1200,"height":628,"url":"https:\/\/kinsta.com\/es\/wp-content\/uploads\/sites\/8\/2018\/06\/cuota-de-mercado-de-wordpress.png","type":"image\/png"}],"twitter_card":"summary_large_image","twitter_description":"No es secreto que WordPress es muy popular para crear webs. Comprueba su cuota de mercado actual y su crecimiento frente a otras plataformas.","twitter_image":"https:\/\/kinsta.com\/es\/wp-content\/uploads\/sites\/8\/2018\/06\/cuota-de-mercado-de-wordpress.png","twitter_site":"@Kinsta_ES","twitter_misc":{"Tiempo de lectura":"6 minutos"},"schema":{"@context":"https:\/\/schema.org","@graph":[{"@type":"WebPage","@id":"https:\/\/kinsta.com\/es\/cuota-de-mercado-de-wordpress\/","url":"https:\/\/kinsta.com\/es\/cuota-de-mercado-de-wordpress\/","name":"Cuota de Mercado de WordPress (2011- 2025) - Kinsta\u00ae","isPartOf":{"@id":"https:\/\/kinsta.com\/es\/#website"},"primaryImageOfPage":{"@id":"https:\/\/kinsta.com\/es\/cuota-de-mercado-de-wordpress\/#primaryimage"},"image":{"@id":"https:\/\/kinsta.com\/es\/cuota-de-mercado-de-wordpress\/#primaryimage"},"thumbnailUrl":"https:\/\/kinsta.com\/wp-content\/uploads\/2024\/08\/wordpress-market-share-2024-trends-1024x548.png","datePublished":"2018-03-02T18:40:21+00:00","dateModified":"2025-01-08T10:48:10+00:00","description":"No es secreto que WordPress es muy popular para crear webs. Comprueba su cuota de mercado actual y su crecimiento frente a otras plataformas.","breadcrumb":{"@id":"https:\/\/kinsta.com\/es\/cuota-de-mercado-de-wordpress\/#breadcrumb"},"inLanguage":"es","potentialAction":[{"@type":"ReadAction","target":["https:\/\/kinsta.com\/es\/cuota-de-mercado-de-wordpress\/"]}]},{"@type":"ImageObject","inLanguage":"es","@id":"https:\/\/kinsta.com\/es\/cuota-de-mercado-de-wordpress\/#primaryimage","url":"https:\/\/kinsta.com\/wp-content\/uploads\/2024\/08\/wordpress-market-share-2024-trends-1024x548.png","contentUrl":"https:\/\/kinsta.com\/wp-content\/uploads\/2024\/08\/wordpress-market-share-2024-trends-1024x548.png"},{"@type":"BreadcrumbList","@id":"https:\/\/kinsta.com\/es\/cuota-de-mercado-de-wordpress\/#breadcrumb","itemListElement":[{"@type":"ListItem","position":1,"name":"Home","item":"https:\/\/kinsta.com\/es\/"},{"@type":"ListItem","position":2,"name":"Estad\u00edsticas de Cuota de Mercado de WordPress (2011-2025)"}]},{"@type":"WebSite","@id":"https:\/\/kinsta.com\/es\/#website","url":"https:\/\/kinsta.com\/es\/","name":"Kinsta\u00ae","description":"Soluciones de alojamiento premium, r\u00e1pidas y seguras","publisher":{"@id":"https:\/\/kinsta.com\/es\/#organization"},"potentialAction":[{"@type":"SearchAction","target":{"@type":"EntryPoint","urlTemplate":"https:\/\/kinsta.com\/es\/?s={search_term_string}"},"query-input":{"@type":"PropertyValueSpecification","valueRequired":true,"valueName":"search_term_string"}}],"inLanguage":"es"},{"@type":"Organization","@id":"https:\/\/kinsta.com\/es\/#organization","name":"Kinsta","url":"https:\/\/kinsta.com\/es\/","logo":{"@type":"ImageObject","inLanguage":"es","@id":"https:\/\/kinsta.com\/es\/#\/schema\/logo\/image\/","url":"https:\/\/kinsta.com\/es\/wp-content\/uploads\/sites\/8\/2023\/12\/kinsta-logo.jpeg","contentUrl":"https:\/\/kinsta.com\/es\/wp-content\/uploads\/sites\/8\/2023\/12\/kinsta-logo.jpeg","width":500,"height":500,"caption":"Kinsta"},"image":{"@id":"https:\/\/kinsta.com\/es\/#\/schema\/logo\/image\/"},"sameAs":["https:\/\/www.facebook.com\/kinsta.es\/","https:\/\/x.com\/Kinsta_ES","https:\/\/www.instagram.com\/kinstahosting\/","https:\/\/www.linkedin.com\/company\/kinsta\/","https:\/\/www.pinterest.com\/kinstahosting\/","https:\/\/www.youtube.com\/c\/Kinsta"]}]}},"acf":[],"_links":{"self":[{"href":"https:\/\/kinsta.com\/es\/wp-json\/wp\/v2\/pages\/15766","targetHints":{"allow":["GET"]}}],"collection":[{"href":"https:\/\/kinsta.com\/es\/wp-json\/wp\/v2\/pages"}],"about":[{"href":"https:\/\/kinsta.com\/es\/wp-json\/wp\/v2\/types\/page"}],"author":[{"embeddable":true,"href":"https:\/\/kinsta.com\/es\/wp-json\/wp\/v2\/users\/39"}],"replies":[{"embeddable":true,"href":"https:\/\/kinsta.com\/es\/wp-json\/wp\/v2\/comments?post=15766"}],"version-history":[{"count":6,"href":"https:\/\/kinsta.com\/es\/wp-json\/wp\/v2\/pages\/15766\/revisions"}],"predecessor-version":[{"id":77666,"href":"https:\/\/kinsta.com\/es\/wp-json\/wp\/v2\/pages\/15766\/revisions\/77666"}],"alternate":[{"embeddable":true,"hreflang":"en","title":"English","href":"https:\/\/kinsta.com\/es\/wp-json\/kinsta\/v1\/posts\/15766\/translations\/en"},{"embeddable":true,"hreflang":"it","title":"Italian","href":"https:\/\/kinsta.com\/es\/wp-json\/kinsta\/v1\/posts\/15766\/translations\/it"},{"embeddable":true,"hreflang":"es","title":"Spanish","href":"https:\/\/kinsta.com\/es\/wp-json\/kinsta\/v1\/posts\/15766\/translations\/es"},{"embeddable":true,"hreflang":"fr","title":"French","href":"https:\/\/kinsta.com\/es\/wp-json\/kinsta\/v1\/posts\/15766\/translations\/fr"},{"embeddable":true,"hreflang":"de","title":"German","href":"https:\/\/kinsta.com\/es\/wp-json\/kinsta\/v1\/posts\/15766\/translations\/de"},{"embeddable":true,"hreflang":"pt","title":"Portuguese","href":"https:\/\/kinsta.com\/es\/wp-json\/kinsta\/v1\/posts\/15766\/translations\/pt"},{"embeddable":true,"hreflang":"nl","title":"Dutch","href":"https:\/\/kinsta.com\/es\/wp-json\/kinsta\/v1\/posts\/15766\/translations\/nl"},{"embeddable":true,"hreflang":"ja","title":"Japanese","href":"https:\/\/kinsta.com\/es\/wp-json\/kinsta\/v1\/posts\/15766\/translations\/jp"},{"href":"https:\/\/kinsta.com\/es\/wp-json\/kinsta\/v1\/posts\/15766\/tree"}],"wp:attachment":[{"href":"https:\/\/kinsta.com\/es\/wp-json\/wp\/v2\/media?parent=15766"}],"curies":[{"name":"wp","href":"https:\/\/api.w.org\/{rel}","templated":true}]}}