{"id":39047,"date":"2021-01-14T23:38:14","date_gmt":"2021-01-14T22:38:14","guid":{"rendered":"https:\/\/kinsta.com\/?page_id=85392"},"modified":"2025-05-21T18:38:37","modified_gmt":"2025-05-21T16:38:37","slug":"caracteristicas","status":"publish","type":"page","link":"https:\/\/kinsta.com\/es\/devkinsta\/caracteristicas\/","title":{"rendered":"Caracter\u00edsticas de DevKinsta"},"content":{"rendered":"\n<header class=\"wp-block-kinsta-hero-title is-style-center-screenshot alignfull\"><div class=\"wp-block-kinsta-hero-title__inner\">\n<div class=\"wp-block-kinsta-columns is-vertical-center\">\n<div class=\"wp-block-kinsta-column wp-block-kinsta-columns__column\">\n<div class=\"wp-block-kinsta-hero-title-content wp-block-kinsta-hero-title__content\"><h1 class=\"wp-block-kinsta-hero-title__title\"><span class=\"wp-block-kinsta-hero-title__title__text\">Caracter\u00edsticas de DevKinsta<\/span><\/h1>\n<p>DevKinsta es una suite gratuita de herramientas de desarrollo local para construir, probar y desplegar sitios de WordPress en cuesti\u00f3n de minutos. Actualmente disponible para MacOS y Windows.<\/p>\n\n\n\n<div class=\"wp-block-kinsta-buttons alignleft\">\n\n<\/div>\n<\/div>\n<\/div>\n\n\n\n<div class=\"wp-block-kinsta-column wp-block-kinsta-columns__column\">\n<div class=\"wp-block-kinsta-hero-title-secondary wp-block-kinsta-hero-title__secondary\">\n<div class=\"wp-block-kinsta-illustration alignwide\"><img decoding=\"async\" alt=\"DevKinsta Features\" src=\"https:\/\/kinsta.com\/wp-content\/uploads\/2020\/12\/devkinsta-features-hero.svg\" class=\"wp-block-kinsta-illustration__image\"><\/div>\n<\/div>\n<\/div>\n<\/div>\n<\/div><\/header>\n\n\n\n<h2 class=\"wp-block-heading has-text-align-center\" id=\"h-creacion-de-sitios-con-un-solo-clic-y-desarrollo-local\">Creaci\u00f3n de sitios con un solo clic y desarrollo local<\/h2>\n\n\n\n<p class=\"has-text-align-center\">Crea sitios locales de WordPress con un solo clic, y comienza a desarrollar (casi) instant\u00e1neamente. Cada sitio que creas se configura autom\u00e1ticamente con Nginx, PHP y MySQL. DevKinsta tambi\u00e9n viene con soporte para Multisite de WordPress, adem\u00e1s de una poderosa base de datos y herramientas de administraci\u00f3n de correo electr\u00f3nico para agilizar el flujo de trabajo de desarrollo.<\/p>\n\n\n\n<div class=\"wp-block-kinsta-buttons aligncenter\">\n<a class=\"wp-block-kinsta-button is-style-inline\" href=\"https:\/\/kinsta.com\/es\/docs\/devkinsta\/como-empezar-con-devkinsta\/crear-un-sitio\/\">Aprende m\u00e1s sobre la creaci\u00f3n de sitios<\/a>\n<\/div>\n\n\n\n<div class=\"wp-block-kinsta-feature-boxes wp-block-kinsta-feature-boxes--4\">\n<div class=\"wp-block-kinsta-feature-boxes-box wp-block-kinsta-feature-boxes__box\">\n<div class=\"wp-block-kinsta-illustration aligncenter\"><img decoding=\"async\" alt=\"Database management\" src=\"https:\/\/kinsta.com\/wp-content\/uploads\/2020\/12\/devkinsta-features-database-picto.svg\" class=\"wp-block-kinsta-illustration__image\"><\/div>\n\n\n\n<h3 class=\"wp-block-heading\" id=\"h-gestion-de-la-base-de-datos\">Gesti\u00f3n de la base de datos<\/h3>\n\n\n\n<p>DevKinsta utiliza Adminer, una herramienta de gesti\u00f3n de bases de datos ligera y de c\u00f3digo abierto. Con Adminer, puedes editar f\u00e1cilmente las tablas de tu base de datos, importar y exportar copias de seguridad, ejecutar consultas SQL y mucho m\u00e1s.<\/p>\n\n\n\n<div class=\"wp-block-kinsta-buttons aligncenter\">\n<a class=\"wp-block-kinsta-button is-style-inline\" href=\"https:\/\/kinsta.com\/es\/docs\/devkinsta\/base-de-datos-devkinsta\/gestor-de-bases-de-datos\/\">M\u00e1s informaci\u00f3n sobre el Administrador de Bases de Datos<\/a>\n<\/div>\n<\/div>\n\n\n\n<div class=\"wp-block-kinsta-feature-boxes-box wp-block-kinsta-feature-boxes__box\">\n<div class=\"wp-block-kinsta-illustration aligncenter\"><img decoding=\"async\" alt=\"Work with HTTPS locally\" src=\"https:\/\/kinsta.com\/wp-content\/uploads\/2020\/12\/devkinsta-features-https-picto.svg\" class=\"wp-block-kinsta-illustration__image\"><\/div>\n\n\n\n<h3 class=\"wp-block-heading\" id=\"h-trabaja-con-https-localmente\">Trabaja con HTTPS localmente<\/h3>\n\n\n\n<p>El 66% de las cargas de p\u00e1gina utilizan HTTPS. Con el soporte HTTPS de DevKinsta, prueba y construye tu sitio de WordPress teniendo en cuenta la seguridad.<\/p>\n\n\n\n<div class=\"wp-block-kinsta-buttons aligncenter\">\n<a class=\"wp-block-kinsta-button is-style-inline\" href=\"https:\/\/kinsta.com\/docs\/devkinsta\/devkinsta-site-management\/#the-site-info-page\">M\u00e1s informaci\u00f3n<\/a>\n<\/div>\n<\/div>\n\n\n\n<div class=\"wp-block-kinsta-feature-boxes-box wp-block-kinsta-feature-boxes__box\">\n<div class=\"wp-block-kinsta-illustration aligncenter\"><img decoding=\"async\" alt=\"Built-in email testing\" src=\"https:\/\/kinsta.com\/wp-content\/uploads\/2020\/12\/devkinsta-features-email-picto.svg\" class=\"wp-block-kinsta-illustration__image\"><\/div>\n\n\n\n<h3 class=\"wp-block-heading\" id=\"h-testeo-de-correo-electronico-incorporado\">Testeo de correo electr\u00f3nico incorporado<\/h3>\n\n\n\n<p>2DevKinsta viene con un potente servidor SMTP y una bandeja de entrada de correo electr\u00f3nico que te permite analizar y depurar los correos electr\u00f3nicos salientes de tus sitios locales de WordPress.<\/p>\n\n\n\n<div class=\"wp-block-kinsta-buttons aligncenter\">\n<a class=\"wp-block-kinsta-button is-style-inline\" href=\"https:\/\/kinsta.com\/es\/docs\/devkinsta\/gestion-del-sitio-devkinsta\/buzon-de-correo-electronico\/\">M\u00e1s sobre la prueba del correo electr\u00f3nico<\/a>\n<\/div>\n<\/div>\n\n\n\n<div class=\"wp-block-kinsta-feature-boxes-box wp-block-kinsta-feature-boxes__box\">\n<div class=\"wp-block-kinsta-illustration aligncenter\"><img decoding=\"async\" alt=\"WordPress error logging\" src=\"https:\/\/kinsta.com\/wp-content\/uploads\/2020\/12\/devkinsta-features-logging.svg\" class=\"wp-block-kinsta-illustration__image\"><\/div>\n\n\n\n<h3 class=\"wp-block-heading\" id=\"h-registro-de-errores-de-wordpress\">Registro de errores de WordPress<\/h3>\n\n\n\n<p>Depura los errores de PHP de tu sitio con la funci\u00f3n incorporada WP_DEBUG de DevKinsta.<\/p>\n\n\n\n<div class=\"wp-block-kinsta-buttons aligncenter\">\n<a class=\"wp-block-kinsta-button is-style-inline\" href=\"https:\/\/kinsta.com\/es\/docs\/devkinsta\/resolucion-de-problemas-devkinsta\/registro\/\">M\u00e1s sobre el registro de errores<\/a>\n<\/div>\n<\/div>\n<\/div>\n\n\n\n<div class=\"wp-block-group devkinsta-features-cta has-secondary-background-color has-background is-layout-constrained wp-block-group-is-layout-constrained\">\n<h2 class=\"wp-block-heading has-text-align-center\" id=\"h-prueba-devkinsta-hoy-mismo\">\u00a1Prueba DevKinsta hoy mismo!<\/h2>\n\n\n\n<div class=\"wp-block-kinsta-buttons aligncenter\">\n<a class=\"wp-block-kinsta-button\" href=\"https:\/\/kinsta.com\/es\/devkinsta\/download\/\">Descargar Ahora<\/a>\n<\/div>\n<\/div>\n\n\n\n<figure class=\"wp-block-image aligncenter size-large is-resized is-style-plain\"><a href=\"https:\/\/kinsta.com\/es\/wp-content\/uploads\/sites\/8\/2021\/08\/devkinsta-features-deploy.svg\"><img decoding=\"async\" src=\"https:\/\/kinsta.com\/es\/wp-content\/uploads\/sites\/8\/2021\/08\/devkinsta-features-deploy.svg\" alt class=\"wp-image-42987\" style=\"width:445px;height:318px\"><\/a><\/figure>\n\n\n\n<h2 class=\"wp-block-heading has-text-align-center\" id=\"h-implementacion-a-nivel-mundial\">Implementaci\u00f3n a nivel mundial<\/h2>\n\n\n\n<p class=\"has-text-align-center\">Elige uno de los 27 centros de datos disponibles de Kinsta en todo el mundo. Integraci\u00f3n perfecta con los servicios de Kinsta.<\/p>\n\n\n\n<div class=\"wp-block-kinsta-buttons aligncenter\">\n<a class=\"wp-block-kinsta-button is-style-inline\" href=\"https:\/\/kinsta.com\/es\/precios\/\">M\u00e1s informaci\u00f3n sobre los planes de hosting<\/a>\n<\/div>\n\n\n\n<div class=\"wp-block-kinsta-feature-boxes wp-block-kinsta-feature-boxes--3\">\n<div class=\"wp-block-kinsta-feature-boxes-box wp-block-kinsta-feature-boxes__box\">\n<div class=\"wp-block-kinsta-illustration aligncenter\"><img decoding=\"async\" alt=\"DevKinsta available in 10 languages\" src=\"https:\/\/kinsta.com\/wp-content\/uploads\/2020\/12\/devkinsta-features-languages-picto.svg\" class=\"wp-block-kinsta-illustration__image\"><\/div>\n\n\n\n<h3 class=\"wp-block-heading\" id=\"h-disponible-en-10-idiomas\">Disponible en 10 idiomas<\/h3>\n\n\n\n<p>DevKinsta cuenta con el soporte para los siguientes idiomas: ingl\u00e9s, italiano, portugu\u00e9s, franc\u00e9s, alem\u00e1n, japon\u00e9s, holand\u00e9s, espa\u00f1ol, sueco y dan\u00e9s.<\/p>\n<\/div>\n\n\n\n<div class=\"wp-block-kinsta-feature-boxes-box wp-block-kinsta-feature-boxes__box\">\n<div class=\"wp-block-kinsta-illustration aligncenter\"><img decoding=\"async\" alt=\"PHP version switching in DevKinsta\" src=\"https:\/\/kinsta.com\/wp-content\/uploads\/2020\/12\/devkinsta-features-version-switching-picto.svg\" class=\"wp-block-kinsta-illustration__image\"><\/div>\n\n\n\n<h3 class=\"wp-block-heading\" id=\"h-cambio-de-version-de-php\">Cambio de versi\u00f3n de PHP<\/h3>\n\n\n\n<p>Con soporte para PHP 7.2, 7.3, 7.4, 8.0, 8.1 y 8.2, prueba tu sitio con las \u00faltimas versiones de PHP con un solo clic.<\/p>\n<\/div>\n\n\n\n<div class=\"wp-block-kinsta-feature-boxes-box wp-block-kinsta-feature-boxes__box\">\n<div class=\"wp-block-kinsta-illustration aligncenter\"><img decoding=\"async\" alt=\"DevKinsta automatic updates\" src=\"https:\/\/kinsta.com\/wp-content\/uploads\/2020\/12\/devkinsta-features-updates-picto.svg\" class=\"wp-block-kinsta-illustration__image\"><\/div>\n\n\n\n<h3 class=\"wp-block-heading\" id=\"h-actualizaciones-automaticas\">Actualizaciones autom\u00e1ticas<\/h3>\n\n\n\n<p>DevKinsta es compatible con las actualizaciones autom\u00e1ticas, por lo que siempre dispondr\u00e1s de las \u00faltimas caracter\u00edsticas para ayudar a tu flujo de trabajo de desarrollo local.<\/p>\n<\/div>\n<\/div>\n\n\n\n<div class=\"wp-block-group devkinsta-footer-cta has-primary-background-color has-background is-layout-constrained wp-block-group-is-layout-constrained\">\n<h2 class=\"wp-block-heading has-text-align-center\" id=\"h-prueba-devkinsta-hoy-mismo-0\">\u00a1Prueba DevKinsta hoy mismo!<\/h2>\n\n\n\n<div class=\"wp-block-kinsta-buttons aligncenter\">\n<a class=\"wp-block-kinsta-button\" href=\"https:\/\/kinsta.com\/es\/devkinsta\/download\/\">Descargar DevKinsta<\/a>\n<\/div>\n<\/div>\n","protected":false},"excerpt":{"rendered":"<p>Creaci\u00f3n de sitios con un solo clic y desarrollo local Crea sitios locales de WordPress con un solo clic, y comienza a desarrollar (casi) instant\u00e1neamente. Cada &#8230;<\/p>\n","protected":false},"author":115,"featured_media":39049,"parent":39052,"menu_order":0,"comment_status":"closed","ping_status":"closed","template":"templates\/page\/devkinsta.php","meta":{"_kinsta_gated_content":false,"_kinsta_gated_content_redirect":"","footnotes":""},"class_list":["post-39047","page","type-page","status-publish","has-post-thumbnail","hentry"],"yoast_head":"<!-- This site is optimized with the Yoast SEO Premium plugin v24.6 (Yoast SEO v24.6) - https:\/\/yoast.com\/wordpress\/plugins\/seo\/ -->\n<title>Caracter\u00edsticas de DevKinsta<\/title>\n<meta name=\"description\" content=\"Descubre las caracter\u00edsticas de DevKinsta: creaci\u00f3n de sitios en un clic, gesti\u00f3n de bases de datos, cambio de versi\u00f3n PHP, soporte multiling\u00fce y m\u00e1s.\" \/>\n<meta name=\"robots\" content=\"index, follow, max-snippet:-1, max-image-preview:large, max-video-preview:-1\" \/>\n<link rel=\"canonical\" href=\"https:\/\/kinsta.com\/es\/devkinsta\/caracteristicas\/\" \/>\n<meta property=\"og:locale\" content=\"es_ES\" \/>\n<meta property=\"og:type\" content=\"article\" \/>\n<meta property=\"og:title\" content=\"Caracter\u00edsticas de DevKinsta\" \/>\n<meta property=\"og:description\" content=\"Descubre las caracter\u00edsticas de DevKinsta: creaci\u00f3n de sitios en un clic, gesti\u00f3n de bases de datos, cambio de versi\u00f3n PHP, soporte multiling\u00fce y m\u00e1s.\" \/>\n<meta property=\"og:url\" content=\"https:\/\/kinsta.com\/es\/devkinsta\/caracteristicas\/\" \/>\n<meta property=\"og:site_name\" content=\"Kinsta\u00ae\" \/>\n<meta property=\"article:publisher\" content=\"https:\/\/www.facebook.com\/kinsta.es\/\" \/>\n<meta property=\"article:modified_time\" content=\"2025-05-21T16:38:37+00:00\" \/>\n<meta property=\"og:image\" content=\"https:\/\/kinsta.com\/es\/wp-content\/uploads\/sites\/8\/2021\/01\/devkinsta-featured-image.jpg\" \/>\n\t<meta property=\"og:image:width\" content=\"1200\" \/>\n\t<meta property=\"og:image:height\" content=\"628\" \/>\n\t<meta property=\"og:image:type\" content=\"image\/jpeg\" \/>\n<meta name=\"twitter:card\" content=\"summary_large_image\" \/>\n<meta name=\"twitter:description\" content=\"Descubre las caracter\u00edsticas de DevKinsta: creaci\u00f3n de sitios en un clic, gesti\u00f3n de bases de datos, cambio de versi\u00f3n PHP, soporte multiling\u00fce y m\u00e1s.\" \/>\n<meta name=\"twitter:image\" content=\"https:\/\/kinsta.com\/es\/wp-content\/uploads\/sites\/8\/2021\/01\/devkinsta-featured-image.jpg\" \/>\n<meta name=\"twitter:site\" content=\"@Kinsta_ES\" \/>\n<meta name=\"twitter:label1\" content=\"Tiempo de lectura\" \/>\n\t<meta name=\"twitter:data1\" content=\"4 minutos\" \/>\n<script type=\"application\/ld+json\" class=\"yoast-schema-graph\">{\"@context\":\"https:\/\/schema.org\",\"@graph\":[{\"@type\":\"WebPage\",\"@id\":\"https:\/\/kinsta.com\/es\/devkinsta\/caracteristicas\/\",\"url\":\"https:\/\/kinsta.com\/es\/devkinsta\/caracteristicas\/\",\"name\":\"Caracter\u00edsticas de DevKinsta\",\"isPartOf\":{\"@id\":\"https:\/\/kinsta.com\/es\/#website\"},\"primaryImageOfPage\":{\"@id\":\"https:\/\/kinsta.com\/es\/devkinsta\/caracteristicas\/#primaryimage\"},\"image\":{\"@id\":\"https:\/\/kinsta.com\/es\/devkinsta\/caracteristicas\/#primaryimage\"},\"thumbnailUrl\":\"https:\/\/kinsta.com\/es\/wp-content\/uploads\/sites\/8\/2021\/01\/devkinsta-featured-image.jpg\",\"datePublished\":\"2021-01-14T22:38:14+00:00\",\"dateModified\":\"2025-05-21T16:38:37+00:00\",\"description\":\"Descubre las caracter\u00edsticas de DevKinsta: creaci\u00f3n de sitios en un clic, gesti\u00f3n de bases de datos, cambio de versi\u00f3n PHP, soporte multiling\u00fce y m\u00e1s.\",\"breadcrumb\":{\"@id\":\"https:\/\/kinsta.com\/es\/devkinsta\/caracteristicas\/#breadcrumb\"},\"inLanguage\":\"es\",\"potentialAction\":[{\"@type\":\"ReadAction\",\"target\":[\"https:\/\/kinsta.com\/es\/devkinsta\/caracteristicas\/\"]}]},{\"@type\":\"ImageObject\",\"inLanguage\":\"es\",\"@id\":\"https:\/\/kinsta.com\/es\/devkinsta\/caracteristicas\/#primaryimage\",\"url\":\"https:\/\/kinsta.com\/es\/wp-content\/uploads\/sites\/8\/2021\/01\/devkinsta-featured-image.jpg\",\"contentUrl\":\"https:\/\/kinsta.com\/es\/wp-content\/uploads\/sites\/8\/2021\/01\/devkinsta-featured-image.jpg\",\"width\":1200,\"height\":628,\"caption\":\"DevKinsta es una suite gratuita de herramientas de desarrollo local para MacOS y Windows. Utiliza DevKinsta para construir, desarrollar y testear sitios de WordPress.\"},{\"@type\":\"BreadcrumbList\",\"@id\":\"https:\/\/kinsta.com\/es\/devkinsta\/caracteristicas\/#breadcrumb\",\"itemListElement\":[{\"@type\":\"ListItem\",\"position\":1,\"name\":\"Home\",\"item\":\"https:\/\/kinsta.com\/es\/\"},{\"@type\":\"ListItem\",\"position\":2,\"name\":\"Tu Paquete de Desarrollo Local de WordPress Gratuito\",\"item\":\"https:\/\/kinsta.com\/es\/devkinsta\/\"},{\"@type\":\"ListItem\",\"position\":3,\"name\":\"Caracter\u00edsticas de DevKinsta\"}]},{\"@type\":\"WebSite\",\"@id\":\"https:\/\/kinsta.com\/es\/#website\",\"url\":\"https:\/\/kinsta.com\/es\/\",\"name\":\"Kinsta\u00ae\",\"description\":\"Soluciones de alojamiento premium, r\u00e1pidas y seguras\",\"publisher\":{\"@id\":\"https:\/\/kinsta.com\/es\/#organization\"},\"potentialAction\":[{\"@type\":\"SearchAction\",\"target\":{\"@type\":\"EntryPoint\",\"urlTemplate\":\"https:\/\/kinsta.com\/es\/?s={search_term_string}\"},\"query-input\":{\"@type\":\"PropertyValueSpecification\",\"valueRequired\":true,\"valueName\":\"search_term_string\"}}],\"inLanguage\":\"es\"},{\"@type\":\"Organization\",\"@id\":\"https:\/\/kinsta.com\/es\/#organization\",\"name\":\"Kinsta\",\"url\":\"https:\/\/kinsta.com\/es\/\",\"logo\":{\"@type\":\"ImageObject\",\"inLanguage\":\"es\",\"@id\":\"https:\/\/kinsta.com\/es\/#\/schema\/logo\/image\/\",\"url\":\"https:\/\/kinsta.com\/es\/wp-content\/uploads\/sites\/8\/2023\/12\/kinsta-logo.jpeg\",\"contentUrl\":\"https:\/\/kinsta.com\/es\/wp-content\/uploads\/sites\/8\/2023\/12\/kinsta-logo.jpeg\",\"width\":500,\"height\":500,\"caption\":\"Kinsta\"},\"image\":{\"@id\":\"https:\/\/kinsta.com\/es\/#\/schema\/logo\/image\/\"},\"sameAs\":[\"https:\/\/www.facebook.com\/kinsta.es\/\",\"https:\/\/x.com\/Kinsta_ES\",\"https:\/\/www.instagram.com\/kinstahosting\/\",\"https:\/\/www.linkedin.com\/company\/kinsta\/\",\"https:\/\/www.pinterest.com\/kinstahosting\/\",\"https:\/\/www.youtube.com\/c\/Kinsta\"]}]}<\/script>\n<!-- \/ Yoast SEO Premium plugin. -->","yoast_head_json":{"title":"Caracter\u00edsticas de DevKinsta","description":"Descubre las caracter\u00edsticas de DevKinsta: creaci\u00f3n de sitios en un clic, gesti\u00f3n de bases de datos, cambio de versi\u00f3n PHP, soporte multiling\u00fce y m\u00e1s.","robots":{"index":"index","follow":"follow","max-snippet":"max-snippet:-1","max-image-preview":"max-image-preview:large","max-video-preview":"max-video-preview:-1"},"canonical":"https:\/\/kinsta.com\/es\/devkinsta\/caracteristicas\/","og_locale":"es_ES","og_type":"article","og_title":"Caracter\u00edsticas de DevKinsta","og_description":"Descubre las caracter\u00edsticas de DevKinsta: creaci\u00f3n de sitios en un clic, gesti\u00f3n de bases de datos, cambio de versi\u00f3n PHP, soporte multiling\u00fce y m\u00e1s.","og_url":"https:\/\/kinsta.com\/es\/devkinsta\/caracteristicas\/","og_site_name":"Kinsta\u00ae","article_publisher":"https:\/\/www.facebook.com\/kinsta.es\/","article_modified_time":"2025-05-21T16:38:37+00:00","og_image":[{"width":1200,"height":628,"url":"https:\/\/kinsta.com\/es\/wp-content\/uploads\/sites\/8\/2021\/01\/devkinsta-featured-image.jpg","type":"image\/jpeg"}],"twitter_card":"summary_large_image","twitter_description":"Descubre las caracter\u00edsticas de DevKinsta: creaci\u00f3n de sitios en un clic, gesti\u00f3n de bases de datos, cambio de versi\u00f3n PHP, soporte multiling\u00fce y m\u00e1s.","twitter_image":"https:\/\/kinsta.com\/es\/wp-content\/uploads\/sites\/8\/2021\/01\/devkinsta-featured-image.jpg","twitter_site":"@Kinsta_ES","twitter_misc":{"Tiempo de lectura":"4 minutos"},"schema":{"@context":"https:\/\/schema.org","@graph":[{"@type":"WebPage","@id":"https:\/\/kinsta.com\/es\/devkinsta\/caracteristicas\/","url":"https:\/\/kinsta.com\/es\/devkinsta\/caracteristicas\/","name":"Caracter\u00edsticas de DevKinsta","isPartOf":{"@id":"https:\/\/kinsta.com\/es\/#website"},"primaryImageOfPage":{"@id":"https:\/\/kinsta.com\/es\/devkinsta\/caracteristicas\/#primaryimage"},"image":{"@id":"https:\/\/kinsta.com\/es\/devkinsta\/caracteristicas\/#primaryimage"},"thumbnailUrl":"https:\/\/kinsta.com\/es\/wp-content\/uploads\/sites\/8\/2021\/01\/devkinsta-featured-image.jpg","datePublished":"2021-01-14T22:38:14+00:00","dateModified":"2025-05-21T16:38:37+00:00","description":"Descubre las caracter\u00edsticas de DevKinsta: creaci\u00f3n de sitios en un clic, gesti\u00f3n de bases de datos, cambio de versi\u00f3n PHP, soporte multiling\u00fce y m\u00e1s.","breadcrumb":{"@id":"https:\/\/kinsta.com\/es\/devkinsta\/caracteristicas\/#breadcrumb"},"inLanguage":"es","potentialAction":[{"@type":"ReadAction","target":["https:\/\/kinsta.com\/es\/devkinsta\/caracteristicas\/"]}]},{"@type":"ImageObject","inLanguage":"es","@id":"https:\/\/kinsta.com\/es\/devkinsta\/caracteristicas\/#primaryimage","url":"https:\/\/kinsta.com\/es\/wp-content\/uploads\/sites\/8\/2021\/01\/devkinsta-featured-image.jpg","contentUrl":"https:\/\/kinsta.com\/es\/wp-content\/uploads\/sites\/8\/2021\/01\/devkinsta-featured-image.jpg","width":1200,"height":628,"caption":"DevKinsta es una suite gratuita de herramientas de desarrollo local para MacOS y Windows. Utiliza DevKinsta para construir, desarrollar y testear sitios de WordPress."},{"@type":"BreadcrumbList","@id":"https:\/\/kinsta.com\/es\/devkinsta\/caracteristicas\/#breadcrumb","itemListElement":[{"@type":"ListItem","position":1,"name":"Home","item":"https:\/\/kinsta.com\/es\/"},{"@type":"ListItem","position":2,"name":"Tu Paquete de Desarrollo Local de WordPress Gratuito","item":"https:\/\/kinsta.com\/es\/devkinsta\/"},{"@type":"ListItem","position":3,"name":"Caracter\u00edsticas de DevKinsta"}]},{"@type":"WebSite","@id":"https:\/\/kinsta.com\/es\/#website","url":"https:\/\/kinsta.com\/es\/","name":"Kinsta\u00ae","description":"Soluciones de alojamiento premium, r\u00e1pidas y seguras","publisher":{"@id":"https:\/\/kinsta.com\/es\/#organization"},"potentialAction":[{"@type":"SearchAction","target":{"@type":"EntryPoint","urlTemplate":"https:\/\/kinsta.com\/es\/?s={search_term_string}"},"query-input":{"@type":"PropertyValueSpecification","valueRequired":true,"valueName":"search_term_string"}}],"inLanguage":"es"},{"@type":"Organization","@id":"https:\/\/kinsta.com\/es\/#organization","name":"Kinsta","url":"https:\/\/kinsta.com\/es\/","logo":{"@type":"ImageObject","inLanguage":"es","@id":"https:\/\/kinsta.com\/es\/#\/schema\/logo\/image\/","url":"https:\/\/kinsta.com\/es\/wp-content\/uploads\/sites\/8\/2023\/12\/kinsta-logo.jpeg","contentUrl":"https:\/\/kinsta.com\/es\/wp-content\/uploads\/sites\/8\/2023\/12\/kinsta-logo.jpeg","width":500,"height":500,"caption":"Kinsta"},"image":{"@id":"https:\/\/kinsta.com\/es\/#\/schema\/logo\/image\/"},"sameAs":["https:\/\/www.facebook.com\/kinsta.es\/","https:\/\/x.com\/Kinsta_ES","https:\/\/www.instagram.com\/kinstahosting\/","https:\/\/www.linkedin.com\/company\/kinsta\/","https:\/\/www.pinterest.com\/kinstahosting\/","https:\/\/www.youtube.com\/c\/Kinsta"]}]}},"acf":[],"_links":{"self":[{"href":"https:\/\/kinsta.com\/es\/wp-json\/wp\/v2\/pages\/39047","targetHints":{"allow":["GET"]}}],"collection":[{"href":"https:\/\/kinsta.com\/es\/wp-json\/wp\/v2\/pages"}],"about":[{"href":"https:\/\/kinsta.com\/es\/wp-json\/wp\/v2\/types\/page"}],"author":[{"embeddable":true,"href":"https:\/\/kinsta.com\/es\/wp-json\/wp\/v2\/users\/115"}],"replies":[{"embeddable":true,"href":"https:\/\/kinsta.com\/es\/wp-json\/wp\/v2\/comments?post=39047"}],"version-history":[{"count":10,"href":"https:\/\/kinsta.com\/es\/wp-json\/wp\/v2\/pages\/39047\/revisions"}],"predecessor-version":[{"id":79207,"href":"https:\/\/kinsta.com\/es\/wp-json\/wp\/v2\/pages\/39047\/revisions\/79207"}],"up":[{"embeddable":true,"href":"https:\/\/kinsta.com\/es\/wp-json\/wp\/v2\/pages\/39052"}],"alternate":[{"embeddable":true,"hreflang":"en","title":"English","href":"https:\/\/kinsta.com\/es\/wp-json\/kinsta\/v1\/posts\/39047\/translations\/en"},{"embeddable":true,"hreflang":"es","title":"Spanish","href":"https:\/\/kinsta.com\/es\/wp-json\/kinsta\/v1\/posts\/39047\/translations\/es"},{"embeddable":true,"hreflang":"de","title":"German","href":"https:\/\/kinsta.com\/es\/wp-json\/kinsta\/v1\/posts\/39047\/translations\/de"},{"embeddable":true,"hreflang":"nl","title":"Dutch","href":"https:\/\/kinsta.com\/es\/wp-json\/kinsta\/v1\/posts\/39047\/translations\/nl"},{"embeddable":true,"hreflang":"it","title":"Italian","href":"https:\/\/kinsta.com\/es\/wp-json\/kinsta\/v1\/posts\/39047\/translations\/it"},{"embeddable":true,"hreflang":"pt","title":"Portuguese","href":"https:\/\/kinsta.com\/es\/wp-json\/kinsta\/v1\/posts\/39047\/translations\/pt"},{"embeddable":true,"hreflang":"fr","title":"French","href":"https:\/\/kinsta.com\/es\/wp-json\/kinsta\/v1\/posts\/39047\/translations\/fr"},{"embeddable":true,"hreflang":"ja","title":"Japanese","href":"https:\/\/kinsta.com\/es\/wp-json\/kinsta\/v1\/posts\/39047\/translations\/jp"},{"embeddable":true,"hreflang":"da","title":"Danish","href":"https:\/\/kinsta.com\/es\/wp-json\/kinsta\/v1\/posts\/39047\/translations\/dk"},{"embeddable":true,"hreflang":"sv","title":"Swedish","href":"https:\/\/kinsta.com\/es\/wp-json\/kinsta\/v1\/posts\/39047\/translations\/se"},{"href":"https:\/\/kinsta.com\/es\/wp-json\/kinsta\/v1\/posts\/39047\/tree"}],"wp:featuredmedia":[{"embeddable":true,"href":"https:\/\/kinsta.com\/es\/wp-json\/wp\/v2\/media\/39049"}],"wp:attachment":[{"href":"https:\/\/kinsta.com\/es\/wp-json\/wp\/v2\/media?parent=39047"}],"curies":[{"name":"wp","href":"https:\/\/api.w.org\/{rel}","templated":true}]}}