{"id":41034,"date":"2021-05-19T18:31:35","date_gmt":"2021-05-19T16:31:35","guid":{"rendered":"https:\/\/kinsta.com\/?page_id=91725"},"modified":"2021-08-11T11:36:46","modified_gmt":"2021-08-11T09:36:46","slug":"hojas-de-trucos","status":"publish","type":"page","link":"https:\/\/kinsta.com\/es\/hojas-de-trucos\/","title":{"rendered":"Hojas de trucos"},"content":{"rendered":"<div class=\"wp-block-kinsta-featured-entries wp-block-kinsta-featured-entries--type-page \">\n\n   <div class=\"posts-grid posts-grid--3-cols\">\n<div class=\"post-preview post-41036 page type-page status-publish has-post-thumbnail hentry\">\n    <a class=\"post-preview__thumbnail\" aria-hidden=\"true\" tabindex=\"-1\" href=\"https:\/\/kinsta.com\/es\/hojas-de-trucos\/hoja-de-trucos-velocidad-del-sitio\/\">\n                        <img loading=\"lazy\" decoding=\"async\" width=\"360\" height=\"180\" src=\"https:\/\/kinsta.com\/es\/wp-content\/uploads\/sites\/8\/2023\/08\/Site-Speed-ES-360x180.jpg\" class=\"attachment-kinsta-thumbnail size-kinsta-thumbnail wp-post-image\" alt=\"\" aria-hidden=\"true\" tabindex=\"-1\" \/>            <\/a>\n\n    <div class=\"post-preview__content\">\n        \n<div class=\"post-preview__title-excerpt\">\n    <h2 class=\"post-preview__title\">\n                <a  href=\"https:\/\/kinsta.com\/es\/hojas-de-trucos\/hoja-de-trucos-velocidad-del-sitio\/\" class=\"post-preview__link\">\n            Hoja de trucos para la velocidad del sitio        <\/a>\n    <\/h2>\n\n            <div class=\"post-preview__excerpt\">\n            La velocidad del sitio es clave para el SEO y las conversiones, pero no siempre se sabe c\u00f3mo empezar. Descubre los problemas m\u00e1s comunes y mejora t&hellip;        <\/div>\n    <\/div>\n<dl class=\"post-preview__meta\">\n            <dt><span class=\"screen-reader-text\">Tiempo de lectura<\/span><\/dt>\n        <dd>1 min de lectura<\/dd>\n            <dt><span class=\"screen-reader-text\">Fecha actualizada<\/span><\/dt>\n        <dd>marzo 18, 2024<\/dd>\n    <\/dl>\n    <\/div>\n<\/div>\n\n<div class=\"post-preview post-41038 page type-page status-publish has-post-thumbnail hentry\">\n    <a class=\"post-preview__thumbnail\" aria-hidden=\"true\" tabindex=\"-1\" href=\"https:\/\/kinsta.com\/es\/hojas-de-trucos\/lista-de-comprobacion-de-seo-en-wordpress\/\">\n                        <img loading=\"lazy\" decoding=\"async\" width=\"360\" height=\"180\" src=\"https:\/\/kinsta.com\/es\/wp-content\/uploads\/sites\/8\/2021\/05\/Hero-seo-cheat-featured-360x180.png\" class=\"attachment-kinsta-thumbnail size-kinsta-thumbnail wp-post-image\" alt=\"\" aria-hidden=\"true\" tabindex=\"-1\" srcset=\"https:\/\/kinsta.com\/es\/wp-content\/uploads\/sites\/8\/2021\/05\/Hero-seo-cheat-featured-360x180.png 360w, https:\/\/kinsta.com\/es\/wp-content\/uploads\/sites\/8\/2021\/05\/Hero-seo-cheat-featured-300x150.png 300w, https:\/\/kinsta.com\/es\/wp-content\/uploads\/sites\/8\/2021\/05\/Hero-seo-cheat-featured-1024x512.png 1024w, https:\/\/kinsta.com\/es\/wp-content\/uploads\/sites\/8\/2021\/05\/Hero-seo-cheat-featured-768x384.png 768w, https:\/\/kinsta.com\/es\/wp-content\/uploads\/sites\/8\/2021\/05\/Hero-seo-cheat-featured.png 1460w\" sizes=\"auto, (max-width: 360px) 100vw, 360px\" \/>            <\/a>\n\n    <div class=\"post-preview__content\">\n        \n<div class=\"post-preview__title-excerpt\">\n    <h2 class=\"post-preview__title\">\n                <a  href=\"https:\/\/kinsta.com\/es\/hojas-de-trucos\/lista-de-comprobacion-de-seo-en-wordpress\/\" class=\"post-preview__link\">\n            Lista de comprobaci\u00f3n de SEO en WordPress        <\/a>\n    <\/h2>\n\n            <div class=\"post-preview__excerpt\">\n            Los beneficios del SEO son amplios: influye en el tr\u00e1fico, la credibilidad, la experiencia de usuario y m\u00e1s. Aqu\u00ed tienes 8 formas sencillas de mejo&hellip;        <\/div>\n    <\/div>\n<dl class=\"post-preview__meta\">\n            <dt><span class=\"screen-reader-text\">Fecha actualizada<\/span><\/dt>\n        <dd>octubre 2, 2023<\/dd>\n    <\/dl>\n    <\/div>\n<\/div>\n\n<div class=\"post-preview post-41041 page type-page status-publish has-post-thumbnail hentry\">\n    <a class=\"post-preview__thumbnail\" aria-hidden=\"true\" tabindex=\"-1\" href=\"https:\/\/kinsta.com\/es\/hojas-de-trucos\/hoja-de-trucos-seguridad-del-sitio\/\">\n                        <img loading=\"lazy\" decoding=\"async\" width=\"360\" height=\"180\" src=\"https:\/\/kinsta.com\/es\/wp-content\/uploads\/sites\/8\/2023\/08\/Site-Security-ES-360x180.jpg\" class=\"attachment-kinsta-thumbnail size-kinsta-thumbnail wp-post-image\" alt=\"\" aria-hidden=\"true\" tabindex=\"-1\" \/>            <\/a>\n\n    <div class=\"post-preview__content\">\n        \n<div class=\"post-preview__title-excerpt\">\n    <h2 class=\"post-preview__title\">\n                <a  href=\"https:\/\/kinsta.com\/es\/hojas-de-trucos\/hoja-de-trucos-seguridad-del-sitio\/\" class=\"post-preview__link\">\n            Hoja de trucos sobre la seguridad del sitio        <\/a>\n    <\/h2>\n\n            <div class=\"post-preview__excerpt\">\n            Protege la reputaci\u00f3n de tu marca y reduce el riesgo de brechas de seguridad con 5 poderosas formas de reforzar tu sitio web y la seguridad de los&hellip;        <\/div>\n    <\/div>\n<dl class=\"post-preview__meta\">\n            <dt><span class=\"screen-reader-text\">Tiempo de lectura<\/span><\/dt>\n        <dd>1 min de lectura<\/dd>\n            <dt><span class=\"screen-reader-text\">Fecha actualizada<\/span><\/dt>\n        <dd>marzo 18, 2024<\/dd>\n    <\/dl>\n    <\/div>\n<\/div>\n<\/div>\n    <\/div>\n\n\n\n<div class=\"wp-block-group aligncenter has-wp-gradient-background has-background is-layout-constrained wp-block-group-is-layout-constrained\">\n<h2 class=\"has-text-align-center wp-block-heading\" id=\"h-hemos-aumentado-nuestro-tr-fico-en-un-1-187-con-wordpress-te-mostraremos-c-mo\">Hemos aumentado nuestro tr\u00e1fico en un 1.187% con WordPress. Te mostraremos c\u00f3mo.<\/h2>\n\n\n\n<p class=\"has-text-align-center\">\u00a1\u00danete a los m\u00e1s de 20.000 usuarios que reciben nuestro bolet\u00edn semanal con consejos sobre WordPress!<\/p>\n\n\n\n<div class=\"wp-block-kinsta-buttons aligncenter\">\n<a class=\"wp-block-kinsta-button has-turquoise-color\" href=\"#newsletter\">Suscr\u00edbete ahora<\/a>\n<\/div>\n\n\n<dialog  id=\"newsletter\" class=\"dialog\" aria-hidden=\"true\">\n    <header class=\"dialog__header\">\n                    <h2 class=\"dialog__title\">\n                Subscribe to the Kinsta Newsletter            <\/h2>\n            <\/header>\n\n    <div class=\"dialog__content\">\n        <div class=\"signup-modal\">\n    <kinsta-form show-name=\"false\" show-message=\"false\" submit-button-text=\"Subscribe\" success-title=\"Thanks for subscribing!\" success-message=\"Keep an eye out for our next issue.\" hubspot-source=\"subscribe_to_newsletter\" show-phone=\"false\" show-website=\"false\" show-company=\"true\" show-disk-space=\"false\" show-monthly-visits=\"false\" show-average-project-budget=\"false\" show-services-provided=\"false\" show-number-of-websites=\"false\" submit-button-text-loading=\"Subscribing\"><\/kinsta-form>\n<\/div>\n    <\/div>\n\n    <\/dialog>\n<\/div>\n","protected":false},"excerpt":{"rendered":"","protected":false},"author":115,"featured_media":0,"parent":0,"menu_order":0,"comment_status":"closed","ping_status":"closed","template":"","meta":{"_kinsta_gated_content":false,"_kinsta_gated_content_redirect":"","footnotes":""},"class_list":["post-41034","page","type-page","status-publish","hentry"],"yoast_head":"<!-- This site is optimized with the Yoast SEO Premium plugin v24.6 (Yoast SEO v24.6) - https:\/\/yoast.com\/wordpress\/plugins\/seo\/ -->\n<title>Hojas de trucos - Kinsta<\/title>\n<meta name=\"description\" content=\"Consejos probados y verdaderos de Kinsta, dise\u00f1ados para turboalimentar tu negocio, empaquetados perfectamente en PDFs descargables de una p\u00e1gina.\" \/>\n<meta name=\"robots\" content=\"index, follow, max-snippet:-1, max-image-preview:large, max-video-preview:-1\" \/>\n<link rel=\"canonical\" href=\"https:\/\/kinsta.com\/es\/hojas-de-trucos\/\" \/>\n<meta property=\"og:locale\" content=\"es_ES\" \/>\n<meta property=\"og:type\" content=\"article\" \/>\n<meta property=\"og:title\" content=\"Hojas de trucos\" \/>\n<meta property=\"og:description\" content=\"Consejos probados y verdaderos de Kinsta, dise\u00f1ados para turboalimentar tu negocio, empaquetados perfectamente en PDFs descargables de una p\u00e1gina.\" \/>\n<meta property=\"og:url\" content=\"https:\/\/kinsta.com\/es\/hojas-de-trucos\/\" \/>\n<meta property=\"og:site_name\" content=\"Kinsta\u00ae\" \/>\n<meta property=\"article:publisher\" content=\"https:\/\/www.facebook.com\/kinsta.es\/\" \/>\n<meta property=\"article:modified_time\" content=\"2021-08-11T09:36:46+00:00\" \/>\n<meta property=\"og:image\" content=\"https:\/\/kinsta.com\/es\/wp-content\/uploads\/sites\/8\/2023\/12\/kinsta-homepage-es.png\" \/>\n\t<meta property=\"og:image:width\" content=\"1200\" \/>\n\t<meta property=\"og:image:height\" content=\"628\" \/>\n\t<meta property=\"og:image:type\" content=\"image\/png\" \/>\n<meta name=\"twitter:card\" content=\"summary_large_image\" \/>\n<meta name=\"twitter:description\" content=\"Consejos probados y verdaderos de Kinsta, dise\u00f1ados para turboalimentar tu negocio, empaquetados perfectamente en PDFs descargables de una p\u00e1gina.\" \/>\n<meta name=\"twitter:image\" content=\"https:\/\/kinsta.com\/es\/wp-content\/uploads\/sites\/8\/2023\/12\/kinsta-homepage-es.png\" \/>\n<meta name=\"twitter:site\" content=\"@Kinsta_ES\" \/>\n<script type=\"application\/ld+json\" class=\"yoast-schema-graph\">{\"@context\":\"https:\/\/schema.org\",\"@graph\":[{\"@type\":\"WebPage\",\"@id\":\"https:\/\/kinsta.com\/es\/hojas-de-trucos\/\",\"url\":\"https:\/\/kinsta.com\/es\/hojas-de-trucos\/\",\"name\":\"Hojas de trucos - Kinsta\",\"isPartOf\":{\"@id\":\"https:\/\/kinsta.com\/es\/#website\"},\"datePublished\":\"2021-05-19T16:31:35+00:00\",\"dateModified\":\"2021-08-11T09:36:46+00:00\",\"description\":\"Consejos probados y verdaderos de Kinsta, dise\u00f1ados para turboalimentar tu negocio, empaquetados perfectamente en PDFs descargables de una p\u00e1gina.\",\"breadcrumb\":{\"@id\":\"https:\/\/kinsta.com\/es\/hojas-de-trucos\/#breadcrumb\"},\"inLanguage\":\"es\",\"potentialAction\":[{\"@type\":\"ReadAction\",\"target\":[\"https:\/\/kinsta.com\/es\/hojas-de-trucos\/\"]}]},{\"@type\":\"BreadcrumbList\",\"@id\":\"https:\/\/kinsta.com\/es\/hojas-de-trucos\/#breadcrumb\",\"itemListElement\":[{\"@type\":\"ListItem\",\"position\":1,\"name\":\"Home\",\"item\":\"https:\/\/kinsta.com\/es\/\"},{\"@type\":\"ListItem\",\"position\":2,\"name\":\"Hojas de trucos\"}]},{\"@type\":\"WebSite\",\"@id\":\"https:\/\/kinsta.com\/es\/#website\",\"url\":\"https:\/\/kinsta.com\/es\/\",\"name\":\"Kinsta\u00ae\",\"description\":\"Soluciones de alojamiento premium, r\u00e1pidas y seguras\",\"publisher\":{\"@id\":\"https:\/\/kinsta.com\/es\/#organization\"},\"potentialAction\":[{\"@type\":\"SearchAction\",\"target\":{\"@type\":\"EntryPoint\",\"urlTemplate\":\"https:\/\/kinsta.com\/es\/?s={search_term_string}\"},\"query-input\":{\"@type\":\"PropertyValueSpecification\",\"valueRequired\":true,\"valueName\":\"search_term_string\"}}],\"inLanguage\":\"es\"},{\"@type\":\"Organization\",\"@id\":\"https:\/\/kinsta.com\/es\/#organization\",\"name\":\"Kinsta\",\"url\":\"https:\/\/kinsta.com\/es\/\",\"logo\":{\"@type\":\"ImageObject\",\"inLanguage\":\"es\",\"@id\":\"https:\/\/kinsta.com\/es\/#\/schema\/logo\/image\/\",\"url\":\"https:\/\/kinsta.com\/es\/wp-content\/uploads\/sites\/8\/2023\/12\/kinsta-logo.jpeg\",\"contentUrl\":\"https:\/\/kinsta.com\/es\/wp-content\/uploads\/sites\/8\/2023\/12\/kinsta-logo.jpeg\",\"width\":500,\"height\":500,\"caption\":\"Kinsta\"},\"image\":{\"@id\":\"https:\/\/kinsta.com\/es\/#\/schema\/logo\/image\/\"},\"sameAs\":[\"https:\/\/www.facebook.com\/kinsta.es\/\",\"https:\/\/x.com\/Kinsta_ES\",\"https:\/\/www.instagram.com\/kinstahosting\/\",\"https:\/\/www.linkedin.com\/company\/kinsta\/\",\"https:\/\/www.pinterest.com\/kinstahosting\/\",\"https:\/\/www.youtube.com\/c\/Kinsta\"]}]}<\/script>\n<!-- \/ Yoast SEO Premium plugin. -->","yoast_head_json":{"title":"Hojas de trucos - Kinsta","description":"Consejos probados y verdaderos de Kinsta, dise\u00f1ados para turboalimentar tu negocio, empaquetados perfectamente en PDFs descargables de una p\u00e1gina.","robots":{"index":"index","follow":"follow","max-snippet":"max-snippet:-1","max-image-preview":"max-image-preview:large","max-video-preview":"max-video-preview:-1"},"canonical":"https:\/\/kinsta.com\/es\/hojas-de-trucos\/","og_locale":"es_ES","og_type":"article","og_title":"Hojas de trucos","og_description":"Consejos probados y verdaderos de Kinsta, dise\u00f1ados para turboalimentar tu negocio, empaquetados perfectamente en PDFs descargables de una p\u00e1gina.","og_url":"https:\/\/kinsta.com\/es\/hojas-de-trucos\/","og_site_name":"Kinsta\u00ae","article_publisher":"https:\/\/www.facebook.com\/kinsta.es\/","article_modified_time":"2021-08-11T09:36:46+00:00","og_image":[{"width":1200,"height":628,"url":"https:\/\/kinsta.com\/es\/wp-content\/uploads\/sites\/8\/2023\/12\/kinsta-homepage-es.png","type":"image\/png"}],"twitter_card":"summary_large_image","twitter_description":"Consejos probados y verdaderos de Kinsta, dise\u00f1ados para turboalimentar tu negocio, empaquetados perfectamente en PDFs descargables de una p\u00e1gina.","twitter_image":"https:\/\/kinsta.com\/es\/wp-content\/uploads\/sites\/8\/2023\/12\/kinsta-homepage-es.png","twitter_site":"@Kinsta_ES","schema":{"@context":"https:\/\/schema.org","@graph":[{"@type":"WebPage","@id":"https:\/\/kinsta.com\/es\/hojas-de-trucos\/","url":"https:\/\/kinsta.com\/es\/hojas-de-trucos\/","name":"Hojas de trucos - Kinsta","isPartOf":{"@id":"https:\/\/kinsta.com\/es\/#website"},"datePublished":"2021-05-19T16:31:35+00:00","dateModified":"2021-08-11T09:36:46+00:00","description":"Consejos probados y verdaderos de Kinsta, dise\u00f1ados para turboalimentar tu negocio, empaquetados perfectamente en PDFs descargables de una p\u00e1gina.","breadcrumb":{"@id":"https:\/\/kinsta.com\/es\/hojas-de-trucos\/#breadcrumb"},"inLanguage":"es","potentialAction":[{"@type":"ReadAction","target":["https:\/\/kinsta.com\/es\/hojas-de-trucos\/"]}]},{"@type":"BreadcrumbList","@id":"https:\/\/kinsta.com\/es\/hojas-de-trucos\/#breadcrumb","itemListElement":[{"@type":"ListItem","position":1,"name":"Home","item":"https:\/\/kinsta.com\/es\/"},{"@type":"ListItem","position":2,"name":"Hojas de trucos"}]},{"@type":"WebSite","@id":"https:\/\/kinsta.com\/es\/#website","url":"https:\/\/kinsta.com\/es\/","name":"Kinsta\u00ae","description":"Soluciones de alojamiento premium, r\u00e1pidas y seguras","publisher":{"@id":"https:\/\/kinsta.com\/es\/#organization"},"potentialAction":[{"@type":"SearchAction","target":{"@type":"EntryPoint","urlTemplate":"https:\/\/kinsta.com\/es\/?s={search_term_string}"},"query-input":{"@type":"PropertyValueSpecification","valueRequired":true,"valueName":"search_term_string"}}],"inLanguage":"es"},{"@type":"Organization","@id":"https:\/\/kinsta.com\/es\/#organization","name":"Kinsta","url":"https:\/\/kinsta.com\/es\/","logo":{"@type":"ImageObject","inLanguage":"es","@id":"https:\/\/kinsta.com\/es\/#\/schema\/logo\/image\/","url":"https:\/\/kinsta.com\/es\/wp-content\/uploads\/sites\/8\/2023\/12\/kinsta-logo.jpeg","contentUrl":"https:\/\/kinsta.com\/es\/wp-content\/uploads\/sites\/8\/2023\/12\/kinsta-logo.jpeg","width":500,"height":500,"caption":"Kinsta"},"image":{"@id":"https:\/\/kinsta.com\/es\/#\/schema\/logo\/image\/"},"sameAs":["https:\/\/www.facebook.com\/kinsta.es\/","https:\/\/x.com\/Kinsta_ES","https:\/\/www.instagram.com\/kinstahosting\/","https:\/\/www.linkedin.com\/company\/kinsta\/","https:\/\/www.pinterest.com\/kinstahosting\/","https:\/\/www.youtube.com\/c\/Kinsta"]}]}},"acf":[],"_links":{"self":[{"href":"https:\/\/kinsta.com\/es\/wp-json\/wp\/v2\/pages\/41034","targetHints":{"allow":["GET"]}}],"collection":[{"href":"https:\/\/kinsta.com\/es\/wp-json\/wp\/v2\/pages"}],"about":[{"href":"https:\/\/kinsta.com\/es\/wp-json\/wp\/v2\/types\/page"}],"author":[{"embeddable":true,"href":"https:\/\/kinsta.com\/es\/wp-json\/wp\/v2\/users\/115"}],"replies":[{"embeddable":true,"href":"https:\/\/kinsta.com\/es\/wp-json\/wp\/v2\/comments?post=41034"}],"version-history":[{"count":4,"href":"https:\/\/kinsta.com\/es\/wp-json\/wp\/v2\/pages\/41034\/revisions"}],"predecessor-version":[{"id":41345,"href":"https:\/\/kinsta.com\/es\/wp-json\/wp\/v2\/pages\/41034\/revisions\/41345"}],"alternate":[{"embeddable":true,"hreflang":"en","title":"English","href":"https:\/\/kinsta.com\/es\/wp-json\/kinsta\/v1\/posts\/41034\/translations\/en"},{"embeddable":true,"hreflang":"da","title":"Danish","href":"https:\/\/kinsta.com\/es\/wp-json\/kinsta\/v1\/posts\/41034\/translations\/dk"},{"embeddable":true,"hreflang":"nl","title":"Dutch","href":"https:\/\/kinsta.com\/es\/wp-json\/kinsta\/v1\/posts\/41034\/translations\/nl"},{"embeddable":true,"hreflang":"fr","title":"French","href":"https:\/\/kinsta.com\/es\/wp-json\/kinsta\/v1\/posts\/41034\/translations\/fr"},{"embeddable":true,"hreflang":"de","title":"German","href":"https:\/\/kinsta.com\/es\/wp-json\/kinsta\/v1\/posts\/41034\/translations\/de"},{"embeddable":true,"hreflang":"it","title":"Italian","href":"https:\/\/kinsta.com\/es\/wp-json\/kinsta\/v1\/posts\/41034\/translations\/it"},{"embeddable":true,"hreflang":"ja","title":"Japanese","href":"https:\/\/kinsta.com\/es\/wp-json\/kinsta\/v1\/posts\/41034\/translations\/jp"},{"embeddable":true,"hreflang":"pt","title":"Portuguese","href":"https:\/\/kinsta.com\/es\/wp-json\/kinsta\/v1\/posts\/41034\/translations\/pt"},{"embeddable":true,"hreflang":"es","title":"Spanish","href":"https:\/\/kinsta.com\/es\/wp-json\/kinsta\/v1\/posts\/41034\/translations\/es"},{"embeddable":true,"hreflang":"sv","title":"Swedish","href":"https:\/\/kinsta.com\/es\/wp-json\/kinsta\/v1\/posts\/41034\/translations\/se"},{"href":"https:\/\/kinsta.com\/es\/wp-json\/kinsta\/v1\/posts\/41034\/tree"}],"wp:attachment":[{"href":"https:\/\/kinsta.com\/es\/wp-json\/wp\/v2\/media?parent=41034"}],"curies":[{"name":"wp","href":"https:\/\/api.w.org\/{rel}","templated":true}]}}