{"id":41041,"date":"2021-05-19T18:21:08","date_gmt":"2021-05-19T16:21:08","guid":{"rendered":"https:\/\/kinsta.com\/?page_id=92464"},"modified":"2024-03-18T22:55:10","modified_gmt":"2024-03-18T21:55:10","slug":"hoja-de-trucos-seguridad-del-sitio","status":"publish","type":"page","link":"https:\/\/kinsta.com\/es\/hojas-de-trucos\/hoja-de-trucos-seguridad-del-sitio\/","title":{"rendered":"Hoja de trucos sobre la seguridad del sitio"},"content":{"rendered":"\n<header class=\"wp-block-kinsta-hero-title is-style-center-screenshot alignfull\"><div class=\"wp-block-kinsta-hero-title__inner\">\n<div class=\"wp-block-kinsta-columns is-vertical-center\">\n<div class=\"wp-block-kinsta-column wp-block-kinsta-columns__column\">\n<div class=\"wp-block-kinsta-hero-title-content wp-block-kinsta-hero-title__content\"><h1 class=\"wp-block-kinsta-hero-title__title\">Hoja de trucos sobre la seguridad del sitio<\/h1>\n<p>Empieza a proteger la reputaci\u00f3n de tu marca y reduce el riesgo de brechas de seguridad con estas 5 poderosas formas de reforzar tu sitio web y la seguridad de tus datos.<\/p>\n\n\n\n<div class=\"wp-block-kinsta-buttons alignleft\">\n<a class=\"wp-block-kinsta-button has-turquoise-color\" href=\"#download\">Desc\u00e1rgatelo Gratis<\/a>\n\n\n<\/div>\n<\/div>\n<\/div>\n\n\n\n<div class=\"wp-block-kinsta-column wp-block-kinsta-columns__column\">\n<div class=\"wp-block-kinsta-hero-title-secondary wp-block-kinsta-hero-title__secondary\"><\/div>\n<\/div>\n<\/div>\n<\/div><\/header>\n\n\n<dialog  id=\"download\" class=\"dialog\" aria-hidden=\"true\">\n    <header class=\"dialog__header\">\n                    <h2 class=\"dialog__title\">\n                Descargar la hoja de trucos            <\/h2>\n            <\/header>\n\n    <div class=\"dialog__content\">\n        <div class=\"signup-modal\">\n    <kinsta-form show-name=\"true\" show-message=\"false\" submit-button-text=\"Descargar\" success-title=\"\u00a1Gracias!\" success-message=\"\u00a1Que lo disfrutes!\" hubspot-source=\"site-security-cheat-sheet\" show-phone=\"false\" show-website=\"false\" show-company=\"true\" show-disk-space=\"false\" show-monthly-visits=\"false\" show-average-project-budget=\"false\" show-services-provided=\"false\" show-number-of-websites=\"false\" submit-button-text-loading=\"Inicio de la descarga\" success-redirect=\"https:\/\/kinsta.com\/es\/wp-content\/uploads\/sites\/8\/2024\/03\/ES-site-security-cheat-sheet.pdf\"><\/kinsta-form>\n<\/div>\n    <\/div>\n\n    <\/dialog>\n\n\n\n<div class=\"wp-block-kinsta-columns is-vertical-center\">\n<div class=\"wp-block-kinsta-column wp-block-kinsta-columns__column\">\n<h2 class=\"wp-block-heading\" id=\"h-aqu-te-explicamos-c-mo-subir-el-nivel-de-tu-seguridad-un-paso-m-s-all\">Aqu\u00ed te explicamos c\u00f3mo subir el nivel de tu seguridad un paso m\u00e1s all\u00e1<\/h2>\n\n\n\n<p>Piensa en nuestra <strong>Hoja de Trucos de Seguridad del Sitio<\/strong> web como el tr\u00e1iler de nuestro largometraje, o en este caso, libro electr\u00f3nico gratuito. <a href=\"https:\/\/kinsta.com\/es\/ebooks\/wordpress\/como-asegurar-sitios-wordpress\/\"><strong>La gu\u00eda definitiva para asegurar los sitios de los clientes<\/strong><\/a><strong> <\/strong>incluye 11 recomendaciones adicionales que puedes poner en pr\u00e1ctica para reducir la probabilidad de un hackeo o una violaci\u00f3n de la seguridad.<\/p>\n\n\n\n<h3 class=\"wp-block-heading\" id=\"h-lo-que-aprender-s\">Lo que aprender\u00e1s:<\/h3>\n\n\n\n<ul class=\"wp-block-list\">\n<li>Nombres de usuario y contrase\u00f1as complejas<\/li>\n\n\n\n<li>Usar HTTPS para conexiones encriptadas, incluso para sitios que no son de comercio electr\u00f3nico<\/li>\n\n\n\n<li>Desactivar XML-RPC<\/li>\n\n\n\n<li>A\u00f1adir las \u00faltimas cabeceras de seguridad HTTP<\/li>\n\n\n\n<li>Plugins de seguridad<\/li>\n<\/ul>\n\n\n\n<div class=\"wp-block-kinsta-buttons\">\n<a class=\"wp-block-kinsta-button\" href=\"https:\/\/kinsta.com\/es\/ebooks\/wordpress\/como-asegurar-sitios-wordpress\/\">Descargar el eBook<\/a>\n<\/div>\n<\/div>\n\n\n\n<div class=\"wp-block-kinsta-column wp-block-kinsta-columns__column\">\n<figure class=\"wp-block-image aligncenter size-large is-style-plain\"><a href=\"https:\/\/kinsta.com\/es\/wp-content\/uploads\/sites\/8\/2021\/05\/EBOOK-Secure-ES.png\"><img loading=\"lazy\" decoding=\"async\" width=\"445\" height=\"519\" src=\"https:\/\/kinsta.com\/es\/wp-content\/uploads\/sites\/8\/2021\/05\/EBOOK-Secure-ES.png\" alt class=\"wp-image-41095\" srcset=\"https:\/\/kinsta.com\/es\/wp-content\/uploads\/sites\/8\/2021\/05\/EBOOK-Secure-ES.png 445w, https:\/\/kinsta.com\/es\/wp-content\/uploads\/sites\/8\/2021\/05\/EBOOK-Secure-ES-257x300.png 257w\" sizes=\"auto, (max-width: 445px) 100vw, 445px\" \/><\/a><\/figure>\n\n\n\n<p><\/p>\n<\/div>\n<\/div>\n","protected":false},"excerpt":{"rendered":"","protected":false},"author":155,"featured_media":68931,"parent":41034,"menu_order":0,"comment_status":"closed","ping_status":"closed","template":"","meta":{"_kinsta_gated_content":false,"_kinsta_gated_content_redirect":"\/cheatsheets\/","footnotes":""},"class_list":["post-41041","page","type-page","status-publish","has-post-thumbnail","hentry"],"yoast_head":"<!-- This site is optimized with the Yoast SEO Premium plugin v24.6 (Yoast SEO v24.6) - https:\/\/yoast.com\/wordpress\/plugins\/seo\/ -->\n<title>Hoja de trucos sobre la seguridad del sitio - Kinsta\u00ae<\/title>\n<meta name=\"description\" content=\"Protege la reputaci\u00f3n de tu marca y reduce el riesgo de brechas de seguridad con 5 poderosas formas de reforzar tu sitio web y la seguridad de los datos.\" \/>\n<meta name=\"robots\" content=\"index, follow, max-snippet:-1, max-image-preview:large, max-video-preview:-1\" \/>\n<link rel=\"canonical\" href=\"https:\/\/kinsta.com\/es\/hojas-de-trucos\/hoja-de-trucos-seguridad-del-sitio\/\" \/>\n<meta property=\"og:locale\" content=\"es_ES\" \/>\n<meta property=\"og:type\" content=\"article\" \/>\n<meta property=\"og:title\" content=\"Hoja de trucos sobre la seguridad del sitio\" \/>\n<meta property=\"og:description\" content=\"Protege la reputaci\u00f3n de tu marca y reduce el riesgo de brechas de seguridad con 5 poderosas formas de reforzar tu sitio web y la seguridad de los datos.\" \/>\n<meta property=\"og:url\" content=\"https:\/\/kinsta.com\/es\/hojas-de-trucos\/hoja-de-trucos-seguridad-del-sitio\/\" \/>\n<meta property=\"og:site_name\" content=\"Kinsta\u00ae\" \/>\n<meta property=\"article:publisher\" content=\"https:\/\/www.facebook.com\/kinsta.es\/\" \/>\n<meta property=\"article:modified_time\" content=\"2024-03-18T21:55:10+00:00\" \/>\n<meta property=\"og:image\" content=\"https:\/\/kinsta.com\/es\/wp-content\/uploads\/sites\/8\/2023\/08\/Site-Security-ES.jpg\" \/>\n\t<meta property=\"og:image:width\" content=\"1200\" \/>\n\t<meta property=\"og:image:height\" content=\"628\" \/>\n\t<meta property=\"og:image:type\" content=\"image\/jpeg\" \/>\n<meta name=\"twitter:card\" content=\"summary_large_image\" \/>\n<meta name=\"twitter:description\" content=\"Protege la reputaci\u00f3n de tu marca y reduce el riesgo de brechas de seguridad con 5 poderosas formas de reforzar tu sitio web y la seguridad de los datos.\" \/>\n<meta name=\"twitter:image\" content=\"https:\/\/kinsta.com\/es\/wp-content\/uploads\/sites\/8\/2023\/08\/Site-Security-ES.jpg\" \/>\n<meta name=\"twitter:site\" content=\"@Kinsta_ES\" \/>\n<meta name=\"twitter:label1\" content=\"Tiempo de lectura\" \/>\n\t<meta name=\"twitter:data1\" content=\"1 minuto\" \/>\n<script type=\"application\/ld+json\" class=\"yoast-schema-graph\">{\"@context\":\"https:\/\/schema.org\",\"@graph\":[{\"@type\":\"WebPage\",\"@id\":\"https:\/\/kinsta.com\/es\/hojas-de-trucos\/hoja-de-trucos-seguridad-del-sitio\/\",\"url\":\"https:\/\/kinsta.com\/es\/hojas-de-trucos\/hoja-de-trucos-seguridad-del-sitio\/\",\"name\":\"Hoja de trucos sobre la seguridad del sitio - Kinsta\u00ae\",\"isPartOf\":{\"@id\":\"https:\/\/kinsta.com\/es\/#website\"},\"primaryImageOfPage\":{\"@id\":\"https:\/\/kinsta.com\/es\/hojas-de-trucos\/hoja-de-trucos-seguridad-del-sitio\/#primaryimage\"},\"image\":{\"@id\":\"https:\/\/kinsta.com\/es\/hojas-de-trucos\/hoja-de-trucos-seguridad-del-sitio\/#primaryimage\"},\"thumbnailUrl\":\"https:\/\/kinsta.com\/es\/wp-content\/uploads\/sites\/8\/2023\/08\/Site-Security-ES.jpg\",\"datePublished\":\"2021-05-19T16:21:08+00:00\",\"dateModified\":\"2024-03-18T21:55:10+00:00\",\"description\":\"Protege la reputaci\u00f3n de tu marca y reduce el riesgo de brechas de seguridad con 5 poderosas formas de reforzar tu sitio web y la seguridad de los datos.\",\"breadcrumb\":{\"@id\":\"https:\/\/kinsta.com\/es\/hojas-de-trucos\/hoja-de-trucos-seguridad-del-sitio\/#breadcrumb\"},\"inLanguage\":\"es\",\"potentialAction\":[{\"@type\":\"ReadAction\",\"target\":[\"https:\/\/kinsta.com\/es\/hojas-de-trucos\/hoja-de-trucos-seguridad-del-sitio\/\"]}]},{\"@type\":\"ImageObject\",\"inLanguage\":\"es\",\"@id\":\"https:\/\/kinsta.com\/es\/hojas-de-trucos\/hoja-de-trucos-seguridad-del-sitio\/#primaryimage\",\"url\":\"https:\/\/kinsta.com\/es\/wp-content\/uploads\/sites\/8\/2023\/08\/Site-Security-ES.jpg\",\"contentUrl\":\"https:\/\/kinsta.com\/es\/wp-content\/uploads\/sites\/8\/2023\/08\/Site-Security-ES.jpg\",\"width\":1200,\"height\":628},{\"@type\":\"BreadcrumbList\",\"@id\":\"https:\/\/kinsta.com\/es\/hojas-de-trucos\/hoja-de-trucos-seguridad-del-sitio\/#breadcrumb\",\"itemListElement\":[{\"@type\":\"ListItem\",\"position\":1,\"name\":\"Home\",\"item\":\"https:\/\/kinsta.com\/es\/\"},{\"@type\":\"ListItem\",\"position\":2,\"name\":\"Hojas de trucos\",\"item\":\"https:\/\/kinsta.com\/es\/hojas-de-trucos\/\"},{\"@type\":\"ListItem\",\"position\":3,\"name\":\"Hoja de trucos sobre la seguridad del sitio\"}]},{\"@type\":\"WebSite\",\"@id\":\"https:\/\/kinsta.com\/es\/#website\",\"url\":\"https:\/\/kinsta.com\/es\/\",\"name\":\"Kinsta\u00ae\",\"description\":\"Soluciones de alojamiento premium, r\u00e1pidas y seguras\",\"publisher\":{\"@id\":\"https:\/\/kinsta.com\/es\/#organization\"},\"potentialAction\":[{\"@type\":\"SearchAction\",\"target\":{\"@type\":\"EntryPoint\",\"urlTemplate\":\"https:\/\/kinsta.com\/es\/?s={search_term_string}\"},\"query-input\":{\"@type\":\"PropertyValueSpecification\",\"valueRequired\":true,\"valueName\":\"search_term_string\"}}],\"inLanguage\":\"es\"},{\"@type\":\"Organization\",\"@id\":\"https:\/\/kinsta.com\/es\/#organization\",\"name\":\"Kinsta\",\"url\":\"https:\/\/kinsta.com\/es\/\",\"logo\":{\"@type\":\"ImageObject\",\"inLanguage\":\"es\",\"@id\":\"https:\/\/kinsta.com\/es\/#\/schema\/logo\/image\/\",\"url\":\"https:\/\/kinsta.com\/es\/wp-content\/uploads\/sites\/8\/2023\/12\/kinsta-logo.jpeg\",\"contentUrl\":\"https:\/\/kinsta.com\/es\/wp-content\/uploads\/sites\/8\/2023\/12\/kinsta-logo.jpeg\",\"width\":500,\"height\":500,\"caption\":\"Kinsta\"},\"image\":{\"@id\":\"https:\/\/kinsta.com\/es\/#\/schema\/logo\/image\/\"},\"sameAs\":[\"https:\/\/www.facebook.com\/kinsta.es\/\",\"https:\/\/x.com\/Kinsta_ES\",\"https:\/\/www.instagram.com\/kinstahosting\/\",\"https:\/\/www.linkedin.com\/company\/kinsta\/\",\"https:\/\/www.pinterest.com\/kinstahosting\/\",\"https:\/\/www.youtube.com\/c\/Kinsta\"]}]}<\/script>\n<!-- \/ Yoast SEO Premium plugin. -->","yoast_head_json":{"title":"Hoja de trucos sobre la seguridad del sitio - Kinsta\u00ae","description":"Protege la reputaci\u00f3n de tu marca y reduce el riesgo de brechas de seguridad con 5 poderosas formas de reforzar tu sitio web y la seguridad de los datos.","robots":{"index":"index","follow":"follow","max-snippet":"max-snippet:-1","max-image-preview":"max-image-preview:large","max-video-preview":"max-video-preview:-1"},"canonical":"https:\/\/kinsta.com\/es\/hojas-de-trucos\/hoja-de-trucos-seguridad-del-sitio\/","og_locale":"es_ES","og_type":"article","og_title":"Hoja de trucos sobre la seguridad del sitio","og_description":"Protege la reputaci\u00f3n de tu marca y reduce el riesgo de brechas de seguridad con 5 poderosas formas de reforzar tu sitio web y la seguridad de los datos.","og_url":"https:\/\/kinsta.com\/es\/hojas-de-trucos\/hoja-de-trucos-seguridad-del-sitio\/","og_site_name":"Kinsta\u00ae","article_publisher":"https:\/\/www.facebook.com\/kinsta.es\/","article_modified_time":"2024-03-18T21:55:10+00:00","og_image":[{"width":1200,"height":628,"url":"https:\/\/kinsta.com\/es\/wp-content\/uploads\/sites\/8\/2023\/08\/Site-Security-ES.jpg","type":"image\/jpeg"}],"twitter_card":"summary_large_image","twitter_description":"Protege la reputaci\u00f3n de tu marca y reduce el riesgo de brechas de seguridad con 5 poderosas formas de reforzar tu sitio web y la seguridad de los datos.","twitter_image":"https:\/\/kinsta.com\/es\/wp-content\/uploads\/sites\/8\/2023\/08\/Site-Security-ES.jpg","twitter_site":"@Kinsta_ES","twitter_misc":{"Tiempo de lectura":"1 minuto"},"schema":{"@context":"https:\/\/schema.org","@graph":[{"@type":"WebPage","@id":"https:\/\/kinsta.com\/es\/hojas-de-trucos\/hoja-de-trucos-seguridad-del-sitio\/","url":"https:\/\/kinsta.com\/es\/hojas-de-trucos\/hoja-de-trucos-seguridad-del-sitio\/","name":"Hoja de trucos sobre la seguridad del sitio - Kinsta\u00ae","isPartOf":{"@id":"https:\/\/kinsta.com\/es\/#website"},"primaryImageOfPage":{"@id":"https:\/\/kinsta.com\/es\/hojas-de-trucos\/hoja-de-trucos-seguridad-del-sitio\/#primaryimage"},"image":{"@id":"https:\/\/kinsta.com\/es\/hojas-de-trucos\/hoja-de-trucos-seguridad-del-sitio\/#primaryimage"},"thumbnailUrl":"https:\/\/kinsta.com\/es\/wp-content\/uploads\/sites\/8\/2023\/08\/Site-Security-ES.jpg","datePublished":"2021-05-19T16:21:08+00:00","dateModified":"2024-03-18T21:55:10+00:00","description":"Protege la reputaci\u00f3n de tu marca y reduce el riesgo de brechas de seguridad con 5 poderosas formas de reforzar tu sitio web y la seguridad de los datos.","breadcrumb":{"@id":"https:\/\/kinsta.com\/es\/hojas-de-trucos\/hoja-de-trucos-seguridad-del-sitio\/#breadcrumb"},"inLanguage":"es","potentialAction":[{"@type":"ReadAction","target":["https:\/\/kinsta.com\/es\/hojas-de-trucos\/hoja-de-trucos-seguridad-del-sitio\/"]}]},{"@type":"ImageObject","inLanguage":"es","@id":"https:\/\/kinsta.com\/es\/hojas-de-trucos\/hoja-de-trucos-seguridad-del-sitio\/#primaryimage","url":"https:\/\/kinsta.com\/es\/wp-content\/uploads\/sites\/8\/2023\/08\/Site-Security-ES.jpg","contentUrl":"https:\/\/kinsta.com\/es\/wp-content\/uploads\/sites\/8\/2023\/08\/Site-Security-ES.jpg","width":1200,"height":628},{"@type":"BreadcrumbList","@id":"https:\/\/kinsta.com\/es\/hojas-de-trucos\/hoja-de-trucos-seguridad-del-sitio\/#breadcrumb","itemListElement":[{"@type":"ListItem","position":1,"name":"Home","item":"https:\/\/kinsta.com\/es\/"},{"@type":"ListItem","position":2,"name":"Hojas de trucos","item":"https:\/\/kinsta.com\/es\/hojas-de-trucos\/"},{"@type":"ListItem","position":3,"name":"Hoja de trucos sobre la seguridad del sitio"}]},{"@type":"WebSite","@id":"https:\/\/kinsta.com\/es\/#website","url":"https:\/\/kinsta.com\/es\/","name":"Kinsta\u00ae","description":"Soluciones de alojamiento premium, r\u00e1pidas y seguras","publisher":{"@id":"https:\/\/kinsta.com\/es\/#organization"},"potentialAction":[{"@type":"SearchAction","target":{"@type":"EntryPoint","urlTemplate":"https:\/\/kinsta.com\/es\/?s={search_term_string}"},"query-input":{"@type":"PropertyValueSpecification","valueRequired":true,"valueName":"search_term_string"}}],"inLanguage":"es"},{"@type":"Organization","@id":"https:\/\/kinsta.com\/es\/#organization","name":"Kinsta","url":"https:\/\/kinsta.com\/es\/","logo":{"@type":"ImageObject","inLanguage":"es","@id":"https:\/\/kinsta.com\/es\/#\/schema\/logo\/image\/","url":"https:\/\/kinsta.com\/es\/wp-content\/uploads\/sites\/8\/2023\/12\/kinsta-logo.jpeg","contentUrl":"https:\/\/kinsta.com\/es\/wp-content\/uploads\/sites\/8\/2023\/12\/kinsta-logo.jpeg","width":500,"height":500,"caption":"Kinsta"},"image":{"@id":"https:\/\/kinsta.com\/es\/#\/schema\/logo\/image\/"},"sameAs":["https:\/\/www.facebook.com\/kinsta.es\/","https:\/\/x.com\/Kinsta_ES","https:\/\/www.instagram.com\/kinstahosting\/","https:\/\/www.linkedin.com\/company\/kinsta\/","https:\/\/www.pinterest.com\/kinstahosting\/","https:\/\/www.youtube.com\/c\/Kinsta"]}]}},"acf":[],"_links":{"self":[{"href":"https:\/\/kinsta.com\/es\/wp-json\/wp\/v2\/pages\/41041","targetHints":{"allow":["GET"]}}],"collection":[{"href":"https:\/\/kinsta.com\/es\/wp-json\/wp\/v2\/pages"}],"about":[{"href":"https:\/\/kinsta.com\/es\/wp-json\/wp\/v2\/types\/page"}],"author":[{"embeddable":true,"href":"https:\/\/kinsta.com\/es\/wp-json\/wp\/v2\/users\/155"}],"replies":[{"embeddable":true,"href":"https:\/\/kinsta.com\/es\/wp-json\/wp\/v2\/comments?post=41041"}],"version-history":[{"count":12,"href":"https:\/\/kinsta.com\/es\/wp-json\/wp\/v2\/pages\/41041\/revisions"}],"predecessor-version":[{"id":74309,"href":"https:\/\/kinsta.com\/es\/wp-json\/wp\/v2\/pages\/41041\/revisions\/74309"}],"up":[{"embeddable":true,"href":"https:\/\/kinsta.com\/es\/wp-json\/wp\/v2\/pages\/41034"}],"alternate":[{"embeddable":true,"hreflang":"en","title":"English","href":"https:\/\/kinsta.com\/es\/wp-json\/kinsta\/v1\/posts\/41041\/translations\/en"},{"embeddable":true,"hreflang":"da","title":"Danish","href":"https:\/\/kinsta.com\/es\/wp-json\/kinsta\/v1\/posts\/41041\/translations\/dk"},{"embeddable":true,"hreflang":"nl","title":"Dutch","href":"https:\/\/kinsta.com\/es\/wp-json\/kinsta\/v1\/posts\/41041\/translations\/nl"},{"embeddable":true,"hreflang":"fr","title":"French","href":"https:\/\/kinsta.com\/es\/wp-json\/kinsta\/v1\/posts\/41041\/translations\/fr"},{"embeddable":true,"hreflang":"de","title":"German","href":"https:\/\/kinsta.com\/es\/wp-json\/kinsta\/v1\/posts\/41041\/translations\/de"},{"embeddable":true,"hreflang":"it","title":"Italian","href":"https:\/\/kinsta.com\/es\/wp-json\/kinsta\/v1\/posts\/41041\/translations\/it"},{"embeddable":true,"hreflang":"ja","title":"Japanese","href":"https:\/\/kinsta.com\/es\/wp-json\/kinsta\/v1\/posts\/41041\/translations\/jp"},{"embeddable":true,"hreflang":"pt","title":"Portuguese","href":"https:\/\/kinsta.com\/es\/wp-json\/kinsta\/v1\/posts\/41041\/translations\/pt"},{"embeddable":true,"hreflang":"es","title":"Spanish","href":"https:\/\/kinsta.com\/es\/wp-json\/kinsta\/v1\/posts\/41041\/translations\/es"},{"embeddable":true,"hreflang":"sv","title":"Swedish","href":"https:\/\/kinsta.com\/es\/wp-json\/kinsta\/v1\/posts\/41041\/translations\/se"},{"href":"https:\/\/kinsta.com\/es\/wp-json\/kinsta\/v1\/posts\/41041\/tree"}],"wp:featuredmedia":[{"embeddable":true,"href":"https:\/\/kinsta.com\/es\/wp-json\/wp\/v2\/media\/68931"}],"wp:attachment":[{"href":"https:\/\/kinsta.com\/es\/wp-json\/wp\/v2\/media?parent=41041"}],"curies":[{"name":"wp","href":"https:\/\/api.w.org\/{rel}","templated":true}]}}