{"id":4579,"date":"2016-03-07T18:42:07","date_gmt":"2016-03-07T18:42:07","guid":{"rendered":"http:\/\/kinsta.dev\/?page_id=4573"},"modified":"2025-01-29T10:06:04","modified_gmt":"2025-01-29T09:06:04","slug":"legal","status":"publish","type":"page","link":"https:\/\/kinsta.com\/es\/legal\/","title":{"rendered":"Informaci\u00f3n Legal"},"content":{"rendered":"<aside role=\"note\" class=\"wp-block-kinsta-notice is-style-plain\">\n        <p>Esta es la traducci\u00f3n al espa\u00f1ol de la secci\u00f3n legal original en ingl\u00e9s. Tenga en cuenta que si bien tomamos todas las precauciones para asegurarnos de que el texto a continuaci\u00f3n sea correcto, en caso de cualquier discrepancia entre las dos versiones, prevalecer\u00e1 la versi\u00f3n en ingl\u00e9s. El texto legal original se puede encontrar <a href=\"https:\/\/kinsta.com\/legal\/\" data-no-translate>aqu\u00ed<\/a>.<\/p>\n<\/aside>\n\n\n\n\n<p>Las condiciones modernas en los acuerdos de servicios, las pol\u00edticas y los documentos de protecci\u00f3n de datos y derechos de autor son las bases de una empresa transparente. Garantizamos que las bases de nuestra empresa son transparentes y le invitamos a leer estos documentos en cualquier momento.<\/p>\n\n\n\n<h3 class=\"wp-block-heading\" id=\"h-condiciones-del-servicio\">Condiciones del servicio<\/h3>\n\n\n\n<p>Los T\u00e9rminos de Servicio resumen los derechos, obligaciones y restricciones de las partes respecto a nuestros Servicios.<\/p>\n\n\n\n<div class=\"wp-block-kinsta-buttons\">\n<a class=\"wp-block-kinsta-button\" href=\"https:\/\/kinsta.com\/es\/legal\/condiciones-servicio\/\">Leer en l\u00ednea<\/a>\n<\/div>\n\n\n\n<h3 class=\"wp-block-heading\" id=\"h-pol-tica-de-protecci-n-de-datos\">Pol\u00edtica de protecci\u00f3n de datos<\/h3>\n\n\n\n<p>La Pol\u00edtica de protecci\u00f3n de datos define la manera en que tratamos los datos en nuestros servidores y qu\u00e9 hacer en caso de infracci\u00f3n a las leyes de derechos de autor.<\/p>\n\n\n\n<div class=\"wp-block-kinsta-buttons\">\n<a class=\"wp-block-kinsta-button\" href=\"https:\/\/kinsta.com\/es\/legal\/politica-proteccion-datos\/\">Leer en l\u00ednea<\/a>\n<\/div>\n\n\n\n<h3 class=\"wp-block-heading\" id=\"h-adenda-de-procesamiento-de-datos\">Adenda de Procesamiento de Datos<\/h3>\n\n\n\n<p>La Adenda de Procesamiento de Datos establece las obligaciones de las partes en relaci\u00f3n con el procesamiento y seguridad de los Datos Personales del Cliente.<\/p>\n\n\n\n<div class=\"wp-block-kinsta-buttons\">\n<a class=\"wp-block-kinsta-button\" href=\"https:\/\/kinsta.com\/es\/legal\/apendice-procesamiento-datos\/\">Leer en l\u00ednea<\/a>\n<\/div>\n\n\n\n<h3 class=\"wp-block-heading\" id=\"h-sub-procesadores\">Sub-procesadores<\/h3>\n\n\n\n<p>Nuestra p\u00e1gina de Sub-procesadores explica c\u00f3mo Kinsta se relaciona con los Sub-procesadores para apoyar nuestros servicios.<\/p>\n\n\n\n<div class=\"wp-block-kinsta-buttons\">\n<a class=\"wp-block-kinsta-button\" href=\"https:\/\/kinsta.com\/es\/legal\/subprocesadores\/\">Leer en l\u00ednea<\/a>\n<\/div>\n\n\n\n<h3 class=\"wp-block-heading\" id=\"h-acuerdo-de-nivel-de-servicio\">Acuerdo de nivel de servicio<\/h3>\n\n\n\n<p>El ANS describe la disponibilidad de nuestro servicio, nuestros objetivos en la respuesta a errores y las consecuencias si no cumplimos con estos objetivos.<\/p>\n\n\n\n<div class=\"wp-block-kinsta-buttons\">\n<a class=\"wp-block-kinsta-button\" href=\"https:\/\/kinsta.com\/es\/legal\/acuerdo-de-nivel-del-servicio\/\">Leer en l\u00ednea<\/a>\n<\/div>\n\n\n\n<h3 class=\"wp-block-heading\" id=\"h-condiciones-de-los-afiliados\">Condiciones de los afiliados<\/h3>\n\n\n\n<p>Las Condiciones de los afiliados rigen la red de afiliados de Kinsta.<\/p>\n\n\n\n<div class=\"wp-block-kinsta-buttons\">\n<a class=\"wp-block-kinsta-button\" href=\"https:\/\/kinsta.com\/es\/legal\/affiliate-condiciones\/\">Leer en l\u00ednea<\/a>\n<\/div>\n\n\n\n<h3 class=\"wp-block-heading\" id=\"h-t-rminos-y-condiciones-del-programa-de-referidos-de-clientes\">T\u00e9rminos y Condiciones del Programa de Referidos de Clientes<\/h3>\n\n\n\n<p>Las Condiciones de Referidos del Cliente regulan el Programa de Referidos.<\/p>\n\n\n\n<div class=\"wp-block-kinsta-buttons\">\n<a class=\"wp-block-kinsta-button\" href=\"https:\/\/kinsta.com\/es\/legal\/referidos-condiciones\/\">Leer en l\u00ednea<\/a>\n<\/div>\n\n\n\n<h3 class=\"wp-block-heading\" id=\"h-configuraci-n-de-cookies\">Configuraci\u00f3n de cookies<\/h3>\n\n\n\n<p>Una cookie es una cadena de informaci\u00f3n que un sitio web almacena en las computadoras de los visitantes y que el navegador de dicho visitante proporciona al sitio web cada vez que el visitante retorna. Con esta p\u00e1gina podr\u00e1 definir de manera precisa la configuraci\u00f3n de cookies en el sitio web de Kinsta.<\/p>\n\n\n\n<div class=\"wp-block-kinsta-buttons\">\n<a class=\"wp-block-kinsta-button\" href=\"https:\/\/kinsta.com\/es\/configuracion-cookies\/\">Ver Detalles<\/a>\n<\/div>\n","protected":false},"excerpt":{"rendered":"<p>Las condiciones modernas en los acuerdos de servicios, las pol\u00edticas y los documentos de protecci\u00f3n de datos y derechos de autor son las bases de una &#8230;<\/p>\n","protected":false},"author":18,"featured_media":0,"parent":0,"menu_order":0,"comment_status":"closed","ping_status":"closed","template":"templates\/template-article.php","meta":{"_kinsta_gated_content":false,"_kinsta_gated_content_redirect":"","footnotes":""},"class_list":["post-4579","page","type-page","status-publish","hentry"],"yoast_head":"<!-- This site is optimized with the Yoast SEO Premium plugin v24.6 (Yoast SEO v24.6) - https:\/\/yoast.com\/wordpress\/plugins\/seo\/ -->\n<title>Aviso legal - Kinsta<\/title>\n<meta name=\"description\" content=\"Las condiciones modernas en los acuerdos de servicios, las pol\u00edticas, protecci\u00f3n de datos y derechos de autor son las bases de una empresa transparente.\" \/>\n<meta name=\"robots\" content=\"index, follow, max-snippet:-1, max-image-preview:large, max-video-preview:-1\" \/>\n<link rel=\"canonical\" href=\"https:\/\/kinsta.com\/es\/legal\/\" \/>\n<meta property=\"og:locale\" content=\"es_ES\" \/>\n<meta property=\"og:type\" content=\"article\" \/>\n<meta property=\"og:title\" content=\"Informaci\u00f3n Legal\" \/>\n<meta property=\"og:description\" content=\"Las condiciones modernas en los acuerdos de servicios, las pol\u00edticas, protecci\u00f3n de datos y derechos de autor son las bases de una empresa transparente.\" \/>\n<meta property=\"og:url\" content=\"https:\/\/kinsta.com\/es\/legal\/\" \/>\n<meta property=\"og:site_name\" content=\"Kinsta\u00ae\" \/>\n<meta property=\"article:publisher\" content=\"https:\/\/www.facebook.com\/kinsta.es\/\" \/>\n<meta property=\"article:modified_time\" content=\"2025-01-29T09:06:04+00:00\" \/>\n<meta property=\"og:image\" content=\"https:\/\/kinsta.com\/es\/wp-content\/uploads\/sites\/8\/2023\/12\/kinsta-homepage-es.png\" \/>\n\t<meta property=\"og:image:width\" content=\"1200\" \/>\n\t<meta property=\"og:image:height\" content=\"628\" \/>\n\t<meta property=\"og:image:type\" content=\"image\/png\" \/>\n<meta name=\"twitter:card\" content=\"summary_large_image\" \/>\n<meta name=\"twitter:description\" content=\"Las condiciones modernas en los acuerdos de servicios, las pol\u00edticas, protecci\u00f3n de datos y derechos de autor son las bases de una empresa transparente.\" \/>\n<meta name=\"twitter:image\" content=\"https:\/\/kinsta.com\/es\/wp-content\/uploads\/sites\/8\/2023\/12\/kinsta-homepage-es.png\" \/>\n<meta name=\"twitter:site\" content=\"@Kinsta_ES\" \/>\n<meta name=\"twitter:label1\" content=\"Tiempo de lectura\" \/>\n\t<meta name=\"twitter:data1\" content=\"2 minutos\" \/>\n<script type=\"application\/ld+json\" class=\"yoast-schema-graph\">{\"@context\":\"https:\/\/schema.org\",\"@graph\":[{\"@type\":\"WebPage\",\"@id\":\"https:\/\/kinsta.com\/es\/legal\/\",\"url\":\"https:\/\/kinsta.com\/es\/legal\/\",\"name\":\"Aviso legal - Kinsta\",\"isPartOf\":{\"@id\":\"https:\/\/kinsta.com\/es\/#website\"},\"datePublished\":\"2016-03-07T18:42:07+00:00\",\"dateModified\":\"2025-01-29T09:06:04+00:00\",\"description\":\"Las condiciones modernas en los acuerdos de servicios, las pol\u00edticas, protecci\u00f3n de datos y derechos de autor son las bases de una empresa transparente.\",\"breadcrumb\":{\"@id\":\"https:\/\/kinsta.com\/es\/legal\/#breadcrumb\"},\"inLanguage\":\"es\",\"potentialAction\":[{\"@type\":\"ReadAction\",\"target\":[\"https:\/\/kinsta.com\/es\/legal\/\"]}]},{\"@type\":\"BreadcrumbList\",\"@id\":\"https:\/\/kinsta.com\/es\/legal\/#breadcrumb\",\"itemListElement\":[{\"@type\":\"ListItem\",\"position\":1,\"name\":\"Home\",\"item\":\"https:\/\/kinsta.com\/es\/\"},{\"@type\":\"ListItem\",\"position\":2,\"name\":\"Informaci\u00f3n Legal\"}]},{\"@type\":\"WebSite\",\"@id\":\"https:\/\/kinsta.com\/es\/#website\",\"url\":\"https:\/\/kinsta.com\/es\/\",\"name\":\"Kinsta\u00ae\",\"description\":\"Soluciones de alojamiento premium, r\u00e1pidas y seguras\",\"publisher\":{\"@id\":\"https:\/\/kinsta.com\/es\/#organization\"},\"potentialAction\":[{\"@type\":\"SearchAction\",\"target\":{\"@type\":\"EntryPoint\",\"urlTemplate\":\"https:\/\/kinsta.com\/es\/?s={search_term_string}\"},\"query-input\":{\"@type\":\"PropertyValueSpecification\",\"valueRequired\":true,\"valueName\":\"search_term_string\"}}],\"inLanguage\":\"es\"},{\"@type\":\"Organization\",\"@id\":\"https:\/\/kinsta.com\/es\/#organization\",\"name\":\"Kinsta\",\"url\":\"https:\/\/kinsta.com\/es\/\",\"logo\":{\"@type\":\"ImageObject\",\"inLanguage\":\"es\",\"@id\":\"https:\/\/kinsta.com\/es\/#\/schema\/logo\/image\/\",\"url\":\"https:\/\/kinsta.com\/es\/wp-content\/uploads\/sites\/8\/2023\/12\/kinsta-logo.jpeg\",\"contentUrl\":\"https:\/\/kinsta.com\/es\/wp-content\/uploads\/sites\/8\/2023\/12\/kinsta-logo.jpeg\",\"width\":500,\"height\":500,\"caption\":\"Kinsta\"},\"image\":{\"@id\":\"https:\/\/kinsta.com\/es\/#\/schema\/logo\/image\/\"},\"sameAs\":[\"https:\/\/www.facebook.com\/kinsta.es\/\",\"https:\/\/x.com\/Kinsta_ES\",\"https:\/\/www.instagram.com\/kinstahosting\/\",\"https:\/\/www.linkedin.com\/company\/kinsta\/\",\"https:\/\/www.pinterest.com\/kinstahosting\/\",\"https:\/\/www.youtube.com\/c\/Kinsta\"]}]}<\/script>\n<!-- \/ Yoast SEO Premium plugin. -->","yoast_head_json":{"title":"Aviso legal - Kinsta","description":"Las condiciones modernas en los acuerdos de servicios, las pol\u00edticas, protecci\u00f3n de datos y derechos de autor son las bases de una empresa transparente.","robots":{"index":"index","follow":"follow","max-snippet":"max-snippet:-1","max-image-preview":"max-image-preview:large","max-video-preview":"max-video-preview:-1"},"canonical":"https:\/\/kinsta.com\/es\/legal\/","og_locale":"es_ES","og_type":"article","og_title":"Informaci\u00f3n Legal","og_description":"Las condiciones modernas en los acuerdos de servicios, las pol\u00edticas, protecci\u00f3n de datos y derechos de autor son las bases de una empresa transparente.","og_url":"https:\/\/kinsta.com\/es\/legal\/","og_site_name":"Kinsta\u00ae","article_publisher":"https:\/\/www.facebook.com\/kinsta.es\/","article_modified_time":"2025-01-29T09:06:04+00:00","og_image":[{"width":1200,"height":628,"url":"https:\/\/kinsta.com\/es\/wp-content\/uploads\/sites\/8\/2023\/12\/kinsta-homepage-es.png","type":"image\/png"}],"twitter_card":"summary_large_image","twitter_description":"Las condiciones modernas en los acuerdos de servicios, las pol\u00edticas, protecci\u00f3n de datos y derechos de autor son las bases de una empresa transparente.","twitter_image":"https:\/\/kinsta.com\/es\/wp-content\/uploads\/sites\/8\/2023\/12\/kinsta-homepage-es.png","twitter_site":"@Kinsta_ES","twitter_misc":{"Tiempo de lectura":"2 minutos"},"schema":{"@context":"https:\/\/schema.org","@graph":[{"@type":"WebPage","@id":"https:\/\/kinsta.com\/es\/legal\/","url":"https:\/\/kinsta.com\/es\/legal\/","name":"Aviso legal - Kinsta","isPartOf":{"@id":"https:\/\/kinsta.com\/es\/#website"},"datePublished":"2016-03-07T18:42:07+00:00","dateModified":"2025-01-29T09:06:04+00:00","description":"Las condiciones modernas en los acuerdos de servicios, las pol\u00edticas, protecci\u00f3n de datos y derechos de autor son las bases de una empresa transparente.","breadcrumb":{"@id":"https:\/\/kinsta.com\/es\/legal\/#breadcrumb"},"inLanguage":"es","potentialAction":[{"@type":"ReadAction","target":["https:\/\/kinsta.com\/es\/legal\/"]}]},{"@type":"BreadcrumbList","@id":"https:\/\/kinsta.com\/es\/legal\/#breadcrumb","itemListElement":[{"@type":"ListItem","position":1,"name":"Home","item":"https:\/\/kinsta.com\/es\/"},{"@type":"ListItem","position":2,"name":"Informaci\u00f3n Legal"}]},{"@type":"WebSite","@id":"https:\/\/kinsta.com\/es\/#website","url":"https:\/\/kinsta.com\/es\/","name":"Kinsta\u00ae","description":"Soluciones de alojamiento premium, r\u00e1pidas y seguras","publisher":{"@id":"https:\/\/kinsta.com\/es\/#organization"},"potentialAction":[{"@type":"SearchAction","target":{"@type":"EntryPoint","urlTemplate":"https:\/\/kinsta.com\/es\/?s={search_term_string}"},"query-input":{"@type":"PropertyValueSpecification","valueRequired":true,"valueName":"search_term_string"}}],"inLanguage":"es"},{"@type":"Organization","@id":"https:\/\/kinsta.com\/es\/#organization","name":"Kinsta","url":"https:\/\/kinsta.com\/es\/","logo":{"@type":"ImageObject","inLanguage":"es","@id":"https:\/\/kinsta.com\/es\/#\/schema\/logo\/image\/","url":"https:\/\/kinsta.com\/es\/wp-content\/uploads\/sites\/8\/2023\/12\/kinsta-logo.jpeg","contentUrl":"https:\/\/kinsta.com\/es\/wp-content\/uploads\/sites\/8\/2023\/12\/kinsta-logo.jpeg","width":500,"height":500,"caption":"Kinsta"},"image":{"@id":"https:\/\/kinsta.com\/es\/#\/schema\/logo\/image\/"},"sameAs":["https:\/\/www.facebook.com\/kinsta.es\/","https:\/\/x.com\/Kinsta_ES","https:\/\/www.instagram.com\/kinstahosting\/","https:\/\/www.linkedin.com\/company\/kinsta\/","https:\/\/www.pinterest.com\/kinstahosting\/","https:\/\/www.youtube.com\/c\/Kinsta"]}]}},"acf":[],"_links":{"self":[{"href":"https:\/\/kinsta.com\/es\/wp-json\/wp\/v2\/pages\/4579","targetHints":{"allow":["GET"]}}],"collection":[{"href":"https:\/\/kinsta.com\/es\/wp-json\/wp\/v2\/pages"}],"about":[{"href":"https:\/\/kinsta.com\/es\/wp-json\/wp\/v2\/types\/page"}],"author":[{"embeddable":true,"href":"https:\/\/kinsta.com\/es\/wp-json\/wp\/v2\/users\/18"}],"replies":[{"embeddable":true,"href":"https:\/\/kinsta.com\/es\/wp-json\/wp\/v2\/comments?post=4579"}],"version-history":[{"count":15,"href":"https:\/\/kinsta.com\/es\/wp-json\/wp\/v2\/pages\/4579\/revisions"}],"predecessor-version":[{"id":77875,"href":"https:\/\/kinsta.com\/es\/wp-json\/wp\/v2\/pages\/4579\/revisions\/77875"}],"alternate":[{"embeddable":true,"hreflang":"en","title":"English","href":"https:\/\/kinsta.com\/es\/wp-json\/kinsta\/v1\/posts\/4579\/translations\/en"},{"embeddable":true,"hreflang":"fr","title":"French","href":"https:\/\/kinsta.com\/es\/wp-json\/kinsta\/v1\/posts\/4579\/translations\/fr"},{"embeddable":true,"hreflang":"it","title":"Italian","href":"https:\/\/kinsta.com\/es\/wp-json\/kinsta\/v1\/posts\/4579\/translations\/it"},{"embeddable":true,"hreflang":"de","title":"German","href":"https:\/\/kinsta.com\/es\/wp-json\/kinsta\/v1\/posts\/4579\/translations\/de"},{"embeddable":true,"hreflang":"es","title":"Spanish","href":"https:\/\/kinsta.com\/es\/wp-json\/kinsta\/v1\/posts\/4579\/translations\/es"},{"embeddable":true,"hreflang":"pt","title":"Portuguese","href":"https:\/\/kinsta.com\/es\/wp-json\/kinsta\/v1\/posts\/4579\/translations\/pt"},{"embeddable":true,"hreflang":"nl","title":"Dutch","href":"https:\/\/kinsta.com\/es\/wp-json\/kinsta\/v1\/posts\/4579\/translations\/nl"},{"embeddable":true,"hreflang":"ja","title":"Japanese","href":"https:\/\/kinsta.com\/es\/wp-json\/kinsta\/v1\/posts\/4579\/translations\/jp"},{"embeddable":true,"hreflang":"da","title":"Danish","href":"https:\/\/kinsta.com\/es\/wp-json\/kinsta\/v1\/posts\/4579\/translations\/dk"},{"embeddable":true,"hreflang":"sv","title":"Swedish","href":"https:\/\/kinsta.com\/es\/wp-json\/kinsta\/v1\/posts\/4579\/translations\/se"},{"href":"https:\/\/kinsta.com\/es\/wp-json\/kinsta\/v1\/posts\/4579\/tree"}],"wp:attachment":[{"href":"https:\/\/kinsta.com\/es\/wp-json\/wp\/v2\/media?parent=4579"}],"curies":[{"name":"wp","href":"https:\/\/api.w.org\/{rel}","templated":true}]}}