{"id":58187,"date":"2022-10-17T11:21:29","date_gmt":"2022-10-17T09:21:29","guid":{"rendered":"https:\/\/kinsta.com\/es\/?page_id=58187&#038;preview_id=58187"},"modified":"2023-09-12T13:43:14","modified_gmt":"2023-09-12T11:43:14","slug":"declaracion-accesibilidad-web","status":"publish","type":"page","link":"https:\/\/kinsta.com\/es\/declaracion-accesibilidad-web\/","title":{"rendered":"Declaraci\u00f3n de Accesibilidad de la Web de Kinsta.com"},"content":{"rendered":"\n<p>Kinsta se compromete a proporcionar un sitio web, una aplicaci\u00f3n m\u00f3vil y otros contenidos digitales que sean accesibles para todos los clientes, incluidos los que tienen alguna discapacidad. <\/p>\n\n\n\n<p>Hemos adoptado las <a href=\"https:\/\/www.w3.org\/TR\/WCAG21\/\" target=\"_blank\" rel=\"noreferrer noopener\">Directrices de Accesibilidad al Contenido en la Web (WCAG) 2.1<\/a> Nivel AA como nuestra Norma de Accesibilidad, y trabajamos continuamente para mantener nuestras p\u00e1ginas web y aplicaciones en conformidad sustancial con dicha Norma, as\u00ed como para proporcionar la mejor experiencia de usuario posible para todos.<\/p>\n\n\n\n<h2 class=\"wp-block-heading\" id=\"h-comentarios\">Comentarios<\/h2>\n\n\n\n<p>Agradecemos tus comentarios y preguntas sobre la accesibilidad de cualquiera de nuestros sitios web, aplicaciones m\u00f3viles u otros activos digitales.<\/p>\n\n\n\n<ul class=\"wp-block-list\">\n<li>Ponte en contacto con: <a target=\"_blank\" href=\"mailto:accessibility@kinsta.com\" rel=\"noreferrer noopener\">accessibility@kinsta.com<\/a> <\/li>\n\n\n\n<li>Direcci\u00f3n postal: Kinsta Inc. 8605 Santa Monica Blvd #92581, West Hollywood, CA 90069<\/li>\n<\/ul>\n\n\n\n<p>Hacemos todo lo posible por responder a los comentarios en un plazo de 5 d\u00edas laborables.<\/p>\n","protected":false},"excerpt":{"rendered":"<p>Kinsta se compromete a proporcionar un sitio web, una aplicaci\u00f3n m\u00f3vil y otros contenidos digitales que sean accesibles para todos los clientes, incluidos los que tienen &#8230;<\/p>\n","protected":false},"author":103,"featured_media":0,"parent":0,"menu_order":0,"comment_status":"closed","ping_status":"closed","template":"","meta":{"_kinsta_gated_content":false,"_kinsta_gated_content_redirect":"","footnotes":""},"class_list":["post-58187","page","type-page","status-publish","hentry"],"yoast_head":"<!-- This site is optimized with the Yoast SEO Premium plugin v24.6 (Yoast SEO v24.6) - https:\/\/yoast.com\/wordpress\/plugins\/seo\/ -->\n<title>Declaraci\u00f3n Accesibilidad de la Web de Kinsta.com - Kinsta\u00ae<\/title>\n<meta name=\"description\" content=\"Obt\u00e9n m\u00e1s informaci\u00f3n sobre nuestra Declaraci\u00f3n de Accesibilidad Web y c\u00f3mo nos comprometemos a ofrecer contenidos digitales accesibles para los clientes.\" \/>\n<meta name=\"robots\" content=\"index, follow, max-snippet:-1, max-image-preview:large, max-video-preview:-1\" \/>\n<link rel=\"canonical\" href=\"https:\/\/kinsta.com\/es\/declaracion-accesibilidad-web\/\" \/>\n<meta property=\"og:locale\" content=\"es_ES\" \/>\n<meta property=\"og:type\" content=\"article\" \/>\n<meta property=\"og:title\" content=\"Declaraci\u00f3n de Accesibilidad de la Web de Kinsta.com\" \/>\n<meta property=\"og:description\" content=\"Obt\u00e9n m\u00e1s informaci\u00f3n sobre nuestra Declaraci\u00f3n de Accesibilidad Web y c\u00f3mo nos comprometemos a ofrecer contenidos digitales accesibles para los clientes.\" \/>\n<meta property=\"og:url\" content=\"https:\/\/kinsta.com\/es\/declaracion-accesibilidad-web\/\" \/>\n<meta property=\"og:site_name\" content=\"Kinsta\u00ae\" \/>\n<meta property=\"article:publisher\" content=\"https:\/\/www.facebook.com\/kinsta.es\/\" \/>\n<meta property=\"article:modified_time\" content=\"2023-09-12T11:43:14+00:00\" \/>\n<meta property=\"og:image\" content=\"https:\/\/kinsta.com\/es\/wp-content\/uploads\/sites\/8\/2023\/12\/kinsta-homepage-es.png\" \/>\n\t<meta property=\"og:image:width\" content=\"1200\" \/>\n\t<meta property=\"og:image:height\" content=\"628\" \/>\n\t<meta property=\"og:image:type\" content=\"image\/png\" \/>\n<meta name=\"twitter:card\" content=\"summary_large_image\" \/>\n<meta name=\"twitter:description\" content=\"Obt\u00e9n m\u00e1s informaci\u00f3n sobre nuestra Declaraci\u00f3n de Accesibilidad Web y c\u00f3mo nos comprometemos a ofrecer contenidos digitales accesibles para los clientes.\" \/>\n<meta name=\"twitter:image\" content=\"https:\/\/kinsta.com\/es\/wp-content\/uploads\/sites\/8\/2023\/12\/kinsta-homepage-es.png\" \/>\n<meta name=\"twitter:site\" content=\"@Kinsta_ES\" \/>\n<meta name=\"twitter:label1\" content=\"Tiempo de lectura\" \/>\n\t<meta name=\"twitter:data1\" content=\"1 minuto\" \/>\n<script type=\"application\/ld+json\" class=\"yoast-schema-graph\">{\"@context\":\"https:\/\/schema.org\",\"@graph\":[{\"@type\":\"WebPage\",\"@id\":\"https:\/\/kinsta.com\/es\/declaracion-accesibilidad-web\/\",\"url\":\"https:\/\/kinsta.com\/es\/declaracion-accesibilidad-web\/\",\"name\":\"Declaraci\u00f3n Accesibilidad de la Web de Kinsta.com - Kinsta\u00ae\",\"isPartOf\":{\"@id\":\"https:\/\/kinsta.com\/es\/#website\"},\"datePublished\":\"2022-10-17T09:21:29+00:00\",\"dateModified\":\"2023-09-12T11:43:14+00:00\",\"description\":\"Obt\u00e9n m\u00e1s informaci\u00f3n sobre nuestra Declaraci\u00f3n de Accesibilidad Web y c\u00f3mo nos comprometemos a ofrecer contenidos digitales accesibles para los clientes.\",\"breadcrumb\":{\"@id\":\"https:\/\/kinsta.com\/es\/declaracion-accesibilidad-web\/#breadcrumb\"},\"inLanguage\":\"es\",\"potentialAction\":[{\"@type\":\"ReadAction\",\"target\":[\"https:\/\/kinsta.com\/es\/declaracion-accesibilidad-web\/\"]}]},{\"@type\":\"BreadcrumbList\",\"@id\":\"https:\/\/kinsta.com\/es\/declaracion-accesibilidad-web\/#breadcrumb\",\"itemListElement\":[{\"@type\":\"ListItem\",\"position\":1,\"name\":\"Home\",\"item\":\"https:\/\/kinsta.com\/es\/\"},{\"@type\":\"ListItem\",\"position\":2,\"name\":\"Declaraci\u00f3n de Accesibilidad de la Web de Kinsta.com\"}]},{\"@type\":\"WebSite\",\"@id\":\"https:\/\/kinsta.com\/es\/#website\",\"url\":\"https:\/\/kinsta.com\/es\/\",\"name\":\"Kinsta\u00ae\",\"description\":\"Soluciones de alojamiento premium, r\u00e1pidas y seguras\",\"publisher\":{\"@id\":\"https:\/\/kinsta.com\/es\/#organization\"},\"potentialAction\":[{\"@type\":\"SearchAction\",\"target\":{\"@type\":\"EntryPoint\",\"urlTemplate\":\"https:\/\/kinsta.com\/es\/?s={search_term_string}\"},\"query-input\":{\"@type\":\"PropertyValueSpecification\",\"valueRequired\":true,\"valueName\":\"search_term_string\"}}],\"inLanguage\":\"es\"},{\"@type\":\"Organization\",\"@id\":\"https:\/\/kinsta.com\/es\/#organization\",\"name\":\"Kinsta\",\"url\":\"https:\/\/kinsta.com\/es\/\",\"logo\":{\"@type\":\"ImageObject\",\"inLanguage\":\"es\",\"@id\":\"https:\/\/kinsta.com\/es\/#\/schema\/logo\/image\/\",\"url\":\"https:\/\/kinsta.com\/es\/wp-content\/uploads\/sites\/8\/2023\/12\/kinsta-logo.jpeg\",\"contentUrl\":\"https:\/\/kinsta.com\/es\/wp-content\/uploads\/sites\/8\/2023\/12\/kinsta-logo.jpeg\",\"width\":500,\"height\":500,\"caption\":\"Kinsta\"},\"image\":{\"@id\":\"https:\/\/kinsta.com\/es\/#\/schema\/logo\/image\/\"},\"sameAs\":[\"https:\/\/www.facebook.com\/kinsta.es\/\",\"https:\/\/x.com\/Kinsta_ES\",\"https:\/\/www.instagram.com\/kinstahosting\/\",\"https:\/\/www.linkedin.com\/company\/kinsta\/\",\"https:\/\/www.pinterest.com\/kinstahosting\/\",\"https:\/\/www.youtube.com\/c\/Kinsta\"]}]}<\/script>\n<!-- \/ Yoast SEO Premium plugin. -->","yoast_head_json":{"title":"Declaraci\u00f3n Accesibilidad de la Web de Kinsta.com - Kinsta\u00ae","description":"Obt\u00e9n m\u00e1s informaci\u00f3n sobre nuestra Declaraci\u00f3n de Accesibilidad Web y c\u00f3mo nos comprometemos a ofrecer contenidos digitales accesibles para los clientes.","robots":{"index":"index","follow":"follow","max-snippet":"max-snippet:-1","max-image-preview":"max-image-preview:large","max-video-preview":"max-video-preview:-1"},"canonical":"https:\/\/kinsta.com\/es\/declaracion-accesibilidad-web\/","og_locale":"es_ES","og_type":"article","og_title":"Declaraci\u00f3n de Accesibilidad de la Web de Kinsta.com","og_description":"Obt\u00e9n m\u00e1s informaci\u00f3n sobre nuestra Declaraci\u00f3n de Accesibilidad Web y c\u00f3mo nos comprometemos a ofrecer contenidos digitales accesibles para los clientes.","og_url":"https:\/\/kinsta.com\/es\/declaracion-accesibilidad-web\/","og_site_name":"Kinsta\u00ae","article_publisher":"https:\/\/www.facebook.com\/kinsta.es\/","article_modified_time":"2023-09-12T11:43:14+00:00","og_image":[{"width":1200,"height":628,"url":"https:\/\/kinsta.com\/es\/wp-content\/uploads\/sites\/8\/2023\/12\/kinsta-homepage-es.png","type":"image\/png"}],"twitter_card":"summary_large_image","twitter_description":"Obt\u00e9n m\u00e1s informaci\u00f3n sobre nuestra Declaraci\u00f3n de Accesibilidad Web y c\u00f3mo nos comprometemos a ofrecer contenidos digitales accesibles para los clientes.","twitter_image":"https:\/\/kinsta.com\/es\/wp-content\/uploads\/sites\/8\/2023\/12\/kinsta-homepage-es.png","twitter_site":"@Kinsta_ES","twitter_misc":{"Tiempo de lectura":"1 minuto"},"schema":{"@context":"https:\/\/schema.org","@graph":[{"@type":"WebPage","@id":"https:\/\/kinsta.com\/es\/declaracion-accesibilidad-web\/","url":"https:\/\/kinsta.com\/es\/declaracion-accesibilidad-web\/","name":"Declaraci\u00f3n Accesibilidad de la Web de Kinsta.com - Kinsta\u00ae","isPartOf":{"@id":"https:\/\/kinsta.com\/es\/#website"},"datePublished":"2022-10-17T09:21:29+00:00","dateModified":"2023-09-12T11:43:14+00:00","description":"Obt\u00e9n m\u00e1s informaci\u00f3n sobre nuestra Declaraci\u00f3n de Accesibilidad Web y c\u00f3mo nos comprometemos a ofrecer contenidos digitales accesibles para los clientes.","breadcrumb":{"@id":"https:\/\/kinsta.com\/es\/declaracion-accesibilidad-web\/#breadcrumb"},"inLanguage":"es","potentialAction":[{"@type":"ReadAction","target":["https:\/\/kinsta.com\/es\/declaracion-accesibilidad-web\/"]}]},{"@type":"BreadcrumbList","@id":"https:\/\/kinsta.com\/es\/declaracion-accesibilidad-web\/#breadcrumb","itemListElement":[{"@type":"ListItem","position":1,"name":"Home","item":"https:\/\/kinsta.com\/es\/"},{"@type":"ListItem","position":2,"name":"Declaraci\u00f3n de Accesibilidad de la Web de Kinsta.com"}]},{"@type":"WebSite","@id":"https:\/\/kinsta.com\/es\/#website","url":"https:\/\/kinsta.com\/es\/","name":"Kinsta\u00ae","description":"Soluciones de alojamiento premium, r\u00e1pidas y seguras","publisher":{"@id":"https:\/\/kinsta.com\/es\/#organization"},"potentialAction":[{"@type":"SearchAction","target":{"@type":"EntryPoint","urlTemplate":"https:\/\/kinsta.com\/es\/?s={search_term_string}"},"query-input":{"@type":"PropertyValueSpecification","valueRequired":true,"valueName":"search_term_string"}}],"inLanguage":"es"},{"@type":"Organization","@id":"https:\/\/kinsta.com\/es\/#organization","name":"Kinsta","url":"https:\/\/kinsta.com\/es\/","logo":{"@type":"ImageObject","inLanguage":"es","@id":"https:\/\/kinsta.com\/es\/#\/schema\/logo\/image\/","url":"https:\/\/kinsta.com\/es\/wp-content\/uploads\/sites\/8\/2023\/12\/kinsta-logo.jpeg","contentUrl":"https:\/\/kinsta.com\/es\/wp-content\/uploads\/sites\/8\/2023\/12\/kinsta-logo.jpeg","width":500,"height":500,"caption":"Kinsta"},"image":{"@id":"https:\/\/kinsta.com\/es\/#\/schema\/logo\/image\/"},"sameAs":["https:\/\/www.facebook.com\/kinsta.es\/","https:\/\/x.com\/Kinsta_ES","https:\/\/www.instagram.com\/kinstahosting\/","https:\/\/www.linkedin.com\/company\/kinsta\/","https:\/\/www.pinterest.com\/kinstahosting\/","https:\/\/www.youtube.com\/c\/Kinsta"]}]}},"acf":[],"_links":{"self":[{"href":"https:\/\/kinsta.com\/es\/wp-json\/wp\/v2\/pages\/58187","targetHints":{"allow":["GET"]}}],"collection":[{"href":"https:\/\/kinsta.com\/es\/wp-json\/wp\/v2\/pages"}],"about":[{"href":"https:\/\/kinsta.com\/es\/wp-json\/wp\/v2\/types\/page"}],"author":[{"embeddable":true,"href":"https:\/\/kinsta.com\/es\/wp-json\/wp\/v2\/users\/103"}],"replies":[{"embeddable":true,"href":"https:\/\/kinsta.com\/es\/wp-json\/wp\/v2\/comments?post=58187"}],"version-history":[{"count":5,"href":"https:\/\/kinsta.com\/es\/wp-json\/wp\/v2\/pages\/58187\/revisions"}],"predecessor-version":[{"id":70043,"href":"https:\/\/kinsta.com\/es\/wp-json\/wp\/v2\/pages\/58187\/revisions\/70043"}],"alternate":[{"embeddable":true,"hreflang":"en","title":"English","href":"https:\/\/kinsta.com\/es\/wp-json\/kinsta\/v1\/posts\/58187\/translations\/en"},{"embeddable":true,"hreflang":"it","title":"Italian","href":"https:\/\/kinsta.com\/es\/wp-json\/kinsta\/v1\/posts\/58187\/translations\/it"},{"embeddable":true,"hreflang":"pt","title":"Portuguese","href":"https:\/\/kinsta.com\/es\/wp-json\/kinsta\/v1\/posts\/58187\/translations\/pt"},{"embeddable":true,"hreflang":"fr","title":"French","href":"https:\/\/kinsta.com\/es\/wp-json\/kinsta\/v1\/posts\/58187\/translations\/fr"},{"embeddable":true,"hreflang":"de","title":"German","href":"https:\/\/kinsta.com\/es\/wp-json\/kinsta\/v1\/posts\/58187\/translations\/de"},{"embeddable":true,"hreflang":"ja","title":"Japanese","href":"https:\/\/kinsta.com\/es\/wp-json\/kinsta\/v1\/posts\/58187\/translations\/jp"},{"embeddable":true,"hreflang":"nl","title":"Dutch","href":"https:\/\/kinsta.com\/es\/wp-json\/kinsta\/v1\/posts\/58187\/translations\/nl"},{"embeddable":true,"hreflang":"es","title":"Spanish","href":"https:\/\/kinsta.com\/es\/wp-json\/kinsta\/v1\/posts\/58187\/translations\/es"},{"embeddable":true,"hreflang":"sv","title":"Swedish","href":"https:\/\/kinsta.com\/es\/wp-json\/kinsta\/v1\/posts\/58187\/translations\/se"},{"embeddable":true,"hreflang":"da","title":"Danish","href":"https:\/\/kinsta.com\/es\/wp-json\/kinsta\/v1\/posts\/58187\/translations\/dk"},{"href":"https:\/\/kinsta.com\/es\/wp-json\/kinsta\/v1\/posts\/58187\/tree"}],"wp:attachment":[{"href":"https:\/\/kinsta.com\/es\/wp-json\/wp\/v2\/media?parent=58187"}],"curies":[{"name":"wp","href":"https:\/\/api.w.org\/{rel}","templated":true}]}}