{"id":68035,"date":"2023-07-13T09:48:26","date_gmt":"2023-07-13T07:48:26","guid":{"rendered":"https:\/\/kinsta.com\/es\/?page_id=68035&#038;preview_id=68035"},"modified":"2025-11-24T12:48:58","modified_gmt":"2025-11-24T11:48:58","slug":"subprocesadores","status":"publish","type":"page","link":"https:\/\/kinsta.com\/es\/legal\/subprocesadores\/","title":{"rendered":"Kinsta Inc. Lista de Subprocesadores"},"content":{"rendered":"<aside role=\"note\" class=\"wp-block-kinsta-notice is-style-plain\">\n        <p>Esta es la traducci\u00f3n al espa\u00f1ol de la secci\u00f3n legal original en ingl\u00e9s. Ten en cuenta que aunque tomamos todas las precauciones para asegurarnos de que el siguiente texto sea correcto, en caso de cualquier discrepancia entre las dos versiones, prevalecer\u00e1 la versi\u00f3n en ingl\u00e9s. El texto legal original se puede encontrar <a href=\"https:\/\/kinsta.com\/legal\/subprocessors\/\" rel=\"noopener noreferrer\" data-no-translate>aqu\u00ed<\/a>.<\/p>\n<\/aside>\n\n\n\n\n<p>Actualizado el: 25 de septiembre de 2025<\/p>\n\n\n\n<figure class=\"wp-block-table is-style-regular\"><table><thead><tr><th class=\"has-text-align-center\" data-align=\"center\"><strong>Nombre<\/strong><\/th><th><strong>Descripci\u00f3n del uso relacionado con las solicitudes de los clientes<\/strong><\/th><th class=\"has-text-align-center\" data-align=\"center\"><strong>Ubicaci\u00f3n del procesamiento<\/strong><\/th><\/tr><\/thead><tbody><tr><td class=\"has-text-align-center\" data-align=\"center\">Cloudflare, Inc.<\/td><td>Seguridad y rendimiento<\/td><td class=\"has-text-align-center\" data-align=\"center\">Regional \u2013 Kinsta utiliza la Suite de Localizaci\u00f3n de Datos de Cloudflare. Los centros de datos est\u00e1n ubicados en todo el mundo. <br><br>Para obtener informaci\u00f3n adicional, consulta <a href=\"https:\/\/www.cloudflare.com\/en-gb\/gdpr\/introduction\/\" target=\"_blank\" rel=\"noreferrer noopener\">el compromiso de Cloudflare con el cumplimiento del GDPR<\/a> y su art\u00edculo sobre la <a href=\"https:\/\/www.cloudflare.com\/data-localization\/\" target=\"_blank\" rel=\"noreferrer noopener\">localizaci\u00f3n de datos<\/a>.<\/td><\/tr><tr><td class=\"has-text-align-center\" data-align=\"center\">Google LLC \/ Google Ireland Limited<\/td><td>Alojamiento y seguridad<\/td><td class=\"has-text-align-center\" data-align=\"center\">Elecci\u00f3n del cliente \u2013 Los clientes eligen el centro de datos donde se alojar\u00e1n sus Aplicaciones de cliente. Los centros de datos est\u00e1n ubicados en todo el mundo.<br><br><em>Nota<\/em>: El cl\u00faster de anal\u00edticas de Kinsta, que procesa las direcciones IP y otra informaci\u00f3n de registro de acceso de las Aplicaciones de Cliente, est\u00e1 alojado en Estados Unidos.<br><br>Para obtener informaci\u00f3n adicional, consulta <a href=\"https:\/\/cloud.google.com\/privacy\/gdpr\" target=\"_blank\" rel=\"noreferrer noopener\">https:\/\/cloud.google.com\/privacy\/gdpr<\/a>.<\/td><\/tr><tr><td class=\"has-text-align-center\" data-align=\"center\">Oracle America, Inc<\/td><td>Alojamiento y seguridad<\/td><td class=\"has-text-align-center\" data-align=\"center\">Elecci\u00f3n del cliente \u2013 Los clientes eligen el centro de datos donde se alojar\u00e1n sus Aplicaciones de Cliente. Los centros de datos est\u00e1n ubicados en todo el mundo.<br><br><em>Nota<\/em>: El cl\u00faster de anal\u00edticas de Kinsta, que procesa las direcciones IP y otra informaci\u00f3n de registro de acceso de las Aplicaciones de Cliente, est\u00e1 alojado en Estados Unidos.<br><br>Para obtener informaci\u00f3n adicional, consulta <a href=\"https:\/\/www.oracle.com\/security\/gdpr\/\">https:\/\/www.oracle.com\/security\/gdpr\/<\/a>.<\/td><\/tr><tr><td class=\"has-text-align-center\" data-align=\"center\">Amazon Web Services, Inc.<\/td><td>Servicios DNS (Ruta 53)<\/td><td class=\"has-text-align-center\" data-align=\"center\">Estados Unidos<br><br>Para m\u00e1s informaci\u00f3n, consulta <a href=\"https:\/\/aws.amazon.com\/compliance\/data-privacy\/\" target=\"_blank\" rel=\"noreferrer noopener\">https:\/\/aws.amazon.com\/compliance\/data-privacy\/<\/a>.<\/td><\/tr><tr><td class=\"has-text-align-center\" data-align=\"center\">Clickhouse, Inc.<\/td><td>Anal\u00edtica y almacenamiento de registros<\/td><td class=\"has-text-align-center\" data-align=\"center\">Estados Unidos<br><br>Para m\u00e1s informaci\u00f3n, consulta <a href=\"https:\/\/trust.clickhouse.com\/\" target=\"_blank\" rel=\"noreferrer noopener\">https:\/\/trust.clickhouse.com\/<\/a>.<\/td><\/tr><tr><td class=\"has-text-align-center\" data-align=\"center\">Intercom, Inc.<\/td><td>Atenci\u00f3n al cliente y comunicaci\u00f3n<\/td><td class=\"has-text-align-center\" data-align=\"center\">Estados Unidos<br><br>Para m\u00e1s informaci\u00f3n, consulta <a href=\"https:\/\/www.intercom.com\/legal\/security-policy\" target=\"_blank\" rel=\"noreferrer noopener\">https:\/\/www.intercom.com\/legal\/security-policy<\/a>.<\/td><\/tr><tr><td class=\"has-text-align-center\" data-align=\"center\">Hubspot, Inc.<\/td><td>Atenci\u00f3n al cliente y comunicaci\u00f3n<\/td><td class=\"has-text-align-center\" data-align=\"center\">Estados Unidos<br><br>Para m\u00e1s informaci\u00f3n, consulta <a href=\"https:\/\/knowledge.hubspot.com\/account-security\/hubspot-cloud-infrastructure-and-data-hosting-frequently-asked-questions\" target=\"_blank\" rel=\"noreferrer noopener\">https:\/\/knowledge.hubspot.com\/account-security\/hubspot-cloud-infrastructure-and-data-hosting-frequently-asked-questions<\/a>.<\/td><\/tr><tr><td class=\"has-text-align-center\" data-align=\"center\">Mailchannels Corporation<\/td><td>Transmisi\u00f3n de correos electr\u00f3nicos transaccionales<\/td><td class=\"has-text-align-center\" data-align=\"center\">Canad\u00e1, Estados Unidos<br><br>Para m\u00e1s informaci\u00f3n, consulta <a href=\"https:\/\/www.mailchannels.com\/gdpr\/\" target=\"_blank\" rel=\"noreferrer noopener\">https:\/\/www.mailchannels.com\/gdpr\/<\/a>.<\/td><\/tr><tr><td class=\"has-text-align-center\" data-align=\"center\">Inactiv.com Media Solutions Private Limited y BlogVault Inc. d\/b\/a Migrate Guru<\/td><td>Migraciones<\/td><td class=\"has-text-align-center\" data-align=\"center\">Uni\u00f3n Europea<br><br>Para m\u00e1s informaci\u00f3n, consulta <a href=\"https:\/\/migrateguru.com\/gdpr\/\" target=\"_blank\" rel=\"noreferrer noopener\">https:\/\/migrateguru.com\/gdpr\/<\/a>.<\/td><\/tr><\/tbody><\/table><\/figure>\n\n\n\n<h2 class=\"wp-block-heading\" id=\"h-versiones-anteriores\">Versiones anteriores<\/h2>\n\n\n\n<div class=\"wp-block-kinsta-buttons\">\n<a class=\"wp-block-kinsta-button\" href=\"https:\/\/kinsta.com\/wp-content\/uploads\/2025\/11\/Subprocessor-List-July-7-2023-WEBSITE-ARCHIVE.pdf\" target=\"_blank\" rel=\"noreferrer noopener\" download><span class=\"wp-block-kinsta-button_text\">7 de julio de 2023<\/span><\/a>\n<\/div>\n","protected":false},"excerpt":{"rendered":"<p>Actualizado el: 25 de septiembre de 2025 Nombre Descripci\u00f3n del uso relacionado con las solicitudes de los clientes Ubicaci\u00f3n del procesamiento Cloudflare, Inc. Seguridad y rendimiento &#8230;<\/p>\n","protected":false},"author":115,"featured_media":0,"parent":4579,"menu_order":0,"comment_status":"closed","ping_status":"closed","template":"templates\/template-article.php","meta":{"_kinsta_gated_content":false,"_kinsta_gated_content_redirect":"","footnotes":""},"class_list":["post-68035","page","type-page","status-publish","hentry"],"yoast_head":"<!-- This site is optimized with the Yoast SEO Premium plugin v24.6 (Yoast SEO v24.6) - https:\/\/yoast.com\/wordpress\/plugins\/seo\/ -->\n<title>Kinsta Inc. Lista de Subprocesadores - Kinsta\u00ae<\/title>\n<meta name=\"description\" content=\"Nuestra p\u00e1gina de Subprocesadores muestra c\u00f3mo Kinsta trabaja con ellos para ofrecer sus servicios, sus funciones, d\u00f3nde operan y los datos que gestionan.\" \/>\n<meta name=\"robots\" content=\"index, follow, max-snippet:-1, max-image-preview:large, max-video-preview:-1\" \/>\n<link rel=\"canonical\" href=\"https:\/\/kinsta.com\/es\/legal\/subprocesadores\/\" \/>\n<meta property=\"og:locale\" content=\"es_ES\" \/>\n<meta property=\"og:type\" content=\"article\" \/>\n<meta property=\"og:title\" content=\"Kinsta Inc. Lista de Subprocesadores\" \/>\n<meta property=\"og:description\" content=\"Nuestra p\u00e1gina de Subprocesadores muestra c\u00f3mo Kinsta trabaja con ellos para ofrecer sus servicios, sus funciones, d\u00f3nde operan y los datos que gestionan.\" \/>\n<meta property=\"og:url\" content=\"https:\/\/kinsta.com\/es\/legal\/subprocesadores\/\" \/>\n<meta property=\"og:site_name\" content=\"Kinsta\u00ae\" \/>\n<meta property=\"article:publisher\" content=\"https:\/\/www.facebook.com\/kinsta.es\/\" \/>\n<meta property=\"article:modified_time\" content=\"2025-11-24T11:48:58+00:00\" \/>\n<meta property=\"og:image\" content=\"https:\/\/kinsta.com\/es\/wp-content\/uploads\/sites\/8\/2023\/12\/kinsta-homepage-es.png\" \/>\n\t<meta property=\"og:image:width\" content=\"1200\" \/>\n\t<meta property=\"og:image:height\" content=\"628\" \/>\n\t<meta property=\"og:image:type\" content=\"image\/png\" \/>\n<meta name=\"twitter:card\" content=\"summary_large_image\" \/>\n<meta name=\"twitter:description\" content=\"Nuestra p\u00e1gina de Subprocesadores muestra c\u00f3mo Kinsta trabaja con ellos para ofrecer sus servicios, sus funciones, d\u00f3nde operan y los datos que gestionan.\" \/>\n<meta name=\"twitter:image\" content=\"https:\/\/kinsta.com\/es\/wp-content\/uploads\/sites\/8\/2023\/12\/kinsta-homepage-es.png\" \/>\n<meta name=\"twitter:site\" content=\"@Kinsta_ES\" \/>\n<meta name=\"twitter:label1\" content=\"Tiempo de lectura\" \/>\n\t<meta name=\"twitter:data1\" content=\"2 minutos\" \/>\n<script type=\"application\/ld+json\" class=\"yoast-schema-graph\">{\"@context\":\"https:\/\/schema.org\",\"@graph\":[{\"@type\":\"WebPage\",\"@id\":\"https:\/\/kinsta.com\/es\/legal\/subprocesadores\/\",\"url\":\"https:\/\/kinsta.com\/es\/legal\/subprocesadores\/\",\"name\":\"Kinsta Inc. Lista de Subprocesadores - Kinsta\u00ae\",\"isPartOf\":{\"@id\":\"https:\/\/kinsta.com\/es\/#website\"},\"datePublished\":\"2023-07-13T07:48:26+00:00\",\"dateModified\":\"2025-11-24T11:48:58+00:00\",\"description\":\"Nuestra p\u00e1gina de Subprocesadores muestra c\u00f3mo Kinsta trabaja con ellos para ofrecer sus servicios, sus funciones, d\u00f3nde operan y los datos que gestionan.\",\"breadcrumb\":{\"@id\":\"https:\/\/kinsta.com\/es\/legal\/subprocesadores\/#breadcrumb\"},\"inLanguage\":\"es\",\"potentialAction\":[{\"@type\":\"ReadAction\",\"target\":[\"https:\/\/kinsta.com\/es\/legal\/subprocesadores\/\"]}]},{\"@type\":\"BreadcrumbList\",\"@id\":\"https:\/\/kinsta.com\/es\/legal\/subprocesadores\/#breadcrumb\",\"itemListElement\":[{\"@type\":\"ListItem\",\"position\":1,\"name\":\"Home\",\"item\":\"https:\/\/kinsta.com\/es\/\"},{\"@type\":\"ListItem\",\"position\":2,\"name\":\"Informaci\u00f3n Legal\",\"item\":\"https:\/\/kinsta.com\/es\/legal\/\"},{\"@type\":\"ListItem\",\"position\":3,\"name\":\"Kinsta Inc. Lista de Subprocesadores\"}]},{\"@type\":\"WebSite\",\"@id\":\"https:\/\/kinsta.com\/es\/#website\",\"url\":\"https:\/\/kinsta.com\/es\/\",\"name\":\"Kinsta\u00ae\",\"description\":\"Soluciones de alojamiento premium, r\u00e1pidas y seguras\",\"publisher\":{\"@id\":\"https:\/\/kinsta.com\/es\/#organization\"},\"potentialAction\":[{\"@type\":\"SearchAction\",\"target\":{\"@type\":\"EntryPoint\",\"urlTemplate\":\"https:\/\/kinsta.com\/es\/?s={search_term_string}\"},\"query-input\":{\"@type\":\"PropertyValueSpecification\",\"valueRequired\":true,\"valueName\":\"search_term_string\"}}],\"inLanguage\":\"es\"},{\"@type\":\"Organization\",\"@id\":\"https:\/\/kinsta.com\/es\/#organization\",\"name\":\"Kinsta\",\"url\":\"https:\/\/kinsta.com\/es\/\",\"logo\":{\"@type\":\"ImageObject\",\"inLanguage\":\"es\",\"@id\":\"https:\/\/kinsta.com\/es\/#\/schema\/logo\/image\/\",\"url\":\"https:\/\/kinsta.com\/es\/wp-content\/uploads\/sites\/8\/2023\/12\/kinsta-logo.jpeg\",\"contentUrl\":\"https:\/\/kinsta.com\/es\/wp-content\/uploads\/sites\/8\/2023\/12\/kinsta-logo.jpeg\",\"width\":500,\"height\":500,\"caption\":\"Kinsta\"},\"image\":{\"@id\":\"https:\/\/kinsta.com\/es\/#\/schema\/logo\/image\/\"},\"sameAs\":[\"https:\/\/www.facebook.com\/kinsta.es\/\",\"https:\/\/x.com\/Kinsta_ES\",\"https:\/\/www.instagram.com\/kinstahosting\/\",\"https:\/\/www.linkedin.com\/company\/kinsta\/\",\"https:\/\/www.pinterest.com\/kinstahosting\/\",\"https:\/\/www.youtube.com\/c\/Kinsta\"]}]}<\/script>\n<!-- \/ Yoast SEO Premium plugin. -->","yoast_head_json":{"title":"Kinsta Inc. Lista de Subprocesadores - Kinsta\u00ae","description":"Nuestra p\u00e1gina de Subprocesadores muestra c\u00f3mo Kinsta trabaja con ellos para ofrecer sus servicios, sus funciones, d\u00f3nde operan y los datos que gestionan.","robots":{"index":"index","follow":"follow","max-snippet":"max-snippet:-1","max-image-preview":"max-image-preview:large","max-video-preview":"max-video-preview:-1"},"canonical":"https:\/\/kinsta.com\/es\/legal\/subprocesadores\/","og_locale":"es_ES","og_type":"article","og_title":"Kinsta Inc. Lista de Subprocesadores","og_description":"Nuestra p\u00e1gina de Subprocesadores muestra c\u00f3mo Kinsta trabaja con ellos para ofrecer sus servicios, sus funciones, d\u00f3nde operan y los datos que gestionan.","og_url":"https:\/\/kinsta.com\/es\/legal\/subprocesadores\/","og_site_name":"Kinsta\u00ae","article_publisher":"https:\/\/www.facebook.com\/kinsta.es\/","article_modified_time":"2025-11-24T11:48:58+00:00","og_image":[{"width":1200,"height":628,"url":"https:\/\/kinsta.com\/es\/wp-content\/uploads\/sites\/8\/2023\/12\/kinsta-homepage-es.png","type":"image\/png"}],"twitter_card":"summary_large_image","twitter_description":"Nuestra p\u00e1gina de Subprocesadores muestra c\u00f3mo Kinsta trabaja con ellos para ofrecer sus servicios, sus funciones, d\u00f3nde operan y los datos que gestionan.","twitter_image":"https:\/\/kinsta.com\/es\/wp-content\/uploads\/sites\/8\/2023\/12\/kinsta-homepage-es.png","twitter_site":"@Kinsta_ES","twitter_misc":{"Tiempo de lectura":"2 minutos"},"schema":{"@context":"https:\/\/schema.org","@graph":[{"@type":"WebPage","@id":"https:\/\/kinsta.com\/es\/legal\/subprocesadores\/","url":"https:\/\/kinsta.com\/es\/legal\/subprocesadores\/","name":"Kinsta Inc. Lista de Subprocesadores - Kinsta\u00ae","isPartOf":{"@id":"https:\/\/kinsta.com\/es\/#website"},"datePublished":"2023-07-13T07:48:26+00:00","dateModified":"2025-11-24T11:48:58+00:00","description":"Nuestra p\u00e1gina de Subprocesadores muestra c\u00f3mo Kinsta trabaja con ellos para ofrecer sus servicios, sus funciones, d\u00f3nde operan y los datos que gestionan.","breadcrumb":{"@id":"https:\/\/kinsta.com\/es\/legal\/subprocesadores\/#breadcrumb"},"inLanguage":"es","potentialAction":[{"@type":"ReadAction","target":["https:\/\/kinsta.com\/es\/legal\/subprocesadores\/"]}]},{"@type":"BreadcrumbList","@id":"https:\/\/kinsta.com\/es\/legal\/subprocesadores\/#breadcrumb","itemListElement":[{"@type":"ListItem","position":1,"name":"Home","item":"https:\/\/kinsta.com\/es\/"},{"@type":"ListItem","position":2,"name":"Informaci\u00f3n Legal","item":"https:\/\/kinsta.com\/es\/legal\/"},{"@type":"ListItem","position":3,"name":"Kinsta Inc. Lista de Subprocesadores"}]},{"@type":"WebSite","@id":"https:\/\/kinsta.com\/es\/#website","url":"https:\/\/kinsta.com\/es\/","name":"Kinsta\u00ae","description":"Soluciones de alojamiento premium, r\u00e1pidas y seguras","publisher":{"@id":"https:\/\/kinsta.com\/es\/#organization"},"potentialAction":[{"@type":"SearchAction","target":{"@type":"EntryPoint","urlTemplate":"https:\/\/kinsta.com\/es\/?s={search_term_string}"},"query-input":{"@type":"PropertyValueSpecification","valueRequired":true,"valueName":"search_term_string"}}],"inLanguage":"es"},{"@type":"Organization","@id":"https:\/\/kinsta.com\/es\/#organization","name":"Kinsta","url":"https:\/\/kinsta.com\/es\/","logo":{"@type":"ImageObject","inLanguage":"es","@id":"https:\/\/kinsta.com\/es\/#\/schema\/logo\/image\/","url":"https:\/\/kinsta.com\/es\/wp-content\/uploads\/sites\/8\/2023\/12\/kinsta-logo.jpeg","contentUrl":"https:\/\/kinsta.com\/es\/wp-content\/uploads\/sites\/8\/2023\/12\/kinsta-logo.jpeg","width":500,"height":500,"caption":"Kinsta"},"image":{"@id":"https:\/\/kinsta.com\/es\/#\/schema\/logo\/image\/"},"sameAs":["https:\/\/www.facebook.com\/kinsta.es\/","https:\/\/x.com\/Kinsta_ES","https:\/\/www.instagram.com\/kinstahosting\/","https:\/\/www.linkedin.com\/company\/kinsta\/","https:\/\/www.pinterest.com\/kinstahosting\/","https:\/\/www.youtube.com\/c\/Kinsta"]}]}},"acf":[],"_links":{"self":[{"href":"https:\/\/kinsta.com\/es\/wp-json\/wp\/v2\/pages\/68035","targetHints":{"allow":["GET"]}}],"collection":[{"href":"https:\/\/kinsta.com\/es\/wp-json\/wp\/v2\/pages"}],"about":[{"href":"https:\/\/kinsta.com\/es\/wp-json\/wp\/v2\/types\/page"}],"author":[{"embeddable":true,"href":"https:\/\/kinsta.com\/es\/wp-json\/wp\/v2\/users\/115"}],"replies":[{"embeddable":true,"href":"https:\/\/kinsta.com\/es\/wp-json\/wp\/v2\/comments?post=68035"}],"version-history":[{"count":5,"href":"https:\/\/kinsta.com\/es\/wp-json\/wp\/v2\/pages\/68035\/revisions"}],"predecessor-version":[{"id":81091,"href":"https:\/\/kinsta.com\/es\/wp-json\/wp\/v2\/pages\/68035\/revisions\/81091"}],"up":[{"embeddable":true,"href":"https:\/\/kinsta.com\/es\/wp-json\/wp\/v2\/pages\/4579"}],"alternate":[{"embeddable":true,"hreflang":"en","title":"English","href":"https:\/\/kinsta.com\/es\/wp-json\/kinsta\/v1\/posts\/68035\/translations\/en"},{"embeddable":true,"hreflang":"it","title":"Italian","href":"https:\/\/kinsta.com\/es\/wp-json\/kinsta\/v1\/posts\/68035\/translations\/it"},{"embeddable":true,"hreflang":"pt","title":"Portuguese","href":"https:\/\/kinsta.com\/es\/wp-json\/kinsta\/v1\/posts\/68035\/translations\/pt"},{"embeddable":true,"hreflang":"fr","title":"French","href":"https:\/\/kinsta.com\/es\/wp-json\/kinsta\/v1\/posts\/68035\/translations\/fr"},{"embeddable":true,"hreflang":"de","title":"German","href":"https:\/\/kinsta.com\/es\/wp-json\/kinsta\/v1\/posts\/68035\/translations\/de"},{"embeddable":true,"hreflang":"ja","title":"Japanese","href":"https:\/\/kinsta.com\/es\/wp-json\/kinsta\/v1\/posts\/68035\/translations\/jp"},{"embeddable":true,"hreflang":"nl","title":"Dutch","href":"https:\/\/kinsta.com\/es\/wp-json\/kinsta\/v1\/posts\/68035\/translations\/nl"},{"embeddable":true,"hreflang":"es","title":"Spanish","href":"https:\/\/kinsta.com\/es\/wp-json\/kinsta\/v1\/posts\/68035\/translations\/es"},{"href":"https:\/\/kinsta.com\/es\/wp-json\/kinsta\/v1\/posts\/68035\/tree"}],"wp:attachment":[{"href":"https:\/\/kinsta.com\/es\/wp-json\/wp\/v2\/media?parent=68035"}],"curies":[{"name":"wp","href":"https:\/\/api.w.org\/{rel}","templated":true}]}}