{"id":68960,"date":"2023-08-09T11:18:31","date_gmt":"2023-08-09T09:18:31","guid":{"rendered":"https:\/\/kinsta.com\/es\/?page_id=68960&#038;preview_id=68960"},"modified":"2024-06-21T10:48:28","modified_gmt":"2024-06-21T08:48:28","slug":"referidos-condiciones","status":"publish","type":"page","link":"https:\/\/kinsta.com\/es\/legal\/referidos-condiciones\/","title":{"rendered":"Condiciones del Programa de Referidos de Clientes"},"content":{"rendered":"<aside role=\"note\" class=\"wp-block-kinsta-notice is-style-plain\">\n        <p>Esta es la traducci\u00f3n al espa\u00f1ol de la secci\u00f3n legal original en ingl\u00e9s. Ten en cuenta que si bien tomamos todas las precauciones para asegurarnos de que el texto a continuaci\u00f3n sea correcto, en caso de cualquier discrepancia entre las dos versiones, prevalecer\u00e1 la versi\u00f3n en ingl\u00e9s. El texto legal original se puede encontrar <a href=\"https:\/\/kinsta.com\/legal\/referral-terms\/\" rel=\"noopener noreferrer\" data-no-translate>aqu\u00ed<\/a>.<\/p>\n<\/aside>\n\n\n\n\n<p>Actualizado el: 7 de agosto de 2023<\/p>\n\n\n\n<h2 class=\"wp-block-heading\" id=\"h-1-introducci-n-alcance-elegibilidad\">1. Introducci\u00f3n; Alcance; Elegibilidad.<\/h2>\n\n\n\n<ol start=\"1\" class=\"is-style-lower-alpha wp-block-list\">\n<li>Las presentes Condiciones del Programa de Referidos de Clientes (\u00ab<strong>Condiciones<\/strong>\u00ab) regulan el Programa de Referidos de Clientes de Kinsta (\u00ab<strong>Programa de Referidos<\/strong>\u00ab), en virtud del cual los Clientes activos pueden recibir cr\u00e9ditos en su Plan de Alojamiento a cambio de recomendar un nuevo cliente a Kinsta (\u00ab<strong>Cr\u00e9ditos de Recomendaci\u00f3n<\/strong>\u00ab). Al participar en el Programa de Referidos de cualquier forma o al utilizar los Cr\u00e9ditos de Referidos, aceptas estas Condiciones.<\/li>\n\n\n\n<li>Estas Condiciones complementan las <a href=\"https:\/\/kinsta.com\/es\/legal\/condiciones-servicio\/\">Condiciones de Servicio<\/a> (\u00ab<strong><strong>ToS<\/strong><\/strong>,  Terms of Service\u00bb), y las referencias al t\u00e9rmino \u00abServicios\u00bb en las ToS se interpretar\u00e1n en el sentido de que incluyen la participaci\u00f3n del Cliente en el Programa de Referidos, seg\u00fan proceda.  Los t\u00e9rminos en may\u00fasculas que no se definan en estas Condiciones tendr\u00e1n el significado previsto en las ToS. En caso de conflicto entre estas Condiciones y las ToS, prevalecer\u00e1n las disposiciones de estas Condiciones, pero s\u00f3lo con respecto a tu participaci\u00f3n en el Programa de Referidos.<\/li>\n\n\n\n<li>En <a href=\"https:\/\/kinsta.com\/es\/docs\/servicio-de-informacion\/preguntas-frecuentes-sobre-referidos\/\">https:\/\/kinsta.com\/es\/docs\/referidos-faq\/<\/a> (\u00ab<strong>P\u00e1gina de Informaci\u00f3n<\/strong>\u00ab), que puede actualizarse en cualquier momento a discreci\u00f3n de Kinsta, encontrar\u00e1s informaci\u00f3n adicional sobre el Programa de Referidos, incluyendo c\u00f3mo participar, c\u00f3mo ganar Cr\u00e9ditos de Referidos y el calendario y las cantidades de los Cr\u00e9ditos de Referidos. En caso de conflicto entre estas Condiciones y la P\u00e1gina de Informaci\u00f3n, prevalecer\u00e1n las disposiciones de estas Condiciones.<\/li>\n\n\n\n<li>Nos reservamos el derecho a realizar cambios en estas Condiciones en cualquier momento. Notificaremos dichos cambios revisando la fecha en la parte superior de estas Condiciones. Tu participaci\u00f3n continuada en el Programa de Referidos despu\u00e9s de cualquier cambio en estas Condiciones constituir\u00e1 tu aceptaci\u00f3n de dichos cambios.<\/li>\n\n\n\n<li>Cualquier Cliente con un Plan de Alojamiento MyKinsta activo es elegible para el Programa de Referidos.<\/li>\n<\/ol>\n\n\n\n<h2 class=\"wp-block-heading\" id=\"h-2-cr-ditos-por-referidos\">2. Cr\u00e9ditos por Referidos.<\/h2>\n\n\n\n<ol start=\"1\" class=\"is-style-lower-alpha wp-block-list\">\n<li>Los Cr\u00e9ditos de Referidos se aplicar\u00e1n para compensar las Tarifas aplicables de tu Plan de Alojamiento. No se pueden vender, ceder bajo licencia, alquilar ni transferir de ning\u00fan otro modo los cr\u00e9ditos de referidos. Los Cr\u00e9ditos de Referidos no tienen valor intr\u00ednseco o en efectivo, no son canjeables por dinero en efectivo y no son reembolsables.<\/li>\n\n\n\n<li>Los cr\u00e9ditos de recomendaci\u00f3n no utilizados quedar\u00e1n anulados (i) en caso de rescisi\u00f3n de tu Plan de Alojamiento o (ii) en caso de fraude o abuso, o de infracci\u00f3n de las Condiciones de Uso, de estas Condiciones o de cualquier otra ley, condici\u00f3n, pol\u00edtica o instrucci\u00f3n aplicable.<\/li>\n\n\n\n<li>Kinsta se reserva el derecho a cargar en tu Plan de Alojamiento u obtener el reembolso del importe de los Cr\u00e9ditos de referidos utilizados que se hayan obtenido de forma fraudulenta, ilegal o indebida, o que no hayan sido autorizados de alguna otra forma. <\/li>\n\n\n\n<li>Los Cr\u00e9ditos de Referidos s\u00f3lo se aplicar\u00e1n a un Cliente por cada referido. Las disputas sobre qu\u00e9 Cliente u otro tercero debe recibir un Cr\u00e9dito de Referido se resolver\u00e1n a la entera discreci\u00f3n de Kinsta.<\/li>\n\n\n\n<li>Kinsta no se hace responsable de las cookies de seguimiento del Programa de Referidos que hayan sido borradas intencionadamente o no. No se pagar\u00e1 ning\u00fan Cr\u00e9dito de Referido por errores de seguimiento de ning\u00fan tipo.<\/li>\n\n\n\n<li>Eres el \u00fanico responsable de cualquier obligaci\u00f3n fiscal relacionada con tu recepci\u00f3n y uso de Cr\u00e9ditos de Referidos.<\/li>\n\n\n\n<li>Las Referencias de Servicios Beta, alojamiento de sitios est\u00e1ticos o cualquier otro Servicio gratuito no son elegibles para Cr\u00e9ditos de Referidos.<\/li>\n<\/ol>\n\n\n\n<h2 class=\"wp-block-heading\" id=\"h-3-m-todos-promocionales-y-restricciones\">3. M\u00e9todos Promocionales y Restricciones.<\/h2>\n\n\n\n<ol start=\"1\" class=\"is-style-lower-alpha wp-block-list\">\n<li>El Cliente es responsable de cualquier contenido que utilice para promocionar Kinsta en relaci\u00f3n con el Programa de Referidos (\u00ab<strong>Contenido Promocional<\/strong>\u00ab). El Contenido Promocional puede incluir versiones autorizadas de las marcas comerciales y logotipos de Kinsta de acuerdo con <a href=\"https:\/\/kinsta.com\/es\/prensa\/\">https:\/\/kinsta.com\/es\/prensa<\/a>.<\/li>\n\n\n\n<li>El Cliente deber\u00e1 cumplir sin demora las instrucciones de Kinsta para modificar o eliminar el Contenido Promocional.<\/li>\n\n\n\n<li>El Contenido Promocional deber\u00e1 cumplir las <a href=\"https:\/\/www.ftc.gov\/business-guidance\/advertising-marketing\/endorsements-influencers-reviews\">normas de aprobaci\u00f3n de la Comisi\u00f3n Federal de Comercio (FTC, Federal Trade Commission)<\/a> y cualquier otra ley aplicable, incluida la notificaci\u00f3n de que el Cliente puede recibir un Cr\u00e9dito por Referidos.<\/li>\n\n\n\n<li>El Contenido Promocional no deber\u00e1:\n<ol class=\"wp-block-list\">\n<li>Tergiversar los Servicios en modo alguno, incluidos sus precios, planes, descuentos o funcionalidad;<\/li>\n\n\n\n<li>Ofrecer o proporcionar garant\u00edas, incentivos, recompensas o indemnizaciones, salvo lo establecido en nuestras Condiciones de Servicio o lo aprobado por escrito por Kinsta;<\/li>\n\n\n\n<li>Desprestigiar a Kinsta y a sus representantes, a los Servicios o al Programa de Referidos;<\/li>\n\n\n\n<li>Utilizar cualquier m\u00e9todo de publicidad ilegal o spam;<\/li>\n\n\n\n<li>Competir o interferir con los esfuerzos de publicidad directa de Kinsta. De vez en cuando, Kinsta puede optar por realizar publicidad directa online. El Cliente no colocar\u00e1 anuncios dirigidos a las marcas comerciales y marcas de servicio de Kinsta ni colocar\u00e1 anuncios que de alg\u00fan modo publiciten o muestren las marcas comerciales o marcas de servicio de Kinsta. Esto significa, entre otras cosas, que el Cliente no pujar\u00e1 (en lo que respecta a la publicidad online, incluidas, entre otras, las campa\u00f1as de Pago por clic o Pago por impresi\u00f3n) por ninguna palabra clave o frase que contenga marcas comerciales, marcas de servicio, marcas registradas o URL registradas de Kinsta, ni por ninguna variaci\u00f3n, abreviatura o error ortogr\u00e1fico de las mismas;<\/li>\n\n\n\n<li>Remitir tr\u00e1fico a Kinsta a trav\u00e9s de cualquier m\u00e9todo de pago por lectura, pago por clic, intercambio de banners, intercambio de clics, publicidad PPC, pop-up\/under, comunicados de prensa o m\u00e9todos similares;<\/li>\n\n\n\n<li>Utilizar iframes o cualquier otra t\u00e9cnica o tecnolog\u00eda para a\u00f1adir la cookie de seguimiento de Clientes a una referencia por cualquier medio que no sea un clic real;<\/li>\n\n\n\n<li>Utilizar t\u00e9cnicas de ocultaci\u00f3n o enmascaramiento con tu enlace de referido;<\/li>\n\n\n\n<li>Mostrar Kinsta.com, \u00abKinsta\u00bb, los logotipos o nombres comerciales de Kinsta, o cualquier variaci\u00f3n, abreviatura o error ortogr\u00e1fico de los mismos en cualquier nombre de dominio o subdominio, perfil de redes sociales o como parte del nombre o descripci\u00f3n de cualquier otra presencia online u offline. Para mayor claridad, es aceptable que \u00abkinsta\u00bb aparezca en la parte de la ruta de una URL de una p\u00e1gina de una Aplicaci\u00f3n de Cliente. Por ejemplo, \u00abdominio-web-cliente[.]com[\/]kinsta-review\u00bb es aceptable (incluyendo \u00abkinsta\u00bb en la parte de la ruta de la URL), pero \u00abkinsta-review-site[.]com\u00bb no es aceptable (incluyendo \u00abkinsta\u00bb en el dominio);<\/li>\n\n\n\n<li>Hacer referencia a cualquier descuento ofrecido por Kinsta como c\u00f3digos de cup\u00f3n, ofertas, descuentos de temporada o descuentos exclusivos;<\/li>\n\n\n\n<li>Colocar enlaces a Kinsta o hacer referencia a Kinsta de cualquier forma en sitios web de cupones;<\/li>\n\n\n\n<li>Promocionar a Kinsta como parte de cualquier programa incentivado o cualquier otro plan de terceros en el que se ofrezcan incentivos especiales (por ejemplo, recompensas, descuentos, devoluciones en efectivo, etc.) con el fin de atraer y retener clientes;<\/li>\n\n\n\n<li>Auto-referirte o referirte a ti mismo de cualquier manera. Esto incluye la referencia de cualquier operaci\u00f3n o sitio web en el que el Cliente tenga un inter\u00e9s de control, propiedad o equidad.<\/li>\n<\/ol>\n<\/li>\n<\/ol>\n\n\n\n<h2 class=\"wp-block-heading\" id=\"h-4-recurso-exclusivo\">4. Recurso Exclusivo.<\/h2>\n\n\n\n<p>Sin limitar ninguna otra disposici\u00f3n de estas Condiciones o de las Condiciones de Servicio, el \u00fanico y exclusivo recurso del Cliente para cualquier reclamaci\u00f3n o disputa que surja de o en relaci\u00f3n con el Programa de Referidos ser\u00e1 la aplicaci\u00f3n de los Cr\u00e9ditos de Referidos v\u00e1lidos y no utilizados del Cliente a su Plan de alojamiento activo.<\/p>\n","protected":false},"excerpt":{"rendered":"<p>Actualizado el: 7 de agosto de 2023 1. Introducci\u00f3n; Alcance; Elegibilidad. 2. Cr\u00e9ditos por Referidos. 3. M\u00e9todos Promocionales y Restricciones. 4. Recurso Exclusivo. Sin limitar ninguna &#8230;<\/p>\n","protected":false},"author":230,"featured_media":0,"parent":4579,"menu_order":0,"comment_status":"closed","ping_status":"closed","template":"templates\/template-article.php","meta":{"_kinsta_gated_content":false,"_kinsta_gated_content_redirect":"","footnotes":""},"class_list":["post-68960","page","type-page","status-publish","hentry"],"yoast_head":"<!-- This site is optimized with the Yoast SEO Premium plugin v24.6 (Yoast SEO v24.6) - https:\/\/yoast.com\/wordpress\/plugins\/seo\/ -->\n<title>Condiciones del Programa de Referidos de Clientes - Kinsta\u00ae<\/title>\n<meta name=\"robots\" content=\"index, follow, max-snippet:-1, max-image-preview:large, max-video-preview:-1\" \/>\n<link rel=\"canonical\" href=\"https:\/\/kinsta.com\/es\/legal\/referidos-condiciones\/\" \/>\n<meta property=\"og:locale\" content=\"es_ES\" \/>\n<meta property=\"og:type\" content=\"article\" \/>\n<meta property=\"og:title\" content=\"Condiciones del Programa de Referidos de Clientes\" \/>\n<meta property=\"og:url\" content=\"https:\/\/kinsta.com\/es\/legal\/referidos-condiciones\/\" \/>\n<meta property=\"og:site_name\" content=\"Kinsta\u00ae\" \/>\n<meta property=\"article:publisher\" content=\"https:\/\/www.facebook.com\/kinsta.es\/\" \/>\n<meta property=\"article:modified_time\" content=\"2024-06-21T08:48:28+00:00\" \/>\n<meta property=\"og:image\" content=\"https:\/\/kinsta.com\/es\/wp-content\/uploads\/sites\/8\/2023\/12\/kinsta-homepage-es.png\" \/>\n\t<meta property=\"og:image:width\" content=\"1200\" \/>\n\t<meta property=\"og:image:height\" content=\"628\" \/>\n\t<meta property=\"og:image:type\" content=\"image\/png\" \/>\n<meta name=\"twitter:card\" content=\"summary_large_image\" \/>\n<meta name=\"twitter:image\" content=\"https:\/\/kinsta.com\/es\/wp-content\/uploads\/sites\/8\/2023\/12\/kinsta-homepage-es.png\" \/>\n<meta name=\"twitter:site\" content=\"@Kinsta_ES\" \/>\n<meta name=\"twitter:label1\" content=\"Tiempo de lectura\" \/>\n\t<meta name=\"twitter:data1\" content=\"6 minutos\" \/>\n<script type=\"application\/ld+json\" class=\"yoast-schema-graph\">{\"@context\":\"https:\/\/schema.org\",\"@graph\":[{\"@type\":\"WebPage\",\"@id\":\"https:\/\/kinsta.com\/es\/legal\/referidos-condiciones\/\",\"url\":\"https:\/\/kinsta.com\/es\/legal\/referidos-condiciones\/\",\"name\":\"Condiciones del Programa de Referidos de Clientes - Kinsta\u00ae\",\"isPartOf\":{\"@id\":\"https:\/\/kinsta.com\/es\/#website\"},\"datePublished\":\"2023-08-09T09:18:31+00:00\",\"dateModified\":\"2024-06-21T08:48:28+00:00\",\"breadcrumb\":{\"@id\":\"https:\/\/kinsta.com\/es\/legal\/referidos-condiciones\/#breadcrumb\"},\"inLanguage\":\"es\",\"potentialAction\":[{\"@type\":\"ReadAction\",\"target\":[\"https:\/\/kinsta.com\/es\/legal\/referidos-condiciones\/\"]}]},{\"@type\":\"BreadcrumbList\",\"@id\":\"https:\/\/kinsta.com\/es\/legal\/referidos-condiciones\/#breadcrumb\",\"itemListElement\":[{\"@type\":\"ListItem\",\"position\":1,\"name\":\"Home\",\"item\":\"https:\/\/kinsta.com\/es\/\"},{\"@type\":\"ListItem\",\"position\":2,\"name\":\"Informaci\u00f3n Legal\",\"item\":\"https:\/\/kinsta.com\/es\/legal\/\"},{\"@type\":\"ListItem\",\"position\":3,\"name\":\"Condiciones del Programa de Referidos de Clientes\"}]},{\"@type\":\"WebSite\",\"@id\":\"https:\/\/kinsta.com\/es\/#website\",\"url\":\"https:\/\/kinsta.com\/es\/\",\"name\":\"Kinsta\u00ae\",\"description\":\"Soluciones de alojamiento premium, r\u00e1pidas y seguras\",\"publisher\":{\"@id\":\"https:\/\/kinsta.com\/es\/#organization\"},\"potentialAction\":[{\"@type\":\"SearchAction\",\"target\":{\"@type\":\"EntryPoint\",\"urlTemplate\":\"https:\/\/kinsta.com\/es\/?s={search_term_string}\"},\"query-input\":{\"@type\":\"PropertyValueSpecification\",\"valueRequired\":true,\"valueName\":\"search_term_string\"}}],\"inLanguage\":\"es\"},{\"@type\":\"Organization\",\"@id\":\"https:\/\/kinsta.com\/es\/#organization\",\"name\":\"Kinsta\",\"url\":\"https:\/\/kinsta.com\/es\/\",\"logo\":{\"@type\":\"ImageObject\",\"inLanguage\":\"es\",\"@id\":\"https:\/\/kinsta.com\/es\/#\/schema\/logo\/image\/\",\"url\":\"https:\/\/kinsta.com\/es\/wp-content\/uploads\/sites\/8\/2023\/12\/kinsta-logo.jpeg\",\"contentUrl\":\"https:\/\/kinsta.com\/es\/wp-content\/uploads\/sites\/8\/2023\/12\/kinsta-logo.jpeg\",\"width\":500,\"height\":500,\"caption\":\"Kinsta\"},\"image\":{\"@id\":\"https:\/\/kinsta.com\/es\/#\/schema\/logo\/image\/\"},\"sameAs\":[\"https:\/\/www.facebook.com\/kinsta.es\/\",\"https:\/\/x.com\/Kinsta_ES\",\"https:\/\/www.instagram.com\/kinstahosting\/\",\"https:\/\/www.linkedin.com\/company\/kinsta\/\",\"https:\/\/www.pinterest.com\/kinstahosting\/\",\"https:\/\/www.youtube.com\/c\/Kinsta\"]}]}<\/script>\n<!-- \/ Yoast SEO Premium plugin. -->","yoast_head_json":{"title":"Condiciones del Programa de Referidos de Clientes - Kinsta\u00ae","robots":{"index":"index","follow":"follow","max-snippet":"max-snippet:-1","max-image-preview":"max-image-preview:large","max-video-preview":"max-video-preview:-1"},"canonical":"https:\/\/kinsta.com\/es\/legal\/referidos-condiciones\/","og_locale":"es_ES","og_type":"article","og_title":"Condiciones del Programa de Referidos de Clientes","og_url":"https:\/\/kinsta.com\/es\/legal\/referidos-condiciones\/","og_site_name":"Kinsta\u00ae","article_publisher":"https:\/\/www.facebook.com\/kinsta.es\/","article_modified_time":"2024-06-21T08:48:28+00:00","og_image":[{"width":1200,"height":628,"url":"https:\/\/kinsta.com\/es\/wp-content\/uploads\/sites\/8\/2023\/12\/kinsta-homepage-es.png","type":"image\/png"}],"twitter_card":"summary_large_image","twitter_image":"https:\/\/kinsta.com\/es\/wp-content\/uploads\/sites\/8\/2023\/12\/kinsta-homepage-es.png","twitter_site":"@Kinsta_ES","twitter_misc":{"Tiempo de lectura":"6 minutos"},"schema":{"@context":"https:\/\/schema.org","@graph":[{"@type":"WebPage","@id":"https:\/\/kinsta.com\/es\/legal\/referidos-condiciones\/","url":"https:\/\/kinsta.com\/es\/legal\/referidos-condiciones\/","name":"Condiciones del Programa de Referidos de Clientes - Kinsta\u00ae","isPartOf":{"@id":"https:\/\/kinsta.com\/es\/#website"},"datePublished":"2023-08-09T09:18:31+00:00","dateModified":"2024-06-21T08:48:28+00:00","breadcrumb":{"@id":"https:\/\/kinsta.com\/es\/legal\/referidos-condiciones\/#breadcrumb"},"inLanguage":"es","potentialAction":[{"@type":"ReadAction","target":["https:\/\/kinsta.com\/es\/legal\/referidos-condiciones\/"]}]},{"@type":"BreadcrumbList","@id":"https:\/\/kinsta.com\/es\/legal\/referidos-condiciones\/#breadcrumb","itemListElement":[{"@type":"ListItem","position":1,"name":"Home","item":"https:\/\/kinsta.com\/es\/"},{"@type":"ListItem","position":2,"name":"Informaci\u00f3n Legal","item":"https:\/\/kinsta.com\/es\/legal\/"},{"@type":"ListItem","position":3,"name":"Condiciones del Programa de Referidos de Clientes"}]},{"@type":"WebSite","@id":"https:\/\/kinsta.com\/es\/#website","url":"https:\/\/kinsta.com\/es\/","name":"Kinsta\u00ae","description":"Soluciones de alojamiento premium, r\u00e1pidas y seguras","publisher":{"@id":"https:\/\/kinsta.com\/es\/#organization"},"potentialAction":[{"@type":"SearchAction","target":{"@type":"EntryPoint","urlTemplate":"https:\/\/kinsta.com\/es\/?s={search_term_string}"},"query-input":{"@type":"PropertyValueSpecification","valueRequired":true,"valueName":"search_term_string"}}],"inLanguage":"es"},{"@type":"Organization","@id":"https:\/\/kinsta.com\/es\/#organization","name":"Kinsta","url":"https:\/\/kinsta.com\/es\/","logo":{"@type":"ImageObject","inLanguage":"es","@id":"https:\/\/kinsta.com\/es\/#\/schema\/logo\/image\/","url":"https:\/\/kinsta.com\/es\/wp-content\/uploads\/sites\/8\/2023\/12\/kinsta-logo.jpeg","contentUrl":"https:\/\/kinsta.com\/es\/wp-content\/uploads\/sites\/8\/2023\/12\/kinsta-logo.jpeg","width":500,"height":500,"caption":"Kinsta"},"image":{"@id":"https:\/\/kinsta.com\/es\/#\/schema\/logo\/image\/"},"sameAs":["https:\/\/www.facebook.com\/kinsta.es\/","https:\/\/x.com\/Kinsta_ES","https:\/\/www.instagram.com\/kinstahosting\/","https:\/\/www.linkedin.com\/company\/kinsta\/","https:\/\/www.pinterest.com\/kinstahosting\/","https:\/\/www.youtube.com\/c\/Kinsta"]}]}},"acf":[],"_links":{"self":[{"href":"https:\/\/kinsta.com\/es\/wp-json\/wp\/v2\/pages\/68960","targetHints":{"allow":["GET"]}}],"collection":[{"href":"https:\/\/kinsta.com\/es\/wp-json\/wp\/v2\/pages"}],"about":[{"href":"https:\/\/kinsta.com\/es\/wp-json\/wp\/v2\/types\/page"}],"author":[{"embeddable":true,"href":"https:\/\/kinsta.com\/es\/wp-json\/wp\/v2\/users\/230"}],"replies":[{"embeddable":true,"href":"https:\/\/kinsta.com\/es\/wp-json\/wp\/v2\/comments?post=68960"}],"version-history":[{"count":7,"href":"https:\/\/kinsta.com\/es\/wp-json\/wp\/v2\/pages\/68960\/revisions"}],"predecessor-version":[{"id":75522,"href":"https:\/\/kinsta.com\/es\/wp-json\/wp\/v2\/pages\/68960\/revisions\/75522"}],"up":[{"embeddable":true,"href":"https:\/\/kinsta.com\/es\/wp-json\/wp\/v2\/pages\/4579"}],"alternate":[{"embeddable":true,"hreflang":"en","title":"English","href":"https:\/\/kinsta.com\/es\/wp-json\/kinsta\/v1\/posts\/68960\/translations\/en"},{"embeddable":true,"hreflang":"it","title":"Italian","href":"https:\/\/kinsta.com\/es\/wp-json\/kinsta\/v1\/posts\/68960\/translations\/it"},{"embeddable":true,"hreflang":"pt","title":"Portuguese","href":"https:\/\/kinsta.com\/es\/wp-json\/kinsta\/v1\/posts\/68960\/translations\/pt"},{"embeddable":true,"hreflang":"fr","title":"French","href":"https:\/\/kinsta.com\/es\/wp-json\/kinsta\/v1\/posts\/68960\/translations\/fr"},{"embeddable":true,"hreflang":"de","title":"German","href":"https:\/\/kinsta.com\/es\/wp-json\/kinsta\/v1\/posts\/68960\/translations\/de"},{"embeddable":true,"hreflang":"ja","title":"Japanese","href":"https:\/\/kinsta.com\/es\/wp-json\/kinsta\/v1\/posts\/68960\/translations\/jp"},{"embeddable":true,"hreflang":"nl","title":"Dutch","href":"https:\/\/kinsta.com\/es\/wp-json\/kinsta\/v1\/posts\/68960\/translations\/nl"},{"embeddable":true,"hreflang":"es","title":"Spanish","href":"https:\/\/kinsta.com\/es\/wp-json\/kinsta\/v1\/posts\/68960\/translations\/es"},{"href":"https:\/\/kinsta.com\/es\/wp-json\/kinsta\/v1\/posts\/68960\/tree"}],"wp:attachment":[{"href":"https:\/\/kinsta.com\/es\/wp-json\/wp\/v2\/media?parent=68960"}],"curies":[{"name":"wp","href":"https:\/\/api.w.org\/{rel}","templated":true}]}}