{"id":82209,"date":"2026-02-24T13:24:57","date_gmt":"2026-02-24T12:24:57","guid":{"rendered":"https:\/\/kinsta.com\/es\/?page_id=82209&#038;preview_id=82209"},"modified":"2026-03-09T10:17:03","modified_gmt":"2026-03-09T09:17:03","slug":"claves-de-crecimiento-de-agencias","status":"publish","type":"page","link":"https:\/\/kinsta.com\/es\/claves-de-crecimiento-de-agencias\/","title":{"rendered":"Lo descubrieron"},"content":{"rendered":"\n<header class=\"wp-block-kinsta-hero-title is-small mb--0 alignfull\"><div class=\"wp-block-kinsta-hero-title__inner\">\n<div class=\"wp-block-kinsta-columns is-vertical-center\">\n<div class=\"wp-block-kinsta-column wp-block-kinsta-columns__column\">\n<div class=\"wp-block-kinsta-hero-title-content wp-block-kinsta-hero-title__content\"><h1 class=\"wp-block-kinsta-hero-title__title\"><span class=\"wp-block-kinsta-hero-title__title__text\">Lo descubrieron<\/span><\/h1>\n<p class=\"mostly-red-title\">(Casi todo)<\/p>\n<\/div>\n<\/div>\n\n\n\n<div class=\"wp-block-kinsta-column wp-block-kinsta-columns__column\">\n<div class=\"wp-block-kinsta-hero-title-secondary wp-block-kinsta-hero-title__secondary\"><\/div>\n<\/div>\n<\/div>\n<\/div><\/header>\n\n\n\n<figure class=\"wp-block-image alignwide size-large mt--0\"><img decoding=\"async\" src=\"https:\/\/kinsta.com\/wp-content\/uploads\/2026\/02\/they-figured-it-out-agencies-hero-1024x256.png\" alt=\"Imagen que muestra a los cuatro propietarios de agencias de WordPress.\" class=\"wp-image-197590\"><\/figure>\n\n\n\n<div class=\"wp-block-group is-layout-constrained wp-block-group-is-layout-constrained\" style=\"padding-bottom:var(--wp--preset--spacing--40)\">\n<div class=\"wp-block-kinsta-columns is-vertical-top\">\n<div class=\"wp-block-kinsta-column wp-block-kinsta-columns__column\">\n<h2 class=\"wp-block-heading\" id=\"h-4-agencias-de-wordpress-hablan-sobre-crecimiento-errores-y-lo-que-realmente-les-funciono\">4 agencias de WordPress hablan sobre crecimiento, errores y lo que realmente les funcion\u00f3.<\/h2>\n<\/div>\n\n\n\n<div class=\"wp-block-kinsta-column wp-block-kinsta-columns__column\">\n<p>Crear una agencia de WordPress no viene con un manual. La mayor\u00eda de los consejos que recibir\u00e1s estar\u00e1n pulidos, simplificados o escritos despu\u00e9s de que las partes dif\u00edciles hayan pasado\u2026 as\u00ed que hemos hecho algo diferente.<\/p>\n\n\n\n<p><br>Nos hemos reunido con cuatro l\u00edderes de agencias dispuestos a hablar con sinceridad sobre las decisiones que les han funcionado, las que no y los momentos que les han obligado a replantearse c\u00f3mo gestionaban sus negocios.<\/p>\n\n\n\n<p><br>No hemos creado un curso ni un manual. Hemos recopilado sus historias sinceras sobre el complicado trabajo de crear una agencia.<\/p>\n\n\n\n<div class=\"wp-block-kinsta-buttons\">\n<a class=\"wp-block-kinsta-button is-style-outline\" href=\"https:\/\/kinsta.com\/es\/claves-de-crecimiento-de-agencias\/sobre-las-agencias\/\"><span class=\"wp-block-kinsta-button_text\">M\u00e1s informaci\u00f3n sobre esta serie<\/span><\/a>\n<\/div>\n<\/div>\n<\/div>\n<\/div>\n\n\n<div style=\"margin-top:var(--wp--preset--spacing--30);\" class=\"wp-block-kinsta-template-part--client-logos wp-block-kinsta-template-part--client-logos--agency-secrets alignwide alignwide wp-block-kinsta-template-part\" ><div class=\"logos \" style=\"\n    --logos-count: 4;\n    --logos-individual-max-width: 200px;\n    --logos-height: 38px;\n    --logos-width-total: 656;\n;\">\n    <div class=\"logos__inner\">\n                    <img decoding=\"async\"  src=\"https:\/\/kinsta.com\/es\/wp-content\/themes\/kinsta\/images\/components\/client-logos\/fixel-white.svg?v=2026-02-23\" width=\"94\" height=\"2\" alt=\"Logotipo de la empresa Fixel White\" loading=\"lazy\" class=\"logos__logo\" \/>\n                    <img decoding=\"async\"  src=\"https:\/\/kinsta.com\/es\/wp-content\/themes\/kinsta\/images\/components\/client-logos\/pronto-white.svg?v=2026-02-23\" width=\"100\" height=\"25\" alt=\"Logotipo de la empresa Pronto White\" loading=\"lazy\" class=\"logos__logo\" \/>\n                    <img decoding=\"async\"  src=\"https:\/\/kinsta.com\/es\/wp-content\/themes\/kinsta\/images\/components\/client-logos\/builtmighty-white.svg?v=2026-02-23\" width=\"100\" height=\"25\" alt=\"Logotipo de la empresa Built Mighty White\" loading=\"lazy\" class=\"logos__logo\" \/>\n                    <img decoding=\"async\"  src=\"https:\/\/kinsta.com\/es\/wp-content\/themes\/kinsta\/images\/components\/client-logos\/40q-white.svg?v=2026-02-23\" width=\"100\" height=\"25\" alt=\"Logotipo de la empresa 40Q White\" loading=\"lazy\" class=\"logos__logo\" \/>\n            <\/div>\n<\/div>\n<\/div>\n\n\n<div class=\"wp-block-group is-layout-constrained wp-block-group-is-layout-constrained\" style=\"padding-top:var(--wp--preset--spacing--40)\">\n<figure class=\"wp-block-image aligncenter size-full is-resized mb--0\"><img decoding=\"async\" src=\"https:\/\/kinsta.com\/wp-content\/uploads\/2026\/02\/icon-arrow-red.png\" alt class=\"wp-image-206080\" style=\"width:40px;height:40px\"><\/figure>\n\n\n\n<h2 class=\"wp-block-heading has-text-align-center mt--20\" id=\"h-empieza-por-cualquier-parte-cada-seccion-explora-una-parte-diferente-del-viaje\">Empieza por cualquier parte.<br>Cada secci\u00f3n explora una parte diferente del viaje.<\/h2>\n\n\n\n<p class=\"has-text-align-center\"><\/p>\n<\/div>\n\n\n\n<div class=\"wp-block-group has-bg-contained has-show-bg-desktop-only has-dark-background-color has-background is-layout-constrained wp-container-core-group-is-layout-3 wp-block-group-is-layout-constrained\" style=\"margin-top:var(--wp--preset--spacing--40);margin-bottom:var(--wp--preset--spacing--40);padding-top:var(--wp--preset--spacing--40);padding-right:var(--wp--preset--spacing--40);padding-bottom:var(--wp--preset--spacing--40);padding-left:var(--wp--preset--spacing--40);background-image:url(https:\/\/kinsta.com\/wp-content\/uploads\/2026\/02\/AI-background-desktop.png);background-position:70% 50%\">\n<div class=\"wp-block-kinsta-columns is-reverse is-vertical-top\">\n<div class=\"wp-block-kinsta-column wp-block-kinsta-columns__column\">\n<figure class=\"wp-block-image size-full has-show-mobile-only\"><img decoding=\"async\" src=\"https:\/\/kinsta.com\/wp-content\/uploads\/2026\/02\/AI-background-mobile.png\" alt class=\"wp-image-206078\"><\/figure>\n<\/div>\n\n\n\n<div class=\"wp-block-kinsta-column wp-block-kinsta-columns__column\">\n<h2 class=\"wp-block-heading\" id=\"h-la-ia-sin-exageraciones\">La IA, sin exageraciones<\/h2>\n\n\n\n<span class=\"wp-block-kinsta-tag wp-block-kinsta-tag--small\">Lo que realmente ayuda a las agencias de WordPress y lo que no<\/span>\n\n\n\n<p class=\"mt--20\">C\u00f3mo utilizan las agencias la IA en el desarrollo de WordPress, los flujos de trabajo y el trabajo con los clientes: d\u00f3nde aporta un valor real y d\u00f3nde crea m\u00e1s fricciones que avances.<\/p>\n\n\n\n<div class=\"wp-block-kinsta-buttons\">\n<a class=\"wp-block-kinsta-button is-style-cta-arrow\" href=\"https:\/\/kinsta.com\/es\/claves-de-crecimiento-de-agencias\/ia-sin-exageraciones-wordpress\/\"><span class=\"wp-block-kinsta-button_text\">Explorar<\/span><\/a>\n<\/div>\n<\/div>\n<\/div>\n<\/div>\n\n\n\n<div class=\"wp-block-group has-bg-contained has-show-bg-desktop-only has-dark-background-color has-background is-layout-constrained wp-container-core-group-is-layout-4 wp-block-group-is-layout-constrained\" style=\"margin-top:var(--wp--preset--spacing--40);margin-bottom:var(--wp--preset--spacing--40);padding-top:var(--wp--preset--spacing--50);padding-right:var(--wp--preset--spacing--50);padding-bottom:var(--wp--preset--spacing--50);padding-left:var(--wp--preset--spacing--50);background-image:url(https:\/\/kinsta.com\/wp-content\/uploads\/2026\/02\/mistakes-background-desktop-1.png);background-position:40% 50%\">\n<div class=\"wp-block-kinsta-columns is-vertical-top\">\n<div class=\"wp-block-kinsta-column wp-block-kinsta-columns__column\">\n<figure class=\"wp-block-image size-full has-show-mobile-only\"><img decoding=\"async\" src=\"https:\/\/kinsta.com\/wp-content\/uploads\/2026\/02\/mistakes-background-mobile.png\" alt class=\"wp-image-206081\"><\/figure>\n<\/div>\n\n\n\n<div class=\"wp-block-kinsta-column wp-block-kinsta-columns__column\">\n<h2 class=\"wp-block-heading\" id=\"h-los-errores-que-forjaron-el-exito\">Los errores que forjaron el \u00e9xito<\/h2>\n\n\n\n<span class=\"wp-block-kinsta-tag wp-block-kinsta-tag--small\">Los errores que cometieron y lo qu\u00e9 har\u00edan de forma diferente<\/span>\n\n\n\n<p class=\"mt--20\">Contratar en exceso, aceptar clientes inadecuados, esperar demasiado para subir los precios; lecciones que solo se aprenden despu\u00e9s de que las cosas salen mal.<\/p>\n\n\n\n<div class=\"wp-block-kinsta-buttons\">\n<a class=\"wp-block-kinsta-button is-style-cta-arrow\" href=\"https:\/\/kinsta.com\/es\/claves-de-crecimiento-de-agencias\/errores-de-las-agencias\/\"><span class=\"wp-block-kinsta-button_text\">Explorar<\/span><\/a>\n<\/div>\n<\/div>\n<\/div>\n<\/div>\n\n\n\n<div class=\"wp-block-group has-bg-contained has-show-bg-desktop-only has-dark-background-color has-background is-layout-constrained wp-container-core-group-is-layout-5 wp-block-group-is-layout-constrained\" style=\"margin-top:var(--wp--preset--spacing--40);margin-bottom:var(--wp--preset--spacing--40);padding-top:var(--wp--preset--spacing--50);padding-right:var(--wp--preset--spacing--50);padding-bottom:var(--wp--preset--spacing--50);padding-left:var(--wp--preset--spacing--50);background-image:url(https:\/\/kinsta.com\/wp-content\/uploads\/2026\/02\/work-no-background-desktop-1.png);background-position:50% 50%\">\n<div class=\"wp-block-kinsta-columns is-reverse is-vertical-top\">\n<div class=\"wp-block-kinsta-column wp-block-kinsta-columns__column\">\n<figure class=\"wp-block-image size-full has-show-mobile-only\"><img decoding=\"async\" src=\"https:\/\/kinsta.com\/wp-content\/uploads\/2026\/02\/work-no-background-mobile.png\" alt class=\"wp-image-206082\"><\/figure>\n<\/div>\n\n\n\n<div class=\"wp-block-kinsta-column wp-block-kinsta-columns__column\">\n<h2 class=\"wp-block-heading\" id=\"h-como-encontraron-su-nicho\">C\u00f3mo encontraron su nicho<\/h2>\n\n\n\n<span class=\"wp-block-kinsta-tag wp-block-kinsta-tag--small\">Cuando qued\u00f3 claro lo que estas agencias hacen mejor<\/span>\n\n\n\n<p class=\"mt--20\">Conocer tu \u00e1mbito, elegir a los clientes adecuados y trabajar para fidelizarlos puede marcar m\u00e1s la diferencia que luchar por el volumen.<\/p>\n\n\n\n<div class=\"wp-block-kinsta-buttons\">\n<a class=\"wp-block-kinsta-button is-style-cta-arrow\" href=\"https:\/\/kinsta.com\/es\/claves-de-crecimiento-de-agencias\/enfoque-retencion-y-crecimiento-sostenible\/\"><span class=\"wp-block-kinsta-button_text\">Explorar<\/span><\/a>\n<\/div>\n<\/div>\n<\/div>\n<\/div>\n\n\n\n<div class=\"wp-block-group pb--0 has-bg-contained has-dark-background-color has-background is-layout-constrained wp-block-group-is-layout-constrained\" style=\"background-image:url(https:\/\/kinsta.com\/wp-content\/uploads\/2026\/02\/predictions-background-desktop.png);background-position:53% 43%\">\n<div style=\"height:100px\" aria-hidden=\"true\" class=\"wp-block-spacer\"><\/div>\n\n\n\n<h2 class=\"wp-block-heading has-text-align-center\" id=\"surprising-predictions\">Predicciones sorprendentes para el a\u00f1o que viene<\/h2>\n\n\n\n<span class=\"wp-block-kinsta-tag wp-block-kinsta-tag--small\">Qu\u00e9 cambia y qu\u00e9 permanece igual<\/span>\n\n\n\n<p class=\"has-text-align-center\">El hecho de que la tecnolog\u00eda cambie no significa que todo cambie. Algunos aspectos fundamentales, como la confianza personal, los rostros reconocibles y el crecimiento basado en la colaboraci\u00f3n, siguen siendo m\u00e1s importantes que los algoritmos.<\/p>\n\n\n\n<div class=\"wp-block-kinsta-buttons aligncenter\">\n<a class=\"wp-block-kinsta-button is-style-cta-arrow\" href=\"https:\/\/kinsta.com\/es\/claves-de-crecimiento-de-agencias\/agencias-wordpress-futuro\/\"><span class=\"wp-block-kinsta-button_text\">Explorar<\/span><\/a>\n<\/div>\n\n\n\n<figure class=\"wp-block-image alignwide size-full\"><img decoding=\"async\" src=\"https:\/\/kinsta.com\/wp-content\/uploads\/2026\/02\/green-horizon-background.png\" alt class=\"wp-image-206085\"><\/figure>\n<\/div>\n\n\n\n<div class=\"wp-block-group has-dark-background-color has-background is-layout-constrained wp-block-group-is-layout-constrained\">\n<div class=\"wp-block-group aligncenter is-layout-constrained wp-container-core-group-is-layout-7 wp-block-group-is-layout-constrained\" style=\"padding-top:0;padding-right:0;padding-bottom:0;padding-left:0\">\n<div class=\"wp-block-kinsta-columns is-vertical-center\">\n<div class=\"wp-block-kinsta-column wp-block-kinsta-columns__column\">\n<span class=\"wp-block-kinsta-tag wp-block-kinsta-tag--small\">Programa para Socios de Agencias<\/span>\n\n\n\n<h2 class=\"wp-block-heading mt--10\" id=\"h-creado-para-agencias-como-la-tuya\">Creado para agencias<br>como la tuya<\/h2>\n\n\n\n<ul class=\"wp-block-list is-style-check-list\">\n<li>Co-marketing<\/li>\n\n\n\n<li>Recomendaciones de clientes<\/li>\n\n\n\n<li>Comisiones de afiliado de por vida<\/li>\n<\/ul>\n\n\n\n<div class=\"wp-block-kinsta-buttons\">\n<a class=\"wp-block-kinsta-button is-style-cta-arrow\" href=\"https:\/\/kinsta.com\/es\/programa-socios-agencia\/\"><span class=\"wp-block-kinsta-button_text\">Explorar<\/span><\/a>\n<\/div>\n<\/div>\n\n\n\n<div class=\"wp-block-kinsta-column wp-block-kinsta-columns__column\">\n<figure class=\"wp-block-image size-full is-style-plain has-show-desktop-only\"><img decoding=\"async\" src=\"https:\/\/kinsta.com\/wp-content\/uploads\/2026\/02\/partner-1024x969-2.png\" alt class=\"wp-image-206087\"><\/figure>\n<\/div>\n<\/div>\n<\/div>\n<\/div>\n\n\n\n<p><\/p>\n","protected":false},"excerpt":{"rendered":"<p>Empieza por cualquier parte.Cada secci\u00f3n explora una parte diferente del viaje. Predicciones sorprendentes para el a\u00f1o que viene El hecho de que la tecnolog\u00eda cambie no &#8230;<\/p>\n","protected":false},"author":312,"featured_media":82297,"parent":0,"menu_order":0,"comment_status":"closed","ping_status":"closed","template":"templates\/page\/agency-secrets.php","meta":{"_kinsta_gated_content":false,"_kinsta_gated_content_redirect":"","footnotes":""},"class_list":["post-82209","page","type-page","status-publish","has-post-thumbnail","hentry"],"yoast_head":"<!-- This site is optimized with the Yoast SEO Premium plugin v24.6 (Yoast SEO v24.6) - https:\/\/yoast.com\/wordpress\/plugins\/seo\/ -->\n<title>Crecimiento de Agencias WordPress: Claves de Cuatro Casos<\/title>\n<meta name=\"description\" content=\"Opiniones sinceras de agencias WordPress sobre escalabilidad, errores y sistemas. Sin manuales, solo lecciones reales sobre el trabajo con clientes.\" \/>\n<meta name=\"robots\" content=\"index, follow, max-snippet:-1, max-image-preview:large, max-video-preview:-1\" \/>\n<link rel=\"canonical\" href=\"https:\/\/kinsta.com\/es\/claves-de-crecimiento-de-agencias\/\" \/>\n<meta property=\"og:locale\" content=\"es_ES\" \/>\n<meta property=\"og:type\" content=\"article\" \/>\n<meta property=\"og:title\" content=\"Lo descubrieron\" \/>\n<meta property=\"og:description\" content=\"Opiniones sinceras de agencias WordPress sobre escalabilidad, errores y sistemas. Sin manuales, solo lecciones reales sobre el trabajo con clientes.\" \/>\n<meta property=\"og:url\" content=\"https:\/\/kinsta.com\/es\/claves-de-crecimiento-de-agencias\/\" \/>\n<meta property=\"og:site_name\" content=\"Kinsta\u00ae\" \/>\n<meta property=\"article:publisher\" content=\"https:\/\/www.facebook.com\/kinsta.es\/\" \/>\n<meta property=\"article:modified_time\" content=\"2026-03-09T09:17:03+00:00\" \/>\n<meta property=\"og:image\" content=\"https:\/\/kinsta.com\/es\/wp-content\/uploads\/sites\/8\/2026\/02\/ES_featured-image-agency-growth-insights-1024x536.png\" \/>\n\t<meta property=\"og:image:width\" content=\"1024\" \/>\n\t<meta property=\"og:image:height\" content=\"536\" \/>\n\t<meta property=\"og:image:type\" content=\"image\/png\" \/>\n<meta name=\"twitter:card\" content=\"summary_large_image\" \/>\n<meta name=\"twitter:description\" content=\"Opiniones sinceras de agencias WordPress sobre escalabilidad, errores y sistemas. Sin manuales, solo lecciones reales sobre el trabajo con clientes.\" \/>\n<meta name=\"twitter:image\" content=\"https:\/\/kinsta.com\/es\/wp-content\/uploads\/sites\/8\/2026\/02\/ES_featured-image-agency-growth-insights-1024x536.png\" \/>\n<meta name=\"twitter:site\" content=\"@Kinsta_ES\" \/>\n<meta name=\"twitter:label1\" content=\"Tiempo de lectura\" \/>\n\t<meta name=\"twitter:data1\" content=\"2 minutos\" \/>\n<script type=\"application\/ld+json\" class=\"yoast-schema-graph\">{\"@context\":\"https:\/\/schema.org\",\"@graph\":[{\"@type\":\"WebPage\",\"@id\":\"https:\/\/kinsta.com\/es\/claves-de-crecimiento-de-agencias\/\",\"url\":\"https:\/\/kinsta.com\/es\/claves-de-crecimiento-de-agencias\/\",\"name\":\"Crecimiento de Agencias WordPress: Claves de Cuatro Casos\",\"isPartOf\":{\"@id\":\"https:\/\/kinsta.com\/es\/#website\"},\"primaryImageOfPage\":{\"@id\":\"https:\/\/kinsta.com\/es\/claves-de-crecimiento-de-agencias\/#primaryimage\"},\"image\":{\"@id\":\"https:\/\/kinsta.com\/es\/claves-de-crecimiento-de-agencias\/#primaryimage\"},\"thumbnailUrl\":\"https:\/\/kinsta.com\/es\/wp-content\/uploads\/sites\/8\/2026\/02\/ES_featured-image-agency-growth-insights.png\",\"datePublished\":\"2026-02-24T12:24:57+00:00\",\"dateModified\":\"2026-03-09T09:17:03+00:00\",\"description\":\"Opiniones sinceras de agencias WordPress sobre escalabilidad, errores y sistemas. Sin manuales, solo lecciones reales sobre el trabajo con clientes.\",\"breadcrumb\":{\"@id\":\"https:\/\/kinsta.com\/es\/claves-de-crecimiento-de-agencias\/#breadcrumb\"},\"inLanguage\":\"es\",\"potentialAction\":[{\"@type\":\"ReadAction\",\"target\":[\"https:\/\/kinsta.com\/es\/claves-de-crecimiento-de-agencias\/\"]}]},{\"@type\":\"ImageObject\",\"inLanguage\":\"es\",\"@id\":\"https:\/\/kinsta.com\/es\/claves-de-crecimiento-de-agencias\/#primaryimage\",\"url\":\"https:\/\/kinsta.com\/es\/wp-content\/uploads\/sites\/8\/2026\/02\/ES_featured-image-agency-growth-insights.png\",\"contentUrl\":\"https:\/\/kinsta.com\/es\/wp-content\/uploads\/sites\/8\/2026\/02\/ES_featured-image-agency-growth-insights.png\",\"width\":3600,\"height\":1884},{\"@type\":\"BreadcrumbList\",\"@id\":\"https:\/\/kinsta.com\/es\/claves-de-crecimiento-de-agencias\/#breadcrumb\",\"itemListElement\":[{\"@type\":\"ListItem\",\"position\":1,\"name\":\"Home\",\"item\":\"https:\/\/kinsta.com\/es\/\"},{\"@type\":\"ListItem\",\"position\":2,\"name\":\"Lo descubrieron\"}]},{\"@type\":\"WebSite\",\"@id\":\"https:\/\/kinsta.com\/es\/#website\",\"url\":\"https:\/\/kinsta.com\/es\/\",\"name\":\"Kinsta\u00ae\",\"description\":\"Soluciones de alojamiento premium, r\u00e1pidas y seguras\",\"publisher\":{\"@id\":\"https:\/\/kinsta.com\/es\/#organization\"},\"potentialAction\":[{\"@type\":\"SearchAction\",\"target\":{\"@type\":\"EntryPoint\",\"urlTemplate\":\"https:\/\/kinsta.com\/es\/?s={search_term_string}\"},\"query-input\":{\"@type\":\"PropertyValueSpecification\",\"valueRequired\":true,\"valueName\":\"search_term_string\"}}],\"inLanguage\":\"es\"},{\"@type\":\"Organization\",\"@id\":\"https:\/\/kinsta.com\/es\/#organization\",\"name\":\"Kinsta\",\"url\":\"https:\/\/kinsta.com\/es\/\",\"logo\":{\"@type\":\"ImageObject\",\"inLanguage\":\"es\",\"@id\":\"https:\/\/kinsta.com\/es\/#\/schema\/logo\/image\/\",\"url\":\"https:\/\/kinsta.com\/es\/wp-content\/uploads\/sites\/8\/2023\/12\/kinsta-logo.jpeg\",\"contentUrl\":\"https:\/\/kinsta.com\/es\/wp-content\/uploads\/sites\/8\/2023\/12\/kinsta-logo.jpeg\",\"width\":500,\"height\":500,\"caption\":\"Kinsta\"},\"image\":{\"@id\":\"https:\/\/kinsta.com\/es\/#\/schema\/logo\/image\/\"},\"sameAs\":[\"https:\/\/www.facebook.com\/kinsta.es\/\",\"https:\/\/x.com\/Kinsta_ES\",\"https:\/\/www.instagram.com\/kinstahosting\/\",\"https:\/\/www.linkedin.com\/company\/kinsta\/\",\"https:\/\/www.pinterest.com\/kinstahosting\/\",\"https:\/\/www.youtube.com\/c\/Kinsta\"]}]}<\/script>\n<!-- \/ Yoast SEO Premium plugin. -->","yoast_head_json":{"title":"Crecimiento de Agencias WordPress: Claves de Cuatro Casos","description":"Opiniones sinceras de agencias WordPress sobre escalabilidad, errores y sistemas. Sin manuales, solo lecciones reales sobre el trabajo con clientes.","robots":{"index":"index","follow":"follow","max-snippet":"max-snippet:-1","max-image-preview":"max-image-preview:large","max-video-preview":"max-video-preview:-1"},"canonical":"https:\/\/kinsta.com\/es\/claves-de-crecimiento-de-agencias\/","og_locale":"es_ES","og_type":"article","og_title":"Lo descubrieron","og_description":"Opiniones sinceras de agencias WordPress sobre escalabilidad, errores y sistemas. Sin manuales, solo lecciones reales sobre el trabajo con clientes.","og_url":"https:\/\/kinsta.com\/es\/claves-de-crecimiento-de-agencias\/","og_site_name":"Kinsta\u00ae","article_publisher":"https:\/\/www.facebook.com\/kinsta.es\/","article_modified_time":"2026-03-09T09:17:03+00:00","og_image":[{"width":1024,"height":536,"url":"https:\/\/kinsta.com\/es\/wp-content\/uploads\/sites\/8\/2026\/02\/ES_featured-image-agency-growth-insights-1024x536.png","type":"image\/png"}],"twitter_card":"summary_large_image","twitter_description":"Opiniones sinceras de agencias WordPress sobre escalabilidad, errores y sistemas. Sin manuales, solo lecciones reales sobre el trabajo con clientes.","twitter_image":"https:\/\/kinsta.com\/es\/wp-content\/uploads\/sites\/8\/2026\/02\/ES_featured-image-agency-growth-insights-1024x536.png","twitter_site":"@Kinsta_ES","twitter_misc":{"Tiempo de lectura":"2 minutos"},"schema":{"@context":"https:\/\/schema.org","@graph":[{"@type":"WebPage","@id":"https:\/\/kinsta.com\/es\/claves-de-crecimiento-de-agencias\/","url":"https:\/\/kinsta.com\/es\/claves-de-crecimiento-de-agencias\/","name":"Crecimiento de Agencias WordPress: Claves de Cuatro Casos","isPartOf":{"@id":"https:\/\/kinsta.com\/es\/#website"},"primaryImageOfPage":{"@id":"https:\/\/kinsta.com\/es\/claves-de-crecimiento-de-agencias\/#primaryimage"},"image":{"@id":"https:\/\/kinsta.com\/es\/claves-de-crecimiento-de-agencias\/#primaryimage"},"thumbnailUrl":"https:\/\/kinsta.com\/es\/wp-content\/uploads\/sites\/8\/2026\/02\/ES_featured-image-agency-growth-insights.png","datePublished":"2026-02-24T12:24:57+00:00","dateModified":"2026-03-09T09:17:03+00:00","description":"Opiniones sinceras de agencias WordPress sobre escalabilidad, errores y sistemas. Sin manuales, solo lecciones reales sobre el trabajo con clientes.","breadcrumb":{"@id":"https:\/\/kinsta.com\/es\/claves-de-crecimiento-de-agencias\/#breadcrumb"},"inLanguage":"es","potentialAction":[{"@type":"ReadAction","target":["https:\/\/kinsta.com\/es\/claves-de-crecimiento-de-agencias\/"]}]},{"@type":"ImageObject","inLanguage":"es","@id":"https:\/\/kinsta.com\/es\/claves-de-crecimiento-de-agencias\/#primaryimage","url":"https:\/\/kinsta.com\/es\/wp-content\/uploads\/sites\/8\/2026\/02\/ES_featured-image-agency-growth-insights.png","contentUrl":"https:\/\/kinsta.com\/es\/wp-content\/uploads\/sites\/8\/2026\/02\/ES_featured-image-agency-growth-insights.png","width":3600,"height":1884},{"@type":"BreadcrumbList","@id":"https:\/\/kinsta.com\/es\/claves-de-crecimiento-de-agencias\/#breadcrumb","itemListElement":[{"@type":"ListItem","position":1,"name":"Home","item":"https:\/\/kinsta.com\/es\/"},{"@type":"ListItem","position":2,"name":"Lo descubrieron"}]},{"@type":"WebSite","@id":"https:\/\/kinsta.com\/es\/#website","url":"https:\/\/kinsta.com\/es\/","name":"Kinsta\u00ae","description":"Soluciones de alojamiento premium, r\u00e1pidas y seguras","publisher":{"@id":"https:\/\/kinsta.com\/es\/#organization"},"potentialAction":[{"@type":"SearchAction","target":{"@type":"EntryPoint","urlTemplate":"https:\/\/kinsta.com\/es\/?s={search_term_string}"},"query-input":{"@type":"PropertyValueSpecification","valueRequired":true,"valueName":"search_term_string"}}],"inLanguage":"es"},{"@type":"Organization","@id":"https:\/\/kinsta.com\/es\/#organization","name":"Kinsta","url":"https:\/\/kinsta.com\/es\/","logo":{"@type":"ImageObject","inLanguage":"es","@id":"https:\/\/kinsta.com\/es\/#\/schema\/logo\/image\/","url":"https:\/\/kinsta.com\/es\/wp-content\/uploads\/sites\/8\/2023\/12\/kinsta-logo.jpeg","contentUrl":"https:\/\/kinsta.com\/es\/wp-content\/uploads\/sites\/8\/2023\/12\/kinsta-logo.jpeg","width":500,"height":500,"caption":"Kinsta"},"image":{"@id":"https:\/\/kinsta.com\/es\/#\/schema\/logo\/image\/"},"sameAs":["https:\/\/www.facebook.com\/kinsta.es\/","https:\/\/x.com\/Kinsta_ES","https:\/\/www.instagram.com\/kinstahosting\/","https:\/\/www.linkedin.com\/company\/kinsta\/","https:\/\/www.pinterest.com\/kinstahosting\/","https:\/\/www.youtube.com\/c\/Kinsta"]}]}},"acf":[],"_links":{"self":[{"href":"https:\/\/kinsta.com\/es\/wp-json\/wp\/v2\/pages\/82209","targetHints":{"allow":["GET"]}}],"collection":[{"href":"https:\/\/kinsta.com\/es\/wp-json\/wp\/v2\/pages"}],"about":[{"href":"https:\/\/kinsta.com\/es\/wp-json\/wp\/v2\/types\/page"}],"author":[{"embeddable":true,"href":"https:\/\/kinsta.com\/es\/wp-json\/wp\/v2\/users\/312"}],"replies":[{"embeddable":true,"href":"https:\/\/kinsta.com\/es\/wp-json\/wp\/v2\/comments?post=82209"}],"version-history":[{"count":4,"href":"https:\/\/kinsta.com\/es\/wp-json\/wp\/v2\/pages\/82209\/revisions"}],"predecessor-version":[{"id":82393,"href":"https:\/\/kinsta.com\/es\/wp-json\/wp\/v2\/pages\/82209\/revisions\/82393"}],"alternate":[{"embeddable":true,"hreflang":"en","title":"English","href":"https:\/\/kinsta.com\/es\/wp-json\/kinsta\/v1\/posts\/82209\/translations\/en"},{"embeddable":true,"hreflang":"it","title":"Italian","href":"https:\/\/kinsta.com\/es\/wp-json\/kinsta\/v1\/posts\/82209\/translations\/it"},{"embeddable":true,"hreflang":"fr","title":"French","href":"https:\/\/kinsta.com\/es\/wp-json\/kinsta\/v1\/posts\/82209\/translations\/fr"},{"embeddable":true,"hreflang":"ja","title":"Japanese","href":"https:\/\/kinsta.com\/es\/wp-json\/kinsta\/v1\/posts\/82209\/translations\/jp"},{"embeddable":true,"hreflang":"es","title":"Spanish","href":"https:\/\/kinsta.com\/es\/wp-json\/kinsta\/v1\/posts\/82209\/translations\/es"},{"href":"https:\/\/kinsta.com\/es\/wp-json\/kinsta\/v1\/posts\/82209\/tree"}],"wp:featuredmedia":[{"embeddable":true,"href":"https:\/\/kinsta.com\/es\/wp-json\/wp\/v2\/media\/82297"}],"wp:attachment":[{"href":"https:\/\/kinsta.com\/es\/wp-json\/wp\/v2\/media?parent=82209"}],"curies":[{"name":"wp","href":"https:\/\/api.w.org\/{rel}","templated":true}]}}