{"id":4574,"date":"2016-03-07T18:41:24","date_gmt":"2016-03-07T18:41:24","guid":{"rendered":"http:\/\/kinsta.dev\/?page_id=4561"},"modified":"2022-09-01T11:17:47","modified_gmt":"2022-09-01T10:17:47","slug":"a-propos-de-nous","status":"publish","type":"page","link":"https:\/\/kinsta.com\/fr\/a-propos-de-nous\/","title":{"rendered":"\u00c0 propos de nous"},"content":{"rendered":"","protected":false},"excerpt":{"rendered":"","protected":false},"author":18,"featured_media":60980,"parent":0,"menu_order":0,"comment_status":"closed","ping_status":"closed","template":"templates\/builtin\/about.php","meta":{"_kinsta_gated_content":false,"_kinsta_gated_content_redirect":"","footnotes":""},"class_list":["post-4574","page","type-page","status-publish","has-post-thumbnail","hentry"],"yoast_head":"<!-- This site is optimized with the Yoast SEO Premium plugin v24.6 (Yoast SEO v24.6) - https:\/\/yoast.com\/wordpress\/plugins\/seo\/ -->\n<title>\u00c0 propos de nous ret de ce que nous faisons - Kinsta<\/title>\n<meta name=\"description\" content=\"Kinsta fournit un d&#039;h\u00e9bergement WordPress infog\u00e9r\u00e9. Un support incroyable, une infrastructure pour WordPress. Rencontrez l&#039;\u00e9quipe derri\u00e8re Kinsta.\" \/>\n<meta name=\"robots\" content=\"index, follow, max-snippet:-1, max-image-preview:large, max-video-preview:-1\" \/>\n<link rel=\"canonical\" href=\"https:\/\/kinsta.com\/fr\/a-propos-de-nous\/\" \/>\n<meta property=\"og:locale\" content=\"fr_FR\" \/>\n<meta property=\"og:type\" content=\"article\" \/>\n<meta property=\"og:title\" content=\"\u00c0 propos de nous\" \/>\n<meta property=\"og:description\" content=\"Kinsta fournit un d&#039;h\u00e9bergement WordPress infog\u00e9r\u00e9. Un support incroyable, une infrastructure pour WordPress. Rencontrez l&#039;\u00e9quipe derri\u00e8re Kinsta.\" \/>\n<meta property=\"og:url\" content=\"https:\/\/kinsta.com\/fr\/a-propos-de-nous\/\" \/>\n<meta property=\"og:site_name\" content=\"Kinsta\u00ae\" \/>\n<meta property=\"article:publisher\" content=\"https:\/\/www.facebook.com\/kinstafrance\/\" \/>\n<meta property=\"article:modified_time\" content=\"2022-09-01T10:17:47+00:00\" \/>\n<meta property=\"og:image\" content=\"https:\/\/kinsta.com\/fr\/wp-content\/uploads\/sites\/4\/2022\/09\/a-propos-de-nous.png\" \/>\n\t<meta property=\"og:image:width\" content=\"1200\" \/>\n\t<meta property=\"og:image:height\" content=\"628\" \/>\n\t<meta property=\"og:image:type\" content=\"image\/png\" \/>\n<meta name=\"twitter:card\" content=\"summary_large_image\" \/>\n<meta name=\"twitter:description\" content=\"Kinsta fournit un d&#039;h\u00e9bergement WordPress infog\u00e9r\u00e9. Un support incroyable, une infrastructure pour WordPress. Rencontrez l&#039;\u00e9quipe derri\u00e8re Kinsta.\" \/>\n<meta name=\"twitter:image\" content=\"https:\/\/kinsta.com\/fr\/wp-content\/uploads\/sites\/4\/2022\/09\/a-propos-de-nous.png\" \/>\n<meta name=\"twitter:site\" content=\"@kinsta_fr\" \/>\n<script type=\"application\/ld+json\" class=\"yoast-schema-graph\">{\"@context\":\"https:\/\/schema.org\",\"@graph\":[{\"@type\":\"WebPage\",\"@id\":\"https:\/\/kinsta.com\/fr\/a-propos-de-nous\/\",\"url\":\"https:\/\/kinsta.com\/fr\/a-propos-de-nous\/\",\"name\":\"\u00c0 propos de nous ret de ce que nous faisons - Kinsta\",\"isPartOf\":{\"@id\":\"https:\/\/kinsta.com\/fr\/#website\"},\"primaryImageOfPage\":{\"@id\":\"https:\/\/kinsta.com\/fr\/a-propos-de-nous\/#primaryimage\"},\"image\":{\"@id\":\"https:\/\/kinsta.com\/fr\/a-propos-de-nous\/#primaryimage\"},\"thumbnailUrl\":\"https:\/\/kinsta.com\/fr\/wp-content\/uploads\/sites\/4\/2022\/09\/a-propos-de-nous.png\",\"datePublished\":\"2016-03-07T18:41:24+00:00\",\"dateModified\":\"2022-09-01T10:17:47+00:00\",\"description\":\"Kinsta fournit un d'h\u00e9bergement WordPress infog\u00e9r\u00e9. Un support incroyable, une infrastructure pour WordPress. Rencontrez l'\u00e9quipe derri\u00e8re Kinsta.\",\"breadcrumb\":{\"@id\":\"https:\/\/kinsta.com\/fr\/a-propos-de-nous\/#breadcrumb\"},\"inLanguage\":\"fr-FR\",\"potentialAction\":[{\"@type\":\"ReadAction\",\"target\":[\"https:\/\/kinsta.com\/fr\/a-propos-de-nous\/\"]}]},{\"@type\":\"ImageObject\",\"inLanguage\":\"fr-FR\",\"@id\":\"https:\/\/kinsta.com\/fr\/a-propos-de-nous\/#primaryimage\",\"url\":\"https:\/\/kinsta.com\/fr\/wp-content\/uploads\/sites\/4\/2022\/09\/a-propos-de-nous.png\",\"contentUrl\":\"https:\/\/kinsta.com\/fr\/wp-content\/uploads\/sites\/4\/2022\/09\/a-propos-de-nous.png\",\"width\":1200,\"height\":628,\"caption\":\"\u00c0 propos de nous\"},{\"@type\":\"BreadcrumbList\",\"@id\":\"https:\/\/kinsta.com\/fr\/a-propos-de-nous\/#breadcrumb\",\"itemListElement\":[{\"@type\":\"ListItem\",\"position\":1,\"name\":\"Home\",\"item\":\"https:\/\/kinsta.com\/fr\/\"},{\"@type\":\"ListItem\",\"position\":2,\"name\":\"\u00c0 propos de nous\"}]},{\"@type\":\"WebSite\",\"@id\":\"https:\/\/kinsta.com\/fr\/#website\",\"url\":\"https:\/\/kinsta.com\/fr\/\",\"name\":\"Kinsta\u00ae\",\"description\":\"Solutions d&#039;h\u00e9bergement premium, rapides et s\u00e9curis\u00e9es\",\"publisher\":{\"@id\":\"https:\/\/kinsta.com\/fr\/#organization\"},\"potentialAction\":[{\"@type\":\"SearchAction\",\"target\":{\"@type\":\"EntryPoint\",\"urlTemplate\":\"https:\/\/kinsta.com\/fr\/?s={search_term_string}\"},\"query-input\":{\"@type\":\"PropertyValueSpecification\",\"valueRequired\":true,\"valueName\":\"search_term_string\"}}],\"inLanguage\":\"fr-FR\"},{\"@type\":\"Organization\",\"@id\":\"https:\/\/kinsta.com\/fr\/#organization\",\"name\":\"Kinsta\",\"url\":\"https:\/\/kinsta.com\/fr\/\",\"logo\":{\"@type\":\"ImageObject\",\"inLanguage\":\"fr-FR\",\"@id\":\"https:\/\/kinsta.com\/fr\/#\/schema\/logo\/image\/\",\"url\":\"https:\/\/kinsta.com\/fr\/wp-content\/uploads\/sites\/4\/2023\/12\/kinsta-logo.jpeg\",\"contentUrl\":\"https:\/\/kinsta.com\/fr\/wp-content\/uploads\/sites\/4\/2023\/12\/kinsta-logo.jpeg\",\"width\":500,\"height\":500,\"caption\":\"Kinsta\"},\"image\":{\"@id\":\"https:\/\/kinsta.com\/fr\/#\/schema\/logo\/image\/\"},\"sameAs\":[\"https:\/\/www.facebook.com\/kinstafrance\/\",\"https:\/\/x.com\/kinsta_fr\",\"https:\/\/www.instagram.com\/kinstahosting\/\",\"https:\/\/www.linkedin.com\/company\/kinsta\/\",\"https:\/\/www.pinterest.com\/kinstahosting\/\",\"https:\/\/www.youtube.com\/c\/Kinsta\"]}]}<\/script>\n<!-- \/ Yoast SEO Premium plugin. -->","yoast_head_json":{"title":"\u00c0 propos de nous ret de ce que nous faisons - Kinsta","description":"Kinsta fournit un d'h\u00e9bergement WordPress infog\u00e9r\u00e9. Un support incroyable, une infrastructure pour WordPress. Rencontrez l'\u00e9quipe derri\u00e8re Kinsta.","robots":{"index":"index","follow":"follow","max-snippet":"max-snippet:-1","max-image-preview":"max-image-preview:large","max-video-preview":"max-video-preview:-1"},"canonical":"https:\/\/kinsta.com\/fr\/a-propos-de-nous\/","og_locale":"fr_FR","og_type":"article","og_title":"\u00c0 propos de nous","og_description":"Kinsta fournit un d'h\u00e9bergement WordPress infog\u00e9r\u00e9. Un support incroyable, une infrastructure pour WordPress. Rencontrez l'\u00e9quipe derri\u00e8re Kinsta.","og_url":"https:\/\/kinsta.com\/fr\/a-propos-de-nous\/","og_site_name":"Kinsta\u00ae","article_publisher":"https:\/\/www.facebook.com\/kinstafrance\/","article_modified_time":"2022-09-01T10:17:47+00:00","og_image":[{"width":1200,"height":628,"url":"https:\/\/kinsta.com\/fr\/wp-content\/uploads\/sites\/4\/2022\/09\/a-propos-de-nous.png","type":"image\/png"}],"twitter_card":"summary_large_image","twitter_description":"Kinsta fournit un d'h\u00e9bergement WordPress infog\u00e9r\u00e9. Un support incroyable, une infrastructure pour WordPress. Rencontrez l'\u00e9quipe derri\u00e8re Kinsta.","twitter_image":"https:\/\/kinsta.com\/fr\/wp-content\/uploads\/sites\/4\/2022\/09\/a-propos-de-nous.png","twitter_site":"@kinsta_fr","schema":{"@context":"https:\/\/schema.org","@graph":[{"@type":"WebPage","@id":"https:\/\/kinsta.com\/fr\/a-propos-de-nous\/","url":"https:\/\/kinsta.com\/fr\/a-propos-de-nous\/","name":"\u00c0 propos de nous ret de ce que nous faisons - Kinsta","isPartOf":{"@id":"https:\/\/kinsta.com\/fr\/#website"},"primaryImageOfPage":{"@id":"https:\/\/kinsta.com\/fr\/a-propos-de-nous\/#primaryimage"},"image":{"@id":"https:\/\/kinsta.com\/fr\/a-propos-de-nous\/#primaryimage"},"thumbnailUrl":"https:\/\/kinsta.com\/fr\/wp-content\/uploads\/sites\/4\/2022\/09\/a-propos-de-nous.png","datePublished":"2016-03-07T18:41:24+00:00","dateModified":"2022-09-01T10:17:47+00:00","description":"Kinsta fournit un d'h\u00e9bergement WordPress infog\u00e9r\u00e9. Un support incroyable, une infrastructure pour WordPress. Rencontrez l'\u00e9quipe derri\u00e8re Kinsta.","breadcrumb":{"@id":"https:\/\/kinsta.com\/fr\/a-propos-de-nous\/#breadcrumb"},"inLanguage":"fr-FR","potentialAction":[{"@type":"ReadAction","target":["https:\/\/kinsta.com\/fr\/a-propos-de-nous\/"]}]},{"@type":"ImageObject","inLanguage":"fr-FR","@id":"https:\/\/kinsta.com\/fr\/a-propos-de-nous\/#primaryimage","url":"https:\/\/kinsta.com\/fr\/wp-content\/uploads\/sites\/4\/2022\/09\/a-propos-de-nous.png","contentUrl":"https:\/\/kinsta.com\/fr\/wp-content\/uploads\/sites\/4\/2022\/09\/a-propos-de-nous.png","width":1200,"height":628,"caption":"\u00c0 propos de nous"},{"@type":"BreadcrumbList","@id":"https:\/\/kinsta.com\/fr\/a-propos-de-nous\/#breadcrumb","itemListElement":[{"@type":"ListItem","position":1,"name":"Home","item":"https:\/\/kinsta.com\/fr\/"},{"@type":"ListItem","position":2,"name":"\u00c0 propos de nous"}]},{"@type":"WebSite","@id":"https:\/\/kinsta.com\/fr\/#website","url":"https:\/\/kinsta.com\/fr\/","name":"Kinsta\u00ae","description":"Solutions d&#039;h\u00e9bergement premium, rapides et s\u00e9curis\u00e9es","publisher":{"@id":"https:\/\/kinsta.com\/fr\/#organization"},"potentialAction":[{"@type":"SearchAction","target":{"@type":"EntryPoint","urlTemplate":"https:\/\/kinsta.com\/fr\/?s={search_term_string}"},"query-input":{"@type":"PropertyValueSpecification","valueRequired":true,"valueName":"search_term_string"}}],"inLanguage":"fr-FR"},{"@type":"Organization","@id":"https:\/\/kinsta.com\/fr\/#organization","name":"Kinsta","url":"https:\/\/kinsta.com\/fr\/","logo":{"@type":"ImageObject","inLanguage":"fr-FR","@id":"https:\/\/kinsta.com\/fr\/#\/schema\/logo\/image\/","url":"https:\/\/kinsta.com\/fr\/wp-content\/uploads\/sites\/4\/2023\/12\/kinsta-logo.jpeg","contentUrl":"https:\/\/kinsta.com\/fr\/wp-content\/uploads\/sites\/4\/2023\/12\/kinsta-logo.jpeg","width":500,"height":500,"caption":"Kinsta"},"image":{"@id":"https:\/\/kinsta.com\/fr\/#\/schema\/logo\/image\/"},"sameAs":["https:\/\/www.facebook.com\/kinstafrance\/","https:\/\/x.com\/kinsta_fr","https:\/\/www.instagram.com\/kinstahosting\/","https:\/\/www.linkedin.com\/company\/kinsta\/","https:\/\/www.pinterest.com\/kinstahosting\/","https:\/\/www.youtube.com\/c\/Kinsta"]}]}},"acf":[],"_links":{"self":[{"href":"https:\/\/kinsta.com\/fr\/wp-json\/wp\/v2\/pages\/4574","targetHints":{"allow":["GET"]}}],"collection":[{"href":"https:\/\/kinsta.com\/fr\/wp-json\/wp\/v2\/pages"}],"about":[{"href":"https:\/\/kinsta.com\/fr\/wp-json\/wp\/v2\/types\/page"}],"author":[{"embeddable":true,"href":"https:\/\/kinsta.com\/fr\/wp-json\/wp\/v2\/users\/18"}],"replies":[{"embeddable":true,"href":"https:\/\/kinsta.com\/fr\/wp-json\/wp\/v2\/comments?post=4574"}],"version-history":[{"count":2,"href":"https:\/\/kinsta.com\/fr\/wp-json\/wp\/v2\/pages\/4574\/revisions"}],"predecessor-version":[{"id":19400,"href":"https:\/\/kinsta.com\/fr\/wp-json\/wp\/v2\/pages\/4574\/revisions\/19400"}],"alternate":[{"embeddable":true,"hreflang":"es","title":"Spanish","href":"https:\/\/kinsta.com\/fr\/wp-json\/kinsta\/v1\/posts\/4574\/translations\/es"},{"embeddable":true,"hreflang":"pt","title":"Portuguese","href":"https:\/\/kinsta.com\/fr\/wp-json\/kinsta\/v1\/posts\/4574\/translations\/pt"},{"embeddable":true,"hreflang":"fr","title":"French","href":"https:\/\/kinsta.com\/fr\/wp-json\/kinsta\/v1\/posts\/4574\/translations\/fr"},{"embeddable":true,"hreflang":"de","title":"German","href":"https:\/\/kinsta.com\/fr\/wp-json\/kinsta\/v1\/posts\/4574\/translations\/de"},{"embeddable":true,"hreflang":"nl","title":"Dutch","href":"https:\/\/kinsta.com\/fr\/wp-json\/kinsta\/v1\/posts\/4574\/translations\/nl"},{"embeddable":true,"hreflang":"da","title":"Danish","href":"https:\/\/kinsta.com\/fr\/wp-json\/kinsta\/v1\/posts\/4574\/translations\/dk"},{"embeddable":true,"hreflang":"sv","title":"Swedish","href":"https:\/\/kinsta.com\/fr\/wp-json\/kinsta\/v1\/posts\/4574\/translations\/se"},{"embeddable":true,"hreflang":"en","title":"English","href":"https:\/\/kinsta.com\/fr\/wp-json\/kinsta\/v1\/posts\/4574\/translations\/en"},{"embeddable":true,"hreflang":"it","title":"Italian","href":"https:\/\/kinsta.com\/fr\/wp-json\/kinsta\/v1\/posts\/4574\/translations\/it"},{"embeddable":true,"hreflang":"ja","title":"Japanese","href":"https:\/\/kinsta.com\/fr\/wp-json\/kinsta\/v1\/posts\/4574\/translations\/jp"},{"href":"https:\/\/kinsta.com\/fr\/wp-json\/kinsta\/v1\/posts\/4574\/tree"}],"wp:featuredmedia":[{"embeddable":true,"href":"https:\/\/kinsta.com\/fr\/wp-json\/wp\/v2\/media\/60980"}],"wp:attachment":[{"href":"https:\/\/kinsta.com\/fr\/wp-json\/wp\/v2\/media?parent=4574"}],"curies":[{"name":"wp","href":"https:\/\/api.w.org\/{rel}","templated":true}]}}