{"id":45935,"date":"2021-05-02T08:43:23","date_gmt":"2021-05-02T06:43:23","guid":{"rendered":"https:\/\/kinsta.com\/?page_id=91725"},"modified":"2023-09-12T12:47:15","modified_gmt":"2023-09-12T11:47:15","slug":"cheatsheets","status":"publish","type":"page","link":"https:\/\/kinsta.com\/fr\/cheatsheets\/","title":{"rendered":"Aide m\u00e9moire"},"content":{"rendered":"<div class=\"wp-block-kinsta-featured-entries wp-block-kinsta-featured-entries--type-page \">\n\n   <div class=\"posts-grid posts-grid--3-cols\">\n<div class=\"post-preview post-45937 page type-page status-publish has-post-thumbnail hentry\">\n    <a class=\"post-preview__thumbnail\" aria-hidden=\"true\" tabindex=\"-1\" href=\"https:\/\/kinsta.com\/fr\/cheatsheets\/vitesse-site\/\">\n                        <img loading=\"lazy\" decoding=\"async\" width=\"360\" height=\"180\" src=\"https:\/\/kinsta.com\/fr\/wp-content\/uploads\/sites\/4\/2023\/08\/Site-Speed-FR-360x180.jpg\" class=\"attachment-kinsta-thumbnail size-kinsta-thumbnail wp-post-image\" alt=\"\" aria-hidden=\"true\" tabindex=\"-1\" \/>            <\/a>\n\n    <div class=\"post-preview__content\">\n        \n<div class=\"post-preview__title-excerpt\">\n    <h2 class=\"post-preview__title\">\n                <a  href=\"https:\/\/kinsta.com\/fr\/cheatsheets\/vitesse-site\/\" class=\"post-preview__link\">\n            Aide-m\u00e9moire sur la vitesse du site        <\/a>\n    <\/h2>\n\n            <div class=\"post-preview__excerpt\">\n            La vitesse est essentielle pour le SEO, mais il n&#039;est pas toujours facile de savoir o\u00f9 commencer. D\u00e9couvrez les probl\u00e8mes pour am\u00e9liorer la vitesse&hellip;        <\/div>\n    <\/div>\n<dl class=\"post-preview__meta\">\n            <dt><span class=\"screen-reader-text\">Temps de lecture<\/span><\/dt>\n        <dd>1 min de lecture<\/dd>\n            <dt><span class=\"screen-reader-text\">Date de mise \u00e0 jour<\/span><\/dt>\n        <dd>18 mars 2024<\/dd>\n    <\/dl>\n    <\/div>\n<\/div>\n\n<div class=\"post-preview post-45939 page type-page status-publish has-post-thumbnail hentry\">\n    <a class=\"post-preview__thumbnail\" aria-hidden=\"true\" tabindex=\"-1\" href=\"https:\/\/kinsta.com\/fr\/cheatsheets\/liste-de-controle-seo-pour-wordpress\/\">\n                        <img loading=\"lazy\" decoding=\"async\" width=\"360\" height=\"180\" src=\"https:\/\/kinsta.com\/fr\/wp-content\/uploads\/sites\/4\/2021\/05\/Hero-seo-cheat-featured-360x180.png\" class=\"attachment-kinsta-thumbnail size-kinsta-thumbnail wp-post-image\" alt=\"\" aria-hidden=\"true\" tabindex=\"-1\" srcset=\"https:\/\/kinsta.com\/fr\/wp-content\/uploads\/sites\/4\/2021\/05\/Hero-seo-cheat-featured-360x180.png 360w, https:\/\/kinsta.com\/fr\/wp-content\/uploads\/sites\/4\/2021\/05\/Hero-seo-cheat-featured-300x150.png 300w, https:\/\/kinsta.com\/fr\/wp-content\/uploads\/sites\/4\/2021\/05\/Hero-seo-cheat-featured-1024x512.png 1024w, https:\/\/kinsta.com\/fr\/wp-content\/uploads\/sites\/4\/2021\/05\/Hero-seo-cheat-featured-768x384.png 768w, https:\/\/kinsta.com\/fr\/wp-content\/uploads\/sites\/4\/2021\/05\/Hero-seo-cheat-featured.png 1460w\" sizes=\"auto, (max-width: 360px) 100vw, 360px\" \/>            <\/a>\n\n    <div class=\"post-preview__content\">\n        \n<div class=\"post-preview__title-excerpt\">\n    <h2 class=\"post-preview__title\">\n                <a  href=\"https:\/\/kinsta.com\/fr\/cheatsheets\/liste-de-controle-seo-pour-wordpress\/\" class=\"post-preview__link\">\n            Liste de contr\u00f4le SEO pour WordPress        <\/a>\n    <\/h2>\n\n            <div class=\"post-preview__excerpt\">\n            Les avantages d&#039;un bon SEO sont consid\u00e9rables. Un impact sur le trafic, la cr\u00e9dibilit\u00e9, l&#039;exp\u00e9rience utilisateur. Voici 8 fa\u00e7ons d&#039;am\u00e9liorer votre&hellip;        <\/div>\n    <\/div>\n<dl class=\"post-preview__meta\">\n            <dt><span class=\"screen-reader-text\">Date de mise \u00e0 jour<\/span><\/dt>\n        <dd>15 septembre 2023<\/dd>\n    <\/dl>\n    <\/div>\n<\/div>\n\n<div class=\"post-preview post-45942 page type-page status-publish has-post-thumbnail hentry\">\n    <a class=\"post-preview__thumbnail\" aria-hidden=\"true\" tabindex=\"-1\" href=\"https:\/\/kinsta.com\/fr\/cheatsheets\/securite-sites\/\">\n                        <img loading=\"lazy\" decoding=\"async\" width=\"360\" height=\"180\" src=\"https:\/\/kinsta.com\/fr\/wp-content\/uploads\/sites\/4\/2023\/08\/Site-Security-FR-360x180.jpg\" class=\"attachment-kinsta-thumbnail size-kinsta-thumbnail wp-post-image\" alt=\"\" aria-hidden=\"true\" tabindex=\"-1\" \/>            <\/a>\n\n    <div class=\"post-preview__content\">\n        \n<div class=\"post-preview__title-excerpt\">\n    <h2 class=\"post-preview__title\">\n                <a  href=\"https:\/\/kinsta.com\/fr\/cheatsheets\/securite-sites\/\" class=\"post-preview__link\">\n            Aide-m\u00e9moire sur la s\u00e9curit\u00e9 des sites        <\/a>\n    <\/h2>\n\n            <div class=\"post-preview__excerpt\">\n            Prot\u00e9gez votre marque et r\u00e9duisez le risque de failles de s\u00e9curit\u00e9 gr\u00e2ce \u00e0 ces 5 moyens puissants de renforcer la s\u00e9curit\u00e9 de votre site\/donn\u00e9es.&hellip;        <\/div>\n    <\/div>\n<dl class=\"post-preview__meta\">\n            <dt><span class=\"screen-reader-text\">Temps de lecture<\/span><\/dt>\n        <dd>1 min de lecture<\/dd>\n            <dt><span class=\"screen-reader-text\">Date de mise \u00e0 jour<\/span><\/dt>\n        <dd>18 mars 2024<\/dd>\n    <\/dl>\n    <\/div>\n<\/div>\n<\/div>\n    <\/div>\n\n\n\n<div class=\"wp-block-group aligncenter has-wp-gradient-background has-background is-layout-constrained wp-block-group-is-layout-constrained\">\n<h2 class=\"has-text-align-center wp-block-heading\" id=\"h-nous-avons-augment-notre-trafic-de-1-187-avec-wordpress-nous-allons-vous-montrer-comment\">Nous avons augment\u00e9 notre trafic de 1.187% avec WordPress. Nous allons vous montrer comment.<\/h2>\n\n\n\n<p class=\"has-text-align-center\">Rejoignez plus de 20.000 personnes qui re\u00e7oivent notre lettre d&rsquo;information hebdomadaire avec des conseils d&rsquo;initi\u00e9s sur WordPress !<\/p>\n\n\n\n<div class=\"wp-block-kinsta-buttons aligncenter\">\n<a class=\"wp-block-kinsta-button has-turquoise-color\" href=\"#newsletter\">S&rsquo;abonner maintenant<\/a>\n<\/div>\n\n\n<dialog  id=\"newsletter\" class=\"dialog\" aria-hidden=\"true\">\n    <header class=\"dialog__header\">\n                    <h2 class=\"dialog__title\">\n                S&#039;abonner \u00e0 la newsletter de Kinsta            <\/h2>\n            <\/header>\n\n    <div class=\"dialog__content\">\n        <div class=\"signup-modal\">\n    <kinsta-form show-name=\"false\" show-message=\"false\" submit-button-text=\"Abonnement\" success-title=\"Merci pour votre abonnement !\" success-message=\"Gardez un \u0153il sur notre prochain num\u00e9ro.\" hubspot-source=\"subscribe_to_newsletter\" show-phone=\"false\" show-website=\"false\" show-company=\"true\" show-disk-space=\"false\" show-monthly-visits=\"false\" show-average-project-budget=\"false\" show-services-provided=\"false\" show-number-of-websites=\"false\" submit-button-text-loading=\"S&#039;abonner\"><\/kinsta-form>\n<\/div>\n    <\/div>\n\n    <\/dialog>\n<\/div>\n","protected":false},"excerpt":{"rendered":"","protected":false},"author":115,"featured_media":0,"parent":0,"menu_order":0,"comment_status":"closed","ping_status":"closed","template":"","meta":{"_kinsta_gated_content":false,"_kinsta_gated_content_redirect":"","footnotes":""},"class_list":["post-45935","page","type-page","status-publish","hentry"],"yoast_head":"<!-- This site is optimized with the Yoast SEO Premium plugin v24.6 (Yoast SEO v24.6) - https:\/\/yoast.com\/wordpress\/plugins\/seo\/ -->\n<title>Aide m\u00e9moire sur le SEO, la vitesse et la s\u00e9curit\u00e9 - Kinsta<\/title>\n<meta name=\"description\" content=\"Des conseils \u00e9prouv\u00e9s de chez Kinsta, con\u00e7us pour booster votre entreprise, pr\u00e9sent\u00e9s sous la forme d&#039;un fichier PDF d&#039;une page t\u00e9l\u00e9chargeable.\" \/>\n<meta name=\"robots\" content=\"index, follow, max-snippet:-1, max-image-preview:large, max-video-preview:-1\" \/>\n<link rel=\"canonical\" href=\"https:\/\/kinsta.com\/fr\/cheatsheets\/\" \/>\n<meta property=\"og:locale\" content=\"fr_FR\" \/>\n<meta property=\"og:type\" content=\"article\" \/>\n<meta property=\"og:title\" content=\"Aide m\u00e9moire\" \/>\n<meta property=\"og:description\" content=\"Des conseils \u00e9prouv\u00e9s de chez Kinsta, con\u00e7us pour booster votre entreprise, pr\u00e9sent\u00e9s sous la forme d&#039;un fichier PDF d&#039;une page t\u00e9l\u00e9chargeable.\" \/>\n<meta property=\"og:url\" content=\"https:\/\/kinsta.com\/fr\/cheatsheets\/\" \/>\n<meta property=\"og:site_name\" content=\"Kinsta\u00ae\" \/>\n<meta property=\"article:publisher\" content=\"https:\/\/www.facebook.com\/kinstafrance\/\" \/>\n<meta property=\"article:modified_time\" content=\"2023-09-12T11:47:15+00:00\" \/>\n<meta property=\"og:image\" content=\"https:\/\/kinsta.com\/fr\/wp-content\/uploads\/sites\/4\/2023\/12\/kinsta-homepage-fr.png\" \/>\n\t<meta property=\"og:image:width\" content=\"1200\" \/>\n\t<meta property=\"og:image:height\" content=\"628\" \/>\n\t<meta property=\"og:image:type\" content=\"image\/png\" \/>\n<meta name=\"twitter:card\" content=\"summary_large_image\" \/>\n<meta name=\"twitter:description\" content=\"Des conseils \u00e9prouv\u00e9s de chez Kinsta, con\u00e7us pour booster votre entreprise, pr\u00e9sent\u00e9s sous la forme d&#039;un fichier PDF d&#039;une page t\u00e9l\u00e9chargeable.\" \/>\n<meta name=\"twitter:image\" content=\"https:\/\/kinsta.com\/fr\/wp-content\/uploads\/sites\/4\/2023\/12\/kinsta-homepage-fr.png\" \/>\n<meta name=\"twitter:site\" content=\"@kinsta_fr\" \/>\n<script type=\"application\/ld+json\" class=\"yoast-schema-graph\">{\"@context\":\"https:\/\/schema.org\",\"@graph\":[{\"@type\":\"WebPage\",\"@id\":\"https:\/\/kinsta.com\/fr\/cheatsheets\/\",\"url\":\"https:\/\/kinsta.com\/fr\/cheatsheets\/\",\"name\":\"Aide m\u00e9moire sur le SEO, la vitesse et la s\u00e9curit\u00e9 - Kinsta\",\"isPartOf\":{\"@id\":\"https:\/\/kinsta.com\/fr\/#website\"},\"datePublished\":\"2021-05-02T06:43:23+00:00\",\"dateModified\":\"2023-09-12T11:47:15+00:00\",\"description\":\"Des conseils \u00e9prouv\u00e9s de chez Kinsta, con\u00e7us pour booster votre entreprise, pr\u00e9sent\u00e9s sous la forme d'un fichier PDF d'une page t\u00e9l\u00e9chargeable.\",\"breadcrumb\":{\"@id\":\"https:\/\/kinsta.com\/fr\/cheatsheets\/#breadcrumb\"},\"inLanguage\":\"fr-FR\",\"potentialAction\":[{\"@type\":\"ReadAction\",\"target\":[\"https:\/\/kinsta.com\/fr\/cheatsheets\/\"]}]},{\"@type\":\"BreadcrumbList\",\"@id\":\"https:\/\/kinsta.com\/fr\/cheatsheets\/#breadcrumb\",\"itemListElement\":[{\"@type\":\"ListItem\",\"position\":1,\"name\":\"Home\",\"item\":\"https:\/\/kinsta.com\/fr\/\"},{\"@type\":\"ListItem\",\"position\":2,\"name\":\"Aide m\u00e9moire\"}]},{\"@type\":\"WebSite\",\"@id\":\"https:\/\/kinsta.com\/fr\/#website\",\"url\":\"https:\/\/kinsta.com\/fr\/\",\"name\":\"Kinsta\u00ae\",\"description\":\"Solutions d&#039;h\u00e9bergement premium, rapides et s\u00e9curis\u00e9es\",\"publisher\":{\"@id\":\"https:\/\/kinsta.com\/fr\/#organization\"},\"potentialAction\":[{\"@type\":\"SearchAction\",\"target\":{\"@type\":\"EntryPoint\",\"urlTemplate\":\"https:\/\/kinsta.com\/fr\/?s={search_term_string}\"},\"query-input\":{\"@type\":\"PropertyValueSpecification\",\"valueRequired\":true,\"valueName\":\"search_term_string\"}}],\"inLanguage\":\"fr-FR\"},{\"@type\":\"Organization\",\"@id\":\"https:\/\/kinsta.com\/fr\/#organization\",\"name\":\"Kinsta\",\"url\":\"https:\/\/kinsta.com\/fr\/\",\"logo\":{\"@type\":\"ImageObject\",\"inLanguage\":\"fr-FR\",\"@id\":\"https:\/\/kinsta.com\/fr\/#\/schema\/logo\/image\/\",\"url\":\"https:\/\/kinsta.com\/fr\/wp-content\/uploads\/sites\/4\/2023\/12\/kinsta-logo.jpeg\",\"contentUrl\":\"https:\/\/kinsta.com\/fr\/wp-content\/uploads\/sites\/4\/2023\/12\/kinsta-logo.jpeg\",\"width\":500,\"height\":500,\"caption\":\"Kinsta\"},\"image\":{\"@id\":\"https:\/\/kinsta.com\/fr\/#\/schema\/logo\/image\/\"},\"sameAs\":[\"https:\/\/www.facebook.com\/kinstafrance\/\",\"https:\/\/x.com\/kinsta_fr\",\"https:\/\/www.instagram.com\/kinstahosting\/\",\"https:\/\/www.linkedin.com\/company\/kinsta\/\",\"https:\/\/www.pinterest.com\/kinstahosting\/\",\"https:\/\/www.youtube.com\/c\/Kinsta\"]}]}<\/script>\n<!-- \/ Yoast SEO Premium plugin. -->","yoast_head_json":{"title":"Aide m\u00e9moire sur le SEO, la vitesse et la s\u00e9curit\u00e9 - Kinsta","description":"Des conseils \u00e9prouv\u00e9s de chez Kinsta, con\u00e7us pour booster votre entreprise, pr\u00e9sent\u00e9s sous la forme d'un fichier PDF d'une page t\u00e9l\u00e9chargeable.","robots":{"index":"index","follow":"follow","max-snippet":"max-snippet:-1","max-image-preview":"max-image-preview:large","max-video-preview":"max-video-preview:-1"},"canonical":"https:\/\/kinsta.com\/fr\/cheatsheets\/","og_locale":"fr_FR","og_type":"article","og_title":"Aide m\u00e9moire","og_description":"Des conseils \u00e9prouv\u00e9s de chez Kinsta, con\u00e7us pour booster votre entreprise, pr\u00e9sent\u00e9s sous la forme d'un fichier PDF d'une page t\u00e9l\u00e9chargeable.","og_url":"https:\/\/kinsta.com\/fr\/cheatsheets\/","og_site_name":"Kinsta\u00ae","article_publisher":"https:\/\/www.facebook.com\/kinstafrance\/","article_modified_time":"2023-09-12T11:47:15+00:00","og_image":[{"width":1200,"height":628,"url":"https:\/\/kinsta.com\/fr\/wp-content\/uploads\/sites\/4\/2023\/12\/kinsta-homepage-fr.png","type":"image\/png"}],"twitter_card":"summary_large_image","twitter_description":"Des conseils \u00e9prouv\u00e9s de chez Kinsta, con\u00e7us pour booster votre entreprise, pr\u00e9sent\u00e9s sous la forme d'un fichier PDF d'une page t\u00e9l\u00e9chargeable.","twitter_image":"https:\/\/kinsta.com\/fr\/wp-content\/uploads\/sites\/4\/2023\/12\/kinsta-homepage-fr.png","twitter_site":"@kinsta_fr","schema":{"@context":"https:\/\/schema.org","@graph":[{"@type":"WebPage","@id":"https:\/\/kinsta.com\/fr\/cheatsheets\/","url":"https:\/\/kinsta.com\/fr\/cheatsheets\/","name":"Aide m\u00e9moire sur le SEO, la vitesse et la s\u00e9curit\u00e9 - Kinsta","isPartOf":{"@id":"https:\/\/kinsta.com\/fr\/#website"},"datePublished":"2021-05-02T06:43:23+00:00","dateModified":"2023-09-12T11:47:15+00:00","description":"Des conseils \u00e9prouv\u00e9s de chez Kinsta, con\u00e7us pour booster votre entreprise, pr\u00e9sent\u00e9s sous la forme d'un fichier PDF d'une page t\u00e9l\u00e9chargeable.","breadcrumb":{"@id":"https:\/\/kinsta.com\/fr\/cheatsheets\/#breadcrumb"},"inLanguage":"fr-FR","potentialAction":[{"@type":"ReadAction","target":["https:\/\/kinsta.com\/fr\/cheatsheets\/"]}]},{"@type":"BreadcrumbList","@id":"https:\/\/kinsta.com\/fr\/cheatsheets\/#breadcrumb","itemListElement":[{"@type":"ListItem","position":1,"name":"Home","item":"https:\/\/kinsta.com\/fr\/"},{"@type":"ListItem","position":2,"name":"Aide m\u00e9moire"}]},{"@type":"WebSite","@id":"https:\/\/kinsta.com\/fr\/#website","url":"https:\/\/kinsta.com\/fr\/","name":"Kinsta\u00ae","description":"Solutions d&#039;h\u00e9bergement premium, rapides et s\u00e9curis\u00e9es","publisher":{"@id":"https:\/\/kinsta.com\/fr\/#organization"},"potentialAction":[{"@type":"SearchAction","target":{"@type":"EntryPoint","urlTemplate":"https:\/\/kinsta.com\/fr\/?s={search_term_string}"},"query-input":{"@type":"PropertyValueSpecification","valueRequired":true,"valueName":"search_term_string"}}],"inLanguage":"fr-FR"},{"@type":"Organization","@id":"https:\/\/kinsta.com\/fr\/#organization","name":"Kinsta","url":"https:\/\/kinsta.com\/fr\/","logo":{"@type":"ImageObject","inLanguage":"fr-FR","@id":"https:\/\/kinsta.com\/fr\/#\/schema\/logo\/image\/","url":"https:\/\/kinsta.com\/fr\/wp-content\/uploads\/sites\/4\/2023\/12\/kinsta-logo.jpeg","contentUrl":"https:\/\/kinsta.com\/fr\/wp-content\/uploads\/sites\/4\/2023\/12\/kinsta-logo.jpeg","width":500,"height":500,"caption":"Kinsta"},"image":{"@id":"https:\/\/kinsta.com\/fr\/#\/schema\/logo\/image\/"},"sameAs":["https:\/\/www.facebook.com\/kinstafrance\/","https:\/\/x.com\/kinsta_fr","https:\/\/www.instagram.com\/kinstahosting\/","https:\/\/www.linkedin.com\/company\/kinsta\/","https:\/\/www.pinterest.com\/kinstahosting\/","https:\/\/www.youtube.com\/c\/Kinsta"]}]}},"acf":[],"_links":{"self":[{"href":"https:\/\/kinsta.com\/fr\/wp-json\/wp\/v2\/pages\/45935","targetHints":{"allow":["GET"]}}],"collection":[{"href":"https:\/\/kinsta.com\/fr\/wp-json\/wp\/v2\/pages"}],"about":[{"href":"https:\/\/kinsta.com\/fr\/wp-json\/wp\/v2\/types\/page"}],"author":[{"embeddable":true,"href":"https:\/\/kinsta.com\/fr\/wp-json\/wp\/v2\/users\/115"}],"replies":[{"embeddable":true,"href":"https:\/\/kinsta.com\/fr\/wp-json\/wp\/v2\/comments?post=45935"}],"version-history":[{"count":4,"href":"https:\/\/kinsta.com\/fr\/wp-json\/wp\/v2\/pages\/45935\/revisions"}],"predecessor-version":[{"id":46238,"href":"https:\/\/kinsta.com\/fr\/wp-json\/wp\/v2\/pages\/45935\/revisions\/46238"}],"alternate":[{"embeddable":true,"hreflang":"en","title":"English","href":"https:\/\/kinsta.com\/fr\/wp-json\/kinsta\/v1\/posts\/45935\/translations\/en"},{"embeddable":true,"hreflang":"da","title":"Danish","href":"https:\/\/kinsta.com\/fr\/wp-json\/kinsta\/v1\/posts\/45935\/translations\/dk"},{"embeddable":true,"hreflang":"nl","title":"Dutch","href":"https:\/\/kinsta.com\/fr\/wp-json\/kinsta\/v1\/posts\/45935\/translations\/nl"},{"embeddable":true,"hreflang":"fr","title":"French","href":"https:\/\/kinsta.com\/fr\/wp-json\/kinsta\/v1\/posts\/45935\/translations\/fr"},{"embeddable":true,"hreflang":"de","title":"German","href":"https:\/\/kinsta.com\/fr\/wp-json\/kinsta\/v1\/posts\/45935\/translations\/de"},{"embeddable":true,"hreflang":"it","title":"Italian","href":"https:\/\/kinsta.com\/fr\/wp-json\/kinsta\/v1\/posts\/45935\/translations\/it"},{"embeddable":true,"hreflang":"ja","title":"Japanese","href":"https:\/\/kinsta.com\/fr\/wp-json\/kinsta\/v1\/posts\/45935\/translations\/jp"},{"embeddable":true,"hreflang":"pt","title":"Portuguese","href":"https:\/\/kinsta.com\/fr\/wp-json\/kinsta\/v1\/posts\/45935\/translations\/pt"},{"embeddable":true,"hreflang":"es","title":"Spanish","href":"https:\/\/kinsta.com\/fr\/wp-json\/kinsta\/v1\/posts\/45935\/translations\/es"},{"embeddable":true,"hreflang":"sv","title":"Swedish","href":"https:\/\/kinsta.com\/fr\/wp-json\/kinsta\/v1\/posts\/45935\/translations\/se"},{"href":"https:\/\/kinsta.com\/fr\/wp-json\/kinsta\/v1\/posts\/45935\/tree"}],"wp:attachment":[{"href":"https:\/\/kinsta.com\/fr\/wp-json\/wp\/v2\/media?parent=45935"}],"curies":[{"name":"wp","href":"https:\/\/api.w.org\/{rel}","templated":true}]}}