{"id":45937,"date":"2021-05-02T09:00:53","date_gmt":"2021-05-02T07:00:53","guid":{"rendered":"https:\/\/kinsta.com\/?page_id=91727"},"modified":"2024-03-18T22:49:03","modified_gmt":"2024-03-18T21:49:03","slug":"vitesse-site","status":"publish","type":"page","link":"https:\/\/kinsta.com\/fr\/cheatsheets\/vitesse-site\/","title":{"rendered":"Aide-m\u00e9moire sur la vitesse du site"},"content":{"rendered":"\n<header class=\"wp-block-kinsta-hero-title is-style-center-screenshot alignfull\"><div class=\"wp-block-kinsta-hero-title__inner\">\n<div class=\"wp-block-kinsta-columns is-vertical-center\">\n<div class=\"wp-block-kinsta-column wp-block-kinsta-columns__column\">\n<div class=\"wp-block-kinsta-hero-title-content wp-block-kinsta-hero-title__content\"><h1 class=\"wp-block-kinsta-hero-title__title\">Aide-m\u00e9moire sur la vitesse du site<\/h1>\n<p>Un site rapide est essentiel \u00e0 la croissance de votre entreprise. Il a un impact sur le SEO, r\u00e9duit votre taux de rebond et maximise les conversions. Vous ne savez pas par o\u00f9 commencer ? Voici cinq \u00e9l\u00e9ments qui auront un impact sur la vitesse de votre site et sur lesquels vous pouvez vous pencher d\u00e8s maintenant.<\/p>\n\n\n\n<div class=\"wp-block-kinsta-buttons alignleft\">\n<a class=\"wp-block-kinsta-button has-turquoise-color\" href=\"#download\">T\u00e9l\u00e9charger maintenant<\/a>\n\n\n<\/div>\n<\/div>\n<\/div>\n\n\n\n<div class=\"wp-block-kinsta-column wp-block-kinsta-columns__column\">\n<div class=\"wp-block-kinsta-hero-title-secondary wp-block-kinsta-hero-title__secondary\"><\/div>\n<\/div>\n<\/div>\n<\/div><\/header>\n\n\n<dialog  id=\"download\" class=\"dialog\" aria-hidden=\"true\">\n    <header class=\"dialog__header\">\n                    <h2 class=\"dialog__title\">\n                T\u00e9l\u00e9charger l&#039;aide-m\u00e9moire            <\/h2>\n            <\/header>\n\n    <div class=\"dialog__content\">\n        <div class=\"signup-modal\">\n    <kinsta-form show-name=\"true\" show-message=\"false\" submit-button-text=\"Obtenir un acc\u00e8s maintenant\" success-title=\"Merci !\" success-message=\"Nous esp\u00e9rons que vous l&#039;appr\u00e9cierez !\" hubspot-source=\"site-speed-cheat-sheet\" show-phone=\"false\" show-website=\"false\" show-company=\"true\" show-disk-space=\"false\" show-monthly-visits=\"false\" show-average-project-budget=\"false\" show-services-provided=\"false\" show-number-of-websites=\"false\" submit-button-text-loading=\"Envoyer les donn\u00e9es\" success-redirect=\"https:\/\/kinsta.com\/fr\/wp-content\/uploads\/sites\/4\/2024\/03\/FR-site-speed-cheat-sheet.pdf\"><\/kinsta-form>\n<\/div>\n    <\/div>\n\n    <\/dialog>\n\n\n\n<div class=\"wp-block-kinsta-columns is-reverse is-vertical-center\">\n<div class=\"wp-block-kinsta-column wp-block-kinsta-columns__column\">\n<figure class=\"wp-block-image aligncenter size-large is-style-plain\"><img loading=\"lazy\" decoding=\"async\" width=\"445\" height=\"519\" src=\"https:\/\/kinsta.com\/fr\/wp-content\/uploads\/sites\/4\/2021\/05\/EBOOK-Speed-FR.png\" alt class=\"wp-image-45992\" srcset=\"https:\/\/kinsta.com\/fr\/wp-content\/uploads\/sites\/4\/2021\/05\/EBOOK-Speed-FR.png 445w, https:\/\/kinsta.com\/fr\/wp-content\/uploads\/sites\/4\/2021\/05\/EBOOK-Speed-FR-257x300.png 257w\" sizes=\"auto, (max-width: 445px) 100vw, 445px\" \/><\/figure>\n<\/div>\n\n\n\n<div class=\"wp-block-kinsta-column wp-block-kinsta-columns__column\">\n<h2 class=\"wp-block-heading\" id=\"h-vous-aimerez-peut-tre-aussi-cet-e-book\">Vous aimerez peut-\u00eatre aussi cet e-book<\/h2>\n\n\n\n<p><mark class=\"has-inline-color has-dark-blue-color\">Nous partageons tout ce que nous savons sur la fa\u00e7on d&rsquo;acc\u00e9l\u00e9rer un site WordPress dans cet e-book gratuit. Il contient 15 ans d&rsquo;exp\u00e9rience, plus de 200 conseils \u00e9prouv\u00e9s et des instructions \u00e9tape par \u00e9tape sur la fa\u00e7on de configurer votre site pour qu&rsquo;il soit plus rapide.<\/mark><\/p>\n\n\n\n<h3 class=\"wp-block-heading\" id=\"h-ce-que-vous-allez-apprendre\">Ce que vous allez apprendre :<\/h3>\n\n\n\n<ul class=\"wp-block-list\">\n<li><mark class=\"has-inline-color has-dark-blue-color\">Diff\u00e9rents types de sites WordPress<\/mark><\/li>\n\n\n\n<li><mark class=\"has-inline-color has-dark-blue-color\">Choisir et g\u00e9rer un h\u00e9bergement de haute performance<\/mark><\/li>\n\n\n\n<li><mark class=\"has-inline-color has-dark-blue-color\">Le point sur les th\u00e8mes et les extensions WordPress<\/mark><\/li>\n\n\n\n<li><mark class=\"has-inline-color has-dark-blue-color\">Ajustement des r\u00e9glages de WordPress<\/mark><\/li>\n\n\n\n<li><mark class=\"has-inline-color has-dark-blue-color\">R\u00e9solution des probl\u00e8mes de lenteur<\/mark><\/li>\n\n\n\n<li><mark class=\"has-inline-color has-dark-blue-color\">Optimisation de l&rsquo;interface publique et de l&rsquo;administration<\/mark><\/li>\n\n\n\n<li><mark class=\"has-inline-color has-dark-blue-color\">Et bien plus encore !<\/mark><\/li>\n<\/ul>\n\n\n\n<div class=\"wp-block-kinsta-buttons\">\n<a class=\"wp-block-kinsta-button\" href=\"https:\/\/kinsta.com\/fr\/ebooks\/wordpress\/accelerer-site-wordpress\/\">T\u00e9l\u00e9charger l&rsquo;e-book<\/a>\n<\/div>\n<\/div>\n<\/div>\n","protected":false},"excerpt":{"rendered":"","protected":false},"author":115,"featured_media":71763,"parent":45935,"menu_order":0,"comment_status":"closed","ping_status":"closed","template":"","meta":{"_kinsta_gated_content":false,"_kinsta_gated_content_redirect":"https:\/\/kinsta.com\/cheatsheets\/","footnotes":""},"class_list":["post-45937","page","type-page","status-publish","has-post-thumbnail","hentry"],"yoast_head":"<!-- This site is optimized with the Yoast SEO Premium plugin v24.6 (Yoast SEO v24.6) - https:\/\/yoast.com\/wordpress\/plugins\/seo\/ -->\n<title>Liste de contr\u00f4les sur la vitesse du site - Kinsta<\/title>\n<meta name=\"description\" content=\"La vitesse est essentielle pour le SEO, mais il n&#039;est pas toujours facile de savoir o\u00f9 commencer. D\u00e9couvrez les probl\u00e8mes pour am\u00e9liorer la vitesse.\" \/>\n<meta name=\"robots\" content=\"index, follow, max-snippet:-1, max-image-preview:large, max-video-preview:-1\" \/>\n<link rel=\"canonical\" href=\"https:\/\/kinsta.com\/fr\/cheatsheets\/vitesse-site\/\" \/>\n<meta property=\"og:locale\" content=\"fr_FR\" \/>\n<meta property=\"og:type\" content=\"article\" \/>\n<meta property=\"og:title\" content=\"Aide-m\u00e9moire sur la vitesse du site\" \/>\n<meta property=\"og:description\" content=\"La vitesse est essentielle pour le SEO, mais il n&#039;est pas toujours facile de savoir o\u00f9 commencer. D\u00e9couvrez les probl\u00e8mes pour am\u00e9liorer la vitesse.\" \/>\n<meta property=\"og:url\" content=\"https:\/\/kinsta.com\/fr\/cheatsheets\/vitesse-site\/\" \/>\n<meta property=\"og:site_name\" content=\"Kinsta\u00ae\" \/>\n<meta property=\"article:publisher\" content=\"https:\/\/www.facebook.com\/kinstafrance\/\" \/>\n<meta property=\"article:modified_time\" content=\"2024-03-18T21:49:03+00:00\" \/>\n<meta property=\"og:image\" content=\"https:\/\/kinsta.com\/fr\/wp-content\/uploads\/sites\/4\/2023\/08\/Site-Speed-FR.jpg\" \/>\n\t<meta property=\"og:image:width\" content=\"1200\" \/>\n\t<meta property=\"og:image:height\" content=\"628\" \/>\n\t<meta property=\"og:image:type\" content=\"image\/jpeg\" \/>\n<meta name=\"twitter:card\" content=\"summary_large_image\" \/>\n<meta name=\"twitter:description\" content=\"La vitesse est essentielle pour le SEO, mais il n&#039;est pas toujours facile de savoir o\u00f9 commencer. D\u00e9couvrez les probl\u00e8mes pour am\u00e9liorer la vitesse.\" \/>\n<meta name=\"twitter:image\" content=\"https:\/\/kinsta.com\/fr\/wp-content\/uploads\/sites\/4\/2023\/08\/Site-Speed-FR.jpg\" \/>\n<meta name=\"twitter:site\" content=\"@kinsta_fr\" \/>\n<meta name=\"twitter:label1\" content=\"Dur\u00e9e de lecture estim\u00e9e\" \/>\n\t<meta name=\"twitter:data1\" content=\"1 minute\" \/>\n<script type=\"application\/ld+json\" class=\"yoast-schema-graph\">{\"@context\":\"https:\/\/schema.org\",\"@graph\":[{\"@type\":\"WebPage\",\"@id\":\"https:\/\/kinsta.com\/fr\/cheatsheets\/vitesse-site\/\",\"url\":\"https:\/\/kinsta.com\/fr\/cheatsheets\/vitesse-site\/\",\"name\":\"Liste de contr\u00f4les sur la vitesse du site - Kinsta\",\"isPartOf\":{\"@id\":\"https:\/\/kinsta.com\/fr\/#website\"},\"primaryImageOfPage\":{\"@id\":\"https:\/\/kinsta.com\/fr\/cheatsheets\/vitesse-site\/#primaryimage\"},\"image\":{\"@id\":\"https:\/\/kinsta.com\/fr\/cheatsheets\/vitesse-site\/#primaryimage\"},\"thumbnailUrl\":\"https:\/\/kinsta.com\/fr\/wp-content\/uploads\/sites\/4\/2023\/08\/Site-Speed-FR.jpg\",\"datePublished\":\"2021-05-02T07:00:53+00:00\",\"dateModified\":\"2024-03-18T21:49:03+00:00\",\"description\":\"La vitesse est essentielle pour le SEO, mais il n'est pas toujours facile de savoir o\u00f9 commencer. D\u00e9couvrez les probl\u00e8mes pour am\u00e9liorer la vitesse.\",\"breadcrumb\":{\"@id\":\"https:\/\/kinsta.com\/fr\/cheatsheets\/vitesse-site\/#breadcrumb\"},\"inLanguage\":\"fr-FR\",\"potentialAction\":[{\"@type\":\"ReadAction\",\"target\":[\"https:\/\/kinsta.com\/fr\/cheatsheets\/vitesse-site\/\"]}]},{\"@type\":\"ImageObject\",\"inLanguage\":\"fr-FR\",\"@id\":\"https:\/\/kinsta.com\/fr\/cheatsheets\/vitesse-site\/#primaryimage\",\"url\":\"https:\/\/kinsta.com\/fr\/wp-content\/uploads\/sites\/4\/2023\/08\/Site-Speed-FR.jpg\",\"contentUrl\":\"https:\/\/kinsta.com\/fr\/wp-content\/uploads\/sites\/4\/2023\/08\/Site-Speed-FR.jpg\",\"width\":1200,\"height\":628},{\"@type\":\"BreadcrumbList\",\"@id\":\"https:\/\/kinsta.com\/fr\/cheatsheets\/vitesse-site\/#breadcrumb\",\"itemListElement\":[{\"@type\":\"ListItem\",\"position\":1,\"name\":\"Home\",\"item\":\"https:\/\/kinsta.com\/fr\/\"},{\"@type\":\"ListItem\",\"position\":2,\"name\":\"Aide m\u00e9moire\",\"item\":\"https:\/\/kinsta.com\/fr\/cheatsheets\/\"},{\"@type\":\"ListItem\",\"position\":3,\"name\":\"Aide-m\u00e9moire sur la vitesse du site\"}]},{\"@type\":\"WebSite\",\"@id\":\"https:\/\/kinsta.com\/fr\/#website\",\"url\":\"https:\/\/kinsta.com\/fr\/\",\"name\":\"Kinsta\u00ae\",\"description\":\"Solutions d&#039;h\u00e9bergement premium, rapides et s\u00e9curis\u00e9es\",\"publisher\":{\"@id\":\"https:\/\/kinsta.com\/fr\/#organization\"},\"potentialAction\":[{\"@type\":\"SearchAction\",\"target\":{\"@type\":\"EntryPoint\",\"urlTemplate\":\"https:\/\/kinsta.com\/fr\/?s={search_term_string}\"},\"query-input\":{\"@type\":\"PropertyValueSpecification\",\"valueRequired\":true,\"valueName\":\"search_term_string\"}}],\"inLanguage\":\"fr-FR\"},{\"@type\":\"Organization\",\"@id\":\"https:\/\/kinsta.com\/fr\/#organization\",\"name\":\"Kinsta\",\"url\":\"https:\/\/kinsta.com\/fr\/\",\"logo\":{\"@type\":\"ImageObject\",\"inLanguage\":\"fr-FR\",\"@id\":\"https:\/\/kinsta.com\/fr\/#\/schema\/logo\/image\/\",\"url\":\"https:\/\/kinsta.com\/fr\/wp-content\/uploads\/sites\/4\/2023\/12\/kinsta-logo.jpeg\",\"contentUrl\":\"https:\/\/kinsta.com\/fr\/wp-content\/uploads\/sites\/4\/2023\/12\/kinsta-logo.jpeg\",\"width\":500,\"height\":500,\"caption\":\"Kinsta\"},\"image\":{\"@id\":\"https:\/\/kinsta.com\/fr\/#\/schema\/logo\/image\/\"},\"sameAs\":[\"https:\/\/www.facebook.com\/kinstafrance\/\",\"https:\/\/x.com\/kinsta_fr\",\"https:\/\/www.instagram.com\/kinstahosting\/\",\"https:\/\/www.linkedin.com\/company\/kinsta\/\",\"https:\/\/www.pinterest.com\/kinstahosting\/\",\"https:\/\/www.youtube.com\/c\/Kinsta\"]}]}<\/script>\n<!-- \/ Yoast SEO Premium plugin. -->","yoast_head_json":{"title":"Liste de contr\u00f4les sur la vitesse du site - Kinsta","description":"La vitesse est essentielle pour le SEO, mais il n'est pas toujours facile de savoir o\u00f9 commencer. D\u00e9couvrez les probl\u00e8mes pour am\u00e9liorer la vitesse.","robots":{"index":"index","follow":"follow","max-snippet":"max-snippet:-1","max-image-preview":"max-image-preview:large","max-video-preview":"max-video-preview:-1"},"canonical":"https:\/\/kinsta.com\/fr\/cheatsheets\/vitesse-site\/","og_locale":"fr_FR","og_type":"article","og_title":"Aide-m\u00e9moire sur la vitesse du site","og_description":"La vitesse est essentielle pour le SEO, mais il n'est pas toujours facile de savoir o\u00f9 commencer. D\u00e9couvrez les probl\u00e8mes pour am\u00e9liorer la vitesse.","og_url":"https:\/\/kinsta.com\/fr\/cheatsheets\/vitesse-site\/","og_site_name":"Kinsta\u00ae","article_publisher":"https:\/\/www.facebook.com\/kinstafrance\/","article_modified_time":"2024-03-18T21:49:03+00:00","og_image":[{"width":1200,"height":628,"url":"https:\/\/kinsta.com\/fr\/wp-content\/uploads\/sites\/4\/2023\/08\/Site-Speed-FR.jpg","type":"image\/jpeg"}],"twitter_card":"summary_large_image","twitter_description":"La vitesse est essentielle pour le SEO, mais il n'est pas toujours facile de savoir o\u00f9 commencer. D\u00e9couvrez les probl\u00e8mes pour am\u00e9liorer la vitesse.","twitter_image":"https:\/\/kinsta.com\/fr\/wp-content\/uploads\/sites\/4\/2023\/08\/Site-Speed-FR.jpg","twitter_site":"@kinsta_fr","twitter_misc":{"Dur\u00e9e de lecture estim\u00e9e":"1 minute"},"schema":{"@context":"https:\/\/schema.org","@graph":[{"@type":"WebPage","@id":"https:\/\/kinsta.com\/fr\/cheatsheets\/vitesse-site\/","url":"https:\/\/kinsta.com\/fr\/cheatsheets\/vitesse-site\/","name":"Liste de contr\u00f4les sur la vitesse du site - Kinsta","isPartOf":{"@id":"https:\/\/kinsta.com\/fr\/#website"},"primaryImageOfPage":{"@id":"https:\/\/kinsta.com\/fr\/cheatsheets\/vitesse-site\/#primaryimage"},"image":{"@id":"https:\/\/kinsta.com\/fr\/cheatsheets\/vitesse-site\/#primaryimage"},"thumbnailUrl":"https:\/\/kinsta.com\/fr\/wp-content\/uploads\/sites\/4\/2023\/08\/Site-Speed-FR.jpg","datePublished":"2021-05-02T07:00:53+00:00","dateModified":"2024-03-18T21:49:03+00:00","description":"La vitesse est essentielle pour le SEO, mais il n'est pas toujours facile de savoir o\u00f9 commencer. D\u00e9couvrez les probl\u00e8mes pour am\u00e9liorer la vitesse.","breadcrumb":{"@id":"https:\/\/kinsta.com\/fr\/cheatsheets\/vitesse-site\/#breadcrumb"},"inLanguage":"fr-FR","potentialAction":[{"@type":"ReadAction","target":["https:\/\/kinsta.com\/fr\/cheatsheets\/vitesse-site\/"]}]},{"@type":"ImageObject","inLanguage":"fr-FR","@id":"https:\/\/kinsta.com\/fr\/cheatsheets\/vitesse-site\/#primaryimage","url":"https:\/\/kinsta.com\/fr\/wp-content\/uploads\/sites\/4\/2023\/08\/Site-Speed-FR.jpg","contentUrl":"https:\/\/kinsta.com\/fr\/wp-content\/uploads\/sites\/4\/2023\/08\/Site-Speed-FR.jpg","width":1200,"height":628},{"@type":"BreadcrumbList","@id":"https:\/\/kinsta.com\/fr\/cheatsheets\/vitesse-site\/#breadcrumb","itemListElement":[{"@type":"ListItem","position":1,"name":"Home","item":"https:\/\/kinsta.com\/fr\/"},{"@type":"ListItem","position":2,"name":"Aide m\u00e9moire","item":"https:\/\/kinsta.com\/fr\/cheatsheets\/"},{"@type":"ListItem","position":3,"name":"Aide-m\u00e9moire sur la vitesse du site"}]},{"@type":"WebSite","@id":"https:\/\/kinsta.com\/fr\/#website","url":"https:\/\/kinsta.com\/fr\/","name":"Kinsta\u00ae","description":"Solutions d&#039;h\u00e9bergement premium, rapides et s\u00e9curis\u00e9es","publisher":{"@id":"https:\/\/kinsta.com\/fr\/#organization"},"potentialAction":[{"@type":"SearchAction","target":{"@type":"EntryPoint","urlTemplate":"https:\/\/kinsta.com\/fr\/?s={search_term_string}"},"query-input":{"@type":"PropertyValueSpecification","valueRequired":true,"valueName":"search_term_string"}}],"inLanguage":"fr-FR"},{"@type":"Organization","@id":"https:\/\/kinsta.com\/fr\/#organization","name":"Kinsta","url":"https:\/\/kinsta.com\/fr\/","logo":{"@type":"ImageObject","inLanguage":"fr-FR","@id":"https:\/\/kinsta.com\/fr\/#\/schema\/logo\/image\/","url":"https:\/\/kinsta.com\/fr\/wp-content\/uploads\/sites\/4\/2023\/12\/kinsta-logo.jpeg","contentUrl":"https:\/\/kinsta.com\/fr\/wp-content\/uploads\/sites\/4\/2023\/12\/kinsta-logo.jpeg","width":500,"height":500,"caption":"Kinsta"},"image":{"@id":"https:\/\/kinsta.com\/fr\/#\/schema\/logo\/image\/"},"sameAs":["https:\/\/www.facebook.com\/kinstafrance\/","https:\/\/x.com\/kinsta_fr","https:\/\/www.instagram.com\/kinstahosting\/","https:\/\/www.linkedin.com\/company\/kinsta\/","https:\/\/www.pinterest.com\/kinstahosting\/","https:\/\/www.youtube.com\/c\/Kinsta"]}]}},"acf":[],"_links":{"self":[{"href":"https:\/\/kinsta.com\/fr\/wp-json\/wp\/v2\/pages\/45937","targetHints":{"allow":["GET"]}}],"collection":[{"href":"https:\/\/kinsta.com\/fr\/wp-json\/wp\/v2\/pages"}],"about":[{"href":"https:\/\/kinsta.com\/fr\/wp-json\/wp\/v2\/types\/page"}],"author":[{"embeddable":true,"href":"https:\/\/kinsta.com\/fr\/wp-json\/wp\/v2\/users\/115"}],"replies":[{"embeddable":true,"href":"https:\/\/kinsta.com\/fr\/wp-json\/wp\/v2\/comments?post=45937"}],"version-history":[{"count":11,"href":"https:\/\/kinsta.com\/fr\/wp-json\/wp\/v2\/pages\/45937\/revisions"}],"predecessor-version":[{"id":76583,"href":"https:\/\/kinsta.com\/fr\/wp-json\/wp\/v2\/pages\/45937\/revisions\/76583"}],"up":[{"embeddable":true,"href":"https:\/\/kinsta.com\/fr\/wp-json\/wp\/v2\/pages\/45935"}],"alternate":[{"embeddable":true,"hreflang":"en","title":"English","href":"https:\/\/kinsta.com\/fr\/wp-json\/kinsta\/v1\/posts\/45937\/translations\/en"},{"embeddable":true,"hreflang":"da","title":"Danish","href":"https:\/\/kinsta.com\/fr\/wp-json\/kinsta\/v1\/posts\/45937\/translations\/dk"},{"embeddable":true,"hreflang":"nl","title":"Dutch","href":"https:\/\/kinsta.com\/fr\/wp-json\/kinsta\/v1\/posts\/45937\/translations\/nl"},{"embeddable":true,"hreflang":"fr","title":"French","href":"https:\/\/kinsta.com\/fr\/wp-json\/kinsta\/v1\/posts\/45937\/translations\/fr"},{"embeddable":true,"hreflang":"de","title":"German","href":"https:\/\/kinsta.com\/fr\/wp-json\/kinsta\/v1\/posts\/45937\/translations\/de"},{"embeddable":true,"hreflang":"it","title":"Italian","href":"https:\/\/kinsta.com\/fr\/wp-json\/kinsta\/v1\/posts\/45937\/translations\/it"},{"embeddable":true,"hreflang":"ja","title":"Japanese","href":"https:\/\/kinsta.com\/fr\/wp-json\/kinsta\/v1\/posts\/45937\/translations\/jp"},{"embeddable":true,"hreflang":"pt","title":"Portuguese","href":"https:\/\/kinsta.com\/fr\/wp-json\/kinsta\/v1\/posts\/45937\/translations\/pt"},{"embeddable":true,"hreflang":"es","title":"Spanish","href":"https:\/\/kinsta.com\/fr\/wp-json\/kinsta\/v1\/posts\/45937\/translations\/es"},{"embeddable":true,"hreflang":"sv","title":"Swedish","href":"https:\/\/kinsta.com\/fr\/wp-json\/kinsta\/v1\/posts\/45937\/translations\/se"},{"href":"https:\/\/kinsta.com\/fr\/wp-json\/kinsta\/v1\/posts\/45937\/tree"}],"wp:featuredmedia":[{"embeddable":true,"href":"https:\/\/kinsta.com\/fr\/wp-json\/wp\/v2\/media\/71763"}],"wp:attachment":[{"href":"https:\/\/kinsta.com\/fr\/wp-json\/wp\/v2\/media?parent=45937"}],"curies":[{"name":"wp","href":"https:\/\/api.w.org\/{rel}","templated":true}]}}