{"id":45942,"date":"2021-05-02T09:55:35","date_gmt":"2021-05-02T07:55:35","guid":{"rendered":"https:\/\/kinsta.com\/?page_id=92464"},"modified":"2024-03-18T22:55:44","modified_gmt":"2024-03-18T21:55:44","slug":"securite-sites","status":"publish","type":"page","link":"https:\/\/kinsta.com\/fr\/cheatsheets\/securite-sites\/","title":{"rendered":"Aide-m\u00e9moire sur la s\u00e9curit\u00e9 des sites"},"content":{"rendered":"\n<header class=\"wp-block-kinsta-hero-title is-style-center-screenshot alignfull\"><div class=\"wp-block-kinsta-hero-title__inner\">\n<div class=\"wp-block-kinsta-columns is-vertical-center\">\n<div class=\"wp-block-kinsta-column wp-block-kinsta-columns__column\">\n<div class=\"wp-block-kinsta-hero-title-content wp-block-kinsta-hero-title__content\"><h1 class=\"wp-block-kinsta-hero-title__title\">Aide-m\u00e9moire sur la s\u00e9curit\u00e9 des sites<\/h1>\n<p>Prot\u00e9gez la r\u00e9putation de votre marque et r\u00e9duisez le risque de failles de s\u00e9curit\u00e9 gr\u00e2ce \u00e0 ces 5 moyens efficaces de renforcer la s\u00e9curit\u00e9 de votre site web et de vos donn\u00e9es.<\/p>\n\n\n\n<div class=\"wp-block-kinsta-buttons alignleft\">\n<a class=\"wp-block-kinsta-button has-turquoise-color\" href=\"#download\">T\u00e9l\u00e9charger maintenant<\/a>\n\n\n<\/div>\n<\/div>\n<\/div>\n\n\n\n<div class=\"wp-block-kinsta-column wp-block-kinsta-columns__column\">\n<div class=\"wp-block-kinsta-hero-title-secondary wp-block-kinsta-hero-title__secondary\"><\/div>\n<\/div>\n<\/div>\n<\/div><\/header>\n\n\n<dialog  id=\"download\" class=\"dialog\" aria-hidden=\"true\">\n    <header class=\"dialog__header\">\n                    <h2 class=\"dialog__title\">\n                T\u00e9l\u00e9charger l&#039;aide-m\u00e9moire            <\/h2>\n            <\/header>\n\n    <div class=\"dialog__content\">\n        <div class=\"signup-modal\">\n    <kinsta-form show-name=\"true\" show-message=\"false\" submit-button-text=\"T\u00e9l\u00e9charger\" success-title=\"Merci !\" success-message=\"Nous esp\u00e9rons que vous l&#039;appr\u00e9cierez !\" hubspot-source=\"site-security-cheat-sheet\" show-phone=\"false\" show-website=\"false\" show-company=\"true\" show-disk-space=\"false\" show-monthly-visits=\"false\" show-average-project-budget=\"false\" show-services-provided=\"false\" show-number-of-websites=\"false\" submit-button-text-loading=\"D\u00e9marrer le t\u00e9l\u00e9chargement\" success-redirect=\"https:\/\/kinsta.com\/fr\/wp-content\/uploads\/sites\/4\/2024\/03\/FR-site-security-cheat-sheet.pdf\"><\/kinsta-form>\n<\/div>\n    <\/div>\n\n    <\/dialog>\n\n\n\n<div class=\"wp-block-kinsta-columns is-vertical-center\">\n<div class=\"wp-block-kinsta-column wp-block-kinsta-columns__column\">\n<h2 class=\"wp-block-heading\" id=\"h-voici-comment-am-liorer-votre-s-curit-d-un-cran-suppl-mentaire\">Voici comment am\u00e9liorer votre s\u00e9curit\u00e9 d&rsquo;un cran suppl\u00e9mentaire<\/h2>\n\n\n\n<p>Consid\u00e9rez notre fiche de <strong>conseils sur la s\u00e9curit\u00e9 du site<\/strong> comme la bande-annonce de notre long m\u00e9trage, ou dans ce cas, de notre e-book gratuit. <a href=\"https:\/\/kinsta.com\/fr\/ebooks\/wordpress\/comment-securiser-site-wordpress\/\"><strong>Le guide ultime pour s\u00e9curiser les sites clients<\/strong><\/a><strong> <\/strong>pr\u00e9sente 11 recommandations suppl\u00e9mentaires que vous pouvez mettre en \u0153uvre pour r\u00e9duire la probabilit\u00e9 d&rsquo;un piratage ou d&rsquo;une violation de la s\u00e9curit\u00e9.<\/p>\n\n\n\n<h3 class=\"wp-block-heading\" id=\"h-ce-que-vous-allez-apprendre\">Ce que vous allez apprendre :<\/h3>\n\n\n\n<ul class=\"wp-block-list\">\n<li>Identifiants et mots de passe complexes<\/li>\n\n\n\n<li>Utilisation de HTTPS pour les connexions crypt\u00e9es, m\u00eame pour les sites n&rsquo;\u00e9tant pas eCommerce<\/li>\n\n\n\n<li>D\u00e9sactivation de XML-RPC<\/li>\n\n\n\n<li>Ajout des derniers en-t\u00eates de s\u00e9curit\u00e9 HTTP<\/li>\n\n\n\n<li>Extensions de s\u00e9curit\u00e9<\/li>\n<\/ul>\n\n\n\n<div class=\"wp-block-kinsta-buttons\">\n<a class=\"wp-block-kinsta-button\" href=\"https:\/\/kinsta.com\/fr\/ebooks\/wordpress\/comment-securiser-site-wordpress\/\">T\u00e9l\u00e9charger l&rsquo;e-book<\/a>\n<\/div>\n<\/div>\n\n\n\n<div class=\"wp-block-kinsta-column wp-block-kinsta-columns__column\">\n<figure class=\"wp-block-image aligncenter size-large is-style-plain\"><a href=\"https:\/\/kinsta.com\/fr\/wp-content\/uploads\/sites\/4\/2021\/05\/EBOOK-Secure-FR.png\"><img loading=\"lazy\" decoding=\"async\" width=\"445\" height=\"519\" src=\"https:\/\/kinsta.com\/fr\/wp-content\/uploads\/sites\/4\/2021\/05\/EBOOK-Secure-FR.png\" alt class=\"wp-image-45990\" srcset=\"https:\/\/kinsta.com\/fr\/wp-content\/uploads\/sites\/4\/2021\/05\/EBOOK-Secure-FR.png 445w, https:\/\/kinsta.com\/fr\/wp-content\/uploads\/sites\/4\/2021\/05\/EBOOK-Secure-FR-257x300.png 257w\" sizes=\"auto, (max-width: 445px) 100vw, 445px\" \/><\/a><\/figure>\n\n\n\n<p><\/p>\n<\/div>\n<\/div>\n","protected":false},"excerpt":{"rendered":"","protected":false},"author":155,"featured_media":71762,"parent":45935,"menu_order":0,"comment_status":"closed","ping_status":"closed","template":"","meta":{"_kinsta_gated_content":false,"_kinsta_gated_content_redirect":"\/cheatsheets\/","footnotes":""},"class_list":["post-45942","page","type-page","status-publish","has-post-thumbnail","hentry"],"yoast_head":"<!-- This site is optimized with the Yoast SEO Premium plugin v24.6 (Yoast SEO v24.6) - https:\/\/yoast.com\/wordpress\/plugins\/seo\/ -->\n<title>Aide-m\u00e9moire sur la s\u00e9curit\u00e9 des sites web - Kinsta\u00ae<\/title>\n<meta name=\"description\" content=\"Prot\u00e9gez votre marque et r\u00e9duisez le risque de failles de s\u00e9curit\u00e9 gr\u00e2ce \u00e0 ces 5 moyens puissants de renforcer la s\u00e9curit\u00e9 de votre site\/donn\u00e9es.\" \/>\n<meta name=\"robots\" content=\"index, follow, max-snippet:-1, max-image-preview:large, max-video-preview:-1\" \/>\n<link rel=\"canonical\" href=\"https:\/\/kinsta.com\/fr\/cheatsheets\/securite-sites\/\" \/>\n<meta property=\"og:locale\" content=\"fr_FR\" \/>\n<meta property=\"og:type\" content=\"article\" \/>\n<meta property=\"og:title\" content=\"Aide-m\u00e9moire sur la s\u00e9curit\u00e9 des sites\" \/>\n<meta property=\"og:description\" content=\"Prot\u00e9gez votre marque et r\u00e9duisez le risque de failles de s\u00e9curit\u00e9 gr\u00e2ce \u00e0 ces 5 moyens puissants de renforcer la s\u00e9curit\u00e9 de votre site\/donn\u00e9es.\" \/>\n<meta property=\"og:url\" content=\"https:\/\/kinsta.com\/fr\/cheatsheets\/securite-sites\/\" \/>\n<meta property=\"og:site_name\" content=\"Kinsta\u00ae\" \/>\n<meta property=\"article:publisher\" content=\"https:\/\/www.facebook.com\/kinstafrance\/\" \/>\n<meta property=\"article:modified_time\" content=\"2024-03-18T21:55:44+00:00\" \/>\n<meta property=\"og:image\" content=\"https:\/\/kinsta.com\/fr\/wp-content\/uploads\/sites\/4\/2023\/08\/Site-Security-FR.jpg\" \/>\n\t<meta property=\"og:image:width\" content=\"1200\" \/>\n\t<meta property=\"og:image:height\" content=\"628\" \/>\n\t<meta property=\"og:image:type\" content=\"image\/jpeg\" \/>\n<meta name=\"twitter:card\" content=\"summary_large_image\" \/>\n<meta name=\"twitter:description\" content=\"Prot\u00e9gez votre marque et r\u00e9duisez le risque de failles de s\u00e9curit\u00e9 gr\u00e2ce \u00e0 ces 5 moyens puissants de renforcer la s\u00e9curit\u00e9 de votre site\/donn\u00e9es.\" \/>\n<meta name=\"twitter:image\" content=\"https:\/\/kinsta.com\/fr\/wp-content\/uploads\/sites\/4\/2023\/08\/Site-Security-FR.jpg\" \/>\n<meta name=\"twitter:site\" content=\"@kinsta_fr\" \/>\n<meta name=\"twitter:label1\" content=\"Dur\u00e9e de lecture estim\u00e9e\" \/>\n\t<meta name=\"twitter:data1\" content=\"1 minute\" \/>\n<script type=\"application\/ld+json\" class=\"yoast-schema-graph\">{\"@context\":\"https:\/\/schema.org\",\"@graph\":[{\"@type\":\"WebPage\",\"@id\":\"https:\/\/kinsta.com\/fr\/cheatsheets\/securite-sites\/\",\"url\":\"https:\/\/kinsta.com\/fr\/cheatsheets\/securite-sites\/\",\"name\":\"Aide-m\u00e9moire sur la s\u00e9curit\u00e9 des sites web - Kinsta\u00ae\",\"isPartOf\":{\"@id\":\"https:\/\/kinsta.com\/fr\/#website\"},\"primaryImageOfPage\":{\"@id\":\"https:\/\/kinsta.com\/fr\/cheatsheets\/securite-sites\/#primaryimage\"},\"image\":{\"@id\":\"https:\/\/kinsta.com\/fr\/cheatsheets\/securite-sites\/#primaryimage\"},\"thumbnailUrl\":\"https:\/\/kinsta.com\/fr\/wp-content\/uploads\/sites\/4\/2023\/08\/Site-Security-FR.jpg\",\"datePublished\":\"2021-05-02T07:55:35+00:00\",\"dateModified\":\"2024-03-18T21:55:44+00:00\",\"description\":\"Prot\u00e9gez votre marque et r\u00e9duisez le risque de failles de s\u00e9curit\u00e9 gr\u00e2ce \u00e0 ces 5 moyens puissants de renforcer la s\u00e9curit\u00e9 de votre site\/donn\u00e9es.\",\"breadcrumb\":{\"@id\":\"https:\/\/kinsta.com\/fr\/cheatsheets\/securite-sites\/#breadcrumb\"},\"inLanguage\":\"fr-FR\",\"potentialAction\":[{\"@type\":\"ReadAction\",\"target\":[\"https:\/\/kinsta.com\/fr\/cheatsheets\/securite-sites\/\"]}]},{\"@type\":\"ImageObject\",\"inLanguage\":\"fr-FR\",\"@id\":\"https:\/\/kinsta.com\/fr\/cheatsheets\/securite-sites\/#primaryimage\",\"url\":\"https:\/\/kinsta.com\/fr\/wp-content\/uploads\/sites\/4\/2023\/08\/Site-Security-FR.jpg\",\"contentUrl\":\"https:\/\/kinsta.com\/fr\/wp-content\/uploads\/sites\/4\/2023\/08\/Site-Security-FR.jpg\",\"width\":1200,\"height\":628},{\"@type\":\"BreadcrumbList\",\"@id\":\"https:\/\/kinsta.com\/fr\/cheatsheets\/securite-sites\/#breadcrumb\",\"itemListElement\":[{\"@type\":\"ListItem\",\"position\":1,\"name\":\"Home\",\"item\":\"https:\/\/kinsta.com\/fr\/\"},{\"@type\":\"ListItem\",\"position\":2,\"name\":\"Aide m\u00e9moire\",\"item\":\"https:\/\/kinsta.com\/fr\/cheatsheets\/\"},{\"@type\":\"ListItem\",\"position\":3,\"name\":\"Aide-m\u00e9moire sur la s\u00e9curit\u00e9 des sites\"}]},{\"@type\":\"WebSite\",\"@id\":\"https:\/\/kinsta.com\/fr\/#website\",\"url\":\"https:\/\/kinsta.com\/fr\/\",\"name\":\"Kinsta\u00ae\",\"description\":\"Solutions d&#039;h\u00e9bergement premium, rapides et s\u00e9curis\u00e9es\",\"publisher\":{\"@id\":\"https:\/\/kinsta.com\/fr\/#organization\"},\"potentialAction\":[{\"@type\":\"SearchAction\",\"target\":{\"@type\":\"EntryPoint\",\"urlTemplate\":\"https:\/\/kinsta.com\/fr\/?s={search_term_string}\"},\"query-input\":{\"@type\":\"PropertyValueSpecification\",\"valueRequired\":true,\"valueName\":\"search_term_string\"}}],\"inLanguage\":\"fr-FR\"},{\"@type\":\"Organization\",\"@id\":\"https:\/\/kinsta.com\/fr\/#organization\",\"name\":\"Kinsta\",\"url\":\"https:\/\/kinsta.com\/fr\/\",\"logo\":{\"@type\":\"ImageObject\",\"inLanguage\":\"fr-FR\",\"@id\":\"https:\/\/kinsta.com\/fr\/#\/schema\/logo\/image\/\",\"url\":\"https:\/\/kinsta.com\/fr\/wp-content\/uploads\/sites\/4\/2023\/12\/kinsta-logo.jpeg\",\"contentUrl\":\"https:\/\/kinsta.com\/fr\/wp-content\/uploads\/sites\/4\/2023\/12\/kinsta-logo.jpeg\",\"width\":500,\"height\":500,\"caption\":\"Kinsta\"},\"image\":{\"@id\":\"https:\/\/kinsta.com\/fr\/#\/schema\/logo\/image\/\"},\"sameAs\":[\"https:\/\/www.facebook.com\/kinstafrance\/\",\"https:\/\/x.com\/kinsta_fr\",\"https:\/\/www.instagram.com\/kinstahosting\/\",\"https:\/\/www.linkedin.com\/company\/kinsta\/\",\"https:\/\/www.pinterest.com\/kinstahosting\/\",\"https:\/\/www.youtube.com\/c\/Kinsta\"]}]}<\/script>\n<!-- \/ Yoast SEO Premium plugin. -->","yoast_head_json":{"title":"Aide-m\u00e9moire sur la s\u00e9curit\u00e9 des sites web - Kinsta\u00ae","description":"Prot\u00e9gez votre marque et r\u00e9duisez le risque de failles de s\u00e9curit\u00e9 gr\u00e2ce \u00e0 ces 5 moyens puissants de renforcer la s\u00e9curit\u00e9 de votre site\/donn\u00e9es.","robots":{"index":"index","follow":"follow","max-snippet":"max-snippet:-1","max-image-preview":"max-image-preview:large","max-video-preview":"max-video-preview:-1"},"canonical":"https:\/\/kinsta.com\/fr\/cheatsheets\/securite-sites\/","og_locale":"fr_FR","og_type":"article","og_title":"Aide-m\u00e9moire sur la s\u00e9curit\u00e9 des sites","og_description":"Prot\u00e9gez votre marque et r\u00e9duisez le risque de failles de s\u00e9curit\u00e9 gr\u00e2ce \u00e0 ces 5 moyens puissants de renforcer la s\u00e9curit\u00e9 de votre site\/donn\u00e9es.","og_url":"https:\/\/kinsta.com\/fr\/cheatsheets\/securite-sites\/","og_site_name":"Kinsta\u00ae","article_publisher":"https:\/\/www.facebook.com\/kinstafrance\/","article_modified_time":"2024-03-18T21:55:44+00:00","og_image":[{"width":1200,"height":628,"url":"https:\/\/kinsta.com\/fr\/wp-content\/uploads\/sites\/4\/2023\/08\/Site-Security-FR.jpg","type":"image\/jpeg"}],"twitter_card":"summary_large_image","twitter_description":"Prot\u00e9gez votre marque et r\u00e9duisez le risque de failles de s\u00e9curit\u00e9 gr\u00e2ce \u00e0 ces 5 moyens puissants de renforcer la s\u00e9curit\u00e9 de votre site\/donn\u00e9es.","twitter_image":"https:\/\/kinsta.com\/fr\/wp-content\/uploads\/sites\/4\/2023\/08\/Site-Security-FR.jpg","twitter_site":"@kinsta_fr","twitter_misc":{"Dur\u00e9e de lecture estim\u00e9e":"1 minute"},"schema":{"@context":"https:\/\/schema.org","@graph":[{"@type":"WebPage","@id":"https:\/\/kinsta.com\/fr\/cheatsheets\/securite-sites\/","url":"https:\/\/kinsta.com\/fr\/cheatsheets\/securite-sites\/","name":"Aide-m\u00e9moire sur la s\u00e9curit\u00e9 des sites web - Kinsta\u00ae","isPartOf":{"@id":"https:\/\/kinsta.com\/fr\/#website"},"primaryImageOfPage":{"@id":"https:\/\/kinsta.com\/fr\/cheatsheets\/securite-sites\/#primaryimage"},"image":{"@id":"https:\/\/kinsta.com\/fr\/cheatsheets\/securite-sites\/#primaryimage"},"thumbnailUrl":"https:\/\/kinsta.com\/fr\/wp-content\/uploads\/sites\/4\/2023\/08\/Site-Security-FR.jpg","datePublished":"2021-05-02T07:55:35+00:00","dateModified":"2024-03-18T21:55:44+00:00","description":"Prot\u00e9gez votre marque et r\u00e9duisez le risque de failles de s\u00e9curit\u00e9 gr\u00e2ce \u00e0 ces 5 moyens puissants de renforcer la s\u00e9curit\u00e9 de votre site\/donn\u00e9es.","breadcrumb":{"@id":"https:\/\/kinsta.com\/fr\/cheatsheets\/securite-sites\/#breadcrumb"},"inLanguage":"fr-FR","potentialAction":[{"@type":"ReadAction","target":["https:\/\/kinsta.com\/fr\/cheatsheets\/securite-sites\/"]}]},{"@type":"ImageObject","inLanguage":"fr-FR","@id":"https:\/\/kinsta.com\/fr\/cheatsheets\/securite-sites\/#primaryimage","url":"https:\/\/kinsta.com\/fr\/wp-content\/uploads\/sites\/4\/2023\/08\/Site-Security-FR.jpg","contentUrl":"https:\/\/kinsta.com\/fr\/wp-content\/uploads\/sites\/4\/2023\/08\/Site-Security-FR.jpg","width":1200,"height":628},{"@type":"BreadcrumbList","@id":"https:\/\/kinsta.com\/fr\/cheatsheets\/securite-sites\/#breadcrumb","itemListElement":[{"@type":"ListItem","position":1,"name":"Home","item":"https:\/\/kinsta.com\/fr\/"},{"@type":"ListItem","position":2,"name":"Aide m\u00e9moire","item":"https:\/\/kinsta.com\/fr\/cheatsheets\/"},{"@type":"ListItem","position":3,"name":"Aide-m\u00e9moire sur la s\u00e9curit\u00e9 des sites"}]},{"@type":"WebSite","@id":"https:\/\/kinsta.com\/fr\/#website","url":"https:\/\/kinsta.com\/fr\/","name":"Kinsta\u00ae","description":"Solutions d&#039;h\u00e9bergement premium, rapides et s\u00e9curis\u00e9es","publisher":{"@id":"https:\/\/kinsta.com\/fr\/#organization"},"potentialAction":[{"@type":"SearchAction","target":{"@type":"EntryPoint","urlTemplate":"https:\/\/kinsta.com\/fr\/?s={search_term_string}"},"query-input":{"@type":"PropertyValueSpecification","valueRequired":true,"valueName":"search_term_string"}}],"inLanguage":"fr-FR"},{"@type":"Organization","@id":"https:\/\/kinsta.com\/fr\/#organization","name":"Kinsta","url":"https:\/\/kinsta.com\/fr\/","logo":{"@type":"ImageObject","inLanguage":"fr-FR","@id":"https:\/\/kinsta.com\/fr\/#\/schema\/logo\/image\/","url":"https:\/\/kinsta.com\/fr\/wp-content\/uploads\/sites\/4\/2023\/12\/kinsta-logo.jpeg","contentUrl":"https:\/\/kinsta.com\/fr\/wp-content\/uploads\/sites\/4\/2023\/12\/kinsta-logo.jpeg","width":500,"height":500,"caption":"Kinsta"},"image":{"@id":"https:\/\/kinsta.com\/fr\/#\/schema\/logo\/image\/"},"sameAs":["https:\/\/www.facebook.com\/kinstafrance\/","https:\/\/x.com\/kinsta_fr","https:\/\/www.instagram.com\/kinstahosting\/","https:\/\/www.linkedin.com\/company\/kinsta\/","https:\/\/www.pinterest.com\/kinstahosting\/","https:\/\/www.youtube.com\/c\/Kinsta"]}]}},"acf":[],"_links":{"self":[{"href":"https:\/\/kinsta.com\/fr\/wp-json\/wp\/v2\/pages\/45942","targetHints":{"allow":["GET"]}}],"collection":[{"href":"https:\/\/kinsta.com\/fr\/wp-json\/wp\/v2\/pages"}],"about":[{"href":"https:\/\/kinsta.com\/fr\/wp-json\/wp\/v2\/types\/page"}],"author":[{"embeddable":true,"href":"https:\/\/kinsta.com\/fr\/wp-json\/wp\/v2\/users\/155"}],"replies":[{"embeddable":true,"href":"https:\/\/kinsta.com\/fr\/wp-json\/wp\/v2\/comments?post=45942"}],"version-history":[{"count":11,"href":"https:\/\/kinsta.com\/fr\/wp-json\/wp\/v2\/pages\/45942\/revisions"}],"predecessor-version":[{"id":76585,"href":"https:\/\/kinsta.com\/fr\/wp-json\/wp\/v2\/pages\/45942\/revisions\/76585"}],"up":[{"embeddable":true,"href":"https:\/\/kinsta.com\/fr\/wp-json\/wp\/v2\/pages\/45935"}],"alternate":[{"embeddable":true,"hreflang":"en","title":"English","href":"https:\/\/kinsta.com\/fr\/wp-json\/kinsta\/v1\/posts\/45942\/translations\/en"},{"embeddable":true,"hreflang":"da","title":"Danish","href":"https:\/\/kinsta.com\/fr\/wp-json\/kinsta\/v1\/posts\/45942\/translations\/dk"},{"embeddable":true,"hreflang":"nl","title":"Dutch","href":"https:\/\/kinsta.com\/fr\/wp-json\/kinsta\/v1\/posts\/45942\/translations\/nl"},{"embeddable":true,"hreflang":"fr","title":"French","href":"https:\/\/kinsta.com\/fr\/wp-json\/kinsta\/v1\/posts\/45942\/translations\/fr"},{"embeddable":true,"hreflang":"de","title":"German","href":"https:\/\/kinsta.com\/fr\/wp-json\/kinsta\/v1\/posts\/45942\/translations\/de"},{"embeddable":true,"hreflang":"it","title":"Italian","href":"https:\/\/kinsta.com\/fr\/wp-json\/kinsta\/v1\/posts\/45942\/translations\/it"},{"embeddable":true,"hreflang":"ja","title":"Japanese","href":"https:\/\/kinsta.com\/fr\/wp-json\/kinsta\/v1\/posts\/45942\/translations\/jp"},{"embeddable":true,"hreflang":"pt","title":"Portuguese","href":"https:\/\/kinsta.com\/fr\/wp-json\/kinsta\/v1\/posts\/45942\/translations\/pt"},{"embeddable":true,"hreflang":"es","title":"Spanish","href":"https:\/\/kinsta.com\/fr\/wp-json\/kinsta\/v1\/posts\/45942\/translations\/es"},{"embeddable":true,"hreflang":"sv","title":"Swedish","href":"https:\/\/kinsta.com\/fr\/wp-json\/kinsta\/v1\/posts\/45942\/translations\/se"},{"href":"https:\/\/kinsta.com\/fr\/wp-json\/kinsta\/v1\/posts\/45942\/tree"}],"wp:featuredmedia":[{"embeddable":true,"href":"https:\/\/kinsta.com\/fr\/wp-json\/wp\/v2\/media\/71762"}],"wp:attachment":[{"href":"https:\/\/kinsta.com\/fr\/wp-json\/wp\/v2\/media?parent=45942"}],"curies":[{"name":"wp","href":"https:\/\/api.w.org\/{rel}","templated":true}]}}