{"id":48022,"date":"2021-08-23T09:39:17","date_gmt":"2021-08-23T07:39:17","guid":{"rendered":"https:\/\/kinsta.com\/?page_id=88143"},"modified":"2026-04-22T13:26:57","modified_gmt":"2026-04-22T12:26:57","slug":"hebergement-ecologique","status":"publish","type":"page","link":"https:\/\/kinsta.com\/fr\/hebergement-ecologique\/","title":{"rendered":"Qu&rsquo;est-ce qui fait de Kinsta le meilleur h\u00e9bergement \u00e9cologique ?"},"content":{"rendered":"\n<header class=\"wp-block-kinsta-hero-title is-style-center-screenshot alignfull\"><div class=\"wp-block-kinsta-hero-title__inner\">\n<div class=\"wp-block-kinsta-columns is-vertical-center\">\n<div class=\"wp-block-kinsta-column wp-block-kinsta-columns__column\">\n<div class=\"wp-block-kinsta-hero-title-content wp-block-kinsta-hero-title__content\"><h1 class=\"wp-block-kinsta-hero-title__title\"><span class=\"wp-block-kinsta-hero-title__title__text\">Qu&rsquo;est-ce qui fait de Kinsta le meilleur h\u00e9bergement \u00e9cologique ?<\/span><\/h1>\n<p>L&rsquo;h\u00e9bergement \u00e9cologique de Kinsta alimente des dizaines de milliers de sites web sur Internet, des projets personnels aux grandes entreprises en passant par les boutiques en ligne. Tout cela est possible gr\u00e2ce \u00e0 notre infrastructure cloud performante et \u00e0 nos environnements serveurs optimis\u00e9s.<\/p>\n\n\n\n<div class=\"wp-block-kinsta-buttons alignleft\">\n\n<\/div>\n<\/div>\n<\/div>\n\n\n\n<div class=\"wp-block-kinsta-column wp-block-kinsta-columns__column\">\n<div class=\"wp-block-kinsta-hero-title-secondary wp-block-kinsta-hero-title__secondary\"><\/div>\n<\/div>\n<\/div>\n<\/div><\/header>\n\n\n\n<div class=\"wp-block-group has-white-background-color has-background is-layout-constrained wp-block-group-is-layout-constrained\">\n<div class=\"wp-block-kinsta-columns is-vertical-center\">\n<div class=\"wp-block-kinsta-column wp-block-kinsta-columns__column\">\n<figure class=\"wp-block-image size-full\"><img decoding=\"async\" src=\"https:\/\/kinsta.com\/wp-content\/uploads\/2023\/11\/kinsta-green-hosting.png\" alt class=\"wp-image-169261\"><\/figure>\n<\/div>\n\n\n\n<div class=\"wp-block-kinsta-column wp-block-kinsta-columns__column\">\n<h2 class=\"wp-block-heading\" id=\"h-kinsta-est-un-hebergement-ecologique\">Kinsta est un h\u00e9bergement \u00e9cologique<\/h2>\n\n\n\n<p>Malgr\u00e9 cette puissante infrastructure, nous sommes fiers de dire que nous sommes une entreprise d&rsquo;h\u00e9bergement \u00e9cologique.<\/p>\n\n\n\n<p>En outre, chez Kinsta, nous essayons de r\u00e9duire autant que possible les \u00e9missions de carbone, afin de minimiser l&rsquo;impact de tous nos services sur l&rsquo;environnement. Dans le m\u00eame temps, vos sites web sont toujours aliment\u00e9s par une technologie de pointe pour garantir performances et s\u00e9curit\u00e9.<\/p>\n\n\n\n<div class=\"wp-block-kinsta-buttons aligncenter\">\n<a class=\"wp-block-kinsta-button\" href=\"https:\/\/kinsta.com\/fr\/contacter-le-service-commercial\/\"><span class=\"wp-block-kinsta-button_text\">Planifier une d\u00e9monstration<\/span><\/a>\n<\/div>\n<\/div>\n<\/div>\n<\/div>\n\n\n\n<div class=\"wp-block-group has-offwhite-background-color has-background is-layout-constrained wp-block-group-is-layout-constrained\">\n<div class=\"wp-block-kinsta-columns is-reverse is-vertical-center\">\n<div class=\"wp-block-kinsta-column wp-block-kinsta-columns__column\">\n<figure class=\"wp-block-image size-full\"><img loading=\"lazy\" decoding=\"async\" width=\"2400\" height=\"1160\" src=\"https:\/\/kinsta.com\/fr\/wp-content\/uploads\/sites\/4\/2024\/03\/FR_WordPress-hosting-architecture_docs.png\" alt class=\"wp-image-82177\" srcset=\"https:\/\/kinsta.com\/fr\/wp-content\/uploads\/sites\/4\/2024\/03\/FR_WordPress-hosting-architecture_docs.png 2400w, https:\/\/kinsta.com\/fr\/wp-content\/uploads\/sites\/4\/2024\/03\/FR_WordPress-hosting-architecture_docs-300x145.png 300w, https:\/\/kinsta.com\/fr\/wp-content\/uploads\/sites\/4\/2024\/03\/FR_WordPress-hosting-architecture_docs-1024x495.png 1024w, https:\/\/kinsta.com\/fr\/wp-content\/uploads\/sites\/4\/2024\/03\/FR_WordPress-hosting-architecture_docs-768x371.png 768w, https:\/\/kinsta.com\/fr\/wp-content\/uploads\/sites\/4\/2024\/03\/FR_WordPress-hosting-architecture_docs-1536x742.png 1536w, https:\/\/kinsta.com\/fr\/wp-content\/uploads\/sites\/4\/2024\/03\/FR_WordPress-hosting-architecture_docs-2048x990.png 2048w\" sizes=\"auto, (max-width: 2400px) 100vw, 2400px\" \/><\/figure>\n<\/div>\n\n\n\n<div class=\"wp-block-kinsta-column wp-block-kinsta-columns__column\">\n<h2 class=\"wp-block-heading\" id=\"h-architecture-d-hebergement-nouvelle-generation\">Architecture d&rsquo;h\u00e9bergement nouvelle g\u00e9n\u00e9ration<\/h2>\n\n\n\n<p>Nous vous proposons des services d&rsquo;h\u00e9bergement aux performances in\u00e9gal\u00e9es. Forts de plus de 10 ans d&rsquo;exp\u00e9rience dans l&rsquo;h\u00e9bergement et l&rsquo;optimisation, nous vous offrons une solution performante.<\/p>\n\n\n\n<p>Il est ind\u00e9niable que les centres de donn\u00e9es consomment d&rsquo;\u00e9normes quantit\u00e9s d&rsquo;\u00e9lectricit\u00e9. Cependant, nos centres de donn\u00e9es consomment en moyenne 50 % d&rsquo;\u00e9nergie en moins que les autres solutions. En collaborant avec une entreprise soucieuse de son empreinte carbone, nous r\u00e9duisons l&rsquo;impact environnemental de nos sites web.<\/p>\n<\/div>\n<\/div>\n<\/div>\n\n\n\n<div class=\"wp-block-group has-white-background-color has-background is-layout-constrained wp-block-group-is-layout-constrained\">\n<div class=\"wp-block-kinsta-columns is-vertical-center\">\n<div class=\"wp-block-kinsta-column wp-block-kinsta-columns__column\">\n<figure class=\"wp-block-image size-full\"><img loading=\"lazy\" decoding=\"async\" width=\"1001\" height=\"1000\" src=\"https:\/\/kinsta.com\/fr\/wp-content\/uploads\/sites\/4\/2026\/04\/wp-cloudflare.png\" alt=\"Logo Cloudflare\" class=\"wp-image-83118\" srcset=\"https:\/\/kinsta.com\/fr\/wp-content\/uploads\/sites\/4\/2026\/04\/wp-cloudflare.png 1001w, https:\/\/kinsta.com\/fr\/wp-content\/uploads\/sites\/4\/2026\/04\/wp-cloudflare-300x300.png 300w, https:\/\/kinsta.com\/fr\/wp-content\/uploads\/sites\/4\/2026\/04\/wp-cloudflare-150x150.png 150w, https:\/\/kinsta.com\/fr\/wp-content\/uploads\/sites\/4\/2026\/04\/wp-cloudflare-768x767.png 768w\" sizes=\"auto, (max-width: 1001px) 100vw, 1001px\" \/><\/figure>\n<\/div>\n\n\n\n<div class=\"wp-block-kinsta-column wp-block-kinsta-columns__column\">\n<h2 class=\"wp-block-heading\">Pourquoi nous utilisons Cloudflare<\/h2>\n\n\n\n<p>Cloudflare est l&rsquo;un des principaux fournisseurs mondiaux de services de s\u00e9curit\u00e9 et de performance des sites web. En fait, Cloudflare est actuellement utilis\u00e9 par plus de 7 millions de sites web ! Chez Kinsta, tous les plans sont accompagn\u00e9s d&rsquo;une int\u00e9gration Cloudflare gratuite, qui comprend un pare-feu de niveau entreprise avec protection DDoS et un CDN haute performance. Propuls\u00e9e par des emplacements de pointe dans pr\u00e8s de 200 villes dans le monde, notre int\u00e9gration Cloudflare permet de garantir que notre infrastructure est aussi rapide et s\u00e9curis\u00e9e que possible.<\/p>\n\n\n\n<p>Cloudflare offre uniquement des produits de performance et de s\u00e9curit\u00e9 parmi les meilleurs pour les sites web, et s&rsquo;efforce de minimiser l&rsquo;impact n\u00e9gatif sur l&rsquo;environnement. En plus de s&rsquo;engager \u00e0 la neutralit\u00e9 carbone d&rsquo;ici 2022, Cloudflare a annonc\u00e9 un plan d&rsquo;achat de cr\u00e9dits carbone pour compenser les \u00e9missions depuis les 11 derni\u00e8res ann\u00e9es.<\/p>\n\n\n\n<p>Pour atteindre son objectif d&rsquo;utiliser 100 % d&rsquo;\u00e9nergie renouvelable, Cloudflare va acc\u00e9l\u00e9rer le d\u00e9ploiement de \u00ab serveurs hyper-efficaces \u00bb propuls\u00e9s par des CPU ARM. Par rapport aux serveurs existants, les nouveaux serveurs ARM fourniront les m\u00eames performances avec une consommation d&rsquo;\u00e9nergie r\u00e9duite de 50 %. En outre, le programme \u00ab Green Compute \u00bb de Cloudflare permettra aux utilisateurs d&rsquo;utiliser les scripts Cloudflare Workers exclusivement sur du mat\u00e9riel durable (propuls\u00e9 par une \u00e9nergie 100 % renouvelable).<\/p>\n\n\n\n<blockquote class=\"wp-block-quote is-layout-flow wp-block-quote-is-layout-flow\">\n<p>L&rsquo;Internet est responsable d&rsquo;environ 1 milliard de tonnes d&rsquo;\u00e9missions de gaz \u00e0 effet de serre par an, ce qui est \u00e0 peu pr\u00e8s comparable aux \u00e9missions annuelles de CO2 de l&rsquo;ensemble de l&rsquo;industrie a\u00e9ronautique mondiale. D\u00e9sormais, toute propri\u00e9t\u00e9 Internet sur le r\u00e9seau de Cloudflare &#8211; qui, aujourd&rsquo;hui, repr\u00e9sente d\u00e9j\u00e0 17 % du web &#8211; r\u00e9duira automatiquement les \u00e9missions et contribuera de mani\u00e8re transparente \u00e0 un monde plus vert et plus durable.<\/p>\n<\/blockquote>\n\n\n\n<p>En h\u00e9bergeant votre site sur Kinsta avec notre int\u00e9gration Cloudflare activ\u00e9e, vous pouvez profiter de la meilleure s\u00e9curit\u00e9 de sa cat\u00e9gorie et des performances du CDN sans faire de compromis sur le respect de l&rsquo;environnement.<\/p>\n\n\n\n<div class=\"wp-block-kinsta-buttons aligncenter\">\n<a class=\"wp-block-kinsta-button\" href=\"https:\/\/kinsta.com\/fr\/tarifs\/\"><span class=\"wp-block-kinsta-button_text\">Migrer vers Kinsta d\u00e8s aujourd&rsquo;hui<\/span><\/a>\n<\/div>\n<\/div>\n<\/div>\n<\/div>\n\n\n\n<div class=\"wp-block-group has-white-background-color has-background is-layout-constrained wp-block-group-is-layout-constrained\">\n<div class=\"wp-block-kinsta-columns is-reverse is-vertical-center\">\n<div class=\"wp-block-kinsta-column wp-block-kinsta-columns__column\">\n<figure class=\"wp-block-image size-full\"><img decoding=\"async\" src=\"https:\/\/kinsta.com\/wp-content\/uploads\/2023\/11\/kinsta-reduce-carbon-footprint.png\" alt class=\"wp-image-169274\"><\/figure>\n<\/div>\n\n\n\n<div class=\"wp-block-kinsta-column wp-block-kinsta-columns__column\">\n<h2 class=\"wp-block-heading\">Comment Kinsta contribue \u00e0 r\u00e9duire les \u00e9missions de carbone<\/h2>\n\n\n\n<p>Le moyen le plus efficace de r\u00e9duire l&#8217;empreinte carbone de votre site web est d&rsquo;am\u00e9liorer ses performances globales. En optimisant le transfert de donn\u00e9es et en r\u00e9duisant la taille des pages, nous pouvons minimiser l&rsquo;impact de votre site web.<\/p>\n\n\n\n<p>Chez Kinsta, nous le faisons pour chaque client sur chacun de <a href=\"https:\/\/kinsta.com\/fr\/tarifs\/\">nos plans<\/a>. En offrant une mise en cache int\u00e9gr\u00e9e gratuite, nous r\u00e9duisons le nombre de fois que les utilisateurs doivent charger les pages. De plus, en int\u00e9grant un <a href=\"https:\/\/kinsta.com\/fr\/docs\/hebergement-wordpress\/cdn-wordpress\/kinsta-cdn\/#kinstas-cdn#how-to-enable-the-kinsta-cdn\">r\u00e9seau de diffusion de contenu (CDN)<\/a> \u00e0 tous nos plans, nous vous aidons \u00e0 optimiser la diffusion pour les visiteurs du monde entier.<\/p>\n\n\n\n<p>Plus votre site web est efficace, moins il a d&rsquo;impact sur l&rsquo;environnement. Les services de Kinsta sont con\u00e7us pour offrir des performances in\u00e9gal\u00e9es. Mieux encore, ce gain de performance se traduit \u00e9galement par des services plus \u00e9cologiques.<\/p>\n\n\n\n<div class=\"wp-block-kinsta-buttons aligncenter\">\n<a class=\"wp-block-kinsta-button\" href=\"https:\/\/kinsta.com\/fr\/tarifs\/\"><span class=\"wp-block-kinsta-button_text\">Migrer vers Kinsta d\u00e8s aujourd&rsquo;hui<\/span><\/a>\n<\/div>\n<\/div>\n<\/div>\n<\/div>\n\n\n\n<div class=\"wp-block-group has-offwhite-background-color has-background is-layout-constrained wp-block-group-is-layout-constrained\">\n<div class=\"wp-block-kinsta-columns is-vertical-center\">\n<div class=\"wp-block-kinsta-column wp-block-kinsta-columns__column\">\n<figure class=\"wp-block-image size-full\"><img decoding=\"async\" src=\"https:\/\/kinsta.com\/wp-content\/uploads\/2023\/11\/kinsta-company-culture-team.png\" alt=\"Photos des membres de l'\u00e9quipe Kinsta\" class=\"wp-image-169256\"><\/figure>\n<\/div>\n\n\n\n<div class=\"wp-block-kinsta-column wp-block-kinsta-columns__column\">\n<h2 class=\"wp-block-heading\">La culture d&rsquo;entreprise de Kinsta<\/h2>\n\n\n\n<p>Le mode de fonctionnement de Kinsta s&rsquo;aligne parfaitement sur l&rsquo;objectif de r\u00e9duction de notre impact environnemental.<\/p>\n\n\n\n<p>L&rsquo;\u00e9quipe de Kinsta travaille \u00e0 distance. Cela signifie que nous n&rsquo;avons pas un si\u00e8ge social massif avec des centaines de bureaux, remplis d&rsquo;\u00e9quipements qui consomment des quantit\u00e9s astronomiques d&rsquo;\u00e9lectricit\u00e9. Nos employ\u00e9s n&rsquo;ont pas \u00e0 faire la navette tous les jours, et nous produisons moins de d\u00e9chets, notamment des fournitures de bureau, des aliments pr\u00e9-emball\u00e9s, etc.<\/p>\n\n\n\n<p>Notre entreprise s&rsquo;engage \u00e0 r\u00e9duire l&rsquo;impact environnemental de l&rsquo;h\u00e9bergement web. Gr\u00e2ce \u00e0 une infrastructure cloud performante, \u00e0 l&rsquo;optimisation de vos sites web pour r\u00e9duire les transferts de donn\u00e9es et \u00e0 la minimisation de notre propre impact, nous vous proposons des services d&rsquo;h\u00e9bergement \u00e9cologiques de pointe !<\/p>\n\n\n\n<div class=\"wp-block-kinsta-buttons aligncenter\">\n<a class=\"wp-block-kinsta-button\" href=\"https:\/\/kinsta.com\/fr\/tarifs\/\"><span class=\"wp-block-kinsta-button_text\">Inscrivez-vous d\u00e8s aujourd&rsquo;hui<\/span><\/a>\n<\/div>\n<\/div>\n<\/div>\n<\/div>\n","protected":false},"excerpt":{"rendered":"","protected":false},"author":125,"featured_media":48026,"parent":0,"menu_order":0,"comment_status":"closed","ping_status":"closed","template":"","meta":{"_kinsta_gated_content":false,"_kinsta_gated_content_redirect":"","footnotes":""},"class_list":["post-48022","page","type-page","status-publish","has-post-thumbnail","hentry"],"yoast_head":"<!-- This site is optimized with the Yoast SEO Premium plugin v24.6 (Yoast SEO v24.6) - https:\/\/yoast.com\/wordpress\/plugins\/seo\/ -->\n<title>Pourquoi Kinsta\u00ae est le meilleur h\u00e9bergement \u00e9cologique ?<\/title>\n<meta name=\"description\" content=\"Les h\u00e9bergements WordPress de Kinsta utilisent une \u00e9nergie 100% renouvelable. Apprenez-en plus sur les initiatives d&#039;h\u00e9bergement \u00e9cologique de Kinsta\" \/>\n<meta name=\"robots\" content=\"index, follow, max-snippet:-1, max-image-preview:large, max-video-preview:-1\" \/>\n<link rel=\"canonical\" href=\"https:\/\/kinsta.com\/fr\/hebergement-ecologique\/\" \/>\n<meta property=\"og:locale\" content=\"fr_FR\" \/>\n<meta property=\"og:type\" content=\"article\" \/>\n<meta property=\"og:title\" content=\"Qu&#039;est-ce qui fait de Kinsta le meilleur h\u00e9bergement \u00e9cologique ?\" \/>\n<meta property=\"og:description\" content=\"Les h\u00e9bergements WordPress de Kinsta utilisent une \u00e9nergie 100% renouvelable. Apprenez-en plus sur les initiatives d&#039;h\u00e9bergement \u00e9cologique de Kinsta\" \/>\n<meta property=\"og:url\" content=\"https:\/\/kinsta.com\/fr\/hebergement-ecologique\/\" \/>\n<meta property=\"og:site_name\" content=\"Kinsta\u00ae\" \/>\n<meta property=\"article:publisher\" content=\"https:\/\/www.facebook.com\/kinstafrance\/\" \/>\n<meta property=\"article:modified_time\" content=\"2026-04-22T12:26:57+00:00\" \/>\n<meta property=\"og:image\" content=\"https:\/\/kinsta.com\/fr\/wp-content\/uploads\/sites\/4\/2021\/08\/hebergement-ecologique.jpeg\" \/>\n\t<meta property=\"og:image:width\" content=\"1460\" \/>\n\t<meta property=\"og:image:height\" content=\"730\" \/>\n\t<meta property=\"og:image:type\" content=\"image\/jpeg\" \/>\n<meta name=\"twitter:card\" content=\"summary_large_image\" \/>\n<meta name=\"twitter:description\" content=\"Les h\u00e9bergements WordPress de Kinsta utilisent une \u00e9nergie 100% renouvelable. Apprenez-en plus sur les initiatives d&#039;h\u00e9bergement \u00e9cologique de Kinsta\" \/>\n<meta name=\"twitter:image\" content=\"https:\/\/kinsta.com\/fr\/wp-content\/uploads\/sites\/4\/2021\/08\/hebergement-ecologique.jpeg\" \/>\n<meta name=\"twitter:site\" content=\"@kinsta_fr\" \/>\n<meta name=\"twitter:label1\" content=\"Dur\u00e9e de lecture estim\u00e9e\" \/>\n\t<meta name=\"twitter:data1\" content=\"7 minutes\" \/>\n<script type=\"application\/ld+json\" class=\"yoast-schema-graph\">{\"@context\":\"https:\/\/schema.org\",\"@graph\":[{\"@type\":\"WebPage\",\"@id\":\"https:\/\/kinsta.com\/fr\/hebergement-ecologique\/\",\"url\":\"https:\/\/kinsta.com\/fr\/hebergement-ecologique\/\",\"name\":\"Pourquoi Kinsta\u00ae est le meilleur h\u00e9bergement \u00e9cologique ?\",\"isPartOf\":{\"@id\":\"https:\/\/kinsta.com\/fr\/#website\"},\"primaryImageOfPage\":{\"@id\":\"https:\/\/kinsta.com\/fr\/hebergement-ecologique\/#primaryimage\"},\"image\":{\"@id\":\"https:\/\/kinsta.com\/fr\/hebergement-ecologique\/#primaryimage\"},\"thumbnailUrl\":\"https:\/\/kinsta.com\/fr\/wp-content\/uploads\/sites\/4\/2021\/08\/hebergement-ecologique.jpeg\",\"datePublished\":\"2021-08-23T07:39:17+00:00\",\"dateModified\":\"2026-04-22T12:26:57+00:00\",\"description\":\"Les h\u00e9bergements WordPress de Kinsta utilisent une \u00e9nergie 100% renouvelable. Apprenez-en plus sur les initiatives d'h\u00e9bergement \u00e9cologique de Kinsta\",\"breadcrumb\":{\"@id\":\"https:\/\/kinsta.com\/fr\/hebergement-ecologique\/#breadcrumb\"},\"inLanguage\":\"fr-FR\",\"potentialAction\":[{\"@type\":\"ReadAction\",\"target\":[\"https:\/\/kinsta.com\/fr\/hebergement-ecologique\/\"]}]},{\"@type\":\"ImageObject\",\"inLanguage\":\"fr-FR\",\"@id\":\"https:\/\/kinsta.com\/fr\/hebergement-ecologique\/#primaryimage\",\"url\":\"https:\/\/kinsta.com\/fr\/wp-content\/uploads\/sites\/4\/2021\/08\/hebergement-ecologique.jpeg\",\"contentUrl\":\"https:\/\/kinsta.com\/fr\/wp-content\/uploads\/sites\/4\/2021\/08\/hebergement-ecologique.jpeg\",\"width\":1460,\"height\":730},{\"@type\":\"BreadcrumbList\",\"@id\":\"https:\/\/kinsta.com\/fr\/hebergement-ecologique\/#breadcrumb\",\"itemListElement\":[{\"@type\":\"ListItem\",\"position\":1,\"name\":\"Home\",\"item\":\"https:\/\/kinsta.com\/fr\/\"},{\"@type\":\"ListItem\",\"position\":2,\"name\":\"Qu&#8217;est-ce qui fait de Kinsta le meilleur h\u00e9bergement \u00e9cologique ?\"}]},{\"@type\":\"WebSite\",\"@id\":\"https:\/\/kinsta.com\/fr\/#website\",\"url\":\"https:\/\/kinsta.com\/fr\/\",\"name\":\"Kinsta\u00ae\",\"description\":\"Solutions d&#039;h\u00e9bergement premium, rapides et s\u00e9curis\u00e9es\",\"publisher\":{\"@id\":\"https:\/\/kinsta.com\/fr\/#organization\"},\"potentialAction\":[{\"@type\":\"SearchAction\",\"target\":{\"@type\":\"EntryPoint\",\"urlTemplate\":\"https:\/\/kinsta.com\/fr\/?s={search_term_string}\"},\"query-input\":{\"@type\":\"PropertyValueSpecification\",\"valueRequired\":true,\"valueName\":\"search_term_string\"}}],\"inLanguage\":\"fr-FR\"},{\"@type\":\"Organization\",\"@id\":\"https:\/\/kinsta.com\/fr\/#organization\",\"name\":\"Kinsta\",\"url\":\"https:\/\/kinsta.com\/fr\/\",\"logo\":{\"@type\":\"ImageObject\",\"inLanguage\":\"fr-FR\",\"@id\":\"https:\/\/kinsta.com\/fr\/#\/schema\/logo\/image\/\",\"url\":\"https:\/\/kinsta.com\/fr\/wp-content\/uploads\/sites\/4\/2023\/12\/kinsta-logo.jpeg\",\"contentUrl\":\"https:\/\/kinsta.com\/fr\/wp-content\/uploads\/sites\/4\/2023\/12\/kinsta-logo.jpeg\",\"width\":500,\"height\":500,\"caption\":\"Kinsta\"},\"image\":{\"@id\":\"https:\/\/kinsta.com\/fr\/#\/schema\/logo\/image\/\"},\"sameAs\":[\"https:\/\/www.facebook.com\/kinstafrance\/\",\"https:\/\/x.com\/kinsta_fr\",\"https:\/\/www.instagram.com\/kinstahosting\/\",\"https:\/\/www.linkedin.com\/company\/kinsta\/\",\"https:\/\/www.pinterest.com\/kinstahosting\/\",\"https:\/\/www.youtube.com\/c\/Kinsta\"]}]}<\/script>\n<!-- \/ Yoast SEO Premium plugin. -->","yoast_head_json":{"title":"Pourquoi Kinsta\u00ae est le meilleur h\u00e9bergement \u00e9cologique ?","description":"Les h\u00e9bergements WordPress de Kinsta utilisent une \u00e9nergie 100% renouvelable. Apprenez-en plus sur les initiatives d'h\u00e9bergement \u00e9cologique de Kinsta","robots":{"index":"index","follow":"follow","max-snippet":"max-snippet:-1","max-image-preview":"max-image-preview:large","max-video-preview":"max-video-preview:-1"},"canonical":"https:\/\/kinsta.com\/fr\/hebergement-ecologique\/","og_locale":"fr_FR","og_type":"article","og_title":"Qu'est-ce qui fait de Kinsta le meilleur h\u00e9bergement \u00e9cologique ?","og_description":"Les h\u00e9bergements WordPress de Kinsta utilisent une \u00e9nergie 100% renouvelable. Apprenez-en plus sur les initiatives d'h\u00e9bergement \u00e9cologique de Kinsta","og_url":"https:\/\/kinsta.com\/fr\/hebergement-ecologique\/","og_site_name":"Kinsta\u00ae","article_publisher":"https:\/\/www.facebook.com\/kinstafrance\/","article_modified_time":"2026-04-22T12:26:57+00:00","og_image":[{"width":1460,"height":730,"url":"https:\/\/kinsta.com\/fr\/wp-content\/uploads\/sites\/4\/2021\/08\/hebergement-ecologique.jpeg","type":"image\/jpeg"}],"twitter_card":"summary_large_image","twitter_description":"Les h\u00e9bergements WordPress de Kinsta utilisent une \u00e9nergie 100% renouvelable. Apprenez-en plus sur les initiatives d'h\u00e9bergement \u00e9cologique de Kinsta","twitter_image":"https:\/\/kinsta.com\/fr\/wp-content\/uploads\/sites\/4\/2021\/08\/hebergement-ecologique.jpeg","twitter_site":"@kinsta_fr","twitter_misc":{"Dur\u00e9e de lecture estim\u00e9e":"7 minutes"},"schema":{"@context":"https:\/\/schema.org","@graph":[{"@type":"WebPage","@id":"https:\/\/kinsta.com\/fr\/hebergement-ecologique\/","url":"https:\/\/kinsta.com\/fr\/hebergement-ecologique\/","name":"Pourquoi Kinsta\u00ae est le meilleur h\u00e9bergement \u00e9cologique ?","isPartOf":{"@id":"https:\/\/kinsta.com\/fr\/#website"},"primaryImageOfPage":{"@id":"https:\/\/kinsta.com\/fr\/hebergement-ecologique\/#primaryimage"},"image":{"@id":"https:\/\/kinsta.com\/fr\/hebergement-ecologique\/#primaryimage"},"thumbnailUrl":"https:\/\/kinsta.com\/fr\/wp-content\/uploads\/sites\/4\/2021\/08\/hebergement-ecologique.jpeg","datePublished":"2021-08-23T07:39:17+00:00","dateModified":"2026-04-22T12:26:57+00:00","description":"Les h\u00e9bergements WordPress de Kinsta utilisent une \u00e9nergie 100% renouvelable. Apprenez-en plus sur les initiatives d'h\u00e9bergement \u00e9cologique de Kinsta","breadcrumb":{"@id":"https:\/\/kinsta.com\/fr\/hebergement-ecologique\/#breadcrumb"},"inLanguage":"fr-FR","potentialAction":[{"@type":"ReadAction","target":["https:\/\/kinsta.com\/fr\/hebergement-ecologique\/"]}]},{"@type":"ImageObject","inLanguage":"fr-FR","@id":"https:\/\/kinsta.com\/fr\/hebergement-ecologique\/#primaryimage","url":"https:\/\/kinsta.com\/fr\/wp-content\/uploads\/sites\/4\/2021\/08\/hebergement-ecologique.jpeg","contentUrl":"https:\/\/kinsta.com\/fr\/wp-content\/uploads\/sites\/4\/2021\/08\/hebergement-ecologique.jpeg","width":1460,"height":730},{"@type":"BreadcrumbList","@id":"https:\/\/kinsta.com\/fr\/hebergement-ecologique\/#breadcrumb","itemListElement":[{"@type":"ListItem","position":1,"name":"Home","item":"https:\/\/kinsta.com\/fr\/"},{"@type":"ListItem","position":2,"name":"Qu&#8217;est-ce qui fait de Kinsta le meilleur h\u00e9bergement \u00e9cologique ?"}]},{"@type":"WebSite","@id":"https:\/\/kinsta.com\/fr\/#website","url":"https:\/\/kinsta.com\/fr\/","name":"Kinsta\u00ae","description":"Solutions d&#039;h\u00e9bergement premium, rapides et s\u00e9curis\u00e9es","publisher":{"@id":"https:\/\/kinsta.com\/fr\/#organization"},"potentialAction":[{"@type":"SearchAction","target":{"@type":"EntryPoint","urlTemplate":"https:\/\/kinsta.com\/fr\/?s={search_term_string}"},"query-input":{"@type":"PropertyValueSpecification","valueRequired":true,"valueName":"search_term_string"}}],"inLanguage":"fr-FR"},{"@type":"Organization","@id":"https:\/\/kinsta.com\/fr\/#organization","name":"Kinsta","url":"https:\/\/kinsta.com\/fr\/","logo":{"@type":"ImageObject","inLanguage":"fr-FR","@id":"https:\/\/kinsta.com\/fr\/#\/schema\/logo\/image\/","url":"https:\/\/kinsta.com\/fr\/wp-content\/uploads\/sites\/4\/2023\/12\/kinsta-logo.jpeg","contentUrl":"https:\/\/kinsta.com\/fr\/wp-content\/uploads\/sites\/4\/2023\/12\/kinsta-logo.jpeg","width":500,"height":500,"caption":"Kinsta"},"image":{"@id":"https:\/\/kinsta.com\/fr\/#\/schema\/logo\/image\/"},"sameAs":["https:\/\/www.facebook.com\/kinstafrance\/","https:\/\/x.com\/kinsta_fr","https:\/\/www.instagram.com\/kinstahosting\/","https:\/\/www.linkedin.com\/company\/kinsta\/","https:\/\/www.pinterest.com\/kinstahosting\/","https:\/\/www.youtube.com\/c\/Kinsta"]}]}},"acf":[],"_links":{"self":[{"href":"https:\/\/kinsta.com\/fr\/wp-json\/wp\/v2\/pages\/48022","targetHints":{"allow":["GET"]}}],"collection":[{"href":"https:\/\/kinsta.com\/fr\/wp-json\/wp\/v2\/pages"}],"about":[{"href":"https:\/\/kinsta.com\/fr\/wp-json\/wp\/v2\/types\/page"}],"author":[{"embeddable":true,"href":"https:\/\/kinsta.com\/fr\/wp-json\/wp\/v2\/users\/125"}],"replies":[{"embeddable":true,"href":"https:\/\/kinsta.com\/fr\/wp-json\/wp\/v2\/comments?post=48022"}],"version-history":[{"count":11,"href":"https:\/\/kinsta.com\/fr\/wp-json\/wp\/v2\/pages\/48022\/revisions"}],"predecessor-version":[{"id":83120,"href":"https:\/\/kinsta.com\/fr\/wp-json\/wp\/v2\/pages\/48022\/revisions\/83120"}],"alternate":[{"embeddable":true,"hreflang":"en","title":"English","href":"https:\/\/kinsta.com\/fr\/wp-json\/kinsta\/v1\/posts\/48022\/translations\/en"},{"embeddable":true,"hreflang":"es","title":"Spanish","href":"https:\/\/kinsta.com\/fr\/wp-json\/kinsta\/v1\/posts\/48022\/translations\/es"},{"embeddable":true,"hreflang":"it","title":"Italian","href":"https:\/\/kinsta.com\/fr\/wp-json\/kinsta\/v1\/posts\/48022\/translations\/it"},{"embeddable":true,"hreflang":"pt","title":"Portuguese","href":"https:\/\/kinsta.com\/fr\/wp-json\/kinsta\/v1\/posts\/48022\/translations\/pt"},{"embeddable":true,"hreflang":"de","title":"German","href":"https:\/\/kinsta.com\/fr\/wp-json\/kinsta\/v1\/posts\/48022\/translations\/de"},{"embeddable":true,"hreflang":"fr","title":"French","href":"https:\/\/kinsta.com\/fr\/wp-json\/kinsta\/v1\/posts\/48022\/translations\/fr"},{"embeddable":true,"hreflang":"da","title":"Danish","href":"https:\/\/kinsta.com\/fr\/wp-json\/kinsta\/v1\/posts\/48022\/translations\/dk"},{"embeddable":true,"hreflang":"nl","title":"Dutch","href":"https:\/\/kinsta.com\/fr\/wp-json\/kinsta\/v1\/posts\/48022\/translations\/nl"},{"embeddable":true,"hreflang":"sv","title":"Swedish","href":"https:\/\/kinsta.com\/fr\/wp-json\/kinsta\/v1\/posts\/48022\/translations\/se"},{"embeddable":true,"hreflang":"ja","title":"Japanese","href":"https:\/\/kinsta.com\/fr\/wp-json\/kinsta\/v1\/posts\/48022\/translations\/jp"},{"href":"https:\/\/kinsta.com\/fr\/wp-json\/kinsta\/v1\/posts\/48022\/tree"}],"wp:featuredmedia":[{"embeddable":true,"href":"https:\/\/kinsta.com\/fr\/wp-json\/wp\/v2\/media\/48026"}],"wp:attachment":[{"href":"https:\/\/kinsta.com\/fr\/wp-json\/wp\/v2\/media?parent=48022"}],"curies":[{"name":"wp","href":"https:\/\/api.w.org\/{rel}","templated":true}]}}