{"id":62118,"date":"2022-10-17T10:22:10","date_gmt":"2022-10-17T09:22:10","guid":{"rendered":"https:\/\/kinsta.com\/fr\/?page_id=62118&#038;preview_id=62118"},"modified":"2023-08-14T13:05:58","modified_gmt":"2023-08-14T12:05:58","slug":"declaration-accessibilite-web","status":"publish","type":"page","link":"https:\/\/kinsta.com\/fr\/declaration-accessibilite-web\/","title":{"rendered":"D\u00e9claration d&rsquo;accessibilit\u00e9 web pour Kinsta.com"},"content":{"rendered":"\n<p>Kinsta s&rsquo;engage \u00e0 fournir un site web, une application mobile et d&rsquo;autres contenus num\u00e9riques qui sont accessibles \u00e0 tous les clients, y compris ceux qui ont un handicap.<\/p>\n\n\n\n<p>Nous avons adopt\u00e9 les <a href=\"https:\/\/www.w3.org\/TR\/WCAG21\/\" target=\"_blank\" rel=\"noreferrer noopener\">Web Content Accessibility Guidelines (WCAG) 2.1<\/a> Level AA comme norme d&rsquo;accessibilit\u00e9, et nous travaillons continuellement \u00e0 maintenir nos pages web et nos applications en conformit\u00e9 substantielle avec cette norme, ainsi qu&rsquo;\u00e0 fournir la meilleure exp\u00e9rience utilisateur possible pour tous.<\/p>\n\n\n\n<h2 class=\"wp-block-heading\" id=\"h-commentaires\">Commentaires<\/h2>\n\n\n\n<p>N&rsquo;h\u00e9sitez pas \u00e0 nous faire part de vos questions ou pr\u00e9occupations concernant l&rsquo;accessibilit\u00e9 de nos sites web, applications mobiles ou autres ressources num\u00e9riques.<\/p>\n\n\n\n<ul class=\"wp-block-list\">\n<li>Contact : <a href=\"mailto:accessibility@kinsta.com\" target=\"_blank\" rel=\"noreferrer noopener\">accessibility@kinsta.com<\/a> <\/li>\n\n\n\n<li>Adresse postale : Kinsta Inc. 8605 Santa Monica Blvd #92581, West Hollywood, CA 90069<\/li>\n<\/ul>\n\n\n\n<p>Nous nous effor\u00e7ons de r\u00e9pondre aux commentaires dans les 5 jours ouvrables.<\/p>\n","protected":false},"excerpt":{"rendered":"<p>Kinsta s&rsquo;engage \u00e0 fournir un site web, une application mobile et d&rsquo;autres contenus num\u00e9riques qui sont accessibles \u00e0 tous les clients, y compris ceux qui ont &#8230;<\/p>\n","protected":false},"author":103,"featured_media":0,"parent":0,"menu_order":0,"comment_status":"closed","ping_status":"closed","template":"","meta":{"_kinsta_gated_content":false,"_kinsta_gated_content_redirect":"","footnotes":""},"class_list":["post-62118","page","type-page","status-publish","hentry"],"yoast_head":"<!-- This site is optimized with the Yoast SEO Premium plugin v24.6 (Yoast SEO v24.6) - https:\/\/yoast.com\/wordpress\/plugins\/seo\/ -->\n<title>D\u00e9claration d&#039;accessibilit\u00e9 web pour Kinsta.com - Kinsta\u00ae<\/title>\n<meta name=\"description\" content=\"Apprenez-en plus sur notre d\u00e9claration d&#039;accessibilit\u00e9 et sur comment nous nous engageons \u00e0 fournir un contenu accessible \u00e0 tous les clients.\" \/>\n<meta name=\"robots\" content=\"index, follow, max-snippet:-1, max-image-preview:large, max-video-preview:-1\" \/>\n<link rel=\"canonical\" href=\"https:\/\/kinsta.com\/fr\/declaration-accessibilite-web\/\" \/>\n<meta property=\"og:locale\" content=\"fr_FR\" \/>\n<meta property=\"og:type\" content=\"article\" \/>\n<meta property=\"og:title\" content=\"D\u00e9claration d&#039;accessibilit\u00e9 web pour Kinsta.com\" \/>\n<meta property=\"og:description\" content=\"Apprenez-en plus sur notre d\u00e9claration d&#039;accessibilit\u00e9 et sur comment nous nous engageons \u00e0 fournir un contenu accessible \u00e0 tous les clients.\" \/>\n<meta property=\"og:url\" content=\"https:\/\/kinsta.com\/fr\/declaration-accessibilite-web\/\" \/>\n<meta property=\"og:site_name\" content=\"Kinsta\u00ae\" \/>\n<meta property=\"article:publisher\" content=\"https:\/\/www.facebook.com\/kinstafrance\/\" \/>\n<meta property=\"article:modified_time\" content=\"2023-08-14T12:05:58+00:00\" \/>\n<meta property=\"og:image\" content=\"https:\/\/kinsta.com\/fr\/wp-content\/uploads\/sites\/4\/2023\/12\/kinsta-homepage-fr.png\" \/>\n\t<meta property=\"og:image:width\" content=\"1200\" \/>\n\t<meta property=\"og:image:height\" content=\"628\" \/>\n\t<meta property=\"og:image:type\" content=\"image\/png\" \/>\n<meta name=\"twitter:card\" content=\"summary_large_image\" \/>\n<meta name=\"twitter:description\" content=\"Apprenez-en plus sur notre d\u00e9claration d&#039;accessibilit\u00e9 et sur comment nous nous engageons \u00e0 fournir un contenu accessible \u00e0 tous les clients.\" \/>\n<meta name=\"twitter:image\" content=\"https:\/\/kinsta.com\/fr\/wp-content\/uploads\/sites\/4\/2023\/12\/kinsta-homepage-fr.png\" \/>\n<meta name=\"twitter:site\" content=\"@kinsta_fr\" \/>\n<meta name=\"twitter:label1\" content=\"Dur\u00e9e de lecture estim\u00e9e\" \/>\n\t<meta name=\"twitter:data1\" content=\"1 minute\" \/>\n<script type=\"application\/ld+json\" class=\"yoast-schema-graph\">{\"@context\":\"https:\/\/schema.org\",\"@graph\":[{\"@type\":\"WebPage\",\"@id\":\"https:\/\/kinsta.com\/fr\/declaration-accessibilite-web\/\",\"url\":\"https:\/\/kinsta.com\/fr\/declaration-accessibilite-web\/\",\"name\":\"D\u00e9claration d'accessibilit\u00e9 web pour Kinsta.com - Kinsta\u00ae\",\"isPartOf\":{\"@id\":\"https:\/\/kinsta.com\/fr\/#website\"},\"datePublished\":\"2022-10-17T09:22:10+00:00\",\"dateModified\":\"2023-08-14T12:05:58+00:00\",\"description\":\"Apprenez-en plus sur notre d\u00e9claration d'accessibilit\u00e9 et sur comment nous nous engageons \u00e0 fournir un contenu accessible \u00e0 tous les clients.\",\"breadcrumb\":{\"@id\":\"https:\/\/kinsta.com\/fr\/declaration-accessibilite-web\/#breadcrumb\"},\"inLanguage\":\"fr-FR\",\"potentialAction\":[{\"@type\":\"ReadAction\",\"target\":[\"https:\/\/kinsta.com\/fr\/declaration-accessibilite-web\/\"]}]},{\"@type\":\"BreadcrumbList\",\"@id\":\"https:\/\/kinsta.com\/fr\/declaration-accessibilite-web\/#breadcrumb\",\"itemListElement\":[{\"@type\":\"ListItem\",\"position\":1,\"name\":\"Home\",\"item\":\"https:\/\/kinsta.com\/fr\/\"},{\"@type\":\"ListItem\",\"position\":2,\"name\":\"D\u00e9claration d&#8217;accessibilit\u00e9 web pour Kinsta.com\"}]},{\"@type\":\"WebSite\",\"@id\":\"https:\/\/kinsta.com\/fr\/#website\",\"url\":\"https:\/\/kinsta.com\/fr\/\",\"name\":\"Kinsta\u00ae\",\"description\":\"Solutions d&#039;h\u00e9bergement premium, rapides et s\u00e9curis\u00e9es\",\"publisher\":{\"@id\":\"https:\/\/kinsta.com\/fr\/#organization\"},\"potentialAction\":[{\"@type\":\"SearchAction\",\"target\":{\"@type\":\"EntryPoint\",\"urlTemplate\":\"https:\/\/kinsta.com\/fr\/?s={search_term_string}\"},\"query-input\":{\"@type\":\"PropertyValueSpecification\",\"valueRequired\":true,\"valueName\":\"search_term_string\"}}],\"inLanguage\":\"fr-FR\"},{\"@type\":\"Organization\",\"@id\":\"https:\/\/kinsta.com\/fr\/#organization\",\"name\":\"Kinsta\",\"url\":\"https:\/\/kinsta.com\/fr\/\",\"logo\":{\"@type\":\"ImageObject\",\"inLanguage\":\"fr-FR\",\"@id\":\"https:\/\/kinsta.com\/fr\/#\/schema\/logo\/image\/\",\"url\":\"https:\/\/kinsta.com\/fr\/wp-content\/uploads\/sites\/4\/2023\/12\/kinsta-logo.jpeg\",\"contentUrl\":\"https:\/\/kinsta.com\/fr\/wp-content\/uploads\/sites\/4\/2023\/12\/kinsta-logo.jpeg\",\"width\":500,\"height\":500,\"caption\":\"Kinsta\"},\"image\":{\"@id\":\"https:\/\/kinsta.com\/fr\/#\/schema\/logo\/image\/\"},\"sameAs\":[\"https:\/\/www.facebook.com\/kinstafrance\/\",\"https:\/\/x.com\/kinsta_fr\",\"https:\/\/www.instagram.com\/kinstahosting\/\",\"https:\/\/www.linkedin.com\/company\/kinsta\/\",\"https:\/\/www.pinterest.com\/kinstahosting\/\",\"https:\/\/www.youtube.com\/c\/Kinsta\"]}]}<\/script>\n<!-- \/ Yoast SEO Premium plugin. -->","yoast_head_json":{"title":"D\u00e9claration d'accessibilit\u00e9 web pour Kinsta.com - Kinsta\u00ae","description":"Apprenez-en plus sur notre d\u00e9claration d'accessibilit\u00e9 et sur comment nous nous engageons \u00e0 fournir un contenu accessible \u00e0 tous les clients.","robots":{"index":"index","follow":"follow","max-snippet":"max-snippet:-1","max-image-preview":"max-image-preview:large","max-video-preview":"max-video-preview:-1"},"canonical":"https:\/\/kinsta.com\/fr\/declaration-accessibilite-web\/","og_locale":"fr_FR","og_type":"article","og_title":"D\u00e9claration d'accessibilit\u00e9 web pour Kinsta.com","og_description":"Apprenez-en plus sur notre d\u00e9claration d'accessibilit\u00e9 et sur comment nous nous engageons \u00e0 fournir un contenu accessible \u00e0 tous les clients.","og_url":"https:\/\/kinsta.com\/fr\/declaration-accessibilite-web\/","og_site_name":"Kinsta\u00ae","article_publisher":"https:\/\/www.facebook.com\/kinstafrance\/","article_modified_time":"2023-08-14T12:05:58+00:00","og_image":[{"width":1200,"height":628,"url":"https:\/\/kinsta.com\/fr\/wp-content\/uploads\/sites\/4\/2023\/12\/kinsta-homepage-fr.png","type":"image\/png"}],"twitter_card":"summary_large_image","twitter_description":"Apprenez-en plus sur notre d\u00e9claration d'accessibilit\u00e9 et sur comment nous nous engageons \u00e0 fournir un contenu accessible \u00e0 tous les clients.","twitter_image":"https:\/\/kinsta.com\/fr\/wp-content\/uploads\/sites\/4\/2023\/12\/kinsta-homepage-fr.png","twitter_site":"@kinsta_fr","twitter_misc":{"Dur\u00e9e de lecture estim\u00e9e":"1 minute"},"schema":{"@context":"https:\/\/schema.org","@graph":[{"@type":"WebPage","@id":"https:\/\/kinsta.com\/fr\/declaration-accessibilite-web\/","url":"https:\/\/kinsta.com\/fr\/declaration-accessibilite-web\/","name":"D\u00e9claration d'accessibilit\u00e9 web pour Kinsta.com - Kinsta\u00ae","isPartOf":{"@id":"https:\/\/kinsta.com\/fr\/#website"},"datePublished":"2022-10-17T09:22:10+00:00","dateModified":"2023-08-14T12:05:58+00:00","description":"Apprenez-en plus sur notre d\u00e9claration d'accessibilit\u00e9 et sur comment nous nous engageons \u00e0 fournir un contenu accessible \u00e0 tous les clients.","breadcrumb":{"@id":"https:\/\/kinsta.com\/fr\/declaration-accessibilite-web\/#breadcrumb"},"inLanguage":"fr-FR","potentialAction":[{"@type":"ReadAction","target":["https:\/\/kinsta.com\/fr\/declaration-accessibilite-web\/"]}]},{"@type":"BreadcrumbList","@id":"https:\/\/kinsta.com\/fr\/declaration-accessibilite-web\/#breadcrumb","itemListElement":[{"@type":"ListItem","position":1,"name":"Home","item":"https:\/\/kinsta.com\/fr\/"},{"@type":"ListItem","position":2,"name":"D\u00e9claration d&#8217;accessibilit\u00e9 web pour Kinsta.com"}]},{"@type":"WebSite","@id":"https:\/\/kinsta.com\/fr\/#website","url":"https:\/\/kinsta.com\/fr\/","name":"Kinsta\u00ae","description":"Solutions d&#039;h\u00e9bergement premium, rapides et s\u00e9curis\u00e9es","publisher":{"@id":"https:\/\/kinsta.com\/fr\/#organization"},"potentialAction":[{"@type":"SearchAction","target":{"@type":"EntryPoint","urlTemplate":"https:\/\/kinsta.com\/fr\/?s={search_term_string}"},"query-input":{"@type":"PropertyValueSpecification","valueRequired":true,"valueName":"search_term_string"}}],"inLanguage":"fr-FR"},{"@type":"Organization","@id":"https:\/\/kinsta.com\/fr\/#organization","name":"Kinsta","url":"https:\/\/kinsta.com\/fr\/","logo":{"@type":"ImageObject","inLanguage":"fr-FR","@id":"https:\/\/kinsta.com\/fr\/#\/schema\/logo\/image\/","url":"https:\/\/kinsta.com\/fr\/wp-content\/uploads\/sites\/4\/2023\/12\/kinsta-logo.jpeg","contentUrl":"https:\/\/kinsta.com\/fr\/wp-content\/uploads\/sites\/4\/2023\/12\/kinsta-logo.jpeg","width":500,"height":500,"caption":"Kinsta"},"image":{"@id":"https:\/\/kinsta.com\/fr\/#\/schema\/logo\/image\/"},"sameAs":["https:\/\/www.facebook.com\/kinstafrance\/","https:\/\/x.com\/kinsta_fr","https:\/\/www.instagram.com\/kinstahosting\/","https:\/\/www.linkedin.com\/company\/kinsta\/","https:\/\/www.pinterest.com\/kinstahosting\/","https:\/\/www.youtube.com\/c\/Kinsta"]}]}},"acf":[],"_links":{"self":[{"href":"https:\/\/kinsta.com\/fr\/wp-json\/wp\/v2\/pages\/62118","targetHints":{"allow":["GET"]}}],"collection":[{"href":"https:\/\/kinsta.com\/fr\/wp-json\/wp\/v2\/pages"}],"about":[{"href":"https:\/\/kinsta.com\/fr\/wp-json\/wp\/v2\/types\/page"}],"author":[{"embeddable":true,"href":"https:\/\/kinsta.com\/fr\/wp-json\/wp\/v2\/users\/103"}],"replies":[{"embeddable":true,"href":"https:\/\/kinsta.com\/fr\/wp-json\/wp\/v2\/comments?post=62118"}],"version-history":[{"count":5,"href":"https:\/\/kinsta.com\/fr\/wp-json\/wp\/v2\/pages\/62118\/revisions"}],"predecessor-version":[{"id":71874,"href":"https:\/\/kinsta.com\/fr\/wp-json\/wp\/v2\/pages\/62118\/revisions\/71874"}],"alternate":[{"embeddable":true,"hreflang":"en","title":"English","href":"https:\/\/kinsta.com\/fr\/wp-json\/kinsta\/v1\/posts\/62118\/translations\/en"},{"embeddable":true,"hreflang":"it","title":"Italian","href":"https:\/\/kinsta.com\/fr\/wp-json\/kinsta\/v1\/posts\/62118\/translations\/it"},{"embeddable":true,"hreflang":"pt","title":"Portuguese","href":"https:\/\/kinsta.com\/fr\/wp-json\/kinsta\/v1\/posts\/62118\/translations\/pt"},{"embeddable":true,"hreflang":"fr","title":"French","href":"https:\/\/kinsta.com\/fr\/wp-json\/kinsta\/v1\/posts\/62118\/translations\/fr"},{"embeddable":true,"hreflang":"de","title":"German","href":"https:\/\/kinsta.com\/fr\/wp-json\/kinsta\/v1\/posts\/62118\/translations\/de"},{"embeddable":true,"hreflang":"ja","title":"Japanese","href":"https:\/\/kinsta.com\/fr\/wp-json\/kinsta\/v1\/posts\/62118\/translations\/jp"},{"embeddable":true,"hreflang":"nl","title":"Dutch","href":"https:\/\/kinsta.com\/fr\/wp-json\/kinsta\/v1\/posts\/62118\/translations\/nl"},{"embeddable":true,"hreflang":"es","title":"Spanish","href":"https:\/\/kinsta.com\/fr\/wp-json\/kinsta\/v1\/posts\/62118\/translations\/es"},{"embeddable":true,"hreflang":"sv","title":"Swedish","href":"https:\/\/kinsta.com\/fr\/wp-json\/kinsta\/v1\/posts\/62118\/translations\/se"},{"embeddable":true,"hreflang":"da","title":"Danish","href":"https:\/\/kinsta.com\/fr\/wp-json\/kinsta\/v1\/posts\/62118\/translations\/dk"},{"href":"https:\/\/kinsta.com\/fr\/wp-json\/kinsta\/v1\/posts\/62118\/tree"}],"wp:attachment":[{"href":"https:\/\/kinsta.com\/fr\/wp-json\/wp\/v2\/media?parent=62118"}],"curies":[{"name":"wp","href":"https:\/\/api.w.org\/{rel}","templated":true}]}}