{"id":71795,"date":"2023-08-09T10:10:20","date_gmt":"2023-08-09T09:10:20","guid":{"rendered":"https:\/\/kinsta.com\/fr\/?page_id=71795&#038;preview_id=71795"},"modified":"2025-08-28T16:02:48","modified_gmt":"2025-08-28T15:02:48","slug":"conditions-parrainage","status":"publish","type":"page","link":"https:\/\/kinsta.com\/fr\/mentions-legales\/conditions-parrainage\/","title":{"rendered":"Conditions g\u00e9n\u00e9rales du programme de parrainage de clients"},"content":{"rendered":"<aside role=\"note\" class=\"wp-block-kinsta-notice is-style-plain\">\n        <p>Ceci est la traduction fran\u00e7aise de la section juridique originale anglaise. Veuillez noter que m\u00eame si nous prenons toutes les pr\u00e9cautions n\u00e9cessaires pour nous assurer que le texte ci-dessous est exact, en cas de divergence entre les deux versions, c&rsquo;est la version anglaise qui pr\u00e9vaut. Le texte juridique original se trouve <a href=\"https:\/\/kinsta.com\/legal\/referral-terms\/\" data-no-translate>ici<\/a>.<\/p>\n<\/aside>\n\n\n\n\n<p>Mise \u00e0 jour le : 7 ao\u00fbt 2023<\/p>\n\n\n\n<h2 class=\"wp-block-heading\" id=\"h-1-introduction-champ-d-application-ligibilit\">1. Introduction, champ d&rsquo;application, \u00e9ligibilit\u00e9.<\/h2>\n\n\n\n<ol start=\"1\" class=\"is-style-lower-alpha wp-block-list\">\n<li>Les pr\u00e9sentes Conditions g\u00e9n\u00e9rales du programme de parrainage (\u00ab\u00a0<strong>Conditions<\/strong>\u00a0\u00bb) r\u00e9gissent le programme de parrainage de Kinsta (\u00ab\u00a0<strong>Programme de parrainage\u00a0<\/strong>\u00bb), dans le cadre duquel les clients actifs peuvent recevoir des cr\u00e9dits sur leur plan d&rsquo;h\u00e9bergement en \u00e9change du parrainage d&rsquo;un nouveau client vers Kinsta (\u00ab\u00a0<strong>Cr\u00e9dits de parrainage<\/strong> \u00bb). En participant au Programme de Parrainage de quelque mani\u00e8re que ce soit ou en utilisant les Cr\u00e9dits de Parrainage, vous acceptez les pr\u00e9sentes Conditions.<\/li>\n\n\n\n<li>Les pr\u00e9sentes Conditions compl\u00e8tent les <a href=\"https:\/\/kinsta.com\/fr\/mentions-legales\/conditions-utilisation\/\">Conditions de service<\/a> (\u00ab\u00a0<strong>ToS<\/strong>\u00a0\u00bb), et les r\u00e9f\u00e9rences au terme \u00ab\u00a0Services \u00bb dans les ToS doivent \u00eatre interpr\u00e9t\u00e9es comme incluant la participation du Client au Programme de parrainage, le cas \u00e9ch\u00e9ant.  Les termes commen\u00e7ant par une majuscule qui ne sont pas d\u00e9finis dans les pr\u00e9sentes conditions ont la signification qui leur est donn\u00e9e dans les conditions d&rsquo;utilisation. En cas de conflit entre les pr\u00e9sentes conditions et les CGU, les dispositions des pr\u00e9sentes conditions pr\u00e9valent, mais uniquement en ce qui concerne votre participation au programme de parrainage.<\/li>\n\n\n\n<li>Des informations suppl\u00e9mentaires concernant le programme de parrainage, y compris la mani\u00e8re d&rsquo;y participer, de gagner des cr\u00e9dits de parrainage, ainsi que le calendrier et les montants des cr\u00e9dits de parrainage, sont disponibles \u00e0 l&rsquo;adresse <a href=\"https:\/\/kinsta.com\/fr\/docs\/information-service\/faq-parrainage\/\">https:\/\/kinsta.com\/docs\/service-information\/referrals-faq\/<\/a> (\u00ab\u00a0<strong>Page d&rsquo;information<\/strong>\u00a0\u00bb), qui peut \u00eatre mise \u00e0 jour \u00e0 tout moment \u00e0 l&rsquo;enti\u00e8re discr\u00e9tion de Kinsta. En cas de conflit entre les pr\u00e9sentes Conditions et la Page d&rsquo;information, les dispositions des pr\u00e9sentes Conditions pr\u00e9valent.<\/li>\n\n\n\n<li>Nous nous r\u00e9servons le droit de modifier les pr\u00e9sentes conditions \u00e0 tout moment. Nous vous informerons de ces changements en r\u00e9visant la date figurant en haut des pr\u00e9sentes Conditions. Votre participation continue au programme de parrainage apr\u00e8s toute modification des pr\u00e9sentes conditions constituera votre acceptation de ces modifications.<\/li>\n\n\n\n<li>Tout client disposant d&rsquo;un plan d&rsquo;h\u00e9bergement MyKinsta actif est \u00e9ligible au programme de parrainage.<\/li>\n<\/ol>\n\n\n\n<h2 class=\"wp-block-heading\" id=\"h-2-cr-dits-de-parrainage\">2. Cr\u00e9dits de parrainage.<\/h2>\n\n\n\n<ol start=\"1\" class=\"is-style-lower-alpha wp-block-list\">\n<li>Les Cr\u00e9dits de parrainage seront appliqu\u00e9s pour compenser les Frais \u00e9ligibles encourus pour votre Plan d&rsquo;h\u00e9bergement. Vous ne pouvez pas vendre, licencier, louer ou transf\u00e9rer de quelque mani\u00e8re que ce soit un cr\u00e9dit de parrainage. Les cr\u00e9dits de parrainage n&rsquo;ont aucune valeur intrins\u00e8que ou mon\u00e9taire, ne sont pas \u00e9changeables contre de l&rsquo;argent et ne sont pas remboursables.<\/li>\n\n\n\n<li>Tout cr\u00e9dit de parrainage non utilis\u00e9 est perdu et annul\u00e9 (i) en cas de r\u00e9siliation de votre plan d&rsquo;h\u00e9bergement ou (ii) en cas de fraude ou d&rsquo;abus, ou de violation des CGU, des pr\u00e9sentes Conditions ou de toute autre loi, condition, politique ou instruction applicable. <\/li>\n\n\n\n<li>Kinsta se r\u00e9serve le droit de facturer votre plan d&rsquo;h\u00e9bergement ou d&rsquo;obtenir le remboursement du montant de tous les cr\u00e9dits de parrainage utilis\u00e9s qui ont \u00e9t\u00e9 obtenus de mani\u00e8re frauduleuse, ill\u00e9gale ou inappropri\u00e9e ou autrement non autoris\u00e9e. <\/li>\n\n\n\n<li>Les cr\u00e9dits de parrainage ne peuvent \u00eatre appliqu\u00e9s qu&rsquo;\u00e0 un seul client pour chaque parrainage. Les litiges concernant le client ou le tiers devant recevoir un cr\u00e9dit de parrainage seront r\u00e9solus \u00e0 la seule discr\u00e9tion de Kinsta.<\/li>\n\n\n\n<li>Kinsta n&rsquo;est pas responsable des cookies de suivi du programme de parrainage qui ont \u00e9t\u00e9 supprim\u00e9s intentionnellement ou non. Aucun cr\u00e9dit de parrainage ne sera vers\u00e9 pour des erreurs de suivi de quelque nature que ce soit.<\/li>\n\n\n\n<li>Vous \u00eates seul responsable de toute obligation fiscale li\u00e9e \u00e0 la r\u00e9ception et \u00e0 l&rsquo;utilisation des cr\u00e9dits de parrainage.<\/li>\n\n\n\n<li>Le parrainage de services b\u00eata, d&rsquo;h\u00e9bergement de sites statiques ou de tout autre service gratuit ne donne pas droit \u00e0 des cr\u00e9dits de parrainage.<\/li>\n<\/ol>\n\n\n\n<h2 class=\"wp-block-heading\" id=\"h-3-m-thodes-promotionnelles-et-restrictions\">3. M\u00e9thodes promotionnelles et restrictions.<\/h2>\n\n\n\n<ol start=\"1\" class=\"is-style-lower-alpha wp-block-list\">\n<li>Le Client est responsable de tout contenu utilis\u00e9 par le Client pour promouvoir Kinsta dans le cadre du Programme de parrainage (\u00ab\u00a0<strong>Contenu promotionnel<\/strong> \u00bb). Le contenu promotionnel peut inclure des versions autoris\u00e9es des marques et logos de Kinsta conform\u00e9ment \u00e0 <a href=\"https:\/\/kinsta.com\/fr\/presse\/\">https:\/\/kinsta.com\/fr\/presse\/<\/a>.<\/li>\n\n\n\n<li>Le client doit se conformer rapidement aux instructions de Kinsta pour modifier ou supprimer le contenu promotionnel.<\/li>\n\n\n\n<li>Le contenu promotionnel doit \u00eatre conforme aux <a href=\"https:\/\/www.ftc.gov\/business-guidance\/advertising-marketing\/endorsements-influencers-reviews\">r\u00e8gles d&rsquo;endossement de la Federal Trade Commission (FTC)<\/a> et \u00e0 toute autre loi applicable, y compris une notification indiquant que le client peut recevoir un cr\u00e9dit de parrainage.<\/li>\n\n\n\n<li>Le contenu promotionnel ne doit pas :\n<ol class=\"wp-block-list\">\n<li>Pr\u00e9senter de mani\u00e8re erron\u00e9e les services de quelque mani\u00e8re que ce soit, y compris les prix, les plans, les remises ou les fonctionnalit\u00e9s ;<\/li>\n\n\n\n<li>Offrir ou fournir des garanties, des incitations, des r\u00e9compenses ou des indemnit\u00e9s, \u00e0 l&rsquo;exception de ce qui est stipul\u00e9 dans nos CGU ou approuv\u00e9 par \u00e9crit par Kinsta ;<\/li>\n\n\n\n<li>D\u00e9nigrer Kinsta et ses repr\u00e9sentants, les Services ou le Programme de parrainage ;<\/li>\n\n\n\n<li>Utiliser une m\u00e9thode de publicit\u00e9 ill\u00e9gale ou de spam ;<\/li>\n\n\n\n<li>Concurrencer ou interf\u00e9rer avec les efforts de publicit\u00e9 directe de Kinsta. De temps \u00e0 autre, Kinsta peut choisir de s&rsquo;engager dans la publicit\u00e9 directe en ligne. Le Client ne doit pas placer de publicit\u00e9s ciblant les marques commerciales et les marques de service de Kinsta ou placer des publicit\u00e9s qui, d&rsquo;une mani\u00e8re ou d&rsquo;une autre, annoncent ou affichent les marques commerciales ou les marques de service de Kinsta. Cela signifie, entre autres, que le Client n&rsquo;ench\u00e9rira pas (en ce qui concerne la publicit\u00e9 en ligne, y compris, mais sans s&rsquo;y limiter, les campagnes de paiement au clic ou \u00e0 l&rsquo;impression) sur des mots-cl\u00e9s ou des phrases contenant des marques commerciales, des marques de service, des marques d\u00e9pos\u00e9es ou des URL d\u00e9pos\u00e9es de Kinsta, ou sur des variations, des abr\u00e9viations ou des fautes d&rsquo;orthographe de ces derni\u00e8res ;<\/li>\n\n\n\n<li>Renvoyer du trafic vers Kinsta par le biais d&rsquo;un paiement \u00e0 la lecture, d&rsquo;un paiement au clic, d&rsquo;un \u00e9change de banni\u00e8res, d&rsquo;un \u00e9change de clics, d&rsquo;une publicit\u00e9 PPC, d&rsquo;un popup, d&rsquo;un communiqu\u00e9 de presse ou d&rsquo;autres m\u00e9thodes similaires ;<\/li>\n\n\n\n<li>Utiliser des iframes ou toute autre technique ou technologie pour ajouter le cookie de suivi des clients \u00e0 un renvoi par tout moyen autre qu&rsquo;un clic r\u00e9el ;<\/li>\n\n\n\n<li>Utiliser des techniques d&rsquo;occultation ou de masquage avec votre lien de r\u00e9f\u00e9rence ;<\/li>\n\n\n\n<li>Afficher Kinsta.com, \u00ab\u00a0Kinsta\u00a0\u00bb, les logos ou les noms commerciaux de Kinsta, ou toute variation, abr\u00e9viation ou faute d&rsquo;orthographe de ceux-ci dans tout nom de domaine ou de sous-domaine, profil de r\u00e9seau social, ou dans le cadre du nom ou de la description de toute autre pr\u00e9sence en ligne ou hors ligne. Par souci de clart\u00e9, il est acceptable que \u00ab\u00a0kinsta\u00a0\u00bb apparaisse dans la partie \u00ab\u00a0chemin\u00a0\u00bb de l&rsquo;URL d&rsquo;une page d&rsquo;une application client. Par exemple, \u00ab\u00a0client-site-domaine[.]com[\/]evaluation-kinsta \u00bb est acceptable (y compris \u00ab\u00a0kinsta \u00bb dans la partie chemin de l&rsquo;URL), mais \u00ab evaluation-kinsta-site[.]com \u00bb n&rsquo;est pas acceptable (y compris \u00ab\u00a0kinsta\u00a0\u00bb dans le domaine) ;<\/li>\n\n\n\n<li>Faire r\u00e9f\u00e9rence \u00e0 toute r\u00e9duction offerte par Kinsta sous la forme de codes de r\u00e9duction, d&rsquo;offres, de r\u00e9ductions saisonni\u00e8res ou de r\u00e9ductions exclusives ;<\/li>\n\n\n\n<li>Placer des liens vers Kinsta ou faire r\u00e9f\u00e9rence \u00e0 Kinsta de quelque mani\u00e8re que ce soit sur des sites de coupons ;<\/li>\n\n\n\n<li>Promouvoir Kinsta dans le cadre de programmes incitatifs ou de tout autre syst\u00e8me tiers dans lequel des incitations sp\u00e9ciales (par exemple, r\u00e9compenses, remises, cashback, etc.) sont offertes afin d&rsquo;attirer et de fid\u00e9liser les clients ;<\/li>\n\n\n\n<li>Vous recommander vous-m\u00eame de quelque mani\u00e8re que ce soit. Ceci inclut la recommandation de toute op\u00e9ration ou site web dans lequel le client a un int\u00e9r\u00eat de contr\u00f4le, de propri\u00e9t\u00e9 ou d&rsquo;\u00e9quit\u00e9.<\/li>\n<\/ol>\n<\/li>\n<\/ol>\n\n\n\n<h2 class=\"wp-block-heading\" id=\"h-4-recours-exclusif\">4. Recours exclusif.<\/h2>\n\n\n\n<p>Sans limiter les autres dispositions des pr\u00e9sentes Conditions ou des CGU, le seul et unique recours du Client pour toute r\u00e9clamation ou litige d\u00e9coulant de ou en rapport avec le Programme de parrainage sera l&rsquo;application des Cr\u00e9dits de parrainage valides et non utilis\u00e9s du Client \u00e0 son Plan d&rsquo;h\u00e9bergement actif.<\/p>\n","protected":false},"excerpt":{"rendered":"<p>Mise \u00e0 jour le : 7 ao\u00fbt 2023 1. Introduction, champ d&rsquo;application, \u00e9ligibilit\u00e9. 2. Cr\u00e9dits de parrainage. 3. M\u00e9thodes promotionnelles et restrictions. 4. Recours exclusif. Sans &#8230;<\/p>\n","protected":false},"author":230,"featured_media":0,"parent":4579,"menu_order":0,"comment_status":"closed","ping_status":"closed","template":"templates\/template-article.php","meta":{"_kinsta_gated_content":false,"_kinsta_gated_content_redirect":"","footnotes":""},"class_list":["post-71795","page","type-page","status-publish","hentry"],"yoast_head":"<!-- This site is optimized with the Yoast SEO Premium plugin v24.6 (Yoast SEO v24.6) - https:\/\/yoast.com\/wordpress\/plugins\/seo\/ -->\n<title>Conditions g\u00e9n\u00e9rales de parrainage de clients - Kinsta\u00ae<\/title>\n<meta name=\"description\" content=\"Les conditions du parrainage Kinsta : \u00e9ligibilit\u00e9, restrictions et modalit\u00e9s. Version traduite, la version anglaise pr\u00e9vaut en cas de divergence.\" \/>\n<meta name=\"robots\" content=\"index, follow, max-snippet:-1, max-image-preview:large, max-video-preview:-1\" \/>\n<link rel=\"canonical\" href=\"https:\/\/kinsta.com\/fr\/mentions-legales\/conditions-parrainage\/\" \/>\n<meta property=\"og:locale\" content=\"fr_FR\" \/>\n<meta property=\"og:type\" content=\"article\" \/>\n<meta property=\"og:title\" content=\"Conditions g\u00e9n\u00e9rales du programme de parrainage de clients\" \/>\n<meta property=\"og:description\" content=\"Les conditions du parrainage Kinsta : \u00e9ligibilit\u00e9, restrictions et modalit\u00e9s. Version traduite, la version anglaise pr\u00e9vaut en cas de divergence.\" \/>\n<meta property=\"og:url\" content=\"https:\/\/kinsta.com\/fr\/mentions-legales\/conditions-parrainage\/\" \/>\n<meta property=\"og:site_name\" content=\"Kinsta\u00ae\" \/>\n<meta property=\"article:publisher\" content=\"https:\/\/www.facebook.com\/kinstafrance\/\" \/>\n<meta property=\"article:modified_time\" content=\"2025-08-28T15:02:48+00:00\" \/>\n<meta property=\"og:image\" content=\"https:\/\/kinsta.com\/fr\/wp-content\/uploads\/sites\/4\/2023\/12\/kinsta-homepage-fr.png\" \/>\n\t<meta property=\"og:image:width\" content=\"1200\" \/>\n\t<meta property=\"og:image:height\" content=\"628\" \/>\n\t<meta property=\"og:image:type\" content=\"image\/png\" \/>\n<meta name=\"twitter:card\" content=\"summary_large_image\" \/>\n<meta name=\"twitter:description\" content=\"Les conditions du parrainage Kinsta : \u00e9ligibilit\u00e9, restrictions et modalit\u00e9s. Version traduite, la version anglaise pr\u00e9vaut en cas de divergence.\" \/>\n<meta name=\"twitter:image\" content=\"https:\/\/kinsta.com\/fr\/wp-content\/uploads\/sites\/4\/2023\/12\/kinsta-homepage-fr.png\" \/>\n<meta name=\"twitter:site\" content=\"@kinsta_fr\" \/>\n<meta name=\"twitter:label1\" content=\"Dur\u00e9e de lecture estim\u00e9e\" \/>\n\t<meta name=\"twitter:data1\" content=\"6 minutes\" \/>\n<script type=\"application\/ld+json\" class=\"yoast-schema-graph\">{\"@context\":\"https:\/\/schema.org\",\"@graph\":[{\"@type\":\"WebPage\",\"@id\":\"https:\/\/kinsta.com\/fr\/mentions-legales\/conditions-parrainage\/\",\"url\":\"https:\/\/kinsta.com\/fr\/mentions-legales\/conditions-parrainage\/\",\"name\":\"Conditions g\u00e9n\u00e9rales de parrainage de clients - Kinsta\u00ae\",\"isPartOf\":{\"@id\":\"https:\/\/kinsta.com\/fr\/#website\"},\"datePublished\":\"2023-08-09T09:10:20+00:00\",\"dateModified\":\"2025-08-28T15:02:48+00:00\",\"description\":\"Les conditions du parrainage Kinsta : \u00e9ligibilit\u00e9, restrictions et modalit\u00e9s. Version traduite, la version anglaise pr\u00e9vaut en cas de divergence.\",\"breadcrumb\":{\"@id\":\"https:\/\/kinsta.com\/fr\/mentions-legales\/conditions-parrainage\/#breadcrumb\"},\"inLanguage\":\"fr-FR\",\"potentialAction\":[{\"@type\":\"ReadAction\",\"target\":[\"https:\/\/kinsta.com\/fr\/mentions-legales\/conditions-parrainage\/\"]}]},{\"@type\":\"BreadcrumbList\",\"@id\":\"https:\/\/kinsta.com\/fr\/mentions-legales\/conditions-parrainage\/#breadcrumb\",\"itemListElement\":[{\"@type\":\"ListItem\",\"position\":1,\"name\":\"Home\",\"item\":\"https:\/\/kinsta.com\/fr\/\"},{\"@type\":\"ListItem\",\"position\":2,\"name\":\"Mentions l\u00e9gales\",\"item\":\"https:\/\/kinsta.com\/fr\/mentions-legales\/\"},{\"@type\":\"ListItem\",\"position\":3,\"name\":\"Conditions g\u00e9n\u00e9rales du programme de parrainage de clients\"}]},{\"@type\":\"WebSite\",\"@id\":\"https:\/\/kinsta.com\/fr\/#website\",\"url\":\"https:\/\/kinsta.com\/fr\/\",\"name\":\"Kinsta\u00ae\",\"description\":\"Solutions d&#039;h\u00e9bergement premium, rapides et s\u00e9curis\u00e9es\",\"publisher\":{\"@id\":\"https:\/\/kinsta.com\/fr\/#organization\"},\"potentialAction\":[{\"@type\":\"SearchAction\",\"target\":{\"@type\":\"EntryPoint\",\"urlTemplate\":\"https:\/\/kinsta.com\/fr\/?s={search_term_string}\"},\"query-input\":{\"@type\":\"PropertyValueSpecification\",\"valueRequired\":true,\"valueName\":\"search_term_string\"}}],\"inLanguage\":\"fr-FR\"},{\"@type\":\"Organization\",\"@id\":\"https:\/\/kinsta.com\/fr\/#organization\",\"name\":\"Kinsta\",\"url\":\"https:\/\/kinsta.com\/fr\/\",\"logo\":{\"@type\":\"ImageObject\",\"inLanguage\":\"fr-FR\",\"@id\":\"https:\/\/kinsta.com\/fr\/#\/schema\/logo\/image\/\",\"url\":\"https:\/\/kinsta.com\/fr\/wp-content\/uploads\/sites\/4\/2023\/12\/kinsta-logo.jpeg\",\"contentUrl\":\"https:\/\/kinsta.com\/fr\/wp-content\/uploads\/sites\/4\/2023\/12\/kinsta-logo.jpeg\",\"width\":500,\"height\":500,\"caption\":\"Kinsta\"},\"image\":{\"@id\":\"https:\/\/kinsta.com\/fr\/#\/schema\/logo\/image\/\"},\"sameAs\":[\"https:\/\/www.facebook.com\/kinstafrance\/\",\"https:\/\/x.com\/kinsta_fr\",\"https:\/\/www.instagram.com\/kinstahosting\/\",\"https:\/\/www.linkedin.com\/company\/kinsta\/\",\"https:\/\/www.pinterest.com\/kinstahosting\/\",\"https:\/\/www.youtube.com\/c\/Kinsta\"]}]}<\/script>\n<!-- \/ Yoast SEO Premium plugin. -->","yoast_head_json":{"title":"Conditions g\u00e9n\u00e9rales de parrainage de clients - Kinsta\u00ae","description":"Les conditions du parrainage Kinsta : \u00e9ligibilit\u00e9, restrictions et modalit\u00e9s. Version traduite, la version anglaise pr\u00e9vaut en cas de divergence.","robots":{"index":"index","follow":"follow","max-snippet":"max-snippet:-1","max-image-preview":"max-image-preview:large","max-video-preview":"max-video-preview:-1"},"canonical":"https:\/\/kinsta.com\/fr\/mentions-legales\/conditions-parrainage\/","og_locale":"fr_FR","og_type":"article","og_title":"Conditions g\u00e9n\u00e9rales du programme de parrainage de clients","og_description":"Les conditions du parrainage Kinsta : \u00e9ligibilit\u00e9, restrictions et modalit\u00e9s. Version traduite, la version anglaise pr\u00e9vaut en cas de divergence.","og_url":"https:\/\/kinsta.com\/fr\/mentions-legales\/conditions-parrainage\/","og_site_name":"Kinsta\u00ae","article_publisher":"https:\/\/www.facebook.com\/kinstafrance\/","article_modified_time":"2025-08-28T15:02:48+00:00","og_image":[{"width":1200,"height":628,"url":"https:\/\/kinsta.com\/fr\/wp-content\/uploads\/sites\/4\/2023\/12\/kinsta-homepage-fr.png","type":"image\/png"}],"twitter_card":"summary_large_image","twitter_description":"Les conditions du parrainage Kinsta : \u00e9ligibilit\u00e9, restrictions et modalit\u00e9s. Version traduite, la version anglaise pr\u00e9vaut en cas de divergence.","twitter_image":"https:\/\/kinsta.com\/fr\/wp-content\/uploads\/sites\/4\/2023\/12\/kinsta-homepage-fr.png","twitter_site":"@kinsta_fr","twitter_misc":{"Dur\u00e9e de lecture estim\u00e9e":"6 minutes"},"schema":{"@context":"https:\/\/schema.org","@graph":[{"@type":"WebPage","@id":"https:\/\/kinsta.com\/fr\/mentions-legales\/conditions-parrainage\/","url":"https:\/\/kinsta.com\/fr\/mentions-legales\/conditions-parrainage\/","name":"Conditions g\u00e9n\u00e9rales de parrainage de clients - Kinsta\u00ae","isPartOf":{"@id":"https:\/\/kinsta.com\/fr\/#website"},"datePublished":"2023-08-09T09:10:20+00:00","dateModified":"2025-08-28T15:02:48+00:00","description":"Les conditions du parrainage Kinsta : \u00e9ligibilit\u00e9, restrictions et modalit\u00e9s. Version traduite, la version anglaise pr\u00e9vaut en cas de divergence.","breadcrumb":{"@id":"https:\/\/kinsta.com\/fr\/mentions-legales\/conditions-parrainage\/#breadcrumb"},"inLanguage":"fr-FR","potentialAction":[{"@type":"ReadAction","target":["https:\/\/kinsta.com\/fr\/mentions-legales\/conditions-parrainage\/"]}]},{"@type":"BreadcrumbList","@id":"https:\/\/kinsta.com\/fr\/mentions-legales\/conditions-parrainage\/#breadcrumb","itemListElement":[{"@type":"ListItem","position":1,"name":"Home","item":"https:\/\/kinsta.com\/fr\/"},{"@type":"ListItem","position":2,"name":"Mentions l\u00e9gales","item":"https:\/\/kinsta.com\/fr\/mentions-legales\/"},{"@type":"ListItem","position":3,"name":"Conditions g\u00e9n\u00e9rales du programme de parrainage de clients"}]},{"@type":"WebSite","@id":"https:\/\/kinsta.com\/fr\/#website","url":"https:\/\/kinsta.com\/fr\/","name":"Kinsta\u00ae","description":"Solutions d&#039;h\u00e9bergement premium, rapides et s\u00e9curis\u00e9es","publisher":{"@id":"https:\/\/kinsta.com\/fr\/#organization"},"potentialAction":[{"@type":"SearchAction","target":{"@type":"EntryPoint","urlTemplate":"https:\/\/kinsta.com\/fr\/?s={search_term_string}"},"query-input":{"@type":"PropertyValueSpecification","valueRequired":true,"valueName":"search_term_string"}}],"inLanguage":"fr-FR"},{"@type":"Organization","@id":"https:\/\/kinsta.com\/fr\/#organization","name":"Kinsta","url":"https:\/\/kinsta.com\/fr\/","logo":{"@type":"ImageObject","inLanguage":"fr-FR","@id":"https:\/\/kinsta.com\/fr\/#\/schema\/logo\/image\/","url":"https:\/\/kinsta.com\/fr\/wp-content\/uploads\/sites\/4\/2023\/12\/kinsta-logo.jpeg","contentUrl":"https:\/\/kinsta.com\/fr\/wp-content\/uploads\/sites\/4\/2023\/12\/kinsta-logo.jpeg","width":500,"height":500,"caption":"Kinsta"},"image":{"@id":"https:\/\/kinsta.com\/fr\/#\/schema\/logo\/image\/"},"sameAs":["https:\/\/www.facebook.com\/kinstafrance\/","https:\/\/x.com\/kinsta_fr","https:\/\/www.instagram.com\/kinstahosting\/","https:\/\/www.linkedin.com\/company\/kinsta\/","https:\/\/www.pinterest.com\/kinstahosting\/","https:\/\/www.youtube.com\/c\/Kinsta"]}]}},"acf":[],"_links":{"self":[{"href":"https:\/\/kinsta.com\/fr\/wp-json\/wp\/v2\/pages\/71795","targetHints":{"allow":["GET"]}}],"collection":[{"href":"https:\/\/kinsta.com\/fr\/wp-json\/wp\/v2\/pages"}],"about":[{"href":"https:\/\/kinsta.com\/fr\/wp-json\/wp\/v2\/types\/page"}],"author":[{"embeddable":true,"href":"https:\/\/kinsta.com\/fr\/wp-json\/wp\/v2\/users\/230"}],"replies":[{"embeddable":true,"href":"https:\/\/kinsta.com\/fr\/wp-json\/wp\/v2\/comments?post=71795"}],"version-history":[{"count":7,"href":"https:\/\/kinsta.com\/fr\/wp-json\/wp\/v2\/pages\/71795\/revisions"}],"predecessor-version":[{"id":77348,"href":"https:\/\/kinsta.com\/fr\/wp-json\/wp\/v2\/pages\/71795\/revisions\/77348"}],"up":[{"embeddable":true,"href":"https:\/\/kinsta.com\/fr\/wp-json\/wp\/v2\/pages\/4579"}],"alternate":[{"embeddable":true,"hreflang":"en","title":"English","href":"https:\/\/kinsta.com\/fr\/wp-json\/kinsta\/v1\/posts\/71795\/translations\/en"},{"embeddable":true,"hreflang":"it","title":"Italian","href":"https:\/\/kinsta.com\/fr\/wp-json\/kinsta\/v1\/posts\/71795\/translations\/it"},{"embeddable":true,"hreflang":"pt","title":"Portuguese","href":"https:\/\/kinsta.com\/fr\/wp-json\/kinsta\/v1\/posts\/71795\/translations\/pt"},{"embeddable":true,"hreflang":"fr","title":"French","href":"https:\/\/kinsta.com\/fr\/wp-json\/kinsta\/v1\/posts\/71795\/translations\/fr"},{"embeddable":true,"hreflang":"de","title":"German","href":"https:\/\/kinsta.com\/fr\/wp-json\/kinsta\/v1\/posts\/71795\/translations\/de"},{"embeddable":true,"hreflang":"ja","title":"Japanese","href":"https:\/\/kinsta.com\/fr\/wp-json\/kinsta\/v1\/posts\/71795\/translations\/jp"},{"embeddable":true,"hreflang":"nl","title":"Dutch","href":"https:\/\/kinsta.com\/fr\/wp-json\/kinsta\/v1\/posts\/71795\/translations\/nl"},{"embeddable":true,"hreflang":"es","title":"Spanish","href":"https:\/\/kinsta.com\/fr\/wp-json\/kinsta\/v1\/posts\/71795\/translations\/es"},{"href":"https:\/\/kinsta.com\/fr\/wp-json\/kinsta\/v1\/posts\/71795\/tree"}],"wp:attachment":[{"href":"https:\/\/kinsta.com\/fr\/wp-json\/wp\/v2\/media?parent=71795"}],"curies":[{"name":"wp","href":"https:\/\/api.w.org\/{rel}","templated":true}]}}