{"id":76936,"date":"2024-05-06T14:37:42","date_gmt":"2024-05-06T13:37:42","guid":{"rendered":"https:\/\/kinsta.com\/fr\/?page_id=76936&#038;preview_id=76936"},"modified":"2026-01-30T13:42:38","modified_gmt":"2026-01-30T12:42:38","slug":"contacter-le-service-commercial","status":"publish","type":"page","link":"https:\/\/kinsta.com\/fr\/contacter-le-service-commercial\/","title":{"rendered":"Parlez aux commerciaux"},"content":{"rendered":"\n<div class=\"wp-block-kinsta-columns is-vertical-top\">\n<div class=\"wp-block-kinsta-column wp-block-kinsta-columns__column\">\n<h1 class=\"wp-block-heading\" id=\"h-parlez-aux-commerciaux\">Parlez aux commerciaux<\/h1>\n\n\n\n<p>Parlez \u00e0 l&rsquo;un de nos experts en h\u00e9bergement qualifi\u00e9s, qui cumulent plus de 100 ans d&rsquo;exp\u00e9rience dans l&rsquo;industrie. Faites-nous part de vos besoins en mati\u00e8re d&rsquo;h\u00e9bergement et recevez une recommandation adapt\u00e9e \u00e0 vos besoins.<\/p>\n\n\n\n<p><strong>En savoir plus sur\u00a0:<\/strong><\/p>\n\n\n\n<ul class=\"wp-block-list\">\n<li>Processus de migration de Kinsta<\/li>\n\n\n\n<li>Gestion de sites WordPress et d&rsquo;autres services d&rsquo;h\u00e9bergement<\/li>\n\n\n\n<li>Collaboration d&rsquo;\u00e9quipe dans MyKinsta<\/li>\n\n\n\n<li>Surveillance et statistiques<\/li>\n\n\n\n<li>Support expert de Kinsta 24\/7<\/li>\n\n\n\n<li>Fonctionnalit\u00e9s (APM, sauvegardes, CDN, cache, staging et bien plus)<\/li>\n\n\n\n<li>Notre processus sans faille de mont\u00e9e et de descente en gamme<\/li>\n<\/ul>\n\n\n\n<aside class=\"wp-block-kinsta-sales-team\">\n    <ul class=\"sales-team-list\">\n        <li><img loading=\"lazy\" decoding=\"async\" src=\"https:\/\/kinsta.com\/fr\/wp-content\/themes\/kinsta\/images\/sales-team\/avatar1.png\" alt=\"Bence Farkas\" width=\"50\" height=\"50\" \/><\/li>\n        <li><img loading=\"lazy\" decoding=\"async\" src=\"https:\/\/kinsta.com\/fr\/wp-content\/themes\/kinsta\/images\/sales-team\/avatar2.png\" alt=\"Ella Mabrito\" width=\"50\" height=\"50\" \/><\/li>\n        <li><img loading=\"lazy\" decoding=\"async\" src=\"https:\/\/kinsta.com\/fr\/wp-content\/themes\/kinsta\/images\/sales-team\/avatar3.png\" alt=\"Christophe Asselin de Beauville\" width=\"50\" height=\"50\" \/><\/li>\n        <li><img loading=\"lazy\" decoding=\"async\" src=\"https:\/\/kinsta.com\/fr\/wp-content\/themes\/kinsta\/images\/sales-team\/avatar4.png\" alt=\"Megan Hall\" width=\"50\" height=\"50\" \/><\/li>\n    <\/ul>\n            <p>Nos experts commerciaux sont pr\u00eats \u00e0 r\u00e9pondre \u00e0 toutes vos questions.<\/p>\n    <\/aside>\n\n\n<\/div>\n\n\n\n<div class=\"wp-block-kinsta-column wp-block-kinsta-columns__column show-sm-up\">\n<figure class=\"wp-block-image size-full\"><img decoding=\"async\" width=\"2040\" height=\"2040\" loading=\"eager\" fetchpriority=\"high\" src=\"https:\/\/kinsta.com\/fr\/wp-content\/uploads\/sites\/4\/2026\/01\/FR_asset_talk-to-sales.png\" alt=\"Pr\u00e9sentation commerciale avec le personnel de Kinsta\" class=\"wp-image-82258\" srcset=\"https:\/\/kinsta.com\/fr\/wp-content\/uploads\/sites\/4\/2026\/01\/FR_asset_talk-to-sales.png 2040w, https:\/\/kinsta.com\/fr\/wp-content\/uploads\/sites\/4\/2026\/01\/FR_asset_talk-to-sales-300x300.png 300w, https:\/\/kinsta.com\/fr\/wp-content\/uploads\/sites\/4\/2026\/01\/FR_asset_talk-to-sales-1024x1024.png 1024w, https:\/\/kinsta.com\/fr\/wp-content\/uploads\/sites\/4\/2026\/01\/FR_asset_talk-to-sales-150x150.png 150w, https:\/\/kinsta.com\/fr\/wp-content\/uploads\/sites\/4\/2026\/01\/FR_asset_talk-to-sales-768x768.png 768w, https:\/\/kinsta.com\/fr\/wp-content\/uploads\/sites\/4\/2026\/01\/FR_asset_talk-to-sales-1536x1536.png 1536w\" sizes=\"(max-width: 2040px) 100vw, 2040px\" \/><\/figure>\n<\/div>\n<\/div>\n\n\n\n<div style=\"height:50px\" aria-hidden=\"true\" class=\"wp-block-spacer\"><\/div>\n\n\n\n<div class=\"wp-block-kinsta-columns is-vertical-top\">\n<div class=\"wp-block-kinsta-column wp-block-kinsta-columns__column\">\n<div class=\"wp-block-kinsta-tabs is-style-pricing\"><div class=\"wp-block-kinsta-tabs__nav\"><ul><li><a id=\"book-a-call-tab\" href=\"#book-a-call\" class=\"wp-block-kinsta-tabs__tab\"><img decoding=\"async\" alt loading=\"lazy\" class=\"wp-block-kinsta-tabs__tab__icon\" src=\"\/wp-content\/themes\/kinsta\/images\/duos\/small\/star.svg\" aria-hidden=\"true\" width=\"40\" height=\"40\"><span class=\"wp-block-kinsta-tabs__tab__title tab__title_long\">R\u00e9servez un appel<\/span><\/a><\/li><li><a id=\"message-us-tab\" href=\"#message-us\" class=\"wp-block-kinsta-tabs__tab\"><img decoding=\"async\" alt loading=\"lazy\" class=\"wp-block-kinsta-tabs__tab__icon\" src=\"\/wp-content\/themes\/kinsta\/images\/duos\/small\/star.svg\" aria-hidden=\"true\" width=\"40\" height=\"40\"><span class=\"wp-block-kinsta-tabs__tab__title tab__title_long\">Envoyez-nous un message<\/span><\/a><\/li><\/ul><\/div><div class=\"wp-block-kinsta-tabs__container\">\n<div class=\"wp-block-kinsta-tabs-tab wp-block-kinsta-tabs__content\" id=\"book-a-call\">\n<h3 class=\"wp-block-heading\" id=\"h-\"><\/h3>\n\n\n\n<div data-interface=\"Appointment\"><\/div>\n<\/div>\n\n\n\n<div class=\"wp-block-kinsta-tabs-tab wp-block-kinsta-tabs__content\" id=\"message-us\">\n<h3 class=\"wp-block-heading\" id=\"h-\"><\/h3>\n\n\n\n<div data-interface=\"Message\"><\/div>\n<\/div>\n<\/div><\/div>\n<\/div>\n\n\n\n<div class=\"wp-block-kinsta-column wp-block-kinsta-columns__column\">\n<h2 class=\"wp-block-heading\" id=\"h-faq\">FAQ :<\/h2>\n\n\n\n<div class=\"wp-block-kinsta-accordion\">\n<details class=\"wp-block-kinsta-accordion-item wp-block-kinsta-accordion__item\"><summary class=\"wp-block-kinsta-accordion__title\">Serai-je pouss\u00e9 \u00e0 m&rsquo;inscrire ?<\/summary>\n<p>Non ! Notre \u00e9quipe est l\u00e0 pour donner des conseils et non pour vous pousser \u00e0 souscrire \u00e0 une solution. Aucun engagement n&rsquo;est n\u00e9cessaire.<\/p>\n<\/details>\n\n\n\n<details class=\"wp-block-kinsta-accordion-item wp-block-kinsta-accordion__item\"><summary class=\"wp-block-kinsta-accordion__title\">Dois-je \u00eatre technicien pour participer \u00e0 l&rsquo;appel ?<\/summary>\n<p>Vous n&rsquo;y \u00eates pas oblig\u00e9. Nous serons ravis de discuter de l&rsquo;aspect commercial des choses ou des d\u00e9tails techniques. Faites-nous part de vos pr\u00e9f\u00e9rences et nous nous pr\u00e9parerons en cons\u00e9quence.<\/p>\n<\/details>\n\n\n\n<details class=\"wp-block-kinsta-accordion-item wp-block-kinsta-accordion__item\"><summary class=\"wp-block-kinsta-accordion__title\">Dois-je pr\u00e9parer mon site \u00e0 la migration d\u00e8s maintenant ?<\/summary>\n<p>Non. Nous sommes heureux de vous aider pour les migrations prioritaires, bien s\u00fbr, mais nous sommes \u00e9galement heureux de r\u00e9fl\u00e9chir ensemble \u00e0 de futurs projets.<\/p>\n<\/details>\n\n\n\n<details class=\"wp-block-kinsta-accordion-item wp-block-kinsta-accordion__item\"><summary class=\"wp-block-kinsta-accordion__title\">Pouvez-vous \u00e9galement nous aider pour des projets autres que WordPress ?<\/summary>\n<p>Vous utilisez d&rsquo;autres frameworks en plus de WordPress ou vous n&rsquo;utilisez pas du tout WordPress ? Nous serons ravis de vous aider ! Faites-le nous savoir dans votre message, et nous nous assurerons de vous mettre en relation avec les bons experts.<\/p>\n<\/details>\n\n\n\n<details class=\"wp-block-kinsta-accordion-item wp-block-kinsta-accordion__item\"><summary class=\"wp-block-kinsta-accordion__title\">S&rsquo;agira-t-il d&rsquo;un discours de ventes standardis\u00e9 ?<\/summary>\n<p>Vous pouvez d\u00e9finir le planning en fonction de vos pr\u00e9f\u00e9rences. Vous voulez entendre notre \u00ab pitch \u00bb, nous serons ravis de vous le pr\u00e9senter. Vous voulez simplement r\u00e9fl\u00e9chir \u00e0 un projet, n&rsquo;h\u00e9sitez pas \u00e0 lancer quelques id\u00e9es. Vous avez une tonne de questions auxquelles vous devez r\u00e9pondre, nous sommes l\u00e0 pour vous.<\/p>\n<\/details>\n\n\n\n<details class=\"wp-block-kinsta-accordion-item wp-block-kinsta-accordion__item\"><summary class=\"wp-block-kinsta-accordion__title\">Puis-je obtenir un devis imm\u00e9diatement apr\u00e8s l&rsquo;appel ?<\/summary>\n<p>Nous serons heureux de partager avec vous nos recommandations et un devis personnalis\u00e9. Veuillez pr\u00e9parer et partager les mesures de vos sites lors de l&rsquo;appel afin que nous puissions vous faire l&rsquo;offre la plus pr\u00e9cise et adapt\u00e9e \u00e0 vos besoins.<\/p>\n<\/details>\n<\/div>\n<\/div>\n<\/div>\n\n\n\n<div style=\"height:50px\" aria-hidden=\"true\" class=\"wp-block-spacer\"><\/div>\n\n\n\n<p class=\"has-text-align-center\">Plus de 230.000 entreprises et marques du monde entier nous font confiance<\/p>\n\n\n<div class=\"wp-block-kinsta-template-part--client-logos wp-block-kinsta-template-part--client-logos--scrolling alignwide alignwide wp-block-kinsta-template-part\" ><div class=\"logos is-scrolling\" style=\"\n    --logos-count: 8;\n    --logos-individual-max-width: 200px;\n    --logos-height: 50px;\n    --logos-width-total: 1171.4509803922;\n;\">\n    <div class=\"logos__inner\">\n                    <img decoding=\"async\"  src=\"https:\/\/kinsta.com\/fr\/wp-content\/themes\/kinsta\/images\/components\/client-logos\/nasa.svg?v=2026-02-23\" width=\"62\" height=\"51\" alt=\"Logo de l&#039;entreprise NASA\" loading=\"lazy\" class=\"logos__logo logos__logo--has-shades\" \/>\n                    <img decoding=\"async\"  src=\"https:\/\/kinsta.com\/fr\/wp-content\/themes\/kinsta\/images\/components\/client-logos\/audemars-piguet.svg?v=2026-02-23\" width=\"201\" height=\"44\" alt=\"Logo de l&#039;entreprise Audemars Piguet\" loading=\"lazy\" class=\"logos__logo\" \/>\n                    <img decoding=\"async\"  src=\"https:\/\/kinsta.com\/fr\/wp-content\/themes\/kinsta\/images\/components\/client-logos\/lesaffre.png?v=2026-02-23\" width=\"396\" height=\"100\" alt=\"Logo de l&#039;entreprise LeSaffre\" loading=\"lazy\" class=\"logos__logo\" \/>\n                    <img decoding=\"async\"  src=\"https:\/\/kinsta.com\/fr\/wp-content\/themes\/kinsta\/images\/components\/client-logos\/tripadvisor.svg?v=2026-02-23\" width=\"275\" height=\"50\" alt=\"Logo de l&#039;entreprise TripAdvisor\" loading=\"lazy\" class=\"logos__logo\" \/>\n                    <img decoding=\"async\"  src=\"https:\/\/kinsta.com\/fr\/wp-content\/themes\/kinsta\/images\/components\/client-logos\/brevo.svg?v=2026-02-23\" width=\"123\" height=\"50\" alt=\"Logo de l&#039;entreprise Brevo\" loading=\"lazy\" class=\"logos__logo\" \/>\n                    <img decoding=\"async\"  src=\"https:\/\/kinsta.com\/fr\/wp-content\/themes\/kinsta\/images\/components\/client-logos\/doctolib.svg?v=2026-02-23\" width=\"174\" height=\"50\" alt=\"Logo de l&#039;entreprise DoctoLib\" loading=\"lazy\" class=\"logos__logo\" \/>\n                    <img decoding=\"async\"  src=\"https:\/\/kinsta.com\/fr\/wp-content\/themes\/kinsta\/images\/components\/client-logos\/wp-umbrella.svg?v=2026-02-23\" width=\"149\" height=\"60\" alt=\"Logo de l&#039;entreprise WP Umbrella\" loading=\"lazy\" class=\"logos__logo\" \/>\n                    <img decoding=\"async\"  src=\"https:\/\/kinsta.com\/fr\/wp-content\/themes\/kinsta\/images\/components\/client-logos\/tpa.png?v=2026-02-23\" width=\"183\" height=\"100\" alt=\"Logo de l&#039;entreprise TotalEnergies Professeurs Associ\u00e9s\" loading=\"lazy\" class=\"logos__logo\" \/>\n            <\/div>\n<\/div>\n<\/div>\n\n\n<p><\/p>\n","protected":false},"excerpt":{"rendered":"<p>Plus de entreprises et marques du monde entier nous font confiance<\/p>\n","protected":false},"author":187,"featured_media":0,"parent":0,"menu_order":0,"comment_status":"closed","ping_status":"closed","template":"templates\/template-full-width.php","meta":{"_kinsta_gated_content":false,"_kinsta_gated_content_redirect":"","footnotes":""},"class_list":["post-76936","page","type-page","status-publish","hentry"],"yoast_head":"<!-- This site is optimized with the Yoast SEO Premium plugin v24.6 (Yoast SEO v24.6) - https:\/\/yoast.com\/wordpress\/plugins\/seo\/ -->\n<title>Avoir une discussion avec l&#039;\u00e9quipe des ventes - Kinsta\u00ae<\/title>\n<meta name=\"description\" content=\"Conseils d&#039;experts en h\u00e9bergement infog\u00e9r\u00e9 WordPress adapt\u00e9s \u00e0 tous vos besoins. B\u00e9n\u00e9ficiez de plus de 100 ans d&#039;exp\u00e9rience, d&#039;un support 24\/7.\" \/>\n<meta name=\"robots\" content=\"index, follow, max-snippet:-1, max-image-preview:large, max-video-preview:-1\" \/>\n<link rel=\"canonical\" href=\"https:\/\/kinsta.com\/fr\/contacter-le-service-commercial\/\" \/>\n<meta property=\"og:locale\" content=\"fr_FR\" \/>\n<meta property=\"og:type\" content=\"article\" \/>\n<meta property=\"og:title\" content=\"Parlez aux commerciaux\" \/>\n<meta property=\"og:description\" content=\"Conseils d&#039;experts en h\u00e9bergement infog\u00e9r\u00e9 WordPress adapt\u00e9s \u00e0 tous vos besoins. B\u00e9n\u00e9ficiez de plus de 100 ans d&#039;exp\u00e9rience, d&#039;un support 24\/7.\" \/>\n<meta property=\"og:url\" content=\"https:\/\/kinsta.com\/fr\/contacter-le-service-commercial\/\" \/>\n<meta property=\"og:site_name\" content=\"Kinsta\u00ae\" \/>\n<meta property=\"article:publisher\" content=\"https:\/\/www.facebook.com\/kinstafrance\/\" \/>\n<meta property=\"article:modified_time\" content=\"2026-01-30T12:42:38+00:00\" \/>\n<meta property=\"og:image\" content=\"https:\/\/kinsta.com\/fr\/wp-content\/uploads\/sites\/4\/2026\/01\/FR_asset_talk-to-sales.png\" \/>\n<meta name=\"twitter:card\" content=\"summary_large_image\" \/>\n<meta name=\"twitter:description\" content=\"Conseils d&#039;experts en h\u00e9bergement infog\u00e9r\u00e9 WordPress adapt\u00e9s \u00e0 tous vos besoins. B\u00e9n\u00e9ficiez de plus de 100 ans d&#039;exp\u00e9rience, d&#039;un support 24\/7.\" \/>\n<meta name=\"twitter:image\" content=\"https:\/\/kinsta.com\/fr\/wp-content\/uploads\/sites\/4\/2023\/12\/kinsta-homepage-fr.png\" \/>\n<meta name=\"twitter:site\" content=\"@kinsta_fr\" \/>\n<meta name=\"twitter:label1\" content=\"Dur\u00e9e de lecture estim\u00e9e\" \/>\n\t<meta name=\"twitter:data1\" content=\"2 minutes\" \/>\n<script type=\"application\/ld+json\" class=\"yoast-schema-graph\">{\"@context\":\"https:\/\/schema.org\",\"@graph\":[{\"@type\":\"WebPage\",\"@id\":\"https:\/\/kinsta.com\/fr\/contacter-le-service-commercial\/\",\"url\":\"https:\/\/kinsta.com\/fr\/contacter-le-service-commercial\/\",\"name\":\"Avoir une discussion avec l'\u00e9quipe des ventes - Kinsta\u00ae\",\"isPartOf\":{\"@id\":\"https:\/\/kinsta.com\/fr\/#website\"},\"primaryImageOfPage\":{\"@id\":\"https:\/\/kinsta.com\/fr\/contacter-le-service-commercial\/#primaryimage\"},\"image\":{\"@id\":\"https:\/\/kinsta.com\/fr\/contacter-le-service-commercial\/#primaryimage\"},\"thumbnailUrl\":\"https:\/\/kinsta.com\/fr\/wp-content\/uploads\/sites\/4\/2026\/01\/FR_asset_talk-to-sales.png\",\"datePublished\":\"2024-05-06T13:37:42+00:00\",\"dateModified\":\"2026-01-30T12:42:38+00:00\",\"description\":\"Conseils d'experts en h\u00e9bergement infog\u00e9r\u00e9 WordPress adapt\u00e9s \u00e0 tous vos besoins. B\u00e9n\u00e9ficiez de plus de 100 ans d'exp\u00e9rience, d'un support 24\/7.\",\"breadcrumb\":{\"@id\":\"https:\/\/kinsta.com\/fr\/contacter-le-service-commercial\/#breadcrumb\"},\"inLanguage\":\"fr-FR\",\"potentialAction\":[{\"@type\":\"ReadAction\",\"target\":[\"https:\/\/kinsta.com\/fr\/contacter-le-service-commercial\/\"]}]},{\"@type\":\"ImageObject\",\"inLanguage\":\"fr-FR\",\"@id\":\"https:\/\/kinsta.com\/fr\/contacter-le-service-commercial\/#primaryimage\",\"url\":\"https:\/\/kinsta.com\/fr\/wp-content\/uploads\/sites\/4\/2026\/01\/FR_asset_talk-to-sales.png\",\"contentUrl\":\"https:\/\/kinsta.com\/fr\/wp-content\/uploads\/sites\/4\/2026\/01\/FR_asset_talk-to-sales.png\",\"width\":2040,\"height\":2040},{\"@type\":\"BreadcrumbList\",\"@id\":\"https:\/\/kinsta.com\/fr\/contacter-le-service-commercial\/#breadcrumb\",\"itemListElement\":[{\"@type\":\"ListItem\",\"position\":1,\"name\":\"Home\",\"item\":\"https:\/\/kinsta.com\/fr\/\"},{\"@type\":\"ListItem\",\"position\":2,\"name\":\"Parlez aux commerciaux\"}]},{\"@type\":\"WebSite\",\"@id\":\"https:\/\/kinsta.com\/fr\/#website\",\"url\":\"https:\/\/kinsta.com\/fr\/\",\"name\":\"Kinsta\u00ae\",\"description\":\"Solutions d&#039;h\u00e9bergement premium, rapides et s\u00e9curis\u00e9es\",\"publisher\":{\"@id\":\"https:\/\/kinsta.com\/fr\/#organization\"},\"potentialAction\":[{\"@type\":\"SearchAction\",\"target\":{\"@type\":\"EntryPoint\",\"urlTemplate\":\"https:\/\/kinsta.com\/fr\/?s={search_term_string}\"},\"query-input\":{\"@type\":\"PropertyValueSpecification\",\"valueRequired\":true,\"valueName\":\"search_term_string\"}}],\"inLanguage\":\"fr-FR\"},{\"@type\":\"Organization\",\"@id\":\"https:\/\/kinsta.com\/fr\/#organization\",\"name\":\"Kinsta\",\"url\":\"https:\/\/kinsta.com\/fr\/\",\"logo\":{\"@type\":\"ImageObject\",\"inLanguage\":\"fr-FR\",\"@id\":\"https:\/\/kinsta.com\/fr\/#\/schema\/logo\/image\/\",\"url\":\"https:\/\/kinsta.com\/fr\/wp-content\/uploads\/sites\/4\/2023\/12\/kinsta-logo.jpeg\",\"contentUrl\":\"https:\/\/kinsta.com\/fr\/wp-content\/uploads\/sites\/4\/2023\/12\/kinsta-logo.jpeg\",\"width\":500,\"height\":500,\"caption\":\"Kinsta\"},\"image\":{\"@id\":\"https:\/\/kinsta.com\/fr\/#\/schema\/logo\/image\/\"},\"sameAs\":[\"https:\/\/www.facebook.com\/kinstafrance\/\",\"https:\/\/x.com\/kinsta_fr\",\"https:\/\/www.instagram.com\/kinstahosting\/\",\"https:\/\/www.linkedin.com\/company\/kinsta\/\",\"https:\/\/www.pinterest.com\/kinstahosting\/\",\"https:\/\/www.youtube.com\/c\/Kinsta\"]}]}<\/script>\n<!-- \/ Yoast SEO Premium plugin. -->","yoast_head_json":{"title":"Avoir une discussion avec l'\u00e9quipe des ventes - Kinsta\u00ae","description":"Conseils d'experts en h\u00e9bergement infog\u00e9r\u00e9 WordPress adapt\u00e9s \u00e0 tous vos besoins. B\u00e9n\u00e9ficiez de plus de 100 ans d'exp\u00e9rience, d'un support 24\/7.","robots":{"index":"index","follow":"follow","max-snippet":"max-snippet:-1","max-image-preview":"max-image-preview:large","max-video-preview":"max-video-preview:-1"},"canonical":"https:\/\/kinsta.com\/fr\/contacter-le-service-commercial\/","og_locale":"fr_FR","og_type":"article","og_title":"Parlez aux commerciaux","og_description":"Conseils d'experts en h\u00e9bergement infog\u00e9r\u00e9 WordPress adapt\u00e9s \u00e0 tous vos besoins. B\u00e9n\u00e9ficiez de plus de 100 ans d'exp\u00e9rience, d'un support 24\/7.","og_url":"https:\/\/kinsta.com\/fr\/contacter-le-service-commercial\/","og_site_name":"Kinsta\u00ae","article_publisher":"https:\/\/www.facebook.com\/kinstafrance\/","article_modified_time":"2026-01-30T12:42:38+00:00","og_image":[{"url":"https:\/\/kinsta.com\/fr\/wp-content\/uploads\/sites\/4\/2026\/01\/FR_asset_talk-to-sales.png","type":"","width":"","height":""}],"twitter_card":"summary_large_image","twitter_description":"Conseils d'experts en h\u00e9bergement infog\u00e9r\u00e9 WordPress adapt\u00e9s \u00e0 tous vos besoins. B\u00e9n\u00e9ficiez de plus de 100 ans d'exp\u00e9rience, d'un support 24\/7.","twitter_image":"https:\/\/kinsta.com\/fr\/wp-content\/uploads\/sites\/4\/2023\/12\/kinsta-homepage-fr.png","twitter_site":"@kinsta_fr","twitter_misc":{"Dur\u00e9e de lecture estim\u00e9e":"2 minutes"},"schema":{"@context":"https:\/\/schema.org","@graph":[{"@type":"WebPage","@id":"https:\/\/kinsta.com\/fr\/contacter-le-service-commercial\/","url":"https:\/\/kinsta.com\/fr\/contacter-le-service-commercial\/","name":"Avoir une discussion avec l'\u00e9quipe des ventes - Kinsta\u00ae","isPartOf":{"@id":"https:\/\/kinsta.com\/fr\/#website"},"primaryImageOfPage":{"@id":"https:\/\/kinsta.com\/fr\/contacter-le-service-commercial\/#primaryimage"},"image":{"@id":"https:\/\/kinsta.com\/fr\/contacter-le-service-commercial\/#primaryimage"},"thumbnailUrl":"https:\/\/kinsta.com\/fr\/wp-content\/uploads\/sites\/4\/2026\/01\/FR_asset_talk-to-sales.png","datePublished":"2024-05-06T13:37:42+00:00","dateModified":"2026-01-30T12:42:38+00:00","description":"Conseils d'experts en h\u00e9bergement infog\u00e9r\u00e9 WordPress adapt\u00e9s \u00e0 tous vos besoins. B\u00e9n\u00e9ficiez de plus de 100 ans d'exp\u00e9rience, d'un support 24\/7.","breadcrumb":{"@id":"https:\/\/kinsta.com\/fr\/contacter-le-service-commercial\/#breadcrumb"},"inLanguage":"fr-FR","potentialAction":[{"@type":"ReadAction","target":["https:\/\/kinsta.com\/fr\/contacter-le-service-commercial\/"]}]},{"@type":"ImageObject","inLanguage":"fr-FR","@id":"https:\/\/kinsta.com\/fr\/contacter-le-service-commercial\/#primaryimage","url":"https:\/\/kinsta.com\/fr\/wp-content\/uploads\/sites\/4\/2026\/01\/FR_asset_talk-to-sales.png","contentUrl":"https:\/\/kinsta.com\/fr\/wp-content\/uploads\/sites\/4\/2026\/01\/FR_asset_talk-to-sales.png","width":2040,"height":2040},{"@type":"BreadcrumbList","@id":"https:\/\/kinsta.com\/fr\/contacter-le-service-commercial\/#breadcrumb","itemListElement":[{"@type":"ListItem","position":1,"name":"Home","item":"https:\/\/kinsta.com\/fr\/"},{"@type":"ListItem","position":2,"name":"Parlez aux commerciaux"}]},{"@type":"WebSite","@id":"https:\/\/kinsta.com\/fr\/#website","url":"https:\/\/kinsta.com\/fr\/","name":"Kinsta\u00ae","description":"Solutions d&#039;h\u00e9bergement premium, rapides et s\u00e9curis\u00e9es","publisher":{"@id":"https:\/\/kinsta.com\/fr\/#organization"},"potentialAction":[{"@type":"SearchAction","target":{"@type":"EntryPoint","urlTemplate":"https:\/\/kinsta.com\/fr\/?s={search_term_string}"},"query-input":{"@type":"PropertyValueSpecification","valueRequired":true,"valueName":"search_term_string"}}],"inLanguage":"fr-FR"},{"@type":"Organization","@id":"https:\/\/kinsta.com\/fr\/#organization","name":"Kinsta","url":"https:\/\/kinsta.com\/fr\/","logo":{"@type":"ImageObject","inLanguage":"fr-FR","@id":"https:\/\/kinsta.com\/fr\/#\/schema\/logo\/image\/","url":"https:\/\/kinsta.com\/fr\/wp-content\/uploads\/sites\/4\/2023\/12\/kinsta-logo.jpeg","contentUrl":"https:\/\/kinsta.com\/fr\/wp-content\/uploads\/sites\/4\/2023\/12\/kinsta-logo.jpeg","width":500,"height":500,"caption":"Kinsta"},"image":{"@id":"https:\/\/kinsta.com\/fr\/#\/schema\/logo\/image\/"},"sameAs":["https:\/\/www.facebook.com\/kinstafrance\/","https:\/\/x.com\/kinsta_fr","https:\/\/www.instagram.com\/kinstahosting\/","https:\/\/www.linkedin.com\/company\/kinsta\/","https:\/\/www.pinterest.com\/kinstahosting\/","https:\/\/www.youtube.com\/c\/Kinsta"]}]}},"acf":[],"_links":{"self":[{"href":"https:\/\/kinsta.com\/fr\/wp-json\/wp\/v2\/pages\/76936","targetHints":{"allow":["GET"]}}],"collection":[{"href":"https:\/\/kinsta.com\/fr\/wp-json\/wp\/v2\/pages"}],"about":[{"href":"https:\/\/kinsta.com\/fr\/wp-json\/wp\/v2\/types\/page"}],"author":[{"embeddable":true,"href":"https:\/\/kinsta.com\/fr\/wp-json\/wp\/v2\/users\/187"}],"replies":[{"embeddable":true,"href":"https:\/\/kinsta.com\/fr\/wp-json\/wp\/v2\/comments?post=76936"}],"version-history":[{"count":4,"href":"https:\/\/kinsta.com\/fr\/wp-json\/wp\/v2\/pages\/76936\/revisions"}],"predecessor-version":[{"id":82259,"href":"https:\/\/kinsta.com\/fr\/wp-json\/wp\/v2\/pages\/76936\/revisions\/82259"}],"alternate":[{"embeddable":true,"hreflang":"en","title":"English","href":"https:\/\/kinsta.com\/fr\/wp-json\/kinsta\/v1\/posts\/76936\/translations\/en"},{"embeddable":true,"hreflang":"it","title":"Italian","href":"https:\/\/kinsta.com\/fr\/wp-json\/kinsta\/v1\/posts\/76936\/translations\/it"},{"embeddable":true,"hreflang":"pt","title":"Portuguese","href":"https:\/\/kinsta.com\/fr\/wp-json\/kinsta\/v1\/posts\/76936\/translations\/pt"},{"embeddable":true,"hreflang":"fr","title":"French","href":"https:\/\/kinsta.com\/fr\/wp-json\/kinsta\/v1\/posts\/76936\/translations\/fr"},{"embeddable":true,"hreflang":"de","title":"German","href":"https:\/\/kinsta.com\/fr\/wp-json\/kinsta\/v1\/posts\/76936\/translations\/de"},{"embeddable":true,"hreflang":"ja","title":"Japanese","href":"https:\/\/kinsta.com\/fr\/wp-json\/kinsta\/v1\/posts\/76936\/translations\/jp"},{"embeddable":true,"hreflang":"nl","title":"Dutch","href":"https:\/\/kinsta.com\/fr\/wp-json\/kinsta\/v1\/posts\/76936\/translations\/nl"},{"embeddable":true,"hreflang":"es","title":"Spanish","href":"https:\/\/kinsta.com\/fr\/wp-json\/kinsta\/v1\/posts\/76936\/translations\/es"},{"embeddable":true,"hreflang":"sv","title":"Swedish","href":"https:\/\/kinsta.com\/fr\/wp-json\/kinsta\/v1\/posts\/76936\/translations\/se"},{"embeddable":true,"hreflang":"da","title":"Danish","href":"https:\/\/kinsta.com\/fr\/wp-json\/kinsta\/v1\/posts\/76936\/translations\/dk"},{"href":"https:\/\/kinsta.com\/fr\/wp-json\/kinsta\/v1\/posts\/76936\/tree"}],"wp:attachment":[{"href":"https:\/\/kinsta.com\/fr\/wp-json\/wp\/v2\/media?parent=76936"}],"curies":[{"name":"wp","href":"https:\/\/api.w.org\/{rel}","templated":true}]}}