{"id":82546,"date":"2026-02-24T11:29:05","date_gmt":"2026-02-24T10:29:05","guid":{"rendered":"https:\/\/kinsta.com\/fr\/?page_id=82546&#038;preview_id=82546"},"modified":"2026-03-10T10:04:00","modified_gmt":"2026-03-10T09:04:00","slug":"informations-croissance-agence","status":"publish","type":"page","link":"https:\/\/kinsta.com\/fr\/informations-croissance-agence\/","title":{"rendered":"Ils ont compris"},"content":{"rendered":"\n<header class=\"wp-block-kinsta-hero-title is-small mb--0 alignfull\"><div class=\"wp-block-kinsta-hero-title__inner\">\n<div class=\"wp-block-kinsta-columns is-vertical-center\">\n<div class=\"wp-block-kinsta-column wp-block-kinsta-columns__column\">\n<div class=\"wp-block-kinsta-hero-title-content wp-block-kinsta-hero-title__content\"><h1 class=\"wp-block-kinsta-hero-title__title\"><span class=\"wp-block-kinsta-hero-title__title__text\">Ils ont compris<\/span><\/h1>\n<p class=\"mostly-red-title\">(en grande partie)<\/p>\n<\/div>\n<\/div>\n\n\n\n<div class=\"wp-block-kinsta-column wp-block-kinsta-columns__column\">\n<div class=\"wp-block-kinsta-hero-title-secondary wp-block-kinsta-hero-title__secondary\"><\/div>\n<\/div>\n<\/div>\n<\/div><\/header>\n\n\n\n<figure class=\"wp-block-image alignwide size-large mt--0\"><img decoding=\"async\" src=\"https:\/\/kinsta.com\/wp-content\/uploads\/2026\/02\/they-figured-it-out-agencies-hero-1024x256.png\" alt=\"Image montrant les quatre propri\u00e9taires d'agences WordPress\" class=\"wp-image-197590\"><\/figure>\n\n\n\n<div class=\"wp-block-group is-layout-constrained wp-block-group-is-layout-constrained\" style=\"padding-bottom:var(--wp--preset--spacing--40)\">\n<div class=\"wp-block-kinsta-columns is-vertical-top\">\n<div class=\"wp-block-kinsta-column wp-block-kinsta-columns__column\">\n<h2 class=\"wp-block-heading\" id=\"h-4-agences-wordpress-parlent-de-l-evolution-des-erreurs-et-de-ce-qui-a-marche\">4 agences WordPress parlent de l&rsquo;\u00e9volution, des erreurs et de ce qui a march\u00e9.<\/h2>\n<\/div>\n\n\n\n<div class=\"wp-block-kinsta-column wp-block-kinsta-columns__column\">\n<p>Cr\u00e9er une agence WordPress n&rsquo;est pas accompagn\u00e9 d&rsquo;un manuel. La plupart des conseils que vous recevrez sont polis, simplifi\u00e9s, ou \u00e9crits apr\u00e8s que les parties les plus difficiles soient pass\u00e9es &#8230; nous avons donc fait quelque chose de diff\u00e9rent.<\/p>\n\n\n\n<p><br>Nous nous sommes assis avec quatre dirigeants d&rsquo;agence pr\u00eats \u00e0 parler honn\u00eatement des d\u00e9cisions qui ont fonctionn\u00e9, de celles qui n&rsquo;ont pas fonctionn\u00e9 et des moments qui les ont oblig\u00e9s \u00e0 repenser la fa\u00e7on dont ils g\u00e9raient leur entreprise.<\/p>\n\n\n\n<p><br>Nous n&rsquo;avons pas mis au point un cours ou un manuel. Nous avons recueilli leurs t\u00e9moignages sinc\u00e8res sur les difficult\u00e9s li\u00e9es \u00e0 la cr\u00e9ation d&rsquo;une agence.<\/p>\n\n\n\n<div class=\"wp-block-kinsta-buttons\">\n<a class=\"wp-block-kinsta-button is-style-outline\" href=\"https:\/\/kinsta.com\/fr\/informations-croissance-agence\/a-propos-serie\/\"><span class=\"wp-block-kinsta-button_text\">En savoir plus sur cette s\u00e9rie<\/span><\/a>\n<\/div>\n<\/div>\n<\/div>\n<\/div>\n\n\n<div style=\"margin-top:var(--wp--preset--spacing--30);\" class=\"wp-block-kinsta-template-part--client-logos wp-block-kinsta-template-part--client-logos--agency-secrets alignwide alignwide wp-block-kinsta-template-part\" ><div class=\"logos \" style=\"\n    --logos-count: 4;\n    --logos-individual-max-width: 200px;\n    --logos-height: 38px;\n    --logos-width-total: 656;\n;\">\n    <div class=\"logos__inner\">\n                    <img decoding=\"async\"  src=\"https:\/\/kinsta.com\/fr\/wp-content\/themes\/kinsta\/images\/components\/client-logos\/fixel-white.svg?v=2026-02-23\" width=\"94\" height=\"2\" alt=\"Logo de l&#039;entreprise Fixel White\" loading=\"lazy\" class=\"logos__logo\" \/>\n                    <img decoding=\"async\"  src=\"https:\/\/kinsta.com\/fr\/wp-content\/themes\/kinsta\/images\/components\/client-logos\/pronto-white.svg?v=2026-02-23\" width=\"100\" height=\"25\" alt=\"Logo de l&#039;entreprise Pronto White\" loading=\"lazy\" class=\"logos__logo\" \/>\n                    <img decoding=\"async\"  src=\"https:\/\/kinsta.com\/fr\/wp-content\/themes\/kinsta\/images\/components\/client-logos\/builtmighty-white.svg?v=2026-02-23\" width=\"100\" height=\"25\" alt=\"Logo de l&#039;entreprise Built Mighty White\" loading=\"lazy\" class=\"logos__logo\" \/>\n                    <img decoding=\"async\"  src=\"https:\/\/kinsta.com\/fr\/wp-content\/themes\/kinsta\/images\/components\/client-logos\/40q-white.svg?v=2026-02-23\" width=\"100\" height=\"25\" alt=\"Logo de l&#039;entreprise 40Q White\" loading=\"lazy\" class=\"logos__logo\" \/>\n            <\/div>\n<\/div>\n<\/div>\n\n\n<div class=\"wp-block-group is-layout-constrained wp-block-group-is-layout-constrained\" style=\"padding-top:var(--wp--preset--spacing--40)\">\n<figure class=\"wp-block-image aligncenter size-full is-resized mb--0\"><img decoding=\"async\" src=\"https:\/\/kinsta.com\/wp-content\/uploads\/2026\/02\/icon-arrow-red.png\" alt class=\"wp-image-206080\" style=\"width:40px;height:40px\"><\/figure>\n\n\n\n<h2 class=\"wp-block-heading has-text-align-center mt--20\" id=\"h-commencez-n-importe-ou-ci-dessous-chaque-section-explore-une-partie-differente-du-voyage\">Commencez n&rsquo;importe o\u00f9 ci-dessous. <br>Chaque section explore une partie diff\u00e9rente du voyage.<\/h2>\n<\/div>\n\n\n\n<div class=\"wp-block-group has-bg-contained has-show-bg-desktop-only has-dark-background-color has-background is-layout-constrained wp-container-core-group-is-layout-3 wp-block-group-is-layout-constrained\" style=\"margin-top:var(--wp--preset--spacing--40);margin-bottom:var(--wp--preset--spacing--40);padding-top:var(--wp--preset--spacing--40);padding-right:var(--wp--preset--spacing--40);padding-bottom:var(--wp--preset--spacing--40);padding-left:var(--wp--preset--spacing--40);background-image:url(https:\/\/kinsta.com\/wp-content\/uploads\/2026\/02\/AI-background-desktop.png);background-position:70% 50%\">\n<div class=\"wp-block-kinsta-columns is-reverse is-vertical-top\">\n<div class=\"wp-block-kinsta-column wp-block-kinsta-columns__column\">\n<figure class=\"wp-block-image size-full has-show-mobile-only\"><img decoding=\"async\" src=\"https:\/\/kinsta.com\/wp-content\/uploads\/2026\/02\/AI-background-mobile.png\" alt class=\"wp-image-206078\"><\/figure>\n<\/div>\n\n\n\n<div class=\"wp-block-kinsta-column wp-block-kinsta-columns__column\">\n<h2 class=\"wp-block-heading\" id=\"h-l-ia-sans-le-battage-mediatique\">L&rsquo;IA, sans le battage m\u00e9diatique<\/h2>\n\n\n\n<span class=\"wp-block-kinsta-tag wp-block-kinsta-tag--small\">Ce qui aide r\u00e9ellement les agences WordPress et ce qui ne le fait pas<\/span>\n\n\n\n<p class=\"mt--20\">Comment les agences utilisent l&rsquo;IA dans le d\u00e9veloppement WordPress, les flux de travail et le travail avec les clients : l\u00e0 o\u00f9 elle apporte une r\u00e9elle valeur ajout\u00e9e, et l\u00e0 o\u00f9 elle cr\u00e9e plus de frictions que de progr\u00e8s.<\/p>\n\n\n\n<div class=\"wp-block-kinsta-buttons\">\n<a class=\"wp-block-kinsta-button is-style-cta-arrow\" href=\"https:\/\/kinsta.com\/fr\/informations-croissance-agence\/ia-sans-battage\/\"><span class=\"wp-block-kinsta-button_text\">Explorez<\/span><\/a>\n<\/div>\n<\/div>\n<\/div>\n<\/div>\n\n\n\n<div class=\"wp-block-group has-bg-contained has-show-bg-desktop-only has-dark-background-color has-background is-layout-constrained wp-container-core-group-is-layout-4 wp-block-group-is-layout-constrained\" style=\"margin-top:var(--wp--preset--spacing--40);margin-bottom:var(--wp--preset--spacing--40);padding-top:var(--wp--preset--spacing--50);padding-right:var(--wp--preset--spacing--50);padding-bottom:var(--wp--preset--spacing--50);padding-left:var(--wp--preset--spacing--50);background-image:url(https:\/\/kinsta.com\/wp-content\/uploads\/2026\/02\/mistakes-background-desktop-1.png);background-position:40% 50%\">\n<div class=\"wp-block-kinsta-columns is-vertical-top\">\n<div class=\"wp-block-kinsta-column wp-block-kinsta-columns__column\">\n<figure class=\"wp-block-image size-full has-show-mobile-only\"><img decoding=\"async\" src=\"https:\/\/kinsta.com\/wp-content\/uploads\/2026\/02\/mistakes-background-mobile.png\" alt class=\"wp-image-206081\"><\/figure>\n<\/div>\n\n\n\n<div class=\"wp-block-kinsta-column wp-block-kinsta-columns__column\">\n<h2 class=\"wp-block-heading\" id=\"h-les-erreurs-qui-ont-faconne-le-succes\">Les erreurs qui ont fa\u00e7onn\u00e9 le succ\u00e8s<\/h2>\n\n\n\n<span class=\"wp-block-kinsta-tag wp-block-kinsta-tag--small\">Les appels qu&rsquo;ils ont mal re\u00e7us et ce qu&rsquo;ils feraient \u00e0 nouveau<\/span>\n\n\n\n<p class=\"mt--20\">Embaucher trop de personnel, dire oui \u00e0 des clients qui ne conviennent pas, attendre trop longtemps avant d&rsquo;augmenter les prix : des le\u00e7ons qui ne se r\u00e9v\u00e8lent qu&rsquo;une fois que les choses se sont cass\u00e9es.<\/p>\n\n\n\n<div class=\"wp-block-kinsta-buttons\">\n<a class=\"wp-block-kinsta-button is-style-cta-arrow\" href=\"https:\/\/kinsta.com\/fr\/informations-croissance-agence\/erreurs-agence\/\"><span class=\"wp-block-kinsta-button_text\">Explorez<\/span><\/a>\n<\/div>\n<\/div>\n<\/div>\n<\/div>\n\n\n\n<div class=\"wp-block-group has-bg-contained has-show-bg-desktop-only has-dark-background-color has-background is-layout-constrained wp-container-core-group-is-layout-5 wp-block-group-is-layout-constrained\" style=\"margin-top:var(--wp--preset--spacing--40);margin-bottom:var(--wp--preset--spacing--40);padding-top:var(--wp--preset--spacing--50);padding-right:var(--wp--preset--spacing--50);padding-bottom:var(--wp--preset--spacing--50);padding-left:var(--wp--preset--spacing--50);background-image:url(https:\/\/kinsta.com\/wp-content\/uploads\/2026\/02\/work-no-background-desktop-1.png);background-position:50% 50%\">\n<div class=\"wp-block-kinsta-columns is-reverse is-vertical-top\">\n<div class=\"wp-block-kinsta-column wp-block-kinsta-columns__column\">\n<figure class=\"wp-block-image size-full has-show-mobile-only\"><img decoding=\"async\" src=\"https:\/\/kinsta.com\/wp-content\/uploads\/2026\/02\/work-no-background-mobile.png\" alt class=\"wp-image-206082\"><\/figure>\n<\/div>\n\n\n\n<div class=\"wp-block-kinsta-column wp-block-kinsta-columns__column\">\n<h2 class=\"wp-block-heading\" id=\"h-comment-ils-ont-trouve-leur-niche\">Comment ils ont trouv\u00e9 leur niche<\/h2>\n\n\n\n<span class=\"wp-block-kinsta-tag wp-block-kinsta-tag--small\">Le moment o\u00f9 ces agences ont pris conscience de ce qu&rsquo;elles font le mieux<\/span>\n\n\n\n<p class=\"mt--20\">Conna\u00eetre sa voie, choisir les bons clients et les fid\u00e9liser peut faire une plus grande diff\u00e9rence que de se d\u00e9mener pour obtenir du volume.<\/p>\n\n\n\n<div class=\"wp-block-kinsta-buttons\">\n<a class=\"wp-block-kinsta-button is-style-cta-arrow\" href=\"https:\/\/kinsta.com\/fr\/informations-croissance-agence\/concentrer-retention-croissance-durable\/\"><span class=\"wp-block-kinsta-button_text\">Explorez<\/span><\/a>\n<\/div>\n<\/div>\n<\/div>\n<\/div>\n\n\n\n<div class=\"wp-block-group pb--0 has-bg-contained has-dark-background-color has-background is-layout-constrained wp-block-group-is-layout-constrained\" style=\"background-image:url(https:\/\/kinsta.com\/wp-content\/uploads\/2026\/02\/predictions-background-desktop.png);background-position:53% 43%\">\n<div style=\"height:100px\" aria-hidden=\"true\" class=\"wp-block-spacer\"><\/div>\n\n\n\n<h2 class=\"wp-block-heading has-text-align-center\" id=\"surprising-predictions\">Des pr\u00e9visions surprenantes pour l&rsquo;ann\u00e9e \u00e0 venir<\/h2>\n\n\n\n<span class=\"wp-block-kinsta-tag wp-block-kinsta-tag--small\">Ce qui change et ce qui reste inchang\u00e9<\/span>\n\n\n\n<p class=\"has-text-align-center\">Tout ne change pas simplement \u00e0 cause de la technologie. Certains principes fondamentaux, comme la confiance en la personne, les visages reconnaissables et la croissance bas\u00e9e sur le partenariat, comptent toujours plus que les algorithmes.<\/p>\n\n\n\n<div class=\"wp-block-kinsta-buttons aligncenter\">\n<a class=\"wp-block-kinsta-button is-style-cta-arrow\" href=\"https:\/\/kinsta.com\/fr\/informations-croissance-agence\/annee-agences-wordpress\/\"><span class=\"wp-block-kinsta-button_text\">D\u00e9couvrez<\/span><\/a>\n<\/div>\n\n\n\n<figure class=\"wp-block-image alignwide size-full\"><img decoding=\"async\" src=\"https:\/\/kinsta.com\/wp-content\/uploads\/2026\/02\/green-horizon-background.png\" alt class=\"wp-image-206085\"><\/figure>\n<\/div>\n\n\n\n<div class=\"wp-block-group has-dark-background-color has-background is-layout-constrained wp-block-group-is-layout-constrained\">\n<div class=\"wp-block-group aligncenter is-layout-constrained wp-container-core-group-is-layout-7 wp-block-group-is-layout-constrained\" style=\"padding-top:0;padding-right:0;padding-bottom:0;padding-left:0\">\n<div class=\"wp-block-kinsta-columns is-vertical-center\">\n<div class=\"wp-block-kinsta-column wp-block-kinsta-columns__column\">\n<span class=\"wp-block-kinsta-tag wp-block-kinsta-tag--small\">Programme de partenariat avec les agences<\/span>\n\n\n\n<h2 class=\"wp-block-heading mt--10\" id=\"h-concu-pour-les-agences-comme-la-votre\">Con\u00e7u pour les agences <br>comme la v\u00f4tre<\/h2>\n\n\n\n<ul class=\"wp-block-list is-style-check-list\">\n<li>Co-marketing<\/li>\n\n\n\n<li>Recommandations de prospects<\/li>\n\n\n\n<li>Commissions d&rsquo;affiliation \u00e0 vie<\/li>\n<\/ul>\n\n\n\n<div class=\"wp-block-kinsta-buttons\">\n<a class=\"wp-block-kinsta-button is-style-cta-arrow\" href=\"https:\/\/kinsta.com\/fr\/programme-agence-partenaire\/\"><span class=\"wp-block-kinsta-button_text\">Explorez<\/span><\/a>\n<\/div>\n<\/div>\n\n\n\n<div class=\"wp-block-kinsta-column wp-block-kinsta-columns__column\">\n<figure class=\"wp-block-image size-full is-style-plain has-show-desktop-only\"><img decoding=\"async\" src=\"https:\/\/kinsta.com\/wp-content\/uploads\/2026\/02\/partner-1024x969-2.png\" alt class=\"wp-image-206087\"><\/figure>\n<\/div>\n<\/div>\n<\/div>\n<\/div>\n\n\n\n<p><\/p>\n","protected":false},"excerpt":{"rendered":"<p>Commencez n&rsquo;importe o\u00f9 ci-dessous. Chaque section explore une partie diff\u00e9rente du voyage. Des pr\u00e9visions surprenantes pour l&rsquo;ann\u00e9e \u00e0 venir Tout ne change pas simplement \u00e0 cause &#8230;<\/p>\n","protected":false},"author":312,"featured_media":82619,"parent":0,"menu_order":0,"comment_status":"closed","ping_status":"closed","template":"templates\/page\/agency-secrets.php","meta":{"_kinsta_gated_content":false,"_kinsta_gated_content_redirect":"","footnotes":""},"class_list":["post-82546","page","type-page","status-publish","has-post-thumbnail","hentry"],"yoast_head":"<!-- This site is optimized with the Yoast SEO Premium plugin v24.6 (Yoast SEO v24.6) - https:\/\/yoast.com\/wordpress\/plugins\/seo\/ -->\n<title>Croissance des agences WordPress\u00a0: enseignements tir\u00e9s de l\u2019exp\u00e9rience de 4 agences<\/title>\n<meta name=\"description\" content=\"Des t\u00e9moignages francs de quatre agences WordPress sur la croissance, les erreurs \u00e0 \u00e9viter, les syst\u00e8mes mis en place et les pratiques qui fonctionnent r\u00e9ellement chez les clients.\" \/>\n<meta name=\"robots\" content=\"index, follow, max-snippet:-1, max-image-preview:large, max-video-preview:-1\" \/>\n<link rel=\"canonical\" href=\"https:\/\/kinsta.com\/fr\/informations-croissance-agence\/\" \/>\n<meta property=\"og:locale\" content=\"fr_FR\" \/>\n<meta property=\"og:type\" content=\"article\" \/>\n<meta property=\"og:title\" content=\"Ils ont compris\" \/>\n<meta property=\"og:description\" content=\"Des t\u00e9moignages francs de quatre agences WordPress sur la croissance, les erreurs \u00e0 \u00e9viter, les syst\u00e8mes mis en place et les pratiques qui fonctionnent r\u00e9ellement chez les clients.\" \/>\n<meta property=\"og:url\" content=\"https:\/\/kinsta.com\/fr\/informations-croissance-agence\/\" \/>\n<meta property=\"og:site_name\" content=\"Kinsta\u00ae\" \/>\n<meta property=\"article:publisher\" content=\"https:\/\/www.facebook.com\/kinstafrance\/\" \/>\n<meta property=\"article:modified_time\" content=\"2026-03-10T09:04:00+00:00\" \/>\n<meta property=\"og:image\" content=\"https:\/\/kinsta.com\/fr\/wp-content\/uploads\/sites\/4\/2026\/02\/FR_featured-image-agency-growth-insights-1024x536.png\" \/>\n\t<meta property=\"og:image:width\" content=\"1024\" \/>\n\t<meta property=\"og:image:height\" content=\"536\" \/>\n\t<meta property=\"og:image:type\" content=\"image\/png\" \/>\n<meta name=\"twitter:card\" content=\"summary_large_image\" \/>\n<meta name=\"twitter:description\" content=\"Des t\u00e9moignages francs de quatre agences WordPress sur la croissance, les erreurs \u00e0 \u00e9viter, les syst\u00e8mes mis en place et les pratiques qui fonctionnent r\u00e9ellement chez les clients.\" \/>\n<meta name=\"twitter:image\" content=\"https:\/\/kinsta.com\/fr\/wp-content\/uploads\/sites\/4\/2026\/02\/FR_featured-image-agency-growth-insights.png\" \/>\n<meta name=\"twitter:site\" content=\"@kinsta_fr\" \/>\n<meta name=\"twitter:label1\" content=\"Dur\u00e9e de lecture estim\u00e9e\" \/>\n\t<meta name=\"twitter:data1\" content=\"2 minutes\" \/>\n<script type=\"application\/ld+json\" class=\"yoast-schema-graph\">{\"@context\":\"https:\/\/schema.org\",\"@graph\":[{\"@type\":\"WebPage\",\"@id\":\"https:\/\/kinsta.com\/fr\/informations-croissance-agence\/\",\"url\":\"https:\/\/kinsta.com\/fr\/informations-croissance-agence\/\",\"name\":\"Croissance des agences WordPress\u00a0: enseignements tir\u00e9s de l\u2019exp\u00e9rience de 4 agences\",\"isPartOf\":{\"@id\":\"https:\/\/kinsta.com\/fr\/#website\"},\"primaryImageOfPage\":{\"@id\":\"https:\/\/kinsta.com\/fr\/informations-croissance-agence\/#primaryimage\"},\"image\":{\"@id\":\"https:\/\/kinsta.com\/fr\/informations-croissance-agence\/#primaryimage\"},\"thumbnailUrl\":\"https:\/\/kinsta.com\/fr\/wp-content\/uploads\/sites\/4\/2026\/02\/FR_featured-image-agency-growth-insights.png\",\"datePublished\":\"2026-02-24T10:29:05+00:00\",\"dateModified\":\"2026-03-10T09:04:00+00:00\",\"description\":\"Des t\u00e9moignages francs de quatre agences WordPress sur la croissance, les erreurs \u00e0 \u00e9viter, les syst\u00e8mes mis en place et les pratiques qui fonctionnent r\u00e9ellement chez les clients.\",\"breadcrumb\":{\"@id\":\"https:\/\/kinsta.com\/fr\/informations-croissance-agence\/#breadcrumb\"},\"inLanguage\":\"fr-FR\",\"potentialAction\":[{\"@type\":\"ReadAction\",\"target\":[\"https:\/\/kinsta.com\/fr\/informations-croissance-agence\/\"]}]},{\"@type\":\"ImageObject\",\"inLanguage\":\"fr-FR\",\"@id\":\"https:\/\/kinsta.com\/fr\/informations-croissance-agence\/#primaryimage\",\"url\":\"https:\/\/kinsta.com\/fr\/wp-content\/uploads\/sites\/4\/2026\/02\/FR_featured-image-agency-growth-insights.png\",\"contentUrl\":\"https:\/\/kinsta.com\/fr\/wp-content\/uploads\/sites\/4\/2026\/02\/FR_featured-image-agency-growth-insights.png\",\"width\":3600,\"height\":1884},{\"@type\":\"BreadcrumbList\",\"@id\":\"https:\/\/kinsta.com\/fr\/informations-croissance-agence\/#breadcrumb\",\"itemListElement\":[{\"@type\":\"ListItem\",\"position\":1,\"name\":\"Home\",\"item\":\"https:\/\/kinsta.com\/fr\/\"},{\"@type\":\"ListItem\",\"position\":2,\"name\":\"Ils ont compris\"}]},{\"@type\":\"WebSite\",\"@id\":\"https:\/\/kinsta.com\/fr\/#website\",\"url\":\"https:\/\/kinsta.com\/fr\/\",\"name\":\"Kinsta\u00ae\",\"description\":\"Solutions d&#039;h\u00e9bergement premium, rapides et s\u00e9curis\u00e9es\",\"publisher\":{\"@id\":\"https:\/\/kinsta.com\/fr\/#organization\"},\"potentialAction\":[{\"@type\":\"SearchAction\",\"target\":{\"@type\":\"EntryPoint\",\"urlTemplate\":\"https:\/\/kinsta.com\/fr\/?s={search_term_string}\"},\"query-input\":{\"@type\":\"PropertyValueSpecification\",\"valueRequired\":true,\"valueName\":\"search_term_string\"}}],\"inLanguage\":\"fr-FR\"},{\"@type\":\"Organization\",\"@id\":\"https:\/\/kinsta.com\/fr\/#organization\",\"name\":\"Kinsta\",\"url\":\"https:\/\/kinsta.com\/fr\/\",\"logo\":{\"@type\":\"ImageObject\",\"inLanguage\":\"fr-FR\",\"@id\":\"https:\/\/kinsta.com\/fr\/#\/schema\/logo\/image\/\",\"url\":\"https:\/\/kinsta.com\/fr\/wp-content\/uploads\/sites\/4\/2023\/12\/kinsta-logo.jpeg\",\"contentUrl\":\"https:\/\/kinsta.com\/fr\/wp-content\/uploads\/sites\/4\/2023\/12\/kinsta-logo.jpeg\",\"width\":500,\"height\":500,\"caption\":\"Kinsta\"},\"image\":{\"@id\":\"https:\/\/kinsta.com\/fr\/#\/schema\/logo\/image\/\"},\"sameAs\":[\"https:\/\/www.facebook.com\/kinstafrance\/\",\"https:\/\/x.com\/kinsta_fr\",\"https:\/\/www.instagram.com\/kinstahosting\/\",\"https:\/\/www.linkedin.com\/company\/kinsta\/\",\"https:\/\/www.pinterest.com\/kinstahosting\/\",\"https:\/\/www.youtube.com\/c\/Kinsta\"]}]}<\/script>\n<!-- \/ Yoast SEO Premium plugin. -->","yoast_head_json":{"title":"Croissance des agences WordPress\u00a0: enseignements tir\u00e9s de l\u2019exp\u00e9rience de 4 agences","description":"Des t\u00e9moignages francs de quatre agences WordPress sur la croissance, les erreurs \u00e0 \u00e9viter, les syst\u00e8mes mis en place et les pratiques qui fonctionnent r\u00e9ellement chez les clients.","robots":{"index":"index","follow":"follow","max-snippet":"max-snippet:-1","max-image-preview":"max-image-preview:large","max-video-preview":"max-video-preview:-1"},"canonical":"https:\/\/kinsta.com\/fr\/informations-croissance-agence\/","og_locale":"fr_FR","og_type":"article","og_title":"Ils ont compris","og_description":"Des t\u00e9moignages francs de quatre agences WordPress sur la croissance, les erreurs \u00e0 \u00e9viter, les syst\u00e8mes mis en place et les pratiques qui fonctionnent r\u00e9ellement chez les clients.","og_url":"https:\/\/kinsta.com\/fr\/informations-croissance-agence\/","og_site_name":"Kinsta\u00ae","article_publisher":"https:\/\/www.facebook.com\/kinstafrance\/","article_modified_time":"2026-03-10T09:04:00+00:00","og_image":[{"width":1024,"height":536,"url":"https:\/\/kinsta.com\/fr\/wp-content\/uploads\/sites\/4\/2026\/02\/FR_featured-image-agency-growth-insights-1024x536.png","type":"image\/png"}],"twitter_card":"summary_large_image","twitter_description":"Des t\u00e9moignages francs de quatre agences WordPress sur la croissance, les erreurs \u00e0 \u00e9viter, les syst\u00e8mes mis en place et les pratiques qui fonctionnent r\u00e9ellement chez les clients.","twitter_image":"https:\/\/kinsta.com\/fr\/wp-content\/uploads\/sites\/4\/2026\/02\/FR_featured-image-agency-growth-insights.png","twitter_site":"@kinsta_fr","twitter_misc":{"Dur\u00e9e de lecture estim\u00e9e":"2 minutes"},"schema":{"@context":"https:\/\/schema.org","@graph":[{"@type":"WebPage","@id":"https:\/\/kinsta.com\/fr\/informations-croissance-agence\/","url":"https:\/\/kinsta.com\/fr\/informations-croissance-agence\/","name":"Croissance des agences WordPress\u00a0: enseignements tir\u00e9s de l\u2019exp\u00e9rience de 4 agences","isPartOf":{"@id":"https:\/\/kinsta.com\/fr\/#website"},"primaryImageOfPage":{"@id":"https:\/\/kinsta.com\/fr\/informations-croissance-agence\/#primaryimage"},"image":{"@id":"https:\/\/kinsta.com\/fr\/informations-croissance-agence\/#primaryimage"},"thumbnailUrl":"https:\/\/kinsta.com\/fr\/wp-content\/uploads\/sites\/4\/2026\/02\/FR_featured-image-agency-growth-insights.png","datePublished":"2026-02-24T10:29:05+00:00","dateModified":"2026-03-10T09:04:00+00:00","description":"Des t\u00e9moignages francs de quatre agences WordPress sur la croissance, les erreurs \u00e0 \u00e9viter, les syst\u00e8mes mis en place et les pratiques qui fonctionnent r\u00e9ellement chez les clients.","breadcrumb":{"@id":"https:\/\/kinsta.com\/fr\/informations-croissance-agence\/#breadcrumb"},"inLanguage":"fr-FR","potentialAction":[{"@type":"ReadAction","target":["https:\/\/kinsta.com\/fr\/informations-croissance-agence\/"]}]},{"@type":"ImageObject","inLanguage":"fr-FR","@id":"https:\/\/kinsta.com\/fr\/informations-croissance-agence\/#primaryimage","url":"https:\/\/kinsta.com\/fr\/wp-content\/uploads\/sites\/4\/2026\/02\/FR_featured-image-agency-growth-insights.png","contentUrl":"https:\/\/kinsta.com\/fr\/wp-content\/uploads\/sites\/4\/2026\/02\/FR_featured-image-agency-growth-insights.png","width":3600,"height":1884},{"@type":"BreadcrumbList","@id":"https:\/\/kinsta.com\/fr\/informations-croissance-agence\/#breadcrumb","itemListElement":[{"@type":"ListItem","position":1,"name":"Home","item":"https:\/\/kinsta.com\/fr\/"},{"@type":"ListItem","position":2,"name":"Ils ont compris"}]},{"@type":"WebSite","@id":"https:\/\/kinsta.com\/fr\/#website","url":"https:\/\/kinsta.com\/fr\/","name":"Kinsta\u00ae","description":"Solutions d&#039;h\u00e9bergement premium, rapides et s\u00e9curis\u00e9es","publisher":{"@id":"https:\/\/kinsta.com\/fr\/#organization"},"potentialAction":[{"@type":"SearchAction","target":{"@type":"EntryPoint","urlTemplate":"https:\/\/kinsta.com\/fr\/?s={search_term_string}"},"query-input":{"@type":"PropertyValueSpecification","valueRequired":true,"valueName":"search_term_string"}}],"inLanguage":"fr-FR"},{"@type":"Organization","@id":"https:\/\/kinsta.com\/fr\/#organization","name":"Kinsta","url":"https:\/\/kinsta.com\/fr\/","logo":{"@type":"ImageObject","inLanguage":"fr-FR","@id":"https:\/\/kinsta.com\/fr\/#\/schema\/logo\/image\/","url":"https:\/\/kinsta.com\/fr\/wp-content\/uploads\/sites\/4\/2023\/12\/kinsta-logo.jpeg","contentUrl":"https:\/\/kinsta.com\/fr\/wp-content\/uploads\/sites\/4\/2023\/12\/kinsta-logo.jpeg","width":500,"height":500,"caption":"Kinsta"},"image":{"@id":"https:\/\/kinsta.com\/fr\/#\/schema\/logo\/image\/"},"sameAs":["https:\/\/www.facebook.com\/kinstafrance\/","https:\/\/x.com\/kinsta_fr","https:\/\/www.instagram.com\/kinstahosting\/","https:\/\/www.linkedin.com\/company\/kinsta\/","https:\/\/www.pinterest.com\/kinstahosting\/","https:\/\/www.youtube.com\/c\/Kinsta"]}]}},"acf":[],"_links":{"self":[{"href":"https:\/\/kinsta.com\/fr\/wp-json\/wp\/v2\/pages\/82546","targetHints":{"allow":["GET"]}}],"collection":[{"href":"https:\/\/kinsta.com\/fr\/wp-json\/wp\/v2\/pages"}],"about":[{"href":"https:\/\/kinsta.com\/fr\/wp-json\/wp\/v2\/types\/page"}],"author":[{"embeddable":true,"href":"https:\/\/kinsta.com\/fr\/wp-json\/wp\/v2\/users\/312"}],"replies":[{"embeddable":true,"href":"https:\/\/kinsta.com\/fr\/wp-json\/wp\/v2\/comments?post=82546"}],"version-history":[{"count":2,"href":"https:\/\/kinsta.com\/fr\/wp-json\/wp\/v2\/pages\/82546\/revisions"}],"predecessor-version":[{"id":82566,"href":"https:\/\/kinsta.com\/fr\/wp-json\/wp\/v2\/pages\/82546\/revisions\/82566"}],"alternate":[{"embeddable":true,"hreflang":"en","title":"English","href":"https:\/\/kinsta.com\/fr\/wp-json\/kinsta\/v1\/posts\/82546\/translations\/en"},{"embeddable":true,"hreflang":"it","title":"Italian","href":"https:\/\/kinsta.com\/fr\/wp-json\/kinsta\/v1\/posts\/82546\/translations\/it"},{"embeddable":true,"hreflang":"fr","title":"French","href":"https:\/\/kinsta.com\/fr\/wp-json\/kinsta\/v1\/posts\/82546\/translations\/fr"},{"embeddable":true,"hreflang":"ja","title":"Japanese","href":"https:\/\/kinsta.com\/fr\/wp-json\/kinsta\/v1\/posts\/82546\/translations\/jp"},{"embeddable":true,"hreflang":"es","title":"Spanish","href":"https:\/\/kinsta.com\/fr\/wp-json\/kinsta\/v1\/posts\/82546\/translations\/es"},{"href":"https:\/\/kinsta.com\/fr\/wp-json\/kinsta\/v1\/posts\/82546\/tree"}],"wp:featuredmedia":[{"embeddable":true,"href":"https:\/\/kinsta.com\/fr\/wp-json\/wp\/v2\/media\/82619"}],"wp:attachment":[{"href":"https:\/\/kinsta.com\/fr\/wp-json\/wp\/v2\/media?parent=82546"}],"curies":[{"name":"wp","href":"https:\/\/api.w.org\/{rel}","templated":true}]}}