{"id":17839,"date":"2018-01-18T22:06:25","date_gmt":"2018-01-19T06:06:25","guid":{"rendered":"https:\/\/kinsta.com\/?page_id=17839"},"modified":"2025-01-07T15:33:55","modified_gmt":"2025-01-07T14:33:55","slug":"quota-di-mercato-di-wordpress","status":"publish","type":"page","link":"https:\/\/kinsta.com\/it\/quota-di-mercato-di-wordpress\/","title":{"rendered":"Statistiche sulle quote di mercato di WordPress (2011-2026)"},"content":{"rendered":"\n<header class=\"wp-block-kinsta-hero-title is-style-center-screenshot alignfull\"><div class=\"wp-block-kinsta-hero-title__inner\">\n<div class=\"wp-block-kinsta-columns is-vertical-center\">\n<div class=\"wp-block-kinsta-column wp-block-kinsta-columns__column\">\n<div class=\"wp-block-kinsta-hero-title-content wp-block-kinsta-hero-title__content\"><h1 class=\"wp-block-kinsta-hero-title__title\"><span class=\"wp-block-kinsta-hero-title__title__text\">Statistiche sulle quote di mercato di WordPress (2011-2026)<\/span><\/h1>\n<p>Se ti occupi di creare siti web, probabilmente ti imbatterai in discussioni su diversi sistemi di gestione dei contenuti, tra cui WordPress. Questo potrebbe farti chiedere: quanta parte del mercato domina WordPress? E come si colloca rispetto ai suoi vari concorrenti?<\/p>\n\n\n\n<div class=\"wp-block-kinsta-buttons alignleft\">\n\n<\/div>\n<\/div>\n<\/div>\n\n\n\n<div class=\"wp-block-kinsta-column wp-block-kinsta-columns__column\">\n<div class=\"wp-block-kinsta-hero-title-secondary wp-block-kinsta-hero-title__secondary\"><\/div>\n<\/div>\n<\/div>\n<\/div><\/header>\n\n\n\n<div class=\"wp-block-group has-gray-background-color has-background is-layout-constrained wp-block-group-is-layout-constrained\">\n<h2 class=\"wp-block-heading\" id=\"h-spoiler-ecco-le-risposte\">Spoiler &#8211; ecco le risposte:<\/h2>\n\n\n\n<ul class=\"is-style-check-list wp-block-list\">\n<li><strong>WordPress \u00e8 il sistema di gestione dei contenuti pi\u00f9 diffuso al mondo<\/strong>, quindi \u00e8 il pi\u00f9 popolare possibile.<\/li>\n\n\n\n<li>WordPress domina anche altri mercati, come quello dell&#8217;ecommerce, quindi non \u00e8 sicuramente adatto solo per il blogging.<\/li>\n<\/ul>\n\n\n\n<p>Per mostrarti da dove provengono queste conclusioni, abbiamo raccolto alcune statistiche sbalorditive sulla quota di mercato di WordPress, nonch\u00e9 sulla quota di mercato di due dei pi\u00f9 popolari plugin di e-commerce per WordPress: WooCommerce ed Easy Digital Downloads.<\/p>\n<\/div>\n\n\n\n<div class=\"wp-block-group has-white-background-color has-background is-layout-constrained wp-block-group-is-layout-constrained\">\n<h2 class=\"wp-block-heading\" id=\"h-la-quota-di-mercato-di-wordpress-il-wp-market-share-di-tutti-i-siti-web\">La quota di mercato di WordPress \u00e8 il 43,5% di tutti i siti web<\/h2>\n\n\n\n<p><strong>WordPress alimenta il <a href=\"https:\/\/w3techs.com\/technologies\/details\/cm-wordpress\">43,5% di tutti i siti<\/a> presenti su Internet<\/strong>, compresi quelli senza sistema di gestione dei contenuti (CMS) o con un CMS personalizzato. O, per dirla in altro modo, WordPress alimenta oltre un terzo del web! E se si limita l&#8217;insieme dei dati ai soli siti web con un CMS noto, la quota di mercato di WordPress diventa ancora pi\u00f9 prominente.<\/p>\n\n\n\n<p>In questo caso, WordPress detiene una quota di mercato del 61,7% per i sistemi di gestione dei contenuti sui siti web con un CMS noto. Come si colloca rispetto alla quota di mercato di altri sistemi di gestione dei contenuti abbastanza diffusi? Diamo un&#8217;occhiata:<\/p>\n\n\n\n<figure class=\"wp-block-table is-style-comparison\"><table><thead><tr><th><\/th><th>% Tutti i siti web<\/th><th>% Mercato CMS<\/th><\/tr><\/thead><tbody><tr><td>WordPress<\/td><td>43,5<\/td><td>61,7<\/td><\/tr><tr><td>Shopify<\/td><td>4,6<\/td><td>6,6<\/td><\/tr><tr><td>Wix<\/td><td>3,2<\/td><td>4,6<\/td><\/tr><tr><td>Squarespace<\/td><td>2,2<\/td><td>3,2<\/td><\/tr><tr><td>Joomla<\/td><td>1,6<\/td><td>2,3<\/td><\/tr><tr><td>Drupal<\/td><td>0,9<\/td><td>1,3<\/td><\/tr><\/tbody><\/table><\/figure>\n\n\n\n<p>Sebbene si sia parlato molto dei website builder in hosting come <a href=\"https:\/\/kinsta.com\/it\/blog\/squarespace-contro-wordpress\/\">Squarespace<\/a> e <a href=\"https:\/\/kinsta.com\/it\/blog\/da-wix-a-wordpress\/\">Wix<\/a>, i numeri mostrano che WordPress non rischia di essere detronizzato a breve! WordPress detiene anche una posizione dominante rispetto a <a href=\"https:\/\/kinsta.com\/blog\/joomla-vs-wordpress\/\">Joomla<\/a>, un altro popolare sistema di gestione dei contenuti self-hosted, e\u00a0<a href=\"https:\/\/kinsta.com\/it\/blog\/woocommerce-verso-shopify\/\">Shopify<\/a>, una piattaforma di e-commerce in hosting molto utilizzata.<\/p>\n<\/div>\n\n\n\n<div class=\"wp-block-group has-white-background-color has-background is-layout-constrained wp-block-group-is-layout-constrained\">\n<h2 class=\"wp-block-heading\" id=\"h-la-quota-di-mercato-di-wordpress-ancora-in-crescita\">La quota di mercato di WordPress \u00e8 ancora in crescita?<\/h2>\n\n\n\n<p>S\u00ec! La quota di mercato di WordPress \u00e8 cresciuta in modo piuttosto costante dal 2011. Il 2023 \u00e8 stato il primo anno dal 2011 in cui la quota di mercato di WordPress \u00e8 diminuita, ma anche in questo caso si \u00e8 trattato solo di un leggero calo dello 0,1%,<\/p>\n\n\n\n<p>All&#8217;inizio del 2017, WordPress alimentava il 27,3% di tutti i siti web. Ad agosto 2024, WordPress ha raggiunto una quota di mercato del 43,5%.<\/p>\n\n\n\n<p>Come si colloca questo dato rispetto agli anni passati? Ecco la <a href=\"https:\/\/w3techs.com\/technologies\/history_overview\/content_management\/all\/y\">quota di mercato complessiva<\/a> di WordPress a partire dal 2011:<\/p>\n\n\n\n<figure class=\"wp-block-table is-style-regular\"><table><thead><tr><th>2011<\/th><th>2012<\/th><th>2013<\/th><th>2014<\/th><th>2015<\/th><th>2016<\/th><th>2017<\/th><th>2018<\/th><th>2019<\/th><th>2020<\/th><th>2021<\/th><th>2022<\/th><th>2023<\/th><th>2024<\/th><\/tr><\/thead><tbody><tr><td>13,1%<\/td><td>15,8%<\/td><td>17,4%<\/td><td>21,0%<\/td><td>23,3%<\/td><td>25,6%<\/td><td>27,3%<\/td><td>29,2%<\/td><td>32,7%<\/td><td>35,4%<\/td><td>39,5%<\/td><td>43,2%<\/td><td>42,7%<\/td><td>43,6%<\/td><\/tr><\/tbody><\/table><\/figure>\n\n\n\n<p>Come possiamo vedere, negli ultimi anni WordPress ha registrato una crescita costante della sua quota di mercato (in termini di quote di mercato complessive). E non mostra segni di rallentamento. Se questa tendenza continua, non passer\u00e0 molto tempo prima che WordPress sia alla base della met\u00e0 di tutti i siti web di Internet.<\/p>\n\n\n\n<p> Oltre 900 aziende hanno contribuito al <a href=\"https:\/\/github.com\/WordPress\/WordPress\" target=\"_blank\" rel=\"noreferrer noopener\">core di WordPress<\/a> nel 2023.<\/p>\n<\/div>\n\n\n\n<div class=\"wp-block-group has-white-background-color has-background is-layout-constrained wp-block-group-is-layout-constrained\">\n<h2 class=\"wp-block-heading\" id=\"h-come-si-colloca-la-crescita-di-wordpress-rispetto-ad-altri-sistemi-di-gestione-dei-contenuti\">Come si colloca la crescita di WordPress rispetto ad altri sistemi di gestione dei contenuti?<\/h2>\n\n\n\n<p>WordPress sta crescendo&#8230; ma sta crescendo pi\u00f9 velocemente della concorrenza? Questa \u00e8 una domanda pi\u00f9 difficile a cui rispondere. <\/p>\n\n\n\n<p>Dal 2023 al 2024:<\/p>\n\n\n\n<ul class=\"is-style-check-list wp-block-list\">\n<li>La quota di mercato di Shopify \u00e8 aumentata dal 5,7% al 6,6%<\/li>\n\n\n\n<li>La quota di mercato di Wix \u00e8 aumentata dal 3,6% al 4,6%<\/li>\n\n\n\n<li>La quota di mercato di Squarespace \u00e8 aumentata dal 3,0% al 3,2%<\/li>\n\n\n\n<li>La quota di mercato di Joomla \u00e8 diminuita dal 2,7% al 2,3%<\/li>\n\n\n\n<li>La quota di mercato di Drupal \u00e8 diminuita dal 1,8% al 1,3%<\/li>\n<\/ul>\n\n\n\n<p>Questi piccoli cambiamenti nella quota di mercato riflettono la crescita di piattaforme specializzate come Shopify e\u00a0<a href=\"https:\/\/kinsta.com\/it\/blog\/da-wix-a-wordpress\/\">Wix<\/a>, che rispondono a esigenze di nicchia. Tuttavia, per chi cerca una piattaforma versatile, potente e altamente personalizzabile, WordPress rimane la scelta migliore.<\/p>\n\n\n\n<p>Nel 2024, WordPress continua ad essere il sistema di gestione dei contenuti pi\u00f9 diffuso, alimentando oltre il 43,5% di tutti i siti web. Sebbene il mercato abbia subito un leggero cambiamento dal 2023 al 2024, con una leggera correzione della quota di WordPress, \u00e8 essenziale riconoscere che si tratta ancora di una posizione dominante, molto pi\u00f9 avanti rispetto ai concorrenti.<\/p>\n\n\n\n<p>Queste tendenze di crescita si possono vedere in Google Trends, dove Wix, Squarespace e Joomla (e, in misura minore, WordPress) sono diminuiti o rimasti fermi, mentre Shopify sta generando un interesse crescente:<\/p>\n\n\n\n<figure class=\"wp-block-image size-large is-style-plain\"><img decoding=\"async\" src=\"https:\/\/kinsta.com\/wp-content\/uploads\/2024\/08\/wordpress-market-share-2024-trends-1024x548.png\" alt=\"WordPress trends vs other CMS\" class=\"wp-image-184170\"><\/figure>\n<\/div>\n\n\n\n<div class=\"wp-block-group has-gray-background-color has-background is-layout-constrained wp-block-group-is-layout-constrained\">\n<h2 class=\"wp-block-heading\" id=\"h-quota-di-mercato-di-woocommerce\">Quota di mercato di WooCommerce<\/h2>\n\n\n\n<p>Dato che WordPress ha avuto le sue origini nel blogging, potrebbe sorprenderti sapere quanto WordPress sia dominante in altri settori, in particolare in quello dell&#8217;e-commerce.<\/p>\n\n\n\n<p><a href=\"https:\/\/trends.builtwith.com\/shop\/traffic\/Entire-Internet\" target=\"_blank\" rel=\"noreferrer noopener\">Secondo BuiltWith<\/a>, WooCommerce, il pi\u00f9 popolare plugin di e-commerce per WordPress, <strong>gestisce il 17% di tutti i siti di e-commerce su Internet<\/strong>. Anche se questo numero potrebbe non essere impressionante, la quota di mercato di WooCommerce \u00e8 in realt\u00e0 maggiore se si filtrano i siti a basso traffico.<\/p>\n\n\n\n<p>Tra i primi 1 milione di siti su Internet, WooCommerce \u00e8 ancora una soluzione molto popolare<\/p>\n\n\n\n<h3 class=\"wp-block-heading\" id=\"h-come-si-colloca-la-quota-di-mercato-di-woocommerce-rispetto-a-shopify\">Come si colloca la quota di mercato di WooCommerce rispetto a Shopify?<\/h3>\n\n\n\n<p>Mentre WooCommerce \u00e8 leader di mercato, Shopify \u00e8 competitivo e addirittura leader in alcune categorie. Ecco come la quota di mercato di WooCommerce <a href=\"https:\/\/kinsta.com\/it\/blog\/woocommerce-verso-shopify\/\" target=\"_blank\" rel=\"noreferrer noopener\">si confronta con quella di Shopify<\/a> se segmentata in base alla popolarit\u00e0 del sito web:<\/p>\n\n\n\n<figure class=\"wp-block-table is-style-comparison\"><table><thead><tr><th>Siti<\/th><th>WooCommerce<\/th><th>Shopify<\/th><\/tr><\/thead><tbody><tr><td>Tutto Internet<\/td><td>17%<\/td><td>28%<\/td><\/tr><tr><td>Top 1 milione<\/td><td>14%<\/td><td>24%<\/td><\/tr><tr><td>Top 100k<\/td><td>8%<\/td><td>20%<\/td><\/tr><tr><td>Top 10k<\/td><td>65%<\/td><td>19%<\/td><\/tr><\/tbody><\/table><\/figure>\n\n\n\n<p>Se si considerano solo i siti web pi\u00f9 popolari di Internet (Top 100k o Top 10k), Shopify \u00e8 effettivamente il leader del mercato. Tuttavia, vale la pena sottolineare che solo 36.094 siti web della Top 100k utilizzano una piattaforma di e-commerce nota, quindi il campione non \u00e8 molto ampio. Per quanto riguarda il numero effettivo di siti nella Top 10k che utilizzano ciascuna piattaforma:<\/p>\n\n\n\n<ul class=\"is-style-check-list wp-block-list\">\n<li>342 siti utilizzano Shopify<\/li>\n\n\n\n<li>97 siti utilizzano WooCommerce<\/li>\n<\/ul>\n<\/div>\n\n\n\n<div class=\"wp-block-group has-white-background-color has-background is-layout-constrained wp-block-group-is-layout-constrained\">\n<h2 class=\"wp-block-heading\" id=\"h-quota-di-mercato-di-easy-digital-downloads\">Quota di mercato di Easy Digital Downloads<\/h2>\n\n\n\n<p>Anche se non \u00e8 popolare quanto WooCommerce, Easy Digital Downloads \u00e8 ancora un piccolo, ma notevole, attore nel settore dell&#8217;ecommerce.<\/p>\n\n\n\n<p><a href=\"https:\/\/trends.builtwith.com\/shop\/Easy-Digital-Downloads\" target=\"_blank\" rel=\"noreferrer noopener\">Secondo BuiltWith<\/a>, Easy Digital Downloads rappresenta lo 0,07% della BuiltWith Top Million (una stima del milione di siti web pi\u00f9 popolari di Internet).<\/p>\n<\/div>\n\n\n\n<div class=\"wp-block-group has-white-background-color has-background is-layout-constrained wp-block-group-is-layout-constrained\">\n<h2 class=\"wp-block-heading\" id=\"h-un-brindisi-al-cms-pi-popolare-del-mondo\">Un brindisi al CMS pi\u00f9 popolare del mondo<\/h2>\n\n\n\n<p>Sebbene la crescita dei website builder ospitati come Squarespace, Wix e Shopify sia un fenomeno a cui prestare attenzione, tutti i numeri portano a una conclusione: <strong>WordPress \u00e8, senza dubbio, il modo pi\u00f9 popolare al mondo per costruire un sito web.<\/strong><\/p>\n\n\n\n<p>Allora, che ne dici di cominciare? Offriamo installazioni di WordPress a un solo clic, per cominciare subito a creare il tuo sito web.<\/p>\n\n\n\n<div class=\"wp-block-kinsta-buttons\">\n<a class=\"wp-block-kinsta-button\" href=\"https:\/\/kinsta.com\/it\/prezzi\/\">Inizia oggi<\/a>\n<\/div>\n<\/div>\n","protected":false},"excerpt":{"rendered":"<p>Spoiler &#8211; ecco le risposte: Per mostrarti da dove provengono queste conclusioni, abbiamo raccolto alcune statistiche sbalorditive sulla quota di mercato di WordPress, nonch\u00e9 sulla quota &#8230;<\/p>\n","protected":false},"author":18,"featured_media":0,"parent":0,"menu_order":0,"comment_status":"closed","ping_status":"closed","template":"templates\/template-article.php","meta":{"_kinsta_gated_content":false,"_kinsta_gated_content_redirect":"","footnotes":""},"class_list":["post-17839","page","type-page","status-publish","hentry"],"yoast_head":"<!-- This site is optimized with the Yoast SEO Premium plugin v24.6 (Yoast SEO v24.6) - https:\/\/yoast.com\/wordpress\/plugins\/seo\/ -->\n<title>Statistiche sulle quote di mercato di WordPress (2011-2026) - Kinsta\u00ae<\/title>\n<meta name=\"description\" content=\"Non \u00e8 un segreto che WordPress sia uno dei modi pi\u00f9 popolari per costruire un sito web. Scopri l&#039;attuale quota di mercato di WordPress e la sua crescita rispetto ad altre piattaforme.\" \/>\n<meta name=\"robots\" content=\"index, follow, max-snippet:-1, max-image-preview:large, max-video-preview:-1\" \/>\n<link rel=\"canonical\" href=\"https:\/\/kinsta.com\/it\/quota-di-mercato-di-wordpress\/\" \/>\n<meta property=\"og:locale\" content=\"it_IT\" \/>\n<meta property=\"og:type\" content=\"article\" \/>\n<meta property=\"og:title\" content=\"Quota di Mercato di WordPress (2011-2018)\" \/>\n<meta property=\"og:description\" content=\"Non \u00e8 un segreto che WordPress sia uno dei modi pi\u00f9 popolari per costruire un sito web. Scopri l&#039;attuale quota di mercato di WordPress e la sua crescita rispetto ad altre piattaforme.\" \/>\n<meta property=\"og:url\" content=\"https:\/\/kinsta.com\/it\/quota-di-mercato-di-wordpress\/\" \/>\n<meta property=\"og:site_name\" content=\"Kinsta\u00ae\" \/>\n<meta property=\"article:publisher\" content=\"https:\/\/www.facebook.com\/kinstaitalia\/\" \/>\n<meta property=\"article:modified_time\" content=\"2025-01-07T14:33:55+00:00\" \/>\n<meta property=\"og:image\" content=\"https:\/\/kinsta.com\/it\/wp-content\/uploads\/sites\/2\/2018\/10\/quota-di-mercato-di-wordpress.jpg\" \/>\n\t<meta property=\"og:image:width\" content=\"1200\" \/>\n\t<meta property=\"og:image:height\" content=\"628\" \/>\n\t<meta property=\"og:image:type\" content=\"image\/jpeg\" \/>\n<meta name=\"twitter:card\" content=\"summary_large_image\" \/>\n<meta name=\"twitter:title\" content=\"Quota di Mercato di WordPress (2011-2018)\" \/>\n<meta name=\"twitter:description\" content=\"Non \u00e8 un segreto che WordPress sia uno dei modi pi\u00f9 popolari per costruire un sito web. Scopri l&#039;attuale quota di mercato di WordPress e la sua crescita rispetto ad altre piattaforme.\" \/>\n<meta name=\"twitter:image\" content=\"https:\/\/kinsta.com\/it\/wp-content\/uploads\/sites\/2\/2018\/10\/quota-di-mercato-di-wordpress.jpg\" \/>\n<meta name=\"twitter:site\" content=\"@Kinsta_IT\" \/>\n<meta name=\"twitter:label1\" content=\"Tempo di lettura stimato\" \/>\n\t<meta name=\"twitter:data1\" content=\"7 minuti\" \/>\n<script type=\"application\/ld+json\" class=\"yoast-schema-graph\">{\"@context\":\"https:\/\/schema.org\",\"@graph\":[{\"@type\":\"WebPage\",\"@id\":\"https:\/\/kinsta.com\/it\/quota-di-mercato-di-wordpress\/\",\"url\":\"https:\/\/kinsta.com\/it\/quota-di-mercato-di-wordpress\/\",\"name\":\"Statistiche sulle quote di mercato di WordPress (2011-2026) - Kinsta\u00ae\",\"isPartOf\":{\"@id\":\"https:\/\/kinsta.com\/it\/#website\"},\"primaryImageOfPage\":{\"@id\":\"https:\/\/kinsta.com\/it\/quota-di-mercato-di-wordpress\/#primaryimage\"},\"image\":{\"@id\":\"https:\/\/kinsta.com\/it\/quota-di-mercato-di-wordpress\/#primaryimage\"},\"thumbnailUrl\":\"https:\/\/kinsta.com\/wp-content\/uploads\/2024\/08\/wordpress-market-share-2024-trends-1024x548.png\",\"datePublished\":\"2018-01-19T06:06:25+00:00\",\"dateModified\":\"2025-01-07T14:33:55+00:00\",\"description\":\"Non \u00e8 un segreto che WordPress sia uno dei modi pi\u00f9 popolari per costruire un sito web. Scopri l'attuale quota di mercato di WordPress e la sua crescita rispetto ad altre piattaforme.\",\"breadcrumb\":{\"@id\":\"https:\/\/kinsta.com\/it\/quota-di-mercato-di-wordpress\/#breadcrumb\"},\"inLanguage\":\"it-IT\",\"potentialAction\":[{\"@type\":\"ReadAction\",\"target\":[\"https:\/\/kinsta.com\/it\/quota-di-mercato-di-wordpress\/\"]}]},{\"@type\":\"ImageObject\",\"inLanguage\":\"it-IT\",\"@id\":\"https:\/\/kinsta.com\/it\/quota-di-mercato-di-wordpress\/#primaryimage\",\"url\":\"https:\/\/kinsta.com\/wp-content\/uploads\/2024\/08\/wordpress-market-share-2024-trends-1024x548.png\",\"contentUrl\":\"https:\/\/kinsta.com\/wp-content\/uploads\/2024\/08\/wordpress-market-share-2024-trends-1024x548.png\"},{\"@type\":\"BreadcrumbList\",\"@id\":\"https:\/\/kinsta.com\/it\/quota-di-mercato-di-wordpress\/#breadcrumb\",\"itemListElement\":[{\"@type\":\"ListItem\",\"position\":1,\"name\":\"Home\",\"item\":\"https:\/\/kinsta.com\/it\/\"},{\"@type\":\"ListItem\",\"position\":2,\"name\":\"Statistiche sulle quote di mercato di WordPress (2011-2025)\"}]},{\"@type\":\"WebSite\",\"@id\":\"https:\/\/kinsta.com\/it\/#website\",\"url\":\"https:\/\/kinsta.com\/it\/\",\"name\":\"Kinsta\u00ae\",\"description\":\"Soluzioni di hosting premium, veloci e sicure\",\"publisher\":{\"@id\":\"https:\/\/kinsta.com\/it\/#organization\"},\"potentialAction\":[{\"@type\":\"SearchAction\",\"target\":{\"@type\":\"EntryPoint\",\"urlTemplate\":\"https:\/\/kinsta.com\/it\/?s={search_term_string}\"},\"query-input\":{\"@type\":\"PropertyValueSpecification\",\"valueRequired\":true,\"valueName\":\"search_term_string\"}}],\"inLanguage\":\"it-IT\"},{\"@type\":\"Organization\",\"@id\":\"https:\/\/kinsta.com\/it\/#organization\",\"name\":\"Kinsta\",\"url\":\"https:\/\/kinsta.com\/it\/\",\"logo\":{\"@type\":\"ImageObject\",\"inLanguage\":\"it-IT\",\"@id\":\"https:\/\/kinsta.com\/it\/#\/schema\/logo\/image\/\",\"url\":\"https:\/\/kinsta.com\/it\/wp-content\/uploads\/sites\/2\/2023\/12\/kinsta-logo.jpeg\",\"contentUrl\":\"https:\/\/kinsta.com\/it\/wp-content\/uploads\/sites\/2\/2023\/12\/kinsta-logo.jpeg\",\"width\":500,\"height\":500,\"caption\":\"Kinsta\"},\"image\":{\"@id\":\"https:\/\/kinsta.com\/it\/#\/schema\/logo\/image\/\"},\"sameAs\":[\"https:\/\/www.facebook.com\/kinstaitalia\/\",\"https:\/\/x.com\/Kinsta_IT\",\"https:\/\/www.instagram.com\/kinstahosting\/\",\"https:\/\/www.linkedin.com\/company\/kinsta\/\",\"https:\/\/www.pinterest.com\/kinstahosting\/\",\"https:\/\/www.youtube.com\/c\/Kinsta\"]}]}<\/script>\n<!-- \/ Yoast SEO Premium plugin. -->","yoast_head_json":{"title":"Statistiche sulle quote di mercato di WordPress (2011-2026) - Kinsta\u00ae","description":"Non \u00e8 un segreto che WordPress sia uno dei modi pi\u00f9 popolari per costruire un sito web. Scopri l'attuale quota di mercato di WordPress e la sua crescita rispetto ad altre piattaforme.","robots":{"index":"index","follow":"follow","max-snippet":"max-snippet:-1","max-image-preview":"max-image-preview:large","max-video-preview":"max-video-preview:-1"},"canonical":"https:\/\/kinsta.com\/it\/quota-di-mercato-di-wordpress\/","og_locale":"it_IT","og_type":"article","og_title":"Quota di Mercato di WordPress (2011-2018)","og_description":"Non \u00e8 un segreto che WordPress sia uno dei modi pi\u00f9 popolari per costruire un sito web. Scopri l'attuale quota di mercato di WordPress e la sua crescita rispetto ad altre piattaforme.","og_url":"https:\/\/kinsta.com\/it\/quota-di-mercato-di-wordpress\/","og_site_name":"Kinsta\u00ae","article_publisher":"https:\/\/www.facebook.com\/kinstaitalia\/","article_modified_time":"2025-01-07T14:33:55+00:00","og_image":[{"width":1200,"height":628,"url":"https:\/\/kinsta.com\/it\/wp-content\/uploads\/sites\/2\/2018\/10\/quota-di-mercato-di-wordpress.jpg","type":"image\/jpeg"}],"twitter_card":"summary_large_image","twitter_title":"Quota di Mercato di WordPress (2011-2018)","twitter_description":"Non \u00e8 un segreto che WordPress sia uno dei modi pi\u00f9 popolari per costruire un sito web. Scopri l'attuale quota di mercato di WordPress e la sua crescita rispetto ad altre piattaforme.","twitter_image":"https:\/\/kinsta.com\/it\/wp-content\/uploads\/sites\/2\/2018\/10\/quota-di-mercato-di-wordpress.jpg","twitter_site":"@Kinsta_IT","twitter_misc":{"Tempo di lettura stimato":"7 minuti"},"schema":{"@context":"https:\/\/schema.org","@graph":[{"@type":"WebPage","@id":"https:\/\/kinsta.com\/it\/quota-di-mercato-di-wordpress\/","url":"https:\/\/kinsta.com\/it\/quota-di-mercato-di-wordpress\/","name":"Statistiche sulle quote di mercato di WordPress (2011-2026) - Kinsta\u00ae","isPartOf":{"@id":"https:\/\/kinsta.com\/it\/#website"},"primaryImageOfPage":{"@id":"https:\/\/kinsta.com\/it\/quota-di-mercato-di-wordpress\/#primaryimage"},"image":{"@id":"https:\/\/kinsta.com\/it\/quota-di-mercato-di-wordpress\/#primaryimage"},"thumbnailUrl":"https:\/\/kinsta.com\/wp-content\/uploads\/2024\/08\/wordpress-market-share-2024-trends-1024x548.png","datePublished":"2018-01-19T06:06:25+00:00","dateModified":"2025-01-07T14:33:55+00:00","description":"Non \u00e8 un segreto che WordPress sia uno dei modi pi\u00f9 popolari per costruire un sito web. Scopri l'attuale quota di mercato di WordPress e la sua crescita rispetto ad altre piattaforme.","breadcrumb":{"@id":"https:\/\/kinsta.com\/it\/quota-di-mercato-di-wordpress\/#breadcrumb"},"inLanguage":"it-IT","potentialAction":[{"@type":"ReadAction","target":["https:\/\/kinsta.com\/it\/quota-di-mercato-di-wordpress\/"]}]},{"@type":"ImageObject","inLanguage":"it-IT","@id":"https:\/\/kinsta.com\/it\/quota-di-mercato-di-wordpress\/#primaryimage","url":"https:\/\/kinsta.com\/wp-content\/uploads\/2024\/08\/wordpress-market-share-2024-trends-1024x548.png","contentUrl":"https:\/\/kinsta.com\/wp-content\/uploads\/2024\/08\/wordpress-market-share-2024-trends-1024x548.png"},{"@type":"BreadcrumbList","@id":"https:\/\/kinsta.com\/it\/quota-di-mercato-di-wordpress\/#breadcrumb","itemListElement":[{"@type":"ListItem","position":1,"name":"Home","item":"https:\/\/kinsta.com\/it\/"},{"@type":"ListItem","position":2,"name":"Statistiche sulle quote di mercato di WordPress (2011-2025)"}]},{"@type":"WebSite","@id":"https:\/\/kinsta.com\/it\/#website","url":"https:\/\/kinsta.com\/it\/","name":"Kinsta\u00ae","description":"Soluzioni di hosting premium, veloci e sicure","publisher":{"@id":"https:\/\/kinsta.com\/it\/#organization"},"potentialAction":[{"@type":"SearchAction","target":{"@type":"EntryPoint","urlTemplate":"https:\/\/kinsta.com\/it\/?s={search_term_string}"},"query-input":{"@type":"PropertyValueSpecification","valueRequired":true,"valueName":"search_term_string"}}],"inLanguage":"it-IT"},{"@type":"Organization","@id":"https:\/\/kinsta.com\/it\/#organization","name":"Kinsta","url":"https:\/\/kinsta.com\/it\/","logo":{"@type":"ImageObject","inLanguage":"it-IT","@id":"https:\/\/kinsta.com\/it\/#\/schema\/logo\/image\/","url":"https:\/\/kinsta.com\/it\/wp-content\/uploads\/sites\/2\/2023\/12\/kinsta-logo.jpeg","contentUrl":"https:\/\/kinsta.com\/it\/wp-content\/uploads\/sites\/2\/2023\/12\/kinsta-logo.jpeg","width":500,"height":500,"caption":"Kinsta"},"image":{"@id":"https:\/\/kinsta.com\/it\/#\/schema\/logo\/image\/"},"sameAs":["https:\/\/www.facebook.com\/kinstaitalia\/","https:\/\/x.com\/Kinsta_IT","https:\/\/www.instagram.com\/kinstahosting\/","https:\/\/www.linkedin.com\/company\/kinsta\/","https:\/\/www.pinterest.com\/kinstahosting\/","https:\/\/www.youtube.com\/c\/Kinsta"]}]}},"acf":[],"_links":{"self":[{"href":"https:\/\/kinsta.com\/it\/wp-json\/wp\/v2\/pages\/17839","targetHints":{"allow":["GET"]}}],"collection":[{"href":"https:\/\/kinsta.com\/it\/wp-json\/wp\/v2\/pages"}],"about":[{"href":"https:\/\/kinsta.com\/it\/wp-json\/wp\/v2\/types\/page"}],"author":[{"embeddable":true,"href":"https:\/\/kinsta.com\/it\/wp-json\/wp\/v2\/users\/18"}],"replies":[{"embeddable":true,"href":"https:\/\/kinsta.com\/it\/wp-json\/wp\/v2\/comments?post=17839"}],"version-history":[{"count":7,"href":"https:\/\/kinsta.com\/it\/wp-json\/wp\/v2\/pages\/17839\/revisions"}],"predecessor-version":[{"id":80143,"href":"https:\/\/kinsta.com\/it\/wp-json\/wp\/v2\/pages\/17839\/revisions\/80143"}],"alternate":[{"embeddable":true,"hreflang":"en","title":"English","href":"https:\/\/kinsta.com\/it\/wp-json\/kinsta\/v1\/posts\/17839\/translations\/en"},{"embeddable":true,"hreflang":"it","title":"Italian","href":"https:\/\/kinsta.com\/it\/wp-json\/kinsta\/v1\/posts\/17839\/translations\/it"},{"embeddable":true,"hreflang":"es","title":"Spanish","href":"https:\/\/kinsta.com\/it\/wp-json\/kinsta\/v1\/posts\/17839\/translations\/es"},{"embeddable":true,"hreflang":"fr","title":"French","href":"https:\/\/kinsta.com\/it\/wp-json\/kinsta\/v1\/posts\/17839\/translations\/fr"},{"embeddable":true,"hreflang":"de","title":"German","href":"https:\/\/kinsta.com\/it\/wp-json\/kinsta\/v1\/posts\/17839\/translations\/de"},{"embeddable":true,"hreflang":"pt","title":"Portuguese","href":"https:\/\/kinsta.com\/it\/wp-json\/kinsta\/v1\/posts\/17839\/translations\/pt"},{"embeddable":true,"hreflang":"nl","title":"Dutch","href":"https:\/\/kinsta.com\/it\/wp-json\/kinsta\/v1\/posts\/17839\/translations\/nl"},{"embeddable":true,"hreflang":"ja","title":"Japanese","href":"https:\/\/kinsta.com\/it\/wp-json\/kinsta\/v1\/posts\/17839\/translations\/jp"},{"href":"https:\/\/kinsta.com\/it\/wp-json\/kinsta\/v1\/posts\/17839\/tree"}],"wp:attachment":[{"href":"https:\/\/kinsta.com\/it\/wp-json\/wp\/v2\/media?parent=17839"}],"curies":[{"name":"wp","href":"https:\/\/api.w.org\/{rel}","templated":true}]}}