{"id":42708,"date":"2021-01-15T05:22:10","date_gmt":"2021-01-15T13:22:10","guid":{"rendered":"https:\/\/kinsta.com\/?page_id=85392"},"modified":"2025-05-21T18:32:05","modified_gmt":"2025-05-21T17:32:05","slug":"caratteristiche","status":"publish","type":"page","link":"https:\/\/kinsta.com\/it\/devkinsta\/caratteristiche\/","title":{"rendered":"Caratteristiche di DevKinsta"},"content":{"rendered":"\n<header class=\"wp-block-kinsta-hero-title is-style-center-screenshot alignfull\"><div class=\"wp-block-kinsta-hero-title__inner\">\n<div class=\"wp-block-kinsta-columns is-vertical-center\">\n<div class=\"wp-block-kinsta-column wp-block-kinsta-columns__column\">\n<div class=\"wp-block-kinsta-hero-title-content wp-block-kinsta-hero-title__content\"><h1 class=\"wp-block-kinsta-hero-title__title\"><span class=\"wp-block-kinsta-hero-title__title__text\">Caratteristiche di DevKinsta<\/span><\/h1>\n<p>DevKinsta \u00e8 una suite gratuita di strumenti di sviluppo locale che permette di costruire, testare e distribuire siti WordPress in pochi minuti. Al momento \u00e8 disponibile per macOS, Windows e Ubuntu.<\/p>\n\n\n\n<div class=\"wp-block-kinsta-buttons alignleft\">\n\n<\/div>\n<\/div>\n<\/div>\n\n\n\n<div class=\"wp-block-kinsta-column wp-block-kinsta-columns__column\">\n<div class=\"wp-block-kinsta-hero-title-secondary wp-block-kinsta-hero-title__secondary\">\n<div class=\"wp-block-kinsta-illustration alignwide\"><img decoding=\"async\" alt=\"DevKinsta Features\" src=\"https:\/\/kinsta.com\/wp-content\/uploads\/2020\/12\/devkinsta-features-hero.svg\" class=\"wp-block-kinsta-illustration__image\"><\/div>\n<\/div>\n<\/div>\n<\/div>\n<\/div><\/header>\n\n\n\n<h2 class=\"wp-block-heading has-text-align-center\" id=\"h-crea-siti-e-sviluppa-in-locale-con-un-solo-click\"><strong>Crea siti e sviluppa in locale con un solo click<\/strong><\/h2>\n\n\n\n<p class=\"has-text-align-center\">Crea siti WordPress in locale con un solo click e inizia a sviluppare (quasi) istantaneamente. Ogni sito viene automaticamente configurato con Nginx, PHP e MySQL. DevKinsta supporta anche WordPress Multisite e dispone di potenti strumenti di gestione del database e delle email per ottimizzare il tuo workflow di sviluppo.<\/p>\n\n\n\n<div class=\"wp-block-kinsta-buttons aligncenter\">\n<a class=\"wp-block-kinsta-button is-style-inline\" href=\"https:\/\/kinsta.com\/it\/docs\/devkinsta\/devkinsta-come-iniziare\/creare-un-sito\/\">Scopri di pi\u00f9 sulla creazione dei siti<\/a>\n<\/div>\n\n\n\n<div class=\"wp-block-kinsta-feature-boxes wp-block-kinsta-feature-boxes--4\">\n<div class=\"wp-block-kinsta-feature-boxes-box wp-block-kinsta-feature-boxes__box\">\n<div class=\"wp-block-kinsta-illustration aligncenter\"><img decoding=\"async\" alt=\"Database management\" src=\"https:\/\/kinsta.com\/wp-content\/uploads\/2020\/12\/devkinsta-features-database-picto.svg\" class=\"wp-block-kinsta-illustration__image\"><\/div>\n\n\n\n<h3 class=\"wp-block-heading\" id=\"h-gestione-del-database\"><strong>Gestione del database<\/strong><\/h3>\n\n\n\n<p>DevKinsta usa Adminer, uno strumento di gestione del database leggero e open source. Con Adminer, puoi modificare facilmente le tabelle del database, importare ed esportare backup, eseguire query SQL e altro ancora.<\/p>\n\n\n\n<div class=\"wp-block-kinsta-buttons aligncenter\">\n<a class=\"wp-block-kinsta-button is-style-inline\" href=\"https:\/\/kinsta.com\/it\/docs\/devkinsta\/devkinsta-database\/database-manager\/\">Maggiori informazioni sul Database Manager<\/a>\n<\/div>\n<\/div>\n\n\n\n<div class=\"wp-block-kinsta-feature-boxes-box wp-block-kinsta-feature-boxes__box\">\n<div class=\"wp-block-kinsta-illustration aligncenter\"><img decoding=\"async\" alt=\"Work with HTTPS locally\" src=\"https:\/\/kinsta.com\/wp-content\/uploads\/2020\/12\/devkinsta-features-https-picto.svg\" class=\"wp-block-kinsta-illustration__image\"><\/div>\n\n\n\n<h3 class=\"wp-block-heading\" id=\"h-lavorare-con-https-in-locale\"><strong>Lavorare con HTTPS in locale<\/strong><\/h3>\n\n\n\n<p>Il 66% dei caricamenti di pagina avviene su HTTPS. Con il supporto HTTPS di DevKinsta, puoi eseguire i tuoi test e costruire il tuo sito WordPress senza mai perdere di vista la sicurezza.<\/p>\n\n\n\n<div class=\"wp-block-kinsta-buttons aligncenter\">\n<a class=\"wp-block-kinsta-button is-style-inline\" href=\"https:\/\/kinsta.com\/docs\/devkinsta\/devkinsta-site-management\/#the-site-info-page\">Scopri di pi\u00f9<\/a>\n<\/div>\n<\/div>\n\n\n\n<div class=\"wp-block-kinsta-feature-boxes-box wp-block-kinsta-feature-boxes__box\">\n<div class=\"wp-block-kinsta-illustration aligncenter\"><img decoding=\"async\" alt=\"Built-in email testing\" src=\"https:\/\/kinsta.com\/wp-content\/uploads\/2020\/12\/devkinsta-features-email-picto.svg\" class=\"wp-block-kinsta-illustration__image\"><\/div>\n\n\n\n<h3 class=\"wp-block-heading\" id=\"h-testing-delle-email-integrato\">Testing delle email integrato<\/h3>\n\n\n\n<p>DevKinsta\u00a0 \u00e8 dotato di un potente server SMTP e di una casella email che consente di analizzare ed eseguire il debug delle email in uscita dai tuoi siti WordPress locali.<\/p>\n\n\n\n<div class=\"wp-block-kinsta-buttons aligncenter\">\n<a class=\"wp-block-kinsta-button is-style-inline\" href=\"https:\/\/kinsta.com\/it\/docs\/devkinsta\/devkinsta-gestione-sito\/inbox-email\/\">Scopri di pi\u00f9 sui Test delle Email<\/a>\n<\/div>\n<\/div>\n\n\n\n<div class=\"wp-block-kinsta-feature-boxes-box wp-block-kinsta-feature-boxes__box\">\n<div class=\"wp-block-kinsta-illustration aligncenter\"><img decoding=\"async\" alt=\"WordPress error logging\" src=\"https:\/\/kinsta.com\/wp-content\/uploads\/2020\/12\/devkinsta-features-logging.svg\" class=\"wp-block-kinsta-illustration__image\"><\/div>\n\n\n\n<h3 class=\"wp-block-heading\" id=\"h-log-degli-errori-di-wordpress\"><strong>Log degli errori di WordPress<\/strong><\/h3>\n\n\n\n<p>Esegui il debug degli errori PHP del tuo sito grazie alla funzione integrata WP_DEBUG di DevKinsta.<\/p>\n\n\n\n<div class=\"wp-block-kinsta-buttons aligncenter\">\n<a class=\"wp-block-kinsta-button is-style-inline\" href=\"https:\/\/kinsta.com\/it\/docs\/devkinsta\/devkinsta-risoluzione-problemi\/log\/\">Scopri di pi\u00f9 sui Log degli Errori<\/a>\n<\/div>\n<\/div>\n<\/div>\n\n\n\n<div class=\"wp-block-group devkinsta-features-cta has-secondary-background-color has-background is-layout-constrained wp-block-group-is-layout-constrained\">\n<h2 class=\"wp-block-heading has-text-align-center\" id=\"h-prova-devkinsta-oggi\"><strong>Prova DevKinsta oggi!<\/strong><\/h2>\n\n\n\n<div class=\"wp-block-kinsta-buttons aligncenter\">\n<a class=\"wp-block-kinsta-button\" href=\"https:\/\/kinsta.com\/it\/devkinsta\/download\/\">Scarica adesso<\/a>\n<\/div>\n<\/div>\n\n\n\n<figure class=\"wp-block-image aligncenter size-large is-resized\"><img decoding=\"async\" src=\"https:\/\/kinsta.com\/it\/wp-content\/uploads\/sites\/2\/2021\/08\/devkinsta-features-deploy.svg\" alt class=\"wp-image-46753\" style=\"width:445px;height:318px\"><\/figure>\n\n\n\n<h2 class=\"wp-block-heading has-text-align-center\" id=\"h-distribuzione-globale\"><strong>Distribuzione globale<\/strong><\/h2>\n\n\n\n<p class=\"has-text-align-center\">Scegli uno dei 27 data center Kinsta disponibili in ogni angolo del mondo. Integrazione perfetta con i servizi Kinsta.<\/p>\n\n\n\n<div class=\"wp-block-kinsta-buttons aligncenter\">\n<a class=\"wp-block-kinsta-button is-style-inline\" href=\"https:\/\/kinsta.com\/it\/prezzi\/\">Maggiori informazioni sui piani di hosting<\/a>\n<\/div>\n\n\n\n<div class=\"wp-block-kinsta-feature-boxes wp-block-kinsta-feature-boxes--3\">\n<div class=\"wp-block-kinsta-feature-boxes-box wp-block-kinsta-feature-boxes__box\">\n<div class=\"wp-block-kinsta-illustration aligncenter\"><img decoding=\"async\" alt=\"DevKinsta available in 10 languages\" src=\"https:\/\/kinsta.com\/wp-content\/uploads\/2020\/12\/devkinsta-features-languages-picto.svg\" class=\"wp-block-kinsta-illustration__image\"><\/div>\n\n\n\n<h3 class=\"wp-block-heading\" id=\"h-disponibile-in-10-lingue\">Disponibile in 10 lingue<\/h3>\n\n\n\n<p>DevKinsta viene supportato in diverse lingue: inglese, italiano, portoghese, francese, tedesco, giapponese, olandese, spagnolo, svedese e danese.<\/p>\n<\/div>\n\n\n\n<div class=\"wp-block-kinsta-feature-boxes-box wp-block-kinsta-feature-boxes__box\">\n<div class=\"wp-block-kinsta-illustration aligncenter\"><img decoding=\"async\" alt=\"PHP version switching in DevKinsta\" src=\"https:\/\/kinsta.com\/wp-content\/uploads\/2020\/12\/devkinsta-features-version-switching-picto.svg\" class=\"wp-block-kinsta-illustration__image\"><\/div>\n\n\n\n<h3 class=\"wp-block-heading\" id=\"h-modifica-delle-versioni-di-php\"><strong>Modifica delle versioni di PHP<\/strong><\/h3>\n\n\n\n<p>Grazie al supporto di PHP 7.2, 7.3, 7.4, 8.0, 8.1, e 8.2, puoi testare il tuo sito con le ultime versioni di PHP con un solo clic.<\/p>\n<\/div>\n\n\n\n<div class=\"wp-block-kinsta-feature-boxes-box wp-block-kinsta-feature-boxes__box\">\n<div class=\"wp-block-kinsta-illustration aligncenter\"><img decoding=\"async\" alt=\"DevKinsta automatic updates\" src=\"https:\/\/kinsta.com\/wp-content\/uploads\/2020\/12\/devkinsta-features-updates-picto.svg\" class=\"wp-block-kinsta-illustration__image\"><\/div>\n\n\n\n<h3 class=\"wp-block-heading\" id=\"h-aggiornamenti-automatici\"><strong>Aggiornamenti automatici<\/strong><\/h3>\n\n\n\n<p>DevKinsta supporta gli aggiornamenti automatici, cos\u00ec avrai sempre a disposizione le funzionalit\u00e0 pi\u00f9 recenti per il tuo workflow di sviluppo locale.<\/p>\n<\/div>\n<\/div>\n\n\n\n<div class=\"wp-block-group devkinsta-footer-cta has-primary-background-color has-background is-layout-constrained wp-block-group-is-layout-constrained\">\n<h2 class=\"wp-block-heading has-text-align-center\" id=\"h-prova-devkinsta-oggi-stesso\">Prova DevKinsta oggi stesso!<\/h2>\n\n\n\n<div class=\"wp-block-kinsta-buttons aligncenter\">\n<a class=\"wp-block-kinsta-button\" href=\"https:\/\/kinsta.com\/it\/devkinsta\/download\/\">Scarica DevKinsta<\/a>\n<\/div>\n<\/div>\n","protected":false},"excerpt":{"rendered":"<p>Crea siti e sviluppa in locale con un solo click Crea siti WordPress in locale con un solo click e inizia a sviluppare (quasi) istantaneamente. Ogni &#8230;<\/p>\n","protected":false},"author":115,"featured_media":42709,"parent":42711,"menu_order":0,"comment_status":"closed","ping_status":"closed","template":"templates\/page\/devkinsta.php","meta":{"_kinsta_gated_content":false,"_kinsta_gated_content_redirect":"","footnotes":""},"class_list":["post-42708","page","type-page","status-publish","has-post-thumbnail","hentry"],"yoast_head":"<!-- This site is optimized with the Yoast SEO Premium plugin v24.6 (Yoast SEO v24.6) - https:\/\/yoast.com\/wordpress\/plugins\/seo\/ -->\n<title>Caratteristiche di DevKinsta<\/title>\n<meta name=\"description\" content=\"Scopri le funzionalit\u00e0 di DevKinsta, come la creazione di un sito con un solo clic, la gestione del database, la modifica della versione di PHP, il supporto multilingue e altro!\" \/>\n<meta name=\"robots\" content=\"index, follow, max-snippet:-1, max-image-preview:large, max-video-preview:-1\" \/>\n<link rel=\"canonical\" href=\"https:\/\/kinsta.com\/it\/devkinsta\/caratteristiche\/\" \/>\n<meta property=\"og:locale\" content=\"it_IT\" \/>\n<meta property=\"og:type\" content=\"article\" \/>\n<meta property=\"og:title\" content=\"Caratteristiche di DevKinsta\" \/>\n<meta property=\"og:description\" content=\"Scopri le funzionalit\u00e0 di DevKinsta, come la creazione di un sito con un solo clic, la gestione del database, la modifica della versione di PHP, il supporto multilingue e altro!\" \/>\n<meta property=\"og:url\" content=\"https:\/\/kinsta.com\/it\/devkinsta\/caratteristiche\/\" \/>\n<meta property=\"og:site_name\" content=\"Kinsta\u00ae\" \/>\n<meta property=\"article:publisher\" content=\"https:\/\/www.facebook.com\/kinstaitalia\/\" \/>\n<meta property=\"article:modified_time\" content=\"2025-05-21T17:32:05+00:00\" \/>\n<meta property=\"og:image\" content=\"https:\/\/kinsta.com\/it\/wp-content\/uploads\/sites\/2\/2021\/01\/devkinsta-featured-image.jpg\" \/>\n\t<meta property=\"og:image:width\" content=\"1200\" \/>\n\t<meta property=\"og:image:height\" content=\"628\" \/>\n\t<meta property=\"og:image:type\" content=\"image\/jpeg\" \/>\n<meta name=\"twitter:card\" content=\"summary_large_image\" \/>\n<meta name=\"twitter:description\" content=\"Scopri le funzionalit\u00e0 di DevKinsta, come la creazione di un sito con un solo clic, la gestione del database, la modifica della versione di PHP, il supporto multilingue e altro!\" \/>\n<meta name=\"twitter:image\" content=\"https:\/\/kinsta.com\/it\/wp-content\/uploads\/sites\/2\/2021\/01\/devkinsta-featured-image.jpg\" \/>\n<meta name=\"twitter:site\" content=\"@Kinsta_IT\" \/>\n<meta name=\"twitter:label1\" content=\"Tempo di lettura stimato\" \/>\n\t<meta name=\"twitter:data1\" content=\"4 minuti\" \/>\n<script type=\"application\/ld+json\" class=\"yoast-schema-graph\">{\"@context\":\"https:\/\/schema.org\",\"@graph\":[{\"@type\":\"WebPage\",\"@id\":\"https:\/\/kinsta.com\/it\/devkinsta\/caratteristiche\/\",\"url\":\"https:\/\/kinsta.com\/it\/devkinsta\/caratteristiche\/\",\"name\":\"Caratteristiche di DevKinsta\",\"isPartOf\":{\"@id\":\"https:\/\/kinsta.com\/it\/#website\"},\"primaryImageOfPage\":{\"@id\":\"https:\/\/kinsta.com\/it\/devkinsta\/caratteristiche\/#primaryimage\"},\"image\":{\"@id\":\"https:\/\/kinsta.com\/it\/devkinsta\/caratteristiche\/#primaryimage\"},\"thumbnailUrl\":\"https:\/\/kinsta.com\/it\/wp-content\/uploads\/sites\/2\/2021\/01\/devkinsta-featured-image.jpg\",\"datePublished\":\"2021-01-15T13:22:10+00:00\",\"dateModified\":\"2025-05-21T17:32:05+00:00\",\"description\":\"Scopri le funzionalit\u00e0 di DevKinsta, come la creazione di un sito con un solo clic, la gestione del database, la modifica della versione di PHP, il supporto multilingue e altro!\",\"breadcrumb\":{\"@id\":\"https:\/\/kinsta.com\/it\/devkinsta\/caratteristiche\/#breadcrumb\"},\"inLanguage\":\"it-IT\",\"potentialAction\":[{\"@type\":\"ReadAction\",\"target\":[\"https:\/\/kinsta.com\/it\/devkinsta\/caratteristiche\/\"]}]},{\"@type\":\"ImageObject\",\"inLanguage\":\"it-IT\",\"@id\":\"https:\/\/kinsta.com\/it\/devkinsta\/caratteristiche\/#primaryimage\",\"url\":\"https:\/\/kinsta.com\/it\/wp-content\/uploads\/sites\/2\/2021\/01\/devkinsta-featured-image.jpg\",\"contentUrl\":\"https:\/\/kinsta.com\/it\/wp-content\/uploads\/sites\/2\/2021\/01\/devkinsta-featured-image.jpg\",\"width\":1200,\"height\":628,\"caption\":\"Scopri le caratteristiche di DevKinsta, tra cui la creazione di un sito con un solo clic, la gestione del database, la modifica di versione PHP, il supporto multilingue e molto altro!\"},{\"@type\":\"BreadcrumbList\",\"@id\":\"https:\/\/kinsta.com\/it\/devkinsta\/caratteristiche\/#breadcrumb\",\"itemListElement\":[{\"@type\":\"ListItem\",\"position\":1,\"name\":\"Home\",\"item\":\"https:\/\/kinsta.com\/it\/\"},{\"@type\":\"ListItem\",\"position\":2,\"name\":\"La tua suite gratuita di sviluppo locale per WordPress\",\"item\":\"https:\/\/kinsta.com\/it\/devkinsta\/\"},{\"@type\":\"ListItem\",\"position\":3,\"name\":\"Caratteristiche di DevKinsta\"}]},{\"@type\":\"WebSite\",\"@id\":\"https:\/\/kinsta.com\/it\/#website\",\"url\":\"https:\/\/kinsta.com\/it\/\",\"name\":\"Kinsta\u00ae\",\"description\":\"Soluzioni di hosting premium, veloci e sicure\",\"publisher\":{\"@id\":\"https:\/\/kinsta.com\/it\/#organization\"},\"potentialAction\":[{\"@type\":\"SearchAction\",\"target\":{\"@type\":\"EntryPoint\",\"urlTemplate\":\"https:\/\/kinsta.com\/it\/?s={search_term_string}\"},\"query-input\":{\"@type\":\"PropertyValueSpecification\",\"valueRequired\":true,\"valueName\":\"search_term_string\"}}],\"inLanguage\":\"it-IT\"},{\"@type\":\"Organization\",\"@id\":\"https:\/\/kinsta.com\/it\/#organization\",\"name\":\"Kinsta\",\"url\":\"https:\/\/kinsta.com\/it\/\",\"logo\":{\"@type\":\"ImageObject\",\"inLanguage\":\"it-IT\",\"@id\":\"https:\/\/kinsta.com\/it\/#\/schema\/logo\/image\/\",\"url\":\"https:\/\/kinsta.com\/it\/wp-content\/uploads\/sites\/2\/2023\/12\/kinsta-logo.jpeg\",\"contentUrl\":\"https:\/\/kinsta.com\/it\/wp-content\/uploads\/sites\/2\/2023\/12\/kinsta-logo.jpeg\",\"width\":500,\"height\":500,\"caption\":\"Kinsta\"},\"image\":{\"@id\":\"https:\/\/kinsta.com\/it\/#\/schema\/logo\/image\/\"},\"sameAs\":[\"https:\/\/www.facebook.com\/kinstaitalia\/\",\"https:\/\/x.com\/Kinsta_IT\",\"https:\/\/www.instagram.com\/kinstahosting\/\",\"https:\/\/www.linkedin.com\/company\/kinsta\/\",\"https:\/\/www.pinterest.com\/kinstahosting\/\",\"https:\/\/www.youtube.com\/c\/Kinsta\"]}]}<\/script>\n<!-- \/ Yoast SEO Premium plugin. -->","yoast_head_json":{"title":"Caratteristiche di DevKinsta","description":"Scopri le funzionalit\u00e0 di DevKinsta, come la creazione di un sito con un solo clic, la gestione del database, la modifica della versione di PHP, il supporto multilingue e altro!","robots":{"index":"index","follow":"follow","max-snippet":"max-snippet:-1","max-image-preview":"max-image-preview:large","max-video-preview":"max-video-preview:-1"},"canonical":"https:\/\/kinsta.com\/it\/devkinsta\/caratteristiche\/","og_locale":"it_IT","og_type":"article","og_title":"Caratteristiche di DevKinsta","og_description":"Scopri le funzionalit\u00e0 di DevKinsta, come la creazione di un sito con un solo clic, la gestione del database, la modifica della versione di PHP, il supporto multilingue e altro!","og_url":"https:\/\/kinsta.com\/it\/devkinsta\/caratteristiche\/","og_site_name":"Kinsta\u00ae","article_publisher":"https:\/\/www.facebook.com\/kinstaitalia\/","article_modified_time":"2025-05-21T17:32:05+00:00","og_image":[{"width":1200,"height":628,"url":"https:\/\/kinsta.com\/it\/wp-content\/uploads\/sites\/2\/2021\/01\/devkinsta-featured-image.jpg","type":"image\/jpeg"}],"twitter_card":"summary_large_image","twitter_description":"Scopri le funzionalit\u00e0 di DevKinsta, come la creazione di un sito con un solo clic, la gestione del database, la modifica della versione di PHP, il supporto multilingue e altro!","twitter_image":"https:\/\/kinsta.com\/it\/wp-content\/uploads\/sites\/2\/2021\/01\/devkinsta-featured-image.jpg","twitter_site":"@Kinsta_IT","twitter_misc":{"Tempo di lettura stimato":"4 minuti"},"schema":{"@context":"https:\/\/schema.org","@graph":[{"@type":"WebPage","@id":"https:\/\/kinsta.com\/it\/devkinsta\/caratteristiche\/","url":"https:\/\/kinsta.com\/it\/devkinsta\/caratteristiche\/","name":"Caratteristiche di DevKinsta","isPartOf":{"@id":"https:\/\/kinsta.com\/it\/#website"},"primaryImageOfPage":{"@id":"https:\/\/kinsta.com\/it\/devkinsta\/caratteristiche\/#primaryimage"},"image":{"@id":"https:\/\/kinsta.com\/it\/devkinsta\/caratteristiche\/#primaryimage"},"thumbnailUrl":"https:\/\/kinsta.com\/it\/wp-content\/uploads\/sites\/2\/2021\/01\/devkinsta-featured-image.jpg","datePublished":"2021-01-15T13:22:10+00:00","dateModified":"2025-05-21T17:32:05+00:00","description":"Scopri le funzionalit\u00e0 di DevKinsta, come la creazione di un sito con un solo clic, la gestione del database, la modifica della versione di PHP, il supporto multilingue e altro!","breadcrumb":{"@id":"https:\/\/kinsta.com\/it\/devkinsta\/caratteristiche\/#breadcrumb"},"inLanguage":"it-IT","potentialAction":[{"@type":"ReadAction","target":["https:\/\/kinsta.com\/it\/devkinsta\/caratteristiche\/"]}]},{"@type":"ImageObject","inLanguage":"it-IT","@id":"https:\/\/kinsta.com\/it\/devkinsta\/caratteristiche\/#primaryimage","url":"https:\/\/kinsta.com\/it\/wp-content\/uploads\/sites\/2\/2021\/01\/devkinsta-featured-image.jpg","contentUrl":"https:\/\/kinsta.com\/it\/wp-content\/uploads\/sites\/2\/2021\/01\/devkinsta-featured-image.jpg","width":1200,"height":628,"caption":"Scopri le caratteristiche di DevKinsta, tra cui la creazione di un sito con un solo clic, la gestione del database, la modifica di versione PHP, il supporto multilingue e molto altro!"},{"@type":"BreadcrumbList","@id":"https:\/\/kinsta.com\/it\/devkinsta\/caratteristiche\/#breadcrumb","itemListElement":[{"@type":"ListItem","position":1,"name":"Home","item":"https:\/\/kinsta.com\/it\/"},{"@type":"ListItem","position":2,"name":"La tua suite gratuita di sviluppo locale per WordPress","item":"https:\/\/kinsta.com\/it\/devkinsta\/"},{"@type":"ListItem","position":3,"name":"Caratteristiche di DevKinsta"}]},{"@type":"WebSite","@id":"https:\/\/kinsta.com\/it\/#website","url":"https:\/\/kinsta.com\/it\/","name":"Kinsta\u00ae","description":"Soluzioni di hosting premium, veloci e sicure","publisher":{"@id":"https:\/\/kinsta.com\/it\/#organization"},"potentialAction":[{"@type":"SearchAction","target":{"@type":"EntryPoint","urlTemplate":"https:\/\/kinsta.com\/it\/?s={search_term_string}"},"query-input":{"@type":"PropertyValueSpecification","valueRequired":true,"valueName":"search_term_string"}}],"inLanguage":"it-IT"},{"@type":"Organization","@id":"https:\/\/kinsta.com\/it\/#organization","name":"Kinsta","url":"https:\/\/kinsta.com\/it\/","logo":{"@type":"ImageObject","inLanguage":"it-IT","@id":"https:\/\/kinsta.com\/it\/#\/schema\/logo\/image\/","url":"https:\/\/kinsta.com\/it\/wp-content\/uploads\/sites\/2\/2023\/12\/kinsta-logo.jpeg","contentUrl":"https:\/\/kinsta.com\/it\/wp-content\/uploads\/sites\/2\/2023\/12\/kinsta-logo.jpeg","width":500,"height":500,"caption":"Kinsta"},"image":{"@id":"https:\/\/kinsta.com\/it\/#\/schema\/logo\/image\/"},"sameAs":["https:\/\/www.facebook.com\/kinstaitalia\/","https:\/\/x.com\/Kinsta_IT","https:\/\/www.instagram.com\/kinstahosting\/","https:\/\/www.linkedin.com\/company\/kinsta\/","https:\/\/www.pinterest.com\/kinstahosting\/","https:\/\/www.youtube.com\/c\/Kinsta"]}]}},"acf":[],"_links":{"self":[{"href":"https:\/\/kinsta.com\/it\/wp-json\/wp\/v2\/pages\/42708","targetHints":{"allow":["GET"]}}],"collection":[{"href":"https:\/\/kinsta.com\/it\/wp-json\/wp\/v2\/pages"}],"about":[{"href":"https:\/\/kinsta.com\/it\/wp-json\/wp\/v2\/types\/page"}],"author":[{"embeddable":true,"href":"https:\/\/kinsta.com\/it\/wp-json\/wp\/v2\/users\/115"}],"replies":[{"embeddable":true,"href":"https:\/\/kinsta.com\/it\/wp-json\/wp\/v2\/comments?post=42708"}],"version-history":[{"count":8,"href":"https:\/\/kinsta.com\/it\/wp-json\/wp\/v2\/pages\/42708\/revisions"}],"predecessor-version":[{"id":81036,"href":"https:\/\/kinsta.com\/it\/wp-json\/wp\/v2\/pages\/42708\/revisions\/81036"}],"up":[{"embeddable":true,"href":"https:\/\/kinsta.com\/it\/wp-json\/wp\/v2\/pages\/42711"}],"alternate":[{"embeddable":true,"hreflang":"en","title":"English","href":"https:\/\/kinsta.com\/it\/wp-json\/kinsta\/v1\/posts\/42708\/translations\/en"},{"embeddable":true,"hreflang":"es","title":"Spanish","href":"https:\/\/kinsta.com\/it\/wp-json\/kinsta\/v1\/posts\/42708\/translations\/es"},{"embeddable":true,"hreflang":"de","title":"German","href":"https:\/\/kinsta.com\/it\/wp-json\/kinsta\/v1\/posts\/42708\/translations\/de"},{"embeddable":true,"hreflang":"nl","title":"Dutch","href":"https:\/\/kinsta.com\/it\/wp-json\/kinsta\/v1\/posts\/42708\/translations\/nl"},{"embeddable":true,"hreflang":"it","title":"Italian","href":"https:\/\/kinsta.com\/it\/wp-json\/kinsta\/v1\/posts\/42708\/translations\/it"},{"embeddable":true,"hreflang":"pt","title":"Portuguese","href":"https:\/\/kinsta.com\/it\/wp-json\/kinsta\/v1\/posts\/42708\/translations\/pt"},{"embeddable":true,"hreflang":"fr","title":"French","href":"https:\/\/kinsta.com\/it\/wp-json\/kinsta\/v1\/posts\/42708\/translations\/fr"},{"embeddable":true,"hreflang":"ja","title":"Japanese","href":"https:\/\/kinsta.com\/it\/wp-json\/kinsta\/v1\/posts\/42708\/translations\/jp"},{"embeddable":true,"hreflang":"da","title":"Danish","href":"https:\/\/kinsta.com\/it\/wp-json\/kinsta\/v1\/posts\/42708\/translations\/dk"},{"embeddable":true,"hreflang":"sv","title":"Swedish","href":"https:\/\/kinsta.com\/it\/wp-json\/kinsta\/v1\/posts\/42708\/translations\/se"},{"href":"https:\/\/kinsta.com\/it\/wp-json\/kinsta\/v1\/posts\/42708\/tree"}],"wp:featuredmedia":[{"embeddable":true,"href":"https:\/\/kinsta.com\/it\/wp-json\/wp\/v2\/media\/42709"}],"wp:attachment":[{"href":"https:\/\/kinsta.com\/it\/wp-json\/wp\/v2\/media?parent=42708"}],"curies":[{"name":"wp","href":"https:\/\/api.w.org\/{rel}","templated":true}]}}