{"id":44801,"date":"2021-05-02T09:06:10","date_gmt":"2021-05-02T07:06:10","guid":{"rendered":"https:\/\/kinsta.com\/?page_id=91727"},"modified":"2024-03-18T22:49:26","modified_gmt":"2024-03-18T21:49:26","slug":"site-speed-cheat-sheet","status":"publish","type":"page","link":"https:\/\/kinsta.com\/it\/cheat-sheets\/site-speed-cheat-sheet\/","title":{"rendered":"Cheat Sheet sulla Velocit\u00e0 del Sito"},"content":{"rendered":"\n<header class=\"wp-block-kinsta-hero-title is-style-center-screenshot alignfull\"><div class=\"wp-block-kinsta-hero-title__inner\">\n<div class=\"wp-block-kinsta-columns is-vertical-center\">\n<div class=\"wp-block-kinsta-column wp-block-kinsta-columns__column\">\n<div class=\"wp-block-kinsta-hero-title-content wp-block-kinsta-hero-title__content\"><h1 class=\"wp-block-kinsta-hero-title__title\">Cheat Sheet sulla Velocit\u00e0 del Sito<\/h1>\n<p>Un sito veloce \u00e8 fondamentale per la crescita di un&#8217;attivit\u00e0. Ha un impatto sulla SEO, riduce la frequenza di rimbalzo e massimizza le conversioni. Non sai da dove cominciare? Ecco 5 elementi che hanno un impatto sulla velocit\u00e0 del sito e che puoi controllare subito.<\/p>\n\n\n\n<div class=\"wp-block-kinsta-buttons alignleft\">\n<a class=\"wp-block-kinsta-button has-turquoise-color\" href=\"#download\">Scarica gratis<\/a>\n\n\n<\/div>\n<\/div>\n<\/div>\n\n\n\n<div class=\"wp-block-kinsta-column wp-block-kinsta-columns__column\">\n<div class=\"wp-block-kinsta-hero-title-secondary wp-block-kinsta-hero-title__secondary\"><\/div>\n<\/div>\n<\/div>\n<\/div><\/header>\n\n\n<dialog  id=\"download\" class=\"dialog\" aria-hidden=\"true\">\n    <header class=\"dialog__header\">\n                    <h2 class=\"dialog__title\">\n                Scarica il Cheatsheet            <\/h2>\n            <\/header>\n\n    <div class=\"dialog__content\">\n        <div class=\"signup-modal\">\n    <kinsta-form show-name=\"true\" show-message=\"false\" submit-button-text=\"Accedi subito\" success-title=\"Grazie!\" success-message=\"Speriamo che ti piaccia!\" hubspot-source=\"site-speed-cheat-sheet\" show-phone=\"false\" show-website=\"false\" show-company=\"true\" show-disk-space=\"false\" show-monthly-visits=\"false\" show-average-project-budget=\"false\" show-services-provided=\"false\" show-number-of-websites=\"false\" submit-button-text-loading=\"Trasmissione dati\" success-redirect=\"https:\/\/kinsta.com\/it\/wp-content\/uploads\/sites\/2\/2024\/03\/IT-site-speed-cheat-sheet.pdf\"><\/kinsta-form>\n<\/div>\n    <\/div>\n\n    <\/dialog>\n\n\n\n<div class=\"wp-block-kinsta-columns is-reverse is-vertical-center\">\n<div class=\"wp-block-kinsta-column wp-block-kinsta-columns__column\">\n<figure class=\"wp-block-image aligncenter size-large is-style-plain\"><img loading=\"lazy\" decoding=\"async\" width=\"445\" height=\"519\" src=\"https:\/\/kinsta.com\/it\/wp-content\/uploads\/sites\/2\/2021\/05\/EBOOK-Speed-IT.png\" alt class=\"wp-image-44949\" srcset=\"https:\/\/kinsta.com\/it\/wp-content\/uploads\/sites\/2\/2021\/05\/EBOOK-Speed-IT.png 445w, https:\/\/kinsta.com\/it\/wp-content\/uploads\/sites\/2\/2021\/05\/EBOOK-Speed-IT-257x300.png 257w\" sizes=\"auto, (max-width: 445px) 100vw, 445px\" \/><\/figure>\n<\/div>\n\n\n\n<div class=\"wp-block-kinsta-column wp-block-kinsta-columns__column\">\n<h2 class=\"wp-block-heading\" id=\"h-ti-potrebbe-piacere-anche-questo-ebook\">Ti Potrebbe Piacere Anche Questo eBook<\/h2>\n\n\n\n<p><mark class=\"has-inline-color has-dark-blue-color\">In questo ebook gratuito condividiamo tutto quello che sappiamo per velocizzare un sito WordPress. Racchiude 15 anni di esperienza, oltre 200 consigli reali e collaudati e istruzioni passo passo per configurare il tuo sito in modo da massimizzare la velocit\u00e0.<\/mark><\/p>\n\n\n\n<h3 class=\"wp-block-heading\" id=\"h-cosa-imparerai\">Cosa Imparerai:<\/h3>\n\n\n\n<ul class=\"wp-block-list\">\n<li><mark class=\"has-inline-color has-dark-blue-color\">Diversi tipi di siti WordPress<\/mark><\/li>\n\n\n\n<li><mark class=\"has-inline-color has-dark-blue-color\">Scegliere e gestire un hosting ad alte prestazioni<\/mark><\/li>\n\n\n\n<li><mark class=\"has-inline-color has-dark-blue-color\">La verit\u00e0 sui temi e i plugin di WordPress<\/mark><\/li>\n\n\n\n<li><mark class=\"has-inline-color has-dark-blue-color\">Messa a punto delle impostazioni di WordPress<\/mark><\/li>\n\n\n\n<li><mark class=\"has-inline-color has-dark-blue-color\">Risoluzione dei problemi di lentezza<\/mark><\/li>\n\n\n\n<li><mark class=\"has-inline-color has-dark-blue-color\">Ottimizzazione front-end e back-end<\/mark><\/li>\n\n\n\n<li><mark class=\"has-inline-color has-dark-blue-color\">E molto altro!<\/mark><\/li>\n<\/ul>\n\n\n\n<div class=\"wp-block-kinsta-buttons\">\n<a class=\"wp-block-kinsta-button\" href=\"https:\/\/kinsta.com\/it\/ebooks\/wordpress\/velocizzare-wordpress\/\">Scarica l&#8217;eBook<\/a>\n<\/div>\n<\/div>\n<\/div>\n","protected":false},"excerpt":{"rendered":"","protected":false},"author":115,"featured_media":72067,"parent":44799,"menu_order":0,"comment_status":"closed","ping_status":"closed","template":"","meta":{"_kinsta_gated_content":false,"_kinsta_gated_content_redirect":"https:\/\/kinsta.com\/cheatsheets\/","footnotes":""},"class_list":["post-44801","page","type-page","status-publish","has-post-thumbnail","hentry"],"yoast_head":"<!-- This site is optimized with the Yoast SEO Premium plugin v24.6 (Yoast SEO v24.6) - https:\/\/yoast.com\/wordpress\/plugins\/seo\/ -->\n<title>Cheat Sheet sulla Velocit\u00e0 del Sito - Kinsta\u00ae<\/title>\n<meta name=\"description\" content=\"La velocit\u00e0 del sito \u00e8 fondamentale per la SEO e per massimizzare le conversioni, ma non sempre \u00e8 chiaro da dove iniziare. Ecco dei suggerimenti per migliorare la velocit\u00e0 del sito.\" \/>\n<meta name=\"robots\" content=\"index, follow, max-snippet:-1, max-image-preview:large, max-video-preview:-1\" \/>\n<link rel=\"canonical\" href=\"https:\/\/kinsta.com\/it\/cheat-sheets\/site-speed-cheat-sheet\/\" \/>\n<meta property=\"og:locale\" content=\"it_IT\" \/>\n<meta property=\"og:type\" content=\"article\" \/>\n<meta property=\"og:title\" content=\"Cheat Sheet sulla Velocit\u00e0 del Sito\" \/>\n<meta property=\"og:description\" content=\"La velocit\u00e0 del sito \u00e8 fondamentale per la SEO e per massimizzare le conversioni, ma non sempre \u00e8 chiaro da dove iniziare. Ecco dei suggerimenti per migliorare la velocit\u00e0 del sito.\" \/>\n<meta property=\"og:url\" content=\"https:\/\/kinsta.com\/it\/cheat-sheets\/site-speed-cheat-sheet\/\" \/>\n<meta property=\"og:site_name\" content=\"Kinsta\u00ae\" \/>\n<meta property=\"article:publisher\" content=\"https:\/\/www.facebook.com\/kinstaitalia\/\" \/>\n<meta property=\"article:modified_time\" content=\"2024-03-18T21:49:26+00:00\" \/>\n<meta property=\"og:image\" content=\"https:\/\/kinsta.com\/it\/wp-content\/uploads\/sites\/2\/2023\/08\/Site-Speed-IT.jpg\" \/>\n\t<meta property=\"og:image:width\" content=\"1200\" \/>\n\t<meta property=\"og:image:height\" content=\"628\" \/>\n\t<meta property=\"og:image:type\" content=\"image\/jpeg\" \/>\n<meta name=\"twitter:card\" content=\"summary_large_image\" \/>\n<meta name=\"twitter:description\" content=\"La velocit\u00e0 del sito \u00e8 fondamentale per la SEO e per massimizzare le conversioni, ma non sempre \u00e8 chiaro da dove iniziare. Ecco dei suggerimenti per migliorare la velocit\u00e0 del sito.\" \/>\n<meta name=\"twitter:image\" content=\"https:\/\/kinsta.com\/it\/wp-content\/uploads\/sites\/2\/2023\/08\/Site-Speed-IT.jpg\" \/>\n<meta name=\"twitter:site\" content=\"@Kinsta_IT\" \/>\n<meta name=\"twitter:label1\" content=\"Tempo di lettura stimato\" \/>\n\t<meta name=\"twitter:data1\" content=\"1 minuto\" \/>\n<script type=\"application\/ld+json\" class=\"yoast-schema-graph\">{\"@context\":\"https:\/\/schema.org\",\"@graph\":[{\"@type\":\"WebPage\",\"@id\":\"https:\/\/kinsta.com\/it\/cheat-sheets\/site-speed-cheat-sheet\/\",\"url\":\"https:\/\/kinsta.com\/it\/cheat-sheets\/site-speed-cheat-sheet\/\",\"name\":\"Cheat Sheet sulla Velocit\u00e0 del Sito - Kinsta\u00ae\",\"isPartOf\":{\"@id\":\"https:\/\/kinsta.com\/it\/#website\"},\"primaryImageOfPage\":{\"@id\":\"https:\/\/kinsta.com\/it\/cheat-sheets\/site-speed-cheat-sheet\/#primaryimage\"},\"image\":{\"@id\":\"https:\/\/kinsta.com\/it\/cheat-sheets\/site-speed-cheat-sheet\/#primaryimage\"},\"thumbnailUrl\":\"https:\/\/kinsta.com\/it\/wp-content\/uploads\/sites\/2\/2023\/08\/Site-Speed-IT.jpg\",\"datePublished\":\"2021-05-02T07:06:10+00:00\",\"dateModified\":\"2024-03-18T21:49:26+00:00\",\"description\":\"La velocit\u00e0 del sito \u00e8 fondamentale per la SEO e per massimizzare le conversioni, ma non sempre \u00e8 chiaro da dove iniziare. Ecco dei suggerimenti per migliorare la velocit\u00e0 del sito.\",\"breadcrumb\":{\"@id\":\"https:\/\/kinsta.com\/it\/cheat-sheets\/site-speed-cheat-sheet\/#breadcrumb\"},\"inLanguage\":\"it-IT\",\"potentialAction\":[{\"@type\":\"ReadAction\",\"target\":[\"https:\/\/kinsta.com\/it\/cheat-sheets\/site-speed-cheat-sheet\/\"]}]},{\"@type\":\"ImageObject\",\"inLanguage\":\"it-IT\",\"@id\":\"https:\/\/kinsta.com\/it\/cheat-sheets\/site-speed-cheat-sheet\/#primaryimage\",\"url\":\"https:\/\/kinsta.com\/it\/wp-content\/uploads\/sites\/2\/2023\/08\/Site-Speed-IT.jpg\",\"contentUrl\":\"https:\/\/kinsta.com\/it\/wp-content\/uploads\/sites\/2\/2023\/08\/Site-Speed-IT.jpg\",\"width\":1200,\"height\":628},{\"@type\":\"BreadcrumbList\",\"@id\":\"https:\/\/kinsta.com\/it\/cheat-sheets\/site-speed-cheat-sheet\/#breadcrumb\",\"itemListElement\":[{\"@type\":\"ListItem\",\"position\":1,\"name\":\"Home\",\"item\":\"https:\/\/kinsta.com\/it\/\"},{\"@type\":\"ListItem\",\"position\":2,\"name\":\"Cheat Sheets\",\"item\":\"https:\/\/kinsta.com\/it\/cheat-sheets\/\"},{\"@type\":\"ListItem\",\"position\":3,\"name\":\"Cheat Sheet sulla Velocit\u00e0 del Sito\"}]},{\"@type\":\"WebSite\",\"@id\":\"https:\/\/kinsta.com\/it\/#website\",\"url\":\"https:\/\/kinsta.com\/it\/\",\"name\":\"Kinsta\u00ae\",\"description\":\"Soluzioni di hosting premium, veloci e sicure\",\"publisher\":{\"@id\":\"https:\/\/kinsta.com\/it\/#organization\"},\"potentialAction\":[{\"@type\":\"SearchAction\",\"target\":{\"@type\":\"EntryPoint\",\"urlTemplate\":\"https:\/\/kinsta.com\/it\/?s={search_term_string}\"},\"query-input\":{\"@type\":\"PropertyValueSpecification\",\"valueRequired\":true,\"valueName\":\"search_term_string\"}}],\"inLanguage\":\"it-IT\"},{\"@type\":\"Organization\",\"@id\":\"https:\/\/kinsta.com\/it\/#organization\",\"name\":\"Kinsta\",\"url\":\"https:\/\/kinsta.com\/it\/\",\"logo\":{\"@type\":\"ImageObject\",\"inLanguage\":\"it-IT\",\"@id\":\"https:\/\/kinsta.com\/it\/#\/schema\/logo\/image\/\",\"url\":\"https:\/\/kinsta.com\/it\/wp-content\/uploads\/sites\/2\/2023\/12\/kinsta-logo.jpeg\",\"contentUrl\":\"https:\/\/kinsta.com\/it\/wp-content\/uploads\/sites\/2\/2023\/12\/kinsta-logo.jpeg\",\"width\":500,\"height\":500,\"caption\":\"Kinsta\"},\"image\":{\"@id\":\"https:\/\/kinsta.com\/it\/#\/schema\/logo\/image\/\"},\"sameAs\":[\"https:\/\/www.facebook.com\/kinstaitalia\/\",\"https:\/\/x.com\/Kinsta_IT\",\"https:\/\/www.instagram.com\/kinstahosting\/\",\"https:\/\/www.linkedin.com\/company\/kinsta\/\",\"https:\/\/www.pinterest.com\/kinstahosting\/\",\"https:\/\/www.youtube.com\/c\/Kinsta\"]}]}<\/script>\n<!-- \/ Yoast SEO Premium plugin. -->","yoast_head_json":{"title":"Cheat Sheet sulla Velocit\u00e0 del Sito - Kinsta\u00ae","description":"La velocit\u00e0 del sito \u00e8 fondamentale per la SEO e per massimizzare le conversioni, ma non sempre \u00e8 chiaro da dove iniziare. Ecco dei suggerimenti per migliorare la velocit\u00e0 del sito.","robots":{"index":"index","follow":"follow","max-snippet":"max-snippet:-1","max-image-preview":"max-image-preview:large","max-video-preview":"max-video-preview:-1"},"canonical":"https:\/\/kinsta.com\/it\/cheat-sheets\/site-speed-cheat-sheet\/","og_locale":"it_IT","og_type":"article","og_title":"Cheat Sheet sulla Velocit\u00e0 del Sito","og_description":"La velocit\u00e0 del sito \u00e8 fondamentale per la SEO e per massimizzare le conversioni, ma non sempre \u00e8 chiaro da dove iniziare. Ecco dei suggerimenti per migliorare la velocit\u00e0 del sito.","og_url":"https:\/\/kinsta.com\/it\/cheat-sheets\/site-speed-cheat-sheet\/","og_site_name":"Kinsta\u00ae","article_publisher":"https:\/\/www.facebook.com\/kinstaitalia\/","article_modified_time":"2024-03-18T21:49:26+00:00","og_image":[{"width":1200,"height":628,"url":"https:\/\/kinsta.com\/it\/wp-content\/uploads\/sites\/2\/2023\/08\/Site-Speed-IT.jpg","type":"image\/jpeg"}],"twitter_card":"summary_large_image","twitter_description":"La velocit\u00e0 del sito \u00e8 fondamentale per la SEO e per massimizzare le conversioni, ma non sempre \u00e8 chiaro da dove iniziare. Ecco dei suggerimenti per migliorare la velocit\u00e0 del sito.","twitter_image":"https:\/\/kinsta.com\/it\/wp-content\/uploads\/sites\/2\/2023\/08\/Site-Speed-IT.jpg","twitter_site":"@Kinsta_IT","twitter_misc":{"Tempo di lettura stimato":"1 minuto"},"schema":{"@context":"https:\/\/schema.org","@graph":[{"@type":"WebPage","@id":"https:\/\/kinsta.com\/it\/cheat-sheets\/site-speed-cheat-sheet\/","url":"https:\/\/kinsta.com\/it\/cheat-sheets\/site-speed-cheat-sheet\/","name":"Cheat Sheet sulla Velocit\u00e0 del Sito - Kinsta\u00ae","isPartOf":{"@id":"https:\/\/kinsta.com\/it\/#website"},"primaryImageOfPage":{"@id":"https:\/\/kinsta.com\/it\/cheat-sheets\/site-speed-cheat-sheet\/#primaryimage"},"image":{"@id":"https:\/\/kinsta.com\/it\/cheat-sheets\/site-speed-cheat-sheet\/#primaryimage"},"thumbnailUrl":"https:\/\/kinsta.com\/it\/wp-content\/uploads\/sites\/2\/2023\/08\/Site-Speed-IT.jpg","datePublished":"2021-05-02T07:06:10+00:00","dateModified":"2024-03-18T21:49:26+00:00","description":"La velocit\u00e0 del sito \u00e8 fondamentale per la SEO e per massimizzare le conversioni, ma non sempre \u00e8 chiaro da dove iniziare. Ecco dei suggerimenti per migliorare la velocit\u00e0 del sito.","breadcrumb":{"@id":"https:\/\/kinsta.com\/it\/cheat-sheets\/site-speed-cheat-sheet\/#breadcrumb"},"inLanguage":"it-IT","potentialAction":[{"@type":"ReadAction","target":["https:\/\/kinsta.com\/it\/cheat-sheets\/site-speed-cheat-sheet\/"]}]},{"@type":"ImageObject","inLanguage":"it-IT","@id":"https:\/\/kinsta.com\/it\/cheat-sheets\/site-speed-cheat-sheet\/#primaryimage","url":"https:\/\/kinsta.com\/it\/wp-content\/uploads\/sites\/2\/2023\/08\/Site-Speed-IT.jpg","contentUrl":"https:\/\/kinsta.com\/it\/wp-content\/uploads\/sites\/2\/2023\/08\/Site-Speed-IT.jpg","width":1200,"height":628},{"@type":"BreadcrumbList","@id":"https:\/\/kinsta.com\/it\/cheat-sheets\/site-speed-cheat-sheet\/#breadcrumb","itemListElement":[{"@type":"ListItem","position":1,"name":"Home","item":"https:\/\/kinsta.com\/it\/"},{"@type":"ListItem","position":2,"name":"Cheat Sheets","item":"https:\/\/kinsta.com\/it\/cheat-sheets\/"},{"@type":"ListItem","position":3,"name":"Cheat Sheet sulla Velocit\u00e0 del Sito"}]},{"@type":"WebSite","@id":"https:\/\/kinsta.com\/it\/#website","url":"https:\/\/kinsta.com\/it\/","name":"Kinsta\u00ae","description":"Soluzioni di hosting premium, veloci e sicure","publisher":{"@id":"https:\/\/kinsta.com\/it\/#organization"},"potentialAction":[{"@type":"SearchAction","target":{"@type":"EntryPoint","urlTemplate":"https:\/\/kinsta.com\/it\/?s={search_term_string}"},"query-input":{"@type":"PropertyValueSpecification","valueRequired":true,"valueName":"search_term_string"}}],"inLanguage":"it-IT"},{"@type":"Organization","@id":"https:\/\/kinsta.com\/it\/#organization","name":"Kinsta","url":"https:\/\/kinsta.com\/it\/","logo":{"@type":"ImageObject","inLanguage":"it-IT","@id":"https:\/\/kinsta.com\/it\/#\/schema\/logo\/image\/","url":"https:\/\/kinsta.com\/it\/wp-content\/uploads\/sites\/2\/2023\/12\/kinsta-logo.jpeg","contentUrl":"https:\/\/kinsta.com\/it\/wp-content\/uploads\/sites\/2\/2023\/12\/kinsta-logo.jpeg","width":500,"height":500,"caption":"Kinsta"},"image":{"@id":"https:\/\/kinsta.com\/it\/#\/schema\/logo\/image\/"},"sameAs":["https:\/\/www.facebook.com\/kinstaitalia\/","https:\/\/x.com\/Kinsta_IT","https:\/\/www.instagram.com\/kinstahosting\/","https:\/\/www.linkedin.com\/company\/kinsta\/","https:\/\/www.pinterest.com\/kinstahosting\/","https:\/\/www.youtube.com\/c\/Kinsta"]}]}},"acf":[],"_links":{"self":[{"href":"https:\/\/kinsta.com\/it\/wp-json\/wp\/v2\/pages\/44801","targetHints":{"allow":["GET"]}}],"collection":[{"href":"https:\/\/kinsta.com\/it\/wp-json\/wp\/v2\/pages"}],"about":[{"href":"https:\/\/kinsta.com\/it\/wp-json\/wp\/v2\/types\/page"}],"author":[{"embeddable":true,"href":"https:\/\/kinsta.com\/it\/wp-json\/wp\/v2\/users\/115"}],"replies":[{"embeddable":true,"href":"https:\/\/kinsta.com\/it\/wp-json\/wp\/v2\/comments?post=44801"}],"version-history":[{"count":15,"href":"https:\/\/kinsta.com\/it\/wp-json\/wp\/v2\/pages\/44801\/revisions"}],"predecessor-version":[{"id":77085,"href":"https:\/\/kinsta.com\/it\/wp-json\/wp\/v2\/pages\/44801\/revisions\/77085"}],"up":[{"embeddable":true,"href":"https:\/\/kinsta.com\/it\/wp-json\/wp\/v2\/pages\/44799"}],"alternate":[{"embeddable":true,"hreflang":"en","title":"English","href":"https:\/\/kinsta.com\/it\/wp-json\/kinsta\/v1\/posts\/44801\/translations\/en"},{"embeddable":true,"hreflang":"da","title":"Danish","href":"https:\/\/kinsta.com\/it\/wp-json\/kinsta\/v1\/posts\/44801\/translations\/dk"},{"embeddable":true,"hreflang":"nl","title":"Dutch","href":"https:\/\/kinsta.com\/it\/wp-json\/kinsta\/v1\/posts\/44801\/translations\/nl"},{"embeddable":true,"hreflang":"fr","title":"French","href":"https:\/\/kinsta.com\/it\/wp-json\/kinsta\/v1\/posts\/44801\/translations\/fr"},{"embeddable":true,"hreflang":"de","title":"German","href":"https:\/\/kinsta.com\/it\/wp-json\/kinsta\/v1\/posts\/44801\/translations\/de"},{"embeddable":true,"hreflang":"it","title":"Italian","href":"https:\/\/kinsta.com\/it\/wp-json\/kinsta\/v1\/posts\/44801\/translations\/it"},{"embeddable":true,"hreflang":"ja","title":"Japanese","href":"https:\/\/kinsta.com\/it\/wp-json\/kinsta\/v1\/posts\/44801\/translations\/jp"},{"embeddable":true,"hreflang":"pt","title":"Portuguese","href":"https:\/\/kinsta.com\/it\/wp-json\/kinsta\/v1\/posts\/44801\/translations\/pt"},{"embeddable":true,"hreflang":"es","title":"Spanish","href":"https:\/\/kinsta.com\/it\/wp-json\/kinsta\/v1\/posts\/44801\/translations\/es"},{"embeddable":true,"hreflang":"sv","title":"Swedish","href":"https:\/\/kinsta.com\/it\/wp-json\/kinsta\/v1\/posts\/44801\/translations\/se"},{"href":"https:\/\/kinsta.com\/it\/wp-json\/kinsta\/v1\/posts\/44801\/tree"}],"wp:featuredmedia":[{"embeddable":true,"href":"https:\/\/kinsta.com\/it\/wp-json\/wp\/v2\/media\/72067"}],"wp:attachment":[{"href":"https:\/\/kinsta.com\/it\/wp-json\/wp\/v2\/media?parent=44801"}],"curies":[{"name":"wp","href":"https:\/\/api.w.org\/{rel}","templated":true}]}}