{"id":4579,"date":"2016-03-07T18:42:07","date_gmt":"2016-03-07T18:42:07","guid":{"rendered":"http:\/\/kinsta.dev\/?page_id=4573"},"modified":"2025-01-29T10:09:24","modified_gmt":"2025-01-29T09:09:24","slug":"note-legali","status":"publish","type":"page","link":"https:\/\/kinsta.com\/it\/note-legali\/","title":{"rendered":"Informazioni legali"},"content":{"rendered":"<aside role=\"note\" class=\"wp-block-kinsta-notice is-style-plain\">\n        <p>Questa \u00e8 la traduzione in italiano della sezione legale originale in lingua inglese. Si noti che, sebbene poniamo la massima attenzione per essere certi che il testo che segue sia conforme all\u2019originale, nel caso di qualsiasi discordanza tra le due versioni, prevale la versione in lingua inglese disponibile all&#8217;indirizzo <a href=\"https:\/\/kinsta.com\/legal\/\" data-no-translate>https:\/\/kinsta.com\/legal\/<\/a>.<\/p>\n<\/aside>\n\n\n\n\n<p>Avere moderni termini di servizio su accordi, politiche e privacy, nonch\u00e9 documenti di copyright, \u00e8 la base di un&#8217;attivit\u00e0 trasparente. Ci assicuriamo che le fondamenta della nostra attivit\u00e0 siano chiare e vi invitiamo a leggere questi documenti ogni volta ve ne sia bisogno.<\/p>\n\n\n\n<h3 class=\"wp-block-heading\" id=\"h-termini-di-servizio\">Termini di Servizio<\/h3>\n\n\n\n<p>I Termini di servizio riassumono i diritti, gli obblighi e le restrizioni delle parti in merito ai nostri Servizi.<\/p>\n\n\n\n<div class=\"wp-block-kinsta-buttons\">\n<a class=\"wp-block-kinsta-button\" href=\"https:\/\/kinsta.com\/it\/note-legali\/termini-di-servizio\/\">Leggi Online<\/a>\n<\/div>\n\n\n\n<h3 class=\"wp-block-heading\" id=\"h-informativa-sulla-privacy\">Informativa sulla Privacy<\/h3>\n\n\n\n<p>L&#8217;Informativa sulla Privacy definisce le modalit\u00e0 in cui gestiamo i dati sui nostri server e cosa fare in caso di violazione del copyright.<\/p>\n\n\n\n<div class=\"wp-block-kinsta-buttons\">\n<a class=\"wp-block-kinsta-button\" href=\"https:\/\/kinsta.com\/it\/note-legali\/informativa-privacy\/\">Leggi Online<\/a>\n<\/div>\n\n\n\n<h3 class=\"wp-block-heading\" id=\"h-addendum-sul-trattamento-dei-dati-dpa\">Addendum sul trattamento dei dati (DPA)<\/h3>\n\n\n\n<p>Il DPA stabilisce gli obblighi delle parti in merito al trattamento e alla sicurezza dei Dati personali dei clienti.<\/p>\n\n\n\n<div class=\"wp-block-kinsta-buttons\">\n<a class=\"wp-block-kinsta-button\" href=\"https:\/\/kinsta.com\/it\/note-legali\/appendice-riservatezza-dati\/\">Leggi Online<\/a>\n<\/div>\n\n\n\n<h3 class=\"wp-block-heading\" id=\"h-responsabili-delegati-del-trattamento\">Responsabili delegati del trattamento<\/h3>\n\n\n\n<p>La nostra pagina sui responsabili delegati del trattamento spiega come Kinsta utilizzi\u00a0 responsabili delegati del trattamento per supportare i nostri servizi.<\/p>\n\n\n\n<div class=\"wp-block-kinsta-buttons\">\n<a class=\"wp-block-kinsta-button\" href=\"https:\/\/kinsta.com\/it\/note-legali\/responsabili-delegati-trattamento-dati\/\">Leggi Online<\/a>\n<\/div>\n\n\n\n<h3 class=\"wp-block-heading\" id=\"h-accordo-sul-livello-del-servizio\">Accordo sul Livello del Servizio<\/h3>\n\n\n\n<p>Lo SLA (Service Level Agreement &#8211; Accordo sul Livello del Servizio) descrive la disponibilit\u00e0 del nostro servizio, i nostri obiettivi di risposta agli errori e le conseguenze da parte nostra in caso di mancato rispetto di tali obiettivi.<\/p>\n\n\n\n<div class=\"wp-block-kinsta-buttons\">\n<a class=\"wp-block-kinsta-button\" href=\"https:\/\/kinsta.com\/it\/note-legali\/accordo-livello-servizio\/\">Leggi Online<\/a>\n<\/div>\n\n\n\n<h3 class=\"wp-block-heading\" id=\"h-termini-di-affiliazione\">Termini di Affiliazione<\/h3>\n\n\n\n<p>I Termini di Affiliazione regolano la rete degli affiliati di Kinsta.<\/p>\n\n\n\n<div class=\"wp-block-kinsta-buttons\">\n<a class=\"wp-block-kinsta-button\" href=\"https:\/\/kinsta.com\/it\/note-legali\/termini-di-affiliazione\/\">Leggi Online<\/a>\n<\/div>\n\n\n\n<h3 class=\"wp-block-heading\" id=\"h-termini-e-condizioni-del-programma-referral-per-i-clienti\">Termini e Condizioni del Programma Referral per i clienti<\/h3>\n\n\n\n<p>I Termini e le Condizioni del Programma Referral per i clienti regolano il Programma Referral.<\/p>\n\n\n\n<div class=\"wp-block-kinsta-buttons\">\n<a class=\"wp-block-kinsta-button\" href=\"https:\/\/kinsta.com\/it\/note-legali\/termini-referral\/\">Leggi Online<\/a>\n<\/div>\n\n\n\n<h3 class=\"wp-block-heading\" id=\"h-impostazioni-cookie\">Impostazioni Cookie<\/h3>\n\n\n\n<p>Un cookie \u00e8 una stringa di informazioni che un sito web memorizza sul computer di un visitatore e che il browser del visitatore fornisce al sito web ogni volta che il visitatore fa ritorno. Questa pagina consente di personalizzare le impostazioni dei cookie del sito web di Kinsta.<\/p>\n\n\n\n<div class=\"wp-block-kinsta-buttons\">\n<a class=\"wp-block-kinsta-button\" href=\"https:\/\/kinsta.com\/it\/impostazioni-cookie\/\">Vedi i Dettagli<\/a>\n<\/div>\n","protected":false},"excerpt":{"rendered":"<p>Avere moderni termini di servizio su accordi, politiche e privacy, nonch\u00e9 documenti di copyright, \u00e8 la base di un&#8217;attivit\u00e0 trasparente. Ci assicuriamo che le fondamenta della &#8230;<\/p>\n","protected":false},"author":18,"featured_media":0,"parent":0,"menu_order":0,"comment_status":"closed","ping_status":"closed","template":"templates\/template-article.php","meta":{"_kinsta_gated_content":false,"_kinsta_gated_content_redirect":"","footnotes":""},"class_list":["post-4579","page","type-page","status-publish","hentry"],"yoast_head":"<!-- This site is optimized with the Yoast SEO Premium plugin v24.6 (Yoast SEO v24.6) - https:\/\/yoast.com\/wordpress\/plugins\/seo\/ -->\n<title>Informazioni legali - Kinsta<\/title>\n<meta name=\"description\" content=\"Avere moderni termini di servizio su accordi, politiche e privacy, nonch\u00e9 documenti di copyright, \u00e8 la base di un\u2019attivit\u00e0 trasparente.\" \/>\n<meta name=\"robots\" content=\"index, follow, max-snippet:-1, max-image-preview:large, max-video-preview:-1\" \/>\n<link rel=\"canonical\" href=\"https:\/\/kinsta.com\/it\/note-legali\/\" \/>\n<meta property=\"og:locale\" content=\"it_IT\" \/>\n<meta property=\"og:type\" content=\"article\" \/>\n<meta property=\"og:title\" content=\"Informazioni legali\" \/>\n<meta property=\"og:description\" content=\"Avere moderni termini di servizio su accordi, politiche e privacy, nonch\u00e9 documenti di copyright, \u00e8 la base di un\u2019attivit\u00e0 trasparente.\" \/>\n<meta property=\"og:url\" content=\"https:\/\/kinsta.com\/it\/note-legali\/\" \/>\n<meta property=\"og:site_name\" content=\"Kinsta\u00ae\" \/>\n<meta property=\"article:publisher\" content=\"https:\/\/www.facebook.com\/kinstaitalia\/\" \/>\n<meta property=\"article:modified_time\" content=\"2025-01-29T09:09:24+00:00\" \/>\n<meta property=\"og:image\" content=\"https:\/\/kinsta.com\/it\/wp-content\/uploads\/sites\/2\/2023\/12\/IT-kinsta-homepage.png\" \/>\n\t<meta property=\"og:image:width\" content=\"1200\" \/>\n\t<meta property=\"og:image:height\" content=\"628\" \/>\n\t<meta property=\"og:image:type\" content=\"image\/png\" \/>\n<meta name=\"twitter:card\" content=\"summary_large_image\" \/>\n<meta name=\"twitter:description\" content=\"Avere moderni termini di servizio su accordi, politiche e privacy, nonch\u00e9 documenti di copyright, \u00e8 la base di un\u2019attivit\u00e0 trasparente.\" \/>\n<meta name=\"twitter:image\" content=\"https:\/\/kinsta.com\/it\/wp-content\/uploads\/sites\/2\/2023\/12\/IT-kinsta-homepage.png\" \/>\n<meta name=\"twitter:site\" content=\"@Kinsta_IT\" \/>\n<meta name=\"twitter:label1\" content=\"Tempo di lettura stimato\" \/>\n\t<meta name=\"twitter:data1\" content=\"2 minuti\" \/>\n<script type=\"application\/ld+json\" class=\"yoast-schema-graph\">{\"@context\":\"https:\/\/schema.org\",\"@graph\":[{\"@type\":\"WebPage\",\"@id\":\"https:\/\/kinsta.com\/it\/note-legali\/\",\"url\":\"https:\/\/kinsta.com\/it\/note-legali\/\",\"name\":\"Informazioni legali - Kinsta\",\"isPartOf\":{\"@id\":\"https:\/\/kinsta.com\/it\/#website\"},\"datePublished\":\"2016-03-07T18:42:07+00:00\",\"dateModified\":\"2025-01-29T09:09:24+00:00\",\"description\":\"Avere moderni termini di servizio su accordi, politiche e privacy, nonch\u00e9 documenti di copyright, \u00e8 la base di un\u2019attivit\u00e0 trasparente.\",\"breadcrumb\":{\"@id\":\"https:\/\/kinsta.com\/it\/note-legali\/#breadcrumb\"},\"inLanguage\":\"it-IT\",\"potentialAction\":[{\"@type\":\"ReadAction\",\"target\":[\"https:\/\/kinsta.com\/it\/note-legali\/\"]}]},{\"@type\":\"BreadcrumbList\",\"@id\":\"https:\/\/kinsta.com\/it\/note-legali\/#breadcrumb\",\"itemListElement\":[{\"@type\":\"ListItem\",\"position\":1,\"name\":\"Home\",\"item\":\"https:\/\/kinsta.com\/it\/\"},{\"@type\":\"ListItem\",\"position\":2,\"name\":\"Informazioni legali\"}]},{\"@type\":\"WebSite\",\"@id\":\"https:\/\/kinsta.com\/it\/#website\",\"url\":\"https:\/\/kinsta.com\/it\/\",\"name\":\"Kinsta\u00ae\",\"description\":\"Soluzioni di hosting premium, veloci e sicure\",\"publisher\":{\"@id\":\"https:\/\/kinsta.com\/it\/#organization\"},\"potentialAction\":[{\"@type\":\"SearchAction\",\"target\":{\"@type\":\"EntryPoint\",\"urlTemplate\":\"https:\/\/kinsta.com\/it\/?s={search_term_string}\"},\"query-input\":{\"@type\":\"PropertyValueSpecification\",\"valueRequired\":true,\"valueName\":\"search_term_string\"}}],\"inLanguage\":\"it-IT\"},{\"@type\":\"Organization\",\"@id\":\"https:\/\/kinsta.com\/it\/#organization\",\"name\":\"Kinsta\",\"url\":\"https:\/\/kinsta.com\/it\/\",\"logo\":{\"@type\":\"ImageObject\",\"inLanguage\":\"it-IT\",\"@id\":\"https:\/\/kinsta.com\/it\/#\/schema\/logo\/image\/\",\"url\":\"https:\/\/kinsta.com\/it\/wp-content\/uploads\/sites\/2\/2023\/12\/kinsta-logo.jpeg\",\"contentUrl\":\"https:\/\/kinsta.com\/it\/wp-content\/uploads\/sites\/2\/2023\/12\/kinsta-logo.jpeg\",\"width\":500,\"height\":500,\"caption\":\"Kinsta\"},\"image\":{\"@id\":\"https:\/\/kinsta.com\/it\/#\/schema\/logo\/image\/\"},\"sameAs\":[\"https:\/\/www.facebook.com\/kinstaitalia\/\",\"https:\/\/x.com\/Kinsta_IT\",\"https:\/\/www.instagram.com\/kinstahosting\/\",\"https:\/\/www.linkedin.com\/company\/kinsta\/\",\"https:\/\/www.pinterest.com\/kinstahosting\/\",\"https:\/\/www.youtube.com\/c\/Kinsta\"]}]}<\/script>\n<!-- \/ Yoast SEO Premium plugin. -->","yoast_head_json":{"title":"Informazioni legali - Kinsta","description":"Avere moderni termini di servizio su accordi, politiche e privacy, nonch\u00e9 documenti di copyright, \u00e8 la base di un\u2019attivit\u00e0 trasparente.","robots":{"index":"index","follow":"follow","max-snippet":"max-snippet:-1","max-image-preview":"max-image-preview:large","max-video-preview":"max-video-preview:-1"},"canonical":"https:\/\/kinsta.com\/it\/note-legali\/","og_locale":"it_IT","og_type":"article","og_title":"Informazioni legali","og_description":"Avere moderni termini di servizio su accordi, politiche e privacy, nonch\u00e9 documenti di copyright, \u00e8 la base di un\u2019attivit\u00e0 trasparente.","og_url":"https:\/\/kinsta.com\/it\/note-legali\/","og_site_name":"Kinsta\u00ae","article_publisher":"https:\/\/www.facebook.com\/kinstaitalia\/","article_modified_time":"2025-01-29T09:09:24+00:00","og_image":[{"width":1200,"height":628,"url":"https:\/\/kinsta.com\/it\/wp-content\/uploads\/sites\/2\/2023\/12\/IT-kinsta-homepage.png","type":"image\/png"}],"twitter_card":"summary_large_image","twitter_description":"Avere moderni termini di servizio su accordi, politiche e privacy, nonch\u00e9 documenti di copyright, \u00e8 la base di un\u2019attivit\u00e0 trasparente.","twitter_image":"https:\/\/kinsta.com\/it\/wp-content\/uploads\/sites\/2\/2023\/12\/IT-kinsta-homepage.png","twitter_site":"@Kinsta_IT","twitter_misc":{"Tempo di lettura stimato":"2 minuti"},"schema":{"@context":"https:\/\/schema.org","@graph":[{"@type":"WebPage","@id":"https:\/\/kinsta.com\/it\/note-legali\/","url":"https:\/\/kinsta.com\/it\/note-legali\/","name":"Informazioni legali - Kinsta","isPartOf":{"@id":"https:\/\/kinsta.com\/it\/#website"},"datePublished":"2016-03-07T18:42:07+00:00","dateModified":"2025-01-29T09:09:24+00:00","description":"Avere moderni termini di servizio su accordi, politiche e privacy, nonch\u00e9 documenti di copyright, \u00e8 la base di un\u2019attivit\u00e0 trasparente.","breadcrumb":{"@id":"https:\/\/kinsta.com\/it\/note-legali\/#breadcrumb"},"inLanguage":"it-IT","potentialAction":[{"@type":"ReadAction","target":["https:\/\/kinsta.com\/it\/note-legali\/"]}]},{"@type":"BreadcrumbList","@id":"https:\/\/kinsta.com\/it\/note-legali\/#breadcrumb","itemListElement":[{"@type":"ListItem","position":1,"name":"Home","item":"https:\/\/kinsta.com\/it\/"},{"@type":"ListItem","position":2,"name":"Informazioni legali"}]},{"@type":"WebSite","@id":"https:\/\/kinsta.com\/it\/#website","url":"https:\/\/kinsta.com\/it\/","name":"Kinsta\u00ae","description":"Soluzioni di hosting premium, veloci e sicure","publisher":{"@id":"https:\/\/kinsta.com\/it\/#organization"},"potentialAction":[{"@type":"SearchAction","target":{"@type":"EntryPoint","urlTemplate":"https:\/\/kinsta.com\/it\/?s={search_term_string}"},"query-input":{"@type":"PropertyValueSpecification","valueRequired":true,"valueName":"search_term_string"}}],"inLanguage":"it-IT"},{"@type":"Organization","@id":"https:\/\/kinsta.com\/it\/#organization","name":"Kinsta","url":"https:\/\/kinsta.com\/it\/","logo":{"@type":"ImageObject","inLanguage":"it-IT","@id":"https:\/\/kinsta.com\/it\/#\/schema\/logo\/image\/","url":"https:\/\/kinsta.com\/it\/wp-content\/uploads\/sites\/2\/2023\/12\/kinsta-logo.jpeg","contentUrl":"https:\/\/kinsta.com\/it\/wp-content\/uploads\/sites\/2\/2023\/12\/kinsta-logo.jpeg","width":500,"height":500,"caption":"Kinsta"},"image":{"@id":"https:\/\/kinsta.com\/it\/#\/schema\/logo\/image\/"},"sameAs":["https:\/\/www.facebook.com\/kinstaitalia\/","https:\/\/x.com\/Kinsta_IT","https:\/\/www.instagram.com\/kinstahosting\/","https:\/\/www.linkedin.com\/company\/kinsta\/","https:\/\/www.pinterest.com\/kinstahosting\/","https:\/\/www.youtube.com\/c\/Kinsta"]}]}},"acf":[],"_links":{"self":[{"href":"https:\/\/kinsta.com\/it\/wp-json\/wp\/v2\/pages\/4579","targetHints":{"allow":["GET"]}}],"collection":[{"href":"https:\/\/kinsta.com\/it\/wp-json\/wp\/v2\/pages"}],"about":[{"href":"https:\/\/kinsta.com\/it\/wp-json\/wp\/v2\/types\/page"}],"author":[{"embeddable":true,"href":"https:\/\/kinsta.com\/it\/wp-json\/wp\/v2\/users\/18"}],"replies":[{"embeddable":true,"href":"https:\/\/kinsta.com\/it\/wp-json\/wp\/v2\/comments?post=4579"}],"version-history":[{"count":15,"href":"https:\/\/kinsta.com\/it\/wp-json\/wp\/v2\/pages\/4579\/revisions"}],"predecessor-version":[{"id":80306,"href":"https:\/\/kinsta.com\/it\/wp-json\/wp\/v2\/pages\/4579\/revisions\/80306"}],"alternate":[{"embeddable":true,"hreflang":"en","title":"English","href":"https:\/\/kinsta.com\/it\/wp-json\/kinsta\/v1\/posts\/4579\/translations\/en"},{"embeddable":true,"hreflang":"fr","title":"French","href":"https:\/\/kinsta.com\/it\/wp-json\/kinsta\/v1\/posts\/4579\/translations\/fr"},{"embeddable":true,"hreflang":"it","title":"Italian","href":"https:\/\/kinsta.com\/it\/wp-json\/kinsta\/v1\/posts\/4579\/translations\/it"},{"embeddable":true,"hreflang":"de","title":"German","href":"https:\/\/kinsta.com\/it\/wp-json\/kinsta\/v1\/posts\/4579\/translations\/de"},{"embeddable":true,"hreflang":"es","title":"Spanish","href":"https:\/\/kinsta.com\/it\/wp-json\/kinsta\/v1\/posts\/4579\/translations\/es"},{"embeddable":true,"hreflang":"pt","title":"Portuguese","href":"https:\/\/kinsta.com\/it\/wp-json\/kinsta\/v1\/posts\/4579\/translations\/pt"},{"embeddable":true,"hreflang":"nl","title":"Dutch","href":"https:\/\/kinsta.com\/it\/wp-json\/kinsta\/v1\/posts\/4579\/translations\/nl"},{"embeddable":true,"hreflang":"ja","title":"Japanese","href":"https:\/\/kinsta.com\/it\/wp-json\/kinsta\/v1\/posts\/4579\/translations\/jp"},{"embeddable":true,"hreflang":"da","title":"Danish","href":"https:\/\/kinsta.com\/it\/wp-json\/kinsta\/v1\/posts\/4579\/translations\/dk"},{"embeddable":true,"hreflang":"sv","title":"Swedish","href":"https:\/\/kinsta.com\/it\/wp-json\/kinsta\/v1\/posts\/4579\/translations\/se"},{"href":"https:\/\/kinsta.com\/it\/wp-json\/kinsta\/v1\/posts\/4579\/tree"}],"wp:attachment":[{"href":"https:\/\/kinsta.com\/it\/wp-json\/wp\/v2\/media?parent=4579"}],"curies":[{"name":"wp","href":"https:\/\/api.w.org\/{rel}","templated":true}]}}