{"id":45979,"date":"2021-06-21T14:32:52","date_gmt":"2021-06-21T12:32:52","guid":{"rendered":"https:\/\/kinsta.com\/?page_id=88143"},"modified":"2026-04-21T14:42:00","modified_gmt":"2026-04-21T13:42:00","slug":"hosting-green","status":"publish","type":"page","link":"https:\/\/kinsta.com\/it\/hosting-green\/","title":{"rendered":"Cosa fa di Kinsta il miglior hosting green?"},"content":{"rendered":"\n<header class=\"wp-block-kinsta-hero-title is-style-center-screenshot alignfull\"><div class=\"wp-block-kinsta-hero-title__inner\">\n<div class=\"wp-block-kinsta-columns is-vertical-center\">\n<div class=\"wp-block-kinsta-column wp-block-kinsta-columns__column\">\n<div class=\"wp-block-kinsta-hero-title-content wp-block-kinsta-hero-title__content\"><h1 class=\"wp-block-kinsta-hero-title__title\"><span class=\"wp-block-kinsta-hero-title__title__text\">Cosa fa di Kinsta il miglior hosting green?<\/span><\/h1>\n<p>Kinsta ospita decine di migliaia di siti web, da progetti personali a siti di grandi aziende e negozi online. Tutto questo \u00e8 possibile grazie alla nostra potente infrastruttura cloud e agli ambienti server ottimizzati.<\/p>\n\n\n\n<div class=\"wp-block-kinsta-buttons alignleft\">\n\n<\/div>\n<\/div>\n<\/div>\n\n\n\n<div class=\"wp-block-kinsta-column wp-block-kinsta-columns__column\">\n<div class=\"wp-block-kinsta-hero-title-secondary wp-block-kinsta-hero-title__secondary\"><\/div>\n<\/div>\n<\/div>\n<\/div><\/header>\n\n\n\n<div class=\"wp-block-group has-white-background-color has-background is-layout-constrained wp-block-group-is-layout-constrained\">\n<div class=\"wp-block-kinsta-columns is-vertical-center\">\n<div class=\"wp-block-kinsta-column wp-block-kinsta-columns__column\">\n<figure class=\"wp-block-image size-full\"><img decoding=\"async\" src=\"https:\/\/kinsta.com\/wp-content\/uploads\/2023\/11\/kinsta-green-hosting.png\" alt class=\"wp-image-169261\"><\/figure>\n<\/div>\n\n\n\n<div class=\"wp-block-kinsta-column wp-block-kinsta-columns__column\">\n<h2 class=\"wp-block-heading\" id=\"h-kinsta-e-hosting-green\">Kinsta \u00e8 hosting green<\/h2>\n\n\n\n<p>Nonostante questa potente infrastruttura, siamo orgogliosi di poter dire che siamo un&#8217;azienda di hosting ecologica<strong>.<\/strong><\/p>\n\n\n\n<p>Oltre a questo, noi di Kinsta cerchiamo di ridurre il pi\u00f9 possibile le emissioni di carbonio, in modo da minimizzare l&#8217;impatto dei nostri servizi sull&#8217;ambiente. Allo stesso tempo, i siti web dei nostri clienti sono sempre spinti da una tecnologia all&#8217;avanguardia per garantirne le prestazioni e la sicurezza.<\/p>\n\n\n\n<div class=\"wp-block-kinsta-buttons aligncenter\">\n<a class=\"wp-block-kinsta-button\" href=\"https:\/\/kinsta.com\/it\/contatta-il-servizio-vendite\/\">Prenota una Demo<\/a>\n<\/div>\n<\/div>\n<\/div>\n<\/div>\n\n\n\n<div class=\"wp-block-group has-offwhite-background-color has-background is-layout-constrained wp-block-group-is-layout-constrained\">\n<div class=\"wp-block-kinsta-columns is-reverse is-vertical-center\">\n<div class=\"wp-block-kinsta-column wp-block-kinsta-columns__column\">\n<figure class=\"wp-block-image size-full is-style-plain\"><img decoding=\"async\" src=\"https:\/\/kinsta.com\/wp-content\/uploads\/2023\/11\/Kinsta-WordPress-hosting-architecture.png\" alt class=\"wp-image-203947\"><\/figure>\n<\/div>\n\n\n\n<div class=\"wp-block-kinsta-column wp-block-kinsta-columns__column\">\n<h2 class=\"wp-block-heading\" id=\"h-architettura-di-hosting-di-nuova-generazione\"><br>Architettura di hosting di nuova generazione<\/h2>\n\n\n\n<p>Siamo in grado di offrirti servizi di hosting dalle prestazioni senza pari. Se a questo aggiungi i nostri oltre 10 anni di esperienza nel settore dell&#8217;hosting e dell&#8217;ottimizzazione, otterrai una combinazione vincente.<\/p>\n\n\n\n<p>\u00c8 innegabile che i data center consumino enormi quantit\u00e0 di energia elettrica. Tuttavia, in media, i nostri data center consumano circa il 50% in meno rispetto ad altre soluzioni. Collaborando con un\u2019azienda che punta a ridurre al minimo la propria impronta di carbonio, possiamo ridurre l\u2019impatto ambientale dei nostri siti web.<\/p>\n<\/div>\n<\/div>\n<\/div>\n\n\n\n<div class=\"wp-block-group has-white-background-color has-background is-layout-constrained wp-block-group-is-layout-constrained\">\n<div class=\"wp-block-kinsta-columns is-vertical-center\">\n<div class=\"wp-block-kinsta-column wp-block-kinsta-columns__column\">\n<figure class=\"wp-block-image size-full is-style-plain\"><img decoding=\"async\" src=\"https:\/\/kinsta.com\/wp-content\/uploads\/2023\/11\/wp-cloudflare.png\" alt=\"Cloudflare logo\" class=\"wp-image-169307\"><\/figure>\n<\/div>\n\n\n\n<div class=\"wp-block-kinsta-column wp-block-kinsta-columns__column\">\n<h2 class=\"wp-block-heading\">Perch\u00e9 abbiamo scelto Cloudflare<\/h2>\n\n\n\n<p>Cloudflare \u00e8 uno dei principali fornitori al mondo di servizi di sicurezza e performance per siti web ed \u00e8 attualmente utilizzato da oltre 7 milioni di siti web! Su Kinsta, tutti i piani sono dotati dell&#8217;<a href=\"https:\/\/kinsta.com\/it\/integrazione-cloudflare\/\">integrazione gratuita di Cloudflare<\/a>, che include un firewall di livello enterprise con protezione DDoS e CDN ad alte prestazioni. Grazie a una rete di server distribuiti in quasi 200 citt\u00e0 del mondo, la nostra integrazione di Cloudflare ci aiuta a garantire che la nostra infrastruttura sia la pi\u00f9 veloce e sicura possibile.<\/p>\n\n\n\n<p>Cloudflare non offre solo alte prestazioni e alcuni dei migliori prodotti di sicurezza per siti web, ma lo fa con una forte attenzione alla riduzione dell&#8217;impatto ambientale. Oltre a impegnarsi per l&#8217;obiettivo zero emissioni entro il 2022, Cloudflare ha annunciato un piano per acquistare crediti di carbonio e compensare le emissioni degli ultimi 11 anni.<\/p>\n\n\n\n<p>Per raggiungere l&#8217;obiettivo del 100% di utilizzo di energia rinnovabile, Cloudflare aumenter\u00e0 la distribuzione di &#8220;server iper-efficienti&#8221; alimentati da CPU ARM. Rispetto ai server esistenti, i nuovi server ARM offriranno le stesse prestazioni con il 50% in meno di consumo energetico. Inoltre, il programma &#8220;Green Compute&#8221; di Cloudflare permetter\u00e0 agli utenti di eseguire gli script di Cloudflare Workers esclusivamente su hardware sostenibile (alimentato al 100% da energia rinnovabile).<\/p>\n\n\n\n<blockquote class=\"wp-block-quote is-layout-flow wp-block-quote-is-layout-flow\">\n<p>Internet \u00e8 responsabile di circa 1 miliardo di tonnellate di emissioni di gas serra all&#8217;anno, paragonabile alle emissioni annuali di CO2 dell&#8217;intera industria aeronautica mondiale. Ora qualsiasi propriet\u00e0 Internet sulla rete di Cloudflare &#8211; che oggi consiste gi\u00e0 nel 17% del web &#8211; ridurr\u00e0 automaticamente le emissioni e contribuir\u00e0 senza soluzione di continuit\u00e0 a un mondo pi\u00f9 verde e sostenibile.<\/p>\n<\/blockquote>\n\n\n\n<p>Installando il tuo sito su Kinsta e abilitando la nostra integrazione di Cloudflare, avrai la sicurezza e le prestazioni di un CDN al top della gamma senza compromettere il rispetto dell&#8217;ambiente.<\/p>\n\n\n\n<div class=\"wp-block-kinsta-buttons aligncenter\">\n<a class=\"wp-block-kinsta-button\" href=\"https:\/\/kinsta.com\/it\/prezzi\/\">Passa subito a Kinsta<\/a>\n<\/div>\n<\/div>\n<\/div>\n<\/div>\n\n\n\n<div class=\"wp-block-group has-white-background-color has-background is-layout-constrained wp-block-group-is-layout-constrained\">\n<div class=\"wp-block-kinsta-columns is-reverse is-vertical-center\">\n<div class=\"wp-block-kinsta-column wp-block-kinsta-columns__column\">\n<figure class=\"wp-block-image size-full\"><img decoding=\"async\" src=\"https:\/\/kinsta.com\/wp-content\/uploads\/2023\/11\/kinsta-reduce-carbon-footprint.png\" alt class=\"wp-image-169274\"><\/figure>\n<\/div>\n\n\n\n<div class=\"wp-block-kinsta-column wp-block-kinsta-columns__column\">\n<h2 class=\"wp-block-heading\">Cosa fa Kinsta per ridurre le emissioni di carbonio<\/h2>\n\n\n\n<p>Il modo pi\u00f9 efficiente per ridurre l&#8217;impronta di carbonio dei siti web \u00e8 migliorarne le prestazioni complessive. Ottimizzando il trasferimento dei dati e riducendo le dimensioni delle pagine, possiamo minimizzare l&#8217;impatto dei siti.<\/p>\n\n\n\n<p>Noi di Kinsta lo facciamo per ogni singolo cliente e per ognuno dei <a href=\"https:\/\/kinsta.com\/it\/piani\/\">nostri piani<\/a>. Offrendo gratuitamente la <a href=\"https:\/\/kinsta.com\/it\/blog\/la-cache-di-wordpress\/#no-wordpress-cache-plugins-are-needed-at-kinsta\">memorizzazione nella cache integrata<\/a>, riduciamo il numero di volte in cui gli utenti devono caricare le pagine. Inoltre, integrando un <a href=\"https:\/\/kinsta.com\/it\/docs\/hosting-wordpress\/wordpress-cdn\/kinsta-cdn\/#kinstas-cdn#how-to-enable-the-kinsta-cdn\">Content Delivery Network (CDN)<\/a> in tutti i nostri piani, aiutiamo a ottimizzare la consegna dei contenuti ai visitatori di tutto il mondo. <\/p>\n\n\n\n<p>Pi\u00f9 efficiente \u00e8 un sito web, minore \u00e8 il suo impatto sull&#8217;ambiente. I servizi di Kinsta sono realizzati per fornire prestazioni impareggiabili. E soprattutto, questo aumento delle prestazioni si traduce anche in servizi pi\u00f9 ecologici.<\/p>\n\n\n\n<div class=\"wp-block-kinsta-buttons aligncenter\">\n<a class=\"wp-block-kinsta-button\" href=\"https:\/\/kinsta.com\/it\/prezzi\/\">Migra su Kinsta oggi stesso<\/a>\n<\/div>\n<\/div>\n<\/div>\n<\/div>\n\n\n\n<div class=\"wp-block-group has-offwhite-background-color has-background is-layout-constrained wp-block-group-is-layout-constrained\">\n<div class=\"wp-block-kinsta-columns is-vertical-center\">\n<div class=\"wp-block-kinsta-column wp-block-kinsta-columns__column\">\n<figure class=\"wp-block-image size-full\"><img decoding=\"async\" src=\"https:\/\/kinsta.com\/wp-content\/uploads\/2023\/11\/kinsta-company-culture-team.png\" alt=\"Photos of the beautiful Kinsta team members\" class=\"wp-image-169256\"><\/figure>\n<\/div>\n\n\n\n<div class=\"wp-block-kinsta-column wp-block-kinsta-columns__column\">\n<h2 class=\"wp-block-heading\">La cultura aziendale di Kinsta<\/h2>\n\n\n\n<p>Il modo in cui Kinsta opera si allinea perfettamente con l&#8217;obiettivo di ridurre il nostro impatto ambientale.<\/p>\n\n\n\n<p>I membri del team di Kinsta lavorano da remoto. Ci\u00f2 significa che non abbiamo una grande sede con centinaia di uffici, pieni di attrezzature che consumano quantit\u00e0 astronomiche di elettricit\u00e0. I nostri dipendenti non devono fare i pendolari ogni giorno e generiamo meno rifiuti, meno forniture per ufficio, meno cibo preconfezionato e cos\u00ec via.<\/p>\n\n\n\n<p>La nostra azienda si impegna a ridurre l&#8217;impatto ambientale del web hosting. Utilizzando una potente infrastruttura cloud, ottimizzando i tuoi siti web per ridurre il trasferimento di dati e minimizzando il nostro impatto, siamo in grado di fornire i migliori servizi di hosting ecologico della categoria!<\/p>\n\n\n\n<div class=\"wp-block-kinsta-buttons aligncenter\">\n<a class=\"wp-block-kinsta-button\" href=\"https:\/\/kinsta.com\/it\/prezzi\/\">Iscriviti subito<\/a>\n<\/div>\n<\/div>\n<\/div>\n<\/div>\n","protected":false},"excerpt":{"rendered":"","protected":false},"author":125,"featured_media":45981,"parent":0,"menu_order":0,"comment_status":"closed","ping_status":"closed","template":"","meta":{"_kinsta_gated_content":false,"_kinsta_gated_content_redirect":"","footnotes":""},"class_list":["post-45979","page","type-page","status-publish","has-post-thumbnail","hentry"],"yoast_head":"<!-- This site is optimized with the Yoast SEO Premium plugin v24.6 (Yoast SEO v24.6) - https:\/\/yoast.com\/wordpress\/plugins\/seo\/ -->\n<title>Cosa fa di Kinsta\u00ae il miglior hosting green?<\/title>\n<meta name=\"description\" content=\"I piani di hosting ad alte prestazioni di Kinsta sono alimentati al 100% da energia rinnovabile. Scopri di pi\u00f9 sulle iniziative di hosting green di Kinsta!\" \/>\n<meta name=\"robots\" content=\"index, follow, max-snippet:-1, max-image-preview:large, max-video-preview:-1\" \/>\n<link rel=\"canonical\" href=\"https:\/\/kinsta.com\/it\/hosting-green\/\" \/>\n<meta property=\"og:locale\" content=\"it_IT\" \/>\n<meta property=\"og:type\" content=\"article\" \/>\n<meta property=\"og:title\" content=\"Cosa fa di Kinsta il miglior hosting green?\" \/>\n<meta property=\"og:description\" content=\"I piani di hosting ad alte prestazioni di Kinsta sono alimentati al 100% da energia rinnovabile. Scopri di pi\u00f9 sulle iniziative di hosting green di Kinsta!\" \/>\n<meta property=\"og:url\" content=\"https:\/\/kinsta.com\/it\/hosting-green\/\" \/>\n<meta property=\"og:site_name\" content=\"Kinsta\u00ae\" \/>\n<meta property=\"article:publisher\" content=\"https:\/\/www.facebook.com\/kinstaitalia\/\" \/>\n<meta property=\"article:modified_time\" content=\"2026-04-21T13:42:00+00:00\" \/>\n<meta property=\"og:image\" content=\"https:\/\/kinsta.com\/it\/wp-content\/uploads\/sites\/2\/2021\/06\/hosting-verde.jpeg\" \/>\n\t<meta property=\"og:image:width\" content=\"1460\" \/>\n\t<meta property=\"og:image:height\" content=\"730\" \/>\n\t<meta property=\"og:image:type\" content=\"image\/jpeg\" \/>\n<meta name=\"twitter:card\" content=\"summary_large_image\" \/>\n<meta name=\"twitter:description\" content=\"I piani di hosting ad alte prestazioni di Kinsta sono alimentati al 100% da energia rinnovabile. Scopri di pi\u00f9 sulle iniziative di hosting green di Kinsta!\" \/>\n<meta name=\"twitter:image\" content=\"https:\/\/kinsta.com\/it\/wp-content\/uploads\/sites\/2\/2021\/06\/hosting-verde.jpeg\" \/>\n<meta name=\"twitter:site\" content=\"@Kinsta_IT\" \/>\n<meta name=\"twitter:label1\" content=\"Tempo di lettura stimato\" \/>\n\t<meta name=\"twitter:data1\" content=\"6 minuti\" \/>\n<script type=\"application\/ld+json\" class=\"yoast-schema-graph\">{\"@context\":\"https:\/\/schema.org\",\"@graph\":[{\"@type\":\"WebPage\",\"@id\":\"https:\/\/kinsta.com\/it\/hosting-green\/\",\"url\":\"https:\/\/kinsta.com\/it\/hosting-green\/\",\"name\":\"Cosa fa di Kinsta\u00ae il miglior hosting green?\",\"isPartOf\":{\"@id\":\"https:\/\/kinsta.com\/it\/#website\"},\"primaryImageOfPage\":{\"@id\":\"https:\/\/kinsta.com\/it\/hosting-green\/#primaryimage\"},\"image\":{\"@id\":\"https:\/\/kinsta.com\/it\/hosting-green\/#primaryimage\"},\"thumbnailUrl\":\"https:\/\/kinsta.com\/it\/wp-content\/uploads\/sites\/2\/2021\/06\/hosting-verde.jpeg\",\"datePublished\":\"2021-06-21T12:32:52+00:00\",\"dateModified\":\"2026-04-21T13:42:00+00:00\",\"description\":\"I piani di hosting ad alte prestazioni di Kinsta sono alimentati al 100% da energia rinnovabile. Scopri di pi\u00f9 sulle iniziative di hosting green di Kinsta!\",\"breadcrumb\":{\"@id\":\"https:\/\/kinsta.com\/it\/hosting-green\/#breadcrumb\"},\"inLanguage\":\"it-IT\",\"potentialAction\":[{\"@type\":\"ReadAction\",\"target\":[\"https:\/\/kinsta.com\/it\/hosting-green\/\"]}]},{\"@type\":\"ImageObject\",\"inLanguage\":\"it-IT\",\"@id\":\"https:\/\/kinsta.com\/it\/hosting-green\/#primaryimage\",\"url\":\"https:\/\/kinsta.com\/it\/wp-content\/uploads\/sites\/2\/2021\/06\/hosting-verde.jpeg\",\"contentUrl\":\"https:\/\/kinsta.com\/it\/wp-content\/uploads\/sites\/2\/2021\/06\/hosting-verde.jpeg\",\"width\":1460,\"height\":730,\"caption\":\"Cosa rende Kinsta il miglior Hosting verde\"},{\"@type\":\"BreadcrumbList\",\"@id\":\"https:\/\/kinsta.com\/it\/hosting-green\/#breadcrumb\",\"itemListElement\":[{\"@type\":\"ListItem\",\"position\":1,\"name\":\"Home\",\"item\":\"https:\/\/kinsta.com\/it\/\"},{\"@type\":\"ListItem\",\"position\":2,\"name\":\"Cosa fa di Kinsta il miglior hosting green?\"}]},{\"@type\":\"WebSite\",\"@id\":\"https:\/\/kinsta.com\/it\/#website\",\"url\":\"https:\/\/kinsta.com\/it\/\",\"name\":\"Kinsta\u00ae\",\"description\":\"Soluzioni di hosting premium, veloci e sicure\",\"publisher\":{\"@id\":\"https:\/\/kinsta.com\/it\/#organization\"},\"potentialAction\":[{\"@type\":\"SearchAction\",\"target\":{\"@type\":\"EntryPoint\",\"urlTemplate\":\"https:\/\/kinsta.com\/it\/?s={search_term_string}\"},\"query-input\":{\"@type\":\"PropertyValueSpecification\",\"valueRequired\":true,\"valueName\":\"search_term_string\"}}],\"inLanguage\":\"it-IT\"},{\"@type\":\"Organization\",\"@id\":\"https:\/\/kinsta.com\/it\/#organization\",\"name\":\"Kinsta\",\"url\":\"https:\/\/kinsta.com\/it\/\",\"logo\":{\"@type\":\"ImageObject\",\"inLanguage\":\"it-IT\",\"@id\":\"https:\/\/kinsta.com\/it\/#\/schema\/logo\/image\/\",\"url\":\"https:\/\/kinsta.com\/it\/wp-content\/uploads\/sites\/2\/2023\/12\/kinsta-logo.jpeg\",\"contentUrl\":\"https:\/\/kinsta.com\/it\/wp-content\/uploads\/sites\/2\/2023\/12\/kinsta-logo.jpeg\",\"width\":500,\"height\":500,\"caption\":\"Kinsta\"},\"image\":{\"@id\":\"https:\/\/kinsta.com\/it\/#\/schema\/logo\/image\/\"},\"sameAs\":[\"https:\/\/www.facebook.com\/kinstaitalia\/\",\"https:\/\/x.com\/Kinsta_IT\",\"https:\/\/www.instagram.com\/kinstahosting\/\",\"https:\/\/www.linkedin.com\/company\/kinsta\/\",\"https:\/\/www.pinterest.com\/kinstahosting\/\",\"https:\/\/www.youtube.com\/c\/Kinsta\"]}]}<\/script>\n<!-- \/ Yoast SEO Premium plugin. -->","yoast_head_json":{"title":"Cosa fa di Kinsta\u00ae il miglior hosting green?","description":"I piani di hosting ad alte prestazioni di Kinsta sono alimentati al 100% da energia rinnovabile. Scopri di pi\u00f9 sulle iniziative di hosting green di Kinsta!","robots":{"index":"index","follow":"follow","max-snippet":"max-snippet:-1","max-image-preview":"max-image-preview:large","max-video-preview":"max-video-preview:-1"},"canonical":"https:\/\/kinsta.com\/it\/hosting-green\/","og_locale":"it_IT","og_type":"article","og_title":"Cosa fa di Kinsta il miglior hosting green?","og_description":"I piani di hosting ad alte prestazioni di Kinsta sono alimentati al 100% da energia rinnovabile. Scopri di pi\u00f9 sulle iniziative di hosting green di Kinsta!","og_url":"https:\/\/kinsta.com\/it\/hosting-green\/","og_site_name":"Kinsta\u00ae","article_publisher":"https:\/\/www.facebook.com\/kinstaitalia\/","article_modified_time":"2026-04-21T13:42:00+00:00","og_image":[{"width":1460,"height":730,"url":"https:\/\/kinsta.com\/it\/wp-content\/uploads\/sites\/2\/2021\/06\/hosting-verde.jpeg","type":"image\/jpeg"}],"twitter_card":"summary_large_image","twitter_description":"I piani di hosting ad alte prestazioni di Kinsta sono alimentati al 100% da energia rinnovabile. Scopri di pi\u00f9 sulle iniziative di hosting green di Kinsta!","twitter_image":"https:\/\/kinsta.com\/it\/wp-content\/uploads\/sites\/2\/2021\/06\/hosting-verde.jpeg","twitter_site":"@Kinsta_IT","twitter_misc":{"Tempo di lettura stimato":"6 minuti"},"schema":{"@context":"https:\/\/schema.org","@graph":[{"@type":"WebPage","@id":"https:\/\/kinsta.com\/it\/hosting-green\/","url":"https:\/\/kinsta.com\/it\/hosting-green\/","name":"Cosa fa di Kinsta\u00ae il miglior hosting green?","isPartOf":{"@id":"https:\/\/kinsta.com\/it\/#website"},"primaryImageOfPage":{"@id":"https:\/\/kinsta.com\/it\/hosting-green\/#primaryimage"},"image":{"@id":"https:\/\/kinsta.com\/it\/hosting-green\/#primaryimage"},"thumbnailUrl":"https:\/\/kinsta.com\/it\/wp-content\/uploads\/sites\/2\/2021\/06\/hosting-verde.jpeg","datePublished":"2021-06-21T12:32:52+00:00","dateModified":"2026-04-21T13:42:00+00:00","description":"I piani di hosting ad alte prestazioni di Kinsta sono alimentati al 100% da energia rinnovabile. Scopri di pi\u00f9 sulle iniziative di hosting green di Kinsta!","breadcrumb":{"@id":"https:\/\/kinsta.com\/it\/hosting-green\/#breadcrumb"},"inLanguage":"it-IT","potentialAction":[{"@type":"ReadAction","target":["https:\/\/kinsta.com\/it\/hosting-green\/"]}]},{"@type":"ImageObject","inLanguage":"it-IT","@id":"https:\/\/kinsta.com\/it\/hosting-green\/#primaryimage","url":"https:\/\/kinsta.com\/it\/wp-content\/uploads\/sites\/2\/2021\/06\/hosting-verde.jpeg","contentUrl":"https:\/\/kinsta.com\/it\/wp-content\/uploads\/sites\/2\/2021\/06\/hosting-verde.jpeg","width":1460,"height":730,"caption":"Cosa rende Kinsta il miglior Hosting verde"},{"@type":"BreadcrumbList","@id":"https:\/\/kinsta.com\/it\/hosting-green\/#breadcrumb","itemListElement":[{"@type":"ListItem","position":1,"name":"Home","item":"https:\/\/kinsta.com\/it\/"},{"@type":"ListItem","position":2,"name":"Cosa fa di Kinsta il miglior hosting green?"}]},{"@type":"WebSite","@id":"https:\/\/kinsta.com\/it\/#website","url":"https:\/\/kinsta.com\/it\/","name":"Kinsta\u00ae","description":"Soluzioni di hosting premium, veloci e sicure","publisher":{"@id":"https:\/\/kinsta.com\/it\/#organization"},"potentialAction":[{"@type":"SearchAction","target":{"@type":"EntryPoint","urlTemplate":"https:\/\/kinsta.com\/it\/?s={search_term_string}"},"query-input":{"@type":"PropertyValueSpecification","valueRequired":true,"valueName":"search_term_string"}}],"inLanguage":"it-IT"},{"@type":"Organization","@id":"https:\/\/kinsta.com\/it\/#organization","name":"Kinsta","url":"https:\/\/kinsta.com\/it\/","logo":{"@type":"ImageObject","inLanguage":"it-IT","@id":"https:\/\/kinsta.com\/it\/#\/schema\/logo\/image\/","url":"https:\/\/kinsta.com\/it\/wp-content\/uploads\/sites\/2\/2023\/12\/kinsta-logo.jpeg","contentUrl":"https:\/\/kinsta.com\/it\/wp-content\/uploads\/sites\/2\/2023\/12\/kinsta-logo.jpeg","width":500,"height":500,"caption":"Kinsta"},"image":{"@id":"https:\/\/kinsta.com\/it\/#\/schema\/logo\/image\/"},"sameAs":["https:\/\/www.facebook.com\/kinstaitalia\/","https:\/\/x.com\/Kinsta_IT","https:\/\/www.instagram.com\/kinstahosting\/","https:\/\/www.linkedin.com\/company\/kinsta\/","https:\/\/www.pinterest.com\/kinstahosting\/","https:\/\/www.youtube.com\/c\/Kinsta"]}]}},"acf":[],"_links":{"self":[{"href":"https:\/\/kinsta.com\/it\/wp-json\/wp\/v2\/pages\/45979","targetHints":{"allow":["GET"]}}],"collection":[{"href":"https:\/\/kinsta.com\/it\/wp-json\/wp\/v2\/pages"}],"about":[{"href":"https:\/\/kinsta.com\/it\/wp-json\/wp\/v2\/types\/page"}],"author":[{"embeddable":true,"href":"https:\/\/kinsta.com\/it\/wp-json\/wp\/v2\/users\/125"}],"replies":[{"embeddable":true,"href":"https:\/\/kinsta.com\/it\/wp-json\/wp\/v2\/comments?post=45979"}],"version-history":[{"count":14,"href":"https:\/\/kinsta.com\/it\/wp-json\/wp\/v2\/pages\/45979\/revisions"}],"predecessor-version":[{"id":83813,"href":"https:\/\/kinsta.com\/it\/wp-json\/wp\/v2\/pages\/45979\/revisions\/83813"}],"alternate":[{"embeddable":true,"hreflang":"en","title":"English","href":"https:\/\/kinsta.com\/it\/wp-json\/kinsta\/v1\/posts\/45979\/translations\/en"},{"embeddable":true,"hreflang":"es","title":"Spanish","href":"https:\/\/kinsta.com\/it\/wp-json\/kinsta\/v1\/posts\/45979\/translations\/es"},{"embeddable":true,"hreflang":"it","title":"Italian","href":"https:\/\/kinsta.com\/it\/wp-json\/kinsta\/v1\/posts\/45979\/translations\/it"},{"embeddable":true,"hreflang":"pt","title":"Portuguese","href":"https:\/\/kinsta.com\/it\/wp-json\/kinsta\/v1\/posts\/45979\/translations\/pt"},{"embeddable":true,"hreflang":"de","title":"German","href":"https:\/\/kinsta.com\/it\/wp-json\/kinsta\/v1\/posts\/45979\/translations\/de"},{"embeddable":true,"hreflang":"fr","title":"French","href":"https:\/\/kinsta.com\/it\/wp-json\/kinsta\/v1\/posts\/45979\/translations\/fr"},{"embeddable":true,"hreflang":"da","title":"Danish","href":"https:\/\/kinsta.com\/it\/wp-json\/kinsta\/v1\/posts\/45979\/translations\/dk"},{"embeddable":true,"hreflang":"nl","title":"Dutch","href":"https:\/\/kinsta.com\/it\/wp-json\/kinsta\/v1\/posts\/45979\/translations\/nl"},{"embeddable":true,"hreflang":"sv","title":"Swedish","href":"https:\/\/kinsta.com\/it\/wp-json\/kinsta\/v1\/posts\/45979\/translations\/se"},{"embeddable":true,"hreflang":"ja","title":"Japanese","href":"https:\/\/kinsta.com\/it\/wp-json\/kinsta\/v1\/posts\/45979\/translations\/jp"},{"href":"https:\/\/kinsta.com\/it\/wp-json\/kinsta\/v1\/posts\/45979\/tree"}],"wp:featuredmedia":[{"embeddable":true,"href":"https:\/\/kinsta.com\/it\/wp-json\/wp\/v2\/media\/45981"}],"wp:attachment":[{"href":"https:\/\/kinsta.com\/it\/wp-json\/wp\/v2\/media?parent=45979"}],"curies":[{"name":"wp","href":"https:\/\/api.w.org\/{rel}","templated":true}]}}