{"id":4680,"date":"2016-03-17T21:22:08","date_gmt":"2016-03-17T21:22:08","guid":{"rendered":"http:\/\/kinsta.dev\/?page_id=4680"},"modified":"2025-11-05T17:13:29","modified_gmt":"2025-11-05T16:13:29","slug":"accordo-livello-servizio","status":"publish","type":"page","link":"https:\/\/kinsta.com\/it\/note-legali\/accordo-livello-servizio\/","title":{"rendered":"Accordo sul Service Level Agreement (livello di servizio) di Kinsta Inc."},"content":{"rendered":"<aside role=\"note\" class=\"wp-block-kinsta-notice is-style-plain\">\n        <p>Questa \u00e8 la traduzione in italiano della sezione legale originale in lingua inglese. Si noti che, sebbene poniamo la massima attenzione per essere certi che il testo che segue sia conforme all\u2019originale, nel caso di qualsiasi discordanza tra le due versioni, prevale la versione in lingua inglese disponibile all&#8217;indirizzo <a href=\"https:\/\/kinsta.com\/legal\/service-level-agreement\/\" data-no-translate>https:\/\/kinsta.com\/legal\/service-level-agreement\/<\/a>.<\/p>\n<\/aside>\n\n\n\n\n<p>Aggiornato il: 25 settembre 2025<\/p>\n\n\n\n<h2 class=\"wp-block-heading\">1. Introduzione<\/h2>\n\n\n\n<p>Il presente Service Level Agreement (\u201cSLA\u201d, Accordo sul livello dei servizi) \u00e8 un addendum ai Termini di servizio <a href=\"https:\/\/kinsta.com\/it\/note-legali\/termini-di-servizio\/\">(https:\/\/kinsta.com\/legal\/terms-service\/)<\/a> o all&#8217;Accordo sui servizi master, a seconda dei casi, e costituisce parte integrante dell&#8217;Accordo. Kinsta si riserva il diritto di apportare modifiche al presente SLA in qualsiasi momento. L&#8217;uso continuato dei Servizi da parte dell&#8217;Utente a seguito di eventuali modifiche al presente SLA costituisce l&#8217;accettazione di tali modifiche da parte dell&#8217;Utente. Invitiamo il Cliente a rivedere periodicamente il presente SLA e a verificare la presenza di eventuali aggiornamenti.<\/p>\n\n\n\n<h2 class=\"wp-block-heading\" id=\"h-2-definizioni\">2. Definizioni<\/h2>\n\n\n\n<p>I termini in maiuscolo non definiti nel presente SLA hanno il significato previsto altrove nel Contratto.<\/p>\n\n\n\n<ol class=\"wp-block-list is-style-lower-alpha\">\n<li>Per &#8220;<strong>Downtime<\/strong>&#8220;, <strong>&#8220;tempo di inattivit\u00e0<\/strong>&#8221; si intende un periodo di tempo in cui le Applicazioni Live non sono disponibili o non sono accessibili tramite Hypertext Transfer Protocol (HTTP) o altre connessioni di rete fornite da Kinsta, a seconda dei casi, durante un qualsiasi Periodo di fatturazione mensile. Il tempo di inattivit\u00e0 sar\u00e0 calcolato sulla base del monitoraggio di Kinsta. A scanso di equivoci, i tempi di inattivit\u00e0 sono calcolati in base al tempo totale, piuttosto che in base al tempo per Applicazione Live, vale a dire che se pi\u00f9 Applicazioni Live in un Piano di Hosting subiscono un&#8217;inattivit\u00e0 simultanea, la durata dell&#8217;inattivit\u00e0 non sar\u00e0 aumentata in base al numero di Applicazioni Live che subiscono un&#8217;inattivit\u00e0.<\/li>\n\n\n\n<li>Per <strong>&#8220;Applicazioni colpite<\/strong>&#8221; si intendono le Applicazioni Live che subiscono un Downtime.<\/li>\n\n\n\n<li>Per <strong>&#8220;Applicazioni Live<\/strong>&#8221; si intendono le Applicazioni del Cliente (ad esempio, siti web, applicazioni o database) che si trovano in un ambiente live.<\/li>\n\n\n\n<li>Per <strong>&#8220;Periodo di manutenzione<\/strong>&#8221; si intende ogni giorno dal luned\u00ec alla domenica, dalle 2 alle 5 del mattino, ora locale, in base al fuso orario del data center in cui \u00e8 ospitata l&#8217;applicazione del cliente.<\/li>\n\n\n\n<li>Per <strong>&#8220;Periodo di fatturazione mensile<\/strong>&#8221; si intende il periodo di tempo che va dalla data di sottoscrizione di un Piano di Hosting da parte del Cliente fino al giorno precedente la prima data di fatturazione e da ogni data di fatturazione successiva fino al giorno precedente la data di fatturazione successiva. Ad esempio, se la data di sottoscrizione iniziale \u00e8 il 6 settembre, il Periodo di fatturazione mensile va dal 6 settembre al 5 ottobre e il successivo Periodo di fatturazione mensile va dal 6 ottobre al 5 novembre, ecc.<\/li>\n\n\n\n<li>Per <strong>&#8220;Valore dell&#8217;abbonamento mensile<\/strong>&#8221; si intende:\n<ol class=\"wp-block-list\">\n<li>Per i piani di hosting WordPress gestiti o siti statici:\n<ol style=\"list-style-type:lower-roman\" class=\"wp-block-list\">\n<li>Per i clienti con un ciclo di fatturazione mensile: il canone mensile pagato per l&#8217;abbonamento al piano di hosting. <\/li>\n\n\n\n<li>Per i Clienti con un ciclo di fatturazione annuale (o pi\u00f9 lungo): il Canone annuale pagato per l&#8217;abbonamento al Piano di Hosting diviso per 12. <\/li>\n\n\n\n<li>Se il Cliente cambia Piano di Hosting durante il Periodo di Fatturazione Mensile, il Valore dell&#8217;Abbonamento Mensile del Cliente sar\u00e0 ripartito in base al tempo di abbonamento a ciascun Piano di Hosting durante il Periodo di Fatturazione Mensile. <\/li>\n<\/ol>\n<\/li>\n\n\n\n<li>Per i Piani di Hosting di Applicazioni e Hosting di Database: l&#8217;importo effettivo fatturato durante il Periodo di Fatturazione Mensile per ogni singola Applicazione del Cliente.<\/li>\n\n\n\n<li>Il Valore dell&#8217;Abbonamento Mensile esclude qualsiasi altro costo, come ad esempio, ma non solo, i componenti aggiuntivi a pagamento, le eccedenze, il tempo di build, la larghezza di banda e le spese di migrazione.<\/li>\n<\/ol>\n<\/li>\n\n\n\n<li>Per <strong>&#8220;Credito SLA<\/strong>&#8221; si intende il credito applicato (come calcolato nella Sezione 3) al Piano di Hosting del Cliente per compensare le Spese ammissibili dovute al mancato rispetto della Garanzia di Uptime da parte di Kinsta.<\/li>\n\n\n\n<li>Per <strong>&#8220;Garanzia di Uptime<\/strong>&#8221; si intende la percentuale di tempo in cui le Applicazioni Live saranno disponibili durante ciascun Periodo di Fatturazione Mensile. La garanzia di uptime \u00e8 pari al 99,9%, a meno che non sia indicata una percentuale superiore nel Modulo d&#8217;Ordine del Cliente.<\/li>\n<\/ol>\n\n\n\n<h2 class=\"wp-block-heading\" id=\"h-3-importo-dei-crediti-sla\">3. Importo dei crediti SLA<\/h2>\n\n\n\n<ol class=\"wp-block-list is-style-lower-alpha\">\n<li>L&#8217;importo massimo dei crediti SLA da emettere a favore del Cliente non superer\u00e0 il Valore dell&#8217;abbonamento mensile per il mese in cui Kinsta non ha rispettato la Garanzia di Uptime.<\/li>\n\n\n\n<li>Se Kinsta non rispetta la Garanzia di Uptime, i Crediti SLA sono calcolati come segue:\n<ol class=\"wp-block-list\">\n<li>Per gli abbonamenti al piano di hosting per WordPress e siti statici, i crediti SLA corrispondono a una percentuale del valore dell&#8217;abbonamento mensile (a seconda della durata del downtime), aggiustata in base al rapporto tra applicazioni colpite e applicazioni attive. Vedi le Tabelle A e B qui di seguito per gli esempi.<\/li>\n\n\n\n<li>Per gli abbonamenti ai piani di hosting per applicazioni e database, i crediti SLA corrispondono a venti volte la percentuale del valore dell&#8217;abbonamento mensile relativa alle applicazioni danneggiate.\n<ol style=\"list-style-type:lower-roman\" class=\"wp-block-list\">\n<li>Se la garanzia di uptime \u00e8 del 99,9%, il tempo di inattivit\u00e0 deve superare i 43 minuti prima che vengano emessi i crediti SLA.<\/li>\n\n\n\n<li>Se  la garanzia di uptime \u00e8 del 99,99%, il tempo di inattivit\u00e0 deve essere superiore a 4 minuti prima che vengano emessi crediti SLA.<\/li>\n<\/ol>\n<\/li>\n<\/ol>\n<\/li>\n<\/ol>\n\n\n\n<h5 class=\"wp-block-heading\" id=\"h-tabella-a-garanzia-di-uptime-del-99-9\"><strong><strong>Tabella A<\/strong><\/strong> &#8211; Garanzia di Uptime del 99,9%<\/h5>\n\n\n\n<figure class=\"wp-block-table is-style-regular\"><table class=\"has-fixed-layout\"><thead><tr><th><strong>Durata del tempo di inattivit\u00e0<\/strong><\/th><th><strong>Credito SLA<\/strong><\/th><\/tr><\/thead><tbody><tr><td>Da 43 a 59 minuti<\/td><td>5% x Valore mensile dell&#8217;abbonamento x (Applicazioni colpite \/ Applicazioni attive)<\/td><\/tr><tr><td>Da 60 a 119 minuti<\/td><td>10% x Valore dell&#8217;abbonamento mensile x (Applicazioni colpite \/ Applicazioni live)<\/td><\/tr><tr><td>Da 120 a 179 minuti<\/td><td>15% x Valore dell&#8217;abbonamento mensile x (Applicazioni colpite \/ Applicazioni live)<\/td><\/tr><tr><td>Da 180 a 239 minuti<\/td><td>20% x Valore dell&#8217;abbonamento mensile x (Applicazioni colpite \/ Applicazioni live)<\/td><\/tr><\/tbody><\/table><\/figure>\n\n\n\n<h5 class=\"wp-block-heading\" id=\"h-tabella-b-garanzia-di-uptime-del-99-99\"><strong><strong>Tabella <\/strong><\/strong>B &#8211; <strong>Garanzia di uptime del 99,99%<\/strong><\/h5>\n\n\n\n<figure class=\"wp-block-table is-style-regular\"><table class=\"has-fixed-layout\"><thead><tr><th><strong>Durata del tempo di inattivit\u00e0<\/strong><\/th><th><strong>Credito SLA<\/strong><\/th><\/tr><\/thead><tbody><tr><td>Da 4 a 59 minuti<\/td><td>5% x Valore mensile dell&#8217;abbonamento x (Applicazioni colpite \/ Applicazioni attive)<\/td><\/tr><tr><td>Da 60 a 119 minuti<\/td><td>10% x Valore dell&#8217;abbonamento mensile x (Applicazioni colpite \/ Applicazioni live)<\/td><\/tr><tr><td>Da 120 a 179 minuti<\/td><td>15% x Valore dell&#8217;abbonamento mensile x (Applicazioni colpite \/ Applicazioni live)<\/td><\/tr><tr><td>Da 180 a 239 minuti<\/td><td>20% x Valore dell&#8217;abbonamento mensile x (Applicazioni colpite \/ Applicazioni live)<\/td><\/tr><\/tbody><\/table><\/figure>\n\n\n\n<h2 class=\"wp-block-heading\" id=\"h-4-il-cliente-deve-richiedere-i-crediti-sla\">4. Il cliente deve richiedere i crediti SLA<\/h2>\n\n\n\n<p>Per ricevere i crediti SLA, il Cliente deve presentare una richiesta scritta di crediti SLA entro 30 giorni dal downtime utilizzando il sistema di chat della Piattaforma. Il mancato rispetto di questo requisito far\u00e0 decadere il diritto del Cliente a ricevere un credito SLA.<\/p>\n\n\n\n<h2 class=\"wp-block-heading\" id=\"h-5-limitazioni\">5. Limitazioni<\/h2>\n\n\n\n<ol class=\"wp-block-list is-style-lower-alpha\">\n<li>Il Cliente non pu\u00f2 vendere, concedere in licenza, affittare o trasferire in altro modo i Crediti SLA. I Crediti SLA non hanno alcun valore intrinseco o in denaro, non sono riscattabili in denaro e non sono rimborsabili.<\/li>\n\n\n\n<li>I Crediti SLA non utilizzati scadranno al termine del Piano di Hosting del Cliente.<\/li>\n\n\n\n<li>Il presente SLA indica l&#8217;unico ed esclusivo rimedio del Cliente in caso di mancato rispetto della Garanzia di Uptime da parte di Kinsta.<\/li>\n\n\n\n<li>Se il Cliente sottoscrive un Piano di Hosting con una Garanzia di Uptime superiore al 99,9% e successivamente il Cliente esegue il downgrade del suo Piano di Hosting, Kinsta pu\u00f2 ridurre la Garanzia di Uptime del Cliente al 99,9% dopo il downgrade del Piano di Hosting.<\/li>\n<\/ol>\n\n\n\n<h2 class=\"wp-block-heading\" id=\"h-6-esclusioni-dei-tempi-di-inattivita\">6. Esclusioni dei tempi di inattivit\u00e0<\/h2>\n\n\n\n<p>I tempi di inattivit\u00e0 causati da una qualsiasi delle seguenti circostanze, come stabilito a esclusiva discrezione di Kinsta, non saranno inclusi nei tempi di inattivit\u00e0 e non potranno beneficiare del credito SLA:<\/p>\n\n\n\n<ol class=\"wp-block-list is-style-lower-alpha\">\n<li>Manutenzione eseguita durante il Periodo di manutenzione;<\/li>\n\n\n\n<li>Manutenzione di emergenza eseguita in qualsiasi momento;<\/li>\n\n\n\n<li>Interruzioni programmate;<\/li>\n\n\n\n<li>Eventi di forza maggiore, tra cui, a titolo esemplificativo e non esaustivo, cause di forza maggiore (incendi, inondazioni, terremoti, tempeste o altri disastri naturali), cause di guerra (invasioni, ostilit\u00e0, ribellioni, rivoluzioni, insurrezioni, attivit\u00e0 terroristiche e altre attivit\u00e0 ostili), azioni intraprese da governi (sanzioni, blocco, embargo e altre azioni governative), controversie di lavoro (sciopero, serrata o altre controversie simili), guasti alle fonti di energia, interruzioni causate da fornitori di servizi esterni e qualsiasi altro evento che Kinsta non possa ragionevolmente anticipare, prevenire, controllare o evitare;<\/li>\n\n\n\n<li>Traffico, richieste, processi o altre attivit\u00e0 che interessano un&#8217;Applicazione Live e che superano le capacit\u00e0 dell&#8217;Applicazione Live, del Piano di Hosting o dei Servizi;<\/li>\n\n\n\n<li>Violazione da parte del Cliente del Contratto o di qualsiasi altra politica, termine o accordo applicabile al Cliente; <\/li>\n\n\n\n<li>Problemi di accesso alla macchina del Cliente; <\/li>\n\n\n\n<li>L&#8217;uso improprio, la configurazione o l&#8217;alterazione dei Servizi da parte dell&#8217;Utente, incluso il codice o la configurazione di un&#8217;Applicazione Live da parte dell&#8217;Utente in modo tale che questa possa subire un downtime quando un&#8217;altra Applicazione Live subisce un downtime; oppure<\/li>\n\n\n\n<li>Modifiche ai Servizi da parte di soggetti diversi da Kinsta.<\/li>\n<\/ol>\n\n\n\n<h4 class=\"wp-block-heading\" id=\"h-versioni-precedenti\">Versioni precedenti<\/h4>\n\n\n\n<div class=\"wp-block-kinsta-buttons\">\n<a class=\"wp-block-kinsta-button\" href=\"https:\/\/kinsta.com\/wp-content\/uploads\/2025\/11\/Kinsta-Service-Level-Agreement-September-11-2024-WEBSITE-ARCHIVE.pdf\" target=\"_blank\" rel=\"noreferrer noopener\" download><span class=\"wp-block-kinsta-button_text\">11 settembre 2024<\/span><\/a>\n\n\n\n<a class=\"wp-block-kinsta-button\" href=\"https:\/\/kinsta.com\/wp-content\/uploads\/2024\/09\/Kinsta-Service-Level-Agreement-July-7-2023-1.pdf\" target=\"_blank\" rel=\"noreferrer noopener\" download><span class=\"wp-block-kinsta-button_text\">7 luglio 2023<\/span><\/a>\n\n\n\n<a class=\"wp-block-kinsta-button\" href=\"https:\/\/kinsta.com\/wp-content\/uploads\/2025\/11\/Kinsta-Service-Level-Agreement-October-25-2022-WEBSITE-ARCHIVE.pdf\" target=\"_blank\" rel=\"noreferrer noopener\" download><span class=\"wp-block-kinsta-button_text\">25 ottobre 2022<\/span><\/a>\n<\/div>\n\n\n\n<p><\/p>\n","protected":false},"excerpt":{"rendered":"<p>Aggiornato il: 25 settembre 2025 1. Introduzione Il presente Service Level Agreement (\u201cSLA\u201d, Accordo sul livello dei servizi) \u00e8 un addendum ai Termini di servizio (https:\/\/kinsta.com\/legal\/terms-service\/) &#8230;<\/p>\n","protected":false},"author":18,"featured_media":0,"parent":4579,"menu_order":0,"comment_status":"closed","ping_status":"closed","template":"templates\/template-article.php","meta":{"_kinsta_gated_content":false,"_kinsta_gated_content_redirect":"","footnotes":""},"class_list":["post-4680","page","type-page","status-publish","hentry"],"yoast_head":"<!-- This site is optimized with the Yoast SEO Premium plugin v24.6 (Yoast SEO v24.6) - https:\/\/yoast.com\/wordpress\/plugins\/seo\/ -->\n<title>Accordo sul Livello del Servizio - Kinsta Hosting WordPress Gestito<\/title>\n<meta name=\"description\" content=\"Kinsta Inc. fornisce un prodotto aziendale all\u2019avanguardia, ed \u00e8 lieto di supportarlo con questo Accordo sul Livello del Servizio (Service Level Agreement \u2013 SLA). Fate clic qui per maggiori dettagli.\" \/>\n<meta name=\"robots\" content=\"index, follow, max-snippet:-1, max-image-preview:large, max-video-preview:-1\" \/>\n<link rel=\"canonical\" href=\"https:\/\/kinsta.com\/it\/note-legali\/accordo-livello-servizio\/\" \/>\n<meta property=\"og:locale\" content=\"it_IT\" \/>\n<meta property=\"og:type\" content=\"article\" \/>\n<meta property=\"og:title\" content=\"Accordo sul Service Level Agreement (livello di servizio) di Kinsta Inc.\" \/>\n<meta property=\"og:description\" content=\"Kinsta Inc. fornisce un prodotto aziendale all\u2019avanguardia, ed \u00e8 lieto di supportarlo con questo Accordo sul Livello del Servizio (Service Level Agreement \u2013 SLA). Fate clic qui per maggiori dettagli.\" \/>\n<meta property=\"og:url\" content=\"https:\/\/kinsta.com\/it\/note-legali\/accordo-livello-servizio\/\" \/>\n<meta property=\"og:site_name\" content=\"Kinsta\u00ae\" \/>\n<meta property=\"article:publisher\" content=\"https:\/\/www.facebook.com\/kinstaitalia\/\" \/>\n<meta property=\"article:modified_time\" content=\"2025-11-05T16:13:29+00:00\" \/>\n<meta property=\"og:image\" content=\"https:\/\/kinsta.com\/it\/wp-content\/uploads\/sites\/2\/2023\/12\/IT-kinsta-homepage.png\" \/>\n\t<meta property=\"og:image:width\" content=\"1200\" \/>\n\t<meta property=\"og:image:height\" content=\"628\" \/>\n\t<meta property=\"og:image:type\" content=\"image\/png\" \/>\n<meta name=\"twitter:card\" content=\"summary_large_image\" \/>\n<meta name=\"twitter:description\" content=\"Kinsta Inc. fornisce un prodotto aziendale all\u2019avanguardia, ed \u00e8 lieto di supportarlo con questo Accordo sul Livello del Servizio (Service Level Agreement \u2013 SLA). Fate clic qui per maggiori dettagli.\" \/>\n<meta name=\"twitter:image\" content=\"https:\/\/kinsta.com\/it\/wp-content\/uploads\/sites\/2\/2023\/12\/IT-kinsta-homepage.png\" \/>\n<meta name=\"twitter:site\" content=\"@Kinsta_IT\" \/>\n<meta name=\"twitter:label1\" content=\"Tempo di lettura stimato\" \/>\n\t<meta name=\"twitter:data1\" content=\"1 minuto\" \/>\n<script type=\"application\/ld+json\" class=\"yoast-schema-graph\">{\"@context\":\"https:\/\/schema.org\",\"@graph\":[{\"@type\":\"WebPage\",\"@id\":\"https:\/\/kinsta.com\/it\/note-legali\/accordo-livello-servizio\/\",\"url\":\"https:\/\/kinsta.com\/it\/note-legali\/accordo-livello-servizio\/\",\"name\":\"Accordo sul Livello del Servizio - Kinsta Hosting WordPress Gestito\",\"isPartOf\":{\"@id\":\"https:\/\/kinsta.com\/it\/#website\"},\"datePublished\":\"2016-03-17T21:22:08+00:00\",\"dateModified\":\"2025-11-05T16:13:29+00:00\",\"description\":\"Kinsta Inc. fornisce un prodotto aziendale all\u2019avanguardia, ed \u00e8 lieto di supportarlo con questo Accordo sul Livello del Servizio (Service Level Agreement \u2013 SLA). Fate clic qui per maggiori dettagli.\",\"breadcrumb\":{\"@id\":\"https:\/\/kinsta.com\/it\/note-legali\/accordo-livello-servizio\/#breadcrumb\"},\"inLanguage\":\"it-IT\",\"potentialAction\":[{\"@type\":\"ReadAction\",\"target\":[\"https:\/\/kinsta.com\/it\/note-legali\/accordo-livello-servizio\/\"]}]},{\"@type\":\"BreadcrumbList\",\"@id\":\"https:\/\/kinsta.com\/it\/note-legali\/accordo-livello-servizio\/#breadcrumb\",\"itemListElement\":[{\"@type\":\"ListItem\",\"position\":1,\"name\":\"Home\",\"item\":\"https:\/\/kinsta.com\/it\/\"},{\"@type\":\"ListItem\",\"position\":2,\"name\":\"Informazioni legali\",\"item\":\"https:\/\/kinsta.com\/it\/note-legali\/\"},{\"@type\":\"ListItem\",\"position\":3,\"name\":\"Accordo sul Service Level Agreement (livello di servizio) di Kinsta Inc.\"}]},{\"@type\":\"WebSite\",\"@id\":\"https:\/\/kinsta.com\/it\/#website\",\"url\":\"https:\/\/kinsta.com\/it\/\",\"name\":\"Kinsta\u00ae\",\"description\":\"Soluzioni di hosting premium, veloci e sicure\",\"publisher\":{\"@id\":\"https:\/\/kinsta.com\/it\/#organization\"},\"potentialAction\":[{\"@type\":\"SearchAction\",\"target\":{\"@type\":\"EntryPoint\",\"urlTemplate\":\"https:\/\/kinsta.com\/it\/?s={search_term_string}\"},\"query-input\":{\"@type\":\"PropertyValueSpecification\",\"valueRequired\":true,\"valueName\":\"search_term_string\"}}],\"inLanguage\":\"it-IT\"},{\"@type\":\"Organization\",\"@id\":\"https:\/\/kinsta.com\/it\/#organization\",\"name\":\"Kinsta\",\"url\":\"https:\/\/kinsta.com\/it\/\",\"logo\":{\"@type\":\"ImageObject\",\"inLanguage\":\"it-IT\",\"@id\":\"https:\/\/kinsta.com\/it\/#\/schema\/logo\/image\/\",\"url\":\"https:\/\/kinsta.com\/it\/wp-content\/uploads\/sites\/2\/2023\/12\/kinsta-logo.jpeg\",\"contentUrl\":\"https:\/\/kinsta.com\/it\/wp-content\/uploads\/sites\/2\/2023\/12\/kinsta-logo.jpeg\",\"width\":500,\"height\":500,\"caption\":\"Kinsta\"},\"image\":{\"@id\":\"https:\/\/kinsta.com\/it\/#\/schema\/logo\/image\/\"},\"sameAs\":[\"https:\/\/www.facebook.com\/kinstaitalia\/\",\"https:\/\/x.com\/Kinsta_IT\",\"https:\/\/www.instagram.com\/kinstahosting\/\",\"https:\/\/www.linkedin.com\/company\/kinsta\/\",\"https:\/\/www.pinterest.com\/kinstahosting\/\",\"https:\/\/www.youtube.com\/c\/Kinsta\"]}]}<\/script>\n<!-- \/ Yoast SEO Premium plugin. -->","yoast_head_json":{"title":"Accordo sul Livello del Servizio - Kinsta Hosting WordPress Gestito","description":"Kinsta Inc. fornisce un prodotto aziendale all\u2019avanguardia, ed \u00e8 lieto di supportarlo con questo Accordo sul Livello del Servizio (Service Level Agreement \u2013 SLA). Fate clic qui per maggiori dettagli.","robots":{"index":"index","follow":"follow","max-snippet":"max-snippet:-1","max-image-preview":"max-image-preview:large","max-video-preview":"max-video-preview:-1"},"canonical":"https:\/\/kinsta.com\/it\/note-legali\/accordo-livello-servizio\/","og_locale":"it_IT","og_type":"article","og_title":"Accordo sul Service Level Agreement (livello di servizio) di Kinsta Inc.","og_description":"Kinsta Inc. fornisce un prodotto aziendale all\u2019avanguardia, ed \u00e8 lieto di supportarlo con questo Accordo sul Livello del Servizio (Service Level Agreement \u2013 SLA). Fate clic qui per maggiori dettagli.","og_url":"https:\/\/kinsta.com\/it\/note-legali\/accordo-livello-servizio\/","og_site_name":"Kinsta\u00ae","article_publisher":"https:\/\/www.facebook.com\/kinstaitalia\/","article_modified_time":"2025-11-05T16:13:29+00:00","og_image":[{"width":1200,"height":628,"url":"https:\/\/kinsta.com\/it\/wp-content\/uploads\/sites\/2\/2023\/12\/IT-kinsta-homepage.png","type":"image\/png"}],"twitter_card":"summary_large_image","twitter_description":"Kinsta Inc. fornisce un prodotto aziendale all\u2019avanguardia, ed \u00e8 lieto di supportarlo con questo Accordo sul Livello del Servizio (Service Level Agreement \u2013 SLA). Fate clic qui per maggiori dettagli.","twitter_image":"https:\/\/kinsta.com\/it\/wp-content\/uploads\/sites\/2\/2023\/12\/IT-kinsta-homepage.png","twitter_site":"@Kinsta_IT","twitter_misc":{"Tempo di lettura stimato":"1 minuto"},"schema":{"@context":"https:\/\/schema.org","@graph":[{"@type":"WebPage","@id":"https:\/\/kinsta.com\/it\/note-legali\/accordo-livello-servizio\/","url":"https:\/\/kinsta.com\/it\/note-legali\/accordo-livello-servizio\/","name":"Accordo sul Livello del Servizio - Kinsta Hosting WordPress Gestito","isPartOf":{"@id":"https:\/\/kinsta.com\/it\/#website"},"datePublished":"2016-03-17T21:22:08+00:00","dateModified":"2025-11-05T16:13:29+00:00","description":"Kinsta Inc. fornisce un prodotto aziendale all\u2019avanguardia, ed \u00e8 lieto di supportarlo con questo Accordo sul Livello del Servizio (Service Level Agreement \u2013 SLA). Fate clic qui per maggiori dettagli.","breadcrumb":{"@id":"https:\/\/kinsta.com\/it\/note-legali\/accordo-livello-servizio\/#breadcrumb"},"inLanguage":"it-IT","potentialAction":[{"@type":"ReadAction","target":["https:\/\/kinsta.com\/it\/note-legali\/accordo-livello-servizio\/"]}]},{"@type":"BreadcrumbList","@id":"https:\/\/kinsta.com\/it\/note-legali\/accordo-livello-servizio\/#breadcrumb","itemListElement":[{"@type":"ListItem","position":1,"name":"Home","item":"https:\/\/kinsta.com\/it\/"},{"@type":"ListItem","position":2,"name":"Informazioni legali","item":"https:\/\/kinsta.com\/it\/note-legali\/"},{"@type":"ListItem","position":3,"name":"Accordo sul Service Level Agreement (livello di servizio) di Kinsta Inc."}]},{"@type":"WebSite","@id":"https:\/\/kinsta.com\/it\/#website","url":"https:\/\/kinsta.com\/it\/","name":"Kinsta\u00ae","description":"Soluzioni di hosting premium, veloci e sicure","publisher":{"@id":"https:\/\/kinsta.com\/it\/#organization"},"potentialAction":[{"@type":"SearchAction","target":{"@type":"EntryPoint","urlTemplate":"https:\/\/kinsta.com\/it\/?s={search_term_string}"},"query-input":{"@type":"PropertyValueSpecification","valueRequired":true,"valueName":"search_term_string"}}],"inLanguage":"it-IT"},{"@type":"Organization","@id":"https:\/\/kinsta.com\/it\/#organization","name":"Kinsta","url":"https:\/\/kinsta.com\/it\/","logo":{"@type":"ImageObject","inLanguage":"it-IT","@id":"https:\/\/kinsta.com\/it\/#\/schema\/logo\/image\/","url":"https:\/\/kinsta.com\/it\/wp-content\/uploads\/sites\/2\/2023\/12\/kinsta-logo.jpeg","contentUrl":"https:\/\/kinsta.com\/it\/wp-content\/uploads\/sites\/2\/2023\/12\/kinsta-logo.jpeg","width":500,"height":500,"caption":"Kinsta"},"image":{"@id":"https:\/\/kinsta.com\/it\/#\/schema\/logo\/image\/"},"sameAs":["https:\/\/www.facebook.com\/kinstaitalia\/","https:\/\/x.com\/Kinsta_IT","https:\/\/www.instagram.com\/kinstahosting\/","https:\/\/www.linkedin.com\/company\/kinsta\/","https:\/\/www.pinterest.com\/kinstahosting\/","https:\/\/www.youtube.com\/c\/Kinsta"]}]}},"acf":[],"_links":{"self":[{"href":"https:\/\/kinsta.com\/it\/wp-json\/wp\/v2\/pages\/4680","targetHints":{"allow":["GET"]}}],"collection":[{"href":"https:\/\/kinsta.com\/it\/wp-json\/wp\/v2\/pages"}],"about":[{"href":"https:\/\/kinsta.com\/it\/wp-json\/wp\/v2\/types\/page"}],"author":[{"embeddable":true,"href":"https:\/\/kinsta.com\/it\/wp-json\/wp\/v2\/users\/18"}],"replies":[{"embeddable":true,"href":"https:\/\/kinsta.com\/it\/wp-json\/wp\/v2\/comments?post=4680"}],"version-history":[{"count":15,"href":"https:\/\/kinsta.com\/it\/wp-json\/wp\/v2\/pages\/4680\/revisions"}],"predecessor-version":[{"id":82396,"href":"https:\/\/kinsta.com\/it\/wp-json\/wp\/v2\/pages\/4680\/revisions\/82396"}],"up":[{"embeddable":true,"href":"https:\/\/kinsta.com\/it\/wp-json\/wp\/v2\/pages\/4579"}],"alternate":[{"embeddable":true,"hreflang":"it","title":"Italian","href":"https:\/\/kinsta.com\/it\/wp-json\/kinsta\/v1\/posts\/4680\/translations\/it"},{"embeddable":true,"hreflang":"en","title":"English","href":"https:\/\/kinsta.com\/it\/wp-json\/kinsta\/v1\/posts\/4680\/translations\/en"},{"embeddable":true,"hreflang":"es","title":"Spanish","href":"https:\/\/kinsta.com\/it\/wp-json\/kinsta\/v1\/posts\/4680\/translations\/es"},{"embeddable":true,"hreflang":"de","title":"German","href":"https:\/\/kinsta.com\/it\/wp-json\/kinsta\/v1\/posts\/4680\/translations\/de"},{"embeddable":true,"hreflang":"fr","title":"French","href":"https:\/\/kinsta.com\/it\/wp-json\/kinsta\/v1\/posts\/4680\/translations\/fr"},{"embeddable":true,"hreflang":"pt","title":"Portuguese","href":"https:\/\/kinsta.com\/it\/wp-json\/kinsta\/v1\/posts\/4680\/translations\/pt"},{"embeddable":true,"hreflang":"nl","title":"Dutch","href":"https:\/\/kinsta.com\/it\/wp-json\/kinsta\/v1\/posts\/4680\/translations\/nl"},{"embeddable":true,"hreflang":"ja","title":"Japanese","href":"https:\/\/kinsta.com\/it\/wp-json\/kinsta\/v1\/posts\/4680\/translations\/jp"},{"href":"https:\/\/kinsta.com\/it\/wp-json\/kinsta\/v1\/posts\/4680\/tree"}],"wp:attachment":[{"href":"https:\/\/kinsta.com\/it\/wp-json\/wp\/v2\/media?parent=4680"}],"curies":[{"name":"wp","href":"https:\/\/api.w.org\/{rel}","templated":true}]}}