{"id":60802,"date":"2022-10-17T10:22:49","date_gmt":"2022-10-17T09:22:49","guid":{"rendered":"https:\/\/kinsta.com\/it\/?page_id=60802&#038;preview_id=60802"},"modified":"2023-08-15T07:40:09","modified_gmt":"2023-08-15T06:40:09","slug":"dichiarazione-di-accessibilita-web","status":"publish","type":"page","link":"https:\/\/kinsta.com\/it\/dichiarazione-di-accessibilita-web\/","title":{"rendered":"Dichiarazione di Accessibilit\u00e0 Web per Kinsta.com"},"content":{"rendered":"\n<p>Kinsta si impegna a fornire un sito web, un&#8217;applicazione mobile e altri contenuti digitali accessibili a tutti i clienti, compresi quelli con disabilit\u00e0. <\/p>\n\n\n\n<p>Abbiamo adottato le <a href=\"https:\/\/www.w3.org\/TR\/WCAG21\/\" target=\"_blank\" rel=\"noreferrer noopener\">Linee Guida per l&#8217;Accessibilit\u00e0 dei Contenuti Web (WCAG) 2.1<\/a> Livello AA come standard di accessibilit\u00e0 e lavoriamo costantemente per mantenere le nostre pagine web e le nostre applicazioni in sostanziale conformit\u00e0 con questo standard, oltre che per fornire la migliore esperienza utente possibile per tutti.<\/p>\n\n\n\n<h2 class=\"wp-block-heading\" id=\"h-feedback\">Feedback<\/h2>\n\n\n\n<p>Siamo lieti di ricevere i vostri commenti e rispondere alle vostre domande o dubbi sull&#8217;accessibilit\u00e0 dei nostri siti web, applicazioni mobili e altre risorse digitali.<\/p>\n\n\n\n<ul class=\"wp-block-list\">\n<li>Contattare: <a href=\"mailto:accessibility@kinsta.com\" target=\"_blank\" rel=\"noreferrer noopener\">accessibility@kinsta.com<\/a> <\/li>\n\n\n\n<li>Indirizzo postale: Kinsta Inc. 8605 Santa Monica Blvd #92581, West Hollywood, CA 90069<\/li>\n<\/ul>\n\n\n\n<p>Ci impegniamo a rispondere ai feedback entro 5 giorni lavorativi.<\/p>\n","protected":false},"excerpt":{"rendered":"<p>Kinsta si impegna a fornire un sito web, un&#8217;applicazione mobile e altri contenuti digitali accessibili a tutti i clienti, compresi quelli con disabilit\u00e0. Abbiamo adottato le &#8230;<\/p>\n","protected":false},"author":103,"featured_media":0,"parent":0,"menu_order":0,"comment_status":"closed","ping_status":"closed","template":"","meta":{"_kinsta_gated_content":false,"_kinsta_gated_content_redirect":"","footnotes":""},"class_list":["post-60802","page","type-page","status-publish","hentry"],"yoast_head":"<!-- This site is optimized with the Yoast SEO Premium plugin v24.6 (Yoast SEO v24.6) - https:\/\/yoast.com\/wordpress\/plugins\/seo\/ -->\n<title>Dichiarazione di Accessibilit\u00e0 Web per Kinsta.com - Kinsta\u00ae<\/title>\n<meta name=\"description\" content=\"Per saperne di pi\u00f9 sulla nostra Dichiarazione sull&#039;Accessibilit\u00e0 del Web e su come ci impegniamo a fornire contenuti digitali accessibili a tutti i clienti.\" \/>\n<meta name=\"robots\" content=\"index, follow, max-snippet:-1, max-image-preview:large, max-video-preview:-1\" \/>\n<link rel=\"canonical\" href=\"https:\/\/kinsta.com\/it\/dichiarazione-di-accessibilita-web\/\" \/>\n<meta property=\"og:locale\" content=\"it_IT\" \/>\n<meta property=\"og:type\" content=\"article\" \/>\n<meta property=\"og:title\" content=\"Dichiarazione di Accessibilit\u00e0 Web per Kinsta.com\" \/>\n<meta property=\"og:description\" content=\"Per saperne di pi\u00f9 sulla nostra Dichiarazione sull&#039;Accessibilit\u00e0 del Web e su come ci impegniamo a fornire contenuti digitali accessibili a tutti i clienti.\" \/>\n<meta property=\"og:url\" content=\"https:\/\/kinsta.com\/it\/dichiarazione-di-accessibilita-web\/\" \/>\n<meta property=\"og:site_name\" content=\"Kinsta\u00ae\" \/>\n<meta property=\"article:publisher\" content=\"https:\/\/www.facebook.com\/kinstaitalia\/\" \/>\n<meta property=\"article:modified_time\" content=\"2023-08-15T06:40:09+00:00\" \/>\n<meta property=\"og:image\" content=\"https:\/\/kinsta.com\/it\/wp-content\/uploads\/sites\/2\/2023\/12\/IT-kinsta-homepage.png\" \/>\n\t<meta property=\"og:image:width\" content=\"1200\" \/>\n\t<meta property=\"og:image:height\" content=\"628\" \/>\n\t<meta property=\"og:image:type\" content=\"image\/png\" \/>\n<meta name=\"twitter:card\" content=\"summary_large_image\" \/>\n<meta name=\"twitter:description\" content=\"Per saperne di pi\u00f9 sulla nostra Dichiarazione sull&#039;Accessibilit\u00e0 del Web e su come ci impegniamo a fornire contenuti digitali accessibili a tutti i clienti.\" \/>\n<meta name=\"twitter:image\" content=\"https:\/\/kinsta.com\/it\/wp-content\/uploads\/sites\/2\/2023\/12\/IT-kinsta-homepage.png\" \/>\n<meta name=\"twitter:site\" content=\"@Kinsta_IT\" \/>\n<meta name=\"twitter:label1\" content=\"Tempo di lettura stimato\" \/>\n\t<meta name=\"twitter:data1\" content=\"1 minuto\" \/>\n<script type=\"application\/ld+json\" class=\"yoast-schema-graph\">{\"@context\":\"https:\/\/schema.org\",\"@graph\":[{\"@type\":\"WebPage\",\"@id\":\"https:\/\/kinsta.com\/it\/dichiarazione-di-accessibilita-web\/\",\"url\":\"https:\/\/kinsta.com\/it\/dichiarazione-di-accessibilita-web\/\",\"name\":\"Dichiarazione di Accessibilit\u00e0 Web per Kinsta.com - Kinsta\u00ae\",\"isPartOf\":{\"@id\":\"https:\/\/kinsta.com\/it\/#website\"},\"datePublished\":\"2022-10-17T09:22:49+00:00\",\"dateModified\":\"2023-08-15T06:40:09+00:00\",\"description\":\"Per saperne di pi\u00f9 sulla nostra Dichiarazione sull'Accessibilit\u00e0 del Web e su come ci impegniamo a fornire contenuti digitali accessibili a tutti i clienti.\",\"breadcrumb\":{\"@id\":\"https:\/\/kinsta.com\/it\/dichiarazione-di-accessibilita-web\/#breadcrumb\"},\"inLanguage\":\"it-IT\",\"potentialAction\":[{\"@type\":\"ReadAction\",\"target\":[\"https:\/\/kinsta.com\/it\/dichiarazione-di-accessibilita-web\/\"]}]},{\"@type\":\"BreadcrumbList\",\"@id\":\"https:\/\/kinsta.com\/it\/dichiarazione-di-accessibilita-web\/#breadcrumb\",\"itemListElement\":[{\"@type\":\"ListItem\",\"position\":1,\"name\":\"Home\",\"item\":\"https:\/\/kinsta.com\/it\/\"},{\"@type\":\"ListItem\",\"position\":2,\"name\":\"Dichiarazione di Accessibilit\u00e0 Web per Kinsta.com\"}]},{\"@type\":\"WebSite\",\"@id\":\"https:\/\/kinsta.com\/it\/#website\",\"url\":\"https:\/\/kinsta.com\/it\/\",\"name\":\"Kinsta\u00ae\",\"description\":\"Soluzioni di hosting premium, veloci e sicure\",\"publisher\":{\"@id\":\"https:\/\/kinsta.com\/it\/#organization\"},\"potentialAction\":[{\"@type\":\"SearchAction\",\"target\":{\"@type\":\"EntryPoint\",\"urlTemplate\":\"https:\/\/kinsta.com\/it\/?s={search_term_string}\"},\"query-input\":{\"@type\":\"PropertyValueSpecification\",\"valueRequired\":true,\"valueName\":\"search_term_string\"}}],\"inLanguage\":\"it-IT\"},{\"@type\":\"Organization\",\"@id\":\"https:\/\/kinsta.com\/it\/#organization\",\"name\":\"Kinsta\",\"url\":\"https:\/\/kinsta.com\/it\/\",\"logo\":{\"@type\":\"ImageObject\",\"inLanguage\":\"it-IT\",\"@id\":\"https:\/\/kinsta.com\/it\/#\/schema\/logo\/image\/\",\"url\":\"https:\/\/kinsta.com\/it\/wp-content\/uploads\/sites\/2\/2023\/12\/kinsta-logo.jpeg\",\"contentUrl\":\"https:\/\/kinsta.com\/it\/wp-content\/uploads\/sites\/2\/2023\/12\/kinsta-logo.jpeg\",\"width\":500,\"height\":500,\"caption\":\"Kinsta\"},\"image\":{\"@id\":\"https:\/\/kinsta.com\/it\/#\/schema\/logo\/image\/\"},\"sameAs\":[\"https:\/\/www.facebook.com\/kinstaitalia\/\",\"https:\/\/x.com\/Kinsta_IT\",\"https:\/\/www.instagram.com\/kinstahosting\/\",\"https:\/\/www.linkedin.com\/company\/kinsta\/\",\"https:\/\/www.pinterest.com\/kinstahosting\/\",\"https:\/\/www.youtube.com\/c\/Kinsta\"]}]}<\/script>\n<!-- \/ Yoast SEO Premium plugin. -->","yoast_head_json":{"title":"Dichiarazione di Accessibilit\u00e0 Web per Kinsta.com - Kinsta\u00ae","description":"Per saperne di pi\u00f9 sulla nostra Dichiarazione sull'Accessibilit\u00e0 del Web e su come ci impegniamo a fornire contenuti digitali accessibili a tutti i clienti.","robots":{"index":"index","follow":"follow","max-snippet":"max-snippet:-1","max-image-preview":"max-image-preview:large","max-video-preview":"max-video-preview:-1"},"canonical":"https:\/\/kinsta.com\/it\/dichiarazione-di-accessibilita-web\/","og_locale":"it_IT","og_type":"article","og_title":"Dichiarazione di Accessibilit\u00e0 Web per Kinsta.com","og_description":"Per saperne di pi\u00f9 sulla nostra Dichiarazione sull'Accessibilit\u00e0 del Web e su come ci impegniamo a fornire contenuti digitali accessibili a tutti i clienti.","og_url":"https:\/\/kinsta.com\/it\/dichiarazione-di-accessibilita-web\/","og_site_name":"Kinsta\u00ae","article_publisher":"https:\/\/www.facebook.com\/kinstaitalia\/","article_modified_time":"2023-08-15T06:40:09+00:00","og_image":[{"width":1200,"height":628,"url":"https:\/\/kinsta.com\/it\/wp-content\/uploads\/sites\/2\/2023\/12\/IT-kinsta-homepage.png","type":"image\/png"}],"twitter_card":"summary_large_image","twitter_description":"Per saperne di pi\u00f9 sulla nostra Dichiarazione sull'Accessibilit\u00e0 del Web e su come ci impegniamo a fornire contenuti digitali accessibili a tutti i clienti.","twitter_image":"https:\/\/kinsta.com\/it\/wp-content\/uploads\/sites\/2\/2023\/12\/IT-kinsta-homepage.png","twitter_site":"@Kinsta_IT","twitter_misc":{"Tempo di lettura stimato":"1 minuto"},"schema":{"@context":"https:\/\/schema.org","@graph":[{"@type":"WebPage","@id":"https:\/\/kinsta.com\/it\/dichiarazione-di-accessibilita-web\/","url":"https:\/\/kinsta.com\/it\/dichiarazione-di-accessibilita-web\/","name":"Dichiarazione di Accessibilit\u00e0 Web per Kinsta.com - Kinsta\u00ae","isPartOf":{"@id":"https:\/\/kinsta.com\/it\/#website"},"datePublished":"2022-10-17T09:22:49+00:00","dateModified":"2023-08-15T06:40:09+00:00","description":"Per saperne di pi\u00f9 sulla nostra Dichiarazione sull'Accessibilit\u00e0 del Web e su come ci impegniamo a fornire contenuti digitali accessibili a tutti i clienti.","breadcrumb":{"@id":"https:\/\/kinsta.com\/it\/dichiarazione-di-accessibilita-web\/#breadcrumb"},"inLanguage":"it-IT","potentialAction":[{"@type":"ReadAction","target":["https:\/\/kinsta.com\/it\/dichiarazione-di-accessibilita-web\/"]}]},{"@type":"BreadcrumbList","@id":"https:\/\/kinsta.com\/it\/dichiarazione-di-accessibilita-web\/#breadcrumb","itemListElement":[{"@type":"ListItem","position":1,"name":"Home","item":"https:\/\/kinsta.com\/it\/"},{"@type":"ListItem","position":2,"name":"Dichiarazione di Accessibilit\u00e0 Web per Kinsta.com"}]},{"@type":"WebSite","@id":"https:\/\/kinsta.com\/it\/#website","url":"https:\/\/kinsta.com\/it\/","name":"Kinsta\u00ae","description":"Soluzioni di hosting premium, veloci e sicure","publisher":{"@id":"https:\/\/kinsta.com\/it\/#organization"},"potentialAction":[{"@type":"SearchAction","target":{"@type":"EntryPoint","urlTemplate":"https:\/\/kinsta.com\/it\/?s={search_term_string}"},"query-input":{"@type":"PropertyValueSpecification","valueRequired":true,"valueName":"search_term_string"}}],"inLanguage":"it-IT"},{"@type":"Organization","@id":"https:\/\/kinsta.com\/it\/#organization","name":"Kinsta","url":"https:\/\/kinsta.com\/it\/","logo":{"@type":"ImageObject","inLanguage":"it-IT","@id":"https:\/\/kinsta.com\/it\/#\/schema\/logo\/image\/","url":"https:\/\/kinsta.com\/it\/wp-content\/uploads\/sites\/2\/2023\/12\/kinsta-logo.jpeg","contentUrl":"https:\/\/kinsta.com\/it\/wp-content\/uploads\/sites\/2\/2023\/12\/kinsta-logo.jpeg","width":500,"height":500,"caption":"Kinsta"},"image":{"@id":"https:\/\/kinsta.com\/it\/#\/schema\/logo\/image\/"},"sameAs":["https:\/\/www.facebook.com\/kinstaitalia\/","https:\/\/x.com\/Kinsta_IT","https:\/\/www.instagram.com\/kinstahosting\/","https:\/\/www.linkedin.com\/company\/kinsta\/","https:\/\/www.pinterest.com\/kinstahosting\/","https:\/\/www.youtube.com\/c\/Kinsta"]}]}},"acf":[],"_links":{"self":[{"href":"https:\/\/kinsta.com\/it\/wp-json\/wp\/v2\/pages\/60802","targetHints":{"allow":["GET"]}}],"collection":[{"href":"https:\/\/kinsta.com\/it\/wp-json\/wp\/v2\/pages"}],"about":[{"href":"https:\/\/kinsta.com\/it\/wp-json\/wp\/v2\/types\/page"}],"author":[{"embeddable":true,"href":"https:\/\/kinsta.com\/it\/wp-json\/wp\/v2\/users\/103"}],"replies":[{"embeddable":true,"href":"https:\/\/kinsta.com\/it\/wp-json\/wp\/v2\/comments?post=60802"}],"version-history":[{"count":4,"href":"https:\/\/kinsta.com\/it\/wp-json\/wp\/v2\/pages\/60802\/revisions"}],"predecessor-version":[{"id":72283,"href":"https:\/\/kinsta.com\/it\/wp-json\/wp\/v2\/pages\/60802\/revisions\/72283"}],"alternate":[{"embeddable":true,"hreflang":"en","title":"English","href":"https:\/\/kinsta.com\/it\/wp-json\/kinsta\/v1\/posts\/60802\/translations\/en"},{"embeddable":true,"hreflang":"it","title":"Italian","href":"https:\/\/kinsta.com\/it\/wp-json\/kinsta\/v1\/posts\/60802\/translations\/it"},{"embeddable":true,"hreflang":"pt","title":"Portuguese","href":"https:\/\/kinsta.com\/it\/wp-json\/kinsta\/v1\/posts\/60802\/translations\/pt"},{"embeddable":true,"hreflang":"fr","title":"French","href":"https:\/\/kinsta.com\/it\/wp-json\/kinsta\/v1\/posts\/60802\/translations\/fr"},{"embeddable":true,"hreflang":"de","title":"German","href":"https:\/\/kinsta.com\/it\/wp-json\/kinsta\/v1\/posts\/60802\/translations\/de"},{"embeddable":true,"hreflang":"ja","title":"Japanese","href":"https:\/\/kinsta.com\/it\/wp-json\/kinsta\/v1\/posts\/60802\/translations\/jp"},{"embeddable":true,"hreflang":"nl","title":"Dutch","href":"https:\/\/kinsta.com\/it\/wp-json\/kinsta\/v1\/posts\/60802\/translations\/nl"},{"embeddable":true,"hreflang":"es","title":"Spanish","href":"https:\/\/kinsta.com\/it\/wp-json\/kinsta\/v1\/posts\/60802\/translations\/es"},{"embeddable":true,"hreflang":"sv","title":"Swedish","href":"https:\/\/kinsta.com\/it\/wp-json\/kinsta\/v1\/posts\/60802\/translations\/se"},{"embeddable":true,"hreflang":"da","title":"Danish","href":"https:\/\/kinsta.com\/it\/wp-json\/kinsta\/v1\/posts\/60802\/translations\/dk"},{"href":"https:\/\/kinsta.com\/it\/wp-json\/kinsta\/v1\/posts\/60802\/tree"}],"wp:attachment":[{"href":"https:\/\/kinsta.com\/it\/wp-json\/wp\/v2\/media?parent=60802"}],"curies":[{"name":"wp","href":"https:\/\/api.w.org\/{rel}","templated":true}]}}