{"id":72137,"date":"2023-08-09T10:04:40","date_gmt":"2023-08-09T09:04:40","guid":{"rendered":"https:\/\/kinsta.com\/it\/?page_id=72137&#038;preview_id=72137"},"modified":"2024-06-21T09:49:15","modified_gmt":"2024-06-21T08:49:15","slug":"termini-referral","status":"publish","type":"page","link":"https:\/\/kinsta.com\/it\/note-legali\/termini-referral\/","title":{"rendered":"Termini e Condizioni del Programma Referral per i clienti"},"content":{"rendered":"<aside role=\"note\" class=\"wp-block-kinsta-notice is-style-plain\">\n        <p>Questa \u00e8 la traduzione in italiano della sezione legale originale in lingua inglese. Si noti che, sebbene poniamo la massima attenzione per essere certi che il testo che segue sia conforme all\u2019originale, nel caso di qualsiasi discordanza tra le due versioni, prevale la versione in lingua inglese disponibile all&#8217;indirizzo <a href=\"https:\/\/kinsta.com\/legal\/referral-terms\/\" rel=\"noopener noreferrer\" data-no-translate>https:\/\/kinsta.com\/legal\/referral-terms\/<\/a>.<\/p>\n<\/aside>\n\n\n\n\n<p>Aggiornato il: 7 agosto 2023<\/p>\n\n\n\n<h2 class=\"wp-block-heading\" id=\"h-1-introduzione-ambito-di-applicazione-requisiti\">1. Introduzione; Ambito di applicazione; Requisiti.<\/h2>\n\n\n\n<ol start=\"1\" class=\"is-style-lower-alpha wp-block-list\">\n<li>I presenti Termini e condizioni del Programma Referral per i clienti (&#8220;<strong>Termini<\/strong>&#8220;) disciplinano il Programma Referral per i clienti di Kinsta (&#8220;<strong>Programma Referral<\/strong>&#8220;), in base al quale i Clienti attivi possono ricevere crediti per il proprio Piano di hosting in cambio della segnalazione di un nuovo cliente a Kinsta (&#8220;<strong>Crediti Referral<\/strong>&#8220;). Partecipando al Programma Referral in qualsiasi modo o utilizzando i Crediti Referral, l&#8217;utente accetta i presenti Termini.<\/li>\n\n\n\n<li>I presenti Termini integrano i <a href=\"https:\/\/kinsta.com\/it\/note-legali\/termini-di-servizio\/\">Termini di Servizio<\/a> (&#8220;<strong>ToS<\/strong>&#8220;) e i riferimenti al termine &#8220;Servizi&#8221; nei ToS devono essere interpretati in modo da includere la partecipazione del Cliente al Programma Referral, se applicabile.  I termini in maiuscolo che non sono definiti nei presenti Termini avranno il significato previsto nei ToS. In caso di conflitto tra i presenti Termini e i ToS, prevalgono le disposizioni dei presenti Termini, ma solo per quanto riguarda la partecipazione al Programma Referral.<\/li>\n\n\n\n<li>Ulteriori informazioni relative al Programma Referral, tra cui le modalit\u00e0 di partecipazione, le modalit\u00e0 di accumulo dei Crediti Referral, i tempi e gli importi dei Crediti Referral, sono disponibili su <a href=\"https:\/\/kinsta.com\/it\/docs\/informazioni-sul-servizio\/domande-frequenti-sui-referral\/\">https:\/\/kinsta.com\/docs\/service-information\/referrals-faq\/<\/a> (&#8220;<strong>Pagina informativa<\/strong>&#8220;) che pu\u00f2 essere aggiornata in qualsiasi momento a esclusiva discrezione di Kinsta. In caso di conflitto tra i presenti Termini e la Pagina informativa, prevalgono le disposizioni dei presenti Termini.<\/li>\n\n\n\n<li>Ci riserviamo il diritto di apportare modifiche ai presenti Termini in qualsiasi momento. Le modifiche saranno comunicate mediante la revisione della data riportata all&#8217;inizio dei presenti Termini. La partecipazione al Programma Referral in seguito a qualsiasi modifica dei presenti Termini costituir\u00e0 l&#8217;accettazione di tali modifiche.<\/li>\n\n\n\n<li>Qualsiasi cliente con un piano di hosting MyKinsta attivo pu\u00f2 partecipare al Programma Referral.<\/li>\n<\/ol>\n\n\n\n<h2 class=\"wp-block-heading\" id=\"h-2-crediti-referral\">2. Crediti Referral.<\/h2>\n\n\n\n<ol start=\"1\" class=\"is-style-lower-alpha wp-block-list\">\n<li>I Crediti Referral saranno applicati per compensare le Spese ammissibili sostenute per il Piano di Hosting del cliente. Non \u00e8 possibile vendere, concedere in licenza, affittare o trasferire in altro modo un Credito Referral. I Crediti Referral non hanno alcun valore intrinseco o in denaro, non sono riscattabili in denaro e non sono rimborsabili.<\/li>\n\n\n\n<li>Qualsiasi Credito Referral non utilizzato viene perso e annullato (i) alla cessazione del Piano di Hosting o (ii) in caso di frode o abuso, o di violazione dei ToS, dei presenti Termini o di qualsiasi altra legge, termine, politica o istruzione applicabile. <\/li>\n\n\n\n<li>Kinsta si riserva il diritto di addebitare al Piano di Hosting o di ottenere il rimborso dell&#8217;importo dei Crediti Referral utilizzati che sono stati ottenuti in modo fraudolento, illegale o improprio o altrimenti non autorizzato. <\/li>\n\n\n\n<li>I Crediti Referral saranno applicati a un solo Cliente per ogni referral. Le controversie su quale Cliente o altra terza parte debba ricevere un Credito Referral saranno risolte a esclusiva discrezione di Kinsta.<\/li>\n\n\n\n<li>Kinsta non \u00e8 responsabile dei cookie di tracciamento del Programma Referral che siano stati cancellati intenzionalmente o meno. Non verr\u00e0 corrisposto alcun Credito Referral per errori di tracciamento di qualsiasi tipo.<\/li>\n\n\n\n<li>L&#8217;utente \u00e8 l&#8217;unico responsabile di eventuali obblighi fiscali in relazione al ricevimento e all&#8217;utilizzo dei Crediti Referral.<\/li>\n\n\n\n<li>I Referral di Servizi Beta, hosting di siti statici o altri Servizi gratuiti non sono validi per i Crediti Referral.<\/li>\n<\/ol>\n\n\n\n<h2 class=\"wp-block-heading\" id=\"h-3-metodi-e-restrizioni-promozionali\">3. Metodi e restrizioni promozionali.<\/h2>\n\n\n\n<ol start=\"1\" class=\"is-style-lower-alpha wp-block-list\">\n<li>Il Cliente \u00e8 responsabile di qualsiasi contenuto utilizzato dal Cliente per promuovere Kinsta in relazione al Programma Referral (&#8220;<strong>Contenuto Promozionale<\/strong>&#8220;). I Contenuti Promozionali possono includere versioni autorizzate dei marchi e dei loghi di Kinsta in conformit\u00e0 con <a href=\"https:\/\/kinsta.com\/it\/stampa\/\">https:\/\/kinsta.com\/press<\/a>.<\/li>\n\n\n\n<li>Il Cliente si conformer\u00e0 prontamente alle istruzioni di Kinsta per modificare o rimuovere i Contenuti Promozionali.<\/li>\n\n\n\n<li>I Contenuti promozionali dovranno essere conformi alle <a href=\"https:\/\/www.ftc.gov\/business-guidance\/advertising-marketing\/endorsements-influencers-reviews\">regole di approvazione della Federal Trade Commission (FTC)<\/a> e a qualsiasi altra legge applicabile, compresa la notifica che il Cliente pu\u00f2 ricevere un credito di riferimento.<\/li>\n\n\n\n<li>I Contenuti Promozionali non dovranno:\n<ol class=\"wp-block-list\">\n<li>Travisare in alcun modo i Servizi, compresi i prezzi, i piani, gli sconti o le funzionalit\u00e0;<\/li>\n\n\n\n<li>Offrire o fornire garanzie, incentivi, premi o indennit\u00e0, ad eccezione di quanto stabilito nei nostri ToS o approvato per iscritto da Kinsta;<\/li>\n\n\n\n<li>Discriminare Kinsta e i suoi rappresentanti, i Servizi o il Programma Referral;<\/li>\n\n\n\n<li>Utilizzare metodi pubblicitari illegali o di spam;<\/li>\n\n\n\n<li>Competere o interferire con gli sforzi pubblicitari diretti di Kinsta. Di tanto in tanto Kinsta pu\u00f2 decidere di impegnarsi nella pubblicit\u00e0 diretta online. Il Cliente non potr\u00e0 inserire annunci pubblicitari che abbiano come obiettivo i marchi di fabbrica e di servizio di Kinsta o inserire annunci pubblicitari che in qualche modo pubblicizzino o mostrino i marchi di fabbrica o di servizio di Kinsta. Ci\u00f2 significa, tra l&#8217;altro, che il Cliente non potr\u00e0 fare offerte (per quanto riguarda la pubblicit\u00e0 online, incluse, a titolo esemplificativo ma non esaustivo, campagne Pay per Click o Pay per Impression) su parole o frasi chiave che contengano marchi di fabbrica, marchi di servizio, marchi registrati o URL registrati di Kinsta, o su variazioni, abbreviazioni o errori ortografici degli stessi;<\/li>\n\n\n\n<li>Inviare traffico a Kinsta tramite pay to read, pay to click, scambi di banner, scambi di click, pubblicit\u00e0 PPC, pop-up\/under, comunicati stampa o metodi simili;<\/li>\n\n\n\n<li>Utilizzare iframe o qualsiasi altra tecnica o tecnologia per aggiungere il cookie di tracciamento dei clienti a un referral con qualsiasi mezzo diverso da un effettivo click-through;<\/li>\n\n\n\n<li>Utilizzare tecniche di occultamento o mascheramento con il proprio link di riferimento;<\/li>\n\n\n\n<li>Mostrare Kinsta.com, &#8220;Kinsta&#8221;, i loghi o i nomi commerciali di Kinsta o qualsiasi variazione, abbreviazione o storpiatura degli stessi in qualsiasi nome di dominio o sottodominio, profilo sui social media o come parte del nome o della descrizione di qualsiasi altra presenza online o offline. Per chiarezza, \u00e8 accettabile che &#8220;kinsta&#8221; compaia nella porzione di percorso di un URL di una pagina dell&#8217;Applicazione di un Cliente. Ad esempio, &#8220;Sito web del cliente-dominio[.]com[\/]kinsta-review&#8221; \u00e8 accettabile (includendo &#8220;kinsta&#8221; nel percorso dell&#8217;URL), ma &#8220;kinsta-review-site[.]com&#8221; non \u00e8 accettabile (includendo &#8220;kinsta&#8221; nel dominio);<\/li>\n\n\n\n<li>Fare riferimento a qualsiasi sconto offerto da Kinsta come codici coupon, offerte, sconti stagionali o sconti esclusivi;<\/li>\n\n\n\n<li>Inserire link a Kinsta o fare riferimento a Kinsta in qualsiasi modo su siti web di coupon;<\/li>\n\n\n\n<li>Promuovere Kinsta come parte di programmi di incentivazione o di altri schemi di terze parti in cui vengono offerti incentivi speciali (ad esempio, premi, sconti, cashback, ecc.) al fine di attrarre e fidelizzare i clienti;<\/li>\n\n\n\n<li>Effettuare un auto-referral o segnalare se stessi in qualsiasi modo. Ci\u00f2 include la segnalazione di qualsiasi operazione o sito web in cui il Cliente abbia un interesse di controllo, di propriet\u00e0 o di equit\u00e0.<\/li>\n<\/ol>\n<\/li>\n<\/ol>\n\n\n\n<h2 class=\"wp-block-heading\" id=\"h-4-rimedio-esclusivo\">4. Rimedio esclusivo.<\/h2>\n\n\n\n<p>Senza limitare qualsiasi altra disposizione dei presenti Termini o dei ToS, l&#8217;unico ed esclusivo rimedio del Cliente per qualsiasi reclamo o controversia derivante da o in relazione al Programma Referral sar\u00e0 l&#8217;applicazione dei Crediti Referral validi e non utilizzati del Cliente al suo Piano di hosting attivo.<\/p>\n","protected":false},"excerpt":{"rendered":"<p>Aggiornato il: 7 agosto 2023 1. Introduzione; Ambito di applicazione; Requisiti. 2. Crediti Referral. 3. Metodi e restrizioni promozionali. 4. Rimedio esclusivo. Senza limitare qualsiasi altra &#8230;<\/p>\n","protected":false},"author":230,"featured_media":0,"parent":4579,"menu_order":0,"comment_status":"closed","ping_status":"closed","template":"templates\/template-article.php","meta":{"_kinsta_gated_content":false,"_kinsta_gated_content_redirect":"","footnotes":""},"class_list":["post-72137","page","type-page","status-publish","hentry"],"yoast_head":"<!-- This site is optimized with the Yoast SEO Premium plugin v24.6 (Yoast SEO v24.6) - https:\/\/yoast.com\/wordpress\/plugins\/seo\/ -->\n<title>Termini e Condizioni del Programma Referral per i clienti - Kinsta\u00ae<\/title>\n<meta name=\"robots\" content=\"index, follow, max-snippet:-1, max-image-preview:large, max-video-preview:-1\" \/>\n<link rel=\"canonical\" href=\"https:\/\/kinsta.com\/it\/note-legali\/termini-referral\/\" \/>\n<meta property=\"og:locale\" content=\"it_IT\" \/>\n<meta property=\"og:type\" content=\"article\" \/>\n<meta property=\"og:title\" content=\"Termini e Condizioni del Programma Referral per i clienti\" \/>\n<meta property=\"og:url\" content=\"https:\/\/kinsta.com\/it\/note-legali\/termini-referral\/\" \/>\n<meta property=\"og:site_name\" content=\"Kinsta\u00ae\" \/>\n<meta property=\"article:publisher\" content=\"https:\/\/www.facebook.com\/kinstaitalia\/\" \/>\n<meta property=\"article:modified_time\" content=\"2024-06-21T08:49:15+00:00\" \/>\n<meta property=\"og:image\" content=\"https:\/\/kinsta.com\/it\/wp-content\/uploads\/sites\/2\/2023\/12\/IT-kinsta-homepage.png\" \/>\n\t<meta property=\"og:image:width\" content=\"1200\" \/>\n\t<meta property=\"og:image:height\" content=\"628\" \/>\n\t<meta property=\"og:image:type\" content=\"image\/png\" \/>\n<meta name=\"twitter:card\" content=\"summary_large_image\" \/>\n<meta name=\"twitter:image\" content=\"https:\/\/kinsta.com\/it\/wp-content\/uploads\/sites\/2\/2023\/12\/IT-kinsta-homepage.png\" \/>\n<meta name=\"twitter:site\" content=\"@Kinsta_IT\" \/>\n<meta name=\"twitter:label1\" content=\"Tempo di lettura stimato\" \/>\n\t<meta name=\"twitter:data1\" content=\"7 minuti\" \/>\n<script type=\"application\/ld+json\" class=\"yoast-schema-graph\">{\"@context\":\"https:\/\/schema.org\",\"@graph\":[{\"@type\":\"WebPage\",\"@id\":\"https:\/\/kinsta.com\/it\/note-legali\/termini-referral\/\",\"url\":\"https:\/\/kinsta.com\/it\/note-legali\/termini-referral\/\",\"name\":\"Termini e Condizioni del Programma Referral per i clienti - Kinsta\u00ae\",\"isPartOf\":{\"@id\":\"https:\/\/kinsta.com\/it\/#website\"},\"datePublished\":\"2023-08-09T09:04:40+00:00\",\"dateModified\":\"2024-06-21T08:49:15+00:00\",\"breadcrumb\":{\"@id\":\"https:\/\/kinsta.com\/it\/note-legali\/termini-referral\/#breadcrumb\"},\"inLanguage\":\"it-IT\",\"potentialAction\":[{\"@type\":\"ReadAction\",\"target\":[\"https:\/\/kinsta.com\/it\/note-legali\/termini-referral\/\"]}]},{\"@type\":\"BreadcrumbList\",\"@id\":\"https:\/\/kinsta.com\/it\/note-legali\/termini-referral\/#breadcrumb\",\"itemListElement\":[{\"@type\":\"ListItem\",\"position\":1,\"name\":\"Home\",\"item\":\"https:\/\/kinsta.com\/it\/\"},{\"@type\":\"ListItem\",\"position\":2,\"name\":\"Informazioni legali\",\"item\":\"https:\/\/kinsta.com\/it\/note-legali\/\"},{\"@type\":\"ListItem\",\"position\":3,\"name\":\"Termini e Condizioni del Programma Referral per i clienti\"}]},{\"@type\":\"WebSite\",\"@id\":\"https:\/\/kinsta.com\/it\/#website\",\"url\":\"https:\/\/kinsta.com\/it\/\",\"name\":\"Kinsta\u00ae\",\"description\":\"Soluzioni di hosting premium, veloci e sicure\",\"publisher\":{\"@id\":\"https:\/\/kinsta.com\/it\/#organization\"},\"potentialAction\":[{\"@type\":\"SearchAction\",\"target\":{\"@type\":\"EntryPoint\",\"urlTemplate\":\"https:\/\/kinsta.com\/it\/?s={search_term_string}\"},\"query-input\":{\"@type\":\"PropertyValueSpecification\",\"valueRequired\":true,\"valueName\":\"search_term_string\"}}],\"inLanguage\":\"it-IT\"},{\"@type\":\"Organization\",\"@id\":\"https:\/\/kinsta.com\/it\/#organization\",\"name\":\"Kinsta\",\"url\":\"https:\/\/kinsta.com\/it\/\",\"logo\":{\"@type\":\"ImageObject\",\"inLanguage\":\"it-IT\",\"@id\":\"https:\/\/kinsta.com\/it\/#\/schema\/logo\/image\/\",\"url\":\"https:\/\/kinsta.com\/it\/wp-content\/uploads\/sites\/2\/2023\/12\/kinsta-logo.jpeg\",\"contentUrl\":\"https:\/\/kinsta.com\/it\/wp-content\/uploads\/sites\/2\/2023\/12\/kinsta-logo.jpeg\",\"width\":500,\"height\":500,\"caption\":\"Kinsta\"},\"image\":{\"@id\":\"https:\/\/kinsta.com\/it\/#\/schema\/logo\/image\/\"},\"sameAs\":[\"https:\/\/www.facebook.com\/kinstaitalia\/\",\"https:\/\/x.com\/Kinsta_IT\",\"https:\/\/www.instagram.com\/kinstahosting\/\",\"https:\/\/www.linkedin.com\/company\/kinsta\/\",\"https:\/\/www.pinterest.com\/kinstahosting\/\",\"https:\/\/www.youtube.com\/c\/Kinsta\"]}]}<\/script>\n<!-- \/ Yoast SEO Premium plugin. -->","yoast_head_json":{"title":"Termini e Condizioni del Programma Referral per i clienti - Kinsta\u00ae","robots":{"index":"index","follow":"follow","max-snippet":"max-snippet:-1","max-image-preview":"max-image-preview:large","max-video-preview":"max-video-preview:-1"},"canonical":"https:\/\/kinsta.com\/it\/note-legali\/termini-referral\/","og_locale":"it_IT","og_type":"article","og_title":"Termini e Condizioni del Programma Referral per i clienti","og_url":"https:\/\/kinsta.com\/it\/note-legali\/termini-referral\/","og_site_name":"Kinsta\u00ae","article_publisher":"https:\/\/www.facebook.com\/kinstaitalia\/","article_modified_time":"2024-06-21T08:49:15+00:00","og_image":[{"width":1200,"height":628,"url":"https:\/\/kinsta.com\/it\/wp-content\/uploads\/sites\/2\/2023\/12\/IT-kinsta-homepage.png","type":"image\/png"}],"twitter_card":"summary_large_image","twitter_image":"https:\/\/kinsta.com\/it\/wp-content\/uploads\/sites\/2\/2023\/12\/IT-kinsta-homepage.png","twitter_site":"@Kinsta_IT","twitter_misc":{"Tempo di lettura stimato":"7 minuti"},"schema":{"@context":"https:\/\/schema.org","@graph":[{"@type":"WebPage","@id":"https:\/\/kinsta.com\/it\/note-legali\/termini-referral\/","url":"https:\/\/kinsta.com\/it\/note-legali\/termini-referral\/","name":"Termini e Condizioni del Programma Referral per i clienti - Kinsta\u00ae","isPartOf":{"@id":"https:\/\/kinsta.com\/it\/#website"},"datePublished":"2023-08-09T09:04:40+00:00","dateModified":"2024-06-21T08:49:15+00:00","breadcrumb":{"@id":"https:\/\/kinsta.com\/it\/note-legali\/termini-referral\/#breadcrumb"},"inLanguage":"it-IT","potentialAction":[{"@type":"ReadAction","target":["https:\/\/kinsta.com\/it\/note-legali\/termini-referral\/"]}]},{"@type":"BreadcrumbList","@id":"https:\/\/kinsta.com\/it\/note-legali\/termini-referral\/#breadcrumb","itemListElement":[{"@type":"ListItem","position":1,"name":"Home","item":"https:\/\/kinsta.com\/it\/"},{"@type":"ListItem","position":2,"name":"Informazioni legali","item":"https:\/\/kinsta.com\/it\/note-legali\/"},{"@type":"ListItem","position":3,"name":"Termini e Condizioni del Programma Referral per i clienti"}]},{"@type":"WebSite","@id":"https:\/\/kinsta.com\/it\/#website","url":"https:\/\/kinsta.com\/it\/","name":"Kinsta\u00ae","description":"Soluzioni di hosting premium, veloci e sicure","publisher":{"@id":"https:\/\/kinsta.com\/it\/#organization"},"potentialAction":[{"@type":"SearchAction","target":{"@type":"EntryPoint","urlTemplate":"https:\/\/kinsta.com\/it\/?s={search_term_string}"},"query-input":{"@type":"PropertyValueSpecification","valueRequired":true,"valueName":"search_term_string"}}],"inLanguage":"it-IT"},{"@type":"Organization","@id":"https:\/\/kinsta.com\/it\/#organization","name":"Kinsta","url":"https:\/\/kinsta.com\/it\/","logo":{"@type":"ImageObject","inLanguage":"it-IT","@id":"https:\/\/kinsta.com\/it\/#\/schema\/logo\/image\/","url":"https:\/\/kinsta.com\/it\/wp-content\/uploads\/sites\/2\/2023\/12\/kinsta-logo.jpeg","contentUrl":"https:\/\/kinsta.com\/it\/wp-content\/uploads\/sites\/2\/2023\/12\/kinsta-logo.jpeg","width":500,"height":500,"caption":"Kinsta"},"image":{"@id":"https:\/\/kinsta.com\/it\/#\/schema\/logo\/image\/"},"sameAs":["https:\/\/www.facebook.com\/kinstaitalia\/","https:\/\/x.com\/Kinsta_IT","https:\/\/www.instagram.com\/kinstahosting\/","https:\/\/www.linkedin.com\/company\/kinsta\/","https:\/\/www.pinterest.com\/kinstahosting\/","https:\/\/www.youtube.com\/c\/Kinsta"]}]}},"acf":[],"_links":{"self":[{"href":"https:\/\/kinsta.com\/it\/wp-json\/wp\/v2\/pages\/72137","targetHints":{"allow":["GET"]}}],"collection":[{"href":"https:\/\/kinsta.com\/it\/wp-json\/wp\/v2\/pages"}],"about":[{"href":"https:\/\/kinsta.com\/it\/wp-json\/wp\/v2\/types\/page"}],"author":[{"embeddable":true,"href":"https:\/\/kinsta.com\/it\/wp-json\/wp\/v2\/users\/230"}],"replies":[{"embeddable":true,"href":"https:\/\/kinsta.com\/it\/wp-json\/wp\/v2\/comments?post=72137"}],"version-history":[{"count":7,"href":"https:\/\/kinsta.com\/it\/wp-json\/wp\/v2\/pages\/72137\/revisions"}],"predecessor-version":[{"id":78102,"href":"https:\/\/kinsta.com\/it\/wp-json\/wp\/v2\/pages\/72137\/revisions\/78102"}],"up":[{"embeddable":true,"href":"https:\/\/kinsta.com\/it\/wp-json\/wp\/v2\/pages\/4579"}],"alternate":[{"embeddable":true,"hreflang":"en","title":"English","href":"https:\/\/kinsta.com\/it\/wp-json\/kinsta\/v1\/posts\/72137\/translations\/en"},{"embeddable":true,"hreflang":"it","title":"Italian","href":"https:\/\/kinsta.com\/it\/wp-json\/kinsta\/v1\/posts\/72137\/translations\/it"},{"embeddable":true,"hreflang":"pt","title":"Portuguese","href":"https:\/\/kinsta.com\/it\/wp-json\/kinsta\/v1\/posts\/72137\/translations\/pt"},{"embeddable":true,"hreflang":"fr","title":"French","href":"https:\/\/kinsta.com\/it\/wp-json\/kinsta\/v1\/posts\/72137\/translations\/fr"},{"embeddable":true,"hreflang":"de","title":"German","href":"https:\/\/kinsta.com\/it\/wp-json\/kinsta\/v1\/posts\/72137\/translations\/de"},{"embeddable":true,"hreflang":"ja","title":"Japanese","href":"https:\/\/kinsta.com\/it\/wp-json\/kinsta\/v1\/posts\/72137\/translations\/jp"},{"embeddable":true,"hreflang":"nl","title":"Dutch","href":"https:\/\/kinsta.com\/it\/wp-json\/kinsta\/v1\/posts\/72137\/translations\/nl"},{"embeddable":true,"hreflang":"es","title":"Spanish","href":"https:\/\/kinsta.com\/it\/wp-json\/kinsta\/v1\/posts\/72137\/translations\/es"},{"href":"https:\/\/kinsta.com\/it\/wp-json\/kinsta\/v1\/posts\/72137\/tree"}],"wp:attachment":[{"href":"https:\/\/kinsta.com\/it\/wp-json\/wp\/v2\/media?parent=72137"}],"curies":[{"name":"wp","href":"https:\/\/api.w.org\/{rel}","templated":true}]}}