{"id":41218,"date":"2021-01-15T06:00:35","date_gmt":"2021-01-15T14:00:35","guid":{"rendered":"https:\/\/kinsta.com\/?page_id=85392"},"modified":"2025-05-21T14:34:23","modified_gmt":"2025-05-21T17:34:23","slug":"caracteristicas","status":"publish","type":"page","link":"https:\/\/kinsta.com\/pt\/devkinsta\/caracteristicas\/","title":{"rendered":"Caracter\u00edsticas DevKinsta"},"content":{"rendered":"\n<header class=\"wp-block-kinsta-hero-title is-style-center-screenshot alignfull\"><div class=\"wp-block-kinsta-hero-title__inner\">\n<div class=\"wp-block-kinsta-columns is-vertical-center\">\n<div class=\"wp-block-kinsta-column wp-block-kinsta-columns__column\">\n<div class=\"wp-block-kinsta-hero-title-content wp-block-kinsta-hero-title__content\"><h1 class=\"wp-block-kinsta-hero-title__title\"><span class=\"wp-block-kinsta-hero-title__title__text\">Caracter\u00edsticas DevKinsta<\/span><\/h1>\n<p>DevKinsta \u00e9 um conjunto gratuito de ferramentas de desenvolvimento local para construir, testar e implementar sites WordPress em minutos. Atualmente dispon\u00edvel para MacOS, Windows e Ubuntu.<\/p>\n\n\n\n<div class=\"wp-block-kinsta-buttons alignleft\">\n\n<\/div>\n<\/div>\n<\/div>\n\n\n\n<div class=\"wp-block-kinsta-column wp-block-kinsta-columns__column\">\n<div class=\"wp-block-kinsta-hero-title-secondary wp-block-kinsta-hero-title__secondary\">\n<div class=\"wp-block-kinsta-illustration alignwide\"><img decoding=\"async\" alt=\"Recursos do DevKinsta\" src=\"https:\/\/kinsta.com\/wp-content\/uploads\/2020\/12\/devkinsta-features-hero.svg\" class=\"wp-block-kinsta-illustration__image\"><\/div>\n<\/div>\n<\/div>\n<\/div>\n<\/div><\/header>\n\n\n\n<h2 class=\"wp-block-heading has-text-align-center\" id=\"h-criacao-de-sites-com-um-clique-e-desenvolvimento-local\">Cria\u00e7\u00e3o de sites com um clique e desenvolvimento local<\/h2>\n\n\n\n<p class=\"has-text-align-center\">Criar sites WordPress locais com um \u00fanico clique, e come\u00e7ar a desenvolver (quase) instantaneamente. Cada site criado \u00e9 configurado automaticamente com Nginx, PHP e MySQL. DevKinsta tamb\u00e9m fornece suporte para WordPress Multisite, al\u00e9m de poderosas ferramentas de gerenciamento de banco de dados e e-mail para agilizar seu fluxo de trabalho de desenvolvimento.<\/p>\n\n\n\n<div class=\"wp-block-kinsta-buttons aligncenter\">\n<a class=\"wp-block-kinsta-button is-style-inline\" href=\"https:\/\/kinsta.com\/docs\/devkinsta\/creating-a-site\/\">Saiba mais sobre a cria\u00e7\u00e3o de sites<\/a>\n<\/div>\n\n\n\n<div class=\"wp-block-kinsta-feature-boxes wp-block-kinsta-feature-boxes--4\">\n<div class=\"wp-block-kinsta-feature-boxes-box wp-block-kinsta-feature-boxes__box\">\n<div class=\"wp-block-kinsta-illustration aligncenter\"><img decoding=\"async\" alt=\"Gerenciamento de banco de dados\" src=\"https:\/\/kinsta.com\/wp-content\/uploads\/2020\/12\/devkinsta-features-database-picto.svg\" class=\"wp-block-kinsta-illustration__image\"><\/div>\n\n\n\n<h3 class=\"wp-block-heading\" id=\"h-gerenciamento-do-banco-de-dados\">Gerenciamento do banco de dados<\/h3>\n\n\n\n<p>DevKinsta utiliza Adminer, uma ferramenta de gerenciamento de banco de dados leve e de c\u00f3digo aberto. Com Adminer, voc\u00ea pode editar facilmente suas tabelas de banco de dados, importar e exportar backups, executar consultas SQL, e muito mais.<\/p>\n\n\n\n<div class=\"wp-block-kinsta-buttons aligncenter\">\n<a class=\"wp-block-kinsta-button is-style-inline\" href=\"https:\/\/kinsta.com\/pt\/docs\/devkinsta\/banco-de-dados-devkinsta\/gerenciador-de-banco-de-dados\/\">Mais sobre o Gerenciamento do Banco de Dados<\/a>\n<\/div>\n<\/div>\n\n\n\n<div class=\"wp-block-kinsta-feature-boxes-box wp-block-kinsta-feature-boxes__box\">\n<div class=\"wp-block-kinsta-illustration aligncenter\"><img decoding=\"async\" alt=\"Trabalho com HTTPS localmente\" src=\"https:\/\/kinsta.com\/wp-content\/uploads\/2020\/12\/devkinsta-features-https-picto.svg\" class=\"wp-block-kinsta-illustration__image\"><\/div>\n\n\n\n<h3 class=\"wp-block-heading\" id=\"h-trabalhe-com-https-localmente\">Trabalhe com HTTPS localmente<\/h3>\n\n\n\n<p>66% do carregamento de p\u00e1ginas utilizam HTTPS. Com o suporte HTTPS da DevKinsta, teste e construa seu site WordPress com a seguran\u00e7a em mente.<\/p>\n\n\n\n<div class=\"wp-block-kinsta-buttons aligncenter\">\n<a class=\"wp-block-kinsta-button is-style-inline\" href=\"https:\/\/kinsta.com\/docs\/devkinsta\/devkinsta-site-management\/#the-site-info-page\">Saiba mais<\/a>\n<\/div>\n<\/div>\n\n\n\n<div class=\"wp-block-kinsta-feature-boxes-box wp-block-kinsta-feature-boxes__box\">\n<div class=\"wp-block-kinsta-illustration aligncenter\"><img decoding=\"async\" alt=\"Teste de e-mail integrado\" src=\"https:\/\/kinsta.com\/wp-content\/uploads\/2020\/12\/devkinsta-features-email-picto.svg\" class=\"wp-block-kinsta-illustration__image\"><\/div>\n\n\n\n<h3 class=\"wp-block-heading\" id=\"h-teste-de-e-mail-embutido\">Teste de e-mail embutido<\/h3>\n\n\n\n<p>DevKinsta vem com um poderoso servidor SMTP e caixa de entrada de e-mail que lhe permite analisar e depurar e-mails enviados a partir de seus sites WordPress locais.<\/p>\n\n\n\n<div class=\"wp-block-kinsta-buttons aligncenter\">\n<a class=\"wp-block-kinsta-button is-style-inline\" href=\"https:\/\/kinsta.com\/pt\/docs\/devkinsta\/gerenciamento-de-sites-devkinsta\/caixa-de-entrada-de-email\/\">Saiba mais sobre os testes por e-mail<\/a>\n<\/div>\n<\/div>\n\n\n\n<div class=\"wp-block-kinsta-feature-boxes-box wp-block-kinsta-feature-boxes__box\">\n<div class=\"wp-block-kinsta-illustration aligncenter\"><img decoding=\"async\" alt=\"Registro de erros do WordPress\" src=\"https:\/\/kinsta.com\/wp-content\/uploads\/2020\/12\/devkinsta-features-logging.svg\" class=\"wp-block-kinsta-illustration__image\"><\/div>\n\n\n\n<h3 class=\"wp-block-heading\" id=\"h-registro-de-erros-do-wordpress\">Registro de erros do WordPress<\/h3>\n\n\n\n<p>Depurar os erros PHP do seu site com o recurso WP_DEBUG embutido da DevKinsta.<\/p>\n\n\n\n<div class=\"wp-block-kinsta-buttons aligncenter\">\n<a class=\"wp-block-kinsta-button is-style-inline\" href=\"https:\/\/kinsta.com\/pt\/docs\/devkinsta\/solucao-de-problemas-devkinsta\/registro\/\">Saiba mais sobre o registro de erros<\/a>\n<\/div>\n<\/div>\n<\/div>\n\n\n\n<div class=\"wp-block-group devkinsta-features-cta has-secondary-background-color has-background is-layout-constrained wp-block-group-is-layout-constrained\">\n<h2 class=\"wp-block-heading has-text-align-center\" id=\"h-experimente-devkinsta-hoje\">Experimente DevKinsta hoje!<\/h2>\n\n\n\n<div class=\"wp-block-kinsta-buttons aligncenter\">\n<a class=\"wp-block-kinsta-button\" href=\"https:\/\/kinsta.com\/pt\/devkinsta\/download\/\">Baixar agora<\/a>\n<\/div>\n<\/div>\n\n\n\n<figure class=\"wp-block-image aligncenter size-large is-resized is-style-plain\"><img decoding=\"async\" src=\"https:\/\/kinsta.com\/pt\/wp-content\/uploads\/sites\/3\/2021\/08\/devkinsta-features-deploy.svg\" alt class=\"wp-image-43636\" style=\"width:445px;height:318px\"><\/figure>\n\n\n\n<h2 class=\"wp-block-heading has-text-align-center\" id=\"h-implementacao-global\">Implementa\u00e7\u00e3o global<\/h2>\n\n\n\n<p class=\"has-text-align-center\">Selecione um dos 27 centros de dados dispon\u00edveis da Kinsta em todo o mundo. Integra\u00e7\u00e3o perfeita com os servi\u00e7os Kinsta.<\/p>\n\n\n\n<div class=\"wp-block-kinsta-buttons aligncenter\">\n<a class=\"wp-block-kinsta-button is-style-inline\" href=\"https:\/\/kinsta.com\/pt\/precos\/\">Mais sobre os planos de hospedagem<\/a>\n<\/div>\n\n\n\n<div class=\"wp-block-kinsta-feature-boxes wp-block-kinsta-feature-boxes--3\">\n<div class=\"wp-block-kinsta-feature-boxes-box wp-block-kinsta-feature-boxes__box\">\n<div class=\"wp-block-kinsta-illustration aligncenter\"><img decoding=\"async\" alt=\"DevKinsta dispon\u00edvel em 10 idiomas\" src=\"https:\/\/kinsta.com\/wp-content\/uploads\/2020\/12\/devkinsta-features-languages-picto.svg\" class=\"wp-block-kinsta-illustration__image\"><\/div>\n\n\n\n<h3 class=\"wp-block-heading\" id=\"h-disponivel-em-10-idiomas\">Dispon\u00edvel em 10 idiomas<\/h3>\n\n\n\n<p>A DevKinsta fornece suporte aos idiomas Ingl\u00eas, Italiano, Portugu\u00eas, Franc\u00eas, Alem\u00e3o, Japon\u00eas, Holand\u00eas, Espanhol, Sueco e Dinamarqu\u00eas.<\/p>\n<\/div>\n\n\n\n<div class=\"wp-block-kinsta-feature-boxes-box wp-block-kinsta-feature-boxes__box\">\n<div class=\"wp-block-kinsta-illustration aligncenter\"><img decoding=\"async\" alt=\"Altern\u00e2ncia de vers\u00e3o do PHP no DevKinsta\" src=\"https:\/\/kinsta.com\/wp-content\/uploads\/2020\/12\/devkinsta-features-version-switching-picto.svg\" class=\"wp-block-kinsta-illustration__image\"><\/div>\n\n\n\n<h3 class=\"wp-block-heading\" id=\"h-mudanca-de-versao-php\">Mudan\u00e7a de vers\u00e3o PHP<\/h3>\n\n\n\n<p>Com suporte para PHP 7.2, 7.3, 7.4, 8.0, 8.1, e 8.2, teste seu site contra as \u00faltimas vers\u00f5es do PHP com um \u00fanico clique.<\/p>\n<\/div>\n\n\n\n<div class=\"wp-block-kinsta-feature-boxes-box wp-block-kinsta-feature-boxes__box\">\n<div class=\"wp-block-kinsta-illustration aligncenter\"><img decoding=\"async\" alt=\"Atualiza\u00e7\u00f5es autom\u00e1ticas do DevKinsta\" src=\"https:\/\/kinsta.com\/wp-content\/uploads\/2020\/12\/devkinsta-features-updates-picto.svg\" class=\"wp-block-kinsta-illustration__image\"><\/div>\n\n\n\n<h3 class=\"wp-block-heading\" id=\"h-atualizacoes-automaticas\">Atualiza\u00e7\u00f5es autom\u00e1ticas<\/h3>\n\n\n\n<p>DevKinsta suporta atualiza\u00e7\u00f5es autom\u00e1ticas, assim voc\u00ea sempre ter\u00e1 as \u00faltimas funcionalidades para ajudar seu fluxo de trabalho de desenvolvimento local.<\/p>\n<\/div>\n<\/div>\n\n\n\n<div class=\"wp-block-group devkinsta-footer-cta has-primary-background-color has-background is-layout-constrained wp-block-group-is-layout-constrained\">\n<h2 class=\"wp-block-heading has-text-align-center\" id=\"h-experimente-devkinsta-hoje-0\">Experimente DevKinsta hoje!<\/h2>\n\n\n\n<div class=\"wp-block-kinsta-buttons aligncenter\">\n<a class=\"wp-block-kinsta-button\" href=\"https:\/\/kinsta.com\/pt\/devkinsta\/download\/\">Baixar DevKinsta<\/a>\n<\/div>\n<\/div>\n","protected":false},"excerpt":{"rendered":"<p>Cria\u00e7\u00e3o de sites com um clique e desenvolvimento local Criar sites WordPress locais com um \u00fanico clique, e come\u00e7ar a desenvolver (quase) instantaneamente. Cada site criado &#8230;<\/p>\n","protected":false},"author":115,"featured_media":41220,"parent":41222,"menu_order":0,"comment_status":"closed","ping_status":"closed","template":"templates\/page\/devkinsta.php","meta":{"_kinsta_gated_content":false,"_kinsta_gated_content_redirect":"","footnotes":""},"class_list":["post-41218","page","type-page","status-publish","has-post-thumbnail","hentry"],"yoast_head":"<!-- This site is optimized with the Yoast SEO Premium plugin v24.6 (Yoast SEO v24.6) - https:\/\/yoast.com\/wordpress\/plugins\/seo\/ -->\n<title>Caracter\u00edsticas DevKinsta - Kinsta\u00ae<\/title>\n<meta name=\"description\" content=\"Saiba mais sobre as caracter\u00edsticas do DevKinsta, incluindo cria\u00e7\u00e3o de sites com um clique, gerenciamento de banco de dados, troca de vers\u00e3o PHP, suporte multil\u00edng\u00fce e muito mais!\" \/>\n<meta name=\"robots\" content=\"index, follow, max-snippet:-1, max-image-preview:large, max-video-preview:-1\" \/>\n<link rel=\"canonical\" href=\"https:\/\/kinsta.com\/pt\/devkinsta\/caracteristicas\/\" \/>\n<meta property=\"og:locale\" content=\"pt_PT\" \/>\n<meta property=\"og:type\" content=\"article\" \/>\n<meta property=\"og:title\" content=\"Caracter\u00edsticas DevKinsta\" \/>\n<meta property=\"og:description\" content=\"Saiba mais sobre as caracter\u00edsticas do DevKinsta, incluindo cria\u00e7\u00e3o de sites com um clique, gerenciamento de banco de dados, troca de vers\u00e3o PHP, suporte multil\u00edng\u00fce e muito mais!\" \/>\n<meta property=\"og:url\" content=\"https:\/\/kinsta.com\/pt\/devkinsta\/caracteristicas\/\" \/>\n<meta property=\"og:site_name\" content=\"Kinsta\u00ae\" \/>\n<meta property=\"article:publisher\" content=\"https:\/\/www.facebook.com\/kinstapt\/\" \/>\n<meta property=\"article:modified_time\" content=\"2025-05-21T17:34:23+00:00\" \/>\n<meta property=\"og:image\" content=\"https:\/\/kinsta.com\/pt\/wp-content\/uploads\/sites\/3\/2021\/01\/devkinsta-featured-image.jpg\" \/>\n\t<meta property=\"og:image:width\" content=\"1200\" \/>\n\t<meta property=\"og:image:height\" content=\"628\" \/>\n\t<meta property=\"og:image:type\" content=\"image\/jpeg\" \/>\n<meta name=\"twitter:card\" content=\"summary_large_image\" \/>\n<meta name=\"twitter:description\" content=\"Saiba mais sobre as caracter\u00edsticas do DevKinsta, incluindo cria\u00e7\u00e3o de sites com um clique, gerenciamento de banco de dados, troca de vers\u00e3o PHP, suporte multil\u00edng\u00fce e muito mais!\" \/>\n<meta name=\"twitter:image\" content=\"https:\/\/kinsta.com\/pt\/wp-content\/uploads\/sites\/3\/2021\/01\/devkinsta-featured-image.jpg\" \/>\n<meta name=\"twitter:site\" content=\"@kinsta_pt\" \/>\n<meta name=\"twitter:label1\" content=\"Tempo estimado de leitura\" \/>\n\t<meta name=\"twitter:data1\" content=\"4 minutos\" \/>\n<script type=\"application\/ld+json\" class=\"yoast-schema-graph\">{\"@context\":\"https:\/\/schema.org\",\"@graph\":[{\"@type\":\"WebPage\",\"@id\":\"https:\/\/kinsta.com\/pt\/devkinsta\/caracteristicas\/\",\"url\":\"https:\/\/kinsta.com\/pt\/devkinsta\/caracteristicas\/\",\"name\":\"Caracter\u00edsticas DevKinsta - Kinsta\u00ae\",\"isPartOf\":{\"@id\":\"https:\/\/kinsta.com\/pt\/#website\"},\"primaryImageOfPage\":{\"@id\":\"https:\/\/kinsta.com\/pt\/devkinsta\/caracteristicas\/#primaryimage\"},\"image\":{\"@id\":\"https:\/\/kinsta.com\/pt\/devkinsta\/caracteristicas\/#primaryimage\"},\"thumbnailUrl\":\"https:\/\/kinsta.com\/pt\/wp-content\/uploads\/sites\/3\/2021\/01\/devkinsta-featured-image.jpg\",\"datePublished\":\"2021-01-15T14:00:35+00:00\",\"dateModified\":\"2025-05-21T17:34:23+00:00\",\"description\":\"Saiba mais sobre as caracter\u00edsticas do DevKinsta, incluindo cria\u00e7\u00e3o de sites com um clique, gerenciamento de banco de dados, troca de vers\u00e3o PHP, suporte multil\u00edng\u00fce e muito mais!\",\"breadcrumb\":{\"@id\":\"https:\/\/kinsta.com\/pt\/devkinsta\/caracteristicas\/#breadcrumb\"},\"inLanguage\":\"pt-PT\",\"potentialAction\":[{\"@type\":\"ReadAction\",\"target\":[\"https:\/\/kinsta.com\/pt\/devkinsta\/caracteristicas\/\"]}]},{\"@type\":\"ImageObject\",\"inLanguage\":\"pt-PT\",\"@id\":\"https:\/\/kinsta.com\/pt\/devkinsta\/caracteristicas\/#primaryimage\",\"url\":\"https:\/\/kinsta.com\/pt\/wp-content\/uploads\/sites\/3\/2021\/01\/devkinsta-featured-image.jpg\",\"contentUrl\":\"https:\/\/kinsta.com\/pt\/wp-content\/uploads\/sites\/3\/2021\/01\/devkinsta-featured-image.jpg\",\"width\":1200,\"height\":628,\"caption\":\"Saiba mais sobre as caracter\u00edsticas do DevKinsta, incluindo cria\u00e7\u00e3o de sites com um clique, gerenciamento de banco de dados, troca de vers\u00e3o PHP, suporte multil\u00edng\u00fce e muito mais!\"},{\"@type\":\"BreadcrumbList\",\"@id\":\"https:\/\/kinsta.com\/pt\/devkinsta\/caracteristicas\/#breadcrumb\",\"itemListElement\":[{\"@type\":\"ListItem\",\"position\":1,\"name\":\"Home\",\"item\":\"https:\/\/kinsta.com\/pt\/\"},{\"@type\":\"ListItem\",\"position\":2,\"name\":\"Sua Plataforma Gratuita de Desenvolvimento local de WordPress\",\"item\":\"https:\/\/kinsta.com\/pt\/devkinsta\/\"},{\"@type\":\"ListItem\",\"position\":3,\"name\":\"Caracter\u00edsticas DevKinsta\"}]},{\"@type\":\"WebSite\",\"@id\":\"https:\/\/kinsta.com\/pt\/#website\",\"url\":\"https:\/\/kinsta.com\/pt\/\",\"name\":\"Kinsta\u00ae\",\"description\":\"Solu\u00e7\u00f5es de hospedagem Premium, r\u00e1pida e segura\",\"publisher\":{\"@id\":\"https:\/\/kinsta.com\/pt\/#organization\"},\"potentialAction\":[{\"@type\":\"SearchAction\",\"target\":{\"@type\":\"EntryPoint\",\"urlTemplate\":\"https:\/\/kinsta.com\/pt\/?s={search_term_string}\"},\"query-input\":{\"@type\":\"PropertyValueSpecification\",\"valueRequired\":true,\"valueName\":\"search_term_string\"}}],\"inLanguage\":\"pt-PT\"},{\"@type\":\"Organization\",\"@id\":\"https:\/\/kinsta.com\/pt\/#organization\",\"name\":\"Kinsta\",\"url\":\"https:\/\/kinsta.com\/pt\/\",\"logo\":{\"@type\":\"ImageObject\",\"inLanguage\":\"pt-PT\",\"@id\":\"https:\/\/kinsta.com\/pt\/#\/schema\/logo\/image\/\",\"url\":\"https:\/\/kinsta.com\/pt\/wp-content\/uploads\/sites\/3\/2023\/12\/kinsta-logo.jpeg\",\"contentUrl\":\"https:\/\/kinsta.com\/pt\/wp-content\/uploads\/sites\/3\/2023\/12\/kinsta-logo.jpeg\",\"width\":500,\"height\":500,\"caption\":\"Kinsta\"},\"image\":{\"@id\":\"https:\/\/kinsta.com\/pt\/#\/schema\/logo\/image\/\"},\"sameAs\":[\"https:\/\/www.facebook.com\/kinstapt\/\",\"https:\/\/x.com\/kinsta_pt\",\"https:\/\/www.instagram.com\/kinstahosting\/\",\"https:\/\/www.linkedin.com\/company\/kinsta\/\",\"https:\/\/www.pinterest.com\/kinstahosting\/\",\"https:\/\/www.youtube.com\/c\/Kinsta\"]}]}<\/script>\n<!-- \/ Yoast SEO Premium plugin. -->","yoast_head_json":{"title":"Caracter\u00edsticas DevKinsta - Kinsta\u00ae","description":"Saiba mais sobre as caracter\u00edsticas do DevKinsta, incluindo cria\u00e7\u00e3o de sites com um clique, gerenciamento de banco de dados, troca de vers\u00e3o PHP, suporte multil\u00edng\u00fce e muito mais!","robots":{"index":"index","follow":"follow","max-snippet":"max-snippet:-1","max-image-preview":"max-image-preview:large","max-video-preview":"max-video-preview:-1"},"canonical":"https:\/\/kinsta.com\/pt\/devkinsta\/caracteristicas\/","og_locale":"pt_PT","og_type":"article","og_title":"Caracter\u00edsticas DevKinsta","og_description":"Saiba mais sobre as caracter\u00edsticas do DevKinsta, incluindo cria\u00e7\u00e3o de sites com um clique, gerenciamento de banco de dados, troca de vers\u00e3o PHP, suporte multil\u00edng\u00fce e muito mais!","og_url":"https:\/\/kinsta.com\/pt\/devkinsta\/caracteristicas\/","og_site_name":"Kinsta\u00ae","article_publisher":"https:\/\/www.facebook.com\/kinstapt\/","article_modified_time":"2025-05-21T17:34:23+00:00","og_image":[{"width":1200,"height":628,"url":"https:\/\/kinsta.com\/pt\/wp-content\/uploads\/sites\/3\/2021\/01\/devkinsta-featured-image.jpg","type":"image\/jpeg"}],"twitter_card":"summary_large_image","twitter_description":"Saiba mais sobre as caracter\u00edsticas do DevKinsta, incluindo cria\u00e7\u00e3o de sites com um clique, gerenciamento de banco de dados, troca de vers\u00e3o PHP, suporte multil\u00edng\u00fce e muito mais!","twitter_image":"https:\/\/kinsta.com\/pt\/wp-content\/uploads\/sites\/3\/2021\/01\/devkinsta-featured-image.jpg","twitter_site":"@kinsta_pt","twitter_misc":{"Tempo estimado de leitura":"4 minutos"},"schema":{"@context":"https:\/\/schema.org","@graph":[{"@type":"WebPage","@id":"https:\/\/kinsta.com\/pt\/devkinsta\/caracteristicas\/","url":"https:\/\/kinsta.com\/pt\/devkinsta\/caracteristicas\/","name":"Caracter\u00edsticas DevKinsta - Kinsta\u00ae","isPartOf":{"@id":"https:\/\/kinsta.com\/pt\/#website"},"primaryImageOfPage":{"@id":"https:\/\/kinsta.com\/pt\/devkinsta\/caracteristicas\/#primaryimage"},"image":{"@id":"https:\/\/kinsta.com\/pt\/devkinsta\/caracteristicas\/#primaryimage"},"thumbnailUrl":"https:\/\/kinsta.com\/pt\/wp-content\/uploads\/sites\/3\/2021\/01\/devkinsta-featured-image.jpg","datePublished":"2021-01-15T14:00:35+00:00","dateModified":"2025-05-21T17:34:23+00:00","description":"Saiba mais sobre as caracter\u00edsticas do DevKinsta, incluindo cria\u00e7\u00e3o de sites com um clique, gerenciamento de banco de dados, troca de vers\u00e3o PHP, suporte multil\u00edng\u00fce e muito mais!","breadcrumb":{"@id":"https:\/\/kinsta.com\/pt\/devkinsta\/caracteristicas\/#breadcrumb"},"inLanguage":"pt-PT","potentialAction":[{"@type":"ReadAction","target":["https:\/\/kinsta.com\/pt\/devkinsta\/caracteristicas\/"]}]},{"@type":"ImageObject","inLanguage":"pt-PT","@id":"https:\/\/kinsta.com\/pt\/devkinsta\/caracteristicas\/#primaryimage","url":"https:\/\/kinsta.com\/pt\/wp-content\/uploads\/sites\/3\/2021\/01\/devkinsta-featured-image.jpg","contentUrl":"https:\/\/kinsta.com\/pt\/wp-content\/uploads\/sites\/3\/2021\/01\/devkinsta-featured-image.jpg","width":1200,"height":628,"caption":"Saiba mais sobre as caracter\u00edsticas do DevKinsta, incluindo cria\u00e7\u00e3o de sites com um clique, gerenciamento de banco de dados, troca de vers\u00e3o PHP, suporte multil\u00edng\u00fce e muito mais!"},{"@type":"BreadcrumbList","@id":"https:\/\/kinsta.com\/pt\/devkinsta\/caracteristicas\/#breadcrumb","itemListElement":[{"@type":"ListItem","position":1,"name":"Home","item":"https:\/\/kinsta.com\/pt\/"},{"@type":"ListItem","position":2,"name":"Sua Plataforma Gratuita de Desenvolvimento local de WordPress","item":"https:\/\/kinsta.com\/pt\/devkinsta\/"},{"@type":"ListItem","position":3,"name":"Caracter\u00edsticas DevKinsta"}]},{"@type":"WebSite","@id":"https:\/\/kinsta.com\/pt\/#website","url":"https:\/\/kinsta.com\/pt\/","name":"Kinsta\u00ae","description":"Solu\u00e7\u00f5es de hospedagem Premium, r\u00e1pida e segura","publisher":{"@id":"https:\/\/kinsta.com\/pt\/#organization"},"potentialAction":[{"@type":"SearchAction","target":{"@type":"EntryPoint","urlTemplate":"https:\/\/kinsta.com\/pt\/?s={search_term_string}"},"query-input":{"@type":"PropertyValueSpecification","valueRequired":true,"valueName":"search_term_string"}}],"inLanguage":"pt-PT"},{"@type":"Organization","@id":"https:\/\/kinsta.com\/pt\/#organization","name":"Kinsta","url":"https:\/\/kinsta.com\/pt\/","logo":{"@type":"ImageObject","inLanguage":"pt-PT","@id":"https:\/\/kinsta.com\/pt\/#\/schema\/logo\/image\/","url":"https:\/\/kinsta.com\/pt\/wp-content\/uploads\/sites\/3\/2023\/12\/kinsta-logo.jpeg","contentUrl":"https:\/\/kinsta.com\/pt\/wp-content\/uploads\/sites\/3\/2023\/12\/kinsta-logo.jpeg","width":500,"height":500,"caption":"Kinsta"},"image":{"@id":"https:\/\/kinsta.com\/pt\/#\/schema\/logo\/image\/"},"sameAs":["https:\/\/www.facebook.com\/kinstapt\/","https:\/\/x.com\/kinsta_pt","https:\/\/www.instagram.com\/kinstahosting\/","https:\/\/www.linkedin.com\/company\/kinsta\/","https:\/\/www.pinterest.com\/kinstahosting\/","https:\/\/www.youtube.com\/c\/Kinsta"]}]}},"acf":[],"_links":{"self":[{"href":"https:\/\/kinsta.com\/pt\/wp-json\/wp\/v2\/pages\/41218","targetHints":{"allow":["GET"]}}],"collection":[{"href":"https:\/\/kinsta.com\/pt\/wp-json\/wp\/v2\/pages"}],"about":[{"href":"https:\/\/kinsta.com\/pt\/wp-json\/wp\/v2\/types\/page"}],"author":[{"embeddable":true,"href":"https:\/\/kinsta.com\/pt\/wp-json\/wp\/v2\/users\/115"}],"replies":[{"embeddable":true,"href":"https:\/\/kinsta.com\/pt\/wp-json\/wp\/v2\/comments?post=41218"}],"version-history":[{"count":8,"href":"https:\/\/kinsta.com\/pt\/wp-json\/wp\/v2\/pages\/41218\/revisions"}],"predecessor-version":[{"id":71898,"href":"https:\/\/kinsta.com\/pt\/wp-json\/wp\/v2\/pages\/41218\/revisions\/71898"}],"up":[{"embeddable":true,"href":"https:\/\/kinsta.com\/pt\/wp-json\/wp\/v2\/pages\/41222"}],"alternate":[{"embeddable":true,"hreflang":"en","title":"English","href":"https:\/\/kinsta.com\/pt\/wp-json\/kinsta\/v1\/posts\/41218\/translations\/en"},{"embeddable":true,"hreflang":"es","title":"Spanish","href":"https:\/\/kinsta.com\/pt\/wp-json\/kinsta\/v1\/posts\/41218\/translations\/es"},{"embeddable":true,"hreflang":"de","title":"German","href":"https:\/\/kinsta.com\/pt\/wp-json\/kinsta\/v1\/posts\/41218\/translations\/de"},{"embeddable":true,"hreflang":"nl","title":"Dutch","href":"https:\/\/kinsta.com\/pt\/wp-json\/kinsta\/v1\/posts\/41218\/translations\/nl"},{"embeddable":true,"hreflang":"it","title":"Italian","href":"https:\/\/kinsta.com\/pt\/wp-json\/kinsta\/v1\/posts\/41218\/translations\/it"},{"embeddable":true,"hreflang":"pt","title":"Portuguese","href":"https:\/\/kinsta.com\/pt\/wp-json\/kinsta\/v1\/posts\/41218\/translations\/pt"},{"embeddable":true,"hreflang":"fr","title":"French","href":"https:\/\/kinsta.com\/pt\/wp-json\/kinsta\/v1\/posts\/41218\/translations\/fr"},{"embeddable":true,"hreflang":"ja","title":"Japanese","href":"https:\/\/kinsta.com\/pt\/wp-json\/kinsta\/v1\/posts\/41218\/translations\/jp"},{"embeddable":true,"hreflang":"da","title":"Danish","href":"https:\/\/kinsta.com\/pt\/wp-json\/kinsta\/v1\/posts\/41218\/translations\/dk"},{"embeddable":true,"hreflang":"sv","title":"Swedish","href":"https:\/\/kinsta.com\/pt\/wp-json\/kinsta\/v1\/posts\/41218\/translations\/se"},{"href":"https:\/\/kinsta.com\/pt\/wp-json\/kinsta\/v1\/posts\/41218\/tree"}],"wp:featuredmedia":[{"embeddable":true,"href":"https:\/\/kinsta.com\/pt\/wp-json\/wp\/v2\/media\/41220"}],"wp:attachment":[{"href":"https:\/\/kinsta.com\/pt\/wp-json\/wp\/v2\/media?parent=41218"}],"curies":[{"name":"wp","href":"https:\/\/api.w.org\/{rel}","templated":true}]}}