{"id":41247,"date":"2021-01-18T04:51:00","date_gmt":"2021-01-18T07:51:00","guid":{"rendered":"https:\/\/kinsta.com\/?page_id=86397"},"modified":"2021-01-18T12:52:27","modified_gmt":"2021-01-18T15:52:27","slug":"download","status":"publish","type":"page","link":"https:\/\/kinsta.com\/pt\/devkinsta\/download\/","title":{"rendered":"Downloading DevKinsta"},"content":{"rendered":"\n<header class=\"wp-block-kinsta-hero-title is-style-center-screenshot alignfull\"><div class=\"wp-block-kinsta-hero-title__inner\">\n<div class=\"wp-block-kinsta-columns is-vertical-center\">\n<div class=\"wp-block-kinsta-column wp-block-kinsta-columns__column\">\n<div class=\"wp-block-kinsta-hero-title-content wp-block-kinsta-hero-title__content\"><h1 class=\"wp-block-kinsta-hero-title__title\">Downloading DevKinsta<\/h1>\n<p><\/p>\n\n\n\n<div class=\"wp-block-kinsta-buttons alignleft\">\n\n<\/div>\n<\/div>\n<\/div>\n\n\n\n<div class=\"wp-block-kinsta-column wp-block-kinsta-columns__column\">\n<div class=\"wp-block-kinsta-hero-title-secondary wp-block-kinsta-hero-title__secondary\">\n<devkinsta-download><\/devkinsta-download>\n<\/div>\n<\/div>\n<\/div>\n<\/div><\/header>\n\n\n<dialog  data-required=\"true\" id=\"signup\" class=\"dialog\" aria-hidden=\"true\">\n    <header class=\"dialog__header\">\n                    <h2 class=\"dialog__title\">\n                Sign up to download DevKinsta            <\/h2>\n            <\/header>\n\n    <div class=\"dialog__content\">\n        <div class=\"signup-modal\">\n    <kinsta-form show-name=\"true\" show-message=\"false\" hubspot-source=\"devkinsta-download\" show-phone=\"false\" show-website=\"false\" show-company=\"false\" show-disk-space=\"false\" show-monthly-visits=\"false\" show-average-project-budget=\"false\" show-services-provided=\"false\" show-number-of-websites=\"false\"><\/kinsta-form>\n<\/div>\n    <\/div>\n\n    <\/dialog>\n","protected":false},"excerpt":{"rendered":"","protected":false},"author":115,"featured_media":0,"parent":41222,"menu_order":0,"comment_status":"closed","ping_status":"closed","template":"templates\/page\/devkinsta.php","meta":{"_kinsta_gated_content":true,"_kinsta_gated_content_redirect":"","footnotes":""},"class_list":["post-41247","page","type-page","status-publish","hentry"],"yoast_head":"<!-- This site is optimized with the Yoast SEO Premium plugin v24.6 (Yoast SEO v24.6) - https:\/\/yoast.com\/wordpress\/plugins\/seo\/ -->\n<title>Downloading DevKinsta - Kinsta<\/title>\n<meta name=\"robots\" content=\"noindex, nofollow\" \/>\n<meta property=\"og:locale\" content=\"pt_PT\" \/>\n<meta property=\"og:type\" content=\"article\" \/>\n<meta property=\"og:title\" content=\"Downloading DevKinsta\" \/>\n<meta property=\"og:url\" content=\"https:\/\/kinsta.com\/pt\/devkinsta\/download\/\" \/>\n<meta property=\"og:site_name\" content=\"Kinsta\u00ae\" \/>\n<meta property=\"article:publisher\" content=\"https:\/\/www.facebook.com\/kinstapt\/\" \/>\n<meta property=\"article:modified_time\" content=\"2021-01-18T15:52:27+00:00\" \/>\n<meta property=\"og:image\" content=\"https:\/\/kinsta.com\/pt\/wp-content\/uploads\/sites\/3\/2023\/12\/kinsta-homepage-pt.png\" \/>\n\t<meta property=\"og:image:width\" content=\"1200\" \/>\n\t<meta property=\"og:image:height\" content=\"628\" \/>\n\t<meta property=\"og:image:type\" content=\"image\/png\" \/>\n<meta name=\"twitter:card\" content=\"summary_large_image\" \/>\n<meta name=\"twitter:image\" content=\"https:\/\/kinsta.com\/pt\/wp-content\/uploads\/sites\/3\/2023\/12\/kinsta-homepage-pt.png\" \/>\n<meta name=\"twitter:site\" content=\"@kinsta_pt\" \/>\n<meta name=\"twitter:label1\" content=\"Tempo estimado de leitura\" \/>\n\t<meta name=\"twitter:data1\" content=\"1 minuto\" \/>\n<script type=\"application\/ld+json\" class=\"yoast-schema-graph\">{\"@context\":\"https:\/\/schema.org\",\"@graph\":[{\"@type\":\"WebPage\",\"@id\":\"https:\/\/kinsta.com\/pt\/devkinsta\/download\/\",\"url\":\"https:\/\/kinsta.com\/pt\/devkinsta\/download\/\",\"name\":\"Downloading DevKinsta - Kinsta\",\"isPartOf\":{\"@id\":\"https:\/\/kinsta.com\/pt\/#website\"},\"datePublished\":\"2021-01-18T07:51:00+00:00\",\"dateModified\":\"2021-01-18T15:52:27+00:00\",\"breadcrumb\":{\"@id\":\"https:\/\/kinsta.com\/pt\/devkinsta\/download\/#breadcrumb\"},\"inLanguage\":\"pt-PT\",\"potentialAction\":[{\"@type\":\"ReadAction\",\"target\":[\"https:\/\/kinsta.com\/pt\/devkinsta\/download\/\"]}]},{\"@type\":\"BreadcrumbList\",\"@id\":\"https:\/\/kinsta.com\/pt\/devkinsta\/download\/#breadcrumb\",\"itemListElement\":[{\"@type\":\"ListItem\",\"position\":1,\"name\":\"Home\",\"item\":\"https:\/\/kinsta.com\/pt\/\"},{\"@type\":\"ListItem\",\"position\":2,\"name\":\"Sua Plataforma Gratuita de Desenvolvimento local de WordPress\",\"item\":\"https:\/\/kinsta.com\/pt\/devkinsta\/\"},{\"@type\":\"ListItem\",\"position\":3,\"name\":\"Downloading DevKinsta\"}]},{\"@type\":\"WebSite\",\"@id\":\"https:\/\/kinsta.com\/pt\/#website\",\"url\":\"https:\/\/kinsta.com\/pt\/\",\"name\":\"Kinsta\u00ae\",\"description\":\"Solu\u00e7\u00f5es de hospedagem Premium, r\u00e1pida e segura\",\"publisher\":{\"@id\":\"https:\/\/kinsta.com\/pt\/#organization\"},\"potentialAction\":[{\"@type\":\"SearchAction\",\"target\":{\"@type\":\"EntryPoint\",\"urlTemplate\":\"https:\/\/kinsta.com\/pt\/?s={search_term_string}\"},\"query-input\":{\"@type\":\"PropertyValueSpecification\",\"valueRequired\":true,\"valueName\":\"search_term_string\"}}],\"inLanguage\":\"pt-PT\"},{\"@type\":\"Organization\",\"@id\":\"https:\/\/kinsta.com\/pt\/#organization\",\"name\":\"Kinsta\",\"url\":\"https:\/\/kinsta.com\/pt\/\",\"logo\":{\"@type\":\"ImageObject\",\"inLanguage\":\"pt-PT\",\"@id\":\"https:\/\/kinsta.com\/pt\/#\/schema\/logo\/image\/\",\"url\":\"https:\/\/kinsta.com\/pt\/wp-content\/uploads\/sites\/3\/2023\/12\/kinsta-logo.jpeg\",\"contentUrl\":\"https:\/\/kinsta.com\/pt\/wp-content\/uploads\/sites\/3\/2023\/12\/kinsta-logo.jpeg\",\"width\":500,\"height\":500,\"caption\":\"Kinsta\"},\"image\":{\"@id\":\"https:\/\/kinsta.com\/pt\/#\/schema\/logo\/image\/\"},\"sameAs\":[\"https:\/\/www.facebook.com\/kinstapt\/\",\"https:\/\/x.com\/kinsta_pt\",\"https:\/\/www.instagram.com\/kinstahosting\/\",\"https:\/\/www.linkedin.com\/company\/kinsta\/\",\"https:\/\/www.pinterest.com\/kinstahosting\/\",\"https:\/\/www.youtube.com\/c\/Kinsta\"]}]}<\/script>\n<!-- \/ Yoast SEO Premium plugin. -->","yoast_head_json":{"title":"Downloading DevKinsta - Kinsta","robots":{"index":"noindex","follow":"nofollow"},"og_locale":"pt_PT","og_type":"article","og_title":"Downloading DevKinsta","og_url":"https:\/\/kinsta.com\/pt\/devkinsta\/download\/","og_site_name":"Kinsta\u00ae","article_publisher":"https:\/\/www.facebook.com\/kinstapt\/","article_modified_time":"2021-01-18T15:52:27+00:00","og_image":[{"width":1200,"height":628,"url":"https:\/\/kinsta.com\/pt\/wp-content\/uploads\/sites\/3\/2023\/12\/kinsta-homepage-pt.png","type":"image\/png"}],"twitter_card":"summary_large_image","twitter_image":"https:\/\/kinsta.com\/pt\/wp-content\/uploads\/sites\/3\/2023\/12\/kinsta-homepage-pt.png","twitter_site":"@kinsta_pt","twitter_misc":{"Tempo estimado de leitura":"1 minuto"},"schema":{"@context":"https:\/\/schema.org","@graph":[{"@type":"WebPage","@id":"https:\/\/kinsta.com\/pt\/devkinsta\/download\/","url":"https:\/\/kinsta.com\/pt\/devkinsta\/download\/","name":"Downloading DevKinsta - Kinsta","isPartOf":{"@id":"https:\/\/kinsta.com\/pt\/#website"},"datePublished":"2021-01-18T07:51:00+00:00","dateModified":"2021-01-18T15:52:27+00:00","breadcrumb":{"@id":"https:\/\/kinsta.com\/pt\/devkinsta\/download\/#breadcrumb"},"inLanguage":"pt-PT","potentialAction":[{"@type":"ReadAction","target":["https:\/\/kinsta.com\/pt\/devkinsta\/download\/"]}]},{"@type":"BreadcrumbList","@id":"https:\/\/kinsta.com\/pt\/devkinsta\/download\/#breadcrumb","itemListElement":[{"@type":"ListItem","position":1,"name":"Home","item":"https:\/\/kinsta.com\/pt\/"},{"@type":"ListItem","position":2,"name":"Sua Plataforma Gratuita de Desenvolvimento local de WordPress","item":"https:\/\/kinsta.com\/pt\/devkinsta\/"},{"@type":"ListItem","position":3,"name":"Downloading DevKinsta"}]},{"@type":"WebSite","@id":"https:\/\/kinsta.com\/pt\/#website","url":"https:\/\/kinsta.com\/pt\/","name":"Kinsta\u00ae","description":"Solu\u00e7\u00f5es de hospedagem Premium, r\u00e1pida e segura","publisher":{"@id":"https:\/\/kinsta.com\/pt\/#organization"},"potentialAction":[{"@type":"SearchAction","target":{"@type":"EntryPoint","urlTemplate":"https:\/\/kinsta.com\/pt\/?s={search_term_string}"},"query-input":{"@type":"PropertyValueSpecification","valueRequired":true,"valueName":"search_term_string"}}],"inLanguage":"pt-PT"},{"@type":"Organization","@id":"https:\/\/kinsta.com\/pt\/#organization","name":"Kinsta","url":"https:\/\/kinsta.com\/pt\/","logo":{"@type":"ImageObject","inLanguage":"pt-PT","@id":"https:\/\/kinsta.com\/pt\/#\/schema\/logo\/image\/","url":"https:\/\/kinsta.com\/pt\/wp-content\/uploads\/sites\/3\/2023\/12\/kinsta-logo.jpeg","contentUrl":"https:\/\/kinsta.com\/pt\/wp-content\/uploads\/sites\/3\/2023\/12\/kinsta-logo.jpeg","width":500,"height":500,"caption":"Kinsta"},"image":{"@id":"https:\/\/kinsta.com\/pt\/#\/schema\/logo\/image\/"},"sameAs":["https:\/\/www.facebook.com\/kinstapt\/","https:\/\/x.com\/kinsta_pt","https:\/\/www.instagram.com\/kinstahosting\/","https:\/\/www.linkedin.com\/company\/kinsta\/","https:\/\/www.pinterest.com\/kinstahosting\/","https:\/\/www.youtube.com\/c\/Kinsta"]}]}},"acf":[],"_links":{"self":[{"href":"https:\/\/kinsta.com\/pt\/wp-json\/wp\/v2\/pages\/41247","targetHints":{"allow":["GET"]}}],"collection":[{"href":"https:\/\/kinsta.com\/pt\/wp-json\/wp\/v2\/pages"}],"about":[{"href":"https:\/\/kinsta.com\/pt\/wp-json\/wp\/v2\/types\/page"}],"author":[{"embeddable":true,"href":"https:\/\/kinsta.com\/pt\/wp-json\/wp\/v2\/users\/115"}],"replies":[{"embeddable":true,"href":"https:\/\/kinsta.com\/pt\/wp-json\/wp\/v2\/comments?post=41247"}],"version-history":[{"count":1,"href":"https:\/\/kinsta.com\/pt\/wp-json\/wp\/v2\/pages\/41247\/revisions"}],"predecessor-version":[{"id":41248,"href":"https:\/\/kinsta.com\/pt\/wp-json\/wp\/v2\/pages\/41247\/revisions\/41248"}],"up":[{"embeddable":true,"href":"https:\/\/kinsta.com\/pt\/wp-json\/wp\/v2\/pages\/41222"}],"alternate":[{"embeddable":true,"hreflang":"en","title":"English","href":"https:\/\/kinsta.com\/pt\/wp-json\/kinsta\/v1\/posts\/41247\/translations\/en"},{"embeddable":true,"hreflang":"it","title":"Italian","href":"https:\/\/kinsta.com\/pt\/wp-json\/kinsta\/v1\/posts\/41247\/translations\/it"},{"embeddable":true,"hreflang":"pt","title":"Portuguese","href":"https:\/\/kinsta.com\/pt\/wp-json\/kinsta\/v1\/posts\/41247\/translations\/pt"},{"embeddable":true,"hreflang":"fr","title":"French","href":"https:\/\/kinsta.com\/pt\/wp-json\/kinsta\/v1\/posts\/41247\/translations\/fr"},{"embeddable":true,"hreflang":"de","title":"German","href":"https:\/\/kinsta.com\/pt\/wp-json\/kinsta\/v1\/posts\/41247\/translations\/de"},{"embeddable":true,"hreflang":"ja","title":"Japanese","href":"https:\/\/kinsta.com\/pt\/wp-json\/kinsta\/v1\/posts\/41247\/translations\/jp"},{"embeddable":true,"hreflang":"nl","title":"Dutch","href":"https:\/\/kinsta.com\/pt\/wp-json\/kinsta\/v1\/posts\/41247\/translations\/nl"},{"embeddable":true,"hreflang":"es","title":"Spanish","href":"https:\/\/kinsta.com\/pt\/wp-json\/kinsta\/v1\/posts\/41247\/translations\/es"},{"embeddable":true,"hreflang":"sv","title":"Swedish","href":"https:\/\/kinsta.com\/pt\/wp-json\/kinsta\/v1\/posts\/41247\/translations\/se"},{"embeddable":true,"hreflang":"da","title":"Danish","href":"https:\/\/kinsta.com\/pt\/wp-json\/kinsta\/v1\/posts\/41247\/translations\/dk"},{"href":"https:\/\/kinsta.com\/pt\/wp-json\/kinsta\/v1\/posts\/41247\/tree"}],"wp:attachment":[{"href":"https:\/\/kinsta.com\/pt\/wp-json\/wp\/v2\/media?parent=41247"}],"curies":[{"name":"wp","href":"https:\/\/api.w.org\/{rel}","templated":true}]}}