{"id":42707,"date":"2021-05-02T08:46:15","date_gmt":"2021-05-02T06:46:15","guid":{"rendered":"https:\/\/kinsta.com\/?page_id=91725"},"modified":"2023-05-22T12:25:07","modified_gmt":"2023-05-22T15:25:07","slug":"consulta-rapida","status":"publish","type":"page","link":"https:\/\/kinsta.com\/pt\/consulta-rapida\/","title":{"rendered":"Checklist"},"content":{"rendered":"<div class=\"wp-block-kinsta-featured-entries wp-block-kinsta-featured-entries--type-page \">\n\n   <div class=\"posts-grid posts-grid--3-cols\">\n<div class=\"post-preview post-42709 page type-page status-publish has-post-thumbnail hentry\">\n    <a class=\"post-preview__thumbnail\" aria-hidden=\"true\" tabindex=\"-1\" href=\"https:\/\/kinsta.com\/pt\/consulta-rapida\/checklist-velocidade-do-site\/\">\n                        <img loading=\"lazy\" decoding=\"async\" width=\"360\" height=\"180\" src=\"https:\/\/kinsta.com\/pt\/wp-content\/uploads\/sites\/3\/2023\/08\/Site-Speed-PT-360x180.jpg\" class=\"attachment-kinsta-thumbnail size-kinsta-thumbnail wp-post-image\" alt=\"\" aria-hidden=\"true\" tabindex=\"-1\" \/>            <\/a>\n\n    <div class=\"post-preview__content\">\n        \n<div class=\"post-preview__title-excerpt\">\n    <h2 class=\"post-preview__title\">\n                <a  href=\"https:\/\/kinsta.com\/pt\/consulta-rapida\/checklist-velocidade-do-site\/\" class=\"post-preview__link\">\n            Checklist de Velocidade do Site        <\/a>\n    <\/h2>\n\n            <div class=\"post-preview__excerpt\">\n            A velocidade do site \u00e9 crucial para o SEO e para maximizar convers\u00f5es, mas nem sempre \u00e9 claro por onde come\u00e7ar. Encontre os problemas mais comuns p&hellip;        <\/div>\n    <\/div>\n<dl class=\"post-preview__meta\">\n            <dt><span class=\"screen-reader-text\">Tempo de leitura<\/span><\/dt>\n        <dd>1 min de leitura<\/dd>\n            <dt><span class=\"screen-reader-text\">Data de atualiza\u00e7\u00e3o<\/span><\/dt>\n        <dd>Mar\u00e7o 18, 2024<\/dd>\n    <\/dl>\n    <\/div>\n<\/div>\n\n<div class=\"post-preview post-42711 page type-page status-publish has-post-thumbnail hentry\">\n    <a class=\"post-preview__thumbnail\" aria-hidden=\"true\" tabindex=\"-1\" href=\"https:\/\/kinsta.com\/pt\/consulta-rapida\/checklist-do-seo-para-wordpress\/\">\n                        <img loading=\"lazy\" decoding=\"async\" width=\"360\" height=\"180\" src=\"https:\/\/kinsta.com\/pt\/wp-content\/uploads\/sites\/3\/2021\/05\/Hero-seo-cheat-featured-360x180.png\" class=\"attachment-kinsta-thumbnail size-kinsta-thumbnail wp-post-image\" alt=\"\" aria-hidden=\"true\" tabindex=\"-1\" srcset=\"https:\/\/kinsta.com\/pt\/wp-content\/uploads\/sites\/3\/2021\/05\/Hero-seo-cheat-featured-360x180.png 360w, https:\/\/kinsta.com\/pt\/wp-content\/uploads\/sites\/3\/2021\/05\/Hero-seo-cheat-featured-300x150.png 300w, https:\/\/kinsta.com\/pt\/wp-content\/uploads\/sites\/3\/2021\/05\/Hero-seo-cheat-featured-1024x512.png 1024w, https:\/\/kinsta.com\/pt\/wp-content\/uploads\/sites\/3\/2021\/05\/Hero-seo-cheat-featured-768x384.png 768w, https:\/\/kinsta.com\/pt\/wp-content\/uploads\/sites\/3\/2021\/05\/Hero-seo-cheat-featured.png 1460w\" sizes=\"auto, (max-width: 360px) 100vw, 360px\" \/>            <\/a>\n\n    <div class=\"post-preview__content\">\n        \n<div class=\"post-preview__title-excerpt\">\n    <h2 class=\"post-preview__title\">\n                <a  href=\"https:\/\/kinsta.com\/pt\/consulta-rapida\/checklist-do-seo-para-wordpress\/\" class=\"post-preview__link\">\n            Checklist do SEO para WordPress        <\/a>\n    <\/h2>\n\n            <div class=\"post-preview__excerpt\">\n            Os benef\u00edcios de um bom SEO t\u00eam um alcance amplo. Isso afeta o tr\u00e1fego, a credibilidade, a experi\u00eancia do usu\u00e1rio e muito mais. Aqui est\u00e3o 8 maneir&hellip;        <\/div>\n    <\/div>\n<dl class=\"post-preview__meta\">\n            <dt><span class=\"screen-reader-text\">Data de atualiza\u00e7\u00e3o<\/span><\/dt>\n        <dd>Setembro 14, 2023<\/dd>\n    <\/dl>\n    <\/div>\n<\/div>\n\n<div class=\"post-preview post-42713 page type-page status-publish has-post-thumbnail hentry\">\n    <a class=\"post-preview__thumbnail\" aria-hidden=\"true\" tabindex=\"-1\" href=\"https:\/\/kinsta.com\/pt\/consulta-rapida\/checklist-seguranca-do-site\/\">\n                        <img loading=\"lazy\" decoding=\"async\" width=\"360\" height=\"180\" src=\"https:\/\/kinsta.com\/pt\/wp-content\/uploads\/sites\/3\/2023\/08\/Site-Security-PT-360x180.jpg\" class=\"attachment-kinsta-thumbnail size-kinsta-thumbnail wp-post-image\" alt=\"\" aria-hidden=\"true\" tabindex=\"-1\" \/>            <\/a>\n\n    <div class=\"post-preview__content\">\n        \n<div class=\"post-preview__title-excerpt\">\n    <h2 class=\"post-preview__title\">\n                <a  href=\"https:\/\/kinsta.com\/pt\/consulta-rapida\/checklist-seguranca-do-site\/\" class=\"post-preview__link\">\n            Checklist de Seguran\u00e7a do Site        <\/a>\n    <\/h2>\n\n            <div class=\"post-preview__excerpt\">\n            Proteja a reputa\u00e7\u00e3o da sua marca e reduza o risco de viola\u00e7\u00f5es de seguran\u00e7a com estas 5 formas poderosas de fortalecer a seguran\u00e7a do seu site e da&hellip;        <\/div>\n    <\/div>\n<dl class=\"post-preview__meta\">\n            <dt><span class=\"screen-reader-text\">Tempo de leitura<\/span><\/dt>\n        <dd>1 min de leitura<\/dd>\n            <dt><span class=\"screen-reader-text\">Data de atualiza\u00e7\u00e3o<\/span><\/dt>\n        <dd>Mar\u00e7o 18, 2024<\/dd>\n    <\/dl>\n    <\/div>\n<\/div>\n<\/div>\n    <\/div>\n\n\n","protected":false},"excerpt":{"rendered":"","protected":false},"author":115,"featured_media":0,"parent":0,"menu_order":0,"comment_status":"closed","ping_status":"closed","template":"","meta":{"_kinsta_gated_content":false,"_kinsta_gated_content_redirect":"","footnotes":""},"class_list":["post-42707","page","type-page","status-publish","hentry"],"yoast_head":"<!-- This site is optimized with the Yoast SEO Premium plugin v24.6 (Yoast SEO v24.6) - https:\/\/yoast.com\/wordpress\/plugins\/seo\/ -->\n<title>Checklist - Kinsta<\/title>\n<meta name=\"description\" content=\"Dicas comprovadas da Kinsta, projetadas para impulsionar seu neg\u00f3cio, apresentadas como um PDF de uma p\u00e1gina para download.\" \/>\n<meta name=\"robots\" content=\"index, follow, max-snippet:-1, max-image-preview:large, max-video-preview:-1\" \/>\n<link rel=\"canonical\" href=\"https:\/\/kinsta.com\/pt\/consulta-rapida\/\" \/>\n<meta property=\"og:locale\" content=\"pt_PT\" \/>\n<meta property=\"og:type\" content=\"article\" \/>\n<meta property=\"og:title\" content=\"Checklist\" \/>\n<meta property=\"og:description\" content=\"Dicas comprovadas da Kinsta, projetadas para impulsionar seu neg\u00f3cio, apresentadas como um PDF de uma p\u00e1gina para download.\" \/>\n<meta property=\"og:url\" content=\"https:\/\/kinsta.com\/pt\/consulta-rapida\/\" \/>\n<meta property=\"og:site_name\" content=\"Kinsta\u00ae\" \/>\n<meta property=\"article:publisher\" content=\"https:\/\/www.facebook.com\/kinstapt\/\" \/>\n<meta property=\"article:modified_time\" content=\"2023-05-22T15:25:07+00:00\" \/>\n<meta property=\"og:image\" content=\"https:\/\/kinsta.com\/pt\/wp-content\/uploads\/sites\/3\/2023\/12\/kinsta-homepage-pt.png\" \/>\n\t<meta property=\"og:image:width\" content=\"1200\" \/>\n\t<meta property=\"og:image:height\" content=\"628\" \/>\n\t<meta property=\"og:image:type\" content=\"image\/png\" \/>\n<meta name=\"twitter:card\" content=\"summary_large_image\" \/>\n<meta name=\"twitter:description\" content=\"Dicas comprovadas da Kinsta, projetadas para impulsionar seu neg\u00f3cio, apresentadas como um PDF de uma p\u00e1gina para download.\" \/>\n<meta name=\"twitter:image\" content=\"https:\/\/kinsta.com\/pt\/wp-content\/uploads\/sites\/3\/2023\/12\/kinsta-homepage-pt.png\" \/>\n<meta name=\"twitter:site\" content=\"@kinsta_pt\" \/>\n<script type=\"application\/ld+json\" class=\"yoast-schema-graph\">{\"@context\":\"https:\/\/schema.org\",\"@graph\":[{\"@type\":\"WebPage\",\"@id\":\"https:\/\/kinsta.com\/pt\/consulta-rapida\/\",\"url\":\"https:\/\/kinsta.com\/pt\/consulta-rapida\/\",\"name\":\"Checklist - Kinsta\",\"isPartOf\":{\"@id\":\"https:\/\/kinsta.com\/pt\/#website\"},\"datePublished\":\"2021-05-02T06:46:15+00:00\",\"dateModified\":\"2023-05-22T15:25:07+00:00\",\"description\":\"Dicas comprovadas da Kinsta, projetadas para impulsionar seu neg\u00f3cio, apresentadas como um PDF de uma p\u00e1gina para download.\",\"breadcrumb\":{\"@id\":\"https:\/\/kinsta.com\/pt\/consulta-rapida\/#breadcrumb\"},\"inLanguage\":\"pt-PT\",\"potentialAction\":[{\"@type\":\"ReadAction\",\"target\":[\"https:\/\/kinsta.com\/pt\/consulta-rapida\/\"]}]},{\"@type\":\"BreadcrumbList\",\"@id\":\"https:\/\/kinsta.com\/pt\/consulta-rapida\/#breadcrumb\",\"itemListElement\":[{\"@type\":\"ListItem\",\"position\":1,\"name\":\"Home\",\"item\":\"https:\/\/kinsta.com\/pt\/\"},{\"@type\":\"ListItem\",\"position\":2,\"name\":\"Checklist\"}]},{\"@type\":\"WebSite\",\"@id\":\"https:\/\/kinsta.com\/pt\/#website\",\"url\":\"https:\/\/kinsta.com\/pt\/\",\"name\":\"Kinsta\u00ae\",\"description\":\"Solu\u00e7\u00f5es de hospedagem Premium, r\u00e1pida e segura\",\"publisher\":{\"@id\":\"https:\/\/kinsta.com\/pt\/#organization\"},\"potentialAction\":[{\"@type\":\"SearchAction\",\"target\":{\"@type\":\"EntryPoint\",\"urlTemplate\":\"https:\/\/kinsta.com\/pt\/?s={search_term_string}\"},\"query-input\":{\"@type\":\"PropertyValueSpecification\",\"valueRequired\":true,\"valueName\":\"search_term_string\"}}],\"inLanguage\":\"pt-PT\"},{\"@type\":\"Organization\",\"@id\":\"https:\/\/kinsta.com\/pt\/#organization\",\"name\":\"Kinsta\",\"url\":\"https:\/\/kinsta.com\/pt\/\",\"logo\":{\"@type\":\"ImageObject\",\"inLanguage\":\"pt-PT\",\"@id\":\"https:\/\/kinsta.com\/pt\/#\/schema\/logo\/image\/\",\"url\":\"https:\/\/kinsta.com\/pt\/wp-content\/uploads\/sites\/3\/2023\/12\/kinsta-logo.jpeg\",\"contentUrl\":\"https:\/\/kinsta.com\/pt\/wp-content\/uploads\/sites\/3\/2023\/12\/kinsta-logo.jpeg\",\"width\":500,\"height\":500,\"caption\":\"Kinsta\"},\"image\":{\"@id\":\"https:\/\/kinsta.com\/pt\/#\/schema\/logo\/image\/\"},\"sameAs\":[\"https:\/\/www.facebook.com\/kinstapt\/\",\"https:\/\/x.com\/kinsta_pt\",\"https:\/\/www.instagram.com\/kinstahosting\/\",\"https:\/\/www.linkedin.com\/company\/kinsta\/\",\"https:\/\/www.pinterest.com\/kinstahosting\/\",\"https:\/\/www.youtube.com\/c\/Kinsta\"]}]}<\/script>\n<!-- \/ Yoast SEO Premium plugin. -->","yoast_head_json":{"title":"Checklist - Kinsta","description":"Dicas comprovadas da Kinsta, projetadas para impulsionar seu neg\u00f3cio, apresentadas como um PDF de uma p\u00e1gina para download.","robots":{"index":"index","follow":"follow","max-snippet":"max-snippet:-1","max-image-preview":"max-image-preview:large","max-video-preview":"max-video-preview:-1"},"canonical":"https:\/\/kinsta.com\/pt\/consulta-rapida\/","og_locale":"pt_PT","og_type":"article","og_title":"Checklist","og_description":"Dicas comprovadas da Kinsta, projetadas para impulsionar seu neg\u00f3cio, apresentadas como um PDF de uma p\u00e1gina para download.","og_url":"https:\/\/kinsta.com\/pt\/consulta-rapida\/","og_site_name":"Kinsta\u00ae","article_publisher":"https:\/\/www.facebook.com\/kinstapt\/","article_modified_time":"2023-05-22T15:25:07+00:00","og_image":[{"width":1200,"height":628,"url":"https:\/\/kinsta.com\/pt\/wp-content\/uploads\/sites\/3\/2023\/12\/kinsta-homepage-pt.png","type":"image\/png"}],"twitter_card":"summary_large_image","twitter_description":"Dicas comprovadas da Kinsta, projetadas para impulsionar seu neg\u00f3cio, apresentadas como um PDF de uma p\u00e1gina para download.","twitter_image":"https:\/\/kinsta.com\/pt\/wp-content\/uploads\/sites\/3\/2023\/12\/kinsta-homepage-pt.png","twitter_site":"@kinsta_pt","schema":{"@context":"https:\/\/schema.org","@graph":[{"@type":"WebPage","@id":"https:\/\/kinsta.com\/pt\/consulta-rapida\/","url":"https:\/\/kinsta.com\/pt\/consulta-rapida\/","name":"Checklist - Kinsta","isPartOf":{"@id":"https:\/\/kinsta.com\/pt\/#website"},"datePublished":"2021-05-02T06:46:15+00:00","dateModified":"2023-05-22T15:25:07+00:00","description":"Dicas comprovadas da Kinsta, projetadas para impulsionar seu neg\u00f3cio, apresentadas como um PDF de uma p\u00e1gina para download.","breadcrumb":{"@id":"https:\/\/kinsta.com\/pt\/consulta-rapida\/#breadcrumb"},"inLanguage":"pt-PT","potentialAction":[{"@type":"ReadAction","target":["https:\/\/kinsta.com\/pt\/consulta-rapida\/"]}]},{"@type":"BreadcrumbList","@id":"https:\/\/kinsta.com\/pt\/consulta-rapida\/#breadcrumb","itemListElement":[{"@type":"ListItem","position":1,"name":"Home","item":"https:\/\/kinsta.com\/pt\/"},{"@type":"ListItem","position":2,"name":"Checklist"}]},{"@type":"WebSite","@id":"https:\/\/kinsta.com\/pt\/#website","url":"https:\/\/kinsta.com\/pt\/","name":"Kinsta\u00ae","description":"Solu\u00e7\u00f5es de hospedagem Premium, r\u00e1pida e segura","publisher":{"@id":"https:\/\/kinsta.com\/pt\/#organization"},"potentialAction":[{"@type":"SearchAction","target":{"@type":"EntryPoint","urlTemplate":"https:\/\/kinsta.com\/pt\/?s={search_term_string}"},"query-input":{"@type":"PropertyValueSpecification","valueRequired":true,"valueName":"search_term_string"}}],"inLanguage":"pt-PT"},{"@type":"Organization","@id":"https:\/\/kinsta.com\/pt\/#organization","name":"Kinsta","url":"https:\/\/kinsta.com\/pt\/","logo":{"@type":"ImageObject","inLanguage":"pt-PT","@id":"https:\/\/kinsta.com\/pt\/#\/schema\/logo\/image\/","url":"https:\/\/kinsta.com\/pt\/wp-content\/uploads\/sites\/3\/2023\/12\/kinsta-logo.jpeg","contentUrl":"https:\/\/kinsta.com\/pt\/wp-content\/uploads\/sites\/3\/2023\/12\/kinsta-logo.jpeg","width":500,"height":500,"caption":"Kinsta"},"image":{"@id":"https:\/\/kinsta.com\/pt\/#\/schema\/logo\/image\/"},"sameAs":["https:\/\/www.facebook.com\/kinstapt\/","https:\/\/x.com\/kinsta_pt","https:\/\/www.instagram.com\/kinstahosting\/","https:\/\/www.linkedin.com\/company\/kinsta\/","https:\/\/www.pinterest.com\/kinstahosting\/","https:\/\/www.youtube.com\/c\/Kinsta"]}]}},"acf":[],"_links":{"self":[{"href":"https:\/\/kinsta.com\/pt\/wp-json\/wp\/v2\/pages\/42707","targetHints":{"allow":["GET"]}}],"collection":[{"href":"https:\/\/kinsta.com\/pt\/wp-json\/wp\/v2\/pages"}],"about":[{"href":"https:\/\/kinsta.com\/pt\/wp-json\/wp\/v2\/types\/page"}],"author":[{"embeddable":true,"href":"https:\/\/kinsta.com\/pt\/wp-json\/wp\/v2\/users\/115"}],"replies":[{"embeddable":true,"href":"https:\/\/kinsta.com\/pt\/wp-json\/wp\/v2\/comments?post=42707"}],"version-history":[{"count":6,"href":"https:\/\/kinsta.com\/pt\/wp-json\/wp\/v2\/pages\/42707\/revisions"}],"predecessor-version":[{"id":59654,"href":"https:\/\/kinsta.com\/pt\/wp-json\/wp\/v2\/pages\/42707\/revisions\/59654"}],"alternate":[{"embeddable":true,"hreflang":"en","title":"English","href":"https:\/\/kinsta.com\/pt\/wp-json\/kinsta\/v1\/posts\/42707\/translations\/en"},{"embeddable":true,"hreflang":"da","title":"Danish","href":"https:\/\/kinsta.com\/pt\/wp-json\/kinsta\/v1\/posts\/42707\/translations\/dk"},{"embeddable":true,"hreflang":"nl","title":"Dutch","href":"https:\/\/kinsta.com\/pt\/wp-json\/kinsta\/v1\/posts\/42707\/translations\/nl"},{"embeddable":true,"hreflang":"fr","title":"French","href":"https:\/\/kinsta.com\/pt\/wp-json\/kinsta\/v1\/posts\/42707\/translations\/fr"},{"embeddable":true,"hreflang":"de","title":"German","href":"https:\/\/kinsta.com\/pt\/wp-json\/kinsta\/v1\/posts\/42707\/translations\/de"},{"embeddable":true,"hreflang":"it","title":"Italian","href":"https:\/\/kinsta.com\/pt\/wp-json\/kinsta\/v1\/posts\/42707\/translations\/it"},{"embeddable":true,"hreflang":"ja","title":"Japanese","href":"https:\/\/kinsta.com\/pt\/wp-json\/kinsta\/v1\/posts\/42707\/translations\/jp"},{"embeddable":true,"hreflang":"pt","title":"Portuguese","href":"https:\/\/kinsta.com\/pt\/wp-json\/kinsta\/v1\/posts\/42707\/translations\/pt"},{"embeddable":true,"hreflang":"es","title":"Spanish","href":"https:\/\/kinsta.com\/pt\/wp-json\/kinsta\/v1\/posts\/42707\/translations\/es"},{"embeddable":true,"hreflang":"sv","title":"Swedish","href":"https:\/\/kinsta.com\/pt\/wp-json\/kinsta\/v1\/posts\/42707\/translations\/se"},{"href":"https:\/\/kinsta.com\/pt\/wp-json\/kinsta\/v1\/posts\/42707\/tree"}],"wp:attachment":[{"href":"https:\/\/kinsta.com\/pt\/wp-json\/wp\/v2\/media?parent=42707"}],"curies":[{"name":"wp","href":"https:\/\/api.w.org\/{rel}","templated":true}]}}