{"id":42709,"date":"2021-05-02T09:10:14","date_gmt":"2021-05-02T07:10:14","guid":{"rendered":"https:\/\/kinsta.com\/?page_id=91727"},"modified":"2024-03-18T18:47:43","modified_gmt":"2024-03-18T21:47:43","slug":"checklist-velocidade-do-site","status":"publish","type":"page","link":"https:\/\/kinsta.com\/pt\/consulta-rapida\/checklist-velocidade-do-site\/","title":{"rendered":"Checklist de Velocidade do Site"},"content":{"rendered":"\n<header class=\"wp-block-kinsta-hero-title is-style-center-screenshot alignfull\"><div class=\"wp-block-kinsta-hero-title__inner\">\n<div class=\"wp-block-kinsta-columns is-vertical-center\">\n<div class=\"wp-block-kinsta-column wp-block-kinsta-columns__column\">\n<div class=\"wp-block-kinsta-hero-title-content wp-block-kinsta-hero-title__content\"><h1 class=\"wp-block-kinsta-hero-title__title\">Checklist de Velocidade do Site<\/h1>\n<p>Um site r\u00e1pido \u00e9 crucial para o crescimento do seu neg\u00f3cio. Isso afeta o SEO, reduz a taxa de rejei\u00e7\u00e3o e maximiza as convers\u00f5es. N\u00e3o sabe por onde come\u00e7ar? Aqui est\u00e3o 5 coisas que ter\u00e3o impacto na velocidade do seu site e que voc\u00ea pode verificar agora mesmo.<\/p>\n\n\n\n<div class=\"wp-block-kinsta-buttons alignleft\">\n<a class=\"wp-block-kinsta-button has-turquoise-color\" href=\"#download\">Baixe gratuitamente<\/a>\n\n\n<\/div>\n<\/div>\n<\/div>\n\n\n\n<div class=\"wp-block-kinsta-column wp-block-kinsta-columns__column\">\n<div class=\"wp-block-kinsta-hero-title-secondary wp-block-kinsta-hero-title__secondary\"><\/div>\n<\/div>\n<\/div>\n<\/div><\/header>\n\n\n<dialog  id=\"download\" class=\"dialog\" aria-hidden=\"true\">\n    <header class=\"dialog__header\">\n                    <h2 class=\"dialog__title\">\n                Baixe a Planilha de Dicas            <\/h2>\n            <\/header>\n\n    <div class=\"dialog__content\">\n        <div class=\"signup-modal\">\n    <kinsta-form show-name=\"true\" show-message=\"false\" submit-button-text=\"Obtenha Acesso Agora\" success-title=\"Obrigado!\" success-message=\"Esperamos que voc\u00ea goste!\" hubspot-source=\"site-speed-cheat-sheet\" show-phone=\"false\" show-website=\"false\" show-company=\"true\" show-disk-space=\"false\" show-monthly-visits=\"false\" show-average-project-budget=\"false\" show-services-provided=\"false\" show-number-of-websites=\"false\" submit-button-text-loading=\"Enviando Dados\" success-redirect=\"https:\/\/kinsta.com\/pt\/wp-content\/uploads\/sites\/3\/2024\/03\/PT-site-speed-cheat-sheet.pdf\"><\/kinsta-form>\n<\/div>\n    <\/div>\n\n    <\/dialog>\n\n\n\n<div class=\"wp-block-kinsta-columns is-reverse is-vertical-center\">\n<div class=\"wp-block-kinsta-column wp-block-kinsta-columns__column\">\n<figure class=\"wp-block-image aligncenter size-large is-style-plain\"><img decoding=\"async\" src=\"https:\/\/kinsta.com\/wp-content\/uploads\/2021\/03\/ebook-speed.png\" alt class=\"wp-image-92423\"><\/figure>\n<\/div>\n\n\n\n<div class=\"wp-block-kinsta-column wp-block-kinsta-columns__column\">\n<h2 class=\"wp-block-heading\" id=\"h-voc-tamb-m-pode-gostar-deste-ebook\">Voc\u00ea tamb\u00e9m pode gostar deste ebook<\/h2>\n\n\n\n<p><mark class=\"has-inline-color has-dark-blue-color\">Estamos compartilhando tudo o que sabemos sobre como acelerar um site WordPress neste ebook gratuito. Ele cont\u00e9m 15 anos de experi\u00eancia, mais de 200 dicas testadas e comprovadas e instru\u00e7\u00f5es passo a passo sobre como configurar seu site para velocidade.<\/mark><\/p>\n\n\n\n<h3 class=\"wp-block-heading\" id=\"h-baixe-o-ebook-e-aprenda\">Baixe o ebook e aprenda:<\/h3>\n\n\n\n<ul class=\"wp-block-list\">\n<li><mark class=\"has-inline-color has-dark-blue-color\">Diferentes tipos de sites WordPress<\/mark><\/li>\n\n\n\n<li><mark class=\"has-inline-color has-dark-blue-color\">Como escolher e gerenciar hospedagem de alto desempenho<\/mark><\/li>\n\n\n\n<li><mark class=\"has-inline-color has-dark-blue-color\">Informa\u00e7\u00f5es sobre temas e plugins de WordPress<\/mark><\/li>\n\n\n\n<li><mark class=\"has-inline-color has-dark-blue-color\">Ajustes finos nas configura\u00e7\u00f5es do WordPress<\/mark><\/li>\n\n\n\n<li><mark class=\"has-inline-color has-dark-blue-color\">Solu\u00e7\u00e3o de problemas de lentid\u00e3o<\/mark><\/li>\n\n\n\n<li><mark class=\"has-inline-color has-dark-blue-color\">Otimiza\u00e7\u00e3o de frontend e backend<\/mark><\/li>\n\n\n\n<li><mark class=\"has-inline-color has-dark-blue-color\">E muito mais!<\/mark><\/li>\n<\/ul>\n\n\n\n<div class=\"wp-block-kinsta-buttons\">\n<a class=\"wp-block-kinsta-button\" href=\"https:\/\/kinsta.com\/pt\/ebooks\/wordpress\/acelerar-o-seu-site-wordpress\/\">Baixe o ebook<\/a>\n<\/div>\n<\/div>\n<\/div>\n","protected":false},"excerpt":{"rendered":"","protected":false},"author":115,"featured_media":61902,"parent":42707,"menu_order":0,"comment_status":"closed","ping_status":"closed","template":"","meta":{"_kinsta_gated_content":false,"_kinsta_gated_content_redirect":"https:\/\/kinsta.com\/cheatsheets\/","footnotes":""},"class_list":["post-42709","page","type-page","status-publish","has-post-thumbnail","hentry"],"yoast_head":"<!-- This site is optimized with the Yoast SEO Premium plugin v24.6 (Yoast SEO v24.6) - https:\/\/yoast.com\/wordpress\/plugins\/seo\/ -->\n<title>Checklist de Velocidade do Site - Kinsta\u00ae<\/title>\n<meta name=\"description\" content=\"A velocidade do site \u00e9 crucial para o SEO e para maximizar convers\u00f5es, mas nem sempre \u00e9 claro por onde come\u00e7ar. Encontre os problemas mais comuns para melhorar a velocidade do site.\" \/>\n<meta name=\"robots\" content=\"index, follow, max-snippet:-1, max-image-preview:large, max-video-preview:-1\" \/>\n<link rel=\"canonical\" href=\"https:\/\/kinsta.com\/pt\/consulta-rapida\/checklist-velocidade-do-site\/\" \/>\n<meta property=\"og:locale\" content=\"pt_PT\" \/>\n<meta property=\"og:type\" content=\"article\" \/>\n<meta property=\"og:title\" content=\"Checklist de Velocidade do Site\" \/>\n<meta property=\"og:description\" content=\"A velocidade do site \u00e9 crucial para o SEO e para maximizar convers\u00f5es, mas nem sempre \u00e9 claro por onde come\u00e7ar. Encontre os problemas mais comuns para melhorar a velocidade do site.\" \/>\n<meta property=\"og:url\" content=\"https:\/\/kinsta.com\/pt\/consulta-rapida\/checklist-velocidade-do-site\/\" \/>\n<meta property=\"og:site_name\" content=\"Kinsta\u00ae\" \/>\n<meta property=\"article:publisher\" content=\"https:\/\/www.facebook.com\/kinstapt\/\" \/>\n<meta property=\"article:modified_time\" content=\"2024-03-18T21:47:43+00:00\" \/>\n<meta property=\"og:image\" content=\"https:\/\/kinsta.com\/pt\/wp-content\/uploads\/sites\/3\/2023\/08\/Site-Speed-PT.jpg\" \/>\n\t<meta property=\"og:image:width\" content=\"1200\" \/>\n\t<meta property=\"og:image:height\" content=\"628\" \/>\n\t<meta property=\"og:image:type\" content=\"image\/jpeg\" \/>\n<meta name=\"twitter:card\" content=\"summary_large_image\" \/>\n<meta name=\"twitter:description\" content=\"A velocidade do site \u00e9 crucial para o SEO e para maximizar convers\u00f5es, mas nem sempre \u00e9 claro por onde come\u00e7ar. Encontre os problemas mais comuns para melhorar a velocidade do site.\" \/>\n<meta name=\"twitter:image\" content=\"https:\/\/kinsta.com\/pt\/wp-content\/uploads\/sites\/3\/2023\/08\/Site-Speed-PT.jpg\" \/>\n<meta name=\"twitter:site\" content=\"@kinsta_pt\" \/>\n<meta name=\"twitter:label1\" content=\"Tempo estimado de leitura\" \/>\n\t<meta name=\"twitter:data1\" content=\"1 minuto\" \/>\n<script type=\"application\/ld+json\" class=\"yoast-schema-graph\">{\"@context\":\"https:\/\/schema.org\",\"@graph\":[{\"@type\":\"WebPage\",\"@id\":\"https:\/\/kinsta.com\/pt\/consulta-rapida\/checklist-velocidade-do-site\/\",\"url\":\"https:\/\/kinsta.com\/pt\/consulta-rapida\/checklist-velocidade-do-site\/\",\"name\":\"Checklist de Velocidade do Site - Kinsta\u00ae\",\"isPartOf\":{\"@id\":\"https:\/\/kinsta.com\/pt\/#website\"},\"primaryImageOfPage\":{\"@id\":\"https:\/\/kinsta.com\/pt\/consulta-rapida\/checklist-velocidade-do-site\/#primaryimage\"},\"image\":{\"@id\":\"https:\/\/kinsta.com\/pt\/consulta-rapida\/checklist-velocidade-do-site\/#primaryimage\"},\"thumbnailUrl\":\"https:\/\/kinsta.com\/pt\/wp-content\/uploads\/sites\/3\/2023\/08\/Site-Speed-PT.jpg\",\"datePublished\":\"2021-05-02T07:10:14+00:00\",\"dateModified\":\"2024-03-18T21:47:43+00:00\",\"description\":\"A velocidade do site \u00e9 crucial para o SEO e para maximizar convers\u00f5es, mas nem sempre \u00e9 claro por onde come\u00e7ar. Encontre os problemas mais comuns para melhorar a velocidade do site.\",\"breadcrumb\":{\"@id\":\"https:\/\/kinsta.com\/pt\/consulta-rapida\/checklist-velocidade-do-site\/#breadcrumb\"},\"inLanguage\":\"pt-PT\",\"potentialAction\":[{\"@type\":\"ReadAction\",\"target\":[\"https:\/\/kinsta.com\/pt\/consulta-rapida\/checklist-velocidade-do-site\/\"]}]},{\"@type\":\"ImageObject\",\"inLanguage\":\"pt-PT\",\"@id\":\"https:\/\/kinsta.com\/pt\/consulta-rapida\/checklist-velocidade-do-site\/#primaryimage\",\"url\":\"https:\/\/kinsta.com\/pt\/wp-content\/uploads\/sites\/3\/2023\/08\/Site-Speed-PT.jpg\",\"contentUrl\":\"https:\/\/kinsta.com\/pt\/wp-content\/uploads\/sites\/3\/2023\/08\/Site-Speed-PT.jpg\",\"width\":1200,\"height\":628},{\"@type\":\"BreadcrumbList\",\"@id\":\"https:\/\/kinsta.com\/pt\/consulta-rapida\/checklist-velocidade-do-site\/#breadcrumb\",\"itemListElement\":[{\"@type\":\"ListItem\",\"position\":1,\"name\":\"Home\",\"item\":\"https:\/\/kinsta.com\/pt\/\"},{\"@type\":\"ListItem\",\"position\":2,\"name\":\"Checklist\",\"item\":\"https:\/\/kinsta.com\/pt\/consulta-rapida\/\"},{\"@type\":\"ListItem\",\"position\":3,\"name\":\"Checklist de Velocidade do Site\"}]},{\"@type\":\"WebSite\",\"@id\":\"https:\/\/kinsta.com\/pt\/#website\",\"url\":\"https:\/\/kinsta.com\/pt\/\",\"name\":\"Kinsta\u00ae\",\"description\":\"Solu\u00e7\u00f5es de hospedagem Premium, r\u00e1pida e segura\",\"publisher\":{\"@id\":\"https:\/\/kinsta.com\/pt\/#organization\"},\"potentialAction\":[{\"@type\":\"SearchAction\",\"target\":{\"@type\":\"EntryPoint\",\"urlTemplate\":\"https:\/\/kinsta.com\/pt\/?s={search_term_string}\"},\"query-input\":{\"@type\":\"PropertyValueSpecification\",\"valueRequired\":true,\"valueName\":\"search_term_string\"}}],\"inLanguage\":\"pt-PT\"},{\"@type\":\"Organization\",\"@id\":\"https:\/\/kinsta.com\/pt\/#organization\",\"name\":\"Kinsta\",\"url\":\"https:\/\/kinsta.com\/pt\/\",\"logo\":{\"@type\":\"ImageObject\",\"inLanguage\":\"pt-PT\",\"@id\":\"https:\/\/kinsta.com\/pt\/#\/schema\/logo\/image\/\",\"url\":\"https:\/\/kinsta.com\/pt\/wp-content\/uploads\/sites\/3\/2023\/12\/kinsta-logo.jpeg\",\"contentUrl\":\"https:\/\/kinsta.com\/pt\/wp-content\/uploads\/sites\/3\/2023\/12\/kinsta-logo.jpeg\",\"width\":500,\"height\":500,\"caption\":\"Kinsta\"},\"image\":{\"@id\":\"https:\/\/kinsta.com\/pt\/#\/schema\/logo\/image\/\"},\"sameAs\":[\"https:\/\/www.facebook.com\/kinstapt\/\",\"https:\/\/x.com\/kinsta_pt\",\"https:\/\/www.instagram.com\/kinstahosting\/\",\"https:\/\/www.linkedin.com\/company\/kinsta\/\",\"https:\/\/www.pinterest.com\/kinstahosting\/\",\"https:\/\/www.youtube.com\/c\/Kinsta\"]}]}<\/script>\n<!-- \/ Yoast SEO Premium plugin. -->","yoast_head_json":{"title":"Checklist de Velocidade do Site - Kinsta\u00ae","description":"A velocidade do site \u00e9 crucial para o SEO e para maximizar convers\u00f5es, mas nem sempre \u00e9 claro por onde come\u00e7ar. Encontre os problemas mais comuns para melhorar a velocidade do site.","robots":{"index":"index","follow":"follow","max-snippet":"max-snippet:-1","max-image-preview":"max-image-preview:large","max-video-preview":"max-video-preview:-1"},"canonical":"https:\/\/kinsta.com\/pt\/consulta-rapida\/checklist-velocidade-do-site\/","og_locale":"pt_PT","og_type":"article","og_title":"Checklist de Velocidade do Site","og_description":"A velocidade do site \u00e9 crucial para o SEO e para maximizar convers\u00f5es, mas nem sempre \u00e9 claro por onde come\u00e7ar. Encontre os problemas mais comuns para melhorar a velocidade do site.","og_url":"https:\/\/kinsta.com\/pt\/consulta-rapida\/checklist-velocidade-do-site\/","og_site_name":"Kinsta\u00ae","article_publisher":"https:\/\/www.facebook.com\/kinstapt\/","article_modified_time":"2024-03-18T21:47:43+00:00","og_image":[{"width":1200,"height":628,"url":"https:\/\/kinsta.com\/pt\/wp-content\/uploads\/sites\/3\/2023\/08\/Site-Speed-PT.jpg","type":"image\/jpeg"}],"twitter_card":"summary_large_image","twitter_description":"A velocidade do site \u00e9 crucial para o SEO e para maximizar convers\u00f5es, mas nem sempre \u00e9 claro por onde come\u00e7ar. Encontre os problemas mais comuns para melhorar a velocidade do site.","twitter_image":"https:\/\/kinsta.com\/pt\/wp-content\/uploads\/sites\/3\/2023\/08\/Site-Speed-PT.jpg","twitter_site":"@kinsta_pt","twitter_misc":{"Tempo estimado de leitura":"1 minuto"},"schema":{"@context":"https:\/\/schema.org","@graph":[{"@type":"WebPage","@id":"https:\/\/kinsta.com\/pt\/consulta-rapida\/checklist-velocidade-do-site\/","url":"https:\/\/kinsta.com\/pt\/consulta-rapida\/checklist-velocidade-do-site\/","name":"Checklist de Velocidade do Site - Kinsta\u00ae","isPartOf":{"@id":"https:\/\/kinsta.com\/pt\/#website"},"primaryImageOfPage":{"@id":"https:\/\/kinsta.com\/pt\/consulta-rapida\/checklist-velocidade-do-site\/#primaryimage"},"image":{"@id":"https:\/\/kinsta.com\/pt\/consulta-rapida\/checklist-velocidade-do-site\/#primaryimage"},"thumbnailUrl":"https:\/\/kinsta.com\/pt\/wp-content\/uploads\/sites\/3\/2023\/08\/Site-Speed-PT.jpg","datePublished":"2021-05-02T07:10:14+00:00","dateModified":"2024-03-18T21:47:43+00:00","description":"A velocidade do site \u00e9 crucial para o SEO e para maximizar convers\u00f5es, mas nem sempre \u00e9 claro por onde come\u00e7ar. Encontre os problemas mais comuns para melhorar a velocidade do site.","breadcrumb":{"@id":"https:\/\/kinsta.com\/pt\/consulta-rapida\/checklist-velocidade-do-site\/#breadcrumb"},"inLanguage":"pt-PT","potentialAction":[{"@type":"ReadAction","target":["https:\/\/kinsta.com\/pt\/consulta-rapida\/checklist-velocidade-do-site\/"]}]},{"@type":"ImageObject","inLanguage":"pt-PT","@id":"https:\/\/kinsta.com\/pt\/consulta-rapida\/checklist-velocidade-do-site\/#primaryimage","url":"https:\/\/kinsta.com\/pt\/wp-content\/uploads\/sites\/3\/2023\/08\/Site-Speed-PT.jpg","contentUrl":"https:\/\/kinsta.com\/pt\/wp-content\/uploads\/sites\/3\/2023\/08\/Site-Speed-PT.jpg","width":1200,"height":628},{"@type":"BreadcrumbList","@id":"https:\/\/kinsta.com\/pt\/consulta-rapida\/checklist-velocidade-do-site\/#breadcrumb","itemListElement":[{"@type":"ListItem","position":1,"name":"Home","item":"https:\/\/kinsta.com\/pt\/"},{"@type":"ListItem","position":2,"name":"Checklist","item":"https:\/\/kinsta.com\/pt\/consulta-rapida\/"},{"@type":"ListItem","position":3,"name":"Checklist de Velocidade do Site"}]},{"@type":"WebSite","@id":"https:\/\/kinsta.com\/pt\/#website","url":"https:\/\/kinsta.com\/pt\/","name":"Kinsta\u00ae","description":"Solu\u00e7\u00f5es de hospedagem Premium, r\u00e1pida e segura","publisher":{"@id":"https:\/\/kinsta.com\/pt\/#organization"},"potentialAction":[{"@type":"SearchAction","target":{"@type":"EntryPoint","urlTemplate":"https:\/\/kinsta.com\/pt\/?s={search_term_string}"},"query-input":{"@type":"PropertyValueSpecification","valueRequired":true,"valueName":"search_term_string"}}],"inLanguage":"pt-PT"},{"@type":"Organization","@id":"https:\/\/kinsta.com\/pt\/#organization","name":"Kinsta","url":"https:\/\/kinsta.com\/pt\/","logo":{"@type":"ImageObject","inLanguage":"pt-PT","@id":"https:\/\/kinsta.com\/pt\/#\/schema\/logo\/image\/","url":"https:\/\/kinsta.com\/pt\/wp-content\/uploads\/sites\/3\/2023\/12\/kinsta-logo.jpeg","contentUrl":"https:\/\/kinsta.com\/pt\/wp-content\/uploads\/sites\/3\/2023\/12\/kinsta-logo.jpeg","width":500,"height":500,"caption":"Kinsta"},"image":{"@id":"https:\/\/kinsta.com\/pt\/#\/schema\/logo\/image\/"},"sameAs":["https:\/\/www.facebook.com\/kinstapt\/","https:\/\/x.com\/kinsta_pt","https:\/\/www.instagram.com\/kinstahosting\/","https:\/\/www.linkedin.com\/company\/kinsta\/","https:\/\/www.pinterest.com\/kinstahosting\/","https:\/\/www.youtube.com\/c\/Kinsta"]}]}},"acf":[],"_links":{"self":[{"href":"https:\/\/kinsta.com\/pt\/wp-json\/wp\/v2\/pages\/42709","targetHints":{"allow":["GET"]}}],"collection":[{"href":"https:\/\/kinsta.com\/pt\/wp-json\/wp\/v2\/pages"}],"about":[{"href":"https:\/\/kinsta.com\/pt\/wp-json\/wp\/v2\/types\/page"}],"author":[{"embeddable":true,"href":"https:\/\/kinsta.com\/pt\/wp-json\/wp\/v2\/users\/115"}],"replies":[{"embeddable":true,"href":"https:\/\/kinsta.com\/pt\/wp-json\/wp\/v2\/comments?post=42709"}],"version-history":[{"count":14,"href":"https:\/\/kinsta.com\/pt\/wp-json\/wp\/v2\/pages\/42709\/revisions"}],"predecessor-version":[{"id":67725,"href":"https:\/\/kinsta.com\/pt\/wp-json\/wp\/v2\/pages\/42709\/revisions\/67725"}],"up":[{"embeddable":true,"href":"https:\/\/kinsta.com\/pt\/wp-json\/wp\/v2\/pages\/42707"}],"alternate":[{"embeddable":true,"hreflang":"en","title":"English","href":"https:\/\/kinsta.com\/pt\/wp-json\/kinsta\/v1\/posts\/42709\/translations\/en"},{"embeddable":true,"hreflang":"da","title":"Danish","href":"https:\/\/kinsta.com\/pt\/wp-json\/kinsta\/v1\/posts\/42709\/translations\/dk"},{"embeddable":true,"hreflang":"nl","title":"Dutch","href":"https:\/\/kinsta.com\/pt\/wp-json\/kinsta\/v1\/posts\/42709\/translations\/nl"},{"embeddable":true,"hreflang":"fr","title":"French","href":"https:\/\/kinsta.com\/pt\/wp-json\/kinsta\/v1\/posts\/42709\/translations\/fr"},{"embeddable":true,"hreflang":"de","title":"German","href":"https:\/\/kinsta.com\/pt\/wp-json\/kinsta\/v1\/posts\/42709\/translations\/de"},{"embeddable":true,"hreflang":"it","title":"Italian","href":"https:\/\/kinsta.com\/pt\/wp-json\/kinsta\/v1\/posts\/42709\/translations\/it"},{"embeddable":true,"hreflang":"ja","title":"Japanese","href":"https:\/\/kinsta.com\/pt\/wp-json\/kinsta\/v1\/posts\/42709\/translations\/jp"},{"embeddable":true,"hreflang":"pt","title":"Portuguese","href":"https:\/\/kinsta.com\/pt\/wp-json\/kinsta\/v1\/posts\/42709\/translations\/pt"},{"embeddable":true,"hreflang":"es","title":"Spanish","href":"https:\/\/kinsta.com\/pt\/wp-json\/kinsta\/v1\/posts\/42709\/translations\/es"},{"embeddable":true,"hreflang":"sv","title":"Swedish","href":"https:\/\/kinsta.com\/pt\/wp-json\/kinsta\/v1\/posts\/42709\/translations\/se"},{"href":"https:\/\/kinsta.com\/pt\/wp-json\/kinsta\/v1\/posts\/42709\/tree"}],"wp:featuredmedia":[{"embeddable":true,"href":"https:\/\/kinsta.com\/pt\/wp-json\/wp\/v2\/media\/61902"}],"wp:attachment":[{"href":"https:\/\/kinsta.com\/pt\/wp-json\/wp\/v2\/media?parent=42709"}],"curies":[{"name":"wp","href":"https:\/\/api.w.org\/{rel}","templated":true}]}}