{"id":43232,"date":"2021-06-21T15:11:10","date_gmt":"2021-06-21T13:11:10","guid":{"rendered":"https:\/\/kinsta.com\/?page_id=88143"},"modified":"2026-04-24T10:29:35","modified_gmt":"2026-04-24T13:29:35","slug":"hospedagem-verde","status":"publish","type":"page","link":"https:\/\/kinsta.com\/pt\/hospedagem-verde\/","title":{"rendered":"O que faz da Kinsta a Melhor Hospedagem Verde?"},"content":{"rendered":"\n<header class=\"wp-block-kinsta-hero-title is-style-center-screenshot alignfull\"><div class=\"wp-block-kinsta-hero-title__inner\">\n<div class=\"wp-block-kinsta-columns is-vertical-center\">\n<div class=\"wp-block-kinsta-column wp-block-kinsta-columns__column\">\n<div class=\"wp-block-kinsta-hero-title-content wp-block-kinsta-hero-title__content\"><h1 class=\"wp-block-kinsta-hero-title__title\"><span class=\"wp-block-kinsta-hero-title__title__text\">O que faz da Kinsta a Melhor Hospedagem Verde?<\/span><\/h1>\n<p>A hospedagem ecol\u00f3gica da Kinsta impulsiona dezenas de milhares de sites na internet, desde projetos pessoais at\u00e9 grandes empresas e lojas on-line. Tudo isso \u00e9 poss\u00edvel gra\u00e7as \u00e0 nossa poderosa infraestrutura em nuvem e aos ambientes de servidor otimizados.<\/p>\n\n\n\n<div class=\"wp-block-kinsta-buttons alignleft\">\n\n<\/div>\n<\/div>\n<\/div>\n\n\n\n<div class=\"wp-block-kinsta-column wp-block-kinsta-columns__column\">\n<div class=\"wp-block-kinsta-hero-title-secondary wp-block-kinsta-hero-title__secondary\"><\/div>\n<\/div>\n<\/div>\n<\/div><\/header>\n\n\n\n<div class=\"wp-block-group has-white-background-color has-background is-layout-constrained wp-block-group-is-layout-constrained\">\n<div class=\"wp-block-kinsta-columns is-vertical-center\">\n<div class=\"wp-block-kinsta-column wp-block-kinsta-columns__column\">\n<figure class=\"wp-block-image size-full\"><img decoding=\"async\" src=\"https:\/\/kinsta.com\/wp-content\/uploads\/2023\/11\/kinsta-green-hosting.png\" alt class=\"wp-image-169261\"><\/figure>\n<\/div>\n\n\n\n<div class=\"wp-block-kinsta-column wp-block-kinsta-columns__column\">\n<h2 class=\"wp-block-heading\" id=\"h-kinsta-e-alojamento-verde\">Kinsta \u00e9 Alojamento Verde<\/h2>\n\n\n\n<p>Apesar dessa poderosa infra-estrutura, temos orgulho de dizer que somos uma empresa de hospedagem verde.<\/p>\n\n\n\n<p>Al\u00e9m disso, tentamos reduzir ao m\u00e1ximo as emiss\u00f5es de carbono em Kinsta, para que possamos minimizar o impacto de todos os nossos servi\u00e7os sobre o meio ambiente. Ao mesmo tempo, seus sites ainda s\u00e3o alimentados por tecnologia de ponta para garantir desempenho e seguran\u00e7a.<\/p>\n\n\n\n<div class=\"wp-block-kinsta-buttons aligncenter\">\n<a class=\"wp-block-kinsta-button\" href=\"https:\/\/kinsta.com\/pt\/falar-com-vendas\/\"><span class=\"wp-block-kinsta-button_text\">Agendar uma Demonstra\u00e7\u00e3o<\/span><\/a>\n<\/div>\n<\/div>\n<\/div>\n<\/div>\n\n\n\n<div class=\"wp-block-group has-offwhite-background-color has-background is-layout-constrained wp-block-group-is-layout-constrained\">\n<div class=\"wp-block-kinsta-columns is-reverse is-vertical-center\">\n<div class=\"wp-block-kinsta-column wp-block-kinsta-columns__column\">\n<figure class=\"wp-block-image size-full\"><img loading=\"lazy\" decoding=\"async\" width=\"2400\" height=\"1160\" src=\"https:\/\/kinsta.com\/pt\/wp-content\/uploads\/sites\/3\/2024\/03\/PT_WordPress-hosting-architecture_docs.png\" alt=\"Arquitetura moderna de hospedagem\" class=\"wp-image-74228\" srcset=\"https:\/\/kinsta.com\/pt\/wp-content\/uploads\/sites\/3\/2024\/03\/PT_WordPress-hosting-architecture_docs.png 2400w, https:\/\/kinsta.com\/pt\/wp-content\/uploads\/sites\/3\/2024\/03\/PT_WordPress-hosting-architecture_docs-300x145.png 300w, https:\/\/kinsta.com\/pt\/wp-content\/uploads\/sites\/3\/2024\/03\/PT_WordPress-hosting-architecture_docs-1024x495.png 1024w, https:\/\/kinsta.com\/pt\/wp-content\/uploads\/sites\/3\/2024\/03\/PT_WordPress-hosting-architecture_docs-768x371.png 768w, https:\/\/kinsta.com\/pt\/wp-content\/uploads\/sites\/3\/2024\/03\/PT_WordPress-hosting-architecture_docs-1536x742.png 1536w, https:\/\/kinsta.com\/pt\/wp-content\/uploads\/sites\/3\/2024\/03\/PT_WordPress-hosting-architecture_docs-2048x990.png 2048w\" sizes=\"auto, (max-width: 2400px) 100vw, 2400px\" \/><\/figure>\n<\/div>\n\n\n\n<div class=\"wp-block-kinsta-column wp-block-kinsta-columns__column\">\n<h2 class=\"wp-block-heading\" id=\"h-arquitetura-moderna-de-hospedagem\">Arquitetura moderna de hospedagem<\/h2>\n\n\n\n<p>Podemos fornecer servi\u00e7os de hospedagem que entregam desempenho incompar\u00e1vel. Quando voc\u00ea combina isso com nossos mais de 10 anos de experi\u00eancia em hospedagem e otimiza\u00e7\u00e3o, obt\u00e9m uma combina\u00e7\u00e3o poderosa.<\/p>\n\n\n\n<p>N\u00e3o h\u00e1 como negar que centros de dados consomem grandes quantidades de eletricidade. No entanto, em m\u00e9dia, nossos centros de dados utilizam cerca de 50% menos energia do que outras op\u00e7\u00f5es. Ao trabalhar com uma empresa que busca minimizar sua pegada de carbono, conseguimos reduzir o impacto ambiental dos nossos sites.<\/p>\n<\/div>\n<\/div>\n<\/div>\n\n\n\n<div class=\"wp-block-group has-white-background-color has-background is-layout-constrained wp-block-group-is-layout-constrained\">\n<div class=\"wp-block-kinsta-columns is-vertical-center\">\n<div class=\"wp-block-kinsta-column wp-block-kinsta-columns__column\">\n<figure class=\"wp-block-image size-full\"><img loading=\"lazy\" decoding=\"async\" width=\"1001\" height=\"1000\" src=\"https:\/\/kinsta.com\/pt\/wp-content\/uploads\/sites\/3\/2026\/04\/wp-cloudflare.png\" alt=\"Cloudflare\" class=\"wp-image-75089\" srcset=\"https:\/\/kinsta.com\/pt\/wp-content\/uploads\/sites\/3\/2026\/04\/wp-cloudflare.png 1001w, https:\/\/kinsta.com\/pt\/wp-content\/uploads\/sites\/3\/2026\/04\/wp-cloudflare-300x300.png 300w, https:\/\/kinsta.com\/pt\/wp-content\/uploads\/sites\/3\/2026\/04\/wp-cloudflare-150x150.png 150w, https:\/\/kinsta.com\/pt\/wp-content\/uploads\/sites\/3\/2026\/04\/wp-cloudflare-768x767.png 768w\" sizes=\"auto, (max-width: 1001px) 100vw, 1001px\" \/><\/figure>\n<\/div>\n\n\n\n<div class=\"wp-block-kinsta-column wp-block-kinsta-columns__column\">\n<h2 class=\"wp-block-heading\">Por que usamos o Cloudflare<\/h2>\n\n\n\n<p>Cloudflare \u00e9 um dos principais fornecedores mundiais de servi\u00e7os de seguran\u00e7a e desempenho de sites. Na verdade, o Cloudflare est\u00e1 sendo usado atualmente por mais de 7 milh\u00f5es de sites! Na Kinsta, todos os planos v\u00eam com uma integra\u00e7\u00e3o gratuita do Cloudflare, que inclui um firewall de n\u00edvel empresarial com prote\u00e7\u00e3o DDoS e CDN de alto desempenho. Com base em localiza\u00e7\u00f5es de ponta em quase 200 cidades do mundo, nossa integra\u00e7\u00e3o Cloudflare ajuda a garantir que nossa infraestrutura seja a mais r\u00e1pida e segura poss\u00edvel.<\/p>\n\n\n\n<p>O Cloudflare n\u00e3o s\u00f3 oferece alguns dos melhores produtos de desempenho e seguran\u00e7a para sites da internet, como tamb\u00e9m o faz com um forte foco na minimiza\u00e7\u00e3o do impacto ambiental negativo. Al\u00e9m de se comprometer com a neutralidade de carbono at\u00e9 2022, a Cloudflare anunciou um plano de compra de cr\u00e9ditos de carbono para compensar as emiss\u00f5es dos \u00faltimos 11 anos.<\/p>\n\n\n\n<p>Para atingir seu objetivo de 100% de uso de energia renov\u00e1vel, o Cloudflare estar\u00e1 aumentando a implanta\u00e7\u00e3o de &#8220;servidores hiper-eficientes&#8221; alimentados por CPUs ARM. Em compara\u00e7\u00e3o com os servidores existentes, os novos servidores ARM fornecer\u00e3o o mesmo desempenho com 50% menos consumo de energia. Al\u00e9m disso, o programa &#8220;Green Compute&#8221; do Cloudflare permitir\u00e1 que os usu\u00e1rios executem os scripts dos trabalhadores do Cloudflare exclusivamente em hardware sustent\u00e1vel (alimentado por energia 100% renov\u00e1vel).<\/p>\n\n\n\n<blockquote class=\"wp-block-quote is-layout-flow wp-block-quote-is-layout-flow\">\n<p>A Internet \u00e9 respons\u00e1vel por aproximadamente 1 bilh\u00e3o de toneladas de emiss\u00f5es de gases de efeito estufa por ano &#8211; compar\u00e1vel com as emiss\u00f5es anuais de CO2 de toda a ind\u00fastria da avia\u00e7\u00e3o mundial. Agora qualquer propriedade da Internet na rede Cloudflare &#8211; que hoje j\u00e1 consiste em 17% da web &#8211; reduzir\u00e1 automaticamente as emiss\u00f5es e contribuir\u00e1 de forma cont\u00ednua para um mundo mais verde e sustent\u00e1vel.<\/p>\n<\/blockquote>\n\n\n\n<p>Ao hospedar seu site na Kinsta com a integra\u00e7\u00e3o do Cloudflare habilitada, voc\u00ea pode tirar proveito da melhor seguran\u00e7a da categoria e do desempenho CDN sem comprometer o respeito ao meio ambiente.<\/p>\n\n\n\n<div class=\"wp-block-kinsta-buttons aligncenter\">\n<a class=\"wp-block-kinsta-button\" href=\"https:\/\/kinsta.com\/pt\/precos\/\"><span class=\"wp-block-kinsta-button_text\">Migrar hoje para Kinsta<\/span><\/a>\n<\/div>\n<\/div>\n<\/div>\n<\/div>\n\n\n\n<div class=\"wp-block-group has-white-background-color has-background is-layout-constrained wp-block-group-is-layout-constrained\">\n<div class=\"wp-block-kinsta-columns is-reverse is-vertical-center\">\n<div class=\"wp-block-kinsta-column wp-block-kinsta-columns__column\">\n<figure class=\"wp-block-image size-full\"><img decoding=\"async\" src=\"https:\/\/kinsta.com\/wp-content\/uploads\/2023\/11\/kinsta-reduce-carbon-footprint.png\" alt class=\"wp-image-169274\"><\/figure>\n<\/div>\n\n\n\n<div class=\"wp-block-kinsta-column wp-block-kinsta-columns__column\">\n<h2 class=\"wp-block-heading\">Como a Kinsta trabalha para reduzir as emiss\u00f5es de carbono<\/h2>\n\n\n\n<p>Embora nossa parceria com o Google Cloud desempenhe um grande papel na redu\u00e7\u00e3o das emiss\u00f5es de carbono de nossos servi\u00e7os, tomamos medidas adicionais para minimizar o impacto geral que temos sobre o meio ambiente tamb\u00e9m.<\/p>\n\n\n\n<p>A maneira mais eficiente de reduzir a pegada de carbono de seu site \u00e9 melhorando seu desempenho geral. Ao otimizar a transfer\u00eancia de dados e reduzir o tamanho das p\u00e1ginas, podemos minimizar o impacto de seu website.<\/p>\n\n\n\n<p>Na Kinsta, fazemos isso para cada um de nossos clientes em cada um de <a href=\"https:\/\/kinsta.com\/pt\/precos\/\">nossos planos<\/a>. Ao oferecer o cache integrado gratuito, reduzimos o n\u00famero de vezes que os usu\u00e1rios precisam carregar p\u00e1ginas. Al\u00e9m disso, ao integrar uma <a href=\"https:\/\/kinsta.com\/pt\/docs\/hospedagem-de-wordpress\/cdn-wordpress\/cdn-kinsta\/#kinstas-cdn#how-to-enable-the-kinsta-cdn\">Content Delivery Network (CDN)<\/a> com todos os nossos planos, ajudamos a otimizar a entrega para os visitantes de todo o mundo.<\/p>\n\n\n\n<p>Quanto mais eficiente for seu website, menor impacto ele ter\u00e1 sobre o meio ambiente. Os servi\u00e7os da Kinsta s\u00e3o constru\u00eddos para proporcionar um desempenho inigual\u00e1vel. O melhor de tudo, esse aumento de desempenho tamb\u00e9m se traduz em servi\u00e7os mais ecol\u00f3gicos.<\/p>\n\n\n\n<div class=\"wp-block-kinsta-buttons aligncenter\">\n<a class=\"wp-block-kinsta-button\" href=\"https:\/\/kinsta.com\/pt\/precos\/\"><span class=\"wp-block-kinsta-button_text\">Migrar para Kinsta hoje<\/span><\/a>\n<\/div>\n<\/div>\n<\/div>\n<\/div>\n\n\n\n<div class=\"wp-block-group has-offwhite-background-color has-background is-layout-constrained wp-block-group-is-layout-constrained\">\n<div class=\"wp-block-kinsta-columns is-vertical-center\">\n<div class=\"wp-block-kinsta-column wp-block-kinsta-columns__column\">\n<figure class=\"wp-block-image size-full\"><img decoding=\"async\" src=\"https:\/\/kinsta.com\/wp-content\/uploads\/2023\/11\/kinsta-company-culture-team.png\" alt=\"Fotos dos belos membros da equipe Kinsta\" class=\"wp-image-169256\"><\/figure>\n<\/div>\n\n\n\n<div class=\"wp-block-kinsta-column wp-block-kinsta-columns__column\">\n<h2 class=\"wp-block-heading\">Cultura da empresa Kinsta<\/h2>\n\n\n\n<p>A maneira como a Kinsta opera se alinha perfeitamente com o objetivo de reduzir nosso impacto ambiental.<\/p>\n\n\n\n<p>A equipe da Kinsta \u00e9 remota. Isso significa que n\u00e3o temos uma sede maci\u00e7a com centenas de escrit\u00f3rios, repleta de equipamentos que consomem quantidades astron\u00f4micas de eletricidade. Nossos funcion\u00e1rios n\u00e3o t\u00eam que se deslocar diariamente, e geramos menos desperd\u00edcio, incluindo material de escrit\u00f3rio, alimentos pr\u00e9-embalados e muito mais.<\/p>\n\n\n\n<p>Nossa empresa est\u00e1 comprometida em reduzir o impacto ambiental da hospedagem de sites. Ao utilizar uma infraestrutura em nuvem poderosa, otimizar seus sites para reduzir a transfer\u00eancia de dados e minimizar nosso pr\u00f3prio impacto, conseguimos oferecer servi\u00e7os de hospedagem ecol\u00f3gica de alto n\u00edvel.<\/p>\n\n\n\n<div class=\"wp-block-kinsta-buttons aligncenter\">\n<a class=\"wp-block-kinsta-button\" href=\"https:\/\/kinsta.com\/pt\/precos\/\"><span class=\"wp-block-kinsta-button_text\">Cadastre-se hoje<\/span><\/a>\n<\/div>\n<\/div>\n<\/div>\n<\/div>\n","protected":false},"excerpt":{"rendered":"","protected":false},"author":125,"featured_media":43235,"parent":0,"menu_order":0,"comment_status":"closed","ping_status":"closed","template":"","meta":{"_kinsta_gated_content":false,"_kinsta_gated_content_redirect":"","footnotes":""},"class_list":["post-43232","page","type-page","status-publish","has-post-thumbnail","hentry"],"yoast_head":"<!-- This site is optimized with the Yoast SEO Premium plugin v24.6 (Yoast SEO v24.6) - https:\/\/yoast.com\/wordpress\/plugins\/seo\/ -->\n<title>O que faz da Kinsta\u00ae a Melhor Hospedagem Verde?<\/title>\n<meta name=\"description\" content=\"Os planos de hospedagem de WordPress de alto desempenho da Kinsta s\u00e3o alimentados por energia 100% renov\u00e1vel. Saiba mais sobre as iniciativas de hospedagem verde da Kinsta!\" \/>\n<meta name=\"robots\" content=\"index, follow, max-snippet:-1, max-image-preview:large, max-video-preview:-1\" \/>\n<link rel=\"canonical\" href=\"https:\/\/kinsta.com\/pt\/hospedagem-verde\/\" \/>\n<meta property=\"og:locale\" content=\"pt_PT\" \/>\n<meta property=\"og:type\" content=\"article\" \/>\n<meta property=\"og:title\" content=\"O que faz da Kinsta a Melhor Hospedagem Verde?\" \/>\n<meta property=\"og:description\" content=\"Os planos de hospedagem de WordPress de alto desempenho da Kinsta s\u00e3o alimentados por energia 100% renov\u00e1vel. Saiba mais sobre as iniciativas de hospedagem verde da Kinsta!\" \/>\n<meta property=\"og:url\" content=\"https:\/\/kinsta.com\/pt\/hospedagem-verde\/\" \/>\n<meta property=\"og:site_name\" content=\"Kinsta\u00ae\" \/>\n<meta property=\"article:publisher\" content=\"https:\/\/www.facebook.com\/kinstapt\/\" \/>\n<meta property=\"article:modified_time\" content=\"2026-04-24T13:29:35+00:00\" \/>\n<meta property=\"og:image\" content=\"https:\/\/kinsta.com\/pt\/wp-content\/uploads\/sites\/3\/2021\/06\/hosting-verde.jpeg\" \/>\n\t<meta property=\"og:image:width\" content=\"1460\" \/>\n\t<meta property=\"og:image:height\" content=\"730\" \/>\n\t<meta property=\"og:image:type\" content=\"image\/jpeg\" \/>\n<meta name=\"twitter:card\" content=\"summary_large_image\" \/>\n<meta name=\"twitter:description\" content=\"Os planos de hospedagem de WordPress de alto desempenho da Kinsta s\u00e3o alimentados por energia 100% renov\u00e1vel. Saiba mais sobre as iniciativas de hospedagem verde da Kinsta!\" \/>\n<meta name=\"twitter:image\" content=\"https:\/\/kinsta.com\/pt\/wp-content\/uploads\/sites\/3\/2021\/06\/hosting-verde.jpeg\" \/>\n<meta name=\"twitter:site\" content=\"@kinsta_pt\" \/>\n<meta name=\"twitter:label1\" content=\"Tempo estimado de leitura\" \/>\n\t<meta name=\"twitter:data1\" content=\"7 minutos\" \/>\n<script type=\"application\/ld+json\" class=\"yoast-schema-graph\">{\"@context\":\"https:\/\/schema.org\",\"@graph\":[{\"@type\":\"WebPage\",\"@id\":\"https:\/\/kinsta.com\/pt\/hospedagem-verde\/\",\"url\":\"https:\/\/kinsta.com\/pt\/hospedagem-verde\/\",\"name\":\"O que faz da Kinsta\u00ae a Melhor Hospedagem Verde?\",\"isPartOf\":{\"@id\":\"https:\/\/kinsta.com\/pt\/#website\"},\"primaryImageOfPage\":{\"@id\":\"https:\/\/kinsta.com\/pt\/hospedagem-verde\/#primaryimage\"},\"image\":{\"@id\":\"https:\/\/kinsta.com\/pt\/hospedagem-verde\/#primaryimage\"},\"thumbnailUrl\":\"https:\/\/kinsta.com\/pt\/wp-content\/uploads\/sites\/3\/2021\/06\/hosting-verde.jpeg\",\"datePublished\":\"2021-06-21T13:11:10+00:00\",\"dateModified\":\"2026-04-24T13:29:35+00:00\",\"description\":\"Os planos de hospedagem de WordPress de alto desempenho da Kinsta s\u00e3o alimentados por energia 100% renov\u00e1vel. Saiba mais sobre as iniciativas de hospedagem verde da Kinsta!\",\"breadcrumb\":{\"@id\":\"https:\/\/kinsta.com\/pt\/hospedagem-verde\/#breadcrumb\"},\"inLanguage\":\"pt-PT\",\"potentialAction\":[{\"@type\":\"ReadAction\",\"target\":[\"https:\/\/kinsta.com\/pt\/hospedagem-verde\/\"]}]},{\"@type\":\"ImageObject\",\"inLanguage\":\"pt-PT\",\"@id\":\"https:\/\/kinsta.com\/pt\/hospedagem-verde\/#primaryimage\",\"url\":\"https:\/\/kinsta.com\/pt\/wp-content\/uploads\/sites\/3\/2021\/06\/hosting-verde.jpeg\",\"contentUrl\":\"https:\/\/kinsta.com\/pt\/wp-content\/uploads\/sites\/3\/2021\/06\/hosting-verde.jpeg\",\"width\":1460,\"height\":730,\"caption\":\"O que faz da Kinsta a Melhor Hospedagem Verde?\"},{\"@type\":\"BreadcrumbList\",\"@id\":\"https:\/\/kinsta.com\/pt\/hospedagem-verde\/#breadcrumb\",\"itemListElement\":[{\"@type\":\"ListItem\",\"position\":1,\"name\":\"Home\",\"item\":\"https:\/\/kinsta.com\/pt\/\"},{\"@type\":\"ListItem\",\"position\":2,\"name\":\"O que faz da Kinsta a Melhor Hospedagem Verde?\"}]},{\"@type\":\"WebSite\",\"@id\":\"https:\/\/kinsta.com\/pt\/#website\",\"url\":\"https:\/\/kinsta.com\/pt\/\",\"name\":\"Kinsta\u00ae\",\"description\":\"Solu\u00e7\u00f5es de hospedagem Premium, r\u00e1pida e segura\",\"publisher\":{\"@id\":\"https:\/\/kinsta.com\/pt\/#organization\"},\"potentialAction\":[{\"@type\":\"SearchAction\",\"target\":{\"@type\":\"EntryPoint\",\"urlTemplate\":\"https:\/\/kinsta.com\/pt\/?s={search_term_string}\"},\"query-input\":{\"@type\":\"PropertyValueSpecification\",\"valueRequired\":true,\"valueName\":\"search_term_string\"}}],\"inLanguage\":\"pt-PT\"},{\"@type\":\"Organization\",\"@id\":\"https:\/\/kinsta.com\/pt\/#organization\",\"name\":\"Kinsta\",\"url\":\"https:\/\/kinsta.com\/pt\/\",\"logo\":{\"@type\":\"ImageObject\",\"inLanguage\":\"pt-PT\",\"@id\":\"https:\/\/kinsta.com\/pt\/#\/schema\/logo\/image\/\",\"url\":\"https:\/\/kinsta.com\/pt\/wp-content\/uploads\/sites\/3\/2023\/12\/kinsta-logo.jpeg\",\"contentUrl\":\"https:\/\/kinsta.com\/pt\/wp-content\/uploads\/sites\/3\/2023\/12\/kinsta-logo.jpeg\",\"width\":500,\"height\":500,\"caption\":\"Kinsta\"},\"image\":{\"@id\":\"https:\/\/kinsta.com\/pt\/#\/schema\/logo\/image\/\"},\"sameAs\":[\"https:\/\/www.facebook.com\/kinstapt\/\",\"https:\/\/x.com\/kinsta_pt\",\"https:\/\/www.instagram.com\/kinstahosting\/\",\"https:\/\/www.linkedin.com\/company\/kinsta\/\",\"https:\/\/www.pinterest.com\/kinstahosting\/\",\"https:\/\/www.youtube.com\/c\/Kinsta\"]}]}<\/script>\n<!-- \/ Yoast SEO Premium plugin. -->","yoast_head_json":{"title":"O que faz da Kinsta\u00ae a Melhor Hospedagem Verde?","description":"Os planos de hospedagem de WordPress de alto desempenho da Kinsta s\u00e3o alimentados por energia 100% renov\u00e1vel. Saiba mais sobre as iniciativas de hospedagem verde da Kinsta!","robots":{"index":"index","follow":"follow","max-snippet":"max-snippet:-1","max-image-preview":"max-image-preview:large","max-video-preview":"max-video-preview:-1"},"canonical":"https:\/\/kinsta.com\/pt\/hospedagem-verde\/","og_locale":"pt_PT","og_type":"article","og_title":"O que faz da Kinsta a Melhor Hospedagem Verde?","og_description":"Os planos de hospedagem de WordPress de alto desempenho da Kinsta s\u00e3o alimentados por energia 100% renov\u00e1vel. Saiba mais sobre as iniciativas de hospedagem verde da Kinsta!","og_url":"https:\/\/kinsta.com\/pt\/hospedagem-verde\/","og_site_name":"Kinsta\u00ae","article_publisher":"https:\/\/www.facebook.com\/kinstapt\/","article_modified_time":"2026-04-24T13:29:35+00:00","og_image":[{"width":1460,"height":730,"url":"https:\/\/kinsta.com\/pt\/wp-content\/uploads\/sites\/3\/2021\/06\/hosting-verde.jpeg","type":"image\/jpeg"}],"twitter_card":"summary_large_image","twitter_description":"Os planos de hospedagem de WordPress de alto desempenho da Kinsta s\u00e3o alimentados por energia 100% renov\u00e1vel. Saiba mais sobre as iniciativas de hospedagem verde da Kinsta!","twitter_image":"https:\/\/kinsta.com\/pt\/wp-content\/uploads\/sites\/3\/2021\/06\/hosting-verde.jpeg","twitter_site":"@kinsta_pt","twitter_misc":{"Tempo estimado de leitura":"7 minutos"},"schema":{"@context":"https:\/\/schema.org","@graph":[{"@type":"WebPage","@id":"https:\/\/kinsta.com\/pt\/hospedagem-verde\/","url":"https:\/\/kinsta.com\/pt\/hospedagem-verde\/","name":"O que faz da Kinsta\u00ae a Melhor Hospedagem Verde?","isPartOf":{"@id":"https:\/\/kinsta.com\/pt\/#website"},"primaryImageOfPage":{"@id":"https:\/\/kinsta.com\/pt\/hospedagem-verde\/#primaryimage"},"image":{"@id":"https:\/\/kinsta.com\/pt\/hospedagem-verde\/#primaryimage"},"thumbnailUrl":"https:\/\/kinsta.com\/pt\/wp-content\/uploads\/sites\/3\/2021\/06\/hosting-verde.jpeg","datePublished":"2021-06-21T13:11:10+00:00","dateModified":"2026-04-24T13:29:35+00:00","description":"Os planos de hospedagem de WordPress de alto desempenho da Kinsta s\u00e3o alimentados por energia 100% renov\u00e1vel. Saiba mais sobre as iniciativas de hospedagem verde da Kinsta!","breadcrumb":{"@id":"https:\/\/kinsta.com\/pt\/hospedagem-verde\/#breadcrumb"},"inLanguage":"pt-PT","potentialAction":[{"@type":"ReadAction","target":["https:\/\/kinsta.com\/pt\/hospedagem-verde\/"]}]},{"@type":"ImageObject","inLanguage":"pt-PT","@id":"https:\/\/kinsta.com\/pt\/hospedagem-verde\/#primaryimage","url":"https:\/\/kinsta.com\/pt\/wp-content\/uploads\/sites\/3\/2021\/06\/hosting-verde.jpeg","contentUrl":"https:\/\/kinsta.com\/pt\/wp-content\/uploads\/sites\/3\/2021\/06\/hosting-verde.jpeg","width":1460,"height":730,"caption":"O que faz da Kinsta a Melhor Hospedagem Verde?"},{"@type":"BreadcrumbList","@id":"https:\/\/kinsta.com\/pt\/hospedagem-verde\/#breadcrumb","itemListElement":[{"@type":"ListItem","position":1,"name":"Home","item":"https:\/\/kinsta.com\/pt\/"},{"@type":"ListItem","position":2,"name":"O que faz da Kinsta a Melhor Hospedagem Verde?"}]},{"@type":"WebSite","@id":"https:\/\/kinsta.com\/pt\/#website","url":"https:\/\/kinsta.com\/pt\/","name":"Kinsta\u00ae","description":"Solu\u00e7\u00f5es de hospedagem Premium, r\u00e1pida e segura","publisher":{"@id":"https:\/\/kinsta.com\/pt\/#organization"},"potentialAction":[{"@type":"SearchAction","target":{"@type":"EntryPoint","urlTemplate":"https:\/\/kinsta.com\/pt\/?s={search_term_string}"},"query-input":{"@type":"PropertyValueSpecification","valueRequired":true,"valueName":"search_term_string"}}],"inLanguage":"pt-PT"},{"@type":"Organization","@id":"https:\/\/kinsta.com\/pt\/#organization","name":"Kinsta","url":"https:\/\/kinsta.com\/pt\/","logo":{"@type":"ImageObject","inLanguage":"pt-PT","@id":"https:\/\/kinsta.com\/pt\/#\/schema\/logo\/image\/","url":"https:\/\/kinsta.com\/pt\/wp-content\/uploads\/sites\/3\/2023\/12\/kinsta-logo.jpeg","contentUrl":"https:\/\/kinsta.com\/pt\/wp-content\/uploads\/sites\/3\/2023\/12\/kinsta-logo.jpeg","width":500,"height":500,"caption":"Kinsta"},"image":{"@id":"https:\/\/kinsta.com\/pt\/#\/schema\/logo\/image\/"},"sameAs":["https:\/\/www.facebook.com\/kinstapt\/","https:\/\/x.com\/kinsta_pt","https:\/\/www.instagram.com\/kinstahosting\/","https:\/\/www.linkedin.com\/company\/kinsta\/","https:\/\/www.pinterest.com\/kinstahosting\/","https:\/\/www.youtube.com\/c\/Kinsta"]}]}},"acf":[],"_links":{"self":[{"href":"https:\/\/kinsta.com\/pt\/wp-json\/wp\/v2\/pages\/43232","targetHints":{"allow":["GET"]}}],"collection":[{"href":"https:\/\/kinsta.com\/pt\/wp-json\/wp\/v2\/pages"}],"about":[{"href":"https:\/\/kinsta.com\/pt\/wp-json\/wp\/v2\/types\/page"}],"author":[{"embeddable":true,"href":"https:\/\/kinsta.com\/pt\/wp-json\/wp\/v2\/users\/125"}],"replies":[{"embeddable":true,"href":"https:\/\/kinsta.com\/pt\/wp-json\/wp\/v2\/comments?post=43232"}],"version-history":[{"count":8,"href":"https:\/\/kinsta.com\/pt\/wp-json\/wp\/v2\/pages\/43232\/revisions"}],"predecessor-version":[{"id":75090,"href":"https:\/\/kinsta.com\/pt\/wp-json\/wp\/v2\/pages\/43232\/revisions\/75090"}],"alternate":[{"embeddable":true,"hreflang":"en","title":"English","href":"https:\/\/kinsta.com\/pt\/wp-json\/kinsta\/v1\/posts\/43232\/translations\/en"},{"embeddable":true,"hreflang":"es","title":"Spanish","href":"https:\/\/kinsta.com\/pt\/wp-json\/kinsta\/v1\/posts\/43232\/translations\/es"},{"embeddable":true,"hreflang":"it","title":"Italian","href":"https:\/\/kinsta.com\/pt\/wp-json\/kinsta\/v1\/posts\/43232\/translations\/it"},{"embeddable":true,"hreflang":"pt","title":"Portuguese","href":"https:\/\/kinsta.com\/pt\/wp-json\/kinsta\/v1\/posts\/43232\/translations\/pt"},{"embeddable":true,"hreflang":"de","title":"German","href":"https:\/\/kinsta.com\/pt\/wp-json\/kinsta\/v1\/posts\/43232\/translations\/de"},{"embeddable":true,"hreflang":"fr","title":"French","href":"https:\/\/kinsta.com\/pt\/wp-json\/kinsta\/v1\/posts\/43232\/translations\/fr"},{"embeddable":true,"hreflang":"nl","title":"Dutch","href":"https:\/\/kinsta.com\/pt\/wp-json\/kinsta\/v1\/posts\/43232\/translations\/nl"},{"embeddable":true,"hreflang":"sv","title":"Swedish","href":"https:\/\/kinsta.com\/pt\/wp-json\/kinsta\/v1\/posts\/43232\/translations\/se"},{"embeddable":true,"hreflang":"ja","title":"Japanese","href":"https:\/\/kinsta.com\/pt\/wp-json\/kinsta\/v1\/posts\/43232\/translations\/jp"},{"href":"https:\/\/kinsta.com\/pt\/wp-json\/kinsta\/v1\/posts\/43232\/tree"}],"wp:featuredmedia":[{"embeddable":true,"href":"https:\/\/kinsta.com\/pt\/wp-json\/wp\/v2\/media\/43235"}],"wp:attachment":[{"href":"https:\/\/kinsta.com\/pt\/wp-json\/wp\/v2\/media?parent=43232"}],"curies":[{"name":"wp","href":"https:\/\/api.w.org\/{rel}","templated":true}]}}