{"id":4574,"date":"2016-03-07T18:41:24","date_gmt":"2016-03-07T18:41:24","guid":{"rendered":"http:\/\/kinsta.dev\/?page_id=4561"},"modified":"2022-09-01T07:24:39","modified_gmt":"2022-09-01T10:24:39","slug":"sobre-nos","status":"publish","type":"page","link":"https:\/\/kinsta.com\/pt\/sobre-nos\/","title":{"rendered":"Sobre N\u00f3s"},"content":{"rendered":"","protected":false},"excerpt":{"rendered":"","protected":false},"author":18,"featured_media":52503,"parent":0,"menu_order":0,"comment_status":"closed","ping_status":"closed","template":"templates\/builtin\/about.php","meta":{"_kinsta_gated_content":false,"_kinsta_gated_content_redirect":"","footnotes":""},"class_list":["post-4574","page","type-page","status-publish","has-post-thumbnail","hentry"],"yoast_head":"<!-- This site is optimized with the Yoast SEO Premium plugin v24.6 (Yoast SEO v24.6) - https:\/\/yoast.com\/wordpress\/plugins\/seo\/ -->\n<title>Sobre N\u00f3s - Kinsta<\/title>\n<meta name=\"description\" content=\"Kinsta fornece servi\u00e7os gerenciados de hospedagem de WordPress. Suporte incr\u00edvel, infraestrutura corporativa otimizada para WordPress. Conhe\u00e7a a equipe principal por tr\u00e1s do Kinsta.\" \/>\n<meta name=\"robots\" content=\"index, follow, max-snippet:-1, max-image-preview:large, max-video-preview:-1\" \/>\n<link rel=\"canonical\" href=\"https:\/\/kinsta.com\/pt\/sobre-nos\/\" \/>\n<meta property=\"og:locale\" content=\"pt_PT\" \/>\n<meta property=\"og:type\" content=\"article\" \/>\n<meta property=\"og:title\" content=\"Sobre N\u00f3s\" \/>\n<meta property=\"og:description\" content=\"Kinsta fornece servi\u00e7os gerenciados de hospedagem de WordPress. Suporte incr\u00edvel, infraestrutura corporativa otimizada para WordPress. Conhe\u00e7a a equipe principal por tr\u00e1s do Kinsta.\" \/>\n<meta property=\"og:url\" content=\"https:\/\/kinsta.com\/pt\/sobre-nos\/\" \/>\n<meta property=\"og:site_name\" content=\"Kinsta\u00ae\" \/>\n<meta property=\"article:publisher\" content=\"https:\/\/www.facebook.com\/kinstapt\/\" \/>\n<meta property=\"article:modified_time\" content=\"2022-09-01T10:24:39+00:00\" \/>\n<meta property=\"og:image\" content=\"https:\/\/kinsta.com\/pt\/wp-content\/uploads\/sites\/3\/2022\/09\/sobre-nos.png\" \/>\n\t<meta property=\"og:image:width\" content=\"1200\" \/>\n\t<meta property=\"og:image:height\" content=\"628\" \/>\n\t<meta property=\"og:image:type\" content=\"image\/png\" \/>\n<meta name=\"twitter:card\" content=\"summary_large_image\" \/>\n<meta name=\"twitter:description\" content=\"Kinsta fornece servi\u00e7os gerenciados de hospedagem de WordPress. Suporte incr\u00edvel, infraestrutura corporativa otimizada para WordPress. Conhe\u00e7a a equipe principal por tr\u00e1s do Kinsta.\" \/>\n<meta name=\"twitter:image\" content=\"https:\/\/kinsta.com\/pt\/wp-content\/uploads\/sites\/3\/2022\/09\/sobre-nos.png\" \/>\n<meta name=\"twitter:site\" content=\"@kinsta_pt\" \/>\n<script type=\"application\/ld+json\" class=\"yoast-schema-graph\">{\"@context\":\"https:\/\/schema.org\",\"@graph\":[{\"@type\":\"WebPage\",\"@id\":\"https:\/\/kinsta.com\/pt\/sobre-nos\/\",\"url\":\"https:\/\/kinsta.com\/pt\/sobre-nos\/\",\"name\":\"Sobre N\u00f3s - Kinsta\",\"isPartOf\":{\"@id\":\"https:\/\/kinsta.com\/pt\/#website\"},\"primaryImageOfPage\":{\"@id\":\"https:\/\/kinsta.com\/pt\/sobre-nos\/#primaryimage\"},\"image\":{\"@id\":\"https:\/\/kinsta.com\/pt\/sobre-nos\/#primaryimage\"},\"thumbnailUrl\":\"https:\/\/kinsta.com\/pt\/wp-content\/uploads\/sites\/3\/2022\/09\/sobre-nos.png\",\"datePublished\":\"2016-03-07T18:41:24+00:00\",\"dateModified\":\"2022-09-01T10:24:39+00:00\",\"description\":\"Kinsta fornece servi\u00e7os gerenciados de hospedagem de WordPress. Suporte incr\u00edvel, infraestrutura corporativa otimizada para WordPress. Conhe\u00e7a a equipe principal por tr\u00e1s do Kinsta.\",\"breadcrumb\":{\"@id\":\"https:\/\/kinsta.com\/pt\/sobre-nos\/#breadcrumb\"},\"inLanguage\":\"pt-PT\",\"potentialAction\":[{\"@type\":\"ReadAction\",\"target\":[\"https:\/\/kinsta.com\/pt\/sobre-nos\/\"]}]},{\"@type\":\"ImageObject\",\"inLanguage\":\"pt-PT\",\"@id\":\"https:\/\/kinsta.com\/pt\/sobre-nos\/#primaryimage\",\"url\":\"https:\/\/kinsta.com\/pt\/wp-content\/uploads\/sites\/3\/2022\/09\/sobre-nos.png\",\"contentUrl\":\"https:\/\/kinsta.com\/pt\/wp-content\/uploads\/sites\/3\/2022\/09\/sobre-nos.png\",\"width\":1200,\"height\":628,\"caption\":\"Sobre n\u00f3s\"},{\"@type\":\"BreadcrumbList\",\"@id\":\"https:\/\/kinsta.com\/pt\/sobre-nos\/#breadcrumb\",\"itemListElement\":[{\"@type\":\"ListItem\",\"position\":1,\"name\":\"Home\",\"item\":\"https:\/\/kinsta.com\/pt\/\"},{\"@type\":\"ListItem\",\"position\":2,\"name\":\"Sobre N\u00f3s\"}]},{\"@type\":\"WebSite\",\"@id\":\"https:\/\/kinsta.com\/pt\/#website\",\"url\":\"https:\/\/kinsta.com\/pt\/\",\"name\":\"Kinsta\u00ae\",\"description\":\"Solu\u00e7\u00f5es de hospedagem Premium, r\u00e1pida e segura\",\"publisher\":{\"@id\":\"https:\/\/kinsta.com\/pt\/#organization\"},\"potentialAction\":[{\"@type\":\"SearchAction\",\"target\":{\"@type\":\"EntryPoint\",\"urlTemplate\":\"https:\/\/kinsta.com\/pt\/?s={search_term_string}\"},\"query-input\":{\"@type\":\"PropertyValueSpecification\",\"valueRequired\":true,\"valueName\":\"search_term_string\"}}],\"inLanguage\":\"pt-PT\"},{\"@type\":\"Organization\",\"@id\":\"https:\/\/kinsta.com\/pt\/#organization\",\"name\":\"Kinsta\",\"url\":\"https:\/\/kinsta.com\/pt\/\",\"logo\":{\"@type\":\"ImageObject\",\"inLanguage\":\"pt-PT\",\"@id\":\"https:\/\/kinsta.com\/pt\/#\/schema\/logo\/image\/\",\"url\":\"https:\/\/kinsta.com\/pt\/wp-content\/uploads\/sites\/3\/2023\/12\/kinsta-logo.jpeg\",\"contentUrl\":\"https:\/\/kinsta.com\/pt\/wp-content\/uploads\/sites\/3\/2023\/12\/kinsta-logo.jpeg\",\"width\":500,\"height\":500,\"caption\":\"Kinsta\"},\"image\":{\"@id\":\"https:\/\/kinsta.com\/pt\/#\/schema\/logo\/image\/\"},\"sameAs\":[\"https:\/\/www.facebook.com\/kinstapt\/\",\"https:\/\/x.com\/kinsta_pt\",\"https:\/\/www.instagram.com\/kinstahosting\/\",\"https:\/\/www.linkedin.com\/company\/kinsta\/\",\"https:\/\/www.pinterest.com\/kinstahosting\/\",\"https:\/\/www.youtube.com\/c\/Kinsta\"]}]}<\/script>\n<!-- \/ Yoast SEO Premium plugin. -->","yoast_head_json":{"title":"Sobre N\u00f3s - Kinsta","description":"Kinsta fornece servi\u00e7os gerenciados de hospedagem de WordPress. Suporte incr\u00edvel, infraestrutura corporativa otimizada para WordPress. Conhe\u00e7a a equipe principal por tr\u00e1s do Kinsta.","robots":{"index":"index","follow":"follow","max-snippet":"max-snippet:-1","max-image-preview":"max-image-preview:large","max-video-preview":"max-video-preview:-1"},"canonical":"https:\/\/kinsta.com\/pt\/sobre-nos\/","og_locale":"pt_PT","og_type":"article","og_title":"Sobre N\u00f3s","og_description":"Kinsta fornece servi\u00e7os gerenciados de hospedagem de WordPress. Suporte incr\u00edvel, infraestrutura corporativa otimizada para WordPress. Conhe\u00e7a a equipe principal por tr\u00e1s do Kinsta.","og_url":"https:\/\/kinsta.com\/pt\/sobre-nos\/","og_site_name":"Kinsta\u00ae","article_publisher":"https:\/\/www.facebook.com\/kinstapt\/","article_modified_time":"2022-09-01T10:24:39+00:00","og_image":[{"width":1200,"height":628,"url":"https:\/\/kinsta.com\/pt\/wp-content\/uploads\/sites\/3\/2022\/09\/sobre-nos.png","type":"image\/png"}],"twitter_card":"summary_large_image","twitter_description":"Kinsta fornece servi\u00e7os gerenciados de hospedagem de WordPress. Suporte incr\u00edvel, infraestrutura corporativa otimizada para WordPress. Conhe\u00e7a a equipe principal por tr\u00e1s do Kinsta.","twitter_image":"https:\/\/kinsta.com\/pt\/wp-content\/uploads\/sites\/3\/2022\/09\/sobre-nos.png","twitter_site":"@kinsta_pt","schema":{"@context":"https:\/\/schema.org","@graph":[{"@type":"WebPage","@id":"https:\/\/kinsta.com\/pt\/sobre-nos\/","url":"https:\/\/kinsta.com\/pt\/sobre-nos\/","name":"Sobre N\u00f3s - Kinsta","isPartOf":{"@id":"https:\/\/kinsta.com\/pt\/#website"},"primaryImageOfPage":{"@id":"https:\/\/kinsta.com\/pt\/sobre-nos\/#primaryimage"},"image":{"@id":"https:\/\/kinsta.com\/pt\/sobre-nos\/#primaryimage"},"thumbnailUrl":"https:\/\/kinsta.com\/pt\/wp-content\/uploads\/sites\/3\/2022\/09\/sobre-nos.png","datePublished":"2016-03-07T18:41:24+00:00","dateModified":"2022-09-01T10:24:39+00:00","description":"Kinsta fornece servi\u00e7os gerenciados de hospedagem de WordPress. Suporte incr\u00edvel, infraestrutura corporativa otimizada para WordPress. Conhe\u00e7a a equipe principal por tr\u00e1s do Kinsta.","breadcrumb":{"@id":"https:\/\/kinsta.com\/pt\/sobre-nos\/#breadcrumb"},"inLanguage":"pt-PT","potentialAction":[{"@type":"ReadAction","target":["https:\/\/kinsta.com\/pt\/sobre-nos\/"]}]},{"@type":"ImageObject","inLanguage":"pt-PT","@id":"https:\/\/kinsta.com\/pt\/sobre-nos\/#primaryimage","url":"https:\/\/kinsta.com\/pt\/wp-content\/uploads\/sites\/3\/2022\/09\/sobre-nos.png","contentUrl":"https:\/\/kinsta.com\/pt\/wp-content\/uploads\/sites\/3\/2022\/09\/sobre-nos.png","width":1200,"height":628,"caption":"Sobre n\u00f3s"},{"@type":"BreadcrumbList","@id":"https:\/\/kinsta.com\/pt\/sobre-nos\/#breadcrumb","itemListElement":[{"@type":"ListItem","position":1,"name":"Home","item":"https:\/\/kinsta.com\/pt\/"},{"@type":"ListItem","position":2,"name":"Sobre N\u00f3s"}]},{"@type":"WebSite","@id":"https:\/\/kinsta.com\/pt\/#website","url":"https:\/\/kinsta.com\/pt\/","name":"Kinsta\u00ae","description":"Solu\u00e7\u00f5es de hospedagem Premium, r\u00e1pida e segura","publisher":{"@id":"https:\/\/kinsta.com\/pt\/#organization"},"potentialAction":[{"@type":"SearchAction","target":{"@type":"EntryPoint","urlTemplate":"https:\/\/kinsta.com\/pt\/?s={search_term_string}"},"query-input":{"@type":"PropertyValueSpecification","valueRequired":true,"valueName":"search_term_string"}}],"inLanguage":"pt-PT"},{"@type":"Organization","@id":"https:\/\/kinsta.com\/pt\/#organization","name":"Kinsta","url":"https:\/\/kinsta.com\/pt\/","logo":{"@type":"ImageObject","inLanguage":"pt-PT","@id":"https:\/\/kinsta.com\/pt\/#\/schema\/logo\/image\/","url":"https:\/\/kinsta.com\/pt\/wp-content\/uploads\/sites\/3\/2023\/12\/kinsta-logo.jpeg","contentUrl":"https:\/\/kinsta.com\/pt\/wp-content\/uploads\/sites\/3\/2023\/12\/kinsta-logo.jpeg","width":500,"height":500,"caption":"Kinsta"},"image":{"@id":"https:\/\/kinsta.com\/pt\/#\/schema\/logo\/image\/"},"sameAs":["https:\/\/www.facebook.com\/kinstapt\/","https:\/\/x.com\/kinsta_pt","https:\/\/www.instagram.com\/kinstahosting\/","https:\/\/www.linkedin.com\/company\/kinsta\/","https:\/\/www.pinterest.com\/kinstahosting\/","https:\/\/www.youtube.com\/c\/Kinsta"]}]}},"acf":[],"_links":{"self":[{"href":"https:\/\/kinsta.com\/pt\/wp-json\/wp\/v2\/pages\/4574","targetHints":{"allow":["GET"]}}],"collection":[{"href":"https:\/\/kinsta.com\/pt\/wp-json\/wp\/v2\/pages"}],"about":[{"href":"https:\/\/kinsta.com\/pt\/wp-json\/wp\/v2\/types\/page"}],"author":[{"embeddable":true,"href":"https:\/\/kinsta.com\/pt\/wp-json\/wp\/v2\/users\/18"}],"replies":[{"embeddable":true,"href":"https:\/\/kinsta.com\/pt\/wp-json\/wp\/v2\/comments?post=4574"}],"version-history":[{"count":2,"href":"https:\/\/kinsta.com\/pt\/wp-json\/wp\/v2\/pages\/4574\/revisions"}],"predecessor-version":[{"id":19372,"href":"https:\/\/kinsta.com\/pt\/wp-json\/wp\/v2\/pages\/4574\/revisions\/19372"}],"alternate":[{"embeddable":true,"hreflang":"es","title":"Spanish","href":"https:\/\/kinsta.com\/pt\/wp-json\/kinsta\/v1\/posts\/4574\/translations\/es"},{"embeddable":true,"hreflang":"pt","title":"Portuguese","href":"https:\/\/kinsta.com\/pt\/wp-json\/kinsta\/v1\/posts\/4574\/translations\/pt"},{"embeddable":true,"hreflang":"fr","title":"French","href":"https:\/\/kinsta.com\/pt\/wp-json\/kinsta\/v1\/posts\/4574\/translations\/fr"},{"embeddable":true,"hreflang":"de","title":"German","href":"https:\/\/kinsta.com\/pt\/wp-json\/kinsta\/v1\/posts\/4574\/translations\/de"},{"embeddable":true,"hreflang":"nl","title":"Dutch","href":"https:\/\/kinsta.com\/pt\/wp-json\/kinsta\/v1\/posts\/4574\/translations\/nl"},{"embeddable":true,"hreflang":"da","title":"Danish","href":"https:\/\/kinsta.com\/pt\/wp-json\/kinsta\/v1\/posts\/4574\/translations\/dk"},{"embeddable":true,"hreflang":"sv","title":"Swedish","href":"https:\/\/kinsta.com\/pt\/wp-json\/kinsta\/v1\/posts\/4574\/translations\/se"},{"embeddable":true,"hreflang":"en","title":"English","href":"https:\/\/kinsta.com\/pt\/wp-json\/kinsta\/v1\/posts\/4574\/translations\/en"},{"embeddable":true,"hreflang":"it","title":"Italian","href":"https:\/\/kinsta.com\/pt\/wp-json\/kinsta\/v1\/posts\/4574\/translations\/it"},{"embeddable":true,"hreflang":"ja","title":"Japanese","href":"https:\/\/kinsta.com\/pt\/wp-json\/kinsta\/v1\/posts\/4574\/translations\/jp"},{"href":"https:\/\/kinsta.com\/pt\/wp-json\/kinsta\/v1\/posts\/4574\/tree"}],"wp:featuredmedia":[{"embeddable":true,"href":"https:\/\/kinsta.com\/pt\/wp-json\/wp\/v2\/media\/52503"}],"wp:attachment":[{"href":"https:\/\/kinsta.com\/pt\/wp-json\/wp\/v2\/media?parent=4574"}],"curies":[{"name":"wp","href":"https:\/\/api.w.org\/{rel}","templated":true}]}}