{"id":4579,"date":"2016-03-07T18:42:07","date_gmt":"2016-03-07T18:42:07","guid":{"rendered":"http:\/\/kinsta.dev\/?page_id=4573"},"modified":"2025-01-29T06:12:10","modified_gmt":"2025-01-29T09:12:10","slug":"informacoes-legais","status":"publish","type":"page","link":"https:\/\/kinsta.com\/pt\/informacoes-legais\/","title":{"rendered":"Informa\u00e7\u00f5es Legais"},"content":{"rendered":"<aside role=\"note\" class=\"wp-block-kinsta-notice is-style-plain\">\n        <p>Esta \u00e9 uma tradu\u00e7\u00e3o original para o portugu\u00eas da se\u00e7\u00e3o jur\u00eddica em ingl\u00eas. Observe que, embora fa\u00e7amos todas as precau\u00e7\u00f5es para garantir que o texto abaixo esteja correto, no caso de qualquer discrep\u00e2ncia entre as duas vers\u00f5es, a vers\u00e3o em ingl\u00eas prevalecer\u00e1. O texto legal original pode ser encontrado <a href=\"https:\/\/kinsta.com\/legal\/\" data-no-translate>aqui<\/a>.<\/p>\n<\/aside>\n\n\n\n\n<p>A manuten\u00e7\u00e3o em vigor de contratos de presta\u00e7\u00e3o de servi\u00e7os, pol\u00edticas de privacidade e documenta\u00e7\u00e3o de direitos autorais \u00e9 a base de um neg\u00f3cio transparente. A Kinsta se certifica de que os alicerces da empresa s\u00e3o claros e convida os Clientes a lerem esses documentos quando lhes for conveniente.<\/p>\n\n\n\n<h3 class=\"wp-block-heading\" id=\"h-termos-de-servi-o\">Termos de servi\u00e7o<\/h3>\n\n\n\n<p>Os Termos de Servi\u00e7o resumem os direitos, obriga\u00e7\u00f5es e restri\u00e7\u00f5es das partes em rela\u00e7\u00e3o aos nossos servi\u00e7os.<\/p>\n\n\n\n<div class=\"wp-block-kinsta-buttons\">\n<a class=\"wp-block-kinsta-button\" href=\"https:\/\/kinsta.com\/pt\/informacoes-legais\/termos-servico\/\">Ler Online<\/a>\n<\/div>\n\n\n\n<h3 class=\"wp-block-heading\" id=\"h-pol-tica-de-privacidade\">Pol\u00edtica de Privacidade<\/h3>\n\n\n\n<p>A Pol\u00edtica de Privacidade define como a Kinsta administra os dados nos seus servidores e o que faz em caso de viola\u00e7\u00e3o de direitos autorais.<\/p>\n\n\n\n<div class=\"wp-block-kinsta-buttons\">\n<a class=\"wp-block-kinsta-button\" href=\"https:\/\/kinsta.com\/pt\/informacoes-legais\/politicas-privacidade\/\">Ler Online<\/a>\n<\/div>\n\n\n\n<h3 class=\"wp-block-heading\" id=\"h-adendo-de-processamento-de-dados-dpa\">Adendo de Processamento de Dados (DPA)<\/h3>\n\n\n\n<p>O Adendo de Processamento de Dados estabelece as obriga\u00e7\u00f5es das partes em rela\u00e7\u00e3o ao processamento e seguran\u00e7a dos Dados Pessoais do Cliente.<\/p>\n\n\n\n<div class=\"wp-block-kinsta-buttons\">\n<a class=\"wp-block-kinsta-button\" href=\"https:\/\/kinsta.com\/pt\/informacoes-legais\/addendum-processamento-dados\/\">Ler Online<\/a>\n<\/div>\n\n\n\n<h3 class=\"wp-block-heading\" id=\"h-subprocessadores\">Subprocessadores<\/h3>\n\n\n\n<p>Nossa p\u00e1gina de Subprocessadores explica como a Kinsta se envolve com Subprocessadores para apoiar nossos servi\u00e7os.<\/p>\n\n\n\n<div class=\"wp-block-kinsta-buttons\">\n<a class=\"wp-block-kinsta-button\" href=\"https:\/\/kinsta.com\/pt\/informacoes-legais\/subprocessadores\/\">Ler Online<\/a>\n<\/div>\n\n\n\n<h3 class=\"wp-block-heading\" id=\"h-contrato-de-n-vel-de-servi-os\">Contrato de N\u00edvel de Servi\u00e7os<\/h3>\n\n\n\n<p>O CNS descreve a disponibilidade dos servi\u00e7os da Kinsta, sua meta de corre\u00e7\u00e3o de erros e as consequ\u00eancias que cabem \u00e0 empresa se deixar de cumprir esses objetivos.<\/p>\n\n\n\n<div class=\"wp-block-kinsta-buttons\">\n<a class=\"wp-block-kinsta-button\" href=\"https:\/\/kinsta.com\/pt\/informacoes-legais\/acordo-nivel-servicos\/\">Ler Online<\/a>\n<\/div>\n\n\n\n<h3 class=\"wp-block-heading\" id=\"h-termos-de-afiliadas\">Termos de Afiliadas<\/h3>\n\n\n\n<p>Os Termos de Afiliadas servem para gerenciar a rede de Afiliadas da Kinsta.<\/p>\n\n\n\n<div class=\"wp-block-kinsta-buttons\">\n<a class=\"wp-block-kinsta-button\" href=\"https:\/\/kinsta.com\/pt\/informacoes-legais\/termos-de-afiliados-kinsta\/\">Ler Online<\/a>\n<\/div>\n\n\n\n<h3 class=\"wp-block-heading\" id=\"h-termos-e-condi-es-do-programa-de-indica-o-de-clientes\">Termos e Condi\u00e7\u00f5es do Programa de Indica\u00e7\u00e3o de Clientes<\/h3>\n\n\n\n<p>Os Termos de Indica\u00e7\u00e3o de Clientes regulam o Programa de Indica\u00e7\u00e3o.<\/p>\n\n\n\n<div class=\"wp-block-kinsta-buttons\">\n<a class=\"wp-block-kinsta-button\" href=\"https:\/\/kinsta.com\/pt\/informacoes-legais\/termos-de-indicacao\/\">Ler Online<\/a>\n<\/div>\n\n\n\n<h3 class=\"wp-block-heading\" id=\"h-configura-es-de-cookies\">Configura\u00e7\u00f5es de Cookies<\/h3>\n\n\n\n<p>Um cookie \u00e9 uma sequ\u00eancia de informa\u00e7\u00f5es que um site armazena no computador do visitante e que o navegador do visitante fornece para ao site cada vez que o visitante retornar. Esta p\u00e1gina apresenta as configura\u00e7\u00f5es de cookies no site da Kinsta.<\/p>\n\n\n\n<div class=\"wp-block-kinsta-buttons\">\n<a class=\"wp-block-kinsta-button\" href=\"https:\/\/kinsta.com\/pt\/configuracoes-cookies\/\">Ver Detalhes<\/a>\n<\/div>\n","protected":false},"excerpt":{"rendered":"<p>A manuten\u00e7\u00e3o em vigor de contratos de presta\u00e7\u00e3o de servi\u00e7os, pol\u00edticas de privacidade e documenta\u00e7\u00e3o de direitos autorais \u00e9 a base de um neg\u00f3cio transparente. A &#8230;<\/p>\n","protected":false},"author":18,"featured_media":0,"parent":0,"menu_order":0,"comment_status":"closed","ping_status":"closed","template":"templates\/template-article.php","meta":{"_kinsta_gated_content":false,"_kinsta_gated_content_redirect":"","footnotes":""},"class_list":["post-4579","page","type-page","status-publish","hentry"],"yoast_head":"<!-- This site is optimized with the Yoast SEO Premium plugin v24.6 (Yoast SEO v24.6) - https:\/\/yoast.com\/wordpress\/plugins\/seo\/ -->\n<title>Informa\u00e7\u00f5es Legais - Kinsta<\/title>\n<meta name=\"description\" content=\"A manuten\u00e7\u00e3o em vigor de contratos de presta\u00e7\u00e3o de servi\u00e7os, pol\u00edticas de privacidade e documenta\u00e7\u00e3o de direitos autorais \u00e9 a base de um neg\u00f3cio transparente.\" \/>\n<meta name=\"robots\" content=\"index, follow, max-snippet:-1, max-image-preview:large, max-video-preview:-1\" \/>\n<link rel=\"canonical\" href=\"https:\/\/kinsta.com\/pt\/informacoes-legais\/\" \/>\n<meta property=\"og:locale\" content=\"pt_PT\" \/>\n<meta property=\"og:type\" content=\"article\" \/>\n<meta property=\"og:title\" content=\"Informa\u00e7\u00f5es Legais\" \/>\n<meta property=\"og:description\" content=\"A manuten\u00e7\u00e3o em vigor de contratos de presta\u00e7\u00e3o de servi\u00e7os, pol\u00edticas de privacidade e documenta\u00e7\u00e3o de direitos autorais \u00e9 a base de um neg\u00f3cio transparente.\" \/>\n<meta property=\"og:url\" content=\"https:\/\/kinsta.com\/pt\/informacoes-legais\/\" \/>\n<meta property=\"og:site_name\" content=\"Kinsta\u00ae\" \/>\n<meta property=\"article:publisher\" content=\"https:\/\/www.facebook.com\/kinstapt\/\" \/>\n<meta property=\"article:modified_time\" content=\"2025-01-29T09:12:10+00:00\" \/>\n<meta property=\"og:image\" content=\"https:\/\/kinsta.com\/pt\/wp-content\/uploads\/sites\/3\/2023\/12\/kinsta-homepage-pt.png\" \/>\n\t<meta property=\"og:image:width\" content=\"1200\" \/>\n\t<meta property=\"og:image:height\" content=\"628\" \/>\n\t<meta property=\"og:image:type\" content=\"image\/png\" \/>\n<meta name=\"twitter:card\" content=\"summary_large_image\" \/>\n<meta name=\"twitter:description\" content=\"A manuten\u00e7\u00e3o em vigor de contratos de presta\u00e7\u00e3o de servi\u00e7os, pol\u00edticas de privacidade e documenta\u00e7\u00e3o de direitos autorais \u00e9 a base de um neg\u00f3cio transparente.\" \/>\n<meta name=\"twitter:image\" content=\"https:\/\/kinsta.com\/pt\/wp-content\/uploads\/sites\/3\/2023\/12\/kinsta-homepage-pt.png\" \/>\n<meta name=\"twitter:site\" content=\"@kinsta_pt\" \/>\n<meta name=\"twitter:label1\" content=\"Tempo estimado de leitura\" \/>\n\t<meta name=\"twitter:data1\" content=\"2 minutos\" \/>\n<script type=\"application\/ld+json\" class=\"yoast-schema-graph\">{\"@context\":\"https:\/\/schema.org\",\"@graph\":[{\"@type\":\"WebPage\",\"@id\":\"https:\/\/kinsta.com\/pt\/informacoes-legais\/\",\"url\":\"https:\/\/kinsta.com\/pt\/informacoes-legais\/\",\"name\":\"Informa\u00e7\u00f5es Legais - Kinsta\",\"isPartOf\":{\"@id\":\"https:\/\/kinsta.com\/pt\/#website\"},\"datePublished\":\"2016-03-07T18:42:07+00:00\",\"dateModified\":\"2025-01-29T09:12:10+00:00\",\"description\":\"A manuten\u00e7\u00e3o em vigor de contratos de presta\u00e7\u00e3o de servi\u00e7os, pol\u00edticas de privacidade e documenta\u00e7\u00e3o de direitos autorais \u00e9 a base de um neg\u00f3cio transparente.\",\"breadcrumb\":{\"@id\":\"https:\/\/kinsta.com\/pt\/informacoes-legais\/#breadcrumb\"},\"inLanguage\":\"pt-PT\",\"potentialAction\":[{\"@type\":\"ReadAction\",\"target\":[\"https:\/\/kinsta.com\/pt\/informacoes-legais\/\"]}]},{\"@type\":\"BreadcrumbList\",\"@id\":\"https:\/\/kinsta.com\/pt\/informacoes-legais\/#breadcrumb\",\"itemListElement\":[{\"@type\":\"ListItem\",\"position\":1,\"name\":\"Home\",\"item\":\"https:\/\/kinsta.com\/pt\/\"},{\"@type\":\"ListItem\",\"position\":2,\"name\":\"Informa\u00e7\u00f5es Legais\"}]},{\"@type\":\"WebSite\",\"@id\":\"https:\/\/kinsta.com\/pt\/#website\",\"url\":\"https:\/\/kinsta.com\/pt\/\",\"name\":\"Kinsta\u00ae\",\"description\":\"Solu\u00e7\u00f5es de hospedagem Premium, r\u00e1pida e segura\",\"publisher\":{\"@id\":\"https:\/\/kinsta.com\/pt\/#organization\"},\"potentialAction\":[{\"@type\":\"SearchAction\",\"target\":{\"@type\":\"EntryPoint\",\"urlTemplate\":\"https:\/\/kinsta.com\/pt\/?s={search_term_string}\"},\"query-input\":{\"@type\":\"PropertyValueSpecification\",\"valueRequired\":true,\"valueName\":\"search_term_string\"}}],\"inLanguage\":\"pt-PT\"},{\"@type\":\"Organization\",\"@id\":\"https:\/\/kinsta.com\/pt\/#organization\",\"name\":\"Kinsta\",\"url\":\"https:\/\/kinsta.com\/pt\/\",\"logo\":{\"@type\":\"ImageObject\",\"inLanguage\":\"pt-PT\",\"@id\":\"https:\/\/kinsta.com\/pt\/#\/schema\/logo\/image\/\",\"url\":\"https:\/\/kinsta.com\/pt\/wp-content\/uploads\/sites\/3\/2023\/12\/kinsta-logo.jpeg\",\"contentUrl\":\"https:\/\/kinsta.com\/pt\/wp-content\/uploads\/sites\/3\/2023\/12\/kinsta-logo.jpeg\",\"width\":500,\"height\":500,\"caption\":\"Kinsta\"},\"image\":{\"@id\":\"https:\/\/kinsta.com\/pt\/#\/schema\/logo\/image\/\"},\"sameAs\":[\"https:\/\/www.facebook.com\/kinstapt\/\",\"https:\/\/x.com\/kinsta_pt\",\"https:\/\/www.instagram.com\/kinstahosting\/\",\"https:\/\/www.linkedin.com\/company\/kinsta\/\",\"https:\/\/www.pinterest.com\/kinstahosting\/\",\"https:\/\/www.youtube.com\/c\/Kinsta\"]}]}<\/script>\n<!-- \/ Yoast SEO Premium plugin. -->","yoast_head_json":{"title":"Informa\u00e7\u00f5es Legais - Kinsta","description":"A manuten\u00e7\u00e3o em vigor de contratos de presta\u00e7\u00e3o de servi\u00e7os, pol\u00edticas de privacidade e documenta\u00e7\u00e3o de direitos autorais \u00e9 a base de um neg\u00f3cio transparente.","robots":{"index":"index","follow":"follow","max-snippet":"max-snippet:-1","max-image-preview":"max-image-preview:large","max-video-preview":"max-video-preview:-1"},"canonical":"https:\/\/kinsta.com\/pt\/informacoes-legais\/","og_locale":"pt_PT","og_type":"article","og_title":"Informa\u00e7\u00f5es Legais","og_description":"A manuten\u00e7\u00e3o em vigor de contratos de presta\u00e7\u00e3o de servi\u00e7os, pol\u00edticas de privacidade e documenta\u00e7\u00e3o de direitos autorais \u00e9 a base de um neg\u00f3cio transparente.","og_url":"https:\/\/kinsta.com\/pt\/informacoes-legais\/","og_site_name":"Kinsta\u00ae","article_publisher":"https:\/\/www.facebook.com\/kinstapt\/","article_modified_time":"2025-01-29T09:12:10+00:00","og_image":[{"width":1200,"height":628,"url":"https:\/\/kinsta.com\/pt\/wp-content\/uploads\/sites\/3\/2023\/12\/kinsta-homepage-pt.png","type":"image\/png"}],"twitter_card":"summary_large_image","twitter_description":"A manuten\u00e7\u00e3o em vigor de contratos de presta\u00e7\u00e3o de servi\u00e7os, pol\u00edticas de privacidade e documenta\u00e7\u00e3o de direitos autorais \u00e9 a base de um neg\u00f3cio transparente.","twitter_image":"https:\/\/kinsta.com\/pt\/wp-content\/uploads\/sites\/3\/2023\/12\/kinsta-homepage-pt.png","twitter_site":"@kinsta_pt","twitter_misc":{"Tempo estimado de leitura":"2 minutos"},"schema":{"@context":"https:\/\/schema.org","@graph":[{"@type":"WebPage","@id":"https:\/\/kinsta.com\/pt\/informacoes-legais\/","url":"https:\/\/kinsta.com\/pt\/informacoes-legais\/","name":"Informa\u00e7\u00f5es Legais - Kinsta","isPartOf":{"@id":"https:\/\/kinsta.com\/pt\/#website"},"datePublished":"2016-03-07T18:42:07+00:00","dateModified":"2025-01-29T09:12:10+00:00","description":"A manuten\u00e7\u00e3o em vigor de contratos de presta\u00e7\u00e3o de servi\u00e7os, pol\u00edticas de privacidade e documenta\u00e7\u00e3o de direitos autorais \u00e9 a base de um neg\u00f3cio transparente.","breadcrumb":{"@id":"https:\/\/kinsta.com\/pt\/informacoes-legais\/#breadcrumb"},"inLanguage":"pt-PT","potentialAction":[{"@type":"ReadAction","target":["https:\/\/kinsta.com\/pt\/informacoes-legais\/"]}]},{"@type":"BreadcrumbList","@id":"https:\/\/kinsta.com\/pt\/informacoes-legais\/#breadcrumb","itemListElement":[{"@type":"ListItem","position":1,"name":"Home","item":"https:\/\/kinsta.com\/pt\/"},{"@type":"ListItem","position":2,"name":"Informa\u00e7\u00f5es Legais"}]},{"@type":"WebSite","@id":"https:\/\/kinsta.com\/pt\/#website","url":"https:\/\/kinsta.com\/pt\/","name":"Kinsta\u00ae","description":"Solu\u00e7\u00f5es de hospedagem Premium, r\u00e1pida e segura","publisher":{"@id":"https:\/\/kinsta.com\/pt\/#organization"},"potentialAction":[{"@type":"SearchAction","target":{"@type":"EntryPoint","urlTemplate":"https:\/\/kinsta.com\/pt\/?s={search_term_string}"},"query-input":{"@type":"PropertyValueSpecification","valueRequired":true,"valueName":"search_term_string"}}],"inLanguage":"pt-PT"},{"@type":"Organization","@id":"https:\/\/kinsta.com\/pt\/#organization","name":"Kinsta","url":"https:\/\/kinsta.com\/pt\/","logo":{"@type":"ImageObject","inLanguage":"pt-PT","@id":"https:\/\/kinsta.com\/pt\/#\/schema\/logo\/image\/","url":"https:\/\/kinsta.com\/pt\/wp-content\/uploads\/sites\/3\/2023\/12\/kinsta-logo.jpeg","contentUrl":"https:\/\/kinsta.com\/pt\/wp-content\/uploads\/sites\/3\/2023\/12\/kinsta-logo.jpeg","width":500,"height":500,"caption":"Kinsta"},"image":{"@id":"https:\/\/kinsta.com\/pt\/#\/schema\/logo\/image\/"},"sameAs":["https:\/\/www.facebook.com\/kinstapt\/","https:\/\/x.com\/kinsta_pt","https:\/\/www.instagram.com\/kinstahosting\/","https:\/\/www.linkedin.com\/company\/kinsta\/","https:\/\/www.pinterest.com\/kinstahosting\/","https:\/\/www.youtube.com\/c\/Kinsta"]}]}},"acf":[],"_links":{"self":[{"href":"https:\/\/kinsta.com\/pt\/wp-json\/wp\/v2\/pages\/4579","targetHints":{"allow":["GET"]}}],"collection":[{"href":"https:\/\/kinsta.com\/pt\/wp-json\/wp\/v2\/pages"}],"about":[{"href":"https:\/\/kinsta.com\/pt\/wp-json\/wp\/v2\/types\/page"}],"author":[{"embeddable":true,"href":"https:\/\/kinsta.com\/pt\/wp-json\/wp\/v2\/users\/18"}],"replies":[{"embeddable":true,"href":"https:\/\/kinsta.com\/pt\/wp-json\/wp\/v2\/comments?post=4579"}],"version-history":[{"count":15,"href":"https:\/\/kinsta.com\/pt\/wp-json\/wp\/v2\/pages\/4579\/revisions"}],"predecessor-version":[{"id":70963,"href":"https:\/\/kinsta.com\/pt\/wp-json\/wp\/v2\/pages\/4579\/revisions\/70963"}],"alternate":[{"embeddable":true,"hreflang":"en","title":"English","href":"https:\/\/kinsta.com\/pt\/wp-json\/kinsta\/v1\/posts\/4579\/translations\/en"},{"embeddable":true,"hreflang":"fr","title":"French","href":"https:\/\/kinsta.com\/pt\/wp-json\/kinsta\/v1\/posts\/4579\/translations\/fr"},{"embeddable":true,"hreflang":"it","title":"Italian","href":"https:\/\/kinsta.com\/pt\/wp-json\/kinsta\/v1\/posts\/4579\/translations\/it"},{"embeddable":true,"hreflang":"de","title":"German","href":"https:\/\/kinsta.com\/pt\/wp-json\/kinsta\/v1\/posts\/4579\/translations\/de"},{"embeddable":true,"hreflang":"es","title":"Spanish","href":"https:\/\/kinsta.com\/pt\/wp-json\/kinsta\/v1\/posts\/4579\/translations\/es"},{"embeddable":true,"hreflang":"pt","title":"Portuguese","href":"https:\/\/kinsta.com\/pt\/wp-json\/kinsta\/v1\/posts\/4579\/translations\/pt"},{"embeddable":true,"hreflang":"nl","title":"Dutch","href":"https:\/\/kinsta.com\/pt\/wp-json\/kinsta\/v1\/posts\/4579\/translations\/nl"},{"embeddable":true,"hreflang":"ja","title":"Japanese","href":"https:\/\/kinsta.com\/pt\/wp-json\/kinsta\/v1\/posts\/4579\/translations\/jp"},{"embeddable":true,"hreflang":"da","title":"Danish","href":"https:\/\/kinsta.com\/pt\/wp-json\/kinsta\/v1\/posts\/4579\/translations\/dk"},{"embeddable":true,"hreflang":"sv","title":"Swedish","href":"https:\/\/kinsta.com\/pt\/wp-json\/kinsta\/v1\/posts\/4579\/translations\/se"},{"href":"https:\/\/kinsta.com\/pt\/wp-json\/kinsta\/v1\/posts\/4579\/tree"}],"wp:attachment":[{"href":"https:\/\/kinsta.com\/pt\/wp-json\/wp\/v2\/media?parent=4579"}],"curies":[{"name":"wp","href":"https:\/\/api.w.org\/{rel}","templated":true}]}}