{"id":54162,"date":"2023-11-17T06:24:00","date_gmt":"2023-11-17T09:24:00","guid":{"rendered":"https:\/\/kinsta.com\/pt\/?page_id=54162&#038;preview_id=54162"},"modified":"2023-11-21T14:18:29","modified_gmt":"2023-11-21T17:18:29","slug":"declaracao-de-acessibilidade-web","status":"publish","type":"page","link":"https:\/\/kinsta.com\/pt\/declaracao-de-acessibilidade-web\/","title":{"rendered":"Declara\u00e7\u00e3o de Acessibilidade da Web para Kinsta.com"},"content":{"rendered":"\n<p>A Kinsta est\u00e1 comprometida em fornecer um site, aplicativo m\u00f3vel e outros conte\u00fados digitais acess\u00edveis a todos os clientes, incluindo aqueles com defici\u00eancias.<\/p>\n\n\n\n<p>Adotamos as <a href=\"https:\/\/www.w3.org\/TR\/WCAG21\/\">Diretrizes de Acessibilidade para Conte\u00fado Web (WCAG) 2.1<\/a> N\u00edvel AA como nosso Padr\u00e3o de Acessibilidade e estamos continuamente trabalhando para manter nossas p\u00e1ginas web e aplicativos em conformidade substancial com esse Padr\u00e3o, bem como para fornecer a melhor experi\u00eancia de usu\u00e1rio poss\u00edvel para todos.<\/p>\n\n\n\n<h2 class=\"wp-block-heading\" id=\"h-feedback\">Feedback<\/h2>\n\n\n\n<p>Agradecemos suas perguntas ou preocupa\u00e7\u00f5es sobre a acessibilidade de qualquer um de nossos sites, aplicativos m\u00f3veis ou outros ativos digitais.<\/p>\n\n\n\n<ul class=\"wp-block-list\">\n<li>Por favor, entre em contato: <a target=\"_blank\" href=\"mailto:accessibility@kinsta.com\" rel=\"noreferrer noopener\">accessibility@kinsta.com<\/a> <\/li>\n\n\n\n<li>Endere\u00e7o: Kinsta Inc. 8605 Santa Monica Blvd #92581, West Hollywood, CA 90069<\/li>\n<\/ul>\n\n\n\n<p>Fazemos todo o esfor\u00e7o para responder aos coment\u00e1rios dentro de 5 dias \u00fateis.<\/p>\n","protected":false},"excerpt":{"rendered":"<p>A Kinsta est\u00e1 comprometida em fornecer um site, aplicativo m\u00f3vel e outros conte\u00fados digitais acess\u00edveis a todos os clientes, incluindo aqueles com defici\u00eancias. Adotamos as Diretrizes &#8230;<\/p>\n","protected":false},"author":103,"featured_media":0,"parent":0,"menu_order":0,"comment_status":"closed","ping_status":"closed","template":"","meta":{"_kinsta_gated_content":false,"_kinsta_gated_content_redirect":"","footnotes":""},"class_list":["post-54162","page","type-page","status-publish","hentry"],"yoast_head":"<!-- This site is optimized with the Yoast SEO Premium plugin v24.6 (Yoast SEO v24.6) - https:\/\/yoast.com\/wordpress\/plugins\/seo\/ -->\n<title>Declara\u00e7\u00e3o de Acessibilidade da Web para Kinsta.com - Kinsta\u00ae<\/title>\n<meta name=\"description\" content=\"Saiba mais sobre a nossa Declara\u00e7\u00e3o de Acessibilidade na internet e como estamos comprometidos em fornecer conte\u00fado digital acess\u00edvel para todos os clientes.\" \/>\n<meta name=\"robots\" content=\"index, follow, max-snippet:-1, max-image-preview:large, max-video-preview:-1\" \/>\n<link rel=\"canonical\" href=\"https:\/\/kinsta.com\/pt\/declaracao-de-acessibilidade-web\/\" \/>\n<meta property=\"og:locale\" content=\"pt_PT\" \/>\n<meta property=\"og:type\" content=\"article\" \/>\n<meta property=\"og:title\" content=\"Declara\u00e7\u00e3o de Acessibilidade da Web para Kinsta.com\" \/>\n<meta property=\"og:description\" content=\"Saiba mais sobre a nossa Declara\u00e7\u00e3o de Acessibilidade na internet e como estamos comprometidos em fornecer conte\u00fado digital acess\u00edvel para todos os clientes.\" \/>\n<meta property=\"og:url\" content=\"https:\/\/kinsta.com\/pt\/declaracao-de-acessibilidade-web\/\" \/>\n<meta property=\"og:site_name\" content=\"Kinsta\u00ae\" \/>\n<meta property=\"article:publisher\" content=\"https:\/\/www.facebook.com\/kinstapt\/\" \/>\n<meta property=\"article:modified_time\" content=\"2023-11-21T17:18:29+00:00\" \/>\n<meta property=\"og:image\" content=\"https:\/\/kinsta.com\/pt\/wp-content\/uploads\/sites\/3\/2023\/12\/kinsta-homepage-pt.png\" \/>\n\t<meta property=\"og:image:width\" content=\"1200\" \/>\n\t<meta property=\"og:image:height\" content=\"628\" \/>\n\t<meta property=\"og:image:type\" content=\"image\/png\" \/>\n<meta name=\"twitter:card\" content=\"summary_large_image\" \/>\n<meta name=\"twitter:description\" content=\"Saiba mais sobre a nossa Declara\u00e7\u00e3o de Acessibilidade na internet e como estamos comprometidos em fornecer conte\u00fado digital acess\u00edvel para todos os clientes.\" \/>\n<meta name=\"twitter:image\" content=\"https:\/\/kinsta.com\/pt\/wp-content\/uploads\/sites\/3\/2023\/12\/kinsta-homepage-pt.png\" \/>\n<meta name=\"twitter:site\" content=\"@kinsta_pt\" \/>\n<meta name=\"twitter:label1\" content=\"Tempo estimado de leitura\" \/>\n\t<meta name=\"twitter:data1\" content=\"1 minuto\" \/>\n<script type=\"application\/ld+json\" class=\"yoast-schema-graph\">{\"@context\":\"https:\/\/schema.org\",\"@graph\":[{\"@type\":\"WebPage\",\"@id\":\"https:\/\/kinsta.com\/pt\/declaracao-de-acessibilidade-web\/\",\"url\":\"https:\/\/kinsta.com\/pt\/declaracao-de-acessibilidade-web\/\",\"name\":\"Declara\u00e7\u00e3o de Acessibilidade da Web para Kinsta.com - Kinsta\u00ae\",\"isPartOf\":{\"@id\":\"https:\/\/kinsta.com\/pt\/#website\"},\"datePublished\":\"2023-11-17T09:24:00+00:00\",\"dateModified\":\"2023-11-21T17:18:29+00:00\",\"description\":\"Saiba mais sobre a nossa Declara\u00e7\u00e3o de Acessibilidade na internet e como estamos comprometidos em fornecer conte\u00fado digital acess\u00edvel para todos os clientes.\",\"breadcrumb\":{\"@id\":\"https:\/\/kinsta.com\/pt\/declaracao-de-acessibilidade-web\/#breadcrumb\"},\"inLanguage\":\"pt-PT\",\"potentialAction\":[{\"@type\":\"ReadAction\",\"target\":[\"https:\/\/kinsta.com\/pt\/declaracao-de-acessibilidade-web\/\"]}]},{\"@type\":\"BreadcrumbList\",\"@id\":\"https:\/\/kinsta.com\/pt\/declaracao-de-acessibilidade-web\/#breadcrumb\",\"itemListElement\":[{\"@type\":\"ListItem\",\"position\":1,\"name\":\"Home\",\"item\":\"https:\/\/kinsta.com\/pt\/\"},{\"@type\":\"ListItem\",\"position\":2,\"name\":\"Declara\u00e7\u00e3o de Acessibilidade da Web para Kinsta.com\"}]},{\"@type\":\"WebSite\",\"@id\":\"https:\/\/kinsta.com\/pt\/#website\",\"url\":\"https:\/\/kinsta.com\/pt\/\",\"name\":\"Kinsta\u00ae\",\"description\":\"Solu\u00e7\u00f5es de hospedagem Premium, r\u00e1pida e segura\",\"publisher\":{\"@id\":\"https:\/\/kinsta.com\/pt\/#organization\"},\"potentialAction\":[{\"@type\":\"SearchAction\",\"target\":{\"@type\":\"EntryPoint\",\"urlTemplate\":\"https:\/\/kinsta.com\/pt\/?s={search_term_string}\"},\"query-input\":{\"@type\":\"PropertyValueSpecification\",\"valueRequired\":true,\"valueName\":\"search_term_string\"}}],\"inLanguage\":\"pt-PT\"},{\"@type\":\"Organization\",\"@id\":\"https:\/\/kinsta.com\/pt\/#organization\",\"name\":\"Kinsta\",\"url\":\"https:\/\/kinsta.com\/pt\/\",\"logo\":{\"@type\":\"ImageObject\",\"inLanguage\":\"pt-PT\",\"@id\":\"https:\/\/kinsta.com\/pt\/#\/schema\/logo\/image\/\",\"url\":\"https:\/\/kinsta.com\/pt\/wp-content\/uploads\/sites\/3\/2023\/12\/kinsta-logo.jpeg\",\"contentUrl\":\"https:\/\/kinsta.com\/pt\/wp-content\/uploads\/sites\/3\/2023\/12\/kinsta-logo.jpeg\",\"width\":500,\"height\":500,\"caption\":\"Kinsta\"},\"image\":{\"@id\":\"https:\/\/kinsta.com\/pt\/#\/schema\/logo\/image\/\"},\"sameAs\":[\"https:\/\/www.facebook.com\/kinstapt\/\",\"https:\/\/x.com\/kinsta_pt\",\"https:\/\/www.instagram.com\/kinstahosting\/\",\"https:\/\/www.linkedin.com\/company\/kinsta\/\",\"https:\/\/www.pinterest.com\/kinstahosting\/\",\"https:\/\/www.youtube.com\/c\/Kinsta\"]}]}<\/script>\n<!-- \/ Yoast SEO Premium plugin. -->","yoast_head_json":{"title":"Declara\u00e7\u00e3o de Acessibilidade da Web para Kinsta.com - Kinsta\u00ae","description":"Saiba mais sobre a nossa Declara\u00e7\u00e3o de Acessibilidade na internet e como estamos comprometidos em fornecer conte\u00fado digital acess\u00edvel para todos os clientes.","robots":{"index":"index","follow":"follow","max-snippet":"max-snippet:-1","max-image-preview":"max-image-preview:large","max-video-preview":"max-video-preview:-1"},"canonical":"https:\/\/kinsta.com\/pt\/declaracao-de-acessibilidade-web\/","og_locale":"pt_PT","og_type":"article","og_title":"Declara\u00e7\u00e3o de Acessibilidade da Web para Kinsta.com","og_description":"Saiba mais sobre a nossa Declara\u00e7\u00e3o de Acessibilidade na internet e como estamos comprometidos em fornecer conte\u00fado digital acess\u00edvel para todos os clientes.","og_url":"https:\/\/kinsta.com\/pt\/declaracao-de-acessibilidade-web\/","og_site_name":"Kinsta\u00ae","article_publisher":"https:\/\/www.facebook.com\/kinstapt\/","article_modified_time":"2023-11-21T17:18:29+00:00","og_image":[{"width":1200,"height":628,"url":"https:\/\/kinsta.com\/pt\/wp-content\/uploads\/sites\/3\/2023\/12\/kinsta-homepage-pt.png","type":"image\/png"}],"twitter_card":"summary_large_image","twitter_description":"Saiba mais sobre a nossa Declara\u00e7\u00e3o de Acessibilidade na internet e como estamos comprometidos em fornecer conte\u00fado digital acess\u00edvel para todos os clientes.","twitter_image":"https:\/\/kinsta.com\/pt\/wp-content\/uploads\/sites\/3\/2023\/12\/kinsta-homepage-pt.png","twitter_site":"@kinsta_pt","twitter_misc":{"Tempo estimado de leitura":"1 minuto"},"schema":{"@context":"https:\/\/schema.org","@graph":[{"@type":"WebPage","@id":"https:\/\/kinsta.com\/pt\/declaracao-de-acessibilidade-web\/","url":"https:\/\/kinsta.com\/pt\/declaracao-de-acessibilidade-web\/","name":"Declara\u00e7\u00e3o de Acessibilidade da Web para Kinsta.com - Kinsta\u00ae","isPartOf":{"@id":"https:\/\/kinsta.com\/pt\/#website"},"datePublished":"2023-11-17T09:24:00+00:00","dateModified":"2023-11-21T17:18:29+00:00","description":"Saiba mais sobre a nossa Declara\u00e7\u00e3o de Acessibilidade na internet e como estamos comprometidos em fornecer conte\u00fado digital acess\u00edvel para todos os clientes.","breadcrumb":{"@id":"https:\/\/kinsta.com\/pt\/declaracao-de-acessibilidade-web\/#breadcrumb"},"inLanguage":"pt-PT","potentialAction":[{"@type":"ReadAction","target":["https:\/\/kinsta.com\/pt\/declaracao-de-acessibilidade-web\/"]}]},{"@type":"BreadcrumbList","@id":"https:\/\/kinsta.com\/pt\/declaracao-de-acessibilidade-web\/#breadcrumb","itemListElement":[{"@type":"ListItem","position":1,"name":"Home","item":"https:\/\/kinsta.com\/pt\/"},{"@type":"ListItem","position":2,"name":"Declara\u00e7\u00e3o de Acessibilidade da Web para Kinsta.com"}]},{"@type":"WebSite","@id":"https:\/\/kinsta.com\/pt\/#website","url":"https:\/\/kinsta.com\/pt\/","name":"Kinsta\u00ae","description":"Solu\u00e7\u00f5es de hospedagem Premium, r\u00e1pida e segura","publisher":{"@id":"https:\/\/kinsta.com\/pt\/#organization"},"potentialAction":[{"@type":"SearchAction","target":{"@type":"EntryPoint","urlTemplate":"https:\/\/kinsta.com\/pt\/?s={search_term_string}"},"query-input":{"@type":"PropertyValueSpecification","valueRequired":true,"valueName":"search_term_string"}}],"inLanguage":"pt-PT"},{"@type":"Organization","@id":"https:\/\/kinsta.com\/pt\/#organization","name":"Kinsta","url":"https:\/\/kinsta.com\/pt\/","logo":{"@type":"ImageObject","inLanguage":"pt-PT","@id":"https:\/\/kinsta.com\/pt\/#\/schema\/logo\/image\/","url":"https:\/\/kinsta.com\/pt\/wp-content\/uploads\/sites\/3\/2023\/12\/kinsta-logo.jpeg","contentUrl":"https:\/\/kinsta.com\/pt\/wp-content\/uploads\/sites\/3\/2023\/12\/kinsta-logo.jpeg","width":500,"height":500,"caption":"Kinsta"},"image":{"@id":"https:\/\/kinsta.com\/pt\/#\/schema\/logo\/image\/"},"sameAs":["https:\/\/www.facebook.com\/kinstapt\/","https:\/\/x.com\/kinsta_pt","https:\/\/www.instagram.com\/kinstahosting\/","https:\/\/www.linkedin.com\/company\/kinsta\/","https:\/\/www.pinterest.com\/kinstahosting\/","https:\/\/www.youtube.com\/c\/Kinsta"]}]}},"acf":[],"_links":{"self":[{"href":"https:\/\/kinsta.com\/pt\/wp-json\/wp\/v2\/pages\/54162","targetHints":{"allow":["GET"]}}],"collection":[{"href":"https:\/\/kinsta.com\/pt\/wp-json\/wp\/v2\/pages"}],"about":[{"href":"https:\/\/kinsta.com\/pt\/wp-json\/wp\/v2\/types\/page"}],"author":[{"embeddable":true,"href":"https:\/\/kinsta.com\/pt\/wp-json\/wp\/v2\/users\/103"}],"replies":[{"embeddable":true,"href":"https:\/\/kinsta.com\/pt\/wp-json\/wp\/v2\/comments?post=54162"}],"version-history":[{"count":4,"href":"https:\/\/kinsta.com\/pt\/wp-json\/wp\/v2\/pages\/54162\/revisions"}],"predecessor-version":[{"id":64057,"href":"https:\/\/kinsta.com\/pt\/wp-json\/wp\/v2\/pages\/54162\/revisions\/64057"}],"alternate":[{"embeddable":true,"hreflang":"en","title":"English","href":"https:\/\/kinsta.com\/pt\/wp-json\/kinsta\/v1\/posts\/54162\/translations\/en"},{"embeddable":true,"hreflang":"it","title":"Italian","href":"https:\/\/kinsta.com\/pt\/wp-json\/kinsta\/v1\/posts\/54162\/translations\/it"},{"embeddable":true,"hreflang":"pt","title":"Portuguese","href":"https:\/\/kinsta.com\/pt\/wp-json\/kinsta\/v1\/posts\/54162\/translations\/pt"},{"embeddable":true,"hreflang":"fr","title":"French","href":"https:\/\/kinsta.com\/pt\/wp-json\/kinsta\/v1\/posts\/54162\/translations\/fr"},{"embeddable":true,"hreflang":"de","title":"German","href":"https:\/\/kinsta.com\/pt\/wp-json\/kinsta\/v1\/posts\/54162\/translations\/de"},{"embeddable":true,"hreflang":"ja","title":"Japanese","href":"https:\/\/kinsta.com\/pt\/wp-json\/kinsta\/v1\/posts\/54162\/translations\/jp"},{"embeddable":true,"hreflang":"nl","title":"Dutch","href":"https:\/\/kinsta.com\/pt\/wp-json\/kinsta\/v1\/posts\/54162\/translations\/nl"},{"embeddable":true,"hreflang":"es","title":"Spanish","href":"https:\/\/kinsta.com\/pt\/wp-json\/kinsta\/v1\/posts\/54162\/translations\/es"},{"embeddable":true,"hreflang":"sv","title":"Swedish","href":"https:\/\/kinsta.com\/pt\/wp-json\/kinsta\/v1\/posts\/54162\/translations\/se"},{"embeddable":true,"hreflang":"da","title":"Danish","href":"https:\/\/kinsta.com\/pt\/wp-json\/kinsta\/v1\/posts\/54162\/translations\/dk"},{"href":"https:\/\/kinsta.com\/pt\/wp-json\/kinsta\/v1\/posts\/54162\/tree"}],"wp:attachment":[{"href":"https:\/\/kinsta.com\/pt\/wp-json\/wp\/v2\/media?parent=54162"}],"curies":[{"name":"wp","href":"https:\/\/api.w.org\/{rel}","templated":true}]}}